{"id":263055,"date":"2026-04-15T00:14:40","date_gmt":"2026-04-15T06:14:40","guid":{"rendered":"https:\/\/compuviper.mx\/tienda\/producto\/nzxt-cc-h61fw-01810074844130-gabinete-h6-flow-vidrio-templado-blanco-atx-micro-atx-mini-itx-mid-tower-gamer\/"},"modified":"2026-04-15T00:14:41","modified_gmt":"2026-04-15T06:14:41","slug":"nzxt-cc-h61fw-01810074844130-gabinete-h6-flow-vidrio-templado-blanco-atx-micro-atx-mini-itx-mid-tower-gamer","status":"publish","type":"product","link":"https:\/\/compuviper.mx\/tienda\/producto\/nzxt-cc-h61fw-01810074844130-gabinete-h6-flow-vidrio-templado-blanco-atx-micro-atx-mini-itx-mid-tower-gamer\/","title":{"rendered":"Nzxt Cc-h61fw-01,810074844130 Gabinete  H6 Flow\/ Vidrio Templado\/blanco\/atx, Micro-atx, Mini-itx\/ Mid Tower\/gamer"},"content":{"rendered":"<table class=\"descripcion\">\n<tr>\n<td>Especificaciones principales<\/td>\n<\/tr>\n<tr>\n<td>Soporte de placa base atx, micro-atx, mini-itx<\/td>\n<\/tr>\n<tr>\n<td>Tipo de caja torre mediana<\/td>\n<\/tr>\n<tr>\n<td>Material de la caja acero sgcc, vidrio templado ultratransparente, vidrio<\/td>\n<\/tr>\n<tr>\n<td>Dimensiones templado tintado de color oscuro (solo sku negro)<\/td>\n<\/tr>\n<tr>\n<td>Altura (con pies) 435 mm \/ 17.13 in<\/td>\n<\/tr>\n<tr>\n<td>Anchura 287 mm \/ 11.3 in<\/td>\n<\/tr>\n<tr>\n<td>Profundidad 415 mm \/ 16.34 in<\/td>\n<\/tr>\n<tr>\n<td>Peso 9.4 kg<\/td>\n<\/tr>\n<tr>\n<td>Compatibilidad y espacio libre<\/td>\n<\/tr>\n<tr>\n<td>Altura del refrigerador de procesador 163 mm \/ 6.42 in<\/td>\n<\/tr>\n<tr>\n<td>Longitud de la gr\u00e1fica 365 mm \/ 14.37 in<\/td>\n<\/tr>\n<tr>\n<td>Longitud de la fuente de alimentaci\u00f3n 200 mm \/ 7.87 in<\/td>\n<\/tr>\n<tr>\n<td>Organizaci\u00f3n de los cables 91 mm \/ 3.58 in<\/td>\n<\/tr>\n<tr>\n<td>Radiador superior 30 mm \/ 1.18 in<\/td>\n<\/tr>\n<tr>\n<td>E\/s frontales<\/td>\n<\/tr>\n<tr>\n<td>Usb 3.2 gen 1 de tipo a 2<\/td>\n<\/tr>\n<tr>\n<td>Usb 3.2 gen. 2 de tipo c 1<\/td>\n<\/tr>\n<tr>\n<td>Jack de audio para auriculares 1<\/td>\n<\/tr>\n<tr>\n<td>Ranuras de expansi\u00f3n<\/td>\n<\/tr>\n<tr>\n<td>Est\u00e1ndar 7<\/td>\n<\/tr>\n<tr>\n<td>Verticales 0<\/td>\n<\/tr>\n<tr>\n<td>Bah\u00edas para unidades<\/td>\n<\/tr>\n<tr>\n<td>2.5 2<\/td>\n<\/tr>\n<tr>\n<td>3.5 1<\/td>\n<\/tr>\n<tr>\n<td>Soporte para ventilador<\/td>\n<\/tr>\n<tr>\n<td>Frontal derecho 3 \u00d7 120 mm (3 \u00d7 f120 rgb core incluidos)<\/td>\n<\/tr>\n<tr>\n<td>Superior 3 \u00d7 120 mm\/2 \u00d7 140 mm<\/td>\n<\/tr>\n<tr>\n<td>Inferior 2 \u00d7 140 mm<\/td>\n<\/tr>\n<tr>\n<td>Trasero 1 \u00d7 120 mm<\/td>\n<\/tr>\n<tr>\n<td>Filtros malla de alto rendimiento<\/td>\n<\/tr>\n<tr>\n<td>Soporte para radiador<\/td>\n<\/tr>\n<tr>\n<td>Superior hasta 360 mm<\/td>\n<\/tr>\n<tr>\n<td>Trasero hasta 120 mm<\/td>\n<\/tr>\n<tr>\n<td>Especificaciones del ventilador<\/td>\n<\/tr>\n<tr>\n<td>Modelo ventilador core f120 rgb (versi\u00f3n para caja)<\/td>\n<\/tr>\n<tr>\n<td>Velocidad 1200 \u00b1 120 r. p. m.<\/td>\n<\/tr>\n<tr>\n<td>Flujo de aire 62,18 cfm<\/td>\n<\/tr>\n<tr>\n<td>Presi\u00f3n est\u00e1tica 1,05 mm h2 o<\/td>\n<\/tr>\n<tr>\n<td>Ruido 25,1 dba<\/td>\n<\/tr>\n<tr>\n<td>Conector del ventilador 3 pines<\/td>\n<\/tr>\n<tr>\n<td>Informaci\u00f3n general<\/td>\n<\/tr>\n<tr>\n<td>Garant\u00eda 2 a\u00f1os<\/td>\n<\/tr>\n<tr>\n<td>N\u00famero de modelo cc-h61fw-r1 (blanco) \/ cc-h61fb-r1 (negro)<\/td>\n<\/tr>\n<tr>\n<td>Upc 810074844154 (blanco) \/ 810074844161 (negro)<\/td>\n<\/tr>\n<tr>\n<td>Ean 5056547204062 (blanco) \/ 5056547204079 (negro)<\/td>\n<\/tr>\n<tr>\n<td>Contenido de la caja<\/td>\n<\/tr>\n<tr>\n<td>H6 flow 1<\/td>\n<\/tr>\n<tr>\n<td>Ventilador de flujo de aire f120q 3<\/td>\n<\/tr>\n<tr>\n<td>(versi\u00f3n para caja)<\/td>\n<\/tr>\n<tr>\n<td>Accesorios para la instalaci\u00f3n 1<\/td>\n<\/tr>\n<tr>\n<td>Gu\u00eda del usuario 1<\/td>\n<\/tr>\n<\/table>\n","protected":false},"excerpt":{"rendered":"<p>Experimenta el rendimiento desde una perspectiva nueva. El. Innovador dise\u00f1o compacto de la h6 flow hace hincapi\u00e9 en. La refrigeraci\u00f3n de la gr\u00e1fica con una esquina frontal. Estrat\u00e9gicamente inclinada, de modo que los ventiladores. Dirigen el aire all\u00e1 donde m\u00e1s se necesita.<\/p>\n","protected":false},"featured_media":263056,"comment_status":"open","ping_status":"open","template":"","meta":[],"product_cat":[1674,1676],"product_tag":[1851],"acf":[],"yoast_head":"<!-- This site is optimized with the Yoast SEO plugin v21.7 - https:\/\/yoast.com\/wordpress\/plugins\/seo\/ -->\n<title>[ Nzxt ] &#129351; Cc-h61fw-01,810074844130 Gabinete H6 Flow\/ Vidrio Templado\/blanco\/atx, Micro-atx, Mini-itx\/ Mid Tower\/gamer<\/title>\n<meta name=\"description\" content=\"Compra Cc-h61fw-01,810074844130 Gabinete H6 Flow\/ Vidrio Templado\/blanco\/atx, Micro-atx, Mini-itx\/ Mid Tower\/gamer + Env\u00edo a domicilio + Pago seguro + Garant\u00eda\" \/>\n<meta name=\"robots\" content=\"index, follow, max-snippet:-1, max-image-preview:large, max-video-preview:-1\" \/>\n<link rel=\"canonical\" href=\"https:\/\/compuviper.mx\/tienda\/producto\/nzxt-cc-h61fw-01810074844130-gabinete-h6-flow-vidrio-templado-blanco-atx-micro-atx-mini-itx-mid-tower-gamer\/\" \/>\n<meta property=\"og:locale\" content=\"es_MX\" \/>\n<meta property=\"og:type\" content=\"article\" \/>\n<meta property=\"og:title\" content=\"[ Nzxt ] &#129351; Cc-h61fw-01,810074844130 Gabinete H6 Flow\/ Vidrio Templado\/blanco\/atx, Micro-atx, Mini-itx\/ Mid Tower\/gamer\" \/>\n<meta property=\"og:description\" content=\"Compra Cc-h61fw-01,810074844130 Gabinete H6 Flow\/ Vidrio Templado\/blanco\/atx, Micro-atx, Mini-itx\/ Mid Tower\/gamer + Env\u00edo a domicilio + Pago seguro + Garant\u00eda\" \/>\n<meta property=\"og:url\" content=\"https:\/\/compuviper.mx\/tienda\/producto\/nzxt-cc-h61fw-01810074844130-gabinete-h6-flow-vidrio-templado-blanco-atx-micro-atx-mini-itx-mid-tower-gamer\/\" \/>\n<meta property=\"og:site_name\" content=\"Compuviper\" \/>\n<meta property=\"article:publisher\" content=\"https:\/\/www.facebook.com\/compuviper\" \/>\n<meta property=\"article:modified_time\" content=\"2026-04-15T06:14:41+00:00\" \/>\n<meta property=\"og:image\" content=\"https:\/\/compuviper.mx\/tienda\/wp-content\/uploads\/2025\/11\/Gabinete-nzxt-h6-flow-vidrio-templadoblancoatx-micro-atx-mini-itx-mid-towergamer.jpg\" \/>\n\t<meta property=\"og:image:width\" content=\"200\" \/>\n\t<meta property=\"og:image:height\" content=\"200\" \/>\n\t<meta property=\"og:image:type\" content=\"image\/jpeg\" \/>\n<meta name=\"twitter:card\" content=\"summary_large_image\" \/>\n<meta name=\"twitter:label1\" content=\"Precio\" \/>\n\t<meta name=\"twitter:data1\" content=\"&#36;2,219 con IVA\" \/>\n\t<meta name=\"twitter:label2\" content=\"Availability\" \/>\n\t<meta name=\"twitter:data2\" content=\"In stock\" \/>\n<script type=\"application\/ld+json\" class=\"yoast-schema-graph\">{\"@context\":\"https:\/\/schema.org\",\"@graph\":[{\"@type\":\"WebPage\",\"@id\":\"https:\/\/compuviper.mx\/tienda\/producto\/nzxt-cc-h61fw-01810074844130-gabinete-h6-flow-vidrio-templado-blanco-atx-micro-atx-mini-itx-mid-tower-gamer\/\",\"url\":\"https:\/\/compuviper.mx\/tienda\/producto\/nzxt-cc-h61fw-01810074844130-gabinete-h6-flow-vidrio-templado-blanco-atx-micro-atx-mini-itx-mid-tower-gamer\/\",\"name\":\"[ Nzxt ] &#129351; Cc-h61fw-01,810074844130 Gabinete H6 Flow\/ Vidrio Templado\/blanco\/atx, Micro-atx, Mini-itx\/ Mid Tower\/gamer\",\"isPartOf\":{\"@id\":\"https:\/\/compuviper.mx\/tienda\/#website\"},\"datePublished\":\"2026-04-15T06:14:40+00:00\",\"dateModified\":\"2026-04-15T06:14:41+00:00\",\"description\":\"Compra Cc-h61fw-01,810074844130 Gabinete H6 Flow\/ Vidrio Templado\/blanco\/atx, Micro-atx, Mini-itx\/ Mid Tower\/gamer + Env\u00edo a domicilio + Pago seguro + Garant\u00eda\",\"breadcrumb\":{\"@id\":\"https:\/\/compuviper.mx\/tienda\/producto\/nzxt-cc-h61fw-01810074844130-gabinete-h6-flow-vidrio-templado-blanco-atx-micro-atx-mini-itx-mid-tower-gamer\/#breadcrumb\"},\"inLanguage\":\"es-MX\",\"potentialAction\":[{\"@type\":\"ReadAction\",\"target\":[\"https:\/\/compuviper.mx\/tienda\/producto\/nzxt-cc-h61fw-01810074844130-gabinete-h6-flow-vidrio-templado-blanco-atx-micro-atx-mini-itx-mid-tower-gamer\/\"]}]},{\"@type\":\"BreadcrumbList\",\"@id\":\"https:\/\/compuviper.mx\/tienda\/producto\/nzxt-cc-h61fw-01810074844130-gabinete-h6-flow-vidrio-templado-blanco-atx-micro-atx-mini-itx-mid-tower-gamer\/#breadcrumb\",\"itemListElement\":[{\"@type\":\"ListItem\",\"position\":1,\"name\":\"Inicio\",\"item\":\"https:\/\/compuviper.mx\/tienda\/\"},{\"@type\":\"ListItem\",\"position\":2,\"name\":\"Productos\",\"item\":\"https:\/\/compuviper.mx\/tienda\/productos\/\"},{\"@type\":\"ListItem\",\"position\":3,\"name\":\"Gabinetes\",\"item\":\"https:\/\/compuviper.mx\/tienda\/categoria-producto\/gabinetes\/\"},{\"@type\":\"ListItem\",\"position\":4,\"name\":\"Media Torre\",\"item\":\"https:\/\/compuviper.mx\/tienda\/categoria-producto\/gabinetes\/media-torre\/\"},{\"@type\":\"ListItem\",\"position\":5,\"name\":\"Nzxt Cc-h61fw-01,810074844130 Gabinete H6 Flow\/ Vidrio Templado\/blanco\/atx, Micro-atx, Mini-itx\/ Mid Tower\/gamer\"}]},{\"@type\":\"WebSite\",\"@id\":\"https:\/\/compuviper.mx\/tienda\/#website\",\"url\":\"https:\/\/compuviper.mx\/tienda\/\",\"name\":\"Compuviper\",\"description\":\"Proveedor de Computadoras, Laptops, Servidores, Monitores, Puntos de Venta, Teclados,   Impresoras, T\u00f3ner, C\u00e1maras de Seguridad y m\u00e1s en tu tienda en l\u00ednea\",\"publisher\":{\"@id\":\"https:\/\/compuviper.mx\/tienda\/#organization\"},\"potentialAction\":[{\"@type\":\"SearchAction\",\"target\":{\"@type\":\"EntryPoint\",\"urlTemplate\":\"https:\/\/compuviper.mx\/tienda\/?s={search_term_string}\"},\"query-input\":\"required name=search_term_string\"}],\"inLanguage\":\"es-MX\"},{\"@type\":\"Organization\",\"@id\":\"https:\/\/compuviper.mx\/tienda\/#organization\",\"name\":\"Compuviper\",\"url\":\"https:\/\/compuviper.mx\/tienda\/\",\"logo\":{\"@type\":\"ImageObject\",\"inLanguage\":\"es-MX\",\"@id\":\"https:\/\/compuviper.mx\/tienda\/#\/schema\/logo\/image\/\",\"url\":\"https:\/\/compuviper.mx\/tienda\/wp-content\/uploads\/2021\/08\/Logo-Compuviper-10.png\",\"contentUrl\":\"https:\/\/compuviper.mx\/tienda\/wp-content\/uploads\/2021\/08\/Logo-Compuviper-10.png\",\"width\":1000,\"height\":500,\"caption\":\"Compuviper\"},\"image\":{\"@id\":\"https:\/\/compuviper.mx\/tienda\/#\/schema\/logo\/image\/\"},\"sameAs\":[\"https:\/\/www.facebook.com\/compuviper\",\"https:\/\/www.youtube.com\/channel\/UCf73dERp9Y3cfOq7q8BhLjA?view_as=subscriber\"]}]}<\/script>\n<meta property=\"product:brand\" content=\"NZXT\" \/>\n<meta property=\"product:price:amount\" content=\"2219\" \/>\n<meta property=\"product:price:currency\" content=\"MXN\" \/>\n<meta property=\"og:availability\" content=\"instock\" \/>\n<meta property=\"product:availability\" content=\"instock\" \/>\n<meta property=\"product:retailer_item_id\" content=\"CC-H61FW-01,810074844130\" \/>\n<meta property=\"product:condition\" content=\"new\" \/>\n<!-- \/ Yoast SEO plugin. -->","yoast_head_json":{"title":"[ Nzxt ] &#129351; Cc-h61fw-01,810074844130 Gabinete H6 Flow\/ Vidrio Templado\/blanco\/atx, Micro-atx, Mini-itx\/ Mid Tower\/gamer","description":"Compra Cc-h61fw-01,810074844130 Gabinete H6 Flow\/ Vidrio Templado\/blanco\/atx, Micro-atx, Mini-itx\/ Mid Tower\/gamer + Env\u00edo a domicilio + Pago seguro + Garant\u00eda","robots":{"index":"index","follow":"follow","max-snippet":"max-snippet:-1","max-image-preview":"max-image-preview:large","max-video-preview":"max-video-preview:-1"},"canonical":"https:\/\/compuviper.mx\/tienda\/producto\/nzxt-cc-h61fw-01810074844130-gabinete-h6-flow-vidrio-templado-blanco-atx-micro-atx-mini-itx-mid-tower-gamer\/","og_locale":"es_MX","og_type":"article","og_title":"[ Nzxt ] &#129351; Cc-h61fw-01,810074844130 Gabinete H6 Flow\/ Vidrio Templado\/blanco\/atx, Micro-atx, Mini-itx\/ Mid Tower\/gamer","og_description":"Compra Cc-h61fw-01,810074844130 Gabinete H6 Flow\/ Vidrio Templado\/blanco\/atx, Micro-atx, Mini-itx\/ Mid Tower\/gamer + Env\u00edo a domicilio + Pago seguro + Garant\u00eda","og_url":"https:\/\/compuviper.mx\/tienda\/producto\/nzxt-cc-h61fw-01810074844130-gabinete-h6-flow-vidrio-templado-blanco-atx-micro-atx-mini-itx-mid-tower-gamer\/","og_site_name":"Compuviper","article_publisher":"https:\/\/www.facebook.com\/compuviper","article_modified_time":"2026-04-15T06:14:41+00:00","og_image":[{"width":200,"height":200,"url":"https:\/\/compuviper.mx\/tienda\/wp-content\/uploads\/2025\/11\/Gabinete-nzxt-h6-flow-vidrio-templadoblancoatx-micro-atx-mini-itx-mid-towergamer.jpg","type":"image\/jpeg"}],"twitter_card":"summary_large_image","twitter_misc":{"Precio":"&#36;2,219 con IVA","Availability":"In stock"},"schema":{"@context":"https:\/\/schema.org","@graph":[{"@type":"WebPage","@id":"https:\/\/compuviper.mx\/tienda\/producto\/nzxt-cc-h61fw-01810074844130-gabinete-h6-flow-vidrio-templado-blanco-atx-micro-atx-mini-itx-mid-tower-gamer\/","url":"https:\/\/compuviper.mx\/tienda\/producto\/nzxt-cc-h61fw-01810074844130-gabinete-h6-flow-vidrio-templado-blanco-atx-micro-atx-mini-itx-mid-tower-gamer\/","name":"[ Nzxt ] &#129351; Cc-h61fw-01,810074844130 Gabinete H6 Flow\/ Vidrio Templado\/blanco\/atx, Micro-atx, Mini-itx\/ Mid Tower\/gamer","isPartOf":{"@id":"https:\/\/compuviper.mx\/tienda\/#website"},"datePublished":"2026-04-15T06:14:40+00:00","dateModified":"2026-04-15T06:14:41+00:00","description":"Compra Cc-h61fw-01,810074844130 Gabinete H6 Flow\/ Vidrio Templado\/blanco\/atx, Micro-atx, Mini-itx\/ Mid Tower\/gamer + Env\u00edo a domicilio + Pago seguro + Garant\u00eda","breadcrumb":{"@id":"https:\/\/compuviper.mx\/tienda\/producto\/nzxt-cc-h61fw-01810074844130-gabinete-h6-flow-vidrio-templado-blanco-atx-micro-atx-mini-itx-mid-tower-gamer\/#breadcrumb"},"inLanguage":"es-MX","potentialAction":[{"@type":"ReadAction","target":["https:\/\/compuviper.mx\/tienda\/producto\/nzxt-cc-h61fw-01810074844130-gabinete-h6-flow-vidrio-templado-blanco-atx-micro-atx-mini-itx-mid-tower-gamer\/"]}]},{"@type":"BreadcrumbList","@id":"https:\/\/compuviper.mx\/tienda\/producto\/nzxt-cc-h61fw-01810074844130-gabinete-h6-flow-vidrio-templado-blanco-atx-micro-atx-mini-itx-mid-tower-gamer\/#breadcrumb","itemListElement":[{"@type":"ListItem","position":1,"name":"Inicio","item":"https:\/\/compuviper.mx\/tienda\/"},{"@type":"ListItem","position":2,"name":"Productos","item":"https:\/\/compuviper.mx\/tienda\/productos\/"},{"@type":"ListItem","position":3,"name":"Gabinetes","item":"https:\/\/compuviper.mx\/tienda\/categoria-producto\/gabinetes\/"},{"@type":"ListItem","position":4,"name":"Media Torre","item":"https:\/\/compuviper.mx\/tienda\/categoria-producto\/gabinetes\/media-torre\/"},{"@type":"ListItem","position":5,"name":"Nzxt Cc-h61fw-01,810074844130 Gabinete H6 Flow\/ Vidrio Templado\/blanco\/atx, Micro-atx, Mini-itx\/ Mid Tower\/gamer"}]},{"@type":"WebSite","@id":"https:\/\/compuviper.mx\/tienda\/#website","url":"https:\/\/compuviper.mx\/tienda\/","name":"Compuviper","description":"Proveedor de Computadoras, Laptops, Servidores, Monitores, Puntos de Venta, Teclados,   Impresoras, T\u00f3ner, C\u00e1maras de Seguridad y m\u00e1s en tu tienda en l\u00ednea","publisher":{"@id":"https:\/\/compuviper.mx\/tienda\/#organization"},"potentialAction":[{"@type":"SearchAction","target":{"@type":"EntryPoint","urlTemplate":"https:\/\/compuviper.mx\/tienda\/?s={search_term_string}"},"query-input":"required name=search_term_string"}],"inLanguage":"es-MX"},{"@type":"Organization","@id":"https:\/\/compuviper.mx\/tienda\/#organization","name":"Compuviper","url":"https:\/\/compuviper.mx\/tienda\/","logo":{"@type":"ImageObject","inLanguage":"es-MX","@id":"https:\/\/compuviper.mx\/tienda\/#\/schema\/logo\/image\/","url":"https:\/\/compuviper.mx\/tienda\/wp-content\/uploads\/2021\/08\/Logo-Compuviper-10.png","contentUrl":"https:\/\/compuviper.mx\/tienda\/wp-content\/uploads\/2021\/08\/Logo-Compuviper-10.png","width":1000,"height":500,"caption":"Compuviper"},"image":{"@id":"https:\/\/compuviper.mx\/tienda\/#\/schema\/logo\/image\/"},"sameAs":["https:\/\/www.facebook.com\/compuviper","https:\/\/www.youtube.com\/channel\/UCf73dERp9Y3cfOq7q8BhLjA?view_as=subscriber"]}]},"product_brand":"NZXT","product_price_amount":"2219","product_price_currency":"MXN","og_availability":"instock","product_availability":"instock","product_retailer_item_id":"CC-H61FW-01,810074844130","product_condition":"new"},"_links":{"self":[{"href":"https:\/\/compuviper.mx\/tienda\/wp-json\/wp\/v2\/product\/263055"}],"collection":[{"href":"https:\/\/compuviper.mx\/tienda\/wp-json\/wp\/v2\/product"}],"about":[{"href":"https:\/\/compuviper.mx\/tienda\/wp-json\/wp\/v2\/types\/product"}],"replies":[{"embeddable":true,"href":"https:\/\/compuviper.mx\/tienda\/wp-json\/wp\/v2\/comments?post=263055"}],"wp:featuredmedia":[{"embeddable":true,"href":"https:\/\/compuviper.mx\/tienda\/wp-json\/wp\/v2\/media\/263056"}],"wp:attachment":[{"href":"https:\/\/compuviper.mx\/tienda\/wp-json\/wp\/v2\/media?parent=263055"}],"wp:term":[{"taxonomy":"product_cat","embeddable":true,"href":"https:\/\/compuviper.mx\/tienda\/wp-json\/wp\/v2\/product_cat?post=263055"},{"taxonomy":"product_tag","embeddable":true,"href":"https:\/\/compuviper.mx\/tienda\/wp-json\/wp\/v2\/product_tag?post=263055"}],"curies":[{"name":"wp","href":"https:\/\/api.w.org\/{rel}","templated":true}]}}