{"id":263001,"date":"2026-04-02T01:18:41","date_gmt":"2026-04-02T07:18:41","guid":{"rendered":"https:\/\/compuviper.mx\/tienda\/producto\/lenovo-21sb000flm-thinkpad-l16-gen-2-core-ultra-7-255h-2-0ghz-32gb1616-ddr5-5600-1tb-ssd-m-2-graficos-integrados-windows-11-pro-3-yr-garantia-premier-support\/"},"modified":"2026-04-02T01:18:41","modified_gmt":"2026-04-02T07:18:41","slug":"lenovo-21sb000flm-laptop-thinkpad-l16-gen-2-core-ultra-7-255h-5-1ghz-32gb-ddr5-2x16gb-1tb-ssd-16-wuxga-1920x1200-win-11-pro-3yr-premier-support","status":"publish","type":"product","link":"https:\/\/compuviper.mx\/tienda\/producto\/lenovo-21sb000flm-laptop-thinkpad-l16-gen-2-core-ultra-7-255h-5-1ghz-32gb-ddr5-2x16gb-1tb-ssd-16-wuxga-1920x1200-win-11-pro-3yr-premier-support\/","title":{"rendered":"Lenovo 21sb000flm Laptop  Thinkpad L16 Gen 2 \/ Core Ultra 7 255h 5.1ghz \/ 32gb Ddr5 (2x16gb) \/ 1tb Ssd \/ 16 Wuxga (1920&#215;1200) \/ Win 11 Pro \/ 3yr Premier Support"},"content":{"rendered":"<table class=\"descripcion\">\n<tr>\n<td>Performance<\/td>\n<\/tr>\n<tr>\n<td>Processor<\/td>\n<\/tr>\n<tr>\n<td>Intel core ultra 7 255h, 12c (2p + 8e + 2lpe) \/ 14t, max turbo up to<\/td>\n<\/tr>\n<tr>\n<td>4.4ghz, 24mba<\/td>\n<\/tr>\n<tr>\n<td>Ai pc category<\/td>\n<\/tr>\n<tr>\n<td>Ai pc[1]<\/td>\n<\/tr>\n<tr>\n<td>Npu<\/td>\n<\/tr>\n<tr>\n<td>Integrated intel ai boost, up to 12 tops<\/td>\n<\/tr>\n<tr>\n<td>Graphics<\/td>\n<\/tr>\n<tr>\n<td>Integrated intel graphics<\/td>\n<\/tr>\n<tr>\n<td>Chipset<\/td>\n<\/tr>\n<tr>\n<td>Intel soc platform<\/td>\n<\/tr>\n<tr>\n<td>Memory<\/td>\n<\/tr>\n<tr>\n<td>32gb so-dimm ddr5-5600<\/td>\n<\/tr>\n<tr>\n<td>Memory slots<\/td>\n<\/tr>\n<tr>\n<td>Two ddr5 so-dimm slots, dual-channel capable<\/td>\n<\/tr>\n<tr>\n<td>Max memory[2]<\/td>\n<\/tr>\n<tr>\n<td>Up to 64gb ddr5-5600<\/td>\n<\/tr>\n<tr>\n<td>Storage<\/td>\n<\/tr>\n<tr>\n<td>1tb ssd m.2 2280 pcie 4.0&#215;4 nvme opal 2.0<\/td>\n<\/tr>\n<tr>\n<td>Storage slot<\/td>\n<\/tr>\n<tr>\n<td>One m.2 2280 pcie 4.0 x4 slot<\/td>\n<\/tr>\n<tr>\n<td>Max storage support[3]<\/td>\n<\/tr>\n<tr>\n<td>One drive, up to 2tb m.2 2280 ssd<\/td>\n<\/tr>\n<tr>\n<td>Card reader<\/td>\n<\/tr>\n<tr>\n<td>None<\/td>\n<\/tr>\n<tr>\n<td>Audio chip<\/td>\n<\/tr>\n<tr>\n<td>High definition (hd) audio, senary sn6147 codec<\/td>\n<\/tr>\n<tr>\n<td>Speakers<\/td>\n<\/tr>\n<tr>\n<td>Stereo speakers, 2w x2, optimized with dolby atmos<\/td>\n<\/tr>\n<tr>\n<td>Microphone<\/td>\n<\/tr>\n<tr>\n<td>2x, array<\/td>\n<\/tr>\n<tr>\n<td>Camera<\/td>\n<\/tr>\n<tr>\n<td>Hd 720p with privacy shutter<\/td>\n<\/tr>\n<tr>\n<td>Battery<\/td>\n<\/tr>\n<tr>\n<td>57wh<\/td>\n<\/tr>\n<tr>\n<td>Power adapter<\/td>\n<\/tr>\n<tr>\n<td>65w usb-c (2-pin)<\/td>\n<\/tr>\n<tr>\n<td>Design<\/td>\n<\/tr>\n<tr>\n<td>Display<\/td>\n<\/tr>\n<tr>\n<td>16 wuxga (1920&#215;1200) ips 400nits anti-glare, 45% ntsc, 60hz[4]<\/td>\n<\/tr>\n<tr>\n<td>Touchscreen<\/td>\n<\/tr>\n<tr>\n<td>None<\/td>\n<\/tr>\n<tr>\n<td>Screen-to-body ratio<\/td>\n<\/tr>\n<tr>\n<td>87%<\/td>\n<\/tr>\n<tr>\n<td>Pen<\/td>\n<\/tr>\n<tr>\n<td>Pen not supported<\/td>\n<\/tr>\n<tr>\n<td>Keyboard<\/td>\n<\/tr>\n<tr>\n<td>Non-backlit, spanish (la)<\/td>\n<\/tr>\n<tr>\n<td>Dimensions (wxdxh)[5]<\/td>\n<\/tr>\n<tr>\n<td>357.2 x 253.4 x 10.96\/19.67 (front\/rear), 24.75(maximum) mm; 14.06<\/td>\n<\/tr>\n<tr>\n<td>X 9.98 x 0.43\/0.77 (front\/rear), 0.97 (maximum) inches<\/td>\n<\/tr>\n<tr>\n<td>Weight[6]<\/td>\n<\/tr>\n<tr>\n<td>Starting at 1.79 kg (3.96 lbs)<\/td>\n<\/tr>\n<tr>\n<td>Case color<\/td>\n<\/tr>\n<tr>\n<td>Black<\/td>\n<\/tr>\n<tr>\n<td>Case material<\/td>\n<\/tr>\n<tr>\n<td>Pc-abs (top), pc-abs (bottom)<\/td>\n<\/tr>\n<tr>\n<td>Software<\/td>\n<\/tr>\n<tr>\n<td>Operating system<\/td>\n<\/tr>\n<tr>\n<td>Windows 11 pro, spanish \/ mexican spanish \/ english<\/td>\n<\/tr>\n<tr>\n<td>Bundled software<\/td>\n<\/tr>\n<tr>\n<td>None<\/td>\n<\/tr>\n<tr>\n<td>Connectivity<\/td>\n<\/tr>\n<tr>\n<td>Wlan + bluetooth<\/td>\n<\/tr>\n<tr>\n<td>Intel wi-fi 6e ax211, 802.11ax 2&#215;2 + bt5.3[7]<\/td>\n<\/tr>\n<tr>\n<td>Wwan<\/td>\n<\/tr>\n<tr>\n<td>Non-wwan<\/td>\n<\/tr>\n<tr>\n<td>Sim card<\/td>\n<\/tr>\n<tr>\n<td>None<\/td>\n<\/tr>\n<tr>\n<td>Ethernet<\/td>\n<\/tr>\n<tr>\n<td>100\/1000m (rj-45)<\/td>\n<\/tr>\n<tr>\n<td>Nfc<\/td>\n<\/tr>\n<tr>\n<td>None<\/td>\n<\/tr>\n<tr>\n<td>Standard ports<\/td>\n<\/tr>\n<tr>\n<td> and #9679; 1x usb-a (hi-speed usb \/ usb 2.0)<\/td>\n<\/tr>\n<tr>\n<td> and #9679; 1x usb-a (usb 5gbps \/ usb 3.2 gen 1)<\/td>\n<\/tr>\n<tr>\n<td> and #9679; 1x usb-a (usb 5gbps \/ usb 3.2 gen 1), always on<\/td>\n<\/tr>\n<tr>\n<td> and #9679; 2x usb-c (thunderbolt 4 \/ usb4 40gbps), with usb pd 3.1 and<\/td>\n<\/tr>\n<tr>\n<td>Displayport 2.1<\/td>\n<\/tr>\n<tr>\n<td> and #9679; 1x hdmi 2.1, up to 4k\/60hz<\/td>\n<\/tr>\n<tr>\n<td> and #9679; 1x headphone \/ microphone combo jack (3.5mm)<\/td>\n<\/tr>\n<tr>\n<td> and #9679; 1x ethernet (rj-45)<\/td>\n<\/tr>\n<tr>\n<td>Optional ports (configured)<\/td>\n<\/tr>\n<tr>\n<td>None<\/td>\n<\/tr>\n<tr>\n<td>Docking<\/td>\n<\/tr>\n<tr>\n<td>Various docking solutions supported via thunderbolt or usb-c.<\/td>\n<\/tr>\n<tr>\n<td>For more compatible docking solutions, please visit docking for<\/td>\n<\/tr>\n<tr>\n<td>Thinkpad l16 gen 2 (intel)<\/td>\n<\/tr>\n<tr>\n<td>Security  and  privacy<\/td>\n<\/tr>\n<tr>\n<td>Thinkshield<\/td>\n<\/tr>\n<tr>\n<td>Psref<\/td>\n<\/tr>\n<tr>\n<td>Product specifications<\/td>\n<\/tr>\n<tr>\n<td>Reference<\/td>\n<\/tr>\n<tr>\n<td>Thinkshield is a comprehensive security solution that encompasses<\/td>\n<\/tr>\n<tr>\n<td>Hardware, software, and supply chain components. for more detials,<\/td>\n<\/tr>\n<tr>\n<td>Visit here<\/td>\n<\/tr>\n<tr>\n<td>Security chip<\/td>\n<\/tr>\n<tr>\n<td>Discrete tpm 2.0 enabled<\/td>\n<\/tr>\n<tr>\n<td>Physical locks<\/td>\n<\/tr>\n<tr>\n<td>Kensington nano security slot, 2.5 x 6 mm<\/td>\n<\/tr>\n<tr>\n<td>Smart card reader<\/td>\n<\/tr>\n<tr>\n<td>None<\/td>\n<\/tr>\n<tr>\n<td>Fingerprint reader<\/td>\n<\/tr>\n<tr>\n<td>Touch style, match-on-chip, integrated in power button<\/td>\n<\/tr>\n<tr>\n<td>Other security<\/td>\n<\/tr>\n<tr>\n<td> and #9679; camera privacy shutter<\/td>\n<\/tr>\n<tr>\n<td> and #9679; privacy guard with privacy alert (software solution)<\/td>\n<\/tr>\n<tr>\n<td>Manageability<\/td>\n<\/tr>\n<tr>\n<td>System management<\/td>\n<\/tr>\n<tr>\n<td>Non-vpro<\/td>\n<\/tr>\n<tr>\n<td>Service<\/td>\n<\/tr>\n<tr>\n<td>Base warranty<\/td>\n<\/tr>\n<tr>\n<td>1-year, courier or carry-in<\/td>\n<\/tr>\n<tr>\n<td>Included upgrade<\/td>\n<\/tr>\n<tr>\n<td>3y premier nbd upgrade from 1y courier\/carry-in promo lsi (cpn)<\/td>\n<\/tr>\n<tr>\n<td>Accessories<\/td>\n<\/tr>\n<tr>\n<td>Certifications<\/td>\n<\/tr>\n<tr>\n<td>Green certifications<\/td>\n<\/tr>\n<tr>\n<td> and #9679; energy star 9.0<\/td>\n<\/tr>\n<tr>\n<td> and #9679; epeat gold registered<\/td>\n<\/tr>\n<tr>\n<td>[8]<\/td>\n<\/tr>\n<tr>\n<td> and #9679; erp lot 6\/26<\/td>\n<\/tr>\n<tr>\n<td> and #9679; rohs compliant<\/td>\n<\/tr>\n<tr>\n<td> and #9679; tco certified, generation 10<\/td>\n<\/tr>\n<tr>\n<td>Mil-spec test<\/td>\n<\/tr>\n<tr>\n<td>Mil-std-810h military test passed<\/td>\n<\/tr>\n<tr>\n<td>Other certifications<\/td>\n<\/tr>\n<tr>\n<td>&#8211;<\/td>\n<\/tr>\n<tr>\n<td>Model<\/td>\n<\/tr>\n<tr>\n<td>Topseller: no ean \/ upc \/ jan: 198158774192<\/td>\n<\/tr>\n<tr>\n<td>Announce date: 2025-05-20 end of support : 2031-12-20<\/td>\n<\/tr>\n<tr>\n<td>\u00b7 lenovo reserves the right to change specifications without notice.<\/td>\n<\/tr>\n<tr>\n<td>To see more note information, please access the web page.<\/td>\n<\/tr>\n<tr>\n<td>Thinkpad l16 gen 2 (intel) 21sb000flm<\/td>\n<\/tr>\n<tr>\n<td>Premier support &#8211; a direct 24x7x365 line to our most elite technicians.<\/td>\n<\/tr>\n<tr>\n<td>Advanced technical support,<\/td>\n<\/tr>\n<tr>\n<td>24x7x365, in more than 100 markets<\/td>\n<\/tr>\n<tr>\n<td>Comprehensive hardware  and  oem<\/td>\n<\/tr>\n<tr>\n<td>Software support<\/td>\n<\/tr>\n<tr>\n<td>Single point of contact for simplified<\/td>\n<\/tr>\n<tr>\n<td>End-to-end case management<\/td>\n<\/tr>\n<tr>\n<td>Technical account managers for<\/td>\n<\/tr>\n<tr>\n<td>Proactive relationship and escalation<\/td>\n<\/tr>\n<tr>\n<td>Management<\/td>\n<\/tr>\n<tr>\n<td>Priority on service delivery and repair<\/td>\n<\/tr>\n<tr>\n<td>Parts<\/td>\n<\/tr>\n<tr>\n<td>Lenovo service connect portal for<\/td>\n<\/tr>\n<tr>\n<td>Customized reporting and product<\/td>\n<\/tr>\n<tr>\n<td>Support<\/td>\n<\/tr>\n<tr>\n<td>Accidental damage protection &#8211; protection of your pc from the unexpected.<\/td>\n<\/tr>\n<tr>\n<td>Experience shows that a significant portion of devices may be damaged (and not covered under warranty)<\/td>\n<\/tr>\n<tr>\n<td>In the first three years. lenovos accidental damage protection service covers accidents beyond the<\/td>\n<\/tr>\n<tr>\n<td>System warranty such as drops, spills, bumps and even electrical surges. make sure your new device has<\/td>\n<\/tr>\n<tr>\n<td>Maximum protection, avoid unplanned costs and get peace of mind.<\/td>\n<\/tr>\n<tr>\n<td>Base warranty &#8211; included with the systems you purchase, default 1- or 3-year<\/td>\n<\/tr>\n<tr>\n<td>Coverage window.<\/td>\n<\/tr>\n<tr>\n<td>Warranty extensions  and  upgrades &#8211; service and protection thats right for your<\/td>\n<\/tr>\n<tr>\n<td>Circumstances.<\/td>\n<\/tr>\n<tr>\n<td>\u0095 pick up  and  return courier<\/td>\n<\/tr>\n<tr>\n<td>\u0095 onsite support<\/td>\n<\/tr>\n<tr>\n<td>\u0095 technician installed customer<\/td>\n<\/tr>\n<tr>\n<td>\u0095 replaceable unit service<\/td>\n<\/tr>\n<tr>\n<td>\u0095 international warranty upgrade<\/td>\n<\/tr>\n<tr>\n<td>Lenovo may not offer the products, services or features discussed in this document in all regions. lenovo may withdraw an offering at any time.<\/td>\n<\/tr>\n<tr>\n<td>Information is subject to change without notice. consult your local representative for information on offerings available in your area. lenovo<\/td>\n<\/tr>\n<tr>\n<td>Reserves the right to change specifications or other product information without notice. lenovo is not responsible for photographic or<\/td>\n<\/tr>\n<tr>\n<td>Typographical errors. lenovo provides this publication as is without warranty of any kind, either express or implied, including the implied<\/td>\n<\/tr>\n<tr>\n<td>Warranties of merchantability or fitness for a particular purpose.<\/td>\n<\/tr>\n<tr>\n<td>Best<\/td>\n<\/tr>\n<tr>\n<td>5y premier support plus upgrade from 3y<\/td>\n<\/tr>\n<tr>\n<td>Onsite cpn (5ws1l39554)<\/td>\n<\/tr>\n<tr>\n<td>Better<\/td>\n<\/tr>\n<tr>\n<td>3y premier support plus upgrade from 3y<\/td>\n<\/tr>\n<tr>\n<td>Onsite (5ws1l39239)<\/td>\n<\/tr>\n<tr>\n<td>Good<\/td>\n<\/tr>\n<tr>\n<td>3y premier support upgrade from 3y onsite<\/td>\n<\/tr>\n<tr>\n<td>(5ws0u26641)<\/td>\n<\/tr>\n<\/table>\n","protected":false},"excerpt":{"rendered":"<p>Centro de productividad empresarial. Lenovo thinkpad l16 2da gen (16\u0094 intel)<\/p>\n","protected":false},"featured_media":0,"comment_status":"open","ping_status":"open","template":"","meta":[],"product_cat":[1886,1887],"product_tag":[1578],"acf":[],"yoast_head":"<!-- This site is optimized with the Yoast SEO plugin v21.7 - https:\/\/yoast.com\/wordpress\/plugins\/seo\/ -->\n<title>[ Lenovo ] &#129351; 21sb000flm Laptop Thinkpad L16 Gen 2 \/ Core Ultra 7 255h 5.1ghz \/ 32gb Ddr5 (2x16gb) \/ 1tb Ssd \/ 16 Wuxga (1920x1200) \/ Win 11 Pro \/ 3yr Premier Support<\/title>\n<meta name=\"description\" content=\"Compra 21sb000flm Laptop Thinkpad L16 Gen 2 \/ Core Ultra 7 255h 5.1ghz \/ 32gb Ddr5 (2x16gb) \/ 1tb Ssd \/ 16 Wuxga (1920x1200) \/ Win 11 Pro \/ 3yr Premier Support + Env\u00edo a domicilio + Pago seguro + Garant\u00eda\" \/>\n<meta name=\"robots\" content=\"index, follow, max-snippet:-1, max-image-preview:large, max-video-preview:-1\" \/>\n<link rel=\"canonical\" href=\"https:\/\/compuviper.mx\/tienda\/producto\/lenovo-21sb000flm-laptop-thinkpad-l16-gen-2-core-ultra-7-255h-5-1ghz-32gb-ddr5-2x16gb-1tb-ssd-16-wuxga-1920x1200-win-11-pro-3yr-premier-support\/\" \/>\n<meta property=\"og:locale\" content=\"es_MX\" \/>\n<meta property=\"og:type\" content=\"article\" \/>\n<meta property=\"og:title\" content=\"[ Lenovo ] &#129351; 21sb000flm Laptop Thinkpad L16 Gen 2 \/ Core Ultra 7 255h 5.1ghz \/ 32gb Ddr5 (2x16gb) \/ 1tb Ssd \/ 16 Wuxga (1920x1200) \/ Win 11 Pro \/ 3yr Premier Support\" \/>\n<meta property=\"og:description\" content=\"Compra 21sb000flm Laptop Thinkpad L16 Gen 2 \/ Core Ultra 7 255h 5.1ghz \/ 32gb Ddr5 (2x16gb) \/ 1tb Ssd \/ 16 Wuxga (1920x1200) \/ Win 11 Pro \/ 3yr Premier Support + Env\u00edo a domicilio + Pago seguro + Garant\u00eda\" \/>\n<meta property=\"og:url\" content=\"https:\/\/compuviper.mx\/tienda\/producto\/lenovo-21sb000flm-laptop-thinkpad-l16-gen-2-core-ultra-7-255h-5-1ghz-32gb-ddr5-2x16gb-1tb-ssd-16-wuxga-1920x1200-win-11-pro-3yr-premier-support\/\" \/>\n<meta property=\"og:site_name\" content=\"Compuviper\" \/>\n<meta property=\"article:publisher\" content=\"https:\/\/www.facebook.com\/compuviper\" \/>\n<meta name=\"twitter:card\" content=\"summary_large_image\" \/>\n<meta name=\"twitter:label1\" content=\"Precio\" \/>\n\t<meta name=\"twitter:data1\" content=\"&#36;27,877 con IVA\" \/>\n\t<meta name=\"twitter:label2\" content=\"Availability\" \/>\n\t<meta name=\"twitter:data2\" content=\"On backorder\" \/>\n<script type=\"application\/ld+json\" class=\"yoast-schema-graph\">{\"@context\":\"https:\/\/schema.org\",\"@graph\":[{\"@type\":\"WebPage\",\"@id\":\"https:\/\/compuviper.mx\/tienda\/producto\/lenovo-21sb000flm-laptop-thinkpad-l16-gen-2-core-ultra-7-255h-5-1ghz-32gb-ddr5-2x16gb-1tb-ssd-16-wuxga-1920x1200-win-11-pro-3yr-premier-support\/\",\"url\":\"https:\/\/compuviper.mx\/tienda\/producto\/lenovo-21sb000flm-laptop-thinkpad-l16-gen-2-core-ultra-7-255h-5-1ghz-32gb-ddr5-2x16gb-1tb-ssd-16-wuxga-1920x1200-win-11-pro-3yr-premier-support\/\",\"name\":\"[ Lenovo ] &#129351; 21sb000flm Laptop Thinkpad L16 Gen 2 \/ Core Ultra 7 255h 5.1ghz \/ 32gb Ddr5 (2x16gb) \/ 1tb Ssd \/ 16 Wuxga (1920x1200) \/ Win 11 Pro \/ 3yr Premier Support\",\"isPartOf\":{\"@id\":\"https:\/\/compuviper.mx\/tienda\/#website\"},\"datePublished\":\"2026-04-02T07:18:41+00:00\",\"dateModified\":\"2026-04-02T07:18:41+00:00\",\"description\":\"Compra 21sb000flm Laptop Thinkpad L16 Gen 2 \/ Core Ultra 7 255h 5.1ghz \/ 32gb Ddr5 (2x16gb) \/ 1tb Ssd \/ 16 Wuxga (1920x1200) \/ Win 11 Pro \/ 3yr Premier Support + Env\u00edo a domicilio + Pago seguro + Garant\u00eda\",\"breadcrumb\":{\"@id\":\"https:\/\/compuviper.mx\/tienda\/producto\/lenovo-21sb000flm-laptop-thinkpad-l16-gen-2-core-ultra-7-255h-5-1ghz-32gb-ddr5-2x16gb-1tb-ssd-16-wuxga-1920x1200-win-11-pro-3yr-premier-support\/#breadcrumb\"},\"inLanguage\":\"es-MX\",\"potentialAction\":[{\"@type\":\"ReadAction\",\"target\":[\"https:\/\/compuviper.mx\/tienda\/producto\/lenovo-21sb000flm-laptop-thinkpad-l16-gen-2-core-ultra-7-255h-5-1ghz-32gb-ddr5-2x16gb-1tb-ssd-16-wuxga-1920x1200-win-11-pro-3yr-premier-support\/\"]}]},{\"@type\":\"BreadcrumbList\",\"@id\":\"https:\/\/compuviper.mx\/tienda\/producto\/lenovo-21sb000flm-laptop-thinkpad-l16-gen-2-core-ultra-7-255h-5-1ghz-32gb-ddr5-2x16gb-1tb-ssd-16-wuxga-1920x1200-win-11-pro-3yr-premier-support\/#breadcrumb\",\"itemListElement\":[{\"@type\":\"ListItem\",\"position\":1,\"name\":\"Inicio\",\"item\":\"https:\/\/compuviper.mx\/tienda\/\"},{\"@type\":\"ListItem\",\"position\":2,\"name\":\"Productos\",\"item\":\"https:\/\/compuviper.mx\/tienda\/productos\/\"},{\"@type\":\"ListItem\",\"position\":3,\"name\":\"Laptops\",\"item\":\"https:\/\/compuviper.mx\/tienda\/categoria-producto\/laptops\/\"},{\"@type\":\"ListItem\",\"position\":4,\"name\":\"Notebook\",\"item\":\"https:\/\/compuviper.mx\/tienda\/categoria-producto\/laptops\/notebook-laptops\/\"},{\"@type\":\"ListItem\",\"position\":5,\"name\":\"Lenovo 21sb000flm Laptop Thinkpad L16 Gen 2 \/ Core Ultra 7 255h 5.1ghz \/ 32gb Ddr5 (2x16gb) \/ 1tb Ssd \/ 16 Wuxga (1920&#215;1200) \/ Win 11 Pro \/ 3yr Premier Support\"}]},{\"@type\":\"WebSite\",\"@id\":\"https:\/\/compuviper.mx\/tienda\/#website\",\"url\":\"https:\/\/compuviper.mx\/tienda\/\",\"name\":\"Compuviper\",\"description\":\"Proveedor de Computadoras, Laptops, Servidores, Monitores, Puntos de Venta, Teclados,   Impresoras, T\u00f3ner, C\u00e1maras de Seguridad y m\u00e1s en tu tienda en l\u00ednea\",\"publisher\":{\"@id\":\"https:\/\/compuviper.mx\/tienda\/#organization\"},\"potentialAction\":[{\"@type\":\"SearchAction\",\"target\":{\"@type\":\"EntryPoint\",\"urlTemplate\":\"https:\/\/compuviper.mx\/tienda\/?s={search_term_string}\"},\"query-input\":\"required name=search_term_string\"}],\"inLanguage\":\"es-MX\"},{\"@type\":\"Organization\",\"@id\":\"https:\/\/compuviper.mx\/tienda\/#organization\",\"name\":\"Compuviper\",\"url\":\"https:\/\/compuviper.mx\/tienda\/\",\"logo\":{\"@type\":\"ImageObject\",\"inLanguage\":\"es-MX\",\"@id\":\"https:\/\/compuviper.mx\/tienda\/#\/schema\/logo\/image\/\",\"url\":\"https:\/\/compuviper.mx\/tienda\/wp-content\/uploads\/2021\/08\/Logo-Compuviper-10.png\",\"contentUrl\":\"https:\/\/compuviper.mx\/tienda\/wp-content\/uploads\/2021\/08\/Logo-Compuviper-10.png\",\"width\":1000,\"height\":500,\"caption\":\"Compuviper\"},\"image\":{\"@id\":\"https:\/\/compuviper.mx\/tienda\/#\/schema\/logo\/image\/\"},\"sameAs\":[\"https:\/\/www.facebook.com\/compuviper\",\"https:\/\/www.youtube.com\/channel\/UCf73dERp9Y3cfOq7q8BhLjA?view_as=subscriber\"]}]}<\/script>\n<meta property=\"product:brand\" content=\"LENOVO\" \/>\n<meta property=\"product:price:amount\" content=\"27877\" \/>\n<meta property=\"product:price:currency\" content=\"MXN\" \/>\n<meta property=\"og:availability\" content=\"backorder\" \/>\n<meta property=\"product:availability\" content=\"available for order\" \/>\n<meta property=\"product:retailer_item_id\" content=\"21SB000FLM\" \/>\n<meta property=\"product:condition\" content=\"new\" \/>\n<!-- \/ Yoast SEO plugin. -->","yoast_head_json":{"title":"[ Lenovo ] &#129351; 21sb000flm Laptop Thinkpad L16 Gen 2 \/ Core Ultra 7 255h 5.1ghz \/ 32gb Ddr5 (2x16gb) \/ 1tb Ssd \/ 16 Wuxga (1920x1200) \/ Win 11 Pro \/ 3yr Premier Support","description":"Compra 21sb000flm Laptop Thinkpad L16 Gen 2 \/ Core Ultra 7 255h 5.1ghz \/ 32gb Ddr5 (2x16gb) \/ 1tb Ssd \/ 16 Wuxga (1920x1200) \/ Win 11 Pro \/ 3yr Premier Support + Env\u00edo a domicilio + Pago seguro + Garant\u00eda","robots":{"index":"index","follow":"follow","max-snippet":"max-snippet:-1","max-image-preview":"max-image-preview:large","max-video-preview":"max-video-preview:-1"},"canonical":"https:\/\/compuviper.mx\/tienda\/producto\/lenovo-21sb000flm-laptop-thinkpad-l16-gen-2-core-ultra-7-255h-5-1ghz-32gb-ddr5-2x16gb-1tb-ssd-16-wuxga-1920x1200-win-11-pro-3yr-premier-support\/","og_locale":"es_MX","og_type":"article","og_title":"[ Lenovo ] &#129351; 21sb000flm Laptop Thinkpad L16 Gen 2 \/ Core Ultra 7 255h 5.1ghz \/ 32gb Ddr5 (2x16gb) \/ 1tb Ssd \/ 16 Wuxga (1920x1200) \/ Win 11 Pro \/ 3yr Premier Support","og_description":"Compra 21sb000flm Laptop Thinkpad L16 Gen 2 \/ Core Ultra 7 255h 5.1ghz \/ 32gb Ddr5 (2x16gb) \/ 1tb Ssd \/ 16 Wuxga (1920x1200) \/ Win 11 Pro \/ 3yr Premier Support + Env\u00edo a domicilio + Pago seguro + Garant\u00eda","og_url":"https:\/\/compuviper.mx\/tienda\/producto\/lenovo-21sb000flm-laptop-thinkpad-l16-gen-2-core-ultra-7-255h-5-1ghz-32gb-ddr5-2x16gb-1tb-ssd-16-wuxga-1920x1200-win-11-pro-3yr-premier-support\/","og_site_name":"Compuviper","article_publisher":"https:\/\/www.facebook.com\/compuviper","twitter_card":"summary_large_image","twitter_misc":{"Precio":"&#36;27,877 con IVA","Availability":"On backorder"},"schema":{"@context":"https:\/\/schema.org","@graph":[{"@type":"WebPage","@id":"https:\/\/compuviper.mx\/tienda\/producto\/lenovo-21sb000flm-laptop-thinkpad-l16-gen-2-core-ultra-7-255h-5-1ghz-32gb-ddr5-2x16gb-1tb-ssd-16-wuxga-1920x1200-win-11-pro-3yr-premier-support\/","url":"https:\/\/compuviper.mx\/tienda\/producto\/lenovo-21sb000flm-laptop-thinkpad-l16-gen-2-core-ultra-7-255h-5-1ghz-32gb-ddr5-2x16gb-1tb-ssd-16-wuxga-1920x1200-win-11-pro-3yr-premier-support\/","name":"[ Lenovo ] &#129351; 21sb000flm Laptop Thinkpad L16 Gen 2 \/ Core Ultra 7 255h 5.1ghz \/ 32gb Ddr5 (2x16gb) \/ 1tb Ssd \/ 16 Wuxga (1920x1200) \/ Win 11 Pro \/ 3yr Premier Support","isPartOf":{"@id":"https:\/\/compuviper.mx\/tienda\/#website"},"datePublished":"2026-04-02T07:18:41+00:00","dateModified":"2026-04-02T07:18:41+00:00","description":"Compra 21sb000flm Laptop Thinkpad L16 Gen 2 \/ Core Ultra 7 255h 5.1ghz \/ 32gb Ddr5 (2x16gb) \/ 1tb Ssd \/ 16 Wuxga (1920x1200) \/ Win 11 Pro \/ 3yr Premier Support + Env\u00edo a domicilio + Pago seguro + Garant\u00eda","breadcrumb":{"@id":"https:\/\/compuviper.mx\/tienda\/producto\/lenovo-21sb000flm-laptop-thinkpad-l16-gen-2-core-ultra-7-255h-5-1ghz-32gb-ddr5-2x16gb-1tb-ssd-16-wuxga-1920x1200-win-11-pro-3yr-premier-support\/#breadcrumb"},"inLanguage":"es-MX","potentialAction":[{"@type":"ReadAction","target":["https:\/\/compuviper.mx\/tienda\/producto\/lenovo-21sb000flm-laptop-thinkpad-l16-gen-2-core-ultra-7-255h-5-1ghz-32gb-ddr5-2x16gb-1tb-ssd-16-wuxga-1920x1200-win-11-pro-3yr-premier-support\/"]}]},{"@type":"BreadcrumbList","@id":"https:\/\/compuviper.mx\/tienda\/producto\/lenovo-21sb000flm-laptop-thinkpad-l16-gen-2-core-ultra-7-255h-5-1ghz-32gb-ddr5-2x16gb-1tb-ssd-16-wuxga-1920x1200-win-11-pro-3yr-premier-support\/#breadcrumb","itemListElement":[{"@type":"ListItem","position":1,"name":"Inicio","item":"https:\/\/compuviper.mx\/tienda\/"},{"@type":"ListItem","position":2,"name":"Productos","item":"https:\/\/compuviper.mx\/tienda\/productos\/"},{"@type":"ListItem","position":3,"name":"Laptops","item":"https:\/\/compuviper.mx\/tienda\/categoria-producto\/laptops\/"},{"@type":"ListItem","position":4,"name":"Notebook","item":"https:\/\/compuviper.mx\/tienda\/categoria-producto\/laptops\/notebook-laptops\/"},{"@type":"ListItem","position":5,"name":"Lenovo 21sb000flm Laptop Thinkpad L16 Gen 2 \/ Core Ultra 7 255h 5.1ghz \/ 32gb Ddr5 (2x16gb) \/ 1tb Ssd \/ 16 Wuxga (1920&#215;1200) \/ Win 11 Pro \/ 3yr Premier Support"}]},{"@type":"WebSite","@id":"https:\/\/compuviper.mx\/tienda\/#website","url":"https:\/\/compuviper.mx\/tienda\/","name":"Compuviper","description":"Proveedor de Computadoras, Laptops, Servidores, Monitores, Puntos de Venta, Teclados,   Impresoras, T\u00f3ner, C\u00e1maras de Seguridad y m\u00e1s en tu tienda en l\u00ednea","publisher":{"@id":"https:\/\/compuviper.mx\/tienda\/#organization"},"potentialAction":[{"@type":"SearchAction","target":{"@type":"EntryPoint","urlTemplate":"https:\/\/compuviper.mx\/tienda\/?s={search_term_string}"},"query-input":"required name=search_term_string"}],"inLanguage":"es-MX"},{"@type":"Organization","@id":"https:\/\/compuviper.mx\/tienda\/#organization","name":"Compuviper","url":"https:\/\/compuviper.mx\/tienda\/","logo":{"@type":"ImageObject","inLanguage":"es-MX","@id":"https:\/\/compuviper.mx\/tienda\/#\/schema\/logo\/image\/","url":"https:\/\/compuviper.mx\/tienda\/wp-content\/uploads\/2021\/08\/Logo-Compuviper-10.png","contentUrl":"https:\/\/compuviper.mx\/tienda\/wp-content\/uploads\/2021\/08\/Logo-Compuviper-10.png","width":1000,"height":500,"caption":"Compuviper"},"image":{"@id":"https:\/\/compuviper.mx\/tienda\/#\/schema\/logo\/image\/"},"sameAs":["https:\/\/www.facebook.com\/compuviper","https:\/\/www.youtube.com\/channel\/UCf73dERp9Y3cfOq7q8BhLjA?view_as=subscriber"]}]},"product_brand":"LENOVO","product_price_amount":"27877","product_price_currency":"MXN","og_availability":"backorder","product_availability":"available for order","product_retailer_item_id":"21SB000FLM","product_condition":"new"},"_links":{"self":[{"href":"https:\/\/compuviper.mx\/tienda\/wp-json\/wp\/v2\/product\/263001"}],"collection":[{"href":"https:\/\/compuviper.mx\/tienda\/wp-json\/wp\/v2\/product"}],"about":[{"href":"https:\/\/compuviper.mx\/tienda\/wp-json\/wp\/v2\/types\/product"}],"replies":[{"embeddable":true,"href":"https:\/\/compuviper.mx\/tienda\/wp-json\/wp\/v2\/comments?post=263001"}],"wp:attachment":[{"href":"https:\/\/compuviper.mx\/tienda\/wp-json\/wp\/v2\/media?parent=263001"}],"wp:term":[{"taxonomy":"product_cat","embeddable":true,"href":"https:\/\/compuviper.mx\/tienda\/wp-json\/wp\/v2\/product_cat?post=263001"},{"taxonomy":"product_tag","embeddable":true,"href":"https:\/\/compuviper.mx\/tienda\/wp-json\/wp\/v2\/product_tag?post=263001"}],"curies":[{"name":"wp","href":"https:\/\/api.w.org\/{rel}","templated":true}]}}