{"id":262958,"date":"2026-04-25T02:17:15","date_gmt":"2026-04-25T08:17:15","guid":{"rendered":"https:\/\/compuviper.mx\/tienda\/producto\/epson-v11ha27020-videoproyector-powerlite-l530u-3lcd-full-hd-5200-lumenes-hdmi-laser-wifi\/"},"modified":"2026-04-25T02:17:16","modified_gmt":"2026-04-25T08:17:16","slug":"epson-v11ha27020-videoproyector-powerlite-l530u-3lcd-full-hd-5200-lumenes-hdmi-laser-wifi","status":"publish","type":"product","link":"https:\/\/compuviper.mx\/tienda\/producto\/epson-v11ha27020-videoproyector-powerlite-l530u-3lcd-full-hd-5200-lumenes-hdmi-laser-wifi\/","title":{"rendered":"Epson V11ha27020 Videoproyector  Powerlite L530u, 3lcd, Full Hd, 5200 Lumenes, Hdmi, Laser, Wifi"},"content":{"rendered":"<table class=\"descripcion\">\n<tr>\n<td>Especificaciones tecnicas<\/td>\n<\/tr>\n<tr>\n<td>Sistema de proyeccion: sistema de proyeccion de cristal<\/td>\n<\/tr>\n<tr>\n<td>Liquido rgb con obturador<\/td>\n<\/tr>\n<tr>\n<td>Modo de proyeccion: frontal\/trasera\/montaje techo<\/td>\n<\/tr>\n<tr>\n<td>Pantalla lcd: 0, 67-inch c2 fine<\/td>\n<\/tr>\n<tr>\n<td>Metodo de conduccion: matriz activa tft de polisilicio.<\/td>\n<\/tr>\n<tr>\n<td>Numero de pixeles: 2.304.000 pixeles 1920 x 1200  x3<\/td>\n<\/tr>\n<tr>\n<td>Resolucion nativa: 1920 x 1200 1080p \/wuxga<\/td>\n<\/tr>\n<tr>\n<td>Redimencion: 640 x 480, 800&#215;600, 1280 x1024, 1400 x 1050<\/td>\n<\/tr>\n<tr>\n<td>Relacion de aspecto: soporta 16:10<\/td>\n<\/tr>\n<tr>\n<td>Disposicion de pixeles: rayas cruzadas<\/td>\n<\/tr>\n<tr>\n<td>Luminosidad del color2: 5.200 lumenes<\/td>\n<\/tr>\n<tr>\n<td>Luminosidad del blanco2: 5.200 lumenes<\/td>\n<\/tr>\n<tr>\n<td>Relacion de contraste: hasta 2.500.000:1<\/td>\n<\/tr>\n<tr>\n<td>Uniformidad de brillo tipica 86<\/td>\n<\/tr>\n<tr>\n<td>Reproduccion del color: hasta 1.070 millones de colores<\/td>\n<\/tr>\n<tr>\n<td>Tamao distancia proyectada: 50\u0094-500\u0094<\/td>\n<\/tr>\n<tr>\n<td>Distancia proyectada: pantalla de 80\u0094 2.33-3.78 m<\/td>\n<\/tr>\n<tr>\n<td>Desplazamiento de lente vertical: -50; horizontal -20<\/td>\n<\/tr>\n<tr>\n<td>Correcion trapezoidal: vertical -30 grados; horizontal: &#8211; 30 grados.<\/td>\n<\/tr>\n<tr>\n<td>Tecnologia de iluminacion: diodo laser.<\/td>\n<\/tr>\n<tr>\n<td>Vida util de la fuente de luz: normal 20.000 horas<\/td>\n<\/tr>\n<tr>\n<td>Silencioso 20.000 horas; extendido 30.000 horas<\/td>\n<\/tr>\n<tr>\n<td>Lente de proyeccion<\/td>\n<\/tr>\n<tr>\n<td>Tipo: zoom optico manual \/ enfoque manual<\/td>\n<\/tr>\n<tr>\n<td>Numero f: 1,5- 1,7<\/td>\n<\/tr>\n<tr>\n<td>Distancia focal: 20,0 mm \u0096 31,8 mm<\/td>\n<\/tr>\n<tr>\n<td>Relacion de zoom: zoom optico 1-1,6x<\/td>\n<\/tr>\n<tr>\n<td>Rango de relacion de alcance: 1,35 \u0096 2,20<\/td>\n<\/tr>\n<tr>\n<td>Tapa de lente: tapa de la lente sin cordon<\/td>\n<\/tr>\n<tr>\n<td>Especificaciones inalambricas<\/td>\n<\/tr>\n<tr>\n<td>Tipo de frecuencia modulaciones 802.11b \/g \/n 2,4 ghz<\/td>\n<\/tr>\n<tr>\n<td>Tipo de seguridad admitido: modo rapido: abierto, wpa2-psk, modo avanzado: wpa \/ wpa2-psk, wpa \/ wpa2-eap.<\/td>\n<\/tr>\n<tr>\n<td>Otras caracteristicas<\/td>\n<\/tr>\n<tr>\n<td>Tempeatura de funcionamiento: 32\u00b0 a 113\u00b0f 0\u00b0 a 45\u00b0<\/td>\n<\/tr>\n<tr>\n<td>Voltaje de la fuente de alimentacion: 100 \u0096 240v &#8211; 10, 50\/60 hz ca<\/td>\n<\/tr>\n<tr>\n<td>Consumo de energia:<\/td>\n<\/tr>\n<tr>\n<td>301w modo normal<\/td>\n<\/tr>\n<tr>\n<td>232w silencioso y extendido<\/td>\n<\/tr>\n<tr>\n<td>2,0 w en espera comunicacion activada<\/td>\n<\/tr>\n<tr>\n<td>0,3 w en espera comunicacion desactivada<\/td>\n<\/tr>\n<tr>\n<td>Ruido del ventilador: 31 db modo normal; max: 23db modo eco<\/td>\n<\/tr>\n<tr>\n<td>Seguridad: orificiopara cable de seguridad, provision de bloqueo kensington<\/td>\n<\/tr>\n<tr>\n<td>Silencio: a\/v si<\/td>\n<\/tr>\n<tr>\n<td>Altavoces: 10w mono<\/td>\n<\/tr>\n<tr>\n<td>Duplicacion de pantalla: opcional<\/td>\n<\/tr>\n<tr>\n<td>Pantalla dividida: si<\/td>\n<\/tr>\n<tr>\n<td>Reproduccion de contenido: si<\/td>\n<\/tr>\n<tr>\n<td>Quick qorner: si<\/td>\n<\/tr>\n<tr>\n<td>Correcion de arco: si<\/td>\n<\/tr>\n<tr>\n<td>Edge blending: si<\/td>\n<\/tr>\n<tr>\n<td>Compartir pantalla: si<\/td>\n<\/tr>\n<tr>\n<td>General<\/td>\n<\/tr>\n<tr>\n<td>Temperatura de operacion: 5 \u00b0c a 40 \u00b0c 41 \u00b0f a 104 \u00b0f<\/td>\n<\/tr>\n<tr>\n<td>Dimensiones: 356 mm x 133 mm x 395 mm ancho x alto x profundidad<\/td>\n<\/tr>\n<tr>\n<td>Peso: 5,7 kg<\/td>\n<\/tr>\n<tr>\n<td>Seguridad: kensington lock, traba de seguridad<\/td>\n<\/tr>\n<tr>\n<td>Content playback: si<\/td>\n<\/tr>\n<tr>\n<td>Conectividad del videoproyector<\/td>\n<\/tr>\n<tr>\n<td>Hdmi: x 2<\/td>\n<\/tr>\n<tr>\n<td>Hdmi out x1<\/td>\n<\/tr>\n<tr>\n<td>Vga x2<\/td>\n<\/tr>\n<tr>\n<td>Salida de monitor: mini d-sub de 15 pines x1<\/td>\n<\/tr>\n<tr>\n<td>Hdbaset  x1<\/td>\n<\/tr>\n<tr>\n<td>Entrada audio rca: blanco x 1, rojo x 1<\/td>\n<\/tr>\n<tr>\n<td>Salida de audio variable: mini estereo x 1<\/td>\n<\/tr>\n<tr>\n<td>Usb tipo a x1<\/td>\n<\/tr>\n<tr>\n<td>Usb tipo b x1<\/td>\n<\/tr>\n<tr>\n<td>Serial: rs-232c x1<\/td>\n<\/tr>\n<tr>\n<td>Lan con cable rj-45&#215;1<\/td>\n<\/tr>\n<tr>\n<td>Lan inalambrica incorporada<\/td>\n<\/tr>\n<tr>\n<td>Rango de frecuencia de escaneo efectivo analogico<\/td>\n<\/tr>\n<tr>\n<td>Reloj de pixeles: 13,5 mhz -162 mhz hasta uxga 60 hz<\/td>\n<\/tr>\n<tr>\n<td>Horizontal: 15 khz- 92 khz<\/td>\n<\/tr>\n<tr>\n<td>Vertical: 50hz-85khz<\/td>\n<\/tr>\n<tr>\n<td>Rango de frecuencia de escaneo efectivo digital<\/td>\n<\/tr>\n<tr>\n<td>Reloj de pixeles: 13,5 mhz-297 mhz<\/td>\n<\/tr>\n<tr>\n<td>Horizontal: 15 khz- 135 khz<\/td>\n<\/tr>\n<tr>\n<td>Vertical: 23,98 \/ 24\/25 \/29,97 \/30\/50 \/59,94\/60 hz<\/td>\n<\/tr>\n<tr>\n<td>Dimensiones  ancho x profundo x alto<\/td>\n<\/tr>\n<tr>\n<td>Excluyendo pies 43.9 x30.4&#215;12.1 cm<\/td>\n<\/tr>\n<tr>\n<td>Incluyendo pies: 43.9 x 31.9 x 13.5 cm<\/td>\n<\/tr>\n<tr>\n<td>Peso: 8.2 kg 18.1 lb<\/td>\n<\/tr>\n<\/table>\n","protected":false},"excerpt":{"rendered":"<p>El nuevo proyector laser de epson l530u ideal para aulas, reuniones y eventos de trabajo o escolares con una resolucion en full hd que te brindara hermosas im\u00e1genes y una pantalla de 50\u0094 a 500\u0094 ademas de contar con red inalambrica integrada para transmitir desde un disposito movil.<\/p>\n","protected":false},"featured_media":263108,"comment_status":"open","ping_status":"open","template":"","meta":[],"product_cat":[1843,1846],"product_tag":[1624],"acf":[],"yoast_head":"<!-- This site is optimized with the Yoast SEO plugin v21.7 - https:\/\/yoast.com\/wordpress\/plugins\/seo\/ -->\n<title>[ Epson ] &#129351; V11ha27020 Videoproyector Powerlite L530u, 3lcd, Full Hd, 5200 Lumenes, Hdmi, Laser, Wifi<\/title>\n<meta name=\"description\" content=\"Compra V11ha27020 Videoproyector Powerlite L530u, 3lcd, Full Hd, 5200 Lumenes, Hdmi, Laser, Wifi + Env\u00edo a domicilio + Pago seguro + Garant\u00eda\" \/>\n<meta name=\"robots\" content=\"index, follow, max-snippet:-1, max-image-preview:large, max-video-preview:-1\" \/>\n<link rel=\"canonical\" href=\"https:\/\/compuviper.mx\/tienda\/producto\/epson-v11ha27020-videoproyector-powerlite-l530u-3lcd-full-hd-5200-lumenes-hdmi-laser-wifi\/\" \/>\n<meta property=\"og:locale\" content=\"es_MX\" \/>\n<meta property=\"og:type\" content=\"article\" \/>\n<meta property=\"og:title\" content=\"[ Epson ] &#129351; V11ha27020 Videoproyector Powerlite L530u, 3lcd, Full Hd, 5200 Lumenes, Hdmi, Laser, Wifi\" \/>\n<meta property=\"og:description\" content=\"Compra V11ha27020 Videoproyector Powerlite L530u, 3lcd, Full Hd, 5200 Lumenes, Hdmi, Laser, Wifi + Env\u00edo a domicilio + Pago seguro + Garant\u00eda\" \/>\n<meta property=\"og:url\" content=\"https:\/\/compuviper.mx\/tienda\/producto\/epson-v11ha27020-videoproyector-powerlite-l530u-3lcd-full-hd-5200-lumenes-hdmi-laser-wifi\/\" \/>\n<meta property=\"og:site_name\" content=\"Compuviper\" \/>\n<meta property=\"article:publisher\" content=\"https:\/\/www.facebook.com\/compuviper\" \/>\n<meta property=\"article:modified_time\" content=\"2026-04-25T08:17:16+00:00\" \/>\n<meta property=\"og:image\" content=\"https:\/\/compuviper.mx\/tienda\/wp-content\/uploads\/2025\/11\/Videoproyector-epson-powerlite-l530u-3lcd-full-hd-5200-lumenes-hdmi-laser-wifi.jpg\" \/>\n\t<meta property=\"og:image:width\" content=\"200\" \/>\n\t<meta property=\"og:image:height\" content=\"200\" \/>\n\t<meta property=\"og:image:type\" content=\"image\/jpeg\" \/>\n<meta name=\"twitter:card\" content=\"summary_large_image\" \/>\n<meta name=\"twitter:label1\" content=\"Precio\" \/>\n\t<meta name=\"twitter:data1\" content=\"&#36;53,758 con IVA\" \/>\n\t<meta name=\"twitter:label2\" content=\"Availability\" \/>\n\t<meta name=\"twitter:data2\" content=\"Out of stock\" \/>\n<script type=\"application\/ld+json\" class=\"yoast-schema-graph\">{\"@context\":\"https:\/\/schema.org\",\"@graph\":[{\"@type\":\"WebPage\",\"@id\":\"https:\/\/compuviper.mx\/tienda\/producto\/epson-v11ha27020-videoproyector-powerlite-l530u-3lcd-full-hd-5200-lumenes-hdmi-laser-wifi\/\",\"url\":\"https:\/\/compuviper.mx\/tienda\/producto\/epson-v11ha27020-videoproyector-powerlite-l530u-3lcd-full-hd-5200-lumenes-hdmi-laser-wifi\/\",\"name\":\"[ Epson ] &#129351; V11ha27020 Videoproyector Powerlite L530u, 3lcd, Full Hd, 5200 Lumenes, Hdmi, Laser, Wifi\",\"isPartOf\":{\"@id\":\"https:\/\/compuviper.mx\/tienda\/#website\"},\"datePublished\":\"2026-04-25T08:17:15+00:00\",\"dateModified\":\"2026-04-25T08:17:16+00:00\",\"description\":\"Compra V11ha27020 Videoproyector Powerlite L530u, 3lcd, Full Hd, 5200 Lumenes, Hdmi, Laser, Wifi + Env\u00edo a domicilio + Pago seguro + Garant\u00eda\",\"breadcrumb\":{\"@id\":\"https:\/\/compuviper.mx\/tienda\/producto\/epson-v11ha27020-videoproyector-powerlite-l530u-3lcd-full-hd-5200-lumenes-hdmi-laser-wifi\/#breadcrumb\"},\"inLanguage\":\"es-MX\",\"potentialAction\":[{\"@type\":\"ReadAction\",\"target\":[\"https:\/\/compuviper.mx\/tienda\/producto\/epson-v11ha27020-videoproyector-powerlite-l530u-3lcd-full-hd-5200-lumenes-hdmi-laser-wifi\/\"]}]},{\"@type\":\"BreadcrumbList\",\"@id\":\"https:\/\/compuviper.mx\/tienda\/producto\/epson-v11ha27020-videoproyector-powerlite-l530u-3lcd-full-hd-5200-lumenes-hdmi-laser-wifi\/#breadcrumb\",\"itemListElement\":[{\"@type\":\"ListItem\",\"position\":1,\"name\":\"Inicio\",\"item\":\"https:\/\/compuviper.mx\/tienda\/\"},{\"@type\":\"ListItem\",\"position\":2,\"name\":\"Productos\",\"item\":\"https:\/\/compuviper.mx\/tienda\/productos\/\"},{\"@type\":\"ListItem\",\"position\":3,\"name\":\"Videoproyector\",\"item\":\"https:\/\/compuviper.mx\/tienda\/categoria-producto\/videoproyector\/\"},{\"@type\":\"ListItem\",\"position\":4,\"name\":\"Profesional\",\"item\":\"https:\/\/compuviper.mx\/tienda\/categoria-producto\/videoproyector\/profesional\/\"},{\"@type\":\"ListItem\",\"position\":5,\"name\":\"Epson V11ha27020 Videoproyector Powerlite L530u, 3lcd, Full Hd, 5200 Lumenes, Hdmi, Laser, Wifi\"}]},{\"@type\":\"WebSite\",\"@id\":\"https:\/\/compuviper.mx\/tienda\/#website\",\"url\":\"https:\/\/compuviper.mx\/tienda\/\",\"name\":\"Compuviper\",\"description\":\"Proveedor de Computadoras, Laptops, Servidores, Monitores, Puntos de Venta, Teclados,   Impresoras, T\u00f3ner, C\u00e1maras de Seguridad y m\u00e1s en tu tienda en l\u00ednea\",\"publisher\":{\"@id\":\"https:\/\/compuviper.mx\/tienda\/#organization\"},\"potentialAction\":[{\"@type\":\"SearchAction\",\"target\":{\"@type\":\"EntryPoint\",\"urlTemplate\":\"https:\/\/compuviper.mx\/tienda\/?s={search_term_string}\"},\"query-input\":\"required name=search_term_string\"}],\"inLanguage\":\"es-MX\"},{\"@type\":\"Organization\",\"@id\":\"https:\/\/compuviper.mx\/tienda\/#organization\",\"name\":\"Compuviper\",\"url\":\"https:\/\/compuviper.mx\/tienda\/\",\"logo\":{\"@type\":\"ImageObject\",\"inLanguage\":\"es-MX\",\"@id\":\"https:\/\/compuviper.mx\/tienda\/#\/schema\/logo\/image\/\",\"url\":\"https:\/\/compuviper.mx\/tienda\/wp-content\/uploads\/2021\/08\/Logo-Compuviper-10.png\",\"contentUrl\":\"https:\/\/compuviper.mx\/tienda\/wp-content\/uploads\/2021\/08\/Logo-Compuviper-10.png\",\"width\":1000,\"height\":500,\"caption\":\"Compuviper\"},\"image\":{\"@id\":\"https:\/\/compuviper.mx\/tienda\/#\/schema\/logo\/image\/\"},\"sameAs\":[\"https:\/\/www.facebook.com\/compuviper\",\"https:\/\/www.youtube.com\/channel\/UCf73dERp9Y3cfOq7q8BhLjA?view_as=subscriber\"]}]}<\/script>\n<meta property=\"product:brand\" content=\"EPSON\" \/>\n<meta property=\"product:price:amount\" content=\"53758\" \/>\n<meta property=\"product:price:currency\" content=\"MXN\" \/>\n<meta property=\"og:availability\" content=\"out of stock\" \/>\n<meta property=\"product:availability\" content=\"out of stock\" \/>\n<meta property=\"product:retailer_item_id\" content=\"V11HA27020\" \/>\n<meta property=\"product:condition\" content=\"new\" \/>\n<!-- \/ Yoast SEO plugin. -->","yoast_head_json":{"title":"[ Epson ] &#129351; V11ha27020 Videoproyector Powerlite L530u, 3lcd, Full Hd, 5200 Lumenes, Hdmi, Laser, Wifi","description":"Compra V11ha27020 Videoproyector Powerlite L530u, 3lcd, Full Hd, 5200 Lumenes, Hdmi, Laser, Wifi + Env\u00edo a domicilio + Pago seguro + Garant\u00eda","robots":{"index":"index","follow":"follow","max-snippet":"max-snippet:-1","max-image-preview":"max-image-preview:large","max-video-preview":"max-video-preview:-1"},"canonical":"https:\/\/compuviper.mx\/tienda\/producto\/epson-v11ha27020-videoproyector-powerlite-l530u-3lcd-full-hd-5200-lumenes-hdmi-laser-wifi\/","og_locale":"es_MX","og_type":"article","og_title":"[ Epson ] &#129351; V11ha27020 Videoproyector Powerlite L530u, 3lcd, Full Hd, 5200 Lumenes, Hdmi, Laser, Wifi","og_description":"Compra V11ha27020 Videoproyector Powerlite L530u, 3lcd, Full Hd, 5200 Lumenes, Hdmi, Laser, Wifi + Env\u00edo a domicilio + Pago seguro + Garant\u00eda","og_url":"https:\/\/compuviper.mx\/tienda\/producto\/epson-v11ha27020-videoproyector-powerlite-l530u-3lcd-full-hd-5200-lumenes-hdmi-laser-wifi\/","og_site_name":"Compuviper","article_publisher":"https:\/\/www.facebook.com\/compuviper","article_modified_time":"2026-04-25T08:17:16+00:00","og_image":[{"width":200,"height":200,"url":"https:\/\/compuviper.mx\/tienda\/wp-content\/uploads\/2025\/11\/Videoproyector-epson-powerlite-l530u-3lcd-full-hd-5200-lumenes-hdmi-laser-wifi.jpg","type":"image\/jpeg"}],"twitter_card":"summary_large_image","twitter_misc":{"Precio":"&#36;53,758 con IVA","Availability":"Out of stock"},"schema":{"@context":"https:\/\/schema.org","@graph":[{"@type":"WebPage","@id":"https:\/\/compuviper.mx\/tienda\/producto\/epson-v11ha27020-videoproyector-powerlite-l530u-3lcd-full-hd-5200-lumenes-hdmi-laser-wifi\/","url":"https:\/\/compuviper.mx\/tienda\/producto\/epson-v11ha27020-videoproyector-powerlite-l530u-3lcd-full-hd-5200-lumenes-hdmi-laser-wifi\/","name":"[ Epson ] &#129351; V11ha27020 Videoproyector Powerlite L530u, 3lcd, Full Hd, 5200 Lumenes, Hdmi, Laser, Wifi","isPartOf":{"@id":"https:\/\/compuviper.mx\/tienda\/#website"},"datePublished":"2026-04-25T08:17:15+00:00","dateModified":"2026-04-25T08:17:16+00:00","description":"Compra V11ha27020 Videoproyector Powerlite L530u, 3lcd, Full Hd, 5200 Lumenes, Hdmi, Laser, Wifi + Env\u00edo a domicilio + Pago seguro + Garant\u00eda","breadcrumb":{"@id":"https:\/\/compuviper.mx\/tienda\/producto\/epson-v11ha27020-videoproyector-powerlite-l530u-3lcd-full-hd-5200-lumenes-hdmi-laser-wifi\/#breadcrumb"},"inLanguage":"es-MX","potentialAction":[{"@type":"ReadAction","target":["https:\/\/compuviper.mx\/tienda\/producto\/epson-v11ha27020-videoproyector-powerlite-l530u-3lcd-full-hd-5200-lumenes-hdmi-laser-wifi\/"]}]},{"@type":"BreadcrumbList","@id":"https:\/\/compuviper.mx\/tienda\/producto\/epson-v11ha27020-videoproyector-powerlite-l530u-3lcd-full-hd-5200-lumenes-hdmi-laser-wifi\/#breadcrumb","itemListElement":[{"@type":"ListItem","position":1,"name":"Inicio","item":"https:\/\/compuviper.mx\/tienda\/"},{"@type":"ListItem","position":2,"name":"Productos","item":"https:\/\/compuviper.mx\/tienda\/productos\/"},{"@type":"ListItem","position":3,"name":"Videoproyector","item":"https:\/\/compuviper.mx\/tienda\/categoria-producto\/videoproyector\/"},{"@type":"ListItem","position":4,"name":"Profesional","item":"https:\/\/compuviper.mx\/tienda\/categoria-producto\/videoproyector\/profesional\/"},{"@type":"ListItem","position":5,"name":"Epson V11ha27020 Videoproyector Powerlite L530u, 3lcd, Full Hd, 5200 Lumenes, Hdmi, Laser, Wifi"}]},{"@type":"WebSite","@id":"https:\/\/compuviper.mx\/tienda\/#website","url":"https:\/\/compuviper.mx\/tienda\/","name":"Compuviper","description":"Proveedor de Computadoras, Laptops, Servidores, Monitores, Puntos de Venta, Teclados,   Impresoras, T\u00f3ner, C\u00e1maras de Seguridad y m\u00e1s en tu tienda en l\u00ednea","publisher":{"@id":"https:\/\/compuviper.mx\/tienda\/#organization"},"potentialAction":[{"@type":"SearchAction","target":{"@type":"EntryPoint","urlTemplate":"https:\/\/compuviper.mx\/tienda\/?s={search_term_string}"},"query-input":"required name=search_term_string"}],"inLanguage":"es-MX"},{"@type":"Organization","@id":"https:\/\/compuviper.mx\/tienda\/#organization","name":"Compuviper","url":"https:\/\/compuviper.mx\/tienda\/","logo":{"@type":"ImageObject","inLanguage":"es-MX","@id":"https:\/\/compuviper.mx\/tienda\/#\/schema\/logo\/image\/","url":"https:\/\/compuviper.mx\/tienda\/wp-content\/uploads\/2021\/08\/Logo-Compuviper-10.png","contentUrl":"https:\/\/compuviper.mx\/tienda\/wp-content\/uploads\/2021\/08\/Logo-Compuviper-10.png","width":1000,"height":500,"caption":"Compuviper"},"image":{"@id":"https:\/\/compuviper.mx\/tienda\/#\/schema\/logo\/image\/"},"sameAs":["https:\/\/www.facebook.com\/compuviper","https:\/\/www.youtube.com\/channel\/UCf73dERp9Y3cfOq7q8BhLjA?view_as=subscriber"]}]},"product_brand":"EPSON","product_price_amount":"53758","product_price_currency":"MXN","og_availability":"out of stock","product_availability":"out of stock","product_retailer_item_id":"V11HA27020","product_condition":"new"},"_links":{"self":[{"href":"https:\/\/compuviper.mx\/tienda\/wp-json\/wp\/v2\/product\/262958"}],"collection":[{"href":"https:\/\/compuviper.mx\/tienda\/wp-json\/wp\/v2\/product"}],"about":[{"href":"https:\/\/compuviper.mx\/tienda\/wp-json\/wp\/v2\/types\/product"}],"replies":[{"embeddable":true,"href":"https:\/\/compuviper.mx\/tienda\/wp-json\/wp\/v2\/comments?post=262958"}],"wp:featuredmedia":[{"embeddable":true,"href":"https:\/\/compuviper.mx\/tienda\/wp-json\/wp\/v2\/media\/263108"}],"wp:attachment":[{"href":"https:\/\/compuviper.mx\/tienda\/wp-json\/wp\/v2\/media?parent=262958"}],"wp:term":[{"taxonomy":"product_cat","embeddable":true,"href":"https:\/\/compuviper.mx\/tienda\/wp-json\/wp\/v2\/product_cat?post=262958"},{"taxonomy":"product_tag","embeddable":true,"href":"https:\/\/compuviper.mx\/tienda\/wp-json\/wp\/v2\/product_tag?post=262958"}],"curies":[{"name":"wp","href":"https:\/\/api.w.org\/{rel}","templated":true}]}}