{"id":262957,"date":"2026-04-14T02:25:18","date_gmt":"2026-04-14T08:25:18","guid":{"rendered":"https:\/\/compuviper.mx\/tienda\/producto\/poly-a09d4aaabm-sistema-de-videoconferencia-hp-v52-cmara-de-20mp-hdmi-4k-ultra-hd-usb-a-usb-c\/"},"modified":"2026-04-14T02:25:19","modified_gmt":"2026-04-14T08:25:19","slug":"poly-a09d4aaabm-sistema-de-videoconferencia-hp-v52-cmara-de-20mp-hdmi-4k-ultra-hd-usb-a-usb-c","status":"publish","type":"product","link":"https:\/\/compuviper.mx\/tienda\/producto\/poly-a09d4aaabm-sistema-de-videoconferencia-hp-v52-cmara-de-20mp-hdmi-4k-ultra-hd-usb-a-usb-c\/","title":{"rendered":"Poly A09d4aa#abm Sistema De Videoconferencia Hp   V52 | C?mara De 20mp | Hdmi | 4k Ultra Hd | Usb-a\/usb-c"},"content":{"rendered":"<table class=\"descripcion\">\n<tr>\n<td>Alimentaci\u00f3n<\/td>\n<\/tr>\n<tr>\n<td>37 va, 120 v 60 hz; 37 va, 230 v 50\/60 hz<\/td>\n<\/tr>\n<tr>\n<td>Tipo de fuente de alimentaci\u00f3n<\/td>\n<\/tr>\n<tr>\n<td>Externo<\/td>\n<\/tr>\n<tr>\n<td>Capacidades de cobertura de lente<\/td>\n<\/tr>\n<tr>\n<td>Montable<\/td>\n<\/tr>\n<tr>\n<td>Resoluci\u00f3n total de la c\u00e1mara (megap\u00edxeles)<\/td>\n<\/tr>\n<tr>\n<td>20 mp<\/td>\n<\/tr>\n<tr>\n<td>Velocidad de imagen para videos<\/td>\n<\/tr>\n<tr>\n<td>30 cps<\/td>\n<\/tr>\n<tr>\n<td>Capacidad de zoom<\/td>\n<\/tr>\n<tr>\n<td>Digital 5x<\/td>\n<\/tr>\n<tr>\n<td>Puertos<\/td>\n<\/tr>\n<tr>\n<td>1 usb type-c\u00ae con velocidad de se\u00f1alizaci\u00f3n de 5 gbps; 1 rj-11; 2 salidas hdmi 2.0 (s\u00f3lo para soporte de aprovisionamiento); 1 puerto ethernet rj-45; 1 entrada hdmi 1.4 (no compatible); 2 usb tipo-a con velocidad de se\u00f1alizaci\u00f3n de 5 gbps (desactivado de forma predeterminada, se puede activar en la aplicaci\u00f3n poly lens)<\/td>\n<\/tr>\n<tr>\n<td>Capacidades de red<\/td>\n<\/tr>\n<tr>\n<td>Ipv4; ipv6; 1 ethernet 10\/100\/1g; compatible con proxy web: basic, digest y ntlm<\/td>\n<\/tr>\n<tr>\n<td>Tecnolog\u00edas inal\u00e1mbricas<\/td>\n<\/tr>\n<tr>\n<td>Simultaneidad multicanal wi-fi 802.11a\/b\/g\/n\/ac\/ax (mimo); bluetooth\u00ae 5.0 (receptor de audio no compatible)<\/td>\n<\/tr>\n<tr>\n<td>Tecnolog\u00eda de c\u00e1mara inteligente<\/td>\n<\/tr>\n<tr>\n<td>Poly directorai con encuadre de oradores; encuadre de personas; encuadre de grupo; per\u00edmetro directorai<\/td>\n<\/tr>\n<tr>\n<td>Gesti\u00f3n de seguridad<\/td>\n<\/tr>\n<tr>\n<td>Cifrado aes de 128 bits; cifrado aes de 256 bits; acceso autenticado a los men\u00fas de administraci\u00f3n, interfaz web y api; bfcp; configuraci\u00f3n de la pol\u00edtica de contrase\u00f1as de cuentas locales<\/td>\n<\/tr>\n<tr>\n<td>Margen de temperaturas operativas<\/td>\n<\/tr>\n<tr>\n<td>0 a 40\u00b0c<\/td>\n<\/tr>\n<tr>\n<td>Rango de humedad en inactividad<\/td>\n<\/tr>\n<tr>\n<td>De 15 a 95%<\/td>\n<\/tr>\n<tr>\n<td>Intervalo de humedad en funcionamiento<\/td>\n<\/tr>\n<tr>\n<td>15 a 80%<\/td>\n<\/tr>\n<tr>\n<td>Dimensiones m\u00ednimas (anch. x prof. x alt.)<\/td>\n<\/tr>\n<tr>\n<td>769,5 x 115,2 x 103 mm<\/td>\n<\/tr>\n<tr>\n<td>Dimensiones del embalaje (an x f x al)<\/td>\n<\/tr>\n<tr>\n<td>850 x 205 x 145 mm<\/td>\n<\/tr>\n<tr>\n<td>Dimensiones del pallet (an x f x al)<\/td>\n<\/tr>\n<tr>\n<td>120 x 100 x 12,8 cm<\/td>\n<\/tr>\n<tr>\n<td>Cartones por capa<\/td>\n<\/tr>\n<tr>\n<td>9<\/td>\n<\/tr>\n<tr>\n<td>Peso<\/td>\n<\/tr>\n<tr>\n<td>2540 g<\/td>\n<\/tr>\n<tr>\n<td>Peso del empaque<\/td>\n<\/tr>\n<tr>\n<td>3000 g<\/td>\n<\/tr>\n<tr>\n<td>Peso del pallet<\/td>\n<\/tr>\n<tr>\n<td>513,3 kg<\/td>\n<\/tr>\n<tr>\n<td>Contenido de la caja<\/td>\n<\/tr>\n<tr>\n<td>Cable ethernet; abrazadera para monitor; cubierta de privacidad; gu\u00eda de inicio r\u00e1pido; tarjeta de garant\u00eda; aviso sobre el producto; adaptador de potencia de ca; cable hdmi; cable de alimentaci\u00f3n; cable usb tipo-a a usb tipo-c\u00ae; poly studio v52; documentos de seguridad; documentos de cumplimiento<\/td>\n<\/tr>\n<tr>\n<td>Garant\u00eda del fabricante<\/td>\n<\/tr>\n<tr>\n<td>Garant\u00eda limitada est\u00e1ndar de un a\u00f1o de poly<\/td>\n<\/tr>\n<\/table>\n","protected":false},"excerpt":{"rendered":"<p>Amplie la imagen y vea los detalles m\u00e1s peque\u00f1os con la c\u00e1mara 4k ultrahd de 20mp y 95 grados de campo de visi\u00f3n, cuidadosamente dise\u00f1ada para espacios medianos. Controle su implementaci\u00f3n desde cualquier lugar a trav\u00e9s de la administraci\u00f3n remota con el software de administraci\u00f3n de dispositivos basado en la nube poly lens. Gracias a los altavoces est\u00e9reo integrados capte claramente las voces en el otro extremo de la mesa gracias a la tecnolog\u00eda poly noiseblockai y acoustic fence<\/p>\n","protected":false},"featured_media":0,"comment_status":"open","ping_status":"open","template":"","meta":[],"product_cat":[2012,2011],"product_tag":[2035],"acf":[],"yoast_head":"<!-- This site is optimized with the Yoast SEO plugin v21.7 - https:\/\/yoast.com\/wordpress\/plugins\/seo\/ -->\n<title>[ Poly ] &#129351; A09d4aa#abm Sistema De Videoconferencia Hp V52 | C\u00e1mara De 20mp | Hdmi | 4k Ultra Hd | Usb-a\/usb-c<\/title>\n<meta name=\"description\" content=\"Compra A09d4aa#abm Sistema De Videoconferencia Hp V52 | C\u00e1mara De 20mp | Hdmi | 4k Ultra Hd | Usb-a\/usb-c + Env\u00edo a domicilio + Pago seguro + Garant\u00eda\" \/>\n<meta name=\"robots\" content=\"index, follow, max-snippet:-1, max-image-preview:large, max-video-preview:-1\" \/>\n<link rel=\"canonical\" href=\"https:\/\/compuviper.mx\/tienda\/producto\/poly-a09d4aaabm-sistema-de-videoconferencia-hp-v52-cmara-de-20mp-hdmi-4k-ultra-hd-usb-a-usb-c\/\" \/>\n<meta property=\"og:locale\" content=\"es_MX\" \/>\n<meta property=\"og:type\" content=\"article\" \/>\n<meta property=\"og:title\" content=\"[ Poly ] &#129351; A09d4aa#abm Sistema De Videoconferencia Hp V52 | C\u00e1mara De 20mp | Hdmi | 4k Ultra Hd | Usb-a\/usb-c\" \/>\n<meta property=\"og:description\" content=\"Compra A09d4aa#abm Sistema De Videoconferencia Hp V52 | C\u00e1mara De 20mp | Hdmi | 4k Ultra Hd | Usb-a\/usb-c + Env\u00edo a domicilio + Pago seguro + Garant\u00eda\" \/>\n<meta property=\"og:url\" content=\"https:\/\/compuviper.mx\/tienda\/producto\/poly-a09d4aaabm-sistema-de-videoconferencia-hp-v52-cmara-de-20mp-hdmi-4k-ultra-hd-usb-a-usb-c\/\" \/>\n<meta property=\"og:site_name\" content=\"Compuviper\" \/>\n<meta property=\"article:publisher\" content=\"https:\/\/www.facebook.com\/compuviper\" \/>\n<meta property=\"article:modified_time\" content=\"2026-04-14T08:25:19+00:00\" \/>\n<meta name=\"twitter:card\" content=\"summary_large_image\" \/>\n<meta name=\"twitter:label1\" content=\"Precio\" \/>\n\t<meta name=\"twitter:data1\" content=\"&#36;63,162 con IVA\" \/>\n\t<meta name=\"twitter:label2\" content=\"Availability\" \/>\n\t<meta name=\"twitter:data2\" content=\"On backorder\" \/>\n<script type=\"application\/ld+json\" class=\"yoast-schema-graph\">{\"@context\":\"https:\/\/schema.org\",\"@graph\":[{\"@type\":\"WebPage\",\"@id\":\"https:\/\/compuviper.mx\/tienda\/producto\/poly-a09d4aaabm-sistema-de-videoconferencia-hp-v52-cmara-de-20mp-hdmi-4k-ultra-hd-usb-a-usb-c\/\",\"url\":\"https:\/\/compuviper.mx\/tienda\/producto\/poly-a09d4aaabm-sistema-de-videoconferencia-hp-v52-cmara-de-20mp-hdmi-4k-ultra-hd-usb-a-usb-c\/\",\"name\":\"[ Poly ] &#129351; A09d4aa#abm Sistema De Videoconferencia Hp V52 | C\u00e1mara De 20mp | Hdmi | 4k Ultra Hd | Usb-a\/usb-c\",\"isPartOf\":{\"@id\":\"https:\/\/compuviper.mx\/tienda\/#website\"},\"datePublished\":\"2026-04-14T08:25:18+00:00\",\"dateModified\":\"2026-04-14T08:25:19+00:00\",\"description\":\"Compra A09d4aa#abm Sistema De Videoconferencia Hp V52 | C\u00e1mara De 20mp | Hdmi | 4k Ultra Hd | Usb-a\/usb-c + Env\u00edo a domicilio + Pago seguro + Garant\u00eda\",\"breadcrumb\":{\"@id\":\"https:\/\/compuviper.mx\/tienda\/producto\/poly-a09d4aaabm-sistema-de-videoconferencia-hp-v52-cmara-de-20mp-hdmi-4k-ultra-hd-usb-a-usb-c\/#breadcrumb\"},\"inLanguage\":\"es-MX\",\"potentialAction\":[{\"@type\":\"ReadAction\",\"target\":[\"https:\/\/compuviper.mx\/tienda\/producto\/poly-a09d4aaabm-sistema-de-videoconferencia-hp-v52-cmara-de-20mp-hdmi-4k-ultra-hd-usb-a-usb-c\/\"]}]},{\"@type\":\"BreadcrumbList\",\"@id\":\"https:\/\/compuviper.mx\/tienda\/producto\/poly-a09d4aaabm-sistema-de-videoconferencia-hp-v52-cmara-de-20mp-hdmi-4k-ultra-hd-usb-a-usb-c\/#breadcrumb\",\"itemListElement\":[{\"@type\":\"ListItem\",\"position\":1,\"name\":\"Inicio\",\"item\":\"https:\/\/compuviper.mx\/tienda\/\"},{\"@type\":\"ListItem\",\"position\":2,\"name\":\"Productos\",\"item\":\"https:\/\/compuviper.mx\/tienda\/productos\/\"},{\"@type\":\"ListItem\",\"position\":3,\"name\":\"Videoconferencia\",\"item\":\"https:\/\/compuviper.mx\/tienda\/categoria-producto\/videoconferencia\/\"},{\"@type\":\"ListItem\",\"position\":4,\"name\":\"Sin Categor\u00eda\",\"item\":\"https:\/\/compuviper.mx\/tienda\/categoria-producto\/videoconferencia\/sin-categoria-videoconferencia\/\"},{\"@type\":\"ListItem\",\"position\":5,\"name\":\"Poly A09d4aa#abm Sistema De Videoconferencia Hp V52 | C?mara De 20mp | Hdmi | 4k Ultra Hd | Usb-a\/usb-c\"}]},{\"@type\":\"WebSite\",\"@id\":\"https:\/\/compuviper.mx\/tienda\/#website\",\"url\":\"https:\/\/compuviper.mx\/tienda\/\",\"name\":\"Compuviper\",\"description\":\"Proveedor de Computadoras, Laptops, Servidores, Monitores, Puntos de Venta, Teclados,   Impresoras, T\u00f3ner, C\u00e1maras de Seguridad y m\u00e1s en tu tienda en l\u00ednea\",\"publisher\":{\"@id\":\"https:\/\/compuviper.mx\/tienda\/#organization\"},\"potentialAction\":[{\"@type\":\"SearchAction\",\"target\":{\"@type\":\"EntryPoint\",\"urlTemplate\":\"https:\/\/compuviper.mx\/tienda\/?s={search_term_string}\"},\"query-input\":\"required name=search_term_string\"}],\"inLanguage\":\"es-MX\"},{\"@type\":\"Organization\",\"@id\":\"https:\/\/compuviper.mx\/tienda\/#organization\",\"name\":\"Compuviper\",\"url\":\"https:\/\/compuviper.mx\/tienda\/\",\"logo\":{\"@type\":\"ImageObject\",\"inLanguage\":\"es-MX\",\"@id\":\"https:\/\/compuviper.mx\/tienda\/#\/schema\/logo\/image\/\",\"url\":\"https:\/\/compuviper.mx\/tienda\/wp-content\/uploads\/2021\/08\/Logo-Compuviper-10.png\",\"contentUrl\":\"https:\/\/compuviper.mx\/tienda\/wp-content\/uploads\/2021\/08\/Logo-Compuviper-10.png\",\"width\":1000,\"height\":500,\"caption\":\"Compuviper\"},\"image\":{\"@id\":\"https:\/\/compuviper.mx\/tienda\/#\/schema\/logo\/image\/\"},\"sameAs\":[\"https:\/\/www.facebook.com\/compuviper\",\"https:\/\/www.youtube.com\/channel\/UCf73dERp9Y3cfOq7q8BhLjA?view_as=subscriber\"]}]}<\/script>\n<meta property=\"product:brand\" content=\"POLY\" \/>\n<meta property=\"product:price:amount\" content=\"63162\" \/>\n<meta property=\"product:price:currency\" content=\"MXN\" \/>\n<meta property=\"og:availability\" content=\"backorder\" \/>\n<meta property=\"product:availability\" content=\"available for order\" \/>\n<meta property=\"product:retailer_item_id\" content=\"A09D4AA#ABM\" \/>\n<meta property=\"product:condition\" content=\"new\" \/>\n<!-- \/ Yoast SEO plugin. -->","yoast_head_json":{"title":"[ Poly ] &#129351; A09d4aa#abm Sistema De Videoconferencia Hp V52 | C\u00e1mara De 20mp | Hdmi | 4k Ultra Hd | Usb-a\/usb-c","description":"Compra A09d4aa#abm Sistema De Videoconferencia Hp V52 | C\u00e1mara De 20mp | Hdmi | 4k Ultra Hd | Usb-a\/usb-c + Env\u00edo a domicilio + Pago seguro + Garant\u00eda","robots":{"index":"index","follow":"follow","max-snippet":"max-snippet:-1","max-image-preview":"max-image-preview:large","max-video-preview":"max-video-preview:-1"},"canonical":"https:\/\/compuviper.mx\/tienda\/producto\/poly-a09d4aaabm-sistema-de-videoconferencia-hp-v52-cmara-de-20mp-hdmi-4k-ultra-hd-usb-a-usb-c\/","og_locale":"es_MX","og_type":"article","og_title":"[ Poly ] &#129351; A09d4aa#abm Sistema De Videoconferencia Hp V52 | C\u00e1mara De 20mp | Hdmi | 4k Ultra Hd | Usb-a\/usb-c","og_description":"Compra A09d4aa#abm Sistema De Videoconferencia Hp V52 | C\u00e1mara De 20mp | Hdmi | 4k Ultra Hd | Usb-a\/usb-c + Env\u00edo a domicilio + Pago seguro + Garant\u00eda","og_url":"https:\/\/compuviper.mx\/tienda\/producto\/poly-a09d4aaabm-sistema-de-videoconferencia-hp-v52-cmara-de-20mp-hdmi-4k-ultra-hd-usb-a-usb-c\/","og_site_name":"Compuviper","article_publisher":"https:\/\/www.facebook.com\/compuviper","article_modified_time":"2026-04-14T08:25:19+00:00","twitter_card":"summary_large_image","twitter_misc":{"Precio":"&#36;63,162 con IVA","Availability":"On backorder"},"schema":{"@context":"https:\/\/schema.org","@graph":[{"@type":"WebPage","@id":"https:\/\/compuviper.mx\/tienda\/producto\/poly-a09d4aaabm-sistema-de-videoconferencia-hp-v52-cmara-de-20mp-hdmi-4k-ultra-hd-usb-a-usb-c\/","url":"https:\/\/compuviper.mx\/tienda\/producto\/poly-a09d4aaabm-sistema-de-videoconferencia-hp-v52-cmara-de-20mp-hdmi-4k-ultra-hd-usb-a-usb-c\/","name":"[ Poly ] &#129351; A09d4aa#abm Sistema De Videoconferencia Hp V52 | C\u00e1mara De 20mp | Hdmi | 4k Ultra Hd | Usb-a\/usb-c","isPartOf":{"@id":"https:\/\/compuviper.mx\/tienda\/#website"},"datePublished":"2026-04-14T08:25:18+00:00","dateModified":"2026-04-14T08:25:19+00:00","description":"Compra A09d4aa#abm Sistema De Videoconferencia Hp V52 | C\u00e1mara De 20mp | Hdmi | 4k Ultra Hd | Usb-a\/usb-c + Env\u00edo a domicilio + Pago seguro + Garant\u00eda","breadcrumb":{"@id":"https:\/\/compuviper.mx\/tienda\/producto\/poly-a09d4aaabm-sistema-de-videoconferencia-hp-v52-cmara-de-20mp-hdmi-4k-ultra-hd-usb-a-usb-c\/#breadcrumb"},"inLanguage":"es-MX","potentialAction":[{"@type":"ReadAction","target":["https:\/\/compuviper.mx\/tienda\/producto\/poly-a09d4aaabm-sistema-de-videoconferencia-hp-v52-cmara-de-20mp-hdmi-4k-ultra-hd-usb-a-usb-c\/"]}]},{"@type":"BreadcrumbList","@id":"https:\/\/compuviper.mx\/tienda\/producto\/poly-a09d4aaabm-sistema-de-videoconferencia-hp-v52-cmara-de-20mp-hdmi-4k-ultra-hd-usb-a-usb-c\/#breadcrumb","itemListElement":[{"@type":"ListItem","position":1,"name":"Inicio","item":"https:\/\/compuviper.mx\/tienda\/"},{"@type":"ListItem","position":2,"name":"Productos","item":"https:\/\/compuviper.mx\/tienda\/productos\/"},{"@type":"ListItem","position":3,"name":"Videoconferencia","item":"https:\/\/compuviper.mx\/tienda\/categoria-producto\/videoconferencia\/"},{"@type":"ListItem","position":4,"name":"Sin Categor\u00eda","item":"https:\/\/compuviper.mx\/tienda\/categoria-producto\/videoconferencia\/sin-categoria-videoconferencia\/"},{"@type":"ListItem","position":5,"name":"Poly A09d4aa#abm Sistema De Videoconferencia Hp V52 | C?mara De 20mp | Hdmi | 4k Ultra Hd | Usb-a\/usb-c"}]},{"@type":"WebSite","@id":"https:\/\/compuviper.mx\/tienda\/#website","url":"https:\/\/compuviper.mx\/tienda\/","name":"Compuviper","description":"Proveedor de Computadoras, Laptops, Servidores, Monitores, Puntos de Venta, Teclados,   Impresoras, T\u00f3ner, C\u00e1maras de Seguridad y m\u00e1s en tu tienda en l\u00ednea","publisher":{"@id":"https:\/\/compuviper.mx\/tienda\/#organization"},"potentialAction":[{"@type":"SearchAction","target":{"@type":"EntryPoint","urlTemplate":"https:\/\/compuviper.mx\/tienda\/?s={search_term_string}"},"query-input":"required name=search_term_string"}],"inLanguage":"es-MX"},{"@type":"Organization","@id":"https:\/\/compuviper.mx\/tienda\/#organization","name":"Compuviper","url":"https:\/\/compuviper.mx\/tienda\/","logo":{"@type":"ImageObject","inLanguage":"es-MX","@id":"https:\/\/compuviper.mx\/tienda\/#\/schema\/logo\/image\/","url":"https:\/\/compuviper.mx\/tienda\/wp-content\/uploads\/2021\/08\/Logo-Compuviper-10.png","contentUrl":"https:\/\/compuviper.mx\/tienda\/wp-content\/uploads\/2021\/08\/Logo-Compuviper-10.png","width":1000,"height":500,"caption":"Compuviper"},"image":{"@id":"https:\/\/compuviper.mx\/tienda\/#\/schema\/logo\/image\/"},"sameAs":["https:\/\/www.facebook.com\/compuviper","https:\/\/www.youtube.com\/channel\/UCf73dERp9Y3cfOq7q8BhLjA?view_as=subscriber"]}]},"product_brand":"POLY","product_price_amount":"63162","product_price_currency":"MXN","og_availability":"backorder","product_availability":"available for order","product_retailer_item_id":"A09D4AA#ABM","product_condition":"new"},"_links":{"self":[{"href":"https:\/\/compuviper.mx\/tienda\/wp-json\/wp\/v2\/product\/262957"}],"collection":[{"href":"https:\/\/compuviper.mx\/tienda\/wp-json\/wp\/v2\/product"}],"about":[{"href":"https:\/\/compuviper.mx\/tienda\/wp-json\/wp\/v2\/types\/product"}],"replies":[{"embeddable":true,"href":"https:\/\/compuviper.mx\/tienda\/wp-json\/wp\/v2\/comments?post=262957"}],"wp:attachment":[{"href":"https:\/\/compuviper.mx\/tienda\/wp-json\/wp\/v2\/media?parent=262957"}],"wp:term":[{"taxonomy":"product_cat","embeddable":true,"href":"https:\/\/compuviper.mx\/tienda\/wp-json\/wp\/v2\/product_cat?post=262957"},{"taxonomy":"product_tag","embeddable":true,"href":"https:\/\/compuviper.mx\/tienda\/wp-json\/wp\/v2\/product_tag?post=262957"}],"curies":[{"name":"wp","href":"https:\/\/api.w.org\/{rel}","templated":true}]}}