{"id":262956,"date":"2026-04-17T02:30:23","date_gmt":"2026-04-17T08:30:23","guid":{"rendered":"https:\/\/compuviper.mx\/tienda\/producto\/poly-a9dd8aaabm-sistema-de-videoconferencia-hp-v12-usb-20mp-usb-c-usb-a-bluetooth-wi-fi\/"},"modified":"2026-04-17T02:30:24","modified_gmt":"2026-04-17T08:30:24","slug":"poly-a9dd8aaabm-sistema-de-videoconferencia-hp-v12-usb-20mp-usb-c-usb-a-bluetooth-wi-fi","status":"publish","type":"product","link":"https:\/\/compuviper.mx\/tienda\/producto\/poly-a9dd8aaabm-sistema-de-videoconferencia-hp-v12-usb-20mp-usb-c-usb-a-bluetooth-wi-fi\/","title":{"rendered":"Poly A9dd8aa#abm Sistema De Videoconferencia Hp   V12 | Usb |  20mp | Usb-c &#8211; Usb-a | Bluetooth | Wi-fi"},"content":{"rendered":"<table class=\"descripcion\">\n<tr>\n<td>-dise\u00f1o.<\/td>\n<\/tr>\n<tr>\n<td>Color del producto: blanco<\/td>\n<\/tr>\n<tr>\n<td>Tipo de montaje: recortar<\/td>\n<\/tr>\n<tr>\n<td>-peso y dimensiones.<\/td>\n<\/tr>\n<tr>\n<td>Ancho: 577 mm<\/td>\n<\/tr>\n<tr>\n<td>Profundidad: 67 mm<\/td>\n<\/tr>\n<tr>\n<td>Altura: 78 mm<\/td>\n<\/tr>\n<tr>\n<td>Peso: 817 g<\/td>\n<\/tr>\n<tr>\n<td>-c\u00e1mara fotogr\u00e1fica.<\/td>\n<\/tr>\n<tr>\n<td>Capacidad de zoom: si<\/td>\n<\/tr>\n<tr>\n<td>Zoom digital: 5x<\/td>\n<\/tr>\n<tr>\n<td>Campo de visi\u00f3n horizontal: 120\u00b0<\/td>\n<\/tr>\n<tr>\n<td>-v\u00eddeo.<\/td>\n<\/tr>\n<tr>\n<td>M\u00e1xima resoluci\u00f3n de video: 3840 x 2160 pixeles<\/td>\n<\/tr>\n<tr>\n<td>Tipo hd: 4k ultra hd<\/td>\n<\/tr>\n<tr>\n<td>Formato de v\u00eddeo soportado: 720p, 1080p, 2160p<\/td>\n<\/tr>\n<tr>\n<td>-condiciones ambientales.<\/td>\n<\/tr>\n<tr>\n<td>Intervalo de temperatura operativa: 0 &#8211; 40 \u00b0c<\/td>\n<\/tr>\n<tr>\n<td>Intervalo de humedad relativa para funcionamiento: 15 &#8211; 80%<\/td>\n<\/tr>\n<tr>\n<td>Intervalo de humedad relativa durante almacenaje: 5 &#8211; 95%<\/td>\n<\/tr>\n<tr>\n<td>-control de energ\u00eda.<\/td>\n<\/tr>\n<tr>\n<td>Alimentaci\u00f3n: cc<\/td>\n<\/tr>\n<tr>\n<td>-audio.<\/td>\n<\/tr>\n<tr>\n<td>Altavoces incorporados: si<\/td>\n<\/tr>\n<tr>\n<td>-desempe\u00f1o<\/td>\n<\/tr>\n<tr>\n<td>Wifi: si<\/td>\n<\/tr>\n<tr>\n<td>Wi-fi est\u00e1ndares: 802.11a, 802.11b, 802.11g, wi-fi 4 (802.11n), wi-fi 5 (802.11ac)<\/td>\n<\/tr>\n<tr>\n<td>Bluetooth:  si<\/td>\n<\/tr>\n<tr>\n<td>Versi\u00f3n de bluetooth: 5.0<\/td>\n<\/tr>\n<tr>\n<td>-contenido del embalaje.<\/td>\n<\/tr>\n<tr>\n<td>Cables incluidos: usb<\/td>\n<\/tr>\n<tr>\n<td>Gu\u00eda de configuraci\u00f3n r\u00e1pida:  si<\/td>\n<\/tr>\n<\/table>\n","protected":false},"excerpt":{"rendered":"<p>El sistema de videoconferencia poly videoconf. Usb-a\/usb-c a9dd8aa es un dispositivo dise\u00f1ado para facilitar la comunicaci\u00f3n visual en entornos profesionales. Este producto no cuenta con puertos hdmi, lo que lo hace adecuado para configuraciones espec\u00edficas que no requieren esta conexi\u00f3n. El conector usb es de tipo usb-a\/usb-c, lo que permite una amplia compatibilidad con diferentes dispositivos y facilita la conexi\u00f3n a computadoras y otros equipos. Este sistema de videoconferencia se presenta como una soluci\u00f3n eficiente para reuniones virtuales, ofreciendo una experiencia de comunicaci\u00f3n clara y efectiva. No se dispone de informaci\u00f3n sobre la diagonal de la pantalla ni sobre el tipo de hd, lo que sugiere que el enfoque principal del producto radica en su funcionalidad como sistema de videoconferencia. En resumen, el poly videoconf. Usb-a\/usb-c a9dd8aa es una herramienta \u00fatil para quienes buscan mejorar la calidad de sus interacciones a trav\u00e9s de video.<\/p>\n","protected":false},"featured_media":0,"comment_status":"open","ping_status":"open","template":"","meta":[],"product_cat":[2011,2012],"product_tag":[2035],"acf":[],"yoast_head":"<!-- This site is optimized with the Yoast SEO plugin v21.7 - https:\/\/yoast.com\/wordpress\/plugins\/seo\/ -->\n<title>[ Poly ] &#129351; A9dd8aa#abm Sistema De Videoconferencia Hp V12 | Usb | 20mp | Usb-c - Usb-a | Bluetooth | Wi-fi<\/title>\n<meta name=\"description\" content=\"Compra A9dd8aa#abm Sistema De Videoconferencia Hp V12 | Usb | 20mp | Usb-c - Usb-a | Bluetooth | Wi-fi + Env\u00edo a domicilio + Pago seguro + Garant\u00eda\" \/>\n<meta name=\"robots\" content=\"index, follow, max-snippet:-1, max-image-preview:large, max-video-preview:-1\" \/>\n<link rel=\"canonical\" href=\"https:\/\/compuviper.mx\/tienda\/producto\/poly-a9dd8aaabm-sistema-de-videoconferencia-hp-v12-usb-20mp-usb-c-usb-a-bluetooth-wi-fi\/\" \/>\n<meta property=\"og:locale\" content=\"es_MX\" \/>\n<meta property=\"og:type\" content=\"article\" \/>\n<meta property=\"og:title\" content=\"[ Poly ] &#129351; A9dd8aa#abm Sistema De Videoconferencia Hp V12 | Usb | 20mp | Usb-c - Usb-a | Bluetooth | Wi-fi\" \/>\n<meta property=\"og:description\" content=\"Compra A9dd8aa#abm Sistema De Videoconferencia Hp V12 | Usb | 20mp | Usb-c - Usb-a | Bluetooth | Wi-fi + Env\u00edo a domicilio + Pago seguro + Garant\u00eda\" \/>\n<meta property=\"og:url\" content=\"https:\/\/compuviper.mx\/tienda\/producto\/poly-a9dd8aaabm-sistema-de-videoconferencia-hp-v12-usb-20mp-usb-c-usb-a-bluetooth-wi-fi\/\" \/>\n<meta property=\"og:site_name\" content=\"Compuviper\" \/>\n<meta property=\"article:publisher\" content=\"https:\/\/www.facebook.com\/compuviper\" \/>\n<meta property=\"article:modified_time\" content=\"2026-04-17T08:30:24+00:00\" \/>\n<meta name=\"twitter:card\" content=\"summary_large_image\" \/>\n<meta name=\"twitter:label1\" content=\"Precio\" \/>\n\t<meta name=\"twitter:data1\" content=\"&#36;17,759 con IVA\" \/>\n\t<meta name=\"twitter:label2\" content=\"Availability\" \/>\n\t<meta name=\"twitter:data2\" content=\"Out of stock\" \/>\n<script type=\"application\/ld+json\" class=\"yoast-schema-graph\">{\"@context\":\"https:\/\/schema.org\",\"@graph\":[{\"@type\":\"WebPage\",\"@id\":\"https:\/\/compuviper.mx\/tienda\/producto\/poly-a9dd8aaabm-sistema-de-videoconferencia-hp-v12-usb-20mp-usb-c-usb-a-bluetooth-wi-fi\/\",\"url\":\"https:\/\/compuviper.mx\/tienda\/producto\/poly-a9dd8aaabm-sistema-de-videoconferencia-hp-v12-usb-20mp-usb-c-usb-a-bluetooth-wi-fi\/\",\"name\":\"[ Poly ] &#129351; A9dd8aa#abm Sistema De Videoconferencia Hp V12 | Usb | 20mp | Usb-c - Usb-a | Bluetooth | Wi-fi\",\"isPartOf\":{\"@id\":\"https:\/\/compuviper.mx\/tienda\/#website\"},\"datePublished\":\"2026-04-17T08:30:23+00:00\",\"dateModified\":\"2026-04-17T08:30:24+00:00\",\"description\":\"Compra A9dd8aa#abm Sistema De Videoconferencia Hp V12 | Usb | 20mp | Usb-c - Usb-a | Bluetooth | Wi-fi + Env\u00edo a domicilio + Pago seguro + Garant\u00eda\",\"breadcrumb\":{\"@id\":\"https:\/\/compuviper.mx\/tienda\/producto\/poly-a9dd8aaabm-sistema-de-videoconferencia-hp-v12-usb-20mp-usb-c-usb-a-bluetooth-wi-fi\/#breadcrumb\"},\"inLanguage\":\"es-MX\",\"potentialAction\":[{\"@type\":\"ReadAction\",\"target\":[\"https:\/\/compuviper.mx\/tienda\/producto\/poly-a9dd8aaabm-sistema-de-videoconferencia-hp-v12-usb-20mp-usb-c-usb-a-bluetooth-wi-fi\/\"]}]},{\"@type\":\"BreadcrumbList\",\"@id\":\"https:\/\/compuviper.mx\/tienda\/producto\/poly-a9dd8aaabm-sistema-de-videoconferencia-hp-v12-usb-20mp-usb-c-usb-a-bluetooth-wi-fi\/#breadcrumb\",\"itemListElement\":[{\"@type\":\"ListItem\",\"position\":1,\"name\":\"Inicio\",\"item\":\"https:\/\/compuviper.mx\/tienda\/\"},{\"@type\":\"ListItem\",\"position\":2,\"name\":\"Productos\",\"item\":\"https:\/\/compuviper.mx\/tienda\/productos\/\"},{\"@type\":\"ListItem\",\"position\":3,\"name\":\"Videoconferencia\",\"item\":\"https:\/\/compuviper.mx\/tienda\/categoria-producto\/videoconferencia\/\"},{\"@type\":\"ListItem\",\"position\":4,\"name\":\"Sin Categor\u00eda\",\"item\":\"https:\/\/compuviper.mx\/tienda\/categoria-producto\/videoconferencia\/sin-categoria-videoconferencia\/\"},{\"@type\":\"ListItem\",\"position\":5,\"name\":\"Poly A9dd8aa#abm Sistema De Videoconferencia Hp V12 | Usb | 20mp | Usb-c &#8211; Usb-a | Bluetooth | Wi-fi\"}]},{\"@type\":\"WebSite\",\"@id\":\"https:\/\/compuviper.mx\/tienda\/#website\",\"url\":\"https:\/\/compuviper.mx\/tienda\/\",\"name\":\"Compuviper\",\"description\":\"Proveedor de Computadoras, Laptops, Servidores, Monitores, Puntos de Venta, Teclados,   Impresoras, T\u00f3ner, C\u00e1maras de Seguridad y m\u00e1s en tu tienda en l\u00ednea\",\"publisher\":{\"@id\":\"https:\/\/compuviper.mx\/tienda\/#organization\"},\"potentialAction\":[{\"@type\":\"SearchAction\",\"target\":{\"@type\":\"EntryPoint\",\"urlTemplate\":\"https:\/\/compuviper.mx\/tienda\/?s={search_term_string}\"},\"query-input\":\"required name=search_term_string\"}],\"inLanguage\":\"es-MX\"},{\"@type\":\"Organization\",\"@id\":\"https:\/\/compuviper.mx\/tienda\/#organization\",\"name\":\"Compuviper\",\"url\":\"https:\/\/compuviper.mx\/tienda\/\",\"logo\":{\"@type\":\"ImageObject\",\"inLanguage\":\"es-MX\",\"@id\":\"https:\/\/compuviper.mx\/tienda\/#\/schema\/logo\/image\/\",\"url\":\"https:\/\/compuviper.mx\/tienda\/wp-content\/uploads\/2021\/08\/Logo-Compuviper-10.png\",\"contentUrl\":\"https:\/\/compuviper.mx\/tienda\/wp-content\/uploads\/2021\/08\/Logo-Compuviper-10.png\",\"width\":1000,\"height\":500,\"caption\":\"Compuviper\"},\"image\":{\"@id\":\"https:\/\/compuviper.mx\/tienda\/#\/schema\/logo\/image\/\"},\"sameAs\":[\"https:\/\/www.facebook.com\/compuviper\",\"https:\/\/www.youtube.com\/channel\/UCf73dERp9Y3cfOq7q8BhLjA?view_as=subscriber\"]}]}<\/script>\n<meta property=\"product:brand\" content=\"POLY\" \/>\n<meta property=\"product:price:amount\" content=\"17759\" \/>\n<meta property=\"product:price:currency\" content=\"MXN\" \/>\n<meta property=\"og:availability\" content=\"out of stock\" \/>\n<meta property=\"product:availability\" content=\"out of stock\" \/>\n<meta property=\"product:retailer_item_id\" content=\"A9DD8AA#ABM\" \/>\n<meta property=\"product:condition\" content=\"new\" \/>\n<!-- \/ Yoast SEO plugin. -->","yoast_head_json":{"title":"[ Poly ] &#129351; A9dd8aa#abm Sistema De Videoconferencia Hp V12 | Usb | 20mp | Usb-c - Usb-a | Bluetooth | Wi-fi","description":"Compra A9dd8aa#abm Sistema De Videoconferencia Hp V12 | Usb | 20mp | Usb-c - Usb-a | Bluetooth | Wi-fi + Env\u00edo a domicilio + Pago seguro + Garant\u00eda","robots":{"index":"index","follow":"follow","max-snippet":"max-snippet:-1","max-image-preview":"max-image-preview:large","max-video-preview":"max-video-preview:-1"},"canonical":"https:\/\/compuviper.mx\/tienda\/producto\/poly-a9dd8aaabm-sistema-de-videoconferencia-hp-v12-usb-20mp-usb-c-usb-a-bluetooth-wi-fi\/","og_locale":"es_MX","og_type":"article","og_title":"[ Poly ] &#129351; A9dd8aa#abm Sistema De Videoconferencia Hp V12 | Usb | 20mp | Usb-c - Usb-a | Bluetooth | Wi-fi","og_description":"Compra A9dd8aa#abm Sistema De Videoconferencia Hp V12 | Usb | 20mp | Usb-c - Usb-a | Bluetooth | Wi-fi + Env\u00edo a domicilio + Pago seguro + Garant\u00eda","og_url":"https:\/\/compuviper.mx\/tienda\/producto\/poly-a9dd8aaabm-sistema-de-videoconferencia-hp-v12-usb-20mp-usb-c-usb-a-bluetooth-wi-fi\/","og_site_name":"Compuviper","article_publisher":"https:\/\/www.facebook.com\/compuviper","article_modified_time":"2026-04-17T08:30:24+00:00","twitter_card":"summary_large_image","twitter_misc":{"Precio":"&#36;17,759 con IVA","Availability":"Out of stock"},"schema":{"@context":"https:\/\/schema.org","@graph":[{"@type":"WebPage","@id":"https:\/\/compuviper.mx\/tienda\/producto\/poly-a9dd8aaabm-sistema-de-videoconferencia-hp-v12-usb-20mp-usb-c-usb-a-bluetooth-wi-fi\/","url":"https:\/\/compuviper.mx\/tienda\/producto\/poly-a9dd8aaabm-sistema-de-videoconferencia-hp-v12-usb-20mp-usb-c-usb-a-bluetooth-wi-fi\/","name":"[ Poly ] &#129351; A9dd8aa#abm Sistema De Videoconferencia Hp V12 | Usb | 20mp | Usb-c - Usb-a | Bluetooth | Wi-fi","isPartOf":{"@id":"https:\/\/compuviper.mx\/tienda\/#website"},"datePublished":"2026-04-17T08:30:23+00:00","dateModified":"2026-04-17T08:30:24+00:00","description":"Compra A9dd8aa#abm Sistema De Videoconferencia Hp V12 | Usb | 20mp | Usb-c - Usb-a | Bluetooth | Wi-fi + Env\u00edo a domicilio + Pago seguro + Garant\u00eda","breadcrumb":{"@id":"https:\/\/compuviper.mx\/tienda\/producto\/poly-a9dd8aaabm-sistema-de-videoconferencia-hp-v12-usb-20mp-usb-c-usb-a-bluetooth-wi-fi\/#breadcrumb"},"inLanguage":"es-MX","potentialAction":[{"@type":"ReadAction","target":["https:\/\/compuviper.mx\/tienda\/producto\/poly-a9dd8aaabm-sistema-de-videoconferencia-hp-v12-usb-20mp-usb-c-usb-a-bluetooth-wi-fi\/"]}]},{"@type":"BreadcrumbList","@id":"https:\/\/compuviper.mx\/tienda\/producto\/poly-a9dd8aaabm-sistema-de-videoconferencia-hp-v12-usb-20mp-usb-c-usb-a-bluetooth-wi-fi\/#breadcrumb","itemListElement":[{"@type":"ListItem","position":1,"name":"Inicio","item":"https:\/\/compuviper.mx\/tienda\/"},{"@type":"ListItem","position":2,"name":"Productos","item":"https:\/\/compuviper.mx\/tienda\/productos\/"},{"@type":"ListItem","position":3,"name":"Videoconferencia","item":"https:\/\/compuviper.mx\/tienda\/categoria-producto\/videoconferencia\/"},{"@type":"ListItem","position":4,"name":"Sin Categor\u00eda","item":"https:\/\/compuviper.mx\/tienda\/categoria-producto\/videoconferencia\/sin-categoria-videoconferencia\/"},{"@type":"ListItem","position":5,"name":"Poly A9dd8aa#abm Sistema De Videoconferencia Hp V12 | Usb | 20mp | Usb-c &#8211; Usb-a | Bluetooth | Wi-fi"}]},{"@type":"WebSite","@id":"https:\/\/compuviper.mx\/tienda\/#website","url":"https:\/\/compuviper.mx\/tienda\/","name":"Compuviper","description":"Proveedor de Computadoras, Laptops, Servidores, Monitores, Puntos de Venta, Teclados,   Impresoras, T\u00f3ner, C\u00e1maras de Seguridad y m\u00e1s en tu tienda en l\u00ednea","publisher":{"@id":"https:\/\/compuviper.mx\/tienda\/#organization"},"potentialAction":[{"@type":"SearchAction","target":{"@type":"EntryPoint","urlTemplate":"https:\/\/compuviper.mx\/tienda\/?s={search_term_string}"},"query-input":"required name=search_term_string"}],"inLanguage":"es-MX"},{"@type":"Organization","@id":"https:\/\/compuviper.mx\/tienda\/#organization","name":"Compuviper","url":"https:\/\/compuviper.mx\/tienda\/","logo":{"@type":"ImageObject","inLanguage":"es-MX","@id":"https:\/\/compuviper.mx\/tienda\/#\/schema\/logo\/image\/","url":"https:\/\/compuviper.mx\/tienda\/wp-content\/uploads\/2021\/08\/Logo-Compuviper-10.png","contentUrl":"https:\/\/compuviper.mx\/tienda\/wp-content\/uploads\/2021\/08\/Logo-Compuviper-10.png","width":1000,"height":500,"caption":"Compuviper"},"image":{"@id":"https:\/\/compuviper.mx\/tienda\/#\/schema\/logo\/image\/"},"sameAs":["https:\/\/www.facebook.com\/compuviper","https:\/\/www.youtube.com\/channel\/UCf73dERp9Y3cfOq7q8BhLjA?view_as=subscriber"]}]},"product_brand":"POLY","product_price_amount":"17759","product_price_currency":"MXN","og_availability":"out of stock","product_availability":"out of stock","product_retailer_item_id":"A9DD8AA#ABM","product_condition":"new"},"_links":{"self":[{"href":"https:\/\/compuviper.mx\/tienda\/wp-json\/wp\/v2\/product\/262956"}],"collection":[{"href":"https:\/\/compuviper.mx\/tienda\/wp-json\/wp\/v2\/product"}],"about":[{"href":"https:\/\/compuviper.mx\/tienda\/wp-json\/wp\/v2\/types\/product"}],"replies":[{"embeddable":true,"href":"https:\/\/compuviper.mx\/tienda\/wp-json\/wp\/v2\/comments?post=262956"}],"wp:attachment":[{"href":"https:\/\/compuviper.mx\/tienda\/wp-json\/wp\/v2\/media?parent=262956"}],"wp:term":[{"taxonomy":"product_cat","embeddable":true,"href":"https:\/\/compuviper.mx\/tienda\/wp-json\/wp\/v2\/product_cat?post=262956"},{"taxonomy":"product_tag","embeddable":true,"href":"https:\/\/compuviper.mx\/tienda\/wp-json\/wp\/v2\/product_tag?post=262956"}],"curies":[{"name":"wp","href":"https:\/\/api.w.org\/{rel}","templated":true}]}}