{"id":262939,"date":"2026-04-15T01:22:12","date_gmt":"2026-04-15T07:22:12","guid":{"rendered":"https:\/\/compuviper.mx\/tienda\/producto\/asus-bm1403cda-r58g512-p2-laptop-expertbook-bm1403cda-amd-ryzen-5-7535hs-8gb-ddr5-512gb-ssd-14-0-pulgadas-windows-pro-11-color-gentle-grey-1-ao-de-garanta\/"},"modified":"2026-04-15T01:22:12","modified_gmt":"2026-04-15T07:22:12","slug":"asus-bm1403cda-r58g512-p2-laptop-expertbook-bm1403cda-amd-ryzen-5-7535hs-8gb-ddr5-512gb-ssd-14-0-pulgadas-windows-pro-11-color-gentle-grey-3-ao-de-garanta","status":"publish","type":"product","link":"https:\/\/compuviper.mx\/tienda\/producto\/asus-bm1403cda-r58g512-p2-laptop-expertbook-bm1403cda-amd-ryzen-5-7535hs-8gb-ddr5-512gb-ssd-14-0-pulgadas-windows-pro-11-color-gentle-grey-3-ao-de-garanta\/","title":{"rendered":"Asus Bm1403cda-r58g512-p2 Laptop  Expertbook Bm1403cda, Amd Ryzen 5 7535hs, 8gb Ddr5, 512gb Ssd, 14.0 Pulgadas, Windows Pro 11, Color Gentle Grey, 3 A?o De Garanta."},"content":{"rendered":"<table class=\"descripcion\">\n<tr>\n<td>Cod fabricante: bm1403cda-r58g512-p2<\/td>\n<\/tr>\n<tr>\n<td>Num parte: 90nx0831-m01ms0<\/td>\n<\/tr>\n<tr>\n<td>Procesador: amd ryzen\u0099 5 7535hs processor  3.3 ghz (16mb cache, up to 4.55 ghz, 6 cores, 12 threads)<\/td>\n<\/tr>\n<tr>\n<td>Igpu: amd radeon\u0099 680m<\/td>\n<\/tr>\n<tr>\n<td>Dise\u00f1o: 14.0-inch fhd (1920 x 1080) 16:9<\/td>\n<\/tr>\n<tr>\n<td>Memoria ram: 8gb ddr5 so-dimm<\/td>\n<\/tr>\n<tr>\n<td>Almacenamiento: 512gb m.2 2280 nvme\u0099 pcie\u00ae 4.0 ssd<\/td>\n<\/tr>\n<tr>\n<td>Peso: 1.39 kg (3.06 lbs)<\/td>\n<\/tr>\n<tr>\n<td>Dimensiones del equipo: 32.45 x 21.44 x 1.97 ~ 1.97 cm (12.78 x 8.44 x 0.78 ~ 0.78)  wxhxd<\/td>\n<\/tr>\n<tr>\n<td>Color: gentle grey<\/td>\n<\/tr>\n<tr>\n<td>Sistema operativo: wondows 11 pro<\/td>\n<\/tr>\n<tr>\n<td>Garantia de 1 a\u00f1o, directamente con marca<\/td>\n<\/tr>\n<\/table>\n","protected":false},"excerpt":{"rendered":"<p>Impulsa tu productividad con la asus expertbook bm1403cda, dise\u00f1ada para profesionales que necesitan rendimiento, movilidad y confiabilidad en un solo equipo. Equipada con el potente procesador amd ryzen\u0099 5 7535hs de 6 n\u00facleos y hasta 4.55 ghz, ofrece un desempe\u00f1o \u00e1gil y eficiente para las tareas m\u00e1s exigentes.Su pantalla de 14 full hd (1920 x 1080) brinda im\u00e1genes claras y colores vibrantes, mientras que su dise\u00f1o elegante en color gentle grey y su peso ligero de 1.39 kg la hacen perfecta para trabajar en cualquier lugar.Cuenta con 8gb de memoria ddr5 y un disco ssd nvme\u0099 pcie\u00ae 4.0 de 512gb, garantizando velocidad y capacidad para mantener tu flujo de trabajo sin interrupciones.Con sistema operativo windows 11 pro y gr\u00e1ficos amd radeon\u0099 680m, la asus expertbook bm1403cda ofrece una experiencia potente, moderna y fiable para los entornos empresariales m\u00e1s exigentes.<\/p>\n","protected":false},"featured_media":0,"comment_status":"open","ping_status":"open","template":"","meta":[],"product_cat":[1886,2151],"product_tag":[1729],"acf":[],"yoast_head":"<!-- This site is optimized with the Yoast SEO plugin v21.7 - https:\/\/yoast.com\/wordpress\/plugins\/seo\/ -->\n<title>[ Asus ] &#129351; Bm1403cda-r58g512-p2 Laptop Expertbook Bm1403cda, Amd Ryzen 5 7535hs, 8gb Ddr5, 512gb Ssd, 14.0 Pulgadas, Windows Pro 11, Color Gentle Grey, 3 A\u00f1o De Garanta.<\/title>\n<meta name=\"description\" content=\"Compra Bm1403cda-r58g512-p2 Laptop Expertbook Bm1403cda, Amd Ryzen 5 7535hs, 8gb Ddr5, 512gb Ssd, 14.0 Pulgadas, Windows Pro 11, Color Gentle Grey, 3 A\u00f1o De Garanta. + Env\u00edo a domicilio + Pago seguro + Garant\u00eda\" \/>\n<meta name=\"robots\" content=\"index, follow, max-snippet:-1, max-image-preview:large, max-video-preview:-1\" \/>\n<link rel=\"canonical\" href=\"https:\/\/compuviper.mx\/tienda\/producto\/asus-bm1403cda-r58g512-p2-laptop-expertbook-bm1403cda-amd-ryzen-5-7535hs-8gb-ddr5-512gb-ssd-14-0-pulgadas-windows-pro-11-color-gentle-grey-3-ao-de-garanta\/\" \/>\n<meta property=\"og:locale\" content=\"es_MX\" \/>\n<meta property=\"og:type\" content=\"article\" \/>\n<meta property=\"og:title\" content=\"[ Asus ] &#129351; Bm1403cda-r58g512-p2 Laptop Expertbook Bm1403cda, Amd Ryzen 5 7535hs, 8gb Ddr5, 512gb Ssd, 14.0 Pulgadas, Windows Pro 11, Color Gentle Grey, 3 A\u00f1o De Garanta.\" \/>\n<meta property=\"og:description\" content=\"Compra Bm1403cda-r58g512-p2 Laptop Expertbook Bm1403cda, Amd Ryzen 5 7535hs, 8gb Ddr5, 512gb Ssd, 14.0 Pulgadas, Windows Pro 11, Color Gentle Grey, 3 A\u00f1o De Garanta. + Env\u00edo a domicilio + Pago seguro + Garant\u00eda\" \/>\n<meta property=\"og:url\" content=\"https:\/\/compuviper.mx\/tienda\/producto\/asus-bm1403cda-r58g512-p2-laptop-expertbook-bm1403cda-amd-ryzen-5-7535hs-8gb-ddr5-512gb-ssd-14-0-pulgadas-windows-pro-11-color-gentle-grey-3-ao-de-garanta\/\" \/>\n<meta property=\"og:site_name\" content=\"Compuviper\" \/>\n<meta property=\"article:publisher\" content=\"https:\/\/www.facebook.com\/compuviper\" \/>\n<meta name=\"twitter:card\" content=\"summary_large_image\" \/>\n<meta name=\"twitter:label1\" content=\"Precio\" \/>\n\t<meta name=\"twitter:data1\" content=\"&#36;10,012 con IVA\" \/>\n\t<meta name=\"twitter:label2\" content=\"Availability\" \/>\n\t<meta name=\"twitter:data2\" content=\"Out of stock\" \/>\n<script type=\"application\/ld+json\" class=\"yoast-schema-graph\">{\"@context\":\"https:\/\/schema.org\",\"@graph\":[{\"@type\":\"WebPage\",\"@id\":\"https:\/\/compuviper.mx\/tienda\/producto\/asus-bm1403cda-r58g512-p2-laptop-expertbook-bm1403cda-amd-ryzen-5-7535hs-8gb-ddr5-512gb-ssd-14-0-pulgadas-windows-pro-11-color-gentle-grey-3-ao-de-garanta\/\",\"url\":\"https:\/\/compuviper.mx\/tienda\/producto\/asus-bm1403cda-r58g512-p2-laptop-expertbook-bm1403cda-amd-ryzen-5-7535hs-8gb-ddr5-512gb-ssd-14-0-pulgadas-windows-pro-11-color-gentle-grey-3-ao-de-garanta\/\",\"name\":\"[ Asus ] &#129351; Bm1403cda-r58g512-p2 Laptop Expertbook Bm1403cda, Amd Ryzen 5 7535hs, 8gb Ddr5, 512gb Ssd, 14.0 Pulgadas, Windows Pro 11, Color Gentle Grey, 3 A\u00f1o De Garanta.\",\"isPartOf\":{\"@id\":\"https:\/\/compuviper.mx\/tienda\/#website\"},\"datePublished\":\"2026-04-15T07:22:12+00:00\",\"dateModified\":\"2026-04-15T07:22:12+00:00\",\"description\":\"Compra Bm1403cda-r58g512-p2 Laptop Expertbook Bm1403cda, Amd Ryzen 5 7535hs, 8gb Ddr5, 512gb Ssd, 14.0 Pulgadas, Windows Pro 11, Color Gentle Grey, 3 A\u00f1o De Garanta. + Env\u00edo a domicilio + Pago seguro + Garant\u00eda\",\"breadcrumb\":{\"@id\":\"https:\/\/compuviper.mx\/tienda\/producto\/asus-bm1403cda-r58g512-p2-laptop-expertbook-bm1403cda-amd-ryzen-5-7535hs-8gb-ddr5-512gb-ssd-14-0-pulgadas-windows-pro-11-color-gentle-grey-3-ao-de-garanta\/#breadcrumb\"},\"inLanguage\":\"es-MX\",\"potentialAction\":[{\"@type\":\"ReadAction\",\"target\":[\"https:\/\/compuviper.mx\/tienda\/producto\/asus-bm1403cda-r58g512-p2-laptop-expertbook-bm1403cda-amd-ryzen-5-7535hs-8gb-ddr5-512gb-ssd-14-0-pulgadas-windows-pro-11-color-gentle-grey-3-ao-de-garanta\/\"]}]},{\"@type\":\"BreadcrumbList\",\"@id\":\"https:\/\/compuviper.mx\/tienda\/producto\/asus-bm1403cda-r58g512-p2-laptop-expertbook-bm1403cda-amd-ryzen-5-7535hs-8gb-ddr5-512gb-ssd-14-0-pulgadas-windows-pro-11-color-gentle-grey-3-ao-de-garanta\/#breadcrumb\",\"itemListElement\":[{\"@type\":\"ListItem\",\"position\":1,\"name\":\"Inicio\",\"item\":\"https:\/\/compuviper.mx\/tienda\/\"},{\"@type\":\"ListItem\",\"position\":2,\"name\":\"Productos\",\"item\":\"https:\/\/compuviper.mx\/tienda\/productos\/\"},{\"@type\":\"ListItem\",\"position\":3,\"name\":\"Laptops\",\"item\":\"https:\/\/compuviper.mx\/tienda\/categoria-producto\/laptops\/\"},{\"@type\":\"ListItem\",\"position\":4,\"name\":\"Netbook\",\"item\":\"https:\/\/compuviper.mx\/tienda\/categoria-producto\/laptops\/netbook\/\"},{\"@type\":\"ListItem\",\"position\":5,\"name\":\"Asus Bm1403cda-r58g512-p2 Laptop Expertbook Bm1403cda, Amd Ryzen 5 7535hs, 8gb Ddr5, 512gb Ssd, 14.0 Pulgadas, Windows Pro 11, Color Gentle Grey, 3 A?o De Garanta.\"}]},{\"@type\":\"WebSite\",\"@id\":\"https:\/\/compuviper.mx\/tienda\/#website\",\"url\":\"https:\/\/compuviper.mx\/tienda\/\",\"name\":\"Compuviper\",\"description\":\"Proveedor de Computadoras, Laptops, Servidores, Monitores, Puntos de Venta, Teclados,   Impresoras, T\u00f3ner, C\u00e1maras de Seguridad y m\u00e1s en tu tienda en l\u00ednea\",\"publisher\":{\"@id\":\"https:\/\/compuviper.mx\/tienda\/#organization\"},\"potentialAction\":[{\"@type\":\"SearchAction\",\"target\":{\"@type\":\"EntryPoint\",\"urlTemplate\":\"https:\/\/compuviper.mx\/tienda\/?s={search_term_string}\"},\"query-input\":\"required name=search_term_string\"}],\"inLanguage\":\"es-MX\"},{\"@type\":\"Organization\",\"@id\":\"https:\/\/compuviper.mx\/tienda\/#organization\",\"name\":\"Compuviper\",\"url\":\"https:\/\/compuviper.mx\/tienda\/\",\"logo\":{\"@type\":\"ImageObject\",\"inLanguage\":\"es-MX\",\"@id\":\"https:\/\/compuviper.mx\/tienda\/#\/schema\/logo\/image\/\",\"url\":\"https:\/\/compuviper.mx\/tienda\/wp-content\/uploads\/2021\/08\/Logo-Compuviper-10.png\",\"contentUrl\":\"https:\/\/compuviper.mx\/tienda\/wp-content\/uploads\/2021\/08\/Logo-Compuviper-10.png\",\"width\":1000,\"height\":500,\"caption\":\"Compuviper\"},\"image\":{\"@id\":\"https:\/\/compuviper.mx\/tienda\/#\/schema\/logo\/image\/\"},\"sameAs\":[\"https:\/\/www.facebook.com\/compuviper\",\"https:\/\/www.youtube.com\/channel\/UCf73dERp9Y3cfOq7q8BhLjA?view_as=subscriber\"]}]}<\/script>\n<meta property=\"product:brand\" content=\"ASUS\" \/>\n<meta property=\"product:price:amount\" content=\"10012\" \/>\n<meta property=\"product:price:currency\" content=\"MXN\" \/>\n<meta property=\"og:availability\" content=\"out of stock\" \/>\n<meta property=\"product:availability\" content=\"out of stock\" \/>\n<meta property=\"product:retailer_item_id\" content=\"BM1403CDA-R58G512-P2\" \/>\n<meta property=\"product:condition\" content=\"new\" \/>\n<!-- \/ Yoast SEO plugin. -->","yoast_head_json":{"title":"[ Asus ] &#129351; Bm1403cda-r58g512-p2 Laptop Expertbook Bm1403cda, Amd Ryzen 5 7535hs, 8gb Ddr5, 512gb Ssd, 14.0 Pulgadas, Windows Pro 11, Color Gentle Grey, 3 A\u00f1o De Garanta.","description":"Compra Bm1403cda-r58g512-p2 Laptop Expertbook Bm1403cda, Amd Ryzen 5 7535hs, 8gb Ddr5, 512gb Ssd, 14.0 Pulgadas, Windows Pro 11, Color Gentle Grey, 3 A\u00f1o De Garanta. + Env\u00edo a domicilio + Pago seguro + Garant\u00eda","robots":{"index":"index","follow":"follow","max-snippet":"max-snippet:-1","max-image-preview":"max-image-preview:large","max-video-preview":"max-video-preview:-1"},"canonical":"https:\/\/compuviper.mx\/tienda\/producto\/asus-bm1403cda-r58g512-p2-laptop-expertbook-bm1403cda-amd-ryzen-5-7535hs-8gb-ddr5-512gb-ssd-14-0-pulgadas-windows-pro-11-color-gentle-grey-3-ao-de-garanta\/","og_locale":"es_MX","og_type":"article","og_title":"[ Asus ] &#129351; Bm1403cda-r58g512-p2 Laptop Expertbook Bm1403cda, Amd Ryzen 5 7535hs, 8gb Ddr5, 512gb Ssd, 14.0 Pulgadas, Windows Pro 11, Color Gentle Grey, 3 A\u00f1o De Garanta.","og_description":"Compra Bm1403cda-r58g512-p2 Laptop Expertbook Bm1403cda, Amd Ryzen 5 7535hs, 8gb Ddr5, 512gb Ssd, 14.0 Pulgadas, Windows Pro 11, Color Gentle Grey, 3 A\u00f1o De Garanta. + Env\u00edo a domicilio + Pago seguro + Garant\u00eda","og_url":"https:\/\/compuviper.mx\/tienda\/producto\/asus-bm1403cda-r58g512-p2-laptop-expertbook-bm1403cda-amd-ryzen-5-7535hs-8gb-ddr5-512gb-ssd-14-0-pulgadas-windows-pro-11-color-gentle-grey-3-ao-de-garanta\/","og_site_name":"Compuviper","article_publisher":"https:\/\/www.facebook.com\/compuviper","twitter_card":"summary_large_image","twitter_misc":{"Precio":"&#36;10,012 con IVA","Availability":"Out of stock"},"schema":{"@context":"https:\/\/schema.org","@graph":[{"@type":"WebPage","@id":"https:\/\/compuviper.mx\/tienda\/producto\/asus-bm1403cda-r58g512-p2-laptop-expertbook-bm1403cda-amd-ryzen-5-7535hs-8gb-ddr5-512gb-ssd-14-0-pulgadas-windows-pro-11-color-gentle-grey-3-ao-de-garanta\/","url":"https:\/\/compuviper.mx\/tienda\/producto\/asus-bm1403cda-r58g512-p2-laptop-expertbook-bm1403cda-amd-ryzen-5-7535hs-8gb-ddr5-512gb-ssd-14-0-pulgadas-windows-pro-11-color-gentle-grey-3-ao-de-garanta\/","name":"[ Asus ] &#129351; Bm1403cda-r58g512-p2 Laptop Expertbook Bm1403cda, Amd Ryzen 5 7535hs, 8gb Ddr5, 512gb Ssd, 14.0 Pulgadas, Windows Pro 11, Color Gentle Grey, 3 A\u00f1o De Garanta.","isPartOf":{"@id":"https:\/\/compuviper.mx\/tienda\/#website"},"datePublished":"2026-04-15T07:22:12+00:00","dateModified":"2026-04-15T07:22:12+00:00","description":"Compra Bm1403cda-r58g512-p2 Laptop Expertbook Bm1403cda, Amd Ryzen 5 7535hs, 8gb Ddr5, 512gb Ssd, 14.0 Pulgadas, Windows Pro 11, Color Gentle Grey, 3 A\u00f1o De Garanta. + Env\u00edo a domicilio + Pago seguro + Garant\u00eda","breadcrumb":{"@id":"https:\/\/compuviper.mx\/tienda\/producto\/asus-bm1403cda-r58g512-p2-laptop-expertbook-bm1403cda-amd-ryzen-5-7535hs-8gb-ddr5-512gb-ssd-14-0-pulgadas-windows-pro-11-color-gentle-grey-3-ao-de-garanta\/#breadcrumb"},"inLanguage":"es-MX","potentialAction":[{"@type":"ReadAction","target":["https:\/\/compuviper.mx\/tienda\/producto\/asus-bm1403cda-r58g512-p2-laptop-expertbook-bm1403cda-amd-ryzen-5-7535hs-8gb-ddr5-512gb-ssd-14-0-pulgadas-windows-pro-11-color-gentle-grey-3-ao-de-garanta\/"]}]},{"@type":"BreadcrumbList","@id":"https:\/\/compuviper.mx\/tienda\/producto\/asus-bm1403cda-r58g512-p2-laptop-expertbook-bm1403cda-amd-ryzen-5-7535hs-8gb-ddr5-512gb-ssd-14-0-pulgadas-windows-pro-11-color-gentle-grey-3-ao-de-garanta\/#breadcrumb","itemListElement":[{"@type":"ListItem","position":1,"name":"Inicio","item":"https:\/\/compuviper.mx\/tienda\/"},{"@type":"ListItem","position":2,"name":"Productos","item":"https:\/\/compuviper.mx\/tienda\/productos\/"},{"@type":"ListItem","position":3,"name":"Laptops","item":"https:\/\/compuviper.mx\/tienda\/categoria-producto\/laptops\/"},{"@type":"ListItem","position":4,"name":"Netbook","item":"https:\/\/compuviper.mx\/tienda\/categoria-producto\/laptops\/netbook\/"},{"@type":"ListItem","position":5,"name":"Asus Bm1403cda-r58g512-p2 Laptop Expertbook Bm1403cda, Amd Ryzen 5 7535hs, 8gb Ddr5, 512gb Ssd, 14.0 Pulgadas, Windows Pro 11, Color Gentle Grey, 3 A?o De Garanta."}]},{"@type":"WebSite","@id":"https:\/\/compuviper.mx\/tienda\/#website","url":"https:\/\/compuviper.mx\/tienda\/","name":"Compuviper","description":"Proveedor de Computadoras, Laptops, Servidores, Monitores, Puntos de Venta, Teclados,   Impresoras, T\u00f3ner, C\u00e1maras de Seguridad y m\u00e1s en tu tienda en l\u00ednea","publisher":{"@id":"https:\/\/compuviper.mx\/tienda\/#organization"},"potentialAction":[{"@type":"SearchAction","target":{"@type":"EntryPoint","urlTemplate":"https:\/\/compuviper.mx\/tienda\/?s={search_term_string}"},"query-input":"required name=search_term_string"}],"inLanguage":"es-MX"},{"@type":"Organization","@id":"https:\/\/compuviper.mx\/tienda\/#organization","name":"Compuviper","url":"https:\/\/compuviper.mx\/tienda\/","logo":{"@type":"ImageObject","inLanguage":"es-MX","@id":"https:\/\/compuviper.mx\/tienda\/#\/schema\/logo\/image\/","url":"https:\/\/compuviper.mx\/tienda\/wp-content\/uploads\/2021\/08\/Logo-Compuviper-10.png","contentUrl":"https:\/\/compuviper.mx\/tienda\/wp-content\/uploads\/2021\/08\/Logo-Compuviper-10.png","width":1000,"height":500,"caption":"Compuviper"},"image":{"@id":"https:\/\/compuviper.mx\/tienda\/#\/schema\/logo\/image\/"},"sameAs":["https:\/\/www.facebook.com\/compuviper","https:\/\/www.youtube.com\/channel\/UCf73dERp9Y3cfOq7q8BhLjA?view_as=subscriber"]}]},"product_brand":"ASUS","product_price_amount":"10012","product_price_currency":"MXN","og_availability":"out of stock","product_availability":"out of stock","product_retailer_item_id":"BM1403CDA-R58G512-P2","product_condition":"new"},"_links":{"self":[{"href":"https:\/\/compuviper.mx\/tienda\/wp-json\/wp\/v2\/product\/262939"}],"collection":[{"href":"https:\/\/compuviper.mx\/tienda\/wp-json\/wp\/v2\/product"}],"about":[{"href":"https:\/\/compuviper.mx\/tienda\/wp-json\/wp\/v2\/types\/product"}],"replies":[{"embeddable":true,"href":"https:\/\/compuviper.mx\/tienda\/wp-json\/wp\/v2\/comments?post=262939"}],"wp:attachment":[{"href":"https:\/\/compuviper.mx\/tienda\/wp-json\/wp\/v2\/media?parent=262939"}],"wp:term":[{"taxonomy":"product_cat","embeddable":true,"href":"https:\/\/compuviper.mx\/tienda\/wp-json\/wp\/v2\/product_cat?post=262939"},{"taxonomy":"product_tag","embeddable":true,"href":"https:\/\/compuviper.mx\/tienda\/wp-json\/wp\/v2\/product_tag?post=262939"}],"curies":[{"name":"wp","href":"https:\/\/api.w.org\/{rel}","templated":true}]}}