{"id":262921,"date":"2026-04-16T00:11:18","date_gmt":"2026-04-16T06:11:18","guid":{"rendered":"https:\/\/compuviper.mx\/tienda\/producto\/intellinet-716239-gabinete-gabinete-19-pro-line-con-extractores-de-aire-27u\/"},"modified":"2026-04-16T00:11:18","modified_gmt":"2026-04-16T06:11:18","slug":"intellinet-716239-gabinete-gabinete-19-pro-line-con-extractores-de-aire-27u","status":"publish","type":"product","link":"https:\/\/compuviper.mx\/tienda\/producto\/intellinet-716239-gabinete-gabinete-19-pro-line-con-extractores-de-aire-27u\/","title":{"rendered":"Intellinet 716239 Gabinete\/\/\/gabinete 19 Pro Line Con Extractores De Aire, 27u"},"content":{"rendered":"<table class=\"descripcion\">\n<tr>\n<td>Normas y certificaciones<\/td>\n<\/tr>\n<tr>\n<td>Ansi\/eia 310-d<\/td>\n<\/tr>\n<tr>\n<td>Iec 60297-2<\/td>\n<\/tr>\n<tr>\n<td>Din41494 parte 1 y 7<\/td>\n<\/tr>\n<tr>\n<td>Etsi<\/td>\n<\/tr>\n<tr>\n<td>Ul (ventiladores)<\/td>\n<\/tr>\n<tr>\n<td>Ce<\/td>\n<\/tr>\n<tr>\n<td>Rohs<\/td>\n<\/tr>\n<tr>\n<td>Grado de protecci\u00f3n ip20<\/td>\n<\/tr>\n<tr>\n<td>Generalidades &#8211; gabinete<\/td>\n<\/tr>\n<tr>\n<td>Dimensiones exteriores sin niveladores ni ruedas (prof. x anch. x alt.): 600 x 600 x 1317mm (23.62 x 23.62 x 51.85 pulg.); 27u<\/td>\n<\/tr>\n<tr>\n<td>Altura de la rueda: 2.91 pulg. (74 mm)<\/td>\n<\/tr>\n<tr>\n<td>Postes de montaje ajustables en profundidad para una profundidad de instalaci\u00f3n \u00fatil: 150 mm hasta 500 mm (5.91 a 19.69 pulg.)<\/td>\n<\/tr>\n<tr>\n<td>Perfil de riel de montaje de 19: forma de s; #10-32 roscado<\/td>\n<\/tr>\n<tr>\n<td>Peso neto: 75 kg, (166 lbs.)<\/td>\n<\/tr>\n<tr>\n<td>Peso bruto:84 kg, (186 lbs.)<\/td>\n<\/tr>\n<tr>\n<td>Carga est\u00e1tica m\u00e1xima: 800 kg (1760) lbs. ; 320 kg (700 lbs) cuando est\u00e1 sobre ruedas<\/td>\n<\/tr>\n<tr>\n<td>Espesor del acero: 2 mm (0.08 pulg.) en rieles de perfil y hasta 1.5 mm (0.06 pulg.) en otras piezas<\/td>\n<\/tr>\n<tr>\n<td>Material: acero con recubrimiento en polvo antiest\u00e1tico<\/td>\n<\/tr>\n<tr>\n<td>Color: negro ral 9004<\/td>\n<\/tr>\n<tr>\n<td>Generalidades &#8211; unidad de ventilaci\u00f3n<\/td>\n<\/tr>\n<tr>\n<td>Dos extractores de aire<\/td>\n<\/tr>\n<tr>\n<td>Flujo de aire: 86 cfm (146 m\u00b3\/h) por ventilador<\/td>\n<\/tr>\n<tr>\n<td>Nivel de ruido: 46 db (a)<\/td>\n<\/tr>\n<tr>\n<td>Cable de alimentaci\u00f3n: 5 pies (1.5 m), enchufe nema 5-15p<\/td>\n<\/tr>\n<tr>\n<td>Rango de temperatura de funcionamiento: 0\u00b0 a 60\u00b0 c<\/td>\n<\/tr>\n<tr>\n<td>Humedad de funcionamiento (sin condensaci\u00f3n): 0 &#8211; 70% hr<\/td>\n<\/tr>\n<tr>\n<td>Tensi\u00f3n de funcionamiento: 110.0 vca, 60 hz, 0.27 a<\/td>\n<\/tr>\n<tr>\n<td>Potencia nominal: 19.0 w<\/td>\n<\/tr>\n<tr>\n<td>Contenido del paquete<\/td>\n<\/tr>\n<tr>\n<td>Gabinete 19 pro line con extractores de aire, 27u<\/td>\n<\/tr>\n<tr>\n<td>Unidad de ventilaci\u00f3n con dos ventiladores montada en el techo<\/td>\n<\/tr>\n<tr>\n<td>Material para instalaci\u00f3n en rack: 40 tornillos unf #10-32<\/td>\n<\/tr>\n<tr>\n<td>Cuatro niveladores ajustables<\/td>\n<\/tr>\n<tr>\n<td>Cuatro ruedas de alta resistencia<\/td>\n<\/tr>\n<tr>\n<td>Cinco charolas de 2u, 15 pulg. (380 mm) de profundidad, con capacidad de carga de 10 kg cada una<\/td>\n<\/tr>\n<tr>\n<td>Cinco p\u00e1neles ciegos ventilados de 2u<\/td>\n<\/tr>\n<tr>\n<td>Cuatro llaves (dos para la cerradura de la puerta delantera, dos para la cerradura de la puerta posterior)<\/td>\n<\/tr>\n<\/table>\n","protected":false},"excerpt":{"rendered":"<p>Gabinete de red seguro y adaptable al piso para equipos de red, servidores, telecomunicaciones y audio y video. Se env\u00eda completamente ensamblado para una instalaci\u00f3n r\u00e1pida. Profundidad de instalaci\u00f3n \u00fatil: ajustable de 150 a 500 mm (5.91 a 19.69 pulg.. Capacidad m\u00e1xima de carga est\u00e1tica de 800 kg (1760 lb) sobre niveladores; 320 kg (700 lb) cuando est\u00e1 sobre las ruedas. Unidad de ventilaci\u00f3n con dos ventiladores instalada en el techo con disipaci\u00f3n de calor eficiente para una amplia temperatura de funcionamiento de hasta 65 \u00b0c (149 \u00b0f. Construcci\u00f3n s\u00f3lida de acero spcc laminado en fr\u00edo de alta calidad con revestimiento de polvo antiest\u00e1tico. Incluye cinco charolas ventiladas de 2u de 380 mm de profundidad y 10 kg de capacidad de carga cada una, se pueden extraer. Se incluyen cinco p\u00e1neles ciegos ventilados de 2u extra\u00edbles para cubrir las posiciones no utilizadas en el gabinete. Protecci\u00f3n de grado ip20. Aberturas preperforadas en la parte superior e inferior para la entrada de cables. Niveladores preinstalados para mayor estabilidad y ruedas de alta resistencia incluidas para movilidad. Kits de toma de tierra para la puerta delantera y posterior incluidos para proteger los equipos de sobrecargas el\u00e9ctricas externas. Puerta frontal reversible de cristal templado que puede abrirse desde el lado izquierdo o derecho m\u00e1s de 180\u00b0; puerta posterior reversible de acero. Cerradura de manija giratoria con cierre multipunto en la puerta delantera y cierre cil\u00edndrico de un punto en la puerta posterior; se incluyen dos llaves para cada puerta. P\u00e1neles laterales extra\u00edbles para facilitar el acceso al cableado y los componentes. Incluye cuarenta tornillos #10-32 para montaje de equipos o accesorios de 19. Postes verticales con orificios de montaje roscados # 10-32. Unidades enumeradas de altura para un mejor montaje en rack. Cumple con iec 60297 \/ eia 310; compatible con todos los modelos est\u00e1ndar de 19 pulg. \/ equipo de montaje en rack de 482.6 mm. Tres a\u00f1os de garant\u00eda* (*consulta el tiempo de garant\u00eda en tu pa\u00eds o ciudad)<\/p>\n","protected":false},"featured_media":0,"comment_status":"open","ping_status":"open","template":"","meta":[],"product_cat":[1674,1680],"product_tag":[1489],"acf":[],"yoast_head":"<!-- This site is optimized with the Yoast SEO plugin v21.7 - https:\/\/yoast.com\/wordpress\/plugins\/seo\/ -->\n<title>[ Intellinet ] &#129351; 716239 Gabinete\/\/\/gabinete 19 Pro Line Con Extractores De Aire, 27u<\/title>\n<meta name=\"description\" content=\"Compra 716239 Gabinete\/\/\/gabinete 19 Pro Line Con Extractores De Aire, 27u + Env\u00edo a domicilio + Pago seguro + Garant\u00eda\" \/>\n<meta name=\"robots\" content=\"index, follow, max-snippet:-1, max-image-preview:large, max-video-preview:-1\" \/>\n<link rel=\"canonical\" href=\"https:\/\/compuviper.mx\/tienda\/producto\/intellinet-716239-gabinete-gabinete-19-pro-line-con-extractores-de-aire-27u\/\" \/>\n<meta property=\"og:locale\" content=\"es_MX\" \/>\n<meta property=\"og:type\" content=\"article\" \/>\n<meta property=\"og:title\" content=\"[ Intellinet ] &#129351; 716239 Gabinete\/\/\/gabinete 19 Pro Line Con Extractores De Aire, 27u\" \/>\n<meta property=\"og:description\" content=\"Compra 716239 Gabinete\/\/\/gabinete 19 Pro Line Con Extractores De Aire, 27u + Env\u00edo a domicilio + Pago seguro + Garant\u00eda\" \/>\n<meta property=\"og:url\" content=\"https:\/\/compuviper.mx\/tienda\/producto\/intellinet-716239-gabinete-gabinete-19-pro-line-con-extractores-de-aire-27u\/\" \/>\n<meta property=\"og:site_name\" content=\"Compuviper\" \/>\n<meta property=\"article:publisher\" content=\"https:\/\/www.facebook.com\/compuviper\" \/>\n<meta name=\"twitter:card\" content=\"summary_large_image\" \/>\n<meta name=\"twitter:label1\" content=\"Precio\" \/>\n\t<meta name=\"twitter:data1\" content=\"&#36;14,565 con IVA\" \/>\n\t<meta name=\"twitter:label2\" content=\"Availability\" \/>\n\t<meta name=\"twitter:data2\" content=\"On backorder\" \/>\n<script type=\"application\/ld+json\" class=\"yoast-schema-graph\">{\"@context\":\"https:\/\/schema.org\",\"@graph\":[{\"@type\":\"WebPage\",\"@id\":\"https:\/\/compuviper.mx\/tienda\/producto\/intellinet-716239-gabinete-gabinete-19-pro-line-con-extractores-de-aire-27u\/\",\"url\":\"https:\/\/compuviper.mx\/tienda\/producto\/intellinet-716239-gabinete-gabinete-19-pro-line-con-extractores-de-aire-27u\/\",\"name\":\"[ Intellinet ] &#129351; 716239 Gabinete\/\/\/gabinete 19 Pro Line Con Extractores De Aire, 27u\",\"isPartOf\":{\"@id\":\"https:\/\/compuviper.mx\/tienda\/#website\"},\"datePublished\":\"2026-04-16T06:11:18+00:00\",\"dateModified\":\"2026-04-16T06:11:18+00:00\",\"description\":\"Compra 716239 Gabinete\/\/\/gabinete 19 Pro Line Con Extractores De Aire, 27u + Env\u00edo a domicilio + Pago seguro + Garant\u00eda\",\"breadcrumb\":{\"@id\":\"https:\/\/compuviper.mx\/tienda\/producto\/intellinet-716239-gabinete-gabinete-19-pro-line-con-extractores-de-aire-27u\/#breadcrumb\"},\"inLanguage\":\"es-MX\",\"potentialAction\":[{\"@type\":\"ReadAction\",\"target\":[\"https:\/\/compuviper.mx\/tienda\/producto\/intellinet-716239-gabinete-gabinete-19-pro-line-con-extractores-de-aire-27u\/\"]}]},{\"@type\":\"BreadcrumbList\",\"@id\":\"https:\/\/compuviper.mx\/tienda\/producto\/intellinet-716239-gabinete-gabinete-19-pro-line-con-extractores-de-aire-27u\/#breadcrumb\",\"itemListElement\":[{\"@type\":\"ListItem\",\"position\":1,\"name\":\"Inicio\",\"item\":\"https:\/\/compuviper.mx\/tienda\/\"},{\"@type\":\"ListItem\",\"position\":2,\"name\":\"Productos\",\"item\":\"https:\/\/compuviper.mx\/tienda\/productos\/\"},{\"@type\":\"ListItem\",\"position\":3,\"name\":\"Gabinetes\",\"item\":\"https:\/\/compuviper.mx\/tienda\/categoria-producto\/gabinetes\/\"},{\"@type\":\"ListItem\",\"position\":4,\"name\":\"Torre\",\"item\":\"https:\/\/compuviper.mx\/tienda\/categoria-producto\/gabinetes\/torre\/\"},{\"@type\":\"ListItem\",\"position\":5,\"name\":\"Intellinet 716239 Gabinete\/\/\/gabinete 19 Pro Line Con Extractores De Aire, 27u\"}]},{\"@type\":\"WebSite\",\"@id\":\"https:\/\/compuviper.mx\/tienda\/#website\",\"url\":\"https:\/\/compuviper.mx\/tienda\/\",\"name\":\"Compuviper\",\"description\":\"Proveedor de Computadoras, Laptops, Servidores, Monitores, Puntos de Venta, Teclados,   Impresoras, T\u00f3ner, C\u00e1maras de Seguridad y m\u00e1s en tu tienda en l\u00ednea\",\"publisher\":{\"@id\":\"https:\/\/compuviper.mx\/tienda\/#organization\"},\"potentialAction\":[{\"@type\":\"SearchAction\",\"target\":{\"@type\":\"EntryPoint\",\"urlTemplate\":\"https:\/\/compuviper.mx\/tienda\/?s={search_term_string}\"},\"query-input\":\"required name=search_term_string\"}],\"inLanguage\":\"es-MX\"},{\"@type\":\"Organization\",\"@id\":\"https:\/\/compuviper.mx\/tienda\/#organization\",\"name\":\"Compuviper\",\"url\":\"https:\/\/compuviper.mx\/tienda\/\",\"logo\":{\"@type\":\"ImageObject\",\"inLanguage\":\"es-MX\",\"@id\":\"https:\/\/compuviper.mx\/tienda\/#\/schema\/logo\/image\/\",\"url\":\"https:\/\/compuviper.mx\/tienda\/wp-content\/uploads\/2021\/08\/Logo-Compuviper-10.png\",\"contentUrl\":\"https:\/\/compuviper.mx\/tienda\/wp-content\/uploads\/2021\/08\/Logo-Compuviper-10.png\",\"width\":1000,\"height\":500,\"caption\":\"Compuviper\"},\"image\":{\"@id\":\"https:\/\/compuviper.mx\/tienda\/#\/schema\/logo\/image\/\"},\"sameAs\":[\"https:\/\/www.facebook.com\/compuviper\",\"https:\/\/www.youtube.com\/channel\/UCf73dERp9Y3cfOq7q8BhLjA?view_as=subscriber\"]}]}<\/script>\n<meta property=\"product:brand\" content=\"INTELLINET\" \/>\n<meta property=\"product:price:amount\" content=\"14565\" \/>\n<meta property=\"product:price:currency\" content=\"MXN\" \/>\n<meta property=\"og:availability\" content=\"backorder\" \/>\n<meta property=\"product:availability\" content=\"available for order\" \/>\n<meta property=\"product:retailer_item_id\" content=\"716239\" \/>\n<meta property=\"product:condition\" content=\"new\" \/>\n<!-- \/ Yoast SEO plugin. -->","yoast_head_json":{"title":"[ Intellinet ] &#129351; 716239 Gabinete\/\/\/gabinete 19 Pro Line Con Extractores De Aire, 27u","description":"Compra 716239 Gabinete\/\/\/gabinete 19 Pro Line Con Extractores De Aire, 27u + Env\u00edo a domicilio + Pago seguro + Garant\u00eda","robots":{"index":"index","follow":"follow","max-snippet":"max-snippet:-1","max-image-preview":"max-image-preview:large","max-video-preview":"max-video-preview:-1"},"canonical":"https:\/\/compuviper.mx\/tienda\/producto\/intellinet-716239-gabinete-gabinete-19-pro-line-con-extractores-de-aire-27u\/","og_locale":"es_MX","og_type":"article","og_title":"[ Intellinet ] &#129351; 716239 Gabinete\/\/\/gabinete 19 Pro Line Con Extractores De Aire, 27u","og_description":"Compra 716239 Gabinete\/\/\/gabinete 19 Pro Line Con Extractores De Aire, 27u + Env\u00edo a domicilio + Pago seguro + Garant\u00eda","og_url":"https:\/\/compuviper.mx\/tienda\/producto\/intellinet-716239-gabinete-gabinete-19-pro-line-con-extractores-de-aire-27u\/","og_site_name":"Compuviper","article_publisher":"https:\/\/www.facebook.com\/compuviper","twitter_card":"summary_large_image","twitter_misc":{"Precio":"&#36;14,565 con IVA","Availability":"On backorder"},"schema":{"@context":"https:\/\/schema.org","@graph":[{"@type":"WebPage","@id":"https:\/\/compuviper.mx\/tienda\/producto\/intellinet-716239-gabinete-gabinete-19-pro-line-con-extractores-de-aire-27u\/","url":"https:\/\/compuviper.mx\/tienda\/producto\/intellinet-716239-gabinete-gabinete-19-pro-line-con-extractores-de-aire-27u\/","name":"[ Intellinet ] &#129351; 716239 Gabinete\/\/\/gabinete 19 Pro Line Con Extractores De Aire, 27u","isPartOf":{"@id":"https:\/\/compuviper.mx\/tienda\/#website"},"datePublished":"2026-04-16T06:11:18+00:00","dateModified":"2026-04-16T06:11:18+00:00","description":"Compra 716239 Gabinete\/\/\/gabinete 19 Pro Line Con Extractores De Aire, 27u + Env\u00edo a domicilio + Pago seguro + Garant\u00eda","breadcrumb":{"@id":"https:\/\/compuviper.mx\/tienda\/producto\/intellinet-716239-gabinete-gabinete-19-pro-line-con-extractores-de-aire-27u\/#breadcrumb"},"inLanguage":"es-MX","potentialAction":[{"@type":"ReadAction","target":["https:\/\/compuviper.mx\/tienda\/producto\/intellinet-716239-gabinete-gabinete-19-pro-line-con-extractores-de-aire-27u\/"]}]},{"@type":"BreadcrumbList","@id":"https:\/\/compuviper.mx\/tienda\/producto\/intellinet-716239-gabinete-gabinete-19-pro-line-con-extractores-de-aire-27u\/#breadcrumb","itemListElement":[{"@type":"ListItem","position":1,"name":"Inicio","item":"https:\/\/compuviper.mx\/tienda\/"},{"@type":"ListItem","position":2,"name":"Productos","item":"https:\/\/compuviper.mx\/tienda\/productos\/"},{"@type":"ListItem","position":3,"name":"Gabinetes","item":"https:\/\/compuviper.mx\/tienda\/categoria-producto\/gabinetes\/"},{"@type":"ListItem","position":4,"name":"Torre","item":"https:\/\/compuviper.mx\/tienda\/categoria-producto\/gabinetes\/torre\/"},{"@type":"ListItem","position":5,"name":"Intellinet 716239 Gabinete\/\/\/gabinete 19 Pro Line Con Extractores De Aire, 27u"}]},{"@type":"WebSite","@id":"https:\/\/compuviper.mx\/tienda\/#website","url":"https:\/\/compuviper.mx\/tienda\/","name":"Compuviper","description":"Proveedor de Computadoras, Laptops, Servidores, Monitores, Puntos de Venta, Teclados,   Impresoras, T\u00f3ner, C\u00e1maras de Seguridad y m\u00e1s en tu tienda en l\u00ednea","publisher":{"@id":"https:\/\/compuviper.mx\/tienda\/#organization"},"potentialAction":[{"@type":"SearchAction","target":{"@type":"EntryPoint","urlTemplate":"https:\/\/compuviper.mx\/tienda\/?s={search_term_string}"},"query-input":"required name=search_term_string"}],"inLanguage":"es-MX"},{"@type":"Organization","@id":"https:\/\/compuviper.mx\/tienda\/#organization","name":"Compuviper","url":"https:\/\/compuviper.mx\/tienda\/","logo":{"@type":"ImageObject","inLanguage":"es-MX","@id":"https:\/\/compuviper.mx\/tienda\/#\/schema\/logo\/image\/","url":"https:\/\/compuviper.mx\/tienda\/wp-content\/uploads\/2021\/08\/Logo-Compuviper-10.png","contentUrl":"https:\/\/compuviper.mx\/tienda\/wp-content\/uploads\/2021\/08\/Logo-Compuviper-10.png","width":1000,"height":500,"caption":"Compuviper"},"image":{"@id":"https:\/\/compuviper.mx\/tienda\/#\/schema\/logo\/image\/"},"sameAs":["https:\/\/www.facebook.com\/compuviper","https:\/\/www.youtube.com\/channel\/UCf73dERp9Y3cfOq7q8BhLjA?view_as=subscriber"]}]},"product_brand":"INTELLINET","product_price_amount":"14565","product_price_currency":"MXN","og_availability":"backorder","product_availability":"available for order","product_retailer_item_id":"716239","product_condition":"new"},"_links":{"self":[{"href":"https:\/\/compuviper.mx\/tienda\/wp-json\/wp\/v2\/product\/262921"}],"collection":[{"href":"https:\/\/compuviper.mx\/tienda\/wp-json\/wp\/v2\/product"}],"about":[{"href":"https:\/\/compuviper.mx\/tienda\/wp-json\/wp\/v2\/types\/product"}],"replies":[{"embeddable":true,"href":"https:\/\/compuviper.mx\/tienda\/wp-json\/wp\/v2\/comments?post=262921"}],"wp:attachment":[{"href":"https:\/\/compuviper.mx\/tienda\/wp-json\/wp\/v2\/media?parent=262921"}],"wp:term":[{"taxonomy":"product_cat","embeddable":true,"href":"https:\/\/compuviper.mx\/tienda\/wp-json\/wp\/v2\/product_cat?post=262921"},{"taxonomy":"product_tag","embeddable":true,"href":"https:\/\/compuviper.mx\/tienda\/wp-json\/wp\/v2\/product_tag?post=262921"}],"curies":[{"name":"wp","href":"https:\/\/api.w.org\/{rel}","templated":true}]}}