{"id":262915,"date":"2026-04-11T01:59:43","date_gmt":"2026-04-11T07:59:43","guid":{"rendered":"https:\/\/compuviper.mx\/tienda\/producto\/hewlett-packard-enterprise-p81829-dm5-servidor-hpe-proliant-dl325-gen11-9015-3-5ghz-8c-1p-1x32gb-r-4lff-mr408i-o-2x4tb-hdd-1x800w-ps-la-server\/"},"modified":"2026-04-11T01:59:43","modified_gmt":"2026-04-11T07:59:43","slug":"hewlett-packard-enterprise-p81829-dm5-servidor-hpe-proliant-dl325-gen11-9015-3-5ghz-8c-1p-1x32gb-r-4lff-mr408i-o-2x4tb-hdd-1x800w-ps-la-server","status":"publish","type":"product","link":"https:\/\/compuviper.mx\/tienda\/producto\/hewlett-packard-enterprise-p81829-dm5-servidor-hpe-proliant-dl325-gen11-9015-3-5ghz-8c-1p-1x32gb-r-4lff-mr408i-o-2x4tb-hdd-1x800w-ps-la-server\/","title":{"rendered":"Hewlett Packard Enterprise P81829-dm5 Servidor Hpe Proliant Dl325 Gen11 9015 3.5ghz 8c 1p 1x32gb-r 4lff Mr408i-o 2x4tb Hdd 1x800w Ps La Server"},"content":{"rendered":"<table class=\"descripcion\">\n<tr>\n<td>N\u00facleo de procesador disponible<\/td>\n<\/tr>\n<tr>\n<td>8 n\u00facleos<\/td>\n<\/tr>\n<tr>\n<td>Cach\u00e9 de procesador<\/td>\n<\/tr>\n<tr>\n<td>64 mb l3<\/td>\n<\/tr>\n<tr>\n<td>Nombre del procesador<\/td>\n<\/tr>\n<tr>\n<td>Amd epyc\u0099 9015 (8 n\u00facleos, 3,6 ghz, 64 mb l3, 125 w)<\/td>\n<\/tr>\n<tr>\n<td>N\u00famero del procesador<\/td>\n<\/tr>\n<tr>\n<td>1 procesador incluido<\/td>\n<\/tr>\n<tr>\n<td>Velocidad del procesador<\/td>\n<\/tr>\n<tr>\n<td>3,60 ghz<\/td>\n<\/tr>\n<tr>\n<td>Tipo de memoria<\/td>\n<\/tr>\n<tr>\n<td>Hpe smart memory ddr5<\/td>\n<\/tr>\n<tr>\n<td>Unidades incluidas<\/td>\n<\/tr>\n<tr>\n<td>2 hdd hpe fundamental para el negocio 4 tb sata 6g 7200 rpm lff lp 1 a. de garant\u00eda m\u00faltiples proveedores<\/td>\n<\/tr>\n<tr>\n<td>Tipo de unidad \u00f3ptica<\/td>\n<\/tr>\n<tr>\n<td>Opcional, no incluido de serie<\/td>\n<\/tr>\n<tr>\n<td>Gesti\u00f3n de infraestructura<\/td>\n<\/tr>\n<tr>\n<td>Hpe ilo standard con aprovisionamiento inteligente (integrado), hpe oneview standard (requiere descarga), hpe ilo advanced, hpe ilo advanced premium security edition, hpe oneview advanced (requiere licencia) y hpe compute ops management<\/td>\n<\/tr>\n<tr>\n<td>Tipo de fuente de alimentaci\u00f3n<\/td>\n<\/tr>\n<tr>\n<td>1 kit de fuente de alimentaci\u00f3n hpe platinum hot-plug con ranura flexible y bajo contenido en hal\u00f3genos de 800 w<\/td>\n<\/tr>\n<tr>\n<td>Ranuras de expansi\u00f3n<\/td>\n<\/tr>\n<tr>\n<td>4 m\u00e1ximo<\/td>\n<\/tr>\n<tr>\n<td>Para obtener una descripci\u00f3n detallada, consulta las espec. r\u00e1pidas<\/td>\n<\/tr>\n<tr>\n<td>Controlador de red<\/td>\n<\/tr>\n<tr>\n<td>Adaptador broadcom bcm5719 ethernet 1 gb 4 puertos base-t ocp3 para hpe<\/td>\n<\/tr>\n<tr>\n<td>Controlador de almacenamiento<\/td>\n<\/tr>\n<tr>\n<td>Controlador de almacenamiento hpe mr408i-o gen11 x8 canales 4 gb cach\u00e9 ocp spdm<\/td>\n<\/tr>\n<tr>\n<td>Caracter\u00edsticas de los ventiladores del sistema<\/td>\n<\/tr>\n<tr>\n<td>7 ventiladores est\u00e1ndares<\/td>\n<\/tr>\n<tr>\n<td>Formato<\/td>\n<\/tr>\n<tr>\n<td>Rack 1u<\/td>\n<\/tr>\n<tr>\n<td>Garant\u00eda<\/td>\n<\/tr>\n<tr>\n<td>3\/3\/3: la garant\u00eda del servidor incluye tres a\u00f1os de garant\u00eda en piezas, tres a\u00f1os de mano de obra y tres a\u00f1os de cobertura de soporte a domicilio. informaci\u00f3n adicional sobre la garant\u00eda limitada en todo el mundo y soporte t\u00e9cnico disponible en: https:\/\/h20564.www2.hpe.com\/hpsc\/wc\/public\/home. puedes comprar localmente cobertura de servicio y soporte de hpe adicionales para tu producto. para obtener informaci\u00f3n sobre la disponibilidad de actualizaciones del servicio y su coste, consulta el sitio web de hpe en https:\/\/www.hpe.com\/support.<\/td>\n<\/tr>\n<tr>\n<td>Medidas del producto (m\u00e9trico)<\/td>\n<\/tr>\n<tr>\n<td>\u0095 60 x 91,6 x 24,2 cm<\/td>\n<\/tr>\n<tr>\n<td>\u0095 23.62 x 36.06 x 9.53 in<\/td>\n<\/tr>\n<tr>\n<td>Peso<\/td>\n<\/tr>\n<tr>\n<td>\u0095 27,82 kg<\/td>\n<\/tr>\n<tr>\n<td>\u0095 61.333 lb<\/td>\n<\/tr>\n<tr>\n<td>.<\/td>\n<\/tr>\n<\/table>\n","protected":false},"excerpt":{"rendered":"<p>El servidor hpe proliant dl325 gen11 es una soluci\u00f3n 1u 1p de bajo coste que ofrece un valor excepcional que equilibra la computaci\u00f3n, la memoria y el ancho de banda de red con una economizaci\u00f3n de 1p.<\/p>\n","protected":false},"featured_media":0,"comment_status":"open","ping_status":"open","template":"","meta":[],"product_cat":[1809,1808],"product_tag":[1568],"acf":[],"yoast_head":"<!-- This site is optimized with the Yoast SEO plugin v21.7 - https:\/\/yoast.com\/wordpress\/plugins\/seo\/ -->\n<title>[ Hewlett Packard Enterprise ] &#129351; P81829-dm5 Servidor Hpe Proliant Dl325 Gen11 9015 3.5ghz 8c 1p 1x32gb-r 4lff Mr408i-o 2x4tb Hdd 1x800w Ps La Server<\/title>\n<meta name=\"description\" content=\"Compra P81829-dm5 Servidor Hpe Proliant Dl325 Gen11 9015 3.5ghz 8c 1p 1x32gb-r 4lff Mr408i-o 2x4tb Hdd 1x800w Ps La Server + Env\u00edo a domicilio + Pago seguro + Garant\u00eda\" \/>\n<meta name=\"robots\" content=\"index, follow, max-snippet:-1, max-image-preview:large, max-video-preview:-1\" \/>\n<link rel=\"canonical\" href=\"https:\/\/compuviper.mx\/tienda\/producto\/hewlett-packard-enterprise-p81829-dm5-servidor-hpe-proliant-dl325-gen11-9015-3-5ghz-8c-1p-1x32gb-r-4lff-mr408i-o-2x4tb-hdd-1x800w-ps-la-server\/\" \/>\n<meta property=\"og:locale\" content=\"es_MX\" \/>\n<meta property=\"og:type\" content=\"article\" \/>\n<meta property=\"og:title\" content=\"[ Hewlett Packard Enterprise ] &#129351; P81829-dm5 Servidor Hpe Proliant Dl325 Gen11 9015 3.5ghz 8c 1p 1x32gb-r 4lff Mr408i-o 2x4tb Hdd 1x800w Ps La Server\" \/>\n<meta property=\"og:description\" content=\"Compra P81829-dm5 Servidor Hpe Proliant Dl325 Gen11 9015 3.5ghz 8c 1p 1x32gb-r 4lff Mr408i-o 2x4tb Hdd 1x800w Ps La Server + Env\u00edo a domicilio + Pago seguro + Garant\u00eda\" \/>\n<meta property=\"og:url\" content=\"https:\/\/compuviper.mx\/tienda\/producto\/hewlett-packard-enterprise-p81829-dm5-servidor-hpe-proliant-dl325-gen11-9015-3-5ghz-8c-1p-1x32gb-r-4lff-mr408i-o-2x4tb-hdd-1x800w-ps-la-server\/\" \/>\n<meta property=\"og:site_name\" content=\"Compuviper\" \/>\n<meta property=\"article:publisher\" content=\"https:\/\/www.facebook.com\/compuviper\" \/>\n<meta name=\"twitter:card\" content=\"summary_large_image\" \/>\n<meta name=\"twitter:label1\" content=\"Precio\" \/>\n\t<meta name=\"twitter:data1\" content=\"&#36;88,279 con IVA\" \/>\n\t<meta name=\"twitter:label2\" content=\"Availability\" \/>\n\t<meta name=\"twitter:data2\" content=\"On backorder\" \/>\n<script type=\"application\/ld+json\" class=\"yoast-schema-graph\">{\"@context\":\"https:\/\/schema.org\",\"@graph\":[{\"@type\":\"WebPage\",\"@id\":\"https:\/\/compuviper.mx\/tienda\/producto\/hewlett-packard-enterprise-p81829-dm5-servidor-hpe-proliant-dl325-gen11-9015-3-5ghz-8c-1p-1x32gb-r-4lff-mr408i-o-2x4tb-hdd-1x800w-ps-la-server\/\",\"url\":\"https:\/\/compuviper.mx\/tienda\/producto\/hewlett-packard-enterprise-p81829-dm5-servidor-hpe-proliant-dl325-gen11-9015-3-5ghz-8c-1p-1x32gb-r-4lff-mr408i-o-2x4tb-hdd-1x800w-ps-la-server\/\",\"name\":\"[ Hewlett Packard Enterprise ] &#129351; P81829-dm5 Servidor Hpe Proliant Dl325 Gen11 9015 3.5ghz 8c 1p 1x32gb-r 4lff Mr408i-o 2x4tb Hdd 1x800w Ps La Server\",\"isPartOf\":{\"@id\":\"https:\/\/compuviper.mx\/tienda\/#website\"},\"datePublished\":\"2026-04-11T07:59:43+00:00\",\"dateModified\":\"2026-04-11T07:59:43+00:00\",\"description\":\"Compra P81829-dm5 Servidor Hpe Proliant Dl325 Gen11 9015 3.5ghz 8c 1p 1x32gb-r 4lff Mr408i-o 2x4tb Hdd 1x800w Ps La Server + Env\u00edo a domicilio + Pago seguro + Garant\u00eda\",\"breadcrumb\":{\"@id\":\"https:\/\/compuviper.mx\/tienda\/producto\/hewlett-packard-enterprise-p81829-dm5-servidor-hpe-proliant-dl325-gen11-9015-3-5ghz-8c-1p-1x32gb-r-4lff-mr408i-o-2x4tb-hdd-1x800w-ps-la-server\/#breadcrumb\"},\"inLanguage\":\"es-MX\",\"potentialAction\":[{\"@type\":\"ReadAction\",\"target\":[\"https:\/\/compuviper.mx\/tienda\/producto\/hewlett-packard-enterprise-p81829-dm5-servidor-hpe-proliant-dl325-gen11-9015-3-5ghz-8c-1p-1x32gb-r-4lff-mr408i-o-2x4tb-hdd-1x800w-ps-la-server\/\"]}]},{\"@type\":\"BreadcrumbList\",\"@id\":\"https:\/\/compuviper.mx\/tienda\/producto\/hewlett-packard-enterprise-p81829-dm5-servidor-hpe-proliant-dl325-gen11-9015-3-5ghz-8c-1p-1x32gb-r-4lff-mr408i-o-2x4tb-hdd-1x800w-ps-la-server\/#breadcrumb\",\"itemListElement\":[{\"@type\":\"ListItem\",\"position\":1,\"name\":\"Inicio\",\"item\":\"https:\/\/compuviper.mx\/tienda\/\"},{\"@type\":\"ListItem\",\"position\":2,\"name\":\"Productos\",\"item\":\"https:\/\/compuviper.mx\/tienda\/productos\/\"},{\"@type\":\"ListItem\",\"position\":3,\"name\":\"Servidores\",\"item\":\"https:\/\/compuviper.mx\/tienda\/categoria-producto\/servidores-2\/\"},{\"@type\":\"ListItem\",\"position\":4,\"name\":\"Rack (dl)\",\"item\":\"https:\/\/compuviper.mx\/tienda\/categoria-producto\/servidores-2\/rack-dl\/\"},{\"@type\":\"ListItem\",\"position\":5,\"name\":\"Hewlett Packard Enterprise P81829-dm5 Servidor Hpe Proliant Dl325 Gen11 9015 3.5ghz 8c 1p 1x32gb-r 4lff Mr408i-o 2x4tb Hdd 1x800w Ps La Server\"}]},{\"@type\":\"WebSite\",\"@id\":\"https:\/\/compuviper.mx\/tienda\/#website\",\"url\":\"https:\/\/compuviper.mx\/tienda\/\",\"name\":\"Compuviper\",\"description\":\"Proveedor de Computadoras, Laptops, Servidores, Monitores, Puntos de Venta, Teclados,   Impresoras, T\u00f3ner, C\u00e1maras de Seguridad y m\u00e1s en tu tienda en l\u00ednea\",\"publisher\":{\"@id\":\"https:\/\/compuviper.mx\/tienda\/#organization\"},\"potentialAction\":[{\"@type\":\"SearchAction\",\"target\":{\"@type\":\"EntryPoint\",\"urlTemplate\":\"https:\/\/compuviper.mx\/tienda\/?s={search_term_string}\"},\"query-input\":\"required name=search_term_string\"}],\"inLanguage\":\"es-MX\"},{\"@type\":\"Organization\",\"@id\":\"https:\/\/compuviper.mx\/tienda\/#organization\",\"name\":\"Compuviper\",\"url\":\"https:\/\/compuviper.mx\/tienda\/\",\"logo\":{\"@type\":\"ImageObject\",\"inLanguage\":\"es-MX\",\"@id\":\"https:\/\/compuviper.mx\/tienda\/#\/schema\/logo\/image\/\",\"url\":\"https:\/\/compuviper.mx\/tienda\/wp-content\/uploads\/2021\/08\/Logo-Compuviper-10.png\",\"contentUrl\":\"https:\/\/compuviper.mx\/tienda\/wp-content\/uploads\/2021\/08\/Logo-Compuviper-10.png\",\"width\":1000,\"height\":500,\"caption\":\"Compuviper\"},\"image\":{\"@id\":\"https:\/\/compuviper.mx\/tienda\/#\/schema\/logo\/image\/\"},\"sameAs\":[\"https:\/\/www.facebook.com\/compuviper\",\"https:\/\/www.youtube.com\/channel\/UCf73dERp9Y3cfOq7q8BhLjA?view_as=subscriber\"]}]}<\/script>\n<meta property=\"product:brand\" content=\"HEWLETT PACKARD ENTERPRISE\" \/>\n<meta property=\"product:price:amount\" content=\"88279\" \/>\n<meta property=\"product:price:currency\" content=\"MXN\" \/>\n<meta property=\"og:availability\" content=\"backorder\" \/>\n<meta property=\"product:availability\" content=\"available for order\" \/>\n<meta property=\"product:retailer_item_id\" content=\"P81829-DM5\" \/>\n<meta property=\"product:condition\" content=\"new\" \/>\n<!-- \/ Yoast SEO plugin. -->","yoast_head_json":{"title":"[ Hewlett Packard Enterprise ] &#129351; P81829-dm5 Servidor Hpe Proliant Dl325 Gen11 9015 3.5ghz 8c 1p 1x32gb-r 4lff Mr408i-o 2x4tb Hdd 1x800w Ps La Server","description":"Compra P81829-dm5 Servidor Hpe Proliant Dl325 Gen11 9015 3.5ghz 8c 1p 1x32gb-r 4lff Mr408i-o 2x4tb Hdd 1x800w Ps La Server + Env\u00edo a domicilio + Pago seguro + Garant\u00eda","robots":{"index":"index","follow":"follow","max-snippet":"max-snippet:-1","max-image-preview":"max-image-preview:large","max-video-preview":"max-video-preview:-1"},"canonical":"https:\/\/compuviper.mx\/tienda\/producto\/hewlett-packard-enterprise-p81829-dm5-servidor-hpe-proliant-dl325-gen11-9015-3-5ghz-8c-1p-1x32gb-r-4lff-mr408i-o-2x4tb-hdd-1x800w-ps-la-server\/","og_locale":"es_MX","og_type":"article","og_title":"[ Hewlett Packard Enterprise ] &#129351; P81829-dm5 Servidor Hpe Proliant Dl325 Gen11 9015 3.5ghz 8c 1p 1x32gb-r 4lff Mr408i-o 2x4tb Hdd 1x800w Ps La Server","og_description":"Compra P81829-dm5 Servidor Hpe Proliant Dl325 Gen11 9015 3.5ghz 8c 1p 1x32gb-r 4lff Mr408i-o 2x4tb Hdd 1x800w Ps La Server + Env\u00edo a domicilio + Pago seguro + Garant\u00eda","og_url":"https:\/\/compuviper.mx\/tienda\/producto\/hewlett-packard-enterprise-p81829-dm5-servidor-hpe-proliant-dl325-gen11-9015-3-5ghz-8c-1p-1x32gb-r-4lff-mr408i-o-2x4tb-hdd-1x800w-ps-la-server\/","og_site_name":"Compuviper","article_publisher":"https:\/\/www.facebook.com\/compuviper","twitter_card":"summary_large_image","twitter_misc":{"Precio":"&#36;88,279 con IVA","Availability":"On backorder"},"schema":{"@context":"https:\/\/schema.org","@graph":[{"@type":"WebPage","@id":"https:\/\/compuviper.mx\/tienda\/producto\/hewlett-packard-enterprise-p81829-dm5-servidor-hpe-proliant-dl325-gen11-9015-3-5ghz-8c-1p-1x32gb-r-4lff-mr408i-o-2x4tb-hdd-1x800w-ps-la-server\/","url":"https:\/\/compuviper.mx\/tienda\/producto\/hewlett-packard-enterprise-p81829-dm5-servidor-hpe-proliant-dl325-gen11-9015-3-5ghz-8c-1p-1x32gb-r-4lff-mr408i-o-2x4tb-hdd-1x800w-ps-la-server\/","name":"[ Hewlett Packard Enterprise ] &#129351; P81829-dm5 Servidor Hpe Proliant Dl325 Gen11 9015 3.5ghz 8c 1p 1x32gb-r 4lff Mr408i-o 2x4tb Hdd 1x800w Ps La Server","isPartOf":{"@id":"https:\/\/compuviper.mx\/tienda\/#website"},"datePublished":"2026-04-11T07:59:43+00:00","dateModified":"2026-04-11T07:59:43+00:00","description":"Compra P81829-dm5 Servidor Hpe Proliant Dl325 Gen11 9015 3.5ghz 8c 1p 1x32gb-r 4lff Mr408i-o 2x4tb Hdd 1x800w Ps La Server + Env\u00edo a domicilio + Pago seguro + Garant\u00eda","breadcrumb":{"@id":"https:\/\/compuviper.mx\/tienda\/producto\/hewlett-packard-enterprise-p81829-dm5-servidor-hpe-proliant-dl325-gen11-9015-3-5ghz-8c-1p-1x32gb-r-4lff-mr408i-o-2x4tb-hdd-1x800w-ps-la-server\/#breadcrumb"},"inLanguage":"es-MX","potentialAction":[{"@type":"ReadAction","target":["https:\/\/compuviper.mx\/tienda\/producto\/hewlett-packard-enterprise-p81829-dm5-servidor-hpe-proliant-dl325-gen11-9015-3-5ghz-8c-1p-1x32gb-r-4lff-mr408i-o-2x4tb-hdd-1x800w-ps-la-server\/"]}]},{"@type":"BreadcrumbList","@id":"https:\/\/compuviper.mx\/tienda\/producto\/hewlett-packard-enterprise-p81829-dm5-servidor-hpe-proliant-dl325-gen11-9015-3-5ghz-8c-1p-1x32gb-r-4lff-mr408i-o-2x4tb-hdd-1x800w-ps-la-server\/#breadcrumb","itemListElement":[{"@type":"ListItem","position":1,"name":"Inicio","item":"https:\/\/compuviper.mx\/tienda\/"},{"@type":"ListItem","position":2,"name":"Productos","item":"https:\/\/compuviper.mx\/tienda\/productos\/"},{"@type":"ListItem","position":3,"name":"Servidores","item":"https:\/\/compuviper.mx\/tienda\/categoria-producto\/servidores-2\/"},{"@type":"ListItem","position":4,"name":"Rack (dl)","item":"https:\/\/compuviper.mx\/tienda\/categoria-producto\/servidores-2\/rack-dl\/"},{"@type":"ListItem","position":5,"name":"Hewlett Packard Enterprise P81829-dm5 Servidor Hpe Proliant Dl325 Gen11 9015 3.5ghz 8c 1p 1x32gb-r 4lff Mr408i-o 2x4tb Hdd 1x800w Ps La Server"}]},{"@type":"WebSite","@id":"https:\/\/compuviper.mx\/tienda\/#website","url":"https:\/\/compuviper.mx\/tienda\/","name":"Compuviper","description":"Proveedor de Computadoras, Laptops, Servidores, Monitores, Puntos de Venta, Teclados,   Impresoras, T\u00f3ner, C\u00e1maras de Seguridad y m\u00e1s en tu tienda en l\u00ednea","publisher":{"@id":"https:\/\/compuviper.mx\/tienda\/#organization"},"potentialAction":[{"@type":"SearchAction","target":{"@type":"EntryPoint","urlTemplate":"https:\/\/compuviper.mx\/tienda\/?s={search_term_string}"},"query-input":"required name=search_term_string"}],"inLanguage":"es-MX"},{"@type":"Organization","@id":"https:\/\/compuviper.mx\/tienda\/#organization","name":"Compuviper","url":"https:\/\/compuviper.mx\/tienda\/","logo":{"@type":"ImageObject","inLanguage":"es-MX","@id":"https:\/\/compuviper.mx\/tienda\/#\/schema\/logo\/image\/","url":"https:\/\/compuviper.mx\/tienda\/wp-content\/uploads\/2021\/08\/Logo-Compuviper-10.png","contentUrl":"https:\/\/compuviper.mx\/tienda\/wp-content\/uploads\/2021\/08\/Logo-Compuviper-10.png","width":1000,"height":500,"caption":"Compuviper"},"image":{"@id":"https:\/\/compuviper.mx\/tienda\/#\/schema\/logo\/image\/"},"sameAs":["https:\/\/www.facebook.com\/compuviper","https:\/\/www.youtube.com\/channel\/UCf73dERp9Y3cfOq7q8BhLjA?view_as=subscriber"]}]},"product_brand":"HEWLETT PACKARD ENTERPRISE","product_price_amount":"88279","product_price_currency":"MXN","og_availability":"backorder","product_availability":"available for order","product_retailer_item_id":"P81829-DM5","product_condition":"new"},"_links":{"self":[{"href":"https:\/\/compuviper.mx\/tienda\/wp-json\/wp\/v2\/product\/262915"}],"collection":[{"href":"https:\/\/compuviper.mx\/tienda\/wp-json\/wp\/v2\/product"}],"about":[{"href":"https:\/\/compuviper.mx\/tienda\/wp-json\/wp\/v2\/types\/product"}],"replies":[{"embeddable":true,"href":"https:\/\/compuviper.mx\/tienda\/wp-json\/wp\/v2\/comments?post=262915"}],"wp:attachment":[{"href":"https:\/\/compuviper.mx\/tienda\/wp-json\/wp\/v2\/media?parent=262915"}],"wp:term":[{"taxonomy":"product_cat","embeddable":true,"href":"https:\/\/compuviper.mx\/tienda\/wp-json\/wp\/v2\/product_cat?post=262915"},{"taxonomy":"product_tag","embeddable":true,"href":"https:\/\/compuviper.mx\/tienda\/wp-json\/wp\/v2\/product_tag?post=262915"}],"curies":[{"name":"wp","href":"https:\/\/api.w.org\/{rel}","templated":true}]}}