{"id":262863,"date":"2026-04-07T00:36:46","date_gmt":"2026-04-07T06:36:46","guid":{"rendered":"https:\/\/compuviper.mx\/tienda\/producto\/seagate-st6000vx009-disco-duro-interno-skyhawk-6tb-3-5-escritorio-sata3-6gb-s-256mb-5400rpm-video-vigilancia-24x7-dvr-y-nvr-1-16-bahias-1-64-cam\/"},"modified":"2026-04-07T00:36:46","modified_gmt":"2026-04-07T06:36:46","slug":"seagate-st6000vx009-disco-duro-interno-skyhawk-6tb-3-5-escritorio-sata3-6gb-s-256mb-5400rpm-video-vigilancia-24x7-dvr-y-nvr-1-16-bahias-1-64-cam","status":"publish","type":"product","link":"https:\/\/compuviper.mx\/tienda\/producto\/seagate-st6000vx009-disco-duro-interno-skyhawk-6tb-3-5-escritorio-sata3-6gb-s-256mb-5400rpm-video-vigilancia-24x7-dvr-y-nvr-1-16-bahias-1-64-cam\/","title":{"rendered":"Seagate St6000vx009 Disco Duro Interno  Skyhawk 6tb 3.5 Escritorio Sata3 6gb\/s 256mb 5400rpm Video Vigilancia 24&#215;7 Dvr Y Nvr 1-16 Bahias 1-64 Cam"},"content":{"rendered":"<table class=\"descripcion\">\n<tr>\n<td>Specifications<\/td>\n<\/tr>\n<tr>\n<td>Standard model numbers st6000vx009<\/td>\n<\/tr>\n<tr>\n<td>\u0099<\/td>\n<\/tr>\n<tr>\n<td>Skyhawk health management included yes<\/td>\n<\/tr>\n<tr>\n<td>Interface sata 6gb\/s<\/td>\n<\/tr>\n<tr>\n<td>Recording technology cmr<\/td>\n<\/tr>\n<tr>\n<td>Drive design air<\/td>\n<\/tr>\n<tr>\n<td>Features and performance<\/td>\n<\/tr>\n<tr>\n<td>Drive bays supported up to 16<\/td>\n<\/tr>\n<tr>\n<td>Cameras supported up to 64<\/td>\n<\/tr>\n<tr>\n<td>Rv sensors yes<\/td>\n<\/tr>\n<tr>\n<td>Max sustained transfer rate od (mb\/s) 180mb\/s<\/td>\n<\/tr>\n<tr>\n<td>Cache (mb) 256mb<\/td>\n<\/tr>\n<tr>\n<td>Reliability\/data integrity<\/td>\n<\/tr>\n<tr>\n<td>Tarnish resistant yes<\/td>\n<\/tr>\n<tr>\n<td>Load\/unload cycles 600,000<\/td>\n<\/tr>\n<tr>\n<td>Nonrecoverable read errors rate, max 1 per 10e14<\/td>\n<\/tr>\n<tr>\n<td>Power-on hours per year 8760<\/td>\n<\/tr>\n<tr>\n<td>1 workload rate limit (wrl) 180<\/td>\n<\/tr>\n<tr>\n<td>Mean time between failures (mtbf) (hours) 1000000hr<\/td>\n<\/tr>\n<tr>\n<td>2 warranty, limited (years) 3<\/td>\n<\/tr>\n<tr>\n<td>3 rescue data recovery services (years) 3<\/td>\n<\/tr>\n<tr>\n<td>Power management<\/td>\n<\/tr>\n<tr>\n<td>Startup current, typical (12v, a) 1.8a<\/td>\n<\/tr>\n<tr>\n<td>Average operating power (w) 5.3w<\/td>\n<\/tr>\n<tr>\n<td>Idle average (w) 3.4w<\/td>\n<\/tr>\n<tr>\n<td>Standby mode\/sleep mode, typical (w) 0.25w<\/td>\n<\/tr>\n<tr>\n<td>Voltage tolerance (5v) \u00b15%<\/td>\n<\/tr>\n<tr>\n<td>Voltage tolerance (12v) \u00b110%<\/td>\n<\/tr>\n<tr>\n<td>Environmental\/temperature<\/td>\n<\/tr>\n<tr>\n<td>Operating (ambient, min \u00b0c) 0\u00b0c<\/td>\n<\/tr>\n<tr>\n<td>4 operating (drive reported, max \u00b0c) 65\u00b0c<\/td>\n<\/tr>\n<tr>\n<td>Nonoperating (ambient, min \u00b0c) -40\u00b0c<\/td>\n<\/tr>\n<tr>\n<td>Physical<\/td>\n<\/tr>\n<tr>\n<td>Height (mm\/in, max) 26.1mm\/1.028in<\/td>\n<\/tr>\n<tr>\n<td>Width (mm\/in, max) 101.6mm\/4.00in<\/td>\n<\/tr>\n<tr>\n<td>Depth (mm\/in, max) 146.99mm\/5.787in<\/td>\n<\/tr>\n<tr>\n<td>Weight (g\/lb, typical) 630g\/1.389lb<\/td>\n<\/tr>\n<tr>\n<td>Carton unit quantity 20<\/td>\n<\/tr>\n<tr>\n<td>Cartons per pallet\/cartons per layer 40\/8<\/td>\n<\/tr>\n<\/table>\n","protected":false},"excerpt":{"rendered":"<p>Skyhawk saca partido de la amplia experiencia de seagate en el diseo de unidades diseadas especficamente para operaciones de vigilancia. Usos idneos. Grabadores de video en red nvr. Sistemas dvr de vigilancia<\/p>\n","protected":false},"featured_media":262864,"comment_status":"open","ping_status":"open","template":"","meta":[],"product_cat":[1706,1703],"product_tag":[1710],"acf":[],"yoast_head":"<!-- This site is optimized with the Yoast SEO plugin v21.7 - https:\/\/yoast.com\/wordpress\/plugins\/seo\/ -->\n<title>[ Seagate ] &#129351; St6000vx009 Disco Duro Interno Skyhawk 6tb 3.5 Escritorio Sata3 6gb\/s 256mb 5400rpm Video Vigilancia 24x7 Dvr Y Nvr 1-16 Bahias 1-64 Cam<\/title>\n<meta name=\"description\" content=\"Compra St6000vx009 Disco Duro Interno Skyhawk 6tb 3.5 Escritorio Sata3 6gb\/s 256mb 5400rpm Video Vigilancia 24x7 Dvr Y Nvr 1-16 Bahias 1-64 Cam + Env\u00edo a domicilio + Pago seguro + Garant\u00eda\" \/>\n<meta name=\"robots\" content=\"index, follow, max-snippet:-1, max-image-preview:large, max-video-preview:-1\" \/>\n<link rel=\"canonical\" href=\"https:\/\/compuviper.mx\/tienda\/producto\/seagate-st6000vx009-disco-duro-interno-skyhawk-6tb-3-5-escritorio-sata3-6gb-s-256mb-5400rpm-video-vigilancia-24x7-dvr-y-nvr-1-16-bahias-1-64-cam\/\" \/>\n<meta property=\"og:locale\" content=\"es_MX\" \/>\n<meta property=\"og:type\" content=\"article\" \/>\n<meta property=\"og:title\" content=\"[ Seagate ] &#129351; St6000vx009 Disco Duro Interno Skyhawk 6tb 3.5 Escritorio Sata3 6gb\/s 256mb 5400rpm Video Vigilancia 24x7 Dvr Y Nvr 1-16 Bahias 1-64 Cam\" \/>\n<meta property=\"og:description\" content=\"Compra St6000vx009 Disco Duro Interno Skyhawk 6tb 3.5 Escritorio Sata3 6gb\/s 256mb 5400rpm Video Vigilancia 24x7 Dvr Y Nvr 1-16 Bahias 1-64 Cam + Env\u00edo a domicilio + Pago seguro + Garant\u00eda\" \/>\n<meta property=\"og:url\" content=\"https:\/\/compuviper.mx\/tienda\/producto\/seagate-st6000vx009-disco-duro-interno-skyhawk-6tb-3-5-escritorio-sata3-6gb-s-256mb-5400rpm-video-vigilancia-24x7-dvr-y-nvr-1-16-bahias-1-64-cam\/\" \/>\n<meta property=\"og:site_name\" content=\"Compuviper\" \/>\n<meta property=\"article:publisher\" content=\"https:\/\/www.facebook.com\/compuviper\" \/>\n<meta property=\"og:image\" content=\"https:\/\/compuviper.mx\/tienda\/wp-content\/uploads\/2025\/11\/Disco-duro-interno-seagate-skyhawk-6tb-3.5-escritorio-sata3-6gbs-256mb-5400rpm-video-vigilancia-24x7-dvr-y-nvr-1-16-bahias-1-64-cam.jpg\" \/>\n\t<meta property=\"og:image:width\" content=\"200\" \/>\n\t<meta property=\"og:image:height\" content=\"200\" \/>\n\t<meta property=\"og:image:type\" content=\"image\/jpeg\" \/>\n<meta name=\"twitter:card\" content=\"summary_large_image\" \/>\n<meta name=\"twitter:label1\" content=\"Precio\" \/>\n\t<meta name=\"twitter:data1\" content=\"&#36;2,445 con IVA\" \/>\n\t<meta name=\"twitter:label2\" content=\"Availability\" \/>\n\t<meta name=\"twitter:data2\" content=\"Out of stock\" \/>\n<script type=\"application\/ld+json\" class=\"yoast-schema-graph\">{\"@context\":\"https:\/\/schema.org\",\"@graph\":[{\"@type\":\"WebPage\",\"@id\":\"https:\/\/compuviper.mx\/tienda\/producto\/seagate-st6000vx009-disco-duro-interno-skyhawk-6tb-3-5-escritorio-sata3-6gb-s-256mb-5400rpm-video-vigilancia-24x7-dvr-y-nvr-1-16-bahias-1-64-cam\/\",\"url\":\"https:\/\/compuviper.mx\/tienda\/producto\/seagate-st6000vx009-disco-duro-interno-skyhawk-6tb-3-5-escritorio-sata3-6gb-s-256mb-5400rpm-video-vigilancia-24x7-dvr-y-nvr-1-16-bahias-1-64-cam\/\",\"name\":\"[ Seagate ] &#129351; St6000vx009 Disco Duro Interno Skyhawk 6tb 3.5 Escritorio Sata3 6gb\/s 256mb 5400rpm Video Vigilancia 24x7 Dvr Y Nvr 1-16 Bahias 1-64 Cam\",\"isPartOf\":{\"@id\":\"https:\/\/compuviper.mx\/tienda\/#website\"},\"datePublished\":\"2026-04-07T06:36:46+00:00\",\"dateModified\":\"2026-04-07T06:36:46+00:00\",\"description\":\"Compra St6000vx009 Disco Duro Interno Skyhawk 6tb 3.5 Escritorio Sata3 6gb\/s 256mb 5400rpm Video Vigilancia 24x7 Dvr Y Nvr 1-16 Bahias 1-64 Cam + Env\u00edo a domicilio + Pago seguro + Garant\u00eda\",\"breadcrumb\":{\"@id\":\"https:\/\/compuviper.mx\/tienda\/producto\/seagate-st6000vx009-disco-duro-interno-skyhawk-6tb-3-5-escritorio-sata3-6gb-s-256mb-5400rpm-video-vigilancia-24x7-dvr-y-nvr-1-16-bahias-1-64-cam\/#breadcrumb\"},\"inLanguage\":\"es-MX\",\"potentialAction\":[{\"@type\":\"ReadAction\",\"target\":[\"https:\/\/compuviper.mx\/tienda\/producto\/seagate-st6000vx009-disco-duro-interno-skyhawk-6tb-3-5-escritorio-sata3-6gb-s-256mb-5400rpm-video-vigilancia-24x7-dvr-y-nvr-1-16-bahias-1-64-cam\/\"]}]},{\"@type\":\"BreadcrumbList\",\"@id\":\"https:\/\/compuviper.mx\/tienda\/producto\/seagate-st6000vx009-disco-duro-interno-skyhawk-6tb-3-5-escritorio-sata3-6gb-s-256mb-5400rpm-video-vigilancia-24x7-dvr-y-nvr-1-16-bahias-1-64-cam\/#breadcrumb\",\"itemListElement\":[{\"@type\":\"ListItem\",\"position\":1,\"name\":\"Inicio\",\"item\":\"https:\/\/compuviper.mx\/tienda\/\"},{\"@type\":\"ListItem\",\"position\":2,\"name\":\"Productos\",\"item\":\"https:\/\/compuviper.mx\/tienda\/productos\/\"},{\"@type\":\"ListItem\",\"position\":3,\"name\":\"Discos Duros\",\"item\":\"https:\/\/compuviper.mx\/tienda\/categoria-producto\/discos-duros\/\"},{\"@type\":\"ListItem\",\"position\":4,\"name\":\"Disco Duro\",\"item\":\"https:\/\/compuviper.mx\/tienda\/categoria-producto\/discos-duros\/disco-duro\/\"},{\"@type\":\"ListItem\",\"position\":5,\"name\":\"Seagate St6000vx009 Disco Duro Interno Skyhawk 6tb 3.5 Escritorio Sata3 6gb\/s 256mb 5400rpm Video Vigilancia 24&#215;7 Dvr Y Nvr 1-16 Bahias 1-64 Cam\"}]},{\"@type\":\"WebSite\",\"@id\":\"https:\/\/compuviper.mx\/tienda\/#website\",\"url\":\"https:\/\/compuviper.mx\/tienda\/\",\"name\":\"Compuviper\",\"description\":\"Proveedor de Computadoras, Laptops, Servidores, Monitores, Puntos de Venta, Teclados,   Impresoras, T\u00f3ner, C\u00e1maras de Seguridad y m\u00e1s en tu tienda en l\u00ednea\",\"publisher\":{\"@id\":\"https:\/\/compuviper.mx\/tienda\/#organization\"},\"potentialAction\":[{\"@type\":\"SearchAction\",\"target\":{\"@type\":\"EntryPoint\",\"urlTemplate\":\"https:\/\/compuviper.mx\/tienda\/?s={search_term_string}\"},\"query-input\":\"required name=search_term_string\"}],\"inLanguage\":\"es-MX\"},{\"@type\":\"Organization\",\"@id\":\"https:\/\/compuviper.mx\/tienda\/#organization\",\"name\":\"Compuviper\",\"url\":\"https:\/\/compuviper.mx\/tienda\/\",\"logo\":{\"@type\":\"ImageObject\",\"inLanguage\":\"es-MX\",\"@id\":\"https:\/\/compuviper.mx\/tienda\/#\/schema\/logo\/image\/\",\"url\":\"https:\/\/compuviper.mx\/tienda\/wp-content\/uploads\/2021\/08\/Logo-Compuviper-10.png\",\"contentUrl\":\"https:\/\/compuviper.mx\/tienda\/wp-content\/uploads\/2021\/08\/Logo-Compuviper-10.png\",\"width\":1000,\"height\":500,\"caption\":\"Compuviper\"},\"image\":{\"@id\":\"https:\/\/compuviper.mx\/tienda\/#\/schema\/logo\/image\/\"},\"sameAs\":[\"https:\/\/www.facebook.com\/compuviper\",\"https:\/\/www.youtube.com\/channel\/UCf73dERp9Y3cfOq7q8BhLjA?view_as=subscriber\"]}]}<\/script>\n<meta property=\"product:brand\" content=\"SEAGATE\" \/>\n<meta property=\"product:price:amount\" content=\"2445\" \/>\n<meta property=\"product:price:currency\" content=\"MXN\" \/>\n<meta property=\"og:availability\" content=\"out of stock\" \/>\n<meta property=\"product:availability\" content=\"out of stock\" \/>\n<meta property=\"product:retailer_item_id\" content=\"ST6000VX009\" \/>\n<meta property=\"product:condition\" content=\"new\" \/>\n<!-- \/ Yoast SEO plugin. -->","yoast_head_json":{"title":"[ Seagate ] &#129351; St6000vx009 Disco Duro Interno Skyhawk 6tb 3.5 Escritorio Sata3 6gb\/s 256mb 5400rpm Video Vigilancia 24x7 Dvr Y Nvr 1-16 Bahias 1-64 Cam","description":"Compra St6000vx009 Disco Duro Interno Skyhawk 6tb 3.5 Escritorio Sata3 6gb\/s 256mb 5400rpm Video Vigilancia 24x7 Dvr Y Nvr 1-16 Bahias 1-64 Cam + Env\u00edo a domicilio + Pago seguro + Garant\u00eda","robots":{"index":"index","follow":"follow","max-snippet":"max-snippet:-1","max-image-preview":"max-image-preview:large","max-video-preview":"max-video-preview:-1"},"canonical":"https:\/\/compuviper.mx\/tienda\/producto\/seagate-st6000vx009-disco-duro-interno-skyhawk-6tb-3-5-escritorio-sata3-6gb-s-256mb-5400rpm-video-vigilancia-24x7-dvr-y-nvr-1-16-bahias-1-64-cam\/","og_locale":"es_MX","og_type":"article","og_title":"[ Seagate ] &#129351; St6000vx009 Disco Duro Interno Skyhawk 6tb 3.5 Escritorio Sata3 6gb\/s 256mb 5400rpm Video Vigilancia 24x7 Dvr Y Nvr 1-16 Bahias 1-64 Cam","og_description":"Compra St6000vx009 Disco Duro Interno Skyhawk 6tb 3.5 Escritorio Sata3 6gb\/s 256mb 5400rpm Video Vigilancia 24x7 Dvr Y Nvr 1-16 Bahias 1-64 Cam + Env\u00edo a domicilio + Pago seguro + Garant\u00eda","og_url":"https:\/\/compuviper.mx\/tienda\/producto\/seagate-st6000vx009-disco-duro-interno-skyhawk-6tb-3-5-escritorio-sata3-6gb-s-256mb-5400rpm-video-vigilancia-24x7-dvr-y-nvr-1-16-bahias-1-64-cam\/","og_site_name":"Compuviper","article_publisher":"https:\/\/www.facebook.com\/compuviper","og_image":[{"width":200,"height":200,"url":"https:\/\/compuviper.mx\/tienda\/wp-content\/uploads\/2025\/11\/Disco-duro-interno-seagate-skyhawk-6tb-3.5-escritorio-sata3-6gbs-256mb-5400rpm-video-vigilancia-24x7-dvr-y-nvr-1-16-bahias-1-64-cam.jpg","type":"image\/jpeg"}],"twitter_card":"summary_large_image","twitter_misc":{"Precio":"&#36;2,445 con IVA","Availability":"Out of stock"},"schema":{"@context":"https:\/\/schema.org","@graph":[{"@type":"WebPage","@id":"https:\/\/compuviper.mx\/tienda\/producto\/seagate-st6000vx009-disco-duro-interno-skyhawk-6tb-3-5-escritorio-sata3-6gb-s-256mb-5400rpm-video-vigilancia-24x7-dvr-y-nvr-1-16-bahias-1-64-cam\/","url":"https:\/\/compuviper.mx\/tienda\/producto\/seagate-st6000vx009-disco-duro-interno-skyhawk-6tb-3-5-escritorio-sata3-6gb-s-256mb-5400rpm-video-vigilancia-24x7-dvr-y-nvr-1-16-bahias-1-64-cam\/","name":"[ Seagate ] &#129351; St6000vx009 Disco Duro Interno Skyhawk 6tb 3.5 Escritorio Sata3 6gb\/s 256mb 5400rpm Video Vigilancia 24x7 Dvr Y Nvr 1-16 Bahias 1-64 Cam","isPartOf":{"@id":"https:\/\/compuviper.mx\/tienda\/#website"},"datePublished":"2026-04-07T06:36:46+00:00","dateModified":"2026-04-07T06:36:46+00:00","description":"Compra St6000vx009 Disco Duro Interno Skyhawk 6tb 3.5 Escritorio Sata3 6gb\/s 256mb 5400rpm Video Vigilancia 24x7 Dvr Y Nvr 1-16 Bahias 1-64 Cam + Env\u00edo a domicilio + Pago seguro + Garant\u00eda","breadcrumb":{"@id":"https:\/\/compuviper.mx\/tienda\/producto\/seagate-st6000vx009-disco-duro-interno-skyhawk-6tb-3-5-escritorio-sata3-6gb-s-256mb-5400rpm-video-vigilancia-24x7-dvr-y-nvr-1-16-bahias-1-64-cam\/#breadcrumb"},"inLanguage":"es-MX","potentialAction":[{"@type":"ReadAction","target":["https:\/\/compuviper.mx\/tienda\/producto\/seagate-st6000vx009-disco-duro-interno-skyhawk-6tb-3-5-escritorio-sata3-6gb-s-256mb-5400rpm-video-vigilancia-24x7-dvr-y-nvr-1-16-bahias-1-64-cam\/"]}]},{"@type":"BreadcrumbList","@id":"https:\/\/compuviper.mx\/tienda\/producto\/seagate-st6000vx009-disco-duro-interno-skyhawk-6tb-3-5-escritorio-sata3-6gb-s-256mb-5400rpm-video-vigilancia-24x7-dvr-y-nvr-1-16-bahias-1-64-cam\/#breadcrumb","itemListElement":[{"@type":"ListItem","position":1,"name":"Inicio","item":"https:\/\/compuviper.mx\/tienda\/"},{"@type":"ListItem","position":2,"name":"Productos","item":"https:\/\/compuviper.mx\/tienda\/productos\/"},{"@type":"ListItem","position":3,"name":"Discos Duros","item":"https:\/\/compuviper.mx\/tienda\/categoria-producto\/discos-duros\/"},{"@type":"ListItem","position":4,"name":"Disco Duro","item":"https:\/\/compuviper.mx\/tienda\/categoria-producto\/discos-duros\/disco-duro\/"},{"@type":"ListItem","position":5,"name":"Seagate St6000vx009 Disco Duro Interno Skyhawk 6tb 3.5 Escritorio Sata3 6gb\/s 256mb 5400rpm Video Vigilancia 24&#215;7 Dvr Y Nvr 1-16 Bahias 1-64 Cam"}]},{"@type":"WebSite","@id":"https:\/\/compuviper.mx\/tienda\/#website","url":"https:\/\/compuviper.mx\/tienda\/","name":"Compuviper","description":"Proveedor de Computadoras, Laptops, Servidores, Monitores, Puntos de Venta, Teclados,   Impresoras, T\u00f3ner, C\u00e1maras de Seguridad y m\u00e1s en tu tienda en l\u00ednea","publisher":{"@id":"https:\/\/compuviper.mx\/tienda\/#organization"},"potentialAction":[{"@type":"SearchAction","target":{"@type":"EntryPoint","urlTemplate":"https:\/\/compuviper.mx\/tienda\/?s={search_term_string}"},"query-input":"required name=search_term_string"}],"inLanguage":"es-MX"},{"@type":"Organization","@id":"https:\/\/compuviper.mx\/tienda\/#organization","name":"Compuviper","url":"https:\/\/compuviper.mx\/tienda\/","logo":{"@type":"ImageObject","inLanguage":"es-MX","@id":"https:\/\/compuviper.mx\/tienda\/#\/schema\/logo\/image\/","url":"https:\/\/compuviper.mx\/tienda\/wp-content\/uploads\/2021\/08\/Logo-Compuviper-10.png","contentUrl":"https:\/\/compuviper.mx\/tienda\/wp-content\/uploads\/2021\/08\/Logo-Compuviper-10.png","width":1000,"height":500,"caption":"Compuviper"},"image":{"@id":"https:\/\/compuviper.mx\/tienda\/#\/schema\/logo\/image\/"},"sameAs":["https:\/\/www.facebook.com\/compuviper","https:\/\/www.youtube.com\/channel\/UCf73dERp9Y3cfOq7q8BhLjA?view_as=subscriber"]}]},"product_brand":"SEAGATE","product_price_amount":"2445","product_price_currency":"MXN","og_availability":"out of stock","product_availability":"out of stock","product_retailer_item_id":"ST6000VX009","product_condition":"new"},"_links":{"self":[{"href":"https:\/\/compuviper.mx\/tienda\/wp-json\/wp\/v2\/product\/262863"}],"collection":[{"href":"https:\/\/compuviper.mx\/tienda\/wp-json\/wp\/v2\/product"}],"about":[{"href":"https:\/\/compuviper.mx\/tienda\/wp-json\/wp\/v2\/types\/product"}],"replies":[{"embeddable":true,"href":"https:\/\/compuviper.mx\/tienda\/wp-json\/wp\/v2\/comments?post=262863"}],"wp:featuredmedia":[{"embeddable":true,"href":"https:\/\/compuviper.mx\/tienda\/wp-json\/wp\/v2\/media\/262864"}],"wp:attachment":[{"href":"https:\/\/compuviper.mx\/tienda\/wp-json\/wp\/v2\/media?parent=262863"}],"wp:term":[{"taxonomy":"product_cat","embeddable":true,"href":"https:\/\/compuviper.mx\/tienda\/wp-json\/wp\/v2\/product_cat?post=262863"},{"taxonomy":"product_tag","embeddable":true,"href":"https:\/\/compuviper.mx\/tienda\/wp-json\/wp\/v2\/product_tag?post=262863"}],"curies":[{"name":"wp","href":"https:\/\/api.w.org\/{rel}","templated":true}]}}