{"id":262859,"date":"2026-04-02T00:06:52","date_gmt":"2026-04-02T06:06:52","guid":{"rendered":"https:\/\/compuviper.mx\/tienda\/producto\/ocelot-gaming-ops850-fuente-de-poder-atx-850w-modular-80-plus-gold-color-negro\/"},"modified":"2026-04-02T00:06:52","modified_gmt":"2026-04-02T06:06:52","slug":"ocelot-gaming-ops850-fuente-de-poder-atx-850w-modular-80-plus-gold-color-negro","status":"publish","type":"product","link":"https:\/\/compuviper.mx\/tienda\/producto\/ocelot-gaming-ops850-fuente-de-poder-atx-850w-modular-80-plus-gold-color-negro\/","title":{"rendered":"Ocelot Gaming Ops850 Fuente De Poder   \/ Atx \/ 850w \/ Modular \/ 80 Plus Gold \/ Color Negro"},"content":{"rendered":"<table class=\"descripcion\">\n<tr>\n<td>Fuente de poder ocelot gaming &#8211; tipo atx 850w modular 80+ gold<\/td>\n<\/tr>\n<tr>\n<td>Rated power:850w\/ eco-gold gaming<\/td>\n<\/tr>\n<tr>\n<td>Input voltage:110-240v<\/td>\n<\/tr>\n<tr>\n<td>Fan: 12cm with long life sleeve bearing \/hdb black<\/td>\n<\/tr>\n<tr>\n<td>Pfc: apfc 80%plus&#8211;golden level<\/td>\n<\/tr>\n<tr>\n<td>Ce :2 grade emi<\/td>\n<\/tr>\n<tr>\n<td>Effeciency:   and #8805;90%(llc\/dc-dc)<\/td>\n<\/tr>\n<tr>\n<td>Case: 140*150*86mm<\/td>\n<\/tr>\n<tr>\n<td>Protections:ovp,uvp,scp,opp .<\/td>\n<\/tr>\n<tr>\n<td>Connector and cables details:(black wires)<\/td>\n<\/tr>\n<tr>\n<td>20+4 pin (550mm)    &#8211;mesh sleeve<\/td>\n<\/tr>\n<tr>\n<td>1*p8+ and #65288;4+4 and #65289;pin(cpu) (650mm+150mm)-flat<\/td>\n<\/tr>\n<tr>\n<td>2*6+2p(pci-e)+6+2p(pci-e)(500mm+150mm)-flat<\/td>\n<\/tr>\n<tr>\n<td>2* sata(450mm)+sata(150mm)+sata(150mm) -flat<\/td>\n<\/tr>\n<tr>\n<td>1*molex (450mm)+molex(150mm)+molex(150mm)-flat   power cord: with  power cord<\/td>\n<\/tr>\n<tr>\n<td>Un a\u00f1o de garantia.<\/td>\n<\/tr>\n<\/table>\n","protected":false},"excerpt":{"rendered":"<p>Fuente de poder ocelot gaming &#8211; tipo atx 850w modular 80+ gold Rated power:850w\/ eco-gold gaming Input voltage:110-240v Fan: 12cm with long life sleeve bearing \/hdb black Pfc: apfc 80%plus&#8211;golden level Ce :2 grade emi Effeciency: and #8805;90%(llc\/dc-dc) Case: 140*150*86mm Protections:ovp,uvp,scp,opp . Connector and cables details:(black wires) 20+4 pin (550mm) &#8211;mesh sleeve 1*p8+ and #65288;4+4 [&hellip;]<\/p>\n","protected":false},"featured_media":262860,"comment_status":"open","ping_status":"open","template":"","meta":[],"product_cat":[1508,1672],"product_tag":[2019],"acf":[],"yoast_head":"<!-- This site is optimized with the Yoast SEO plugin v21.7 - https:\/\/yoast.com\/wordpress\/plugins\/seo\/ -->\n<title>[ Ocelot Gaming ] &#129351; Ops850 Fuente De Poder \/ Atx \/ 850w \/ Modular \/ 80 Plus Gold \/ Color Negro<\/title>\n<meta name=\"description\" content=\"Compra Ops850 Fuente De Poder \/ Atx \/ 850w \/ Modular \/ 80 Plus Gold \/ Color Negro + Env\u00edo a domicilio + Pago seguro + Garant\u00eda\" \/>\n<meta name=\"robots\" content=\"index, follow, max-snippet:-1, max-image-preview:large, max-video-preview:-1\" \/>\n<link rel=\"canonical\" href=\"https:\/\/compuviper.mx\/tienda\/producto\/ocelot-gaming-ops850-fuente-de-poder-atx-850w-modular-80-plus-gold-color-negro\/\" \/>\n<meta property=\"og:locale\" content=\"es_MX\" \/>\n<meta property=\"og:type\" content=\"article\" \/>\n<meta property=\"og:title\" content=\"[ Ocelot Gaming ] &#129351; Ops850 Fuente De Poder \/ Atx \/ 850w \/ Modular \/ 80 Plus Gold \/ Color Negro\" \/>\n<meta property=\"og:description\" content=\"Compra Ops850 Fuente De Poder \/ Atx \/ 850w \/ Modular \/ 80 Plus Gold \/ Color Negro + Env\u00edo a domicilio + Pago seguro + Garant\u00eda\" \/>\n<meta property=\"og:url\" content=\"https:\/\/compuviper.mx\/tienda\/producto\/ocelot-gaming-ops850-fuente-de-poder-atx-850w-modular-80-plus-gold-color-negro\/\" \/>\n<meta property=\"og:site_name\" content=\"Compuviper\" \/>\n<meta property=\"article:publisher\" content=\"https:\/\/www.facebook.com\/compuviper\" \/>\n<meta property=\"og:image\" content=\"https:\/\/compuviper.mx\/tienda\/wp-content\/uploads\/2025\/11\/Fuente-de-poder-ocelot-gaming-ops850-atx-850w-modular-80-plus-gold-color-negro.jpg\" \/>\n\t<meta property=\"og:image:width\" content=\"200\" \/>\n\t<meta property=\"og:image:height\" content=\"200\" \/>\n\t<meta property=\"og:image:type\" content=\"image\/jpeg\" \/>\n<meta name=\"twitter:card\" content=\"summary_large_image\" \/>\n<meta name=\"twitter:label1\" content=\"Precio\" \/>\n\t<meta name=\"twitter:data1\" content=\"&#36;1,126 con IVA\" \/>\n\t<meta name=\"twitter:label2\" content=\"Availability\" \/>\n\t<meta name=\"twitter:data2\" content=\"In stock\" \/>\n<script type=\"application\/ld+json\" class=\"yoast-schema-graph\">{\"@context\":\"https:\/\/schema.org\",\"@graph\":[{\"@type\":\"WebPage\",\"@id\":\"https:\/\/compuviper.mx\/tienda\/producto\/ocelot-gaming-ops850-fuente-de-poder-atx-850w-modular-80-plus-gold-color-negro\/\",\"url\":\"https:\/\/compuviper.mx\/tienda\/producto\/ocelot-gaming-ops850-fuente-de-poder-atx-850w-modular-80-plus-gold-color-negro\/\",\"name\":\"[ Ocelot Gaming ] &#129351; Ops850 Fuente De Poder \/ Atx \/ 850w \/ Modular \/ 80 Plus Gold \/ Color Negro\",\"isPartOf\":{\"@id\":\"https:\/\/compuviper.mx\/tienda\/#website\"},\"datePublished\":\"2026-04-02T06:06:52+00:00\",\"dateModified\":\"2026-04-02T06:06:52+00:00\",\"description\":\"Compra Ops850 Fuente De Poder \/ Atx \/ 850w \/ Modular \/ 80 Plus Gold \/ Color Negro + Env\u00edo a domicilio + Pago seguro + Garant\u00eda\",\"breadcrumb\":{\"@id\":\"https:\/\/compuviper.mx\/tienda\/producto\/ocelot-gaming-ops850-fuente-de-poder-atx-850w-modular-80-plus-gold-color-negro\/#breadcrumb\"},\"inLanguage\":\"es-MX\",\"potentialAction\":[{\"@type\":\"ReadAction\",\"target\":[\"https:\/\/compuviper.mx\/tienda\/producto\/ocelot-gaming-ops850-fuente-de-poder-atx-850w-modular-80-plus-gold-color-negro\/\"]}]},{\"@type\":\"BreadcrumbList\",\"@id\":\"https:\/\/compuviper.mx\/tienda\/producto\/ocelot-gaming-ops850-fuente-de-poder-atx-850w-modular-80-plus-gold-color-negro\/#breadcrumb\",\"itemListElement\":[{\"@type\":\"ListItem\",\"position\":1,\"name\":\"Inicio\",\"item\":\"https:\/\/compuviper.mx\/tienda\/\"},{\"@type\":\"ListItem\",\"position\":2,\"name\":\"Productos\",\"item\":\"https:\/\/compuviper.mx\/tienda\/productos\/\"},{\"@type\":\"ListItem\",\"position\":3,\"name\":\"Energia\",\"item\":\"https:\/\/compuviper.mx\/tienda\/categoria-producto\/energia\/\"},{\"@type\":\"ListItem\",\"position\":4,\"name\":\"Fuentes De Poder\",\"item\":\"https:\/\/compuviper.mx\/tienda\/categoria-producto\/energia\/fuentes-de-poder\/\"},{\"@type\":\"ListItem\",\"position\":5,\"name\":\"Ocelot Gaming Ops850 Fuente De Poder \/ Atx \/ 850w \/ Modular \/ 80 Plus Gold \/ Color Negro\"}]},{\"@type\":\"WebSite\",\"@id\":\"https:\/\/compuviper.mx\/tienda\/#website\",\"url\":\"https:\/\/compuviper.mx\/tienda\/\",\"name\":\"Compuviper\",\"description\":\"Proveedor de Computadoras, Laptops, Servidores, Monitores, Puntos de Venta, Teclados,   Impresoras, T\u00f3ner, C\u00e1maras de Seguridad y m\u00e1s en tu tienda en l\u00ednea\",\"publisher\":{\"@id\":\"https:\/\/compuviper.mx\/tienda\/#organization\"},\"potentialAction\":[{\"@type\":\"SearchAction\",\"target\":{\"@type\":\"EntryPoint\",\"urlTemplate\":\"https:\/\/compuviper.mx\/tienda\/?s={search_term_string}\"},\"query-input\":\"required name=search_term_string\"}],\"inLanguage\":\"es-MX\"},{\"@type\":\"Organization\",\"@id\":\"https:\/\/compuviper.mx\/tienda\/#organization\",\"name\":\"Compuviper\",\"url\":\"https:\/\/compuviper.mx\/tienda\/\",\"logo\":{\"@type\":\"ImageObject\",\"inLanguage\":\"es-MX\",\"@id\":\"https:\/\/compuviper.mx\/tienda\/#\/schema\/logo\/image\/\",\"url\":\"https:\/\/compuviper.mx\/tienda\/wp-content\/uploads\/2021\/08\/Logo-Compuviper-10.png\",\"contentUrl\":\"https:\/\/compuviper.mx\/tienda\/wp-content\/uploads\/2021\/08\/Logo-Compuviper-10.png\",\"width\":1000,\"height\":500,\"caption\":\"Compuviper\"},\"image\":{\"@id\":\"https:\/\/compuviper.mx\/tienda\/#\/schema\/logo\/image\/\"},\"sameAs\":[\"https:\/\/www.facebook.com\/compuviper\",\"https:\/\/www.youtube.com\/channel\/UCf73dERp9Y3cfOq7q8BhLjA?view_as=subscriber\"]}]}<\/script>\n<meta property=\"product:brand\" content=\"OCELOT GAMING\" \/>\n<meta property=\"product:price:amount\" content=\"1126\" \/>\n<meta property=\"product:price:currency\" content=\"MXN\" \/>\n<meta property=\"og:availability\" content=\"instock\" \/>\n<meta property=\"product:availability\" content=\"instock\" \/>\n<meta property=\"product:retailer_item_id\" content=\"OPS850\" \/>\n<meta property=\"product:condition\" content=\"new\" \/>\n<!-- \/ Yoast SEO plugin. -->","yoast_head_json":{"title":"[ Ocelot Gaming ] &#129351; Ops850 Fuente De Poder \/ Atx \/ 850w \/ Modular \/ 80 Plus Gold \/ Color Negro","description":"Compra Ops850 Fuente De Poder \/ Atx \/ 850w \/ Modular \/ 80 Plus Gold \/ Color Negro + Env\u00edo a domicilio + Pago seguro + Garant\u00eda","robots":{"index":"index","follow":"follow","max-snippet":"max-snippet:-1","max-image-preview":"max-image-preview:large","max-video-preview":"max-video-preview:-1"},"canonical":"https:\/\/compuviper.mx\/tienda\/producto\/ocelot-gaming-ops850-fuente-de-poder-atx-850w-modular-80-plus-gold-color-negro\/","og_locale":"es_MX","og_type":"article","og_title":"[ Ocelot Gaming ] &#129351; Ops850 Fuente De Poder \/ Atx \/ 850w \/ Modular \/ 80 Plus Gold \/ Color Negro","og_description":"Compra Ops850 Fuente De Poder \/ Atx \/ 850w \/ Modular \/ 80 Plus Gold \/ Color Negro + Env\u00edo a domicilio + Pago seguro + Garant\u00eda","og_url":"https:\/\/compuviper.mx\/tienda\/producto\/ocelot-gaming-ops850-fuente-de-poder-atx-850w-modular-80-plus-gold-color-negro\/","og_site_name":"Compuviper","article_publisher":"https:\/\/www.facebook.com\/compuviper","og_image":[{"width":200,"height":200,"url":"https:\/\/compuviper.mx\/tienda\/wp-content\/uploads\/2025\/11\/Fuente-de-poder-ocelot-gaming-ops850-atx-850w-modular-80-plus-gold-color-negro.jpg","type":"image\/jpeg"}],"twitter_card":"summary_large_image","twitter_misc":{"Precio":"&#36;1,126 con IVA","Availability":"In stock"},"schema":{"@context":"https:\/\/schema.org","@graph":[{"@type":"WebPage","@id":"https:\/\/compuviper.mx\/tienda\/producto\/ocelot-gaming-ops850-fuente-de-poder-atx-850w-modular-80-plus-gold-color-negro\/","url":"https:\/\/compuviper.mx\/tienda\/producto\/ocelot-gaming-ops850-fuente-de-poder-atx-850w-modular-80-plus-gold-color-negro\/","name":"[ Ocelot Gaming ] &#129351; Ops850 Fuente De Poder \/ Atx \/ 850w \/ Modular \/ 80 Plus Gold \/ Color Negro","isPartOf":{"@id":"https:\/\/compuviper.mx\/tienda\/#website"},"datePublished":"2026-04-02T06:06:52+00:00","dateModified":"2026-04-02T06:06:52+00:00","description":"Compra Ops850 Fuente De Poder \/ Atx \/ 850w \/ Modular \/ 80 Plus Gold \/ Color Negro + Env\u00edo a domicilio + Pago seguro + Garant\u00eda","breadcrumb":{"@id":"https:\/\/compuviper.mx\/tienda\/producto\/ocelot-gaming-ops850-fuente-de-poder-atx-850w-modular-80-plus-gold-color-negro\/#breadcrumb"},"inLanguage":"es-MX","potentialAction":[{"@type":"ReadAction","target":["https:\/\/compuviper.mx\/tienda\/producto\/ocelot-gaming-ops850-fuente-de-poder-atx-850w-modular-80-plus-gold-color-negro\/"]}]},{"@type":"BreadcrumbList","@id":"https:\/\/compuviper.mx\/tienda\/producto\/ocelot-gaming-ops850-fuente-de-poder-atx-850w-modular-80-plus-gold-color-negro\/#breadcrumb","itemListElement":[{"@type":"ListItem","position":1,"name":"Inicio","item":"https:\/\/compuviper.mx\/tienda\/"},{"@type":"ListItem","position":2,"name":"Productos","item":"https:\/\/compuviper.mx\/tienda\/productos\/"},{"@type":"ListItem","position":3,"name":"Energia","item":"https:\/\/compuviper.mx\/tienda\/categoria-producto\/energia\/"},{"@type":"ListItem","position":4,"name":"Fuentes De Poder","item":"https:\/\/compuviper.mx\/tienda\/categoria-producto\/energia\/fuentes-de-poder\/"},{"@type":"ListItem","position":5,"name":"Ocelot Gaming Ops850 Fuente De Poder \/ Atx \/ 850w \/ Modular \/ 80 Plus Gold \/ Color Negro"}]},{"@type":"WebSite","@id":"https:\/\/compuviper.mx\/tienda\/#website","url":"https:\/\/compuviper.mx\/tienda\/","name":"Compuviper","description":"Proveedor de Computadoras, Laptops, Servidores, Monitores, Puntos de Venta, Teclados,   Impresoras, T\u00f3ner, C\u00e1maras de Seguridad y m\u00e1s en tu tienda en l\u00ednea","publisher":{"@id":"https:\/\/compuviper.mx\/tienda\/#organization"},"potentialAction":[{"@type":"SearchAction","target":{"@type":"EntryPoint","urlTemplate":"https:\/\/compuviper.mx\/tienda\/?s={search_term_string}"},"query-input":"required name=search_term_string"}],"inLanguage":"es-MX"},{"@type":"Organization","@id":"https:\/\/compuviper.mx\/tienda\/#organization","name":"Compuviper","url":"https:\/\/compuviper.mx\/tienda\/","logo":{"@type":"ImageObject","inLanguage":"es-MX","@id":"https:\/\/compuviper.mx\/tienda\/#\/schema\/logo\/image\/","url":"https:\/\/compuviper.mx\/tienda\/wp-content\/uploads\/2021\/08\/Logo-Compuviper-10.png","contentUrl":"https:\/\/compuviper.mx\/tienda\/wp-content\/uploads\/2021\/08\/Logo-Compuviper-10.png","width":1000,"height":500,"caption":"Compuviper"},"image":{"@id":"https:\/\/compuviper.mx\/tienda\/#\/schema\/logo\/image\/"},"sameAs":["https:\/\/www.facebook.com\/compuviper","https:\/\/www.youtube.com\/channel\/UCf73dERp9Y3cfOq7q8BhLjA?view_as=subscriber"]}]},"product_brand":"OCELOT GAMING","product_price_amount":"1126","product_price_currency":"MXN","og_availability":"instock","product_availability":"instock","product_retailer_item_id":"OPS850","product_condition":"new"},"_links":{"self":[{"href":"https:\/\/compuviper.mx\/tienda\/wp-json\/wp\/v2\/product\/262859"}],"collection":[{"href":"https:\/\/compuviper.mx\/tienda\/wp-json\/wp\/v2\/product"}],"about":[{"href":"https:\/\/compuviper.mx\/tienda\/wp-json\/wp\/v2\/types\/product"}],"replies":[{"embeddable":true,"href":"https:\/\/compuviper.mx\/tienda\/wp-json\/wp\/v2\/comments?post=262859"}],"wp:featuredmedia":[{"embeddable":true,"href":"https:\/\/compuviper.mx\/tienda\/wp-json\/wp\/v2\/media\/262860"}],"wp:attachment":[{"href":"https:\/\/compuviper.mx\/tienda\/wp-json\/wp\/v2\/media?parent=262859"}],"wp:term":[{"taxonomy":"product_cat","embeddable":true,"href":"https:\/\/compuviper.mx\/tienda\/wp-json\/wp\/v2\/product_cat?post=262859"},{"taxonomy":"product_tag","embeddable":true,"href":"https:\/\/compuviper.mx\/tienda\/wp-json\/wp\/v2\/product_tag?post=262859"}],"curies":[{"name":"wp","href":"https:\/\/api.w.org\/{rel}","templated":true}]}}