{"id":262847,"date":"2026-04-08T01:53:51","date_gmt":"2026-04-08T07:53:51","guid":{"rendered":"https:\/\/compuviper.mx\/tienda\/producto\/vica-protect-2k-regulador-automatico-de-voltaje-2000va-1200w-4-tomas-nema-5-15r-reguladas-y-con-supresor-de-picos-3-aos-de-garantia\/"},"modified":"2026-04-08T01:53:51","modified_gmt":"2026-04-08T07:53:51","slug":"vica-protect-2k-regulador-automatico-de-voltaje-2000va-1200w-4-tomas-nema-5-15r-reguladas-y-con-supresor-de-picos-3-aos-de-garantia","status":"publish","type":"product","link":"https:\/\/compuviper.mx\/tienda\/producto\/vica-protect-2k-regulador-automatico-de-voltaje-2000va-1200w-4-tomas-nema-5-15r-reguladas-y-con-supresor-de-picos-3-aos-de-garantia\/","title":{"rendered":"Vica Protect 2k Regulador Automatico De Voltaje   2000va \/ 1200w, 4 Tomas Nema 5-15r Reguladas Y Con Supresor De Picos, 3 A?os De Garantia"},"content":{"rendered":"<table class=\"descripcion\">\n<tr>\n<td>Especificaciones tecnicas<\/td>\n<\/tr>\n<tr>\n<td>Modelo:protect 2k<\/td>\n<\/tr>\n<tr>\n<td>Capacidad: 2000 va\/1200 w<\/td>\n<\/tr>\n<tr>\n<td>Entrada<\/td>\n<\/tr>\n<tr>\n<td>Voltaje normal: 120 vca<\/td>\n<\/tr>\n<tr>\n<td>Frecuencia: 60 hz<\/td>\n<\/tr>\n<tr>\n<td>Regulacion de voltaje: -25%, +20%<\/td>\n<\/tr>\n<tr>\n<td>Cable de alimentacion: nema5-15p<\/td>\n<\/tr>\n<tr>\n<td>Breaker: 10 a<\/td>\n<\/tr>\n<tr>\n<td>Salida<\/td>\n<\/tr>\n<tr>\n<td>Rango de voltaje:120 vca<\/td>\n<\/tr>\n<tr>\n<td>Regulacion de voltaje:  +\/-10%<\/td>\n<\/tr>\n<tr>\n<td>Pasos de la regulacion: 2 impulsos + 1 reduccion<\/td>\n<\/tr>\n<tr>\n<td>Frecuencia:  50\/60 hz<\/td>\n<\/tr>\n<tr>\n<td>Proteccion<\/td>\n<\/tr>\n<tr>\n<td>Sobrecarga: interruptor de circuito de manual de reinicio<\/td>\n<\/tr>\n<tr>\n<td>Sobretemperatura: interruptor termico<\/td>\n<\/tr>\n<tr>\n<td>Supresion de sobretensiones: 175 joules<\/td>\n<\/tr>\n<tr>\n<td>Led<\/td>\n<\/tr>\n<tr>\n<td>Buck: amarillo<\/td>\n<\/tr>\n<tr>\n<td>Normal: verde<\/td>\n<\/tr>\n<tr>\n<td>Boost: amarillo<\/td>\n<\/tr>\n<tr>\n<td>Entorno<\/td>\n<\/tr>\n<tr>\n<td>Temperatura de funcionamiento: 0 ~ 40<\/td>\n<\/tr>\n<tr>\n<td>Ruido:    40db<\/td>\n<\/tr>\n<tr>\n<td>Nivel de humedad:    95% (sin condensaci\u00f3n<\/td>\n<\/tr>\n<tr>\n<td>Fisico<\/td>\n<\/tr>\n<tr>\n<td>Numero de tomas: 4 tomas nema 5-15r<\/td>\n<\/tr>\n<tr>\n<td>Medida de cable: 1.05 mm \/ cal.14 x 3<\/td>\n<\/tr>\n<tr>\n<td>Dimensiones mm<\/td>\n<\/tr>\n<tr>\n<td>(largo x ancho x alto)    200 x 140 x 133<\/td>\n<\/tr>\n<tr>\n<td>     l          w          h<\/td>\n<\/tr>\n<\/table>\n","protected":false},"excerpt":{"rendered":"<p>Regulador protect 2k. 4 tomacorrientes protegen perifericos y dispositivos que regulan automaticamente el disyuntor. Reajustable de alto voltaje y bajo voltaje para proteccion contra sobrecargas. Interruptor termico incorporado para proteccion contra sobretemperatura. Leds de indicadores visuales facil de usar.<\/p>\n","protected":false},"featured_media":0,"comment_status":"open","ping_status":"open","template":"","meta":[],"product_cat":[1508,1802],"product_tag":[1695],"acf":[],"yoast_head":"<!-- This site is optimized with the Yoast SEO plugin v21.7 - https:\/\/yoast.com\/wordpress\/plugins\/seo\/ -->\n<title>[ Vica ] &#129351; Protect 2k Regulador Automatico De Voltaje 2000va \/ 1200w, 4 Tomas Nema 5-15r Reguladas Y Con Supresor De Picos, 3 A\u00f1os De Garantia<\/title>\n<meta name=\"description\" content=\"Compra Protect 2k Regulador Automatico De Voltaje 2000va \/ 1200w, 4 Tomas Nema 5-15r Reguladas Y Con Supresor De Picos, 3 A\u00f1os De Garantia + Env\u00edo a domicilio + Pago seguro + Garant\u00eda\" \/>\n<meta name=\"robots\" content=\"index, follow, max-snippet:-1, max-image-preview:large, max-video-preview:-1\" \/>\n<link rel=\"canonical\" href=\"https:\/\/compuviper.mx\/tienda\/producto\/vica-protect-2k-regulador-automatico-de-voltaje-2000va-1200w-4-tomas-nema-5-15r-reguladas-y-con-supresor-de-picos-3-aos-de-garantia\/\" \/>\n<meta property=\"og:locale\" content=\"es_MX\" \/>\n<meta property=\"og:type\" content=\"article\" \/>\n<meta property=\"og:title\" content=\"[ Vica ] &#129351; Protect 2k Regulador Automatico De Voltaje 2000va \/ 1200w, 4 Tomas Nema 5-15r Reguladas Y Con Supresor De Picos, 3 A\u00f1os De Garantia\" \/>\n<meta property=\"og:description\" content=\"Compra Protect 2k Regulador Automatico De Voltaje 2000va \/ 1200w, 4 Tomas Nema 5-15r Reguladas Y Con Supresor De Picos, 3 A\u00f1os De Garantia + Env\u00edo a domicilio + Pago seguro + Garant\u00eda\" \/>\n<meta property=\"og:url\" content=\"https:\/\/compuviper.mx\/tienda\/producto\/vica-protect-2k-regulador-automatico-de-voltaje-2000va-1200w-4-tomas-nema-5-15r-reguladas-y-con-supresor-de-picos-3-aos-de-garantia\/\" \/>\n<meta property=\"og:site_name\" content=\"Compuviper\" \/>\n<meta property=\"article:publisher\" content=\"https:\/\/www.facebook.com\/compuviper\" \/>\n<meta name=\"twitter:card\" content=\"summary_large_image\" \/>\n<meta name=\"twitter:label1\" content=\"Precio\" \/>\n\t<meta name=\"twitter:data1\" content=\"&#36;1,028 con IVA\" \/>\n\t<meta name=\"twitter:label2\" content=\"Availability\" \/>\n\t<meta name=\"twitter:data2\" content=\"Out of stock\" \/>\n<script type=\"application\/ld+json\" class=\"yoast-schema-graph\">{\"@context\":\"https:\/\/schema.org\",\"@graph\":[{\"@type\":\"WebPage\",\"@id\":\"https:\/\/compuviper.mx\/tienda\/producto\/vica-protect-2k-regulador-automatico-de-voltaje-2000va-1200w-4-tomas-nema-5-15r-reguladas-y-con-supresor-de-picos-3-aos-de-garantia\/\",\"url\":\"https:\/\/compuviper.mx\/tienda\/producto\/vica-protect-2k-regulador-automatico-de-voltaje-2000va-1200w-4-tomas-nema-5-15r-reguladas-y-con-supresor-de-picos-3-aos-de-garantia\/\",\"name\":\"[ Vica ] &#129351; Protect 2k Regulador Automatico De Voltaje 2000va \/ 1200w, 4 Tomas Nema 5-15r Reguladas Y Con Supresor De Picos, 3 A\u00f1os De Garantia\",\"isPartOf\":{\"@id\":\"https:\/\/compuviper.mx\/tienda\/#website\"},\"datePublished\":\"2026-04-08T07:53:51+00:00\",\"dateModified\":\"2026-04-08T07:53:51+00:00\",\"description\":\"Compra Protect 2k Regulador Automatico De Voltaje 2000va \/ 1200w, 4 Tomas Nema 5-15r Reguladas Y Con Supresor De Picos, 3 A\u00f1os De Garantia + Env\u00edo a domicilio + Pago seguro + Garant\u00eda\",\"breadcrumb\":{\"@id\":\"https:\/\/compuviper.mx\/tienda\/producto\/vica-protect-2k-regulador-automatico-de-voltaje-2000va-1200w-4-tomas-nema-5-15r-reguladas-y-con-supresor-de-picos-3-aos-de-garantia\/#breadcrumb\"},\"inLanguage\":\"es-MX\",\"potentialAction\":[{\"@type\":\"ReadAction\",\"target\":[\"https:\/\/compuviper.mx\/tienda\/producto\/vica-protect-2k-regulador-automatico-de-voltaje-2000va-1200w-4-tomas-nema-5-15r-reguladas-y-con-supresor-de-picos-3-aos-de-garantia\/\"]}]},{\"@type\":\"BreadcrumbList\",\"@id\":\"https:\/\/compuviper.mx\/tienda\/producto\/vica-protect-2k-regulador-automatico-de-voltaje-2000va-1200w-4-tomas-nema-5-15r-reguladas-y-con-supresor-de-picos-3-aos-de-garantia\/#breadcrumb\",\"itemListElement\":[{\"@type\":\"ListItem\",\"position\":1,\"name\":\"Inicio\",\"item\":\"https:\/\/compuviper.mx\/tienda\/\"},{\"@type\":\"ListItem\",\"position\":2,\"name\":\"Productos\",\"item\":\"https:\/\/compuviper.mx\/tienda\/productos\/\"},{\"@type\":\"ListItem\",\"position\":3,\"name\":\"Energia\",\"item\":\"https:\/\/compuviper.mx\/tienda\/categoria-producto\/energia\/\"},{\"@type\":\"ListItem\",\"position\":4,\"name\":\"Regulador\",\"item\":\"https:\/\/compuviper.mx\/tienda\/categoria-producto\/energia\/regulador\/\"},{\"@type\":\"ListItem\",\"position\":5,\"name\":\"Vica Protect 2k Regulador Automatico De Voltaje 2000va \/ 1200w, 4 Tomas Nema 5-15r Reguladas Y Con Supresor De Picos, 3 A?os De Garantia\"}]},{\"@type\":\"WebSite\",\"@id\":\"https:\/\/compuviper.mx\/tienda\/#website\",\"url\":\"https:\/\/compuviper.mx\/tienda\/\",\"name\":\"Compuviper\",\"description\":\"Proveedor de Computadoras, Laptops, Servidores, Monitores, Puntos de Venta, Teclados,   Impresoras, T\u00f3ner, C\u00e1maras de Seguridad y m\u00e1s en tu tienda en l\u00ednea\",\"publisher\":{\"@id\":\"https:\/\/compuviper.mx\/tienda\/#organization\"},\"potentialAction\":[{\"@type\":\"SearchAction\",\"target\":{\"@type\":\"EntryPoint\",\"urlTemplate\":\"https:\/\/compuviper.mx\/tienda\/?s={search_term_string}\"},\"query-input\":\"required name=search_term_string\"}],\"inLanguage\":\"es-MX\"},{\"@type\":\"Organization\",\"@id\":\"https:\/\/compuviper.mx\/tienda\/#organization\",\"name\":\"Compuviper\",\"url\":\"https:\/\/compuviper.mx\/tienda\/\",\"logo\":{\"@type\":\"ImageObject\",\"inLanguage\":\"es-MX\",\"@id\":\"https:\/\/compuviper.mx\/tienda\/#\/schema\/logo\/image\/\",\"url\":\"https:\/\/compuviper.mx\/tienda\/wp-content\/uploads\/2021\/08\/Logo-Compuviper-10.png\",\"contentUrl\":\"https:\/\/compuviper.mx\/tienda\/wp-content\/uploads\/2021\/08\/Logo-Compuviper-10.png\",\"width\":1000,\"height\":500,\"caption\":\"Compuviper\"},\"image\":{\"@id\":\"https:\/\/compuviper.mx\/tienda\/#\/schema\/logo\/image\/\"},\"sameAs\":[\"https:\/\/www.facebook.com\/compuviper\",\"https:\/\/www.youtube.com\/channel\/UCf73dERp9Y3cfOq7q8BhLjA?view_as=subscriber\"]}]}<\/script>\n<meta property=\"product:brand\" content=\"VICA\" \/>\n<meta property=\"product:price:amount\" content=\"1028\" \/>\n<meta property=\"product:price:currency\" content=\"MXN\" \/>\n<meta property=\"og:availability\" content=\"out of stock\" \/>\n<meta property=\"product:availability\" content=\"out of stock\" \/>\n<meta property=\"product:retailer_item_id\" content=\"PROTECT 2K\" \/>\n<meta property=\"product:condition\" content=\"new\" \/>\n<!-- \/ Yoast SEO plugin. -->","yoast_head_json":{"title":"[ Vica ] &#129351; Protect 2k Regulador Automatico De Voltaje 2000va \/ 1200w, 4 Tomas Nema 5-15r Reguladas Y Con Supresor De Picos, 3 A\u00f1os De Garantia","description":"Compra Protect 2k Regulador Automatico De Voltaje 2000va \/ 1200w, 4 Tomas Nema 5-15r Reguladas Y Con Supresor De Picos, 3 A\u00f1os De Garantia + Env\u00edo a domicilio + Pago seguro + Garant\u00eda","robots":{"index":"index","follow":"follow","max-snippet":"max-snippet:-1","max-image-preview":"max-image-preview:large","max-video-preview":"max-video-preview:-1"},"canonical":"https:\/\/compuviper.mx\/tienda\/producto\/vica-protect-2k-regulador-automatico-de-voltaje-2000va-1200w-4-tomas-nema-5-15r-reguladas-y-con-supresor-de-picos-3-aos-de-garantia\/","og_locale":"es_MX","og_type":"article","og_title":"[ Vica ] &#129351; Protect 2k Regulador Automatico De Voltaje 2000va \/ 1200w, 4 Tomas Nema 5-15r Reguladas Y Con Supresor De Picos, 3 A\u00f1os De Garantia","og_description":"Compra Protect 2k Regulador Automatico De Voltaje 2000va \/ 1200w, 4 Tomas Nema 5-15r Reguladas Y Con Supresor De Picos, 3 A\u00f1os De Garantia + Env\u00edo a domicilio + Pago seguro + Garant\u00eda","og_url":"https:\/\/compuviper.mx\/tienda\/producto\/vica-protect-2k-regulador-automatico-de-voltaje-2000va-1200w-4-tomas-nema-5-15r-reguladas-y-con-supresor-de-picos-3-aos-de-garantia\/","og_site_name":"Compuviper","article_publisher":"https:\/\/www.facebook.com\/compuviper","twitter_card":"summary_large_image","twitter_misc":{"Precio":"&#36;1,028 con IVA","Availability":"Out of stock"},"schema":{"@context":"https:\/\/schema.org","@graph":[{"@type":"WebPage","@id":"https:\/\/compuviper.mx\/tienda\/producto\/vica-protect-2k-regulador-automatico-de-voltaje-2000va-1200w-4-tomas-nema-5-15r-reguladas-y-con-supresor-de-picos-3-aos-de-garantia\/","url":"https:\/\/compuviper.mx\/tienda\/producto\/vica-protect-2k-regulador-automatico-de-voltaje-2000va-1200w-4-tomas-nema-5-15r-reguladas-y-con-supresor-de-picos-3-aos-de-garantia\/","name":"[ Vica ] &#129351; Protect 2k Regulador Automatico De Voltaje 2000va \/ 1200w, 4 Tomas Nema 5-15r Reguladas Y Con Supresor De Picos, 3 A\u00f1os De Garantia","isPartOf":{"@id":"https:\/\/compuviper.mx\/tienda\/#website"},"datePublished":"2026-04-08T07:53:51+00:00","dateModified":"2026-04-08T07:53:51+00:00","description":"Compra Protect 2k Regulador Automatico De Voltaje 2000va \/ 1200w, 4 Tomas Nema 5-15r Reguladas Y Con Supresor De Picos, 3 A\u00f1os De Garantia + Env\u00edo a domicilio + Pago seguro + Garant\u00eda","breadcrumb":{"@id":"https:\/\/compuviper.mx\/tienda\/producto\/vica-protect-2k-regulador-automatico-de-voltaje-2000va-1200w-4-tomas-nema-5-15r-reguladas-y-con-supresor-de-picos-3-aos-de-garantia\/#breadcrumb"},"inLanguage":"es-MX","potentialAction":[{"@type":"ReadAction","target":["https:\/\/compuviper.mx\/tienda\/producto\/vica-protect-2k-regulador-automatico-de-voltaje-2000va-1200w-4-tomas-nema-5-15r-reguladas-y-con-supresor-de-picos-3-aos-de-garantia\/"]}]},{"@type":"BreadcrumbList","@id":"https:\/\/compuviper.mx\/tienda\/producto\/vica-protect-2k-regulador-automatico-de-voltaje-2000va-1200w-4-tomas-nema-5-15r-reguladas-y-con-supresor-de-picos-3-aos-de-garantia\/#breadcrumb","itemListElement":[{"@type":"ListItem","position":1,"name":"Inicio","item":"https:\/\/compuviper.mx\/tienda\/"},{"@type":"ListItem","position":2,"name":"Productos","item":"https:\/\/compuviper.mx\/tienda\/productos\/"},{"@type":"ListItem","position":3,"name":"Energia","item":"https:\/\/compuviper.mx\/tienda\/categoria-producto\/energia\/"},{"@type":"ListItem","position":4,"name":"Regulador","item":"https:\/\/compuviper.mx\/tienda\/categoria-producto\/energia\/regulador\/"},{"@type":"ListItem","position":5,"name":"Vica Protect 2k Regulador Automatico De Voltaje 2000va \/ 1200w, 4 Tomas Nema 5-15r Reguladas Y Con Supresor De Picos, 3 A?os De Garantia"}]},{"@type":"WebSite","@id":"https:\/\/compuviper.mx\/tienda\/#website","url":"https:\/\/compuviper.mx\/tienda\/","name":"Compuviper","description":"Proveedor de Computadoras, Laptops, Servidores, Monitores, Puntos de Venta, Teclados,   Impresoras, T\u00f3ner, C\u00e1maras de Seguridad y m\u00e1s en tu tienda en l\u00ednea","publisher":{"@id":"https:\/\/compuviper.mx\/tienda\/#organization"},"potentialAction":[{"@type":"SearchAction","target":{"@type":"EntryPoint","urlTemplate":"https:\/\/compuviper.mx\/tienda\/?s={search_term_string}"},"query-input":"required name=search_term_string"}],"inLanguage":"es-MX"},{"@type":"Organization","@id":"https:\/\/compuviper.mx\/tienda\/#organization","name":"Compuviper","url":"https:\/\/compuviper.mx\/tienda\/","logo":{"@type":"ImageObject","inLanguage":"es-MX","@id":"https:\/\/compuviper.mx\/tienda\/#\/schema\/logo\/image\/","url":"https:\/\/compuviper.mx\/tienda\/wp-content\/uploads\/2021\/08\/Logo-Compuviper-10.png","contentUrl":"https:\/\/compuviper.mx\/tienda\/wp-content\/uploads\/2021\/08\/Logo-Compuviper-10.png","width":1000,"height":500,"caption":"Compuviper"},"image":{"@id":"https:\/\/compuviper.mx\/tienda\/#\/schema\/logo\/image\/"},"sameAs":["https:\/\/www.facebook.com\/compuviper","https:\/\/www.youtube.com\/channel\/UCf73dERp9Y3cfOq7q8BhLjA?view_as=subscriber"]}]},"product_brand":"VICA","product_price_amount":"1028","product_price_currency":"MXN","og_availability":"out of stock","product_availability":"out of stock","product_retailer_item_id":"PROTECT 2K","product_condition":"new"},"_links":{"self":[{"href":"https:\/\/compuviper.mx\/tienda\/wp-json\/wp\/v2\/product\/262847"}],"collection":[{"href":"https:\/\/compuviper.mx\/tienda\/wp-json\/wp\/v2\/product"}],"about":[{"href":"https:\/\/compuviper.mx\/tienda\/wp-json\/wp\/v2\/types\/product"}],"replies":[{"embeddable":true,"href":"https:\/\/compuviper.mx\/tienda\/wp-json\/wp\/v2\/comments?post=262847"}],"wp:attachment":[{"href":"https:\/\/compuviper.mx\/tienda\/wp-json\/wp\/v2\/media?parent=262847"}],"wp:term":[{"taxonomy":"product_cat","embeddable":true,"href":"https:\/\/compuviper.mx\/tienda\/wp-json\/wp\/v2\/product_cat?post=262847"},{"taxonomy":"product_tag","embeddable":true,"href":"https:\/\/compuviper.mx\/tienda\/wp-json\/wp\/v2\/product_tag?post=262847"}],"curies":[{"name":"wp","href":"https:\/\/api.w.org\/{rel}","templated":true}]}}