{"id":262773,"date":"2026-04-02T01:59:22","date_gmt":"2026-04-02T07:59:22","guid":{"rendered":"https:\/\/compuviper.mx\/tienda\/producto\/canon-9705b007aa9705b007ab-escaner-p-215-ii-600-ppp-velocidad-15-ppm-y-30-ipm-v-d-500-2x2-8-8-5x14-oficio\/"},"modified":"2026-04-02T01:59:23","modified_gmt":"2026-04-02T07:59:23","slug":"canon-9705b007aa9705b007ab-escaner-p-215-ii-600-ppp-velocidad-15-ppm-y-30-ipm-v-d-500-2x2-8-8-5x14-oficio","status":"publish","type":"product","link":"https:\/\/compuviper.mx\/tienda\/producto\/canon-9705b007aa9705b007ab-escaner-p-215-ii-600-ppp-velocidad-15-ppm-y-30-ipm-v-d-500-2x2-8-8-5x14-oficio\/","title":{"rendered":"Canon 9705b007aa,9705b007ab Escaner  P-215 Ii 600 Ppp Velocidad 15 Ppm Y 30 Ipm V.d. 500 2&#215;2.8\/8.5&#215;14 Oficio"},"content":{"rendered":"<table class=\"descripcion\">\n<tr>\n<td>Tipo: esc\u00e1ner port\u00e1til\/personal de documentos<\/td>\n<\/tr>\n<tr>\n<td>Alimentacin de documentos: autom\u00e1tica\/manual<\/td>\n<\/tr>\n<tr>\n<td>Tamao del documento:<\/td>\n<\/tr>\n<tr>\n<td>&#8211; anchura: de 2.0 a 8.5<\/td>\n<\/tr>\n<tr>\n<td>&#8211; longitud: de 2.8 a 14.0<\/td>\n<\/tr>\n<tr>\n<td>Modo de documentos largos: hasta 39.4\u0094<\/td>\n<\/tr>\n<tr>\n<td>Peso del documento:<\/td>\n<\/tr>\n<tr>\n<td>Alimentacin autom\u00e1tica: bond de 14 a 34 lb<\/td>\n<\/tr>\n<tr>\n<td>Capacidad del alimentador: hasta 20 hojas<\/td>\n<\/tr>\n<tr>\n<td>Escala de grises: 8 bits<\/td>\n<\/tr>\n<tr>\n<td>Color: 24 bits<\/td>\n<\/tr>\n<tr>\n<td>Fuente de luz: led rgb<\/td>\n<\/tr>\n<tr>\n<td>Elemento de escaneo: sensor de imagen por contacto cmos<\/td>\n<\/tr>\n<tr>\n<td>Modos de escaneo: color, escala de grises, blanco y negro<\/td>\n<\/tr>\n<tr>\n<td>Eliminacin de color: rgb<\/td>\n<\/tr>\n<tr>\n<td>Resolucin ptica: 600 ppp<\/td>\n<\/tr>\n<tr>\n<td>Resolucin de salida: 150\/200\/300\/400\/600 ppp<\/td>\n<\/tr>\n<tr>\n<td>Velocidades de escaneo unilateral bilateral:<\/td>\n<\/tr>\n<tr>\n<td>&#8211; blanco y negro: hasta 15 ppm hasta 30 ipm<\/td>\n<\/tr>\n<tr>\n<td>&#8211; escala de grises: hasta 15 ppm hasta 30 ipm<\/td>\n<\/tr>\n<tr>\n<td>&#8211; color: hasta 10 ppm hasta 20 ipm<\/td>\n<\/tr>\n<tr>\n<td>Interfaz: usb 2.0, usb 3.0<\/td>\n<\/tr>\n<tr>\n<td>Sistemas operativos compatibles: windows xp service pack 3 o m\u00e1s reciente, windows xp x64 edition service pack 2 o m\u00e1s reciente, windows vista\u00ae service pack 2 o m\u00e1s reciente 32 bits\/64 bits, windows 7 service pack 1 o m\u00e1s reciente 32 bits\/64 bits, windows 8\/8.1 32 bits\/64 bits, mac os 10.7.5, mac os 10.8.5, mac os 10.9.1 dimensiones al. x an. x pr.: 1.6 x 11.0 x 3.7 con las bandejas cerradas<\/td>\n<\/tr>\n<tr>\n<td>Peso: 2.2 lb<\/td>\n<\/tr>\n<tr>\n<td>Consumo de energa: de 2.5 w a 7 w<\/td>\n<\/tr>\n<tr>\n<td>Volumen diario sugerido: aprox. 500 escaneos<\/td>\n<\/tr>\n<tr>\n<td>Software de windows incluido: software controladores isis\/twain, captureontouch y captureontouch lite de canon integrado, evernote, newsoft presto! bizcard, nuance paperport software de mac incluido: software controlador twain, captureontouch y captureontouch lite de canon integrado, evernote, newsoft presto! bizcard, newsoft presto! pagemanager<\/td>\n<\/tr>\n<tr>\n<td>Opciones\/partes consumibles: adaptador de ca, estuche port\u00e1til, almohadilla separadora, cable usb, adaptador inal\u00e1mbrico wu10 y paquete de bateras, canon captureontouch mobile disponible en app store o desde google play store<\/td>\n<\/tr>\n<tr>\n<td>Otras caractersticas: deteccin autom\u00e1tica de color, deteccin autom\u00e1tica de tamao de papel, configuracin autom\u00e1tica de la resolucin, suavizado de fondo, nfasis de caracteres, eliminacin de color\/realce del rojo, correccin de desviacin, deteccin de alimentacin doble, bilateral, rotacin de imagen, modo de documentos largos, reduccin de efecto muar, multistream, correcciones de fotografas, escaneo previo, evitar sangrado\/ eliminar fondo, recorte\/eliminacin de sombreado, unilateral, omitir p\u00e1gina en blanco, mejoramiento de texto, reconocimiento de orientacin de texto, correccin de color tridimensional, guillotinado, preferencias del usuario.<\/td>\n<\/tr>\n<\/table>\n","protected":false},"excerpt":{"rendered":"<p>El esc\u00e1ner p-215ii se dise para mejorar la productividad y la eficiencia personal desde oficinas en el hogar, a salones de clase y hasta en viajes. Puede ayudarle a satisfacer las necesidades de captura de los documentos de los usuarios estacionarios y de los viajeros de negocios en el \u00e1rea de la atencin sanitaria, servicios legales, servicios financieros y en muchas otras \u00e1reas. Los usuarios convenientemente pueden ejecutar tareas de escaneo distribuidas con un objetivo general y ayudar a reducir el uso de papel en el proceso.<\/p>\n","protected":false},"featured_media":262848,"comment_status":"open","ping_status":"open","template":"","meta":[],"product_cat":[1805,1807],"product_tag":[1554],"acf":[],"yoast_head":"<!-- This site is optimized with the Yoast SEO plugin v21.7 - https:\/\/yoast.com\/wordpress\/plugins\/seo\/ -->\n<title>[ Canon ] &#129351; 9705b007aa,9705b007ab Escaner P-215 Ii 600 Ppp Velocidad 15 Ppm Y 30 Ipm V.d. 500 2x2.8\/8.5x14 Oficio<\/title>\n<meta name=\"description\" content=\"Compra 9705b007aa,9705b007ab Escaner P-215 Ii 600 Ppp Velocidad 15 Ppm Y 30 Ipm V.d. 500 2x2.8\/8.5x14 Oficio + Env\u00edo a domicilio + Pago seguro + Garant\u00eda\" \/>\n<meta name=\"robots\" content=\"index, follow, max-snippet:-1, max-image-preview:large, max-video-preview:-1\" \/>\n<link rel=\"canonical\" href=\"https:\/\/compuviper.mx\/tienda\/producto\/canon-9705b007aa9705b007ab-escaner-p-215-ii-600-ppp-velocidad-15-ppm-y-30-ipm-v-d-500-2x2-8-8-5x14-oficio\/\" \/>\n<meta property=\"og:locale\" content=\"es_MX\" \/>\n<meta property=\"og:type\" content=\"article\" \/>\n<meta property=\"og:title\" content=\"[ Canon ] &#129351; 9705b007aa,9705b007ab Escaner P-215 Ii 600 Ppp Velocidad 15 Ppm Y 30 Ipm V.d. 500 2x2.8\/8.5x14 Oficio\" \/>\n<meta property=\"og:description\" content=\"Compra 9705b007aa,9705b007ab Escaner P-215 Ii 600 Ppp Velocidad 15 Ppm Y 30 Ipm V.d. 500 2x2.8\/8.5x14 Oficio + Env\u00edo a domicilio + Pago seguro + Garant\u00eda\" \/>\n<meta property=\"og:url\" content=\"https:\/\/compuviper.mx\/tienda\/producto\/canon-9705b007aa9705b007ab-escaner-p-215-ii-600-ppp-velocidad-15-ppm-y-30-ipm-v-d-500-2x2-8-8-5x14-oficio\/\" \/>\n<meta property=\"og:site_name\" content=\"Compuviper\" \/>\n<meta property=\"article:publisher\" content=\"https:\/\/www.facebook.com\/compuviper\" \/>\n<meta property=\"article:modified_time\" content=\"2026-04-02T07:59:23+00:00\" \/>\n<meta property=\"og:image\" content=\"https:\/\/compuviper.mx\/tienda\/wp-content\/uploads\/2025\/11\/Escaner-canon-p-215-ii-600-ppp-velocidad-15-ppm-y-30-ipm-v.d.-500-2x2.88.5x14-oficio.jpg\" \/>\n\t<meta property=\"og:image:width\" content=\"200\" \/>\n\t<meta property=\"og:image:height\" content=\"200\" \/>\n\t<meta property=\"og:image:type\" content=\"image\/jpeg\" \/>\n<meta name=\"twitter:card\" content=\"summary_large_image\" \/>\n<meta name=\"twitter:label1\" content=\"Precio\" \/>\n\t<meta name=\"twitter:data1\" content=\"&#36;5,482 con IVA\" \/>\n\t<meta name=\"twitter:label2\" content=\"Availability\" \/>\n\t<meta name=\"twitter:data2\" content=\"On backorder\" \/>\n<script type=\"application\/ld+json\" class=\"yoast-schema-graph\">{\"@context\":\"https:\/\/schema.org\",\"@graph\":[{\"@type\":\"WebPage\",\"@id\":\"https:\/\/compuviper.mx\/tienda\/producto\/canon-9705b007aa9705b007ab-escaner-p-215-ii-600-ppp-velocidad-15-ppm-y-30-ipm-v-d-500-2x2-8-8-5x14-oficio\/\",\"url\":\"https:\/\/compuviper.mx\/tienda\/producto\/canon-9705b007aa9705b007ab-escaner-p-215-ii-600-ppp-velocidad-15-ppm-y-30-ipm-v-d-500-2x2-8-8-5x14-oficio\/\",\"name\":\"[ Canon ] &#129351; 9705b007aa,9705b007ab Escaner P-215 Ii 600 Ppp Velocidad 15 Ppm Y 30 Ipm V.d. 500 2x2.8\/8.5x14 Oficio\",\"isPartOf\":{\"@id\":\"https:\/\/compuviper.mx\/tienda\/#website\"},\"datePublished\":\"2026-04-02T07:59:22+00:00\",\"dateModified\":\"2026-04-02T07:59:23+00:00\",\"description\":\"Compra 9705b007aa,9705b007ab Escaner P-215 Ii 600 Ppp Velocidad 15 Ppm Y 30 Ipm V.d. 500 2x2.8\/8.5x14 Oficio + Env\u00edo a domicilio + Pago seguro + Garant\u00eda\",\"breadcrumb\":{\"@id\":\"https:\/\/compuviper.mx\/tienda\/producto\/canon-9705b007aa9705b007ab-escaner-p-215-ii-600-ppp-velocidad-15-ppm-y-30-ipm-v-d-500-2x2-8-8-5x14-oficio\/#breadcrumb\"},\"inLanguage\":\"es-MX\",\"potentialAction\":[{\"@type\":\"ReadAction\",\"target\":[\"https:\/\/compuviper.mx\/tienda\/producto\/canon-9705b007aa9705b007ab-escaner-p-215-ii-600-ppp-velocidad-15-ppm-y-30-ipm-v-d-500-2x2-8-8-5x14-oficio\/\"]}]},{\"@type\":\"BreadcrumbList\",\"@id\":\"https:\/\/compuviper.mx\/tienda\/producto\/canon-9705b007aa9705b007ab-escaner-p-215-ii-600-ppp-velocidad-15-ppm-y-30-ipm-v-d-500-2x2-8-8-5x14-oficio\/#breadcrumb\",\"itemListElement\":[{\"@type\":\"ListItem\",\"position\":1,\"name\":\"Inicio\",\"item\":\"https:\/\/compuviper.mx\/tienda\/\"},{\"@type\":\"ListItem\",\"position\":2,\"name\":\"Productos\",\"item\":\"https:\/\/compuviper.mx\/tienda\/productos\/\"},{\"@type\":\"ListItem\",\"position\":3,\"name\":\"Scanner\",\"item\":\"https:\/\/compuviper.mx\/tienda\/categoria-producto\/scanner\/\"},{\"@type\":\"ListItem\",\"position\":4,\"name\":\"Scanner Documentos\",\"item\":\"https:\/\/compuviper.mx\/tienda\/categoria-producto\/scanner\/scanner-documentos\/\"},{\"@type\":\"ListItem\",\"position\":5,\"name\":\"Canon 9705b007aa,9705b007ab Escaner P-215 Ii 600 Ppp Velocidad 15 Ppm Y 30 Ipm V.d. 500 2&#215;2.8\/8.5&#215;14 Oficio\"}]},{\"@type\":\"WebSite\",\"@id\":\"https:\/\/compuviper.mx\/tienda\/#website\",\"url\":\"https:\/\/compuviper.mx\/tienda\/\",\"name\":\"Compuviper\",\"description\":\"Proveedor de Computadoras, Laptops, Servidores, Monitores, Puntos de Venta, Teclados,   Impresoras, T\u00f3ner, C\u00e1maras de Seguridad y m\u00e1s en tu tienda en l\u00ednea\",\"publisher\":{\"@id\":\"https:\/\/compuviper.mx\/tienda\/#organization\"},\"potentialAction\":[{\"@type\":\"SearchAction\",\"target\":{\"@type\":\"EntryPoint\",\"urlTemplate\":\"https:\/\/compuviper.mx\/tienda\/?s={search_term_string}\"},\"query-input\":\"required name=search_term_string\"}],\"inLanguage\":\"es-MX\"},{\"@type\":\"Organization\",\"@id\":\"https:\/\/compuviper.mx\/tienda\/#organization\",\"name\":\"Compuviper\",\"url\":\"https:\/\/compuviper.mx\/tienda\/\",\"logo\":{\"@type\":\"ImageObject\",\"inLanguage\":\"es-MX\",\"@id\":\"https:\/\/compuviper.mx\/tienda\/#\/schema\/logo\/image\/\",\"url\":\"https:\/\/compuviper.mx\/tienda\/wp-content\/uploads\/2021\/08\/Logo-Compuviper-10.png\",\"contentUrl\":\"https:\/\/compuviper.mx\/tienda\/wp-content\/uploads\/2021\/08\/Logo-Compuviper-10.png\",\"width\":1000,\"height\":500,\"caption\":\"Compuviper\"},\"image\":{\"@id\":\"https:\/\/compuviper.mx\/tienda\/#\/schema\/logo\/image\/\"},\"sameAs\":[\"https:\/\/www.facebook.com\/compuviper\",\"https:\/\/www.youtube.com\/channel\/UCf73dERp9Y3cfOq7q8BhLjA?view_as=subscriber\"]}]}<\/script>\n<meta property=\"product:brand\" content=\"CANON\" \/>\n<meta property=\"product:price:amount\" content=\"5482\" \/>\n<meta property=\"product:price:currency\" content=\"MXN\" \/>\n<meta property=\"og:availability\" content=\"backorder\" \/>\n<meta property=\"product:availability\" content=\"available for order\" \/>\n<meta property=\"product:retailer_item_id\" content=\"9705B007AA,9705B007AB\" \/>\n<meta property=\"product:condition\" content=\"new\" \/>\n<!-- \/ Yoast SEO plugin. -->","yoast_head_json":{"title":"[ Canon ] &#129351; 9705b007aa,9705b007ab Escaner P-215 Ii 600 Ppp Velocidad 15 Ppm Y 30 Ipm V.d. 500 2x2.8\/8.5x14 Oficio","description":"Compra 9705b007aa,9705b007ab Escaner P-215 Ii 600 Ppp Velocidad 15 Ppm Y 30 Ipm V.d. 500 2x2.8\/8.5x14 Oficio + Env\u00edo a domicilio + Pago seguro + Garant\u00eda","robots":{"index":"index","follow":"follow","max-snippet":"max-snippet:-1","max-image-preview":"max-image-preview:large","max-video-preview":"max-video-preview:-1"},"canonical":"https:\/\/compuviper.mx\/tienda\/producto\/canon-9705b007aa9705b007ab-escaner-p-215-ii-600-ppp-velocidad-15-ppm-y-30-ipm-v-d-500-2x2-8-8-5x14-oficio\/","og_locale":"es_MX","og_type":"article","og_title":"[ Canon ] &#129351; 9705b007aa,9705b007ab Escaner P-215 Ii 600 Ppp Velocidad 15 Ppm Y 30 Ipm V.d. 500 2x2.8\/8.5x14 Oficio","og_description":"Compra 9705b007aa,9705b007ab Escaner P-215 Ii 600 Ppp Velocidad 15 Ppm Y 30 Ipm V.d. 500 2x2.8\/8.5x14 Oficio + Env\u00edo a domicilio + Pago seguro + Garant\u00eda","og_url":"https:\/\/compuviper.mx\/tienda\/producto\/canon-9705b007aa9705b007ab-escaner-p-215-ii-600-ppp-velocidad-15-ppm-y-30-ipm-v-d-500-2x2-8-8-5x14-oficio\/","og_site_name":"Compuviper","article_publisher":"https:\/\/www.facebook.com\/compuviper","article_modified_time":"2026-04-02T07:59:23+00:00","og_image":[{"width":200,"height":200,"url":"https:\/\/compuviper.mx\/tienda\/wp-content\/uploads\/2025\/11\/Escaner-canon-p-215-ii-600-ppp-velocidad-15-ppm-y-30-ipm-v.d.-500-2x2.88.5x14-oficio.jpg","type":"image\/jpeg"}],"twitter_card":"summary_large_image","twitter_misc":{"Precio":"&#36;5,482 con IVA","Availability":"On backorder"},"schema":{"@context":"https:\/\/schema.org","@graph":[{"@type":"WebPage","@id":"https:\/\/compuviper.mx\/tienda\/producto\/canon-9705b007aa9705b007ab-escaner-p-215-ii-600-ppp-velocidad-15-ppm-y-30-ipm-v-d-500-2x2-8-8-5x14-oficio\/","url":"https:\/\/compuviper.mx\/tienda\/producto\/canon-9705b007aa9705b007ab-escaner-p-215-ii-600-ppp-velocidad-15-ppm-y-30-ipm-v-d-500-2x2-8-8-5x14-oficio\/","name":"[ Canon ] &#129351; 9705b007aa,9705b007ab Escaner P-215 Ii 600 Ppp Velocidad 15 Ppm Y 30 Ipm V.d. 500 2x2.8\/8.5x14 Oficio","isPartOf":{"@id":"https:\/\/compuviper.mx\/tienda\/#website"},"datePublished":"2026-04-02T07:59:22+00:00","dateModified":"2026-04-02T07:59:23+00:00","description":"Compra 9705b007aa,9705b007ab Escaner P-215 Ii 600 Ppp Velocidad 15 Ppm Y 30 Ipm V.d. 500 2x2.8\/8.5x14 Oficio + Env\u00edo a domicilio + Pago seguro + Garant\u00eda","breadcrumb":{"@id":"https:\/\/compuviper.mx\/tienda\/producto\/canon-9705b007aa9705b007ab-escaner-p-215-ii-600-ppp-velocidad-15-ppm-y-30-ipm-v-d-500-2x2-8-8-5x14-oficio\/#breadcrumb"},"inLanguage":"es-MX","potentialAction":[{"@type":"ReadAction","target":["https:\/\/compuviper.mx\/tienda\/producto\/canon-9705b007aa9705b007ab-escaner-p-215-ii-600-ppp-velocidad-15-ppm-y-30-ipm-v-d-500-2x2-8-8-5x14-oficio\/"]}]},{"@type":"BreadcrumbList","@id":"https:\/\/compuviper.mx\/tienda\/producto\/canon-9705b007aa9705b007ab-escaner-p-215-ii-600-ppp-velocidad-15-ppm-y-30-ipm-v-d-500-2x2-8-8-5x14-oficio\/#breadcrumb","itemListElement":[{"@type":"ListItem","position":1,"name":"Inicio","item":"https:\/\/compuviper.mx\/tienda\/"},{"@type":"ListItem","position":2,"name":"Productos","item":"https:\/\/compuviper.mx\/tienda\/productos\/"},{"@type":"ListItem","position":3,"name":"Scanner","item":"https:\/\/compuviper.mx\/tienda\/categoria-producto\/scanner\/"},{"@type":"ListItem","position":4,"name":"Scanner Documentos","item":"https:\/\/compuviper.mx\/tienda\/categoria-producto\/scanner\/scanner-documentos\/"},{"@type":"ListItem","position":5,"name":"Canon 9705b007aa,9705b007ab Escaner P-215 Ii 600 Ppp Velocidad 15 Ppm Y 30 Ipm V.d. 500 2&#215;2.8\/8.5&#215;14 Oficio"}]},{"@type":"WebSite","@id":"https:\/\/compuviper.mx\/tienda\/#website","url":"https:\/\/compuviper.mx\/tienda\/","name":"Compuviper","description":"Proveedor de Computadoras, Laptops, Servidores, Monitores, Puntos de Venta, Teclados,   Impresoras, T\u00f3ner, C\u00e1maras de Seguridad y m\u00e1s en tu tienda en l\u00ednea","publisher":{"@id":"https:\/\/compuviper.mx\/tienda\/#organization"},"potentialAction":[{"@type":"SearchAction","target":{"@type":"EntryPoint","urlTemplate":"https:\/\/compuviper.mx\/tienda\/?s={search_term_string}"},"query-input":"required name=search_term_string"}],"inLanguage":"es-MX"},{"@type":"Organization","@id":"https:\/\/compuviper.mx\/tienda\/#organization","name":"Compuviper","url":"https:\/\/compuviper.mx\/tienda\/","logo":{"@type":"ImageObject","inLanguage":"es-MX","@id":"https:\/\/compuviper.mx\/tienda\/#\/schema\/logo\/image\/","url":"https:\/\/compuviper.mx\/tienda\/wp-content\/uploads\/2021\/08\/Logo-Compuviper-10.png","contentUrl":"https:\/\/compuviper.mx\/tienda\/wp-content\/uploads\/2021\/08\/Logo-Compuviper-10.png","width":1000,"height":500,"caption":"Compuviper"},"image":{"@id":"https:\/\/compuviper.mx\/tienda\/#\/schema\/logo\/image\/"},"sameAs":["https:\/\/www.facebook.com\/compuviper","https:\/\/www.youtube.com\/channel\/UCf73dERp9Y3cfOq7q8BhLjA?view_as=subscriber"]}]},"product_brand":"CANON","product_price_amount":"5482","product_price_currency":"MXN","og_availability":"backorder","product_availability":"available for order","product_retailer_item_id":"9705B007AA,9705B007AB","product_condition":"new"},"_links":{"self":[{"href":"https:\/\/compuviper.mx\/tienda\/wp-json\/wp\/v2\/product\/262773"}],"collection":[{"href":"https:\/\/compuviper.mx\/tienda\/wp-json\/wp\/v2\/product"}],"about":[{"href":"https:\/\/compuviper.mx\/tienda\/wp-json\/wp\/v2\/types\/product"}],"replies":[{"embeddable":true,"href":"https:\/\/compuviper.mx\/tienda\/wp-json\/wp\/v2\/comments?post=262773"}],"wp:featuredmedia":[{"embeddable":true,"href":"https:\/\/compuviper.mx\/tienda\/wp-json\/wp\/v2\/media\/262848"}],"wp:attachment":[{"href":"https:\/\/compuviper.mx\/tienda\/wp-json\/wp\/v2\/media?parent=262773"}],"wp:term":[{"taxonomy":"product_cat","embeddable":true,"href":"https:\/\/compuviper.mx\/tienda\/wp-json\/wp\/v2\/product_cat?post=262773"},{"taxonomy":"product_tag","embeddable":true,"href":"https:\/\/compuviper.mx\/tienda\/wp-json\/wp\/v2\/product_tag?post=262773"}],"curies":[{"name":"wp","href":"https:\/\/api.w.org\/{rel}","templated":true}]}}