{"id":262761,"date":"2026-04-21T01:26:36","date_gmt":"2026-04-21T07:26:36","guid":{"rendered":"https:\/\/compuviper.mx\/tienda\/producto\/apple-mdwl4cl-a-ipad-pro-11-chip-m5-wi-fi-256gb-plata\/"},"modified":"2026-04-21T01:26:36","modified_gmt":"2026-04-21T07:26:36","slug":"apple-mdwl4cl-a-ipad-pro-11-chip-m5-wi-fi-256gb-plata","status":"publish","type":"product","link":"https:\/\/compuviper.mx\/tienda\/producto\/apple-mdwl4cl-a-ipad-pro-11-chip-m5-wi-fi-256gb-plata\/","title":{"rendered":"Apple Mdwl4cl\/a Ipad Pro 11 Chip M5 \/ Wi-fi \/ 256gb\/ Plata"},"content":{"rendered":"<table class=\"descripcion\">\n<tr>\n<td>Ipad pro de 11 pulgadas<\/td>\n<\/tr>\n<tr>\n<td>Capacidad<\/td>\n<\/tr>\n<tr>\n<td>256 gb<\/td>\n<\/tr>\n<tr>\n<td>Tamao y peso<\/td>\n<\/tr>\n<tr>\n<td>\u0095alto: 249.7 mm<\/td>\n<\/tr>\n<tr>\n<td>\u0095ancho: 177.5 mm<\/td>\n<\/tr>\n<tr>\n<td>\u0095grosor: 5.3 mm<\/td>\n<\/tr>\n<tr>\n<td>\u0095modelos wi-fi<\/td>\n<\/tr>\n<tr>\n<td>\u0095444 gramos<\/td>\n<\/tr>\n<tr>\n<td>En la caja<\/td>\n<\/tr>\n<tr>\n<td>\u0095ipad pro<\/td>\n<\/tr>\n<tr>\n<td>\u0095cable de carga usb-c 1 m<\/td>\n<\/tr>\n<tr>\n<td>\u0095adaptador de corriente usb-c de 20 w<\/td>\n<\/tr>\n<tr>\n<td>Pantalla<\/td>\n<\/tr>\n<tr>\n<td>Pantalla ultra retina xdr<\/td>\n<\/tr>\n<tr>\n<td>\u0095tecnologa oled en tndem<\/td>\n<\/tr>\n<tr>\n<td>\u0095resolucin de 2420 x 1668 pixeles a 264 ppi<\/td>\n<\/tr>\n<tr>\n<td>\u0095tecnologa promotion con frecuencias de actualizacin adaptativas de 10 hz a 120 hz<\/td>\n<\/tr>\n<tr>\n<td>\u0095amplia gama de colores p3<\/td>\n<\/tr>\n<tr>\n<td>\u0095true tone<\/td>\n<\/tr>\n<tr>\n<td>\u0095revestimiento oleofbico resistente a huellas dactilares<\/td>\n<\/tr>\n<tr>\n<td>\u0095totalmente laminada<\/td>\n<\/tr>\n<tr>\n<td>\u0095revestimiento antirreflejo<\/td>\n<\/tr>\n<tr>\n<td>\u0095opcin de pantalla de vidrio nanotexturizado en los modelos de 1 tb y 2 tb<\/td>\n<\/tr>\n<tr>\n<td>\u0095brillo sdr mximo de 1,000 nits<\/td>\n<\/tr>\n<tr>\n<td>\u0095brillo xdr mximo de 1,000 nits en toda la pantalla y pico de brillo de 1,600 nits slo contenido hdr<\/td>\n<\/tr>\n<tr>\n<td>\u0095brillo mnimo de 1 nit<\/td>\n<\/tr>\n<tr>\n<td>\u0095relacin de contraste 2,000,000:1<\/td>\n<\/tr>\n<tr>\n<td>\u0095compatible con el apple pencil pro<\/td>\n<\/tr>\n<tr>\n<td>\u0095compatible con el apple pencil usb c<\/td>\n<\/tr>\n<tr>\n<td>\u0095puntero flotante para el apple pencil<\/td>\n<\/tr>\n<tr>\n<td>Chip m5<\/td>\n<\/tr>\n<tr>\n<td>Chip m5 de apple<\/td>\n<\/tr>\n<tr>\n<td>Modelos con 256 gb o 512 gb de almacenamiento:<\/td>\n<\/tr>\n<tr>\n<td>\u0095cpu de 9 ncleos con 3 ncleos de rendimiento y 6 de eficiencia<\/td>\n<\/tr>\n<tr>\n<td>\u0095gpu de 10 ncleos<\/td>\n<\/tr>\n<tr>\n<td>\u0095neural accelerators<\/td>\n<\/tr>\n<tr>\n<td>\u0095trazado de rayos acelerado por hardware<\/td>\n<\/tr>\n<tr>\n<td>\u0095neural engine de 16 ncleos<\/td>\n<\/tr>\n<tr>\n<td>\u0095153 gb\/s de ancho de banda de memoria<\/td>\n<\/tr>\n<tr>\n<td>\u009512 gb de ram<\/td>\n<\/tr>\n<tr>\n<td>Modelos con 1 tb o 2 tb de almacenamiento:<\/td>\n<\/tr>\n<tr>\n<td>\u0095cpu de 10 ncleos con 4 ncleos de rendimiento y 6 de eficiencia<\/td>\n<\/tr>\n<tr>\n<td>\u0095gpu de 10 ncleos<\/td>\n<\/tr>\n<tr>\n<td>\u0095neural accelerators<\/td>\n<\/tr>\n<tr>\n<td>\u0095trazado de rayos acelerado por hardware<\/td>\n<\/tr>\n<tr>\n<td>\u0095neural engine de 16 ncleos<\/td>\n<\/tr>\n<tr>\n<td>\u0095153 gb\/s de ancho de banda de memoria<\/td>\n<\/tr>\n<tr>\n<td>\u009516 gb de ram<\/td>\n<\/tr>\n<tr>\n<td>Motor multimedia<\/td>\n<\/tr>\n<tr>\n<td>\u0095h.264, hevc, prores y prores raw 8k con aceleracin por hardware<\/td>\n<\/tr>\n<tr>\n<td>\u0095motor de decodificacin de video<\/td>\n<\/tr>\n<tr>\n<td>\u0095motor de codificacin de video<\/td>\n<\/tr>\n<tr>\n<td>\u0095motor de codificacin y decodificacin prores<\/td>\n<\/tr>\n<tr>\n<td>\u0095decodificacin av1<\/td>\n<\/tr>\n<tr>\n<td>Apple<\/td>\n<\/tr>\n<tr>\n<td>Intelligence<\/td>\n<\/tr>\n<tr>\n<td>Apple intelligence es un sistema de inteligencia personal integrado en tu ipad que te ayuda a escribir, expresarte y hacer de todo con mucha facilidad. y las avanzadas protecciones de privacidad te dan la tranquilidad de saber que nadie ms podr acceder a tus datos. ni siquiera apple.<\/td>\n<\/tr>\n<tr>\n<td>Cmara<\/td>\n<\/tr>\n<tr>\n<td>\u0095cmara gran angular de 12 mp, apertura de \u0083\/1.8<\/td>\n<\/tr>\n<tr>\n<td>\u0095zoom digital de hasta 5x<\/td>\n<\/tr>\n<tr>\n<td>\u0095lente de cinco elementos<\/td>\n<\/tr>\n<tr>\n<td>\u0095flash true tone adaptativo<\/td>\n<\/tr>\n<tr>\n<td>\u0095fotos panormicas hasta 63 mp<\/td>\n<\/tr>\n<tr>\n<td>\u0095cubierta del lente de cristal de zafiro<\/td>\n<\/tr>\n<tr>\n<td>\u0095autoenfoque con focus pixels<\/td>\n<\/tr>\n<tr>\n<td>\u0095hdr inteligente 4<\/td>\n<\/tr>\n<tr>\n<td>\u0095amplia gama de colores en fotos y live photos<\/td>\n<\/tr>\n<tr>\n<td>\u0095correccin avanzada de ojos rojos<\/td>\n<\/tr>\n<tr>\n<td>\u0095geoetiquetado de fotos<\/td>\n<\/tr>\n<tr>\n<td>\u0095estabilizacin automtica de imagen<\/td>\n<\/tr>\n<tr>\n<td>\u0095modo rfaga<\/td>\n<\/tr>\n<tr>\n<td>\u0095captura de imagen en formatos heif y jpeg<\/td>\n<\/tr>\n<tr>\n<td>Grabacin de video<\/td>\n<\/tr>\n<tr>\n<td>\u0095grabacin de video 4k a 24 fps, 25 fps, 30 fps o 60 fps<\/td>\n<\/tr>\n<tr>\n<td>\u0095grabacin de video hd de 1080p a 25 fps, 30 fps o 60 fps<\/td>\n<\/tr>\n<tr>\n<td>\u0095grabacin de video hd de 720p a 30 fps<\/td>\n<\/tr>\n<tr>\n<td>\u0095grabacin de video prores de hasta 4k a 30 fps 1080p a 30 fps en el modelo de 256 gb<\/td>\n<\/tr>\n<tr>\n<td>\u0095zoom de audio<\/td>\n<\/tr>\n<tr>\n<td>\u0095flash true tone adaptativo<\/td>\n<\/tr>\n<tr>\n<td>\u0095video en cmara lenta de 1080p a 120 fps o 240 fps<\/td>\n<\/tr>\n<tr>\n<td>\u0095video en cmara rpida con estabilizacin<\/td>\n<\/tr>\n<tr>\n<td>\u0095rango dinmico extendido para grabacin de video a un mximo de 30 fps<\/td>\n<\/tr>\n<tr>\n<td>\u0095estabilizacin cinemtica de video 4k, 1080p y 720p<\/td>\n<\/tr>\n<tr>\n<td>\u0095video con autoenfoque continuo<\/td>\n<\/tr>\n<tr>\n<td>\u0095zoom de reproduccin<\/td>\n<\/tr>\n<tr>\n<td>\u0095grabacin de video en formatos hevc y h.264<\/td>\n<\/tr>\n<tr>\n<td>\u0095grabacin estreo<\/td>\n<\/tr>\n<tr>\n<td>Cmara truedepth<\/td>\n<\/tr>\n<tr>\n<td>\u0095cmara center stage de 12 mp en horizontal<\/td>\n<\/tr>\n<tr>\n<td>\u0095apertura de \u0083\/2.0<\/td>\n<\/tr>\n<tr>\n<td>\u0095modo retrato con bokeh avanzado y control de profundidad<\/td>\n<\/tr>\n<tr>\n<td>\u0095iluminacin de retrato con seis efectos luz natural, luz de estudio fotogrfico, luz al contorno, reflector, reflector b y n, clave alta en b y n<\/td>\n<\/tr>\n<tr>\n<td>\u0095animoji y memoji<\/td>\n<\/tr>\n<tr>\n<td>\u0095hdr inteligente 4<\/td>\n<\/tr>\n<tr>\n<td>\u0095grabacin de video hd de 1080p a 25 fps, 30 fps o 60 fps<\/td>\n<\/tr>\n<tr>\n<td>\u0095video en cmara rpida con estabilizacin<\/td>\n<\/tr>\n<tr>\n<td>\u0095rango dinmico extendido para grabacin de video a un mximo de 30 fps<\/td>\n<\/tr>\n<tr>\n<td>\u0095estabilizacin cinemtica de video 1080p y 720p<\/td>\n<\/tr>\n<tr>\n<td>\u0095amplia gama de colores en fotos y live photos<\/td>\n<\/tr>\n<tr>\n<td>\u0095correccin de lente<\/td>\n<\/tr>\n<tr>\n<td>\u0095retina flash con true tone<\/td>\n<\/tr>\n<tr>\n<td>\u0095estabilizacin automtica de imagen<\/td>\n<\/tr>\n<tr>\n<td>\u0095modo rfaga<\/td>\n<\/tr>\n<tr>\n<td>Llamadas de video<\/td>\n<\/tr>\n<tr>\n<td>\u0095llamadas de video de facetime<\/td>\n<\/tr>\n<tr>\n<td>\u0095encuadre centrado<\/td>\n<\/tr>\n<tr>\n<td>\u0095desde el ipad a cualquier dispositivo con facetime a travs de wi-fi o red celular<\/td>\n<\/tr>\n<tr>\n<td>\u0095shareplay para ver pelculas o programas de tv, escuchar msica o usar apps con alguien ms durante una llamada de facetime<\/td>\n<\/tr>\n<tr>\n<td>\u0095compartir pantalla<\/td>\n<\/tr>\n<tr>\n<td>\u0095modo retrato en videollamadas de facetime<\/td>\n<\/tr>\n<tr>\n<td>\u0095audio espacial<\/td>\n<\/tr>\n<tr>\n<td>\u0095modos de micrfono: aislamiento de voz y espectro amplio<\/td>\n<\/tr>\n<tr>\n<td>\u0095captura local<\/td>\n<\/tr>\n<tr>\n<td>Llamadas de audio<\/td>\n<\/tr>\n<tr>\n<td>Llamadas de audio de facetime<\/td>\n<\/tr>\n<tr>\n<td>\u0095recibe llamadas celulares de tu iphone cercano con la app telfono<\/td>\n<\/tr>\n<tr>\n<td>Bocinas<\/td>\n<\/tr>\n<tr>\n<td>\u0095sistema de cuatro bocinas<\/td>\n<\/tr>\n<tr>\n<td>Micrfonos<\/td>\n<\/tr>\n<tr>\n<td>\u0095sistema de cuatro micrfonos con calidad de estudio para llamadas y grabacin de audio y video<\/td>\n<\/tr>\n<tr>\n<td>Conexin celular e inalmbrica<\/td>\n<\/tr>\n<tr>\n<td>Todos los modelos<\/td>\n<\/tr>\n<tr>\n<td>\u0095chip de conexin inalmbrica n1 de apple<\/td>\n<\/tr>\n<tr>\n<td>\u0095wi fi 7 802.11be con mimo 2&#215;2<\/td>\n<\/tr>\n<tr>\n<td>\u0095doble banda simultnea<\/td>\n<\/tr>\n<tr>\n<td>\u0095bluetooth 6<\/td>\n<\/tr>\n<tr>\n<td>\u0095tecnologa de red thread<\/td>\n<\/tr>\n<tr>\n<td>Modelos a3358 y a3361:<\/td>\n<\/tr>\n<tr>\n<td>\u00955g nr bandas n1, n2, n3, n5, n7, n8, n12, n14, n20, n25, n26, n28, n29, n30, n38, n40, n41, n48, n66, n70, n71, n75, n77, n78, n79<\/td>\n<\/tr>\n<tr>\n<td>\u0095fdd-lte bandas 1, 2, 3, 4, 5, 7, 8, 11, 12, 13, 14, 17, 18, 19, 20, 21, 25, 26, 28, 29, 30, 32, 66, 71<\/td>\n<\/tr>\n<tr>\n<td>\u0095td lte bandas 34, 38, 39, 40, 41, 42, 48<\/td>\n<\/tr>\n<tr>\n<td>\u0095umts\/hspa\/hspa\/dc hsdpa 850, 900, 1700\/2100, 1900, 2100 mhz<\/td>\n<\/tr>\n<tr>\n<td>\u0095slo datos<\/td>\n<\/tr>\n<tr>\n<td>\u0095llamadas por wi-fi<\/td>\n<\/tr>\n<tr>\n<td>\u0095esim<\/td>\n<\/tr>\n<tr>\n<td>Tarjeta sim<\/td>\n<\/tr>\n<tr>\n<td>\u0095esim<\/td>\n<\/tr>\n<tr>\n<td>\u0095el ipad pro usa tecnologa esim avanzada para mayor seguridad y comodidad no es compatible con tarjetas sim fsicas<\/td>\n<\/tr>\n<tr>\n<td>Ms informacin sobre la esimms informacin sobre viajar con una esim<\/td>\n<\/tr>\n<tr>\n<td>Ubicacin<\/td>\n<\/tr>\n<tr>\n<td>Todos los modelos<\/td>\n<\/tr>\n<tr>\n<td>\u0095brjula digital<\/td>\n<\/tr>\n<tr>\n<td>\u0095wi-fi<\/td>\n<\/tr>\n<tr>\n<td>\u0095microlocalizacin ibeacon<\/td>\n<\/tr>\n<tr>\n<td>Sensores<\/td>\n<\/tr>\n<tr>\n<td>\u0095face id<\/td>\n<\/tr>\n<tr>\n<td>\u0095escner lidar<\/td>\n<\/tr>\n<tr>\n<td>\u0095giroscopio de tres ejes<\/td>\n<\/tr>\n<tr>\n<td>\u0095acelermetro<\/td>\n<\/tr>\n<tr>\n<td>\u0095barmetro<\/td>\n<\/tr>\n<tr>\n<td>\u0095sensores de luz ambiental<\/td>\n<\/tr>\n<tr>\n<td>Face id<\/td>\n<\/tr>\n<tr>\n<td>\u0095reconocimiento facial por medio de la cmara truedepth<\/td>\n<\/tr>\n<tr>\n<td>\u0095desbloquea tu ipad<\/td>\n<\/tr>\n<tr>\n<td>\u0095protege tus datos personales en las apps<\/td>\n<\/tr>\n<tr>\n<td>\u0095haz compras en el itunes store, app store y apple books<\/td>\n<\/tr>\n<tr>\n<td>Apple pay<\/td>\n<\/tr>\n<tr>\n<td>\u0095paga en apps con tu ipad usando face id<\/td>\n<\/tr>\n<tr>\n<td>Ms informacin sobre apple pay<\/td>\n<\/tr>\n<tr>\n<td>Siri<\/td>\n<\/tr>\n<tr>\n<td>\u0095recibe ayuda en las tareas de todos los das, como mandar mensajes, programar recordatorios y ms<\/td>\n<\/tr>\n<tr>\n<td>\u0095actvalo con slo decir \u0093oye siri\u0094, o usa escrbele a siri<\/td>\n<\/tr>\n<tr>\n<td>\u0095el asistente inteligente que ms cuida tu privacidad<\/td>\n<\/tr>\n<tr>\n<td>\u0095gracias a apple intelligence, siri ahora es ms natural y ms til<\/td>\n<\/tr>\n<tr>\n<td>Ms informacin sobre siri<\/td>\n<\/tr>\n<tr>\n<td>Carga y expansin<\/td>\n<\/tr>\n<tr>\n<td>\u0095puerto thunderbolt\/usb 4 compatible con:<\/td>\n<\/tr>\n<tr>\n<td>\u0095carga<\/td>\n<\/tr>\n<tr>\n<td>\u0095displayport<\/td>\n<\/tr>\n<tr>\n<td>\u0095thunderbolt 3 hasta 40 gb\/s<\/td>\n<\/tr>\n<tr>\n<td>\u0095usb 4 hasta 40 gb\/s<\/td>\n<\/tr>\n<tr>\n<td>\u0095usb 3 hasta 10 gb\/s<\/td>\n<\/tr>\n<tr>\n<td>Compatibilidad con monitores<\/td>\n<\/tr>\n<tr>\n<td>Es compatible con la resolucin nativa de la pantalla integrada en millones de colores<\/td>\n<\/tr>\n<tr>\n<td>\u0095admite un monitor externo con resolucin hasta 6k a 60 hz o hasta 4k a 120 hz<\/td>\n<\/tr>\n<tr>\n<td>Salida de video digital thunderbolt 3<\/td>\n<\/tr>\n<tr>\n<td>\u0095salida displayport nativa a travs de usb c<\/td>\n<\/tr>\n<tr>\n<td>\u0095compatible con salidas vga, hdmi, dvi y thunderbolt 2 mediante adaptadores se venden por separado<\/td>\n<\/tr>\n<tr>\n<td>Duplicacin de video<\/td>\n<\/tr>\n<tr>\n<td>\u0095airplay para duplicacin de pantalla y reproduccin de fotos y videos hasta 4k a travs del apple tv 2.\u00aa generacin y modelos posteriores o de una smart tv compatible con airplay<\/td>\n<\/tr>\n<tr>\n<td>\u0095compatibilidad con duplicacin de video y salida de video a travs del adaptador multipuerto de usb-c a av digital y del adaptador multipuerto de usb-c a vga los adaptadores se venden por separado<\/td>\n<\/tr>\n<tr>\n<td>Energa y batera<\/td>\n<\/tr>\n<tr>\n<td>Ipad pro de 11 pulgadas<\/td>\n<\/tr>\n<tr>\n<td>Batera de polmero de litio recargable integrada de 31.29 wh<\/td>\n<\/tr>\n<tr>\n<td>Todos los modelos<\/td>\n<\/tr>\n<tr>\n<td>Hasta 10 horas para navegar por internet a travs de wi-fi o ver videos<\/td>\n<\/tr>\n<tr>\n<td>Carga mediante el puerto usb-c con una computadora o un adaptador de corriente<\/td>\n<\/tr>\n<tr>\n<td>Carga rpida: hasta 50 de carga en aproximadamente 30 minutos con el adaptador de corriente dinmico de apple de 40 w con un mximo de 60 w o al usar un cable de carga usb c de 60 w o ms los adaptadores se venden por separado<\/td>\n<\/tr>\n<tr>\n<td>Sistema operativo<\/td>\n<\/tr>\n<tr>\n<td>Ipados 26<\/td>\n<\/tr>\n<tr>\n<td>Ipados incluye poderosas funcionalidades y apps integradas para que puedas aprovechar al mximo las posibilidades nicas del ipad.<\/td>\n<\/tr>\n<tr>\n<td>Reproduccin de video<\/td>\n<\/tr>\n<tr>\n<td>\u0095los formatos compatibles incluyen hevc, h.264, av1 y prores<\/td>\n<\/tr>\n<tr>\n<td>\u0095hdr con dolby vision, hdr10\/hdr10 y hlg<\/td>\n<\/tr>\n<tr>\n<td>Reproduccin de audio<\/td>\n<\/tr>\n<tr>\n<td>\u0095los formatos compatibles incluyen aac, mp3, apple lossless, flac, dolby digital, dolby digital plus y dolby atmos<\/td>\n<\/tr>\n<tr>\n<td>\u0095reproduccin de audio espacial<\/td>\n<\/tr>\n<tr>\n<td>\u0095volumen mximo configurable por el usuario<\/td>\n<\/tr>\n<\/table>\n","protected":false},"excerpt":{"rendered":"<p>Ipad pro. Mmmmmmegapoder. Chip m5. El nuevo nombre de la velocidad y el siguiente gran salto para la ia en el ipad. El chip m5 desafa los lmites de lo que es posible con el ipad pro para ofrecer un rendimiento y una eficiencia nunca antes vistos. Un gpu de 10 ncleos de ltima generacin con nuevos y poderosos neural accelerators acelera a fondo las tareas de ia, desde la generacin de tokens en grandes modelos de lenguaje llm hasta imgenes generativas. Adems, el rendimiento multihilo del cpu y una memoria ms rpida ofrecen una velocidad revolucionaria para tus flujos de trabajo.<\/p>\n","protected":false},"featured_media":0,"comment_status":"open","ping_status":"open","template":"","meta":[],"product_cat":[2310,1758],"product_tag":[1585],"acf":[],"yoast_head":"<!-- This site is optimized with the Yoast SEO plugin v21.7 - https:\/\/yoast.com\/wordpress\/plugins\/seo\/ -->\n<title>[ Apple ] &#129351; Mdwl4cl\/a Ipad Pro 11 Chip M5 \/ Wi-fi \/ 256gb\/ Plata<\/title>\n<meta name=\"description\" content=\"Compra Mdwl4cl\/a Ipad Pro 11 Chip M5 \/ Wi-fi \/ 256gb\/ Plata + Env\u00edo a domicilio + Pago seguro + Garant\u00eda\" \/>\n<meta name=\"robots\" content=\"index, follow, max-snippet:-1, max-image-preview:large, max-video-preview:-1\" \/>\n<link rel=\"canonical\" href=\"https:\/\/compuviper.mx\/tienda\/producto\/apple-mdwl4cl-a-ipad-pro-11-chip-m5-wi-fi-256gb-plata\/\" \/>\n<meta property=\"og:locale\" content=\"es_MX\" \/>\n<meta property=\"og:type\" content=\"article\" \/>\n<meta property=\"og:title\" content=\"[ Apple ] &#129351; Mdwl4cl\/a Ipad Pro 11 Chip M5 \/ Wi-fi \/ 256gb\/ Plata\" \/>\n<meta property=\"og:description\" content=\"Compra Mdwl4cl\/a Ipad Pro 11 Chip M5 \/ Wi-fi \/ 256gb\/ Plata + Env\u00edo a domicilio + Pago seguro + Garant\u00eda\" \/>\n<meta property=\"og:url\" content=\"https:\/\/compuviper.mx\/tienda\/producto\/apple-mdwl4cl-a-ipad-pro-11-chip-m5-wi-fi-256gb-plata\/\" \/>\n<meta property=\"og:site_name\" content=\"Compuviper\" \/>\n<meta property=\"article:publisher\" content=\"https:\/\/www.facebook.com\/compuviper\" \/>\n<meta name=\"twitter:card\" content=\"summary_large_image\" \/>\n<meta name=\"twitter:label1\" content=\"Precio\" \/>\n\t<meta name=\"twitter:data1\" content=\"&#36;22,901 con IVA\" \/>\n\t<meta name=\"twitter:label2\" content=\"Availability\" \/>\n\t<meta name=\"twitter:data2\" content=\"In stock\" \/>\n<script type=\"application\/ld+json\" class=\"yoast-schema-graph\">{\"@context\":\"https:\/\/schema.org\",\"@graph\":[{\"@type\":\"WebPage\",\"@id\":\"https:\/\/compuviper.mx\/tienda\/producto\/apple-mdwl4cl-a-ipad-pro-11-chip-m5-wi-fi-256gb-plata\/\",\"url\":\"https:\/\/compuviper.mx\/tienda\/producto\/apple-mdwl4cl-a-ipad-pro-11-chip-m5-wi-fi-256gb-plata\/\",\"name\":\"[ Apple ] &#129351; Mdwl4cl\/a Ipad Pro 11 Chip M5 \/ Wi-fi \/ 256gb\/ Plata\",\"isPartOf\":{\"@id\":\"https:\/\/compuviper.mx\/tienda\/#website\"},\"datePublished\":\"2026-04-21T07:26:36+00:00\",\"dateModified\":\"2026-04-21T07:26:36+00:00\",\"description\":\"Compra Mdwl4cl\/a Ipad Pro 11 Chip M5 \/ Wi-fi \/ 256gb\/ Plata + Env\u00edo a domicilio + Pago seguro + Garant\u00eda\",\"breadcrumb\":{\"@id\":\"https:\/\/compuviper.mx\/tienda\/producto\/apple-mdwl4cl-a-ipad-pro-11-chip-m5-wi-fi-256gb-plata\/#breadcrumb\"},\"inLanguage\":\"es-MX\",\"potentialAction\":[{\"@type\":\"ReadAction\",\"target\":[\"https:\/\/compuviper.mx\/tienda\/producto\/apple-mdwl4cl-a-ipad-pro-11-chip-m5-wi-fi-256gb-plata\/\"]}]},{\"@type\":\"BreadcrumbList\",\"@id\":\"https:\/\/compuviper.mx\/tienda\/producto\/apple-mdwl4cl-a-ipad-pro-11-chip-m5-wi-fi-256gb-plata\/#breadcrumb\",\"itemListElement\":[{\"@type\":\"ListItem\",\"position\":1,\"name\":\"Inicio\",\"item\":\"https:\/\/compuviper.mx\/tienda\/\"},{\"@type\":\"ListItem\",\"position\":2,\"name\":\"Productos\",\"item\":\"https:\/\/compuviper.mx\/tienda\/productos\/\"},{\"@type\":\"ListItem\",\"position\":3,\"name\":\"Tabletas\",\"item\":\"https:\/\/compuviper.mx\/tienda\/categoria-producto\/tabletas\/\"},{\"@type\":\"ListItem\",\"position\":4,\"name\":\"Chip M5\",\"item\":\"https:\/\/compuviper.mx\/tienda\/categoria-producto\/tabletas\/chip-m5\/\"},{\"@type\":\"ListItem\",\"position\":5,\"name\":\"Apple Mdwl4cl\/a Ipad Pro 11 Chip M5 \/ Wi-fi \/ 256gb\/ Plata\"}]},{\"@type\":\"WebSite\",\"@id\":\"https:\/\/compuviper.mx\/tienda\/#website\",\"url\":\"https:\/\/compuviper.mx\/tienda\/\",\"name\":\"Compuviper\",\"description\":\"Proveedor de Computadoras, Laptops, Servidores, Monitores, Puntos de Venta, Teclados,   Impresoras, T\u00f3ner, C\u00e1maras de Seguridad y m\u00e1s en tu tienda en l\u00ednea\",\"publisher\":{\"@id\":\"https:\/\/compuviper.mx\/tienda\/#organization\"},\"potentialAction\":[{\"@type\":\"SearchAction\",\"target\":{\"@type\":\"EntryPoint\",\"urlTemplate\":\"https:\/\/compuviper.mx\/tienda\/?s={search_term_string}\"},\"query-input\":\"required name=search_term_string\"}],\"inLanguage\":\"es-MX\"},{\"@type\":\"Organization\",\"@id\":\"https:\/\/compuviper.mx\/tienda\/#organization\",\"name\":\"Compuviper\",\"url\":\"https:\/\/compuviper.mx\/tienda\/\",\"logo\":{\"@type\":\"ImageObject\",\"inLanguage\":\"es-MX\",\"@id\":\"https:\/\/compuviper.mx\/tienda\/#\/schema\/logo\/image\/\",\"url\":\"https:\/\/compuviper.mx\/tienda\/wp-content\/uploads\/2021\/08\/Logo-Compuviper-10.png\",\"contentUrl\":\"https:\/\/compuviper.mx\/tienda\/wp-content\/uploads\/2021\/08\/Logo-Compuviper-10.png\",\"width\":1000,\"height\":500,\"caption\":\"Compuviper\"},\"image\":{\"@id\":\"https:\/\/compuviper.mx\/tienda\/#\/schema\/logo\/image\/\"},\"sameAs\":[\"https:\/\/www.facebook.com\/compuviper\",\"https:\/\/www.youtube.com\/channel\/UCf73dERp9Y3cfOq7q8BhLjA?view_as=subscriber\"]}]}<\/script>\n<meta property=\"product:brand\" content=\"APPLE\" \/>\n<meta property=\"product:price:amount\" content=\"22901\" \/>\n<meta property=\"product:price:currency\" content=\"MXN\" \/>\n<meta property=\"og:availability\" content=\"instock\" \/>\n<meta property=\"product:availability\" content=\"instock\" \/>\n<meta property=\"product:retailer_item_id\" content=\"MDWL4CL\/A\" \/>\n<meta property=\"product:condition\" content=\"new\" \/>\n<!-- \/ Yoast SEO plugin. -->","yoast_head_json":{"title":"[ Apple ] &#129351; Mdwl4cl\/a Ipad Pro 11 Chip M5 \/ Wi-fi \/ 256gb\/ Plata","description":"Compra Mdwl4cl\/a Ipad Pro 11 Chip M5 \/ Wi-fi \/ 256gb\/ Plata + Env\u00edo a domicilio + Pago seguro + Garant\u00eda","robots":{"index":"index","follow":"follow","max-snippet":"max-snippet:-1","max-image-preview":"max-image-preview:large","max-video-preview":"max-video-preview:-1"},"canonical":"https:\/\/compuviper.mx\/tienda\/producto\/apple-mdwl4cl-a-ipad-pro-11-chip-m5-wi-fi-256gb-plata\/","og_locale":"es_MX","og_type":"article","og_title":"[ Apple ] &#129351; Mdwl4cl\/a Ipad Pro 11 Chip M5 \/ Wi-fi \/ 256gb\/ Plata","og_description":"Compra Mdwl4cl\/a Ipad Pro 11 Chip M5 \/ Wi-fi \/ 256gb\/ Plata + Env\u00edo a domicilio + Pago seguro + Garant\u00eda","og_url":"https:\/\/compuviper.mx\/tienda\/producto\/apple-mdwl4cl-a-ipad-pro-11-chip-m5-wi-fi-256gb-plata\/","og_site_name":"Compuviper","article_publisher":"https:\/\/www.facebook.com\/compuviper","twitter_card":"summary_large_image","twitter_misc":{"Precio":"&#36;22,901 con IVA","Availability":"In stock"},"schema":{"@context":"https:\/\/schema.org","@graph":[{"@type":"WebPage","@id":"https:\/\/compuviper.mx\/tienda\/producto\/apple-mdwl4cl-a-ipad-pro-11-chip-m5-wi-fi-256gb-plata\/","url":"https:\/\/compuviper.mx\/tienda\/producto\/apple-mdwl4cl-a-ipad-pro-11-chip-m5-wi-fi-256gb-plata\/","name":"[ Apple ] &#129351; Mdwl4cl\/a Ipad Pro 11 Chip M5 \/ Wi-fi \/ 256gb\/ Plata","isPartOf":{"@id":"https:\/\/compuviper.mx\/tienda\/#website"},"datePublished":"2026-04-21T07:26:36+00:00","dateModified":"2026-04-21T07:26:36+00:00","description":"Compra Mdwl4cl\/a Ipad Pro 11 Chip M5 \/ Wi-fi \/ 256gb\/ Plata + Env\u00edo a domicilio + Pago seguro + Garant\u00eda","breadcrumb":{"@id":"https:\/\/compuviper.mx\/tienda\/producto\/apple-mdwl4cl-a-ipad-pro-11-chip-m5-wi-fi-256gb-plata\/#breadcrumb"},"inLanguage":"es-MX","potentialAction":[{"@type":"ReadAction","target":["https:\/\/compuviper.mx\/tienda\/producto\/apple-mdwl4cl-a-ipad-pro-11-chip-m5-wi-fi-256gb-plata\/"]}]},{"@type":"BreadcrumbList","@id":"https:\/\/compuviper.mx\/tienda\/producto\/apple-mdwl4cl-a-ipad-pro-11-chip-m5-wi-fi-256gb-plata\/#breadcrumb","itemListElement":[{"@type":"ListItem","position":1,"name":"Inicio","item":"https:\/\/compuviper.mx\/tienda\/"},{"@type":"ListItem","position":2,"name":"Productos","item":"https:\/\/compuviper.mx\/tienda\/productos\/"},{"@type":"ListItem","position":3,"name":"Tabletas","item":"https:\/\/compuviper.mx\/tienda\/categoria-producto\/tabletas\/"},{"@type":"ListItem","position":4,"name":"Chip M5","item":"https:\/\/compuviper.mx\/tienda\/categoria-producto\/tabletas\/chip-m5\/"},{"@type":"ListItem","position":5,"name":"Apple Mdwl4cl\/a Ipad Pro 11 Chip M5 \/ Wi-fi \/ 256gb\/ Plata"}]},{"@type":"WebSite","@id":"https:\/\/compuviper.mx\/tienda\/#website","url":"https:\/\/compuviper.mx\/tienda\/","name":"Compuviper","description":"Proveedor de Computadoras, Laptops, Servidores, Monitores, Puntos de Venta, Teclados,   Impresoras, T\u00f3ner, C\u00e1maras de Seguridad y m\u00e1s en tu tienda en l\u00ednea","publisher":{"@id":"https:\/\/compuviper.mx\/tienda\/#organization"},"potentialAction":[{"@type":"SearchAction","target":{"@type":"EntryPoint","urlTemplate":"https:\/\/compuviper.mx\/tienda\/?s={search_term_string}"},"query-input":"required name=search_term_string"}],"inLanguage":"es-MX"},{"@type":"Organization","@id":"https:\/\/compuviper.mx\/tienda\/#organization","name":"Compuviper","url":"https:\/\/compuviper.mx\/tienda\/","logo":{"@type":"ImageObject","inLanguage":"es-MX","@id":"https:\/\/compuviper.mx\/tienda\/#\/schema\/logo\/image\/","url":"https:\/\/compuviper.mx\/tienda\/wp-content\/uploads\/2021\/08\/Logo-Compuviper-10.png","contentUrl":"https:\/\/compuviper.mx\/tienda\/wp-content\/uploads\/2021\/08\/Logo-Compuviper-10.png","width":1000,"height":500,"caption":"Compuviper"},"image":{"@id":"https:\/\/compuviper.mx\/tienda\/#\/schema\/logo\/image\/"},"sameAs":["https:\/\/www.facebook.com\/compuviper","https:\/\/www.youtube.com\/channel\/UCf73dERp9Y3cfOq7q8BhLjA?view_as=subscriber"]}]},"product_brand":"APPLE","product_price_amount":"22901","product_price_currency":"MXN","og_availability":"instock","product_availability":"instock","product_retailer_item_id":"MDWL4CL\/A","product_condition":"new"},"_links":{"self":[{"href":"https:\/\/compuviper.mx\/tienda\/wp-json\/wp\/v2\/product\/262761"}],"collection":[{"href":"https:\/\/compuviper.mx\/tienda\/wp-json\/wp\/v2\/product"}],"about":[{"href":"https:\/\/compuviper.mx\/tienda\/wp-json\/wp\/v2\/types\/product"}],"replies":[{"embeddable":true,"href":"https:\/\/compuviper.mx\/tienda\/wp-json\/wp\/v2\/comments?post=262761"}],"wp:attachment":[{"href":"https:\/\/compuviper.mx\/tienda\/wp-json\/wp\/v2\/media?parent=262761"}],"wp:term":[{"taxonomy":"product_cat","embeddable":true,"href":"https:\/\/compuviper.mx\/tienda\/wp-json\/wp\/v2\/product_cat?post=262761"},{"taxonomy":"product_tag","embeddable":true,"href":"https:\/\/compuviper.mx\/tienda\/wp-json\/wp\/v2\/product_tag?post=262761"}],"curies":[{"name":"wp","href":"https:\/\/api.w.org\/{rel}","templated":true}]}}