{"id":262758,"date":"2026-04-02T00:54:20","date_gmt":"2026-04-02T06:54:20","guid":{"rendered":"https:\/\/compuviper.mx\/tienda\/producto\/lg-49uh5q-monitor-de-sealizacion-digital-de-49-p-uso-24-7-brillo-500-nits-tiempo-de-respuesta-8-ms-60-hz-hdmi-3-4k-hdcp-2-2-1-4-usb-2-0-rs232\/"},"modified":"2026-04-02T00:54:21","modified_gmt":"2026-04-02T06:54:21","slug":"lg-49uh5q-monitor-de-sealizacion-digital-de-49-p-uso-24-7-brillo-500-nits-tiempo-de-respuesta-8-ms-60-hz-hdmi-3-4k-hdcp-2-2-1-4-usb-2-0-rs232","status":"publish","type":"product","link":"https:\/\/compuviper.mx\/tienda\/producto\/lg-49uh5q-monitor-de-sealizacion-digital-de-49-p-uso-24-7-brillo-500-nits-tiempo-de-respuesta-8-ms-60-hz-hdmi-3-4k-hdcp-2-2-1-4-usb-2-0-rs232\/","title":{"rendered":"Lg 49uh5q Monitor De Se?alizacion Digital  De 49 P Uso 24\/7 Brillo 500 Nits, Tiempo De Respuesta 8 Ms 60 Hz Hdmi 3 4k  Hdcp 2.2\/1.4 Usb 2.0 Rs232"},"content":{"rendered":"<table class=\"descripcion\">\n<tr>\n<td>Tama\u00f1o de pantalla (pulgadas) 49<\/td>\n<\/tr>\n<tr>\n<td>Tecnolog\u00eda de paneles ips<\/td>\n<\/tr>\n<tr>\n<td>Tipo de luz de fondo borde<\/td>\n<\/tr>\n<tr>\n<td>Relaci\u00f3n de aspecto 16:9<\/td>\n<\/tr>\n<tr>\n<td>Resoluci\u00f3n nativa 3840 x 2160 (uhd)<\/td>\n<\/tr>\n<tr>\n<td>Frecuencia de actualizaci\u00f3n 60 hz<\/td>\n<\/tr>\n<tr>\n<td>Brillo 500 nits (t\u00edp.)<\/td>\n<\/tr>\n<tr>\n<td>Relaci\u00f3n de contraste 1.100:1 (t\u00edpico)<\/td>\n<\/tr>\n<tr>\n<td>Cr din\u00e1mico 1.000.000:1<\/td>\n<\/tr>\n<tr>\n<td>Gama de colores bt709 95%<\/td>\n<\/tr>\n<tr>\n<td>\u00e1ngulo de visi\u00f3n (h x v) 178 x 178<\/td>\n<\/tr>\n<tr>\n<td>Profundidad de color (n\u00famero de colores) 10 bits (d), 1.070 millones de colores<\/td>\n<\/tr>\n<tr>\n<td>Tiempo de respuesta tr: 8 ms \/ tf: 10 ms (t\u00edpico)<\/td>\n<\/tr>\n<tr>\n<td>Tratamiento de superficie (neblina) 28% (t\u00edpico)<\/td>\n<\/tr>\n<tr>\n<td>De por vida 50.000 horas (m\u00edn.)<\/td>\n<\/tr>\n<tr>\n<td>Horario de funcionamiento (horas\/d\u00eda) 24\/7<\/td>\n<\/tr>\n<tr>\n<td>Retrato \/ paisaje s\u00ed \/ s\u00ed<\/td>\n<\/tr>\n<tr>\n<td>Conectividad (interfaz de conector)<\/td>\n<\/tr>\n<tr>\n<td>Entrada hdmi s\u00ed (3), 3840&#215;2160 a 60 hz, hdcp 2.2\/1.4<\/td>\n<\/tr>\n<tr>\n<td>Dp en s\u00ed (1), 3840&#215;2160 a 60 hz, hdcp 2.2\/1.3<\/td>\n<\/tr>\n<tr>\n<td>Entrada rs232c s\u00ed (1), conector telef\u00f3nico de 4 pines<\/td>\n<\/tr>\n<tr>\n<td>Entrada rj45 (lan) s\u00ed (1)<\/td>\n<\/tr>\n<tr>\n<td>Ir en s\u00ed (1)<\/td>\n<\/tr>\n<tr>\n<td>Entrada usb usb 2.0 tipo a (2)<\/td>\n<\/tr>\n<tr>\n<td>Salida de audio s\u00ed (1)<\/td>\n<\/tr>\n<tr>\n<td>Salida rs232c s\u00ed (1), conector telef\u00f3nico de 4 pines<\/td>\n<\/tr>\n<tr>\n<td>Salida ir no (admite conexi\u00f3n en cadena ir mediante entrada\/salida rs232c)<\/td>\n<\/tr>\n<tr>\n<td>Mec\u00e1nico<\/td>\n<\/tr>\n<tr>\n<td>Color del bisel negro<\/td>\n<\/tr>\n<tr>\n<td>Ancho del bisel bisel uniforme: 11,4 mm<\/td>\n<\/tr>\n<tr>\n<td>Peso (cabeza) 11,4 kg<\/td>\n<\/tr>\n<tr>\n<td>Peso embalado 14,2 kg<\/td>\n<\/tr>\n<tr>\n<td>Dimensiones del monitor (ancho x alto x profundidad) 1104,3 x 635,5 x 29,7 mm<\/td>\n<\/tr>\n<tr>\n<td>Dimensiones de la caja (ancho x alto x profundidad) 1215,0 x 742,0 x 142,0 mm<\/td>\n<\/tr>\n<tr>\n<td>Interfaz de montaje est\u00e1ndar vesa\u0099 300 x 300<\/td>\n<\/tr>\n<tr>\n<td>Funci\u00f3n de hardware<\/td>\n<\/tr>\n<tr>\n<td>Memoria interna (emmc) 16 gb<\/td>\n<\/tr>\n<tr>\n<td>Wi-fi\/bt (integrado) s\u00ed<\/td>\n<\/tr>\n<tr>\n<td>Sensor de temperatura s\u00ed<\/td>\n<\/tr>\n<tr>\n<td>Sensor de brillo autom\u00e1tico s\u00ed (integrado solo para europa, se vende por separado en otras regiones)<\/td>\n<\/tr>\n<tr>\n<td>Sensor de aceleraci\u00f3n (giroscopio) s\u00ed<\/td>\n<\/tr>\n<tr>\n<td>Operaci\u00f3n de clave local s\u00ed<\/td>\n<\/tr>\n<tr>\n<td>Funci\u00f3n de software<\/td>\n<\/tr>\n<tr>\n<td>Versi\u00f3n del sistema operativo (webos) webos 8.0<\/td>\n<\/tr>\n<tr>\n<td>Programaci\u00f3n de contenido local s\u00ed<\/td>\n<\/tr>\n<tr>\n<td>Gerente de grupo s\u00ed<\/td>\n<\/tr>\n<tr>\n<td>Conexi\u00f3n y reproducci\u00f3n usb s\u00ed<\/td>\n<\/tr>\n<tr>\n<td>Fallo total s\u00ed<\/td>\n<\/tr>\n<tr>\n<td>Imagen del logotipo de arranque s\u00ed<\/td>\n<\/tr>\n<tr>\n<td>Imagen sin se\u00f1al s\u00ed<\/td>\n<\/tr>\n<tr>\n<td>Sincronizaci\u00f3n rs232c s\u00ed<\/td>\n<\/tr>\n<tr>\n<td>Sincronizaci\u00f3n de red local s\u00ed<\/td>\n<\/tr>\n<tr>\n<td>Pepita s\u00ed<\/td>\n<\/tr>\n<tr>\n<td>Pbp s\u00ed (4)<\/td>\n<\/tr>\n<tr>\n<td>Compartir pantalla s\u00ed<\/td>\n<\/tr>\n<tr>\n<td>Etiqueta de v\u00eddeo s\u00ed (4)<\/td>\n<\/tr>\n<tr>\n<td>Reproducir mediante url s\u00ed<\/td>\n<\/tr>\n<tr>\n<td>Rotaci\u00f3n de pantalla s\u00ed<\/td>\n<\/tr>\n<tr>\n<td>Rotaci\u00f3n de entrada externa s\u00ed<\/td>\n<\/tr>\n<tr>\n<td>Reproducci\u00f3n sin pausas s\u00ed<\/td>\n<\/tr>\n<tr>\n<td>Configuraci\u00f3n del modo mosaico s\u00ed (m\u00e1x. 15&#215;15)<\/td>\n<\/tr>\n<tr>\n<td>Configuraci\u00f3n de la clonaci\u00f3n de datos s\u00ed<\/td>\n<\/tr>\n<tr>\n<td>Snmp s\u00ed<\/td>\n<\/tr>\n<tr>\n<td>M\u00e9todo ism s\u00ed<\/td>\n<\/tr>\n<tr>\n<td>Id de configuraci\u00f3n autom\u00e1tica s\u00ed<\/td>\n<\/tr>\n<tr>\n<td>Correo de estado s\u00ed<\/td>\n<\/tr>\n<tr>\n<td>Administrador de control s\u00ed<\/td>\n<\/tr>\n<tr>\n<td>Certificaci\u00f3n de cisco s\u00ed (por determinar)<\/td>\n<\/tr>\n<tr>\n<td>Conectado a crestron s\u00ed<\/td>\n<\/tr>\n<tr>\n<td>Ahorro de energ\u00eda inteligente s\u00ed<\/td>\n<\/tr>\n<tr>\n<td>Modo pm s\u00ed<\/td>\n<\/tr>\n<tr>\n<td>Wake on lan s\u00ed<\/td>\n<\/tr>\n<tr>\n<td>Preparado para la red s\u00ed<\/td>\n<\/tr>\n<tr>\n<td>Faro s\u00ed<\/td>\n<\/tr>\n<tr>\n<td>Hdmi-cec s\u00ed<\/td>\n<\/tr>\n<tr>\n<td>Configuraci\u00f3n del servidor si s\u00ed<\/td>\n<\/tr>\n<tr>\n<td>Webrtc s\u00ed<\/td>\n<\/tr>\n<tr>\n<td>Pro: modismo s\u00ed<\/td>\n<\/tr>\n<tr>\n<td>Condiciones ambientales<\/td>\n<\/tr>\n<tr>\n<td>Temperatura de funcionamiento de 0\u00b0c a 40\u00b0c<\/td>\n<\/tr>\n<tr>\n<td>Humedad de funcionamiento 10% a 80%<\/td>\n<\/tr>\n<tr>\n<td>Fuerza<\/td>\n<\/tr>\n<tr>\n<td>Fuente de alimentaci\u00f3n ca 100-240 v~, 50\/60 hz<\/td>\n<\/tr>\n<tr>\n<td>Tipo de alimentaci\u00f3n alimentaci\u00f3n integrada<\/td>\n<\/tr>\n<tr>\n<td>Consumo de energ\u00eda<\/td>\n<\/tr>\n<tr>\n<td>Tip. 83w (por determinar)<\/td>\n<\/tr>\n<tr>\n<td>M\u00e1x. 134w (por determinar)<\/td>\n<\/tr>\n<tr>\n<td>Btu (unidad t\u00e9rmica brit\u00e1nica) 283 btu\/h (t\u00edp.), 457 btu\/h (m\u00e1x.) (por determinar)<\/td>\n<\/tr>\n<tr>\n<td>Ahorro inteligente de energ\u00eda (70%) 58w (por determinar)<\/td>\n<\/tr>\n<tr>\n<td>Dpm 0,5 w<\/td>\n<\/tr>\n<tr>\n<td>Apagar 0,5 w<\/td>\n<\/tr>\n<tr>\n<td>Sonido<\/td>\n<\/tr>\n<tr>\n<td>Altavoz (integrado) s\u00ed (10w x 2)<\/td>\n<\/tr>\n<tr>\n<td>Proceso de dar un t\u00edtulo<\/td>\n<\/tr>\n<tr>\n<td>Seguridad cb \/ nrtl<\/td>\n<\/tr>\n<tr>\n<td>Emc clasificaci\u00f3n fcc clase b \/ ce \/ kc<\/td>\n<\/tr>\n<tr>\n<td>Erp \/ estrella de energ\u00eda s\u00ed \/ s\u00ed<\/td>\n<\/tr>\n<tr>\n<td>Epeat (solo ee. uu.) s\u00ed \/ carbono reducci\u00f3n de co2 (por determinar)<\/td>\n<\/tr>\n<tr>\n<td>Compatibilidad de software<\/td>\n<\/tr>\n<tr>\n<td>Supersign cms s\u00ed<\/td>\n<\/tr>\n<tr>\n<td>Control de supersign+ s\u00ed<\/td>\n<\/tr>\n<tr>\n<td>Supersign wb s\u00ed<\/td>\n<\/tr>\n<tr>\n<td>Nube de supersign s\u00ed<\/td>\n<\/tr>\n<tr>\n<td>Cms m\u00f3vil s\u00ed<\/td>\n<\/tr>\n<tr>\n<td>Atenci\u00f3n conectada s\u00ed<\/td>\n<\/tr>\n<tr>\n<td>Idioma<\/td>\n<\/tr>\n<tr>\n<td>Osd ingl\u00e9s, franc\u00e9s, alem\u00e1n, espa\u00f1ol, italiano, coreano, chino (simplificado), chino (original), portugu\u00e9s (brasil), sueco, finland\u00e9s, noruego, dan\u00e9s, ruso, japon\u00e9s, portugu\u00e9s (europa), neerland\u00e9s, checo, griego, turco, \u00e1rabe, polaco<\/td>\n<\/tr>\n<tr>\n<td>Accesorio<\/td>\n<\/tr>\n<tr>\n<td>B\u00e1sico mando a distancia (incluye 2 pilas), cable de alimentaci\u00f3n, gu\u00eda de inicio r\u00e1pido, manual de instrucciones, adaptador de tel\u00e9fono a rs232c, soporte para cable de alimentaci\u00f3n, receptor de sensor de infrarrojos\/luz (solo ue\/europa), l\u00e1mina magn\u00e9tica (2 unidades, solo ue\/europa).<\/td>\n<\/tr>\n<tr>\n<td>Opcional soporte de pared delgado (wb21lma\/b), soporte de pared normal (olw480a\/b), receptor de sensor de infrarrojos\/luz (acc-l)<\/td>\n<\/tr>\n<tr>\n<td>Caracter\u00edsticas especiales<\/td>\n<\/tr>\n<tr>\n<td>Inclinar (boca abajo) s\u00ed (m\u00e1x. 15\u00b0, 40\u00b0c de temperatura) (por determinar)<\/td>\n<\/tr>\n<tr>\n<td>Clasificaci\u00f3n ip ip5x<\/td>\n<\/tr>\n<tr>\n<td>Recubrimiento conformal (placa de alimentaci\u00f3n) s\u00ed (recubrimiento de espacio parcial)<\/td>\n<\/tr>\n<\/table>\n","protected":false},"excerpt":{"rendered":"<p>Pantalla de se\u00f1alizaci\u00f3n uhd con plataforma lg webos y seguridad avanzada. Excelente calidad de imagen con resoluci\u00f3n ultra hd. Gracias a su resoluci\u00f3n uhd, los colores y los detalles del contenido se ven v\u00edvidos y realistas. Adem\u00e1s, su amplio \u00e1ngulo de visi\u00f3n proporciona una imagen n\u00edtida. Dise\u00f1o de bisel uniforme y delgado. La serie uh5q presenta marcos horizontales y verticales delgados y perfectamente equilibrados, creando una soluci\u00f3n de visualizaci\u00f3n armoniosa. Su dise\u00f1o especializado simplifica la instalaci\u00f3n en entornos comerciales y ofrece una experiencia visual realmente inmersiva. Plataforma webos conveniente. El uh5q est\u00e1 equipado con un soc de alto rendimiento que permite realizar m\u00faltiples tareas sin necesidad de un reproductor multimedia independiente. La plataforma webos ofrece herramientas de desarrollo de aplicaciones con una interfaz de usuario intuitiva que mejora la experiencia del usuario, e incluye aplicaciones de socios de webos para crear un entorno favorable para los integradores de sistemas. Soc: sistema en chip. ** si: integrador de sistemas. Dise\u00f1o para la utilizaci\u00f3n del espacio. Dise\u00f1ado con marcos delgados y una gesti\u00f3n de cables sencilla, el uh5q ahorra espacio. Gracias a sus entradas de alimentaci\u00f3n ocultas, se puede instalar cerca de la pared, dejando tan solo 13,5 mm de espacio con el soporte delgado. La imagen del producto puede diferir ligeramente del aspecto real debido a las variaciones entre las distintas opciones de pulgadas. Durabilidad que proporciona fiabilidad. Optimizado para entornos empresariales, el uh5q est\u00e1 protegido contra la sal, el polvo, el polvo de hierro y la humedad gracias a un recubrimiento parcial conformal en la placa de alimentaci\u00f3n, lo que garantiza un funcionamiento estable. Adem\u00e1s, sus caracter\u00edsticas centradas en el cliente, como la protecci\u00f3n ip5x y la monitorizaci\u00f3n de impactos*, proporcionan fiabilidad y satisfacci\u00f3n. Seguridad integral. Webos signage va m\u00e1s all\u00e1 de las medidas de seguridad a nivel del sistema operativo (so). Lg shield emplea un sistema de defensa de cinco capas que abarca servidor, aplicaci\u00f3n, sistema operativo, sistema y hardware. Cada capa opera de forma independiente, proporcionando una protecci\u00f3n integral contra diversas amenazas. Adem\u00e1s, la plataforma webos es compatible con etsi en 303 645. Soluciones supersign. Supersign es una soluci\u00f3n de gesti\u00f3n de contenido integrada e intuitiva para la se\u00f1alizaci\u00f3n digital creativa y organizada de su espacio, que conecta a los clientes con una variedad de servicios a trav\u00e9s de una experiencia de usuario pr\u00e1ctica. Existen diversas versiones, como supersign cloud; descubra y disfrute de la que mejor se adecue a sus necesidades.<\/p>\n","protected":false},"featured_media":0,"comment_status":"open","ping_status":"open","template":"","meta":[],"product_cat":[1740,1741],"product_tag":[1687],"acf":[],"yoast_head":"<!-- This site is optimized with the Yoast SEO plugin v21.7 - https:\/\/yoast.com\/wordpress\/plugins\/seo\/ -->\n<title>[ Lg ] &#129351; 49uh5q Monitor De Se\u00f1alizacion Digital De 49 P Uso 24\/7 Brillo 500 Nits, Tiempo De Respuesta 8 Ms 60 Hz Hdmi 3 4k Hdcp 2.2\/1.4 Usb 2.0 Rs232<\/title>\n<meta name=\"description\" content=\"Compra 49uh5q Monitor De Se\u00f1alizacion Digital De 49 P Uso 24\/7 Brillo 500 Nits, Tiempo De Respuesta 8 Ms 60 Hz Hdmi 3 4k Hdcp 2.2\/1.4 Usb 2.0 Rs232 + Env\u00edo a domicilio + Pago seguro + Garant\u00eda\" \/>\n<meta name=\"robots\" content=\"index, follow, max-snippet:-1, max-image-preview:large, max-video-preview:-1\" \/>\n<link rel=\"canonical\" href=\"https:\/\/compuviper.mx\/tienda\/producto\/lg-49uh5q-monitor-de-sealizacion-digital-de-49-p-uso-24-7-brillo-500-nits-tiempo-de-respuesta-8-ms-60-hz-hdmi-3-4k-hdcp-2-2-1-4-usb-2-0-rs232\/\" \/>\n<meta property=\"og:locale\" content=\"es_MX\" \/>\n<meta property=\"og:type\" content=\"article\" \/>\n<meta property=\"og:title\" content=\"[ Lg ] &#129351; 49uh5q Monitor De Se\u00f1alizacion Digital De 49 P Uso 24\/7 Brillo 500 Nits, Tiempo De Respuesta 8 Ms 60 Hz Hdmi 3 4k Hdcp 2.2\/1.4 Usb 2.0 Rs232\" \/>\n<meta property=\"og:description\" content=\"Compra 49uh5q Monitor De Se\u00f1alizacion Digital De 49 P Uso 24\/7 Brillo 500 Nits, Tiempo De Respuesta 8 Ms 60 Hz Hdmi 3 4k Hdcp 2.2\/1.4 Usb 2.0 Rs232 + Env\u00edo a domicilio + Pago seguro + Garant\u00eda\" \/>\n<meta property=\"og:url\" content=\"https:\/\/compuviper.mx\/tienda\/producto\/lg-49uh5q-monitor-de-sealizacion-digital-de-49-p-uso-24-7-brillo-500-nits-tiempo-de-respuesta-8-ms-60-hz-hdmi-3-4k-hdcp-2-2-1-4-usb-2-0-rs232\/\" \/>\n<meta property=\"og:site_name\" content=\"Compuviper\" \/>\n<meta property=\"article:publisher\" content=\"https:\/\/www.facebook.com\/compuviper\" \/>\n<meta property=\"article:modified_time\" content=\"2026-04-02T06:54:21+00:00\" \/>\n<meta name=\"twitter:card\" content=\"summary_large_image\" \/>\n<meta name=\"twitter:label1\" content=\"Precio\" \/>\n\t<meta name=\"twitter:data1\" content=\"&#36;11,547 con IVA\" \/>\n\t<meta name=\"twitter:label2\" content=\"Availability\" \/>\n\t<meta name=\"twitter:data2\" content=\"In stock\" \/>\n<script type=\"application\/ld+json\" class=\"yoast-schema-graph\">{\"@context\":\"https:\/\/schema.org\",\"@graph\":[{\"@type\":\"WebPage\",\"@id\":\"https:\/\/compuviper.mx\/tienda\/producto\/lg-49uh5q-monitor-de-sealizacion-digital-de-49-p-uso-24-7-brillo-500-nits-tiempo-de-respuesta-8-ms-60-hz-hdmi-3-4k-hdcp-2-2-1-4-usb-2-0-rs232\/\",\"url\":\"https:\/\/compuviper.mx\/tienda\/producto\/lg-49uh5q-monitor-de-sealizacion-digital-de-49-p-uso-24-7-brillo-500-nits-tiempo-de-respuesta-8-ms-60-hz-hdmi-3-4k-hdcp-2-2-1-4-usb-2-0-rs232\/\",\"name\":\"[ Lg ] &#129351; 49uh5q Monitor De Se\u00f1alizacion Digital De 49 P Uso 24\/7 Brillo 500 Nits, Tiempo De Respuesta 8 Ms 60 Hz Hdmi 3 4k Hdcp 2.2\/1.4 Usb 2.0 Rs232\",\"isPartOf\":{\"@id\":\"https:\/\/compuviper.mx\/tienda\/#website\"},\"datePublished\":\"2026-04-02T06:54:20+00:00\",\"dateModified\":\"2026-04-02T06:54:21+00:00\",\"description\":\"Compra 49uh5q Monitor De Se\u00f1alizacion Digital De 49 P Uso 24\/7 Brillo 500 Nits, Tiempo De Respuesta 8 Ms 60 Hz Hdmi 3 4k Hdcp 2.2\/1.4 Usb 2.0 Rs232 + Env\u00edo a domicilio + Pago seguro + Garant\u00eda\",\"breadcrumb\":{\"@id\":\"https:\/\/compuviper.mx\/tienda\/producto\/lg-49uh5q-monitor-de-sealizacion-digital-de-49-p-uso-24-7-brillo-500-nits-tiempo-de-respuesta-8-ms-60-hz-hdmi-3-4k-hdcp-2-2-1-4-usb-2-0-rs232\/#breadcrumb\"},\"inLanguage\":\"es-MX\",\"potentialAction\":[{\"@type\":\"ReadAction\",\"target\":[\"https:\/\/compuviper.mx\/tienda\/producto\/lg-49uh5q-monitor-de-sealizacion-digital-de-49-p-uso-24-7-brillo-500-nits-tiempo-de-respuesta-8-ms-60-hz-hdmi-3-4k-hdcp-2-2-1-4-usb-2-0-rs232\/\"]}]},{\"@type\":\"BreadcrumbList\",\"@id\":\"https:\/\/compuviper.mx\/tienda\/producto\/lg-49uh5q-monitor-de-sealizacion-digital-de-49-p-uso-24-7-brillo-500-nits-tiempo-de-respuesta-8-ms-60-hz-hdmi-3-4k-hdcp-2-2-1-4-usb-2-0-rs232\/#breadcrumb\",\"itemListElement\":[{\"@type\":\"ListItem\",\"position\":1,\"name\":\"Inicio\",\"item\":\"https:\/\/compuviper.mx\/tienda\/\"},{\"@type\":\"ListItem\",\"position\":2,\"name\":\"Productos\",\"item\":\"https:\/\/compuviper.mx\/tienda\/productos\/\"},{\"@type\":\"ListItem\",\"position\":3,\"name\":\"Monitores\",\"item\":\"https:\/\/compuviper.mx\/tienda\/categoria-producto\/monitores\/\"},{\"@type\":\"ListItem\",\"position\":4,\"name\":\"Led\",\"item\":\"https:\/\/compuviper.mx\/tienda\/categoria-producto\/monitores\/led\/\"},{\"@type\":\"ListItem\",\"position\":5,\"name\":\"Lg 49uh5q Monitor De Se?alizacion Digital De 49 P Uso 24\/7 Brillo 500 Nits, Tiempo De Respuesta 8 Ms 60 Hz Hdmi 3 4k Hdcp 2.2\/1.4 Usb 2.0 Rs232\"}]},{\"@type\":\"WebSite\",\"@id\":\"https:\/\/compuviper.mx\/tienda\/#website\",\"url\":\"https:\/\/compuviper.mx\/tienda\/\",\"name\":\"Compuviper\",\"description\":\"Proveedor de Computadoras, Laptops, Servidores, Monitores, Puntos de Venta, Teclados,   Impresoras, T\u00f3ner, C\u00e1maras de Seguridad y m\u00e1s en tu tienda en l\u00ednea\",\"publisher\":{\"@id\":\"https:\/\/compuviper.mx\/tienda\/#organization\"},\"potentialAction\":[{\"@type\":\"SearchAction\",\"target\":{\"@type\":\"EntryPoint\",\"urlTemplate\":\"https:\/\/compuviper.mx\/tienda\/?s={search_term_string}\"},\"query-input\":\"required name=search_term_string\"}],\"inLanguage\":\"es-MX\"},{\"@type\":\"Organization\",\"@id\":\"https:\/\/compuviper.mx\/tienda\/#organization\",\"name\":\"Compuviper\",\"url\":\"https:\/\/compuviper.mx\/tienda\/\",\"logo\":{\"@type\":\"ImageObject\",\"inLanguage\":\"es-MX\",\"@id\":\"https:\/\/compuviper.mx\/tienda\/#\/schema\/logo\/image\/\",\"url\":\"https:\/\/compuviper.mx\/tienda\/wp-content\/uploads\/2021\/08\/Logo-Compuviper-10.png\",\"contentUrl\":\"https:\/\/compuviper.mx\/tienda\/wp-content\/uploads\/2021\/08\/Logo-Compuviper-10.png\",\"width\":1000,\"height\":500,\"caption\":\"Compuviper\"},\"image\":{\"@id\":\"https:\/\/compuviper.mx\/tienda\/#\/schema\/logo\/image\/\"},\"sameAs\":[\"https:\/\/www.facebook.com\/compuviper\",\"https:\/\/www.youtube.com\/channel\/UCf73dERp9Y3cfOq7q8BhLjA?view_as=subscriber\"]}]}<\/script>\n<meta property=\"product:brand\" content=\"LG\" \/>\n<meta property=\"product:price:amount\" content=\"11547\" \/>\n<meta property=\"product:price:currency\" content=\"MXN\" \/>\n<meta property=\"og:availability\" content=\"instock\" \/>\n<meta property=\"product:availability\" content=\"instock\" \/>\n<meta property=\"product:retailer_item_id\" content=\"49UH5Q\" \/>\n<meta property=\"product:condition\" content=\"new\" \/>\n<!-- \/ Yoast SEO plugin. -->","yoast_head_json":{"title":"[ Lg ] &#129351; 49uh5q Monitor De Se\u00f1alizacion Digital De 49 P Uso 24\/7 Brillo 500 Nits, Tiempo De Respuesta 8 Ms 60 Hz Hdmi 3 4k Hdcp 2.2\/1.4 Usb 2.0 Rs232","description":"Compra 49uh5q Monitor De Se\u00f1alizacion Digital De 49 P Uso 24\/7 Brillo 500 Nits, Tiempo De Respuesta 8 Ms 60 Hz Hdmi 3 4k Hdcp 2.2\/1.4 Usb 2.0 Rs232 + Env\u00edo a domicilio + Pago seguro + Garant\u00eda","robots":{"index":"index","follow":"follow","max-snippet":"max-snippet:-1","max-image-preview":"max-image-preview:large","max-video-preview":"max-video-preview:-1"},"canonical":"https:\/\/compuviper.mx\/tienda\/producto\/lg-49uh5q-monitor-de-sealizacion-digital-de-49-p-uso-24-7-brillo-500-nits-tiempo-de-respuesta-8-ms-60-hz-hdmi-3-4k-hdcp-2-2-1-4-usb-2-0-rs232\/","og_locale":"es_MX","og_type":"article","og_title":"[ Lg ] &#129351; 49uh5q Monitor De Se\u00f1alizacion Digital De 49 P Uso 24\/7 Brillo 500 Nits, Tiempo De Respuesta 8 Ms 60 Hz Hdmi 3 4k Hdcp 2.2\/1.4 Usb 2.0 Rs232","og_description":"Compra 49uh5q Monitor De Se\u00f1alizacion Digital De 49 P Uso 24\/7 Brillo 500 Nits, Tiempo De Respuesta 8 Ms 60 Hz Hdmi 3 4k Hdcp 2.2\/1.4 Usb 2.0 Rs232 + Env\u00edo a domicilio + Pago seguro + Garant\u00eda","og_url":"https:\/\/compuviper.mx\/tienda\/producto\/lg-49uh5q-monitor-de-sealizacion-digital-de-49-p-uso-24-7-brillo-500-nits-tiempo-de-respuesta-8-ms-60-hz-hdmi-3-4k-hdcp-2-2-1-4-usb-2-0-rs232\/","og_site_name":"Compuviper","article_publisher":"https:\/\/www.facebook.com\/compuviper","article_modified_time":"2026-04-02T06:54:21+00:00","twitter_card":"summary_large_image","twitter_misc":{"Precio":"&#36;11,547 con IVA","Availability":"In stock"},"schema":{"@context":"https:\/\/schema.org","@graph":[{"@type":"WebPage","@id":"https:\/\/compuviper.mx\/tienda\/producto\/lg-49uh5q-monitor-de-sealizacion-digital-de-49-p-uso-24-7-brillo-500-nits-tiempo-de-respuesta-8-ms-60-hz-hdmi-3-4k-hdcp-2-2-1-4-usb-2-0-rs232\/","url":"https:\/\/compuviper.mx\/tienda\/producto\/lg-49uh5q-monitor-de-sealizacion-digital-de-49-p-uso-24-7-brillo-500-nits-tiempo-de-respuesta-8-ms-60-hz-hdmi-3-4k-hdcp-2-2-1-4-usb-2-0-rs232\/","name":"[ Lg ] &#129351; 49uh5q Monitor De Se\u00f1alizacion Digital De 49 P Uso 24\/7 Brillo 500 Nits, Tiempo De Respuesta 8 Ms 60 Hz Hdmi 3 4k Hdcp 2.2\/1.4 Usb 2.0 Rs232","isPartOf":{"@id":"https:\/\/compuviper.mx\/tienda\/#website"},"datePublished":"2026-04-02T06:54:20+00:00","dateModified":"2026-04-02T06:54:21+00:00","description":"Compra 49uh5q Monitor De Se\u00f1alizacion Digital De 49 P Uso 24\/7 Brillo 500 Nits, Tiempo De Respuesta 8 Ms 60 Hz Hdmi 3 4k Hdcp 2.2\/1.4 Usb 2.0 Rs232 + Env\u00edo a domicilio + Pago seguro + Garant\u00eda","breadcrumb":{"@id":"https:\/\/compuviper.mx\/tienda\/producto\/lg-49uh5q-monitor-de-sealizacion-digital-de-49-p-uso-24-7-brillo-500-nits-tiempo-de-respuesta-8-ms-60-hz-hdmi-3-4k-hdcp-2-2-1-4-usb-2-0-rs232\/#breadcrumb"},"inLanguage":"es-MX","potentialAction":[{"@type":"ReadAction","target":["https:\/\/compuviper.mx\/tienda\/producto\/lg-49uh5q-monitor-de-sealizacion-digital-de-49-p-uso-24-7-brillo-500-nits-tiempo-de-respuesta-8-ms-60-hz-hdmi-3-4k-hdcp-2-2-1-4-usb-2-0-rs232\/"]}]},{"@type":"BreadcrumbList","@id":"https:\/\/compuviper.mx\/tienda\/producto\/lg-49uh5q-monitor-de-sealizacion-digital-de-49-p-uso-24-7-brillo-500-nits-tiempo-de-respuesta-8-ms-60-hz-hdmi-3-4k-hdcp-2-2-1-4-usb-2-0-rs232\/#breadcrumb","itemListElement":[{"@type":"ListItem","position":1,"name":"Inicio","item":"https:\/\/compuviper.mx\/tienda\/"},{"@type":"ListItem","position":2,"name":"Productos","item":"https:\/\/compuviper.mx\/tienda\/productos\/"},{"@type":"ListItem","position":3,"name":"Monitores","item":"https:\/\/compuviper.mx\/tienda\/categoria-producto\/monitores\/"},{"@type":"ListItem","position":4,"name":"Led","item":"https:\/\/compuviper.mx\/tienda\/categoria-producto\/monitores\/led\/"},{"@type":"ListItem","position":5,"name":"Lg 49uh5q Monitor De Se?alizacion Digital De 49 P Uso 24\/7 Brillo 500 Nits, Tiempo De Respuesta 8 Ms 60 Hz Hdmi 3 4k Hdcp 2.2\/1.4 Usb 2.0 Rs232"}]},{"@type":"WebSite","@id":"https:\/\/compuviper.mx\/tienda\/#website","url":"https:\/\/compuviper.mx\/tienda\/","name":"Compuviper","description":"Proveedor de Computadoras, Laptops, Servidores, Monitores, Puntos de Venta, Teclados,   Impresoras, T\u00f3ner, C\u00e1maras de Seguridad y m\u00e1s en tu tienda en l\u00ednea","publisher":{"@id":"https:\/\/compuviper.mx\/tienda\/#organization"},"potentialAction":[{"@type":"SearchAction","target":{"@type":"EntryPoint","urlTemplate":"https:\/\/compuviper.mx\/tienda\/?s={search_term_string}"},"query-input":"required name=search_term_string"}],"inLanguage":"es-MX"},{"@type":"Organization","@id":"https:\/\/compuviper.mx\/tienda\/#organization","name":"Compuviper","url":"https:\/\/compuviper.mx\/tienda\/","logo":{"@type":"ImageObject","inLanguage":"es-MX","@id":"https:\/\/compuviper.mx\/tienda\/#\/schema\/logo\/image\/","url":"https:\/\/compuviper.mx\/tienda\/wp-content\/uploads\/2021\/08\/Logo-Compuviper-10.png","contentUrl":"https:\/\/compuviper.mx\/tienda\/wp-content\/uploads\/2021\/08\/Logo-Compuviper-10.png","width":1000,"height":500,"caption":"Compuviper"},"image":{"@id":"https:\/\/compuviper.mx\/tienda\/#\/schema\/logo\/image\/"},"sameAs":["https:\/\/www.facebook.com\/compuviper","https:\/\/www.youtube.com\/channel\/UCf73dERp9Y3cfOq7q8BhLjA?view_as=subscriber"]}]},"product_brand":"LG","product_price_amount":"11547","product_price_currency":"MXN","og_availability":"instock","product_availability":"instock","product_retailer_item_id":"49UH5Q","product_condition":"new"},"_links":{"self":[{"href":"https:\/\/compuviper.mx\/tienda\/wp-json\/wp\/v2\/product\/262758"}],"collection":[{"href":"https:\/\/compuviper.mx\/tienda\/wp-json\/wp\/v2\/product"}],"about":[{"href":"https:\/\/compuviper.mx\/tienda\/wp-json\/wp\/v2\/types\/product"}],"replies":[{"embeddable":true,"href":"https:\/\/compuviper.mx\/tienda\/wp-json\/wp\/v2\/comments?post=262758"}],"wp:attachment":[{"href":"https:\/\/compuviper.mx\/tienda\/wp-json\/wp\/v2\/media?parent=262758"}],"wp:term":[{"taxonomy":"product_cat","embeddable":true,"href":"https:\/\/compuviper.mx\/tienda\/wp-json\/wp\/v2\/product_cat?post=262758"},{"taxonomy":"product_tag","embeddable":true,"href":"https:\/\/compuviper.mx\/tienda\/wp-json\/wp\/v2\/product_tag?post=262758"}],"curies":[{"name":"wp","href":"https:\/\/api.w.org\/{rel}","templated":true}]}}