{"id":262756,"date":"2026-04-18T00:46:46","date_gmt":"2026-04-18T06:46:46","guid":{"rendered":"https:\/\/compuviper.mx\/tienda\/producto\/dell-580-afqq-teclado-alambrico-kb522-qwerty-104-teclas-2-puertos-usb-kb522-bk-ltn\/"},"modified":"2026-04-18T00:46:46","modified_gmt":"2026-04-18T06:46:46","slug":"dell-580-afqq-teclado-alambrico-kb522-qwerty-104-teclas-2-puertos-usb-kb522-bk-ltn","status":"publish","type":"product","link":"https:\/\/compuviper.mx\/tienda\/producto\/dell-580-afqq-teclado-alambrico-kb522-qwerty-104-teclas-2-puertos-usb-kb522-bk-ltn\/","title":{"rendered":"Dell 580-afqq Teclado Alambrico  Kb522 | Qwerty  | 104 Teclas | 2 Puertos Usb | Kb522-bk-ltn"},"content":{"rendered":"<table class=\"descripcion\">\n<tr>\n<td>N\u00b0 de teclas<\/td>\n<\/tr>\n<tr>\n<td>104<\/td>\n<\/tr>\n<tr>\n<td>Cantidad de teclas de acceso directo<\/td>\n<\/tr>\n<tr>\n<td>14<\/td>\n<\/tr>\n<tr>\n<td>Funci\u00f3n de las teclas de acceso directo<\/td>\n<\/tr>\n<tr>\n<td>Sleep, mi pc, calculadora, zoom, correo electr\u00f3nico, volumen, sin sonido, navegador, reproducir\/parar, atr\u00e1s, adelante, reproductor de medios<\/td>\n<\/tr>\n<tr>\n<td>Dise\u00f1o<\/td>\n<\/tr>\n<tr>\n<td>Qwerty espa\u00f1ol<\/td>\n<\/tr>\n<tr>\n<td>Caracter\u00edsticas<\/td>\n<\/tr>\n<tr>\n<td>Soporte para las palmas, concentrador usb de 2 puertos, resistente a salpicaduras<\/td>\n<\/tr>\n<tr>\n<td>Interfaces<\/td>\n<\/tr>\n<tr>\n<td>2 x usb<\/td>\n<\/tr>\n<tr>\n<td>Color<\/td>\n<\/tr>\n<tr>\n<td>Negro<\/td>\n<\/tr>\n<tr>\n<td>Cables incluidos<\/td>\n<\/tr>\n<tr>\n<td>1 x cable usb<\/td>\n<\/tr>\n<\/table>\n","protected":false},"excerpt":{"rendered":"<p>El teclado multimedia con cable para empresas dell\u0099 kb522 presenta un dise\u00f1o resistente reci\u00e9n renovado con teclas de perfil medio para ofrecerle una gran experiencia de escritura. Upc: 884116208136<\/p>\n","protected":false},"featured_media":0,"comment_status":"open","ping_status":"open","template":"","meta":[],"product_cat":[1713,1716],"product_tag":[1537],"acf":[],"yoast_head":"<!-- This site is optimized with the Yoast SEO plugin v21.7 - https:\/\/yoast.com\/wordpress\/plugins\/seo\/ -->\n<title>[ Dell ] &#129351; 580-afqq Teclado Alambrico Kb522 | Qwerty | 104 Teclas | 2 Puertos Usb | Kb522-bk-ltn<\/title>\n<meta name=\"description\" content=\"Compra 580-afqq Teclado Alambrico Kb522 | Qwerty | 104 Teclas | 2 Puertos Usb | Kb522-bk-ltn + Env\u00edo a domicilio + Pago seguro + Garant\u00eda\" \/>\n<meta name=\"robots\" content=\"index, follow, max-snippet:-1, max-image-preview:large, max-video-preview:-1\" \/>\n<link rel=\"canonical\" href=\"https:\/\/compuviper.mx\/tienda\/producto\/dell-580-afqq-teclado-alambrico-kb522-qwerty-104-teclas-2-puertos-usb-kb522-bk-ltn\/\" \/>\n<meta property=\"og:locale\" content=\"es_MX\" \/>\n<meta property=\"og:type\" content=\"article\" \/>\n<meta property=\"og:title\" content=\"[ Dell ] &#129351; 580-afqq Teclado Alambrico Kb522 | Qwerty | 104 Teclas | 2 Puertos Usb | Kb522-bk-ltn\" \/>\n<meta property=\"og:description\" content=\"Compra 580-afqq Teclado Alambrico Kb522 | Qwerty | 104 Teclas | 2 Puertos Usb | Kb522-bk-ltn + Env\u00edo a domicilio + Pago seguro + Garant\u00eda\" \/>\n<meta property=\"og:url\" content=\"https:\/\/compuviper.mx\/tienda\/producto\/dell-580-afqq-teclado-alambrico-kb522-qwerty-104-teclas-2-puertos-usb-kb522-bk-ltn\/\" \/>\n<meta property=\"og:site_name\" content=\"Compuviper\" \/>\n<meta property=\"article:publisher\" content=\"https:\/\/www.facebook.com\/compuviper\" \/>\n<meta name=\"twitter:card\" content=\"summary_large_image\" \/>\n<meta name=\"twitter:label1\" content=\"Precio\" \/>\n\t<meta name=\"twitter:data1\" content=\"&#36;345 &#36;212 con IVA\" \/>\n\t<meta name=\"twitter:label2\" content=\"Availability\" \/>\n\t<meta name=\"twitter:data2\" content=\"In stock\" \/>\n<script type=\"application\/ld+json\" class=\"yoast-schema-graph\">{\"@context\":\"https:\/\/schema.org\",\"@graph\":[{\"@type\":\"WebPage\",\"@id\":\"https:\/\/compuviper.mx\/tienda\/producto\/dell-580-afqq-teclado-alambrico-kb522-qwerty-104-teclas-2-puertos-usb-kb522-bk-ltn\/\",\"url\":\"https:\/\/compuviper.mx\/tienda\/producto\/dell-580-afqq-teclado-alambrico-kb522-qwerty-104-teclas-2-puertos-usb-kb522-bk-ltn\/\",\"name\":\"[ Dell ] &#129351; 580-afqq Teclado Alambrico Kb522 | Qwerty | 104 Teclas | 2 Puertos Usb | Kb522-bk-ltn\",\"isPartOf\":{\"@id\":\"https:\/\/compuviper.mx\/tienda\/#website\"},\"datePublished\":\"2026-04-18T06:46:46+00:00\",\"dateModified\":\"2026-04-18T06:46:46+00:00\",\"description\":\"Compra 580-afqq Teclado Alambrico Kb522 | Qwerty | 104 Teclas | 2 Puertos Usb | Kb522-bk-ltn + Env\u00edo a domicilio + Pago seguro + Garant\u00eda\",\"breadcrumb\":{\"@id\":\"https:\/\/compuviper.mx\/tienda\/producto\/dell-580-afqq-teclado-alambrico-kb522-qwerty-104-teclas-2-puertos-usb-kb522-bk-ltn\/#breadcrumb\"},\"inLanguage\":\"es-MX\",\"potentialAction\":[{\"@type\":\"ReadAction\",\"target\":[\"https:\/\/compuviper.mx\/tienda\/producto\/dell-580-afqq-teclado-alambrico-kb522-qwerty-104-teclas-2-puertos-usb-kb522-bk-ltn\/\"]}]},{\"@type\":\"BreadcrumbList\",\"@id\":\"https:\/\/compuviper.mx\/tienda\/producto\/dell-580-afqq-teclado-alambrico-kb522-qwerty-104-teclas-2-puertos-usb-kb522-bk-ltn\/#breadcrumb\",\"itemListElement\":[{\"@type\":\"ListItem\",\"position\":1,\"name\":\"Inicio\",\"item\":\"https:\/\/compuviper.mx\/tienda\/\"},{\"@type\":\"ListItem\",\"position\":2,\"name\":\"Productos\",\"item\":\"https:\/\/compuviper.mx\/tienda\/productos\/\"},{\"@type\":\"ListItem\",\"position\":3,\"name\":\"Teclados\",\"item\":\"https:\/\/compuviper.mx\/tienda\/categoria-producto\/teclados\/\"},{\"@type\":\"ListItem\",\"position\":4,\"name\":\"Multimedia\",\"item\":\"https:\/\/compuviper.mx\/tienda\/categoria-producto\/teclados\/multimedia\/\"},{\"@type\":\"ListItem\",\"position\":5,\"name\":\"Dell 580-afqq Teclado Alambrico Kb522 | Qwerty | 104 Teclas | 2 Puertos Usb | Kb522-bk-ltn\"}]},{\"@type\":\"WebSite\",\"@id\":\"https:\/\/compuviper.mx\/tienda\/#website\",\"url\":\"https:\/\/compuviper.mx\/tienda\/\",\"name\":\"Compuviper\",\"description\":\"Proveedor de Computadoras, Laptops, Servidores, Monitores, Puntos de Venta, Teclados,   Impresoras, T\u00f3ner, C\u00e1maras de Seguridad y m\u00e1s en tu tienda en l\u00ednea\",\"publisher\":{\"@id\":\"https:\/\/compuviper.mx\/tienda\/#organization\"},\"potentialAction\":[{\"@type\":\"SearchAction\",\"target\":{\"@type\":\"EntryPoint\",\"urlTemplate\":\"https:\/\/compuviper.mx\/tienda\/?s={search_term_string}\"},\"query-input\":\"required name=search_term_string\"}],\"inLanguage\":\"es-MX\"},{\"@type\":\"Organization\",\"@id\":\"https:\/\/compuviper.mx\/tienda\/#organization\",\"name\":\"Compuviper\",\"url\":\"https:\/\/compuviper.mx\/tienda\/\",\"logo\":{\"@type\":\"ImageObject\",\"inLanguage\":\"es-MX\",\"@id\":\"https:\/\/compuviper.mx\/tienda\/#\/schema\/logo\/image\/\",\"url\":\"https:\/\/compuviper.mx\/tienda\/wp-content\/uploads\/2021\/08\/Logo-Compuviper-10.png\",\"contentUrl\":\"https:\/\/compuviper.mx\/tienda\/wp-content\/uploads\/2021\/08\/Logo-Compuviper-10.png\",\"width\":1000,\"height\":500,\"caption\":\"Compuviper\"},\"image\":{\"@id\":\"https:\/\/compuviper.mx\/tienda\/#\/schema\/logo\/image\/\"},\"sameAs\":[\"https:\/\/www.facebook.com\/compuviper\",\"https:\/\/www.youtube.com\/channel\/UCf73dERp9Y3cfOq7q8BhLjA?view_as=subscriber\"]}]}<\/script>\n<meta property=\"product:brand\" content=\"DELL\" \/>\n<meta property=\"product:price:amount\" content=\"212\" \/>\n<meta property=\"product:price:currency\" content=\"MXN\" \/>\n<meta property=\"og:availability\" content=\"instock\" \/>\n<meta property=\"product:availability\" content=\"instock\" \/>\n<meta property=\"product:retailer_item_id\" content=\"580-AFQQ\" \/>\n<meta property=\"product:condition\" content=\"new\" \/>\n<!-- \/ Yoast SEO plugin. -->","yoast_head_json":{"title":"[ Dell ] &#129351; 580-afqq Teclado Alambrico Kb522 | Qwerty | 104 Teclas | 2 Puertos Usb | Kb522-bk-ltn","description":"Compra 580-afqq Teclado Alambrico Kb522 | Qwerty | 104 Teclas | 2 Puertos Usb | Kb522-bk-ltn + Env\u00edo a domicilio + Pago seguro + Garant\u00eda","robots":{"index":"index","follow":"follow","max-snippet":"max-snippet:-1","max-image-preview":"max-image-preview:large","max-video-preview":"max-video-preview:-1"},"canonical":"https:\/\/compuviper.mx\/tienda\/producto\/dell-580-afqq-teclado-alambrico-kb522-qwerty-104-teclas-2-puertos-usb-kb522-bk-ltn\/","og_locale":"es_MX","og_type":"article","og_title":"[ Dell ] &#129351; 580-afqq Teclado Alambrico Kb522 | Qwerty | 104 Teclas | 2 Puertos Usb | Kb522-bk-ltn","og_description":"Compra 580-afqq Teclado Alambrico Kb522 | Qwerty | 104 Teclas | 2 Puertos Usb | Kb522-bk-ltn + Env\u00edo a domicilio + Pago seguro + Garant\u00eda","og_url":"https:\/\/compuviper.mx\/tienda\/producto\/dell-580-afqq-teclado-alambrico-kb522-qwerty-104-teclas-2-puertos-usb-kb522-bk-ltn\/","og_site_name":"Compuviper","article_publisher":"https:\/\/www.facebook.com\/compuviper","twitter_card":"summary_large_image","twitter_misc":{"Precio":"&#36;345 &#36;212 con IVA","Availability":"In stock"},"schema":{"@context":"https:\/\/schema.org","@graph":[{"@type":"WebPage","@id":"https:\/\/compuviper.mx\/tienda\/producto\/dell-580-afqq-teclado-alambrico-kb522-qwerty-104-teclas-2-puertos-usb-kb522-bk-ltn\/","url":"https:\/\/compuviper.mx\/tienda\/producto\/dell-580-afqq-teclado-alambrico-kb522-qwerty-104-teclas-2-puertos-usb-kb522-bk-ltn\/","name":"[ Dell ] &#129351; 580-afqq Teclado Alambrico Kb522 | Qwerty | 104 Teclas | 2 Puertos Usb | Kb522-bk-ltn","isPartOf":{"@id":"https:\/\/compuviper.mx\/tienda\/#website"},"datePublished":"2026-04-18T06:46:46+00:00","dateModified":"2026-04-18T06:46:46+00:00","description":"Compra 580-afqq Teclado Alambrico Kb522 | Qwerty | 104 Teclas | 2 Puertos Usb | Kb522-bk-ltn + Env\u00edo a domicilio + Pago seguro + Garant\u00eda","breadcrumb":{"@id":"https:\/\/compuviper.mx\/tienda\/producto\/dell-580-afqq-teclado-alambrico-kb522-qwerty-104-teclas-2-puertos-usb-kb522-bk-ltn\/#breadcrumb"},"inLanguage":"es-MX","potentialAction":[{"@type":"ReadAction","target":["https:\/\/compuviper.mx\/tienda\/producto\/dell-580-afqq-teclado-alambrico-kb522-qwerty-104-teclas-2-puertos-usb-kb522-bk-ltn\/"]}]},{"@type":"BreadcrumbList","@id":"https:\/\/compuviper.mx\/tienda\/producto\/dell-580-afqq-teclado-alambrico-kb522-qwerty-104-teclas-2-puertos-usb-kb522-bk-ltn\/#breadcrumb","itemListElement":[{"@type":"ListItem","position":1,"name":"Inicio","item":"https:\/\/compuviper.mx\/tienda\/"},{"@type":"ListItem","position":2,"name":"Productos","item":"https:\/\/compuviper.mx\/tienda\/productos\/"},{"@type":"ListItem","position":3,"name":"Teclados","item":"https:\/\/compuviper.mx\/tienda\/categoria-producto\/teclados\/"},{"@type":"ListItem","position":4,"name":"Multimedia","item":"https:\/\/compuviper.mx\/tienda\/categoria-producto\/teclados\/multimedia\/"},{"@type":"ListItem","position":5,"name":"Dell 580-afqq Teclado Alambrico Kb522 | Qwerty | 104 Teclas | 2 Puertos Usb | Kb522-bk-ltn"}]},{"@type":"WebSite","@id":"https:\/\/compuviper.mx\/tienda\/#website","url":"https:\/\/compuviper.mx\/tienda\/","name":"Compuviper","description":"Proveedor de Computadoras, Laptops, Servidores, Monitores, Puntos de Venta, Teclados,   Impresoras, T\u00f3ner, C\u00e1maras de Seguridad y m\u00e1s en tu tienda en l\u00ednea","publisher":{"@id":"https:\/\/compuviper.mx\/tienda\/#organization"},"potentialAction":[{"@type":"SearchAction","target":{"@type":"EntryPoint","urlTemplate":"https:\/\/compuviper.mx\/tienda\/?s={search_term_string}"},"query-input":"required name=search_term_string"}],"inLanguage":"es-MX"},{"@type":"Organization","@id":"https:\/\/compuviper.mx\/tienda\/#organization","name":"Compuviper","url":"https:\/\/compuviper.mx\/tienda\/","logo":{"@type":"ImageObject","inLanguage":"es-MX","@id":"https:\/\/compuviper.mx\/tienda\/#\/schema\/logo\/image\/","url":"https:\/\/compuviper.mx\/tienda\/wp-content\/uploads\/2021\/08\/Logo-Compuviper-10.png","contentUrl":"https:\/\/compuviper.mx\/tienda\/wp-content\/uploads\/2021\/08\/Logo-Compuviper-10.png","width":1000,"height":500,"caption":"Compuviper"},"image":{"@id":"https:\/\/compuviper.mx\/tienda\/#\/schema\/logo\/image\/"},"sameAs":["https:\/\/www.facebook.com\/compuviper","https:\/\/www.youtube.com\/channel\/UCf73dERp9Y3cfOq7q8BhLjA?view_as=subscriber"]}]},"product_brand":"DELL","product_price_amount":"212","product_price_currency":"MXN","og_availability":"instock","product_availability":"instock","product_retailer_item_id":"580-AFQQ","product_condition":"new"},"_links":{"self":[{"href":"https:\/\/compuviper.mx\/tienda\/wp-json\/wp\/v2\/product\/262756"}],"collection":[{"href":"https:\/\/compuviper.mx\/tienda\/wp-json\/wp\/v2\/product"}],"about":[{"href":"https:\/\/compuviper.mx\/tienda\/wp-json\/wp\/v2\/types\/product"}],"replies":[{"embeddable":true,"href":"https:\/\/compuviper.mx\/tienda\/wp-json\/wp\/v2\/comments?post=262756"}],"wp:attachment":[{"href":"https:\/\/compuviper.mx\/tienda\/wp-json\/wp\/v2\/media?parent=262756"}],"wp:term":[{"taxonomy":"product_cat","embeddable":true,"href":"https:\/\/compuviper.mx\/tienda\/wp-json\/wp\/v2\/product_cat?post=262756"},{"taxonomy":"product_tag","embeddable":true,"href":"https:\/\/compuviper.mx\/tienda\/wp-json\/wp\/v2\/product_tag?post=262756"}],"curies":[{"name":"wp","href":"https:\/\/api.w.org\/{rel}","templated":true}]}}