{"id":262693,"date":"2026-04-02T02:11:48","date_gmt":"2026-04-02T08:11:48","guid":{"rendered":"https:\/\/compuviper.mx\/tienda\/producto\/microsoft-cfq7ttc0lf8r0001p1y-csp-office-365-e3-annual\/"},"modified":"2026-04-02T02:11:48","modified_gmt":"2026-04-02T08:11:48","slug":"microsoft-cfq7ttc0lf8r0001p1y-csp-office-365-e3-annual","status":"publish","type":"product","link":"https:\/\/compuviper.mx\/tienda\/producto\/microsoft-cfq7ttc0lf8r0001p1y-csp-office-365-e3-annual\/","title":{"rendered":"Microsoft Cfq7ttc0lf8r:0001:p1y  Csp Office 365 E3 &#8211; Annual"},"content":{"rendered":"<table class=\"descripcion\">\n<tr>\n<td>Para windows<\/td>\n<\/tr>\n<tr>\n<td>Procesador: 1.6 ghz o m\u00e1s r\u00e1pido, 2 n\u00facleos (2 ghz recomendado para skype\/teams).<\/td>\n<\/tr>\n<tr>\n<td>Sistema operativo:<\/td>\n<\/tr>\n<tr>\n<td>Windows 11<\/td>\n<\/tr>\n<tr>\n<td>Windows server 2025 o 2022<\/td>\n<\/tr>\n<tr>\n<td>Memoria: 4 gb ram (2 gb para 32 bits).<\/td>\n<\/tr>\n<tr>\n<td>Disco duro: 4 gb de espacio disponible.<\/td>\n<\/tr>\n<tr>\n<td>Pantalla: resoluci\u00f3n m\u00ednima 1280 x 768.<\/td>\n<\/tr>\n<tr>\n<td>Gr\u00e1ficos: directx 9 o superior con aceleraci\u00f3n de hardware.<\/td>\n<\/tr>\n<tr>\n<td>Navegador: \u00faltima versi\u00f3n de microsoft edge, chrome, firefox o safari.<\/td>\n<\/tr>\n<tr>\n<td>.net: algunas funciones requieren .net 3.5 o 4.6+ (teams requiere 4.6+).<\/td>\n<\/tr>\n<tr>\n<td>Conexi\u00f3n: internet obligatoria para instalaci\u00f3n y actualizaciones.<\/td>\n<\/tr>\n<tr>\n<td>Para macos<\/td>\n<\/tr>\n<tr>\n<td>Procesador: intel.<\/td>\n<\/tr>\n<tr>\n<td>Sistema operativo: una de las 3 versiones m\u00e1s recientes de macos.<\/td>\n<\/tr>\n<tr>\n<td>Memoria: 4 gb ram.<\/td>\n<\/tr>\n<tr>\n<td>Disco duro: 10 gb disponibles (formato hfs+ o apfs).<\/td>\n<\/tr>\n<tr>\n<td>Pantalla: resoluci\u00f3n m\u00ednima 1280 x 800.<\/td>\n<\/tr>\n<tr>\n<td>Navegador: \u00faltima versi\u00f3n de safari, chrome, firefox.<\/td>\n<\/tr>\n<tr>\n<td>Para m\u00f3viles<\/td>\n<\/tr>\n<tr>\n<td>Android: \u00faltimas 4 versiones principales.<\/td>\n<\/tr>\n<tr>\n<td>Ios: \u00faltimas 2 versiones principales.<\/td>\n<\/tr>\n<tr>\n<td>Otros requisitos<\/td>\n<\/tr>\n<tr>\n<td>Internet: necesario para funciones en l\u00ednea y actualizaciones.<\/td>\n<\/tr>\n<tr>\n<td>Actualizaciones: se requiere espacio adicional con el tiempo.<\/td>\n<\/tr>\n<tr>\n<td>Aplicaciones web: misma resoluci\u00f3n m\u00ednima que el sistema operativo.<\/td>\n<\/tr>\n<\/table>\n","protected":false},"excerpt":{"rendered":"<p>Obt\u00e9n las aplicaciones para dispositivos m\u00f3viles y de escritorio de microsoft 365 m\u00e1s recientes, as\u00ed como servicios de colaboraci\u00f3n para la empresa, con caracter\u00edsticas de cumplimiento normativo avanzadas y un control completo de la ti. And #8239. Incluye aplicaciones instalables y web. Word, excel, powerpoint, outlook, onenote, access (solo pc), microsoft teams. Servicios en la nube. Exchange online (correo empresarial. Sharepoint (gesti\u00f3n de contenido. Onedrive (almacenamiento en la nube. Planner, forms, stream, power apps, power automate, viva engage, clipchamp<\/p>\n","protected":false},"featured_media":262694,"comment_status":"open","ping_status":"open","template":"","meta":[],"product_cat":[1827,2108],"product_tag":[1831],"acf":[],"yoast_head":"<!-- This site is optimized with the Yoast SEO plugin v21.7 - https:\/\/yoast.com\/wordpress\/plugins\/seo\/ -->\n<title>[ Microsoft ] &#129351; Cfq7ttc0lf8r:0001:p1y Csp Office 365 E3 - Annual<\/title>\n<meta name=\"description\" content=\"Compra Cfq7ttc0lf8r:0001:p1y Csp Office 365 E3 - Annual + Env\u00edo a domicilio + Pago seguro + Garant\u00eda\" \/>\n<meta name=\"robots\" content=\"index, follow, max-snippet:-1, max-image-preview:large, max-video-preview:-1\" \/>\n<link rel=\"canonical\" href=\"https:\/\/compuviper.mx\/tienda\/producto\/microsoft-cfq7ttc0lf8r0001p1y-csp-office-365-e3-annual\/\" \/>\n<meta property=\"og:locale\" content=\"es_MX\" \/>\n<meta property=\"og:type\" content=\"article\" \/>\n<meta property=\"og:title\" content=\"[ Microsoft ] &#129351; Cfq7ttc0lf8r:0001:p1y Csp Office 365 E3 - Annual\" \/>\n<meta property=\"og:description\" content=\"Compra Cfq7ttc0lf8r:0001:p1y Csp Office 365 E3 - Annual + Env\u00edo a domicilio + Pago seguro + Garant\u00eda\" \/>\n<meta property=\"og:url\" content=\"https:\/\/compuviper.mx\/tienda\/producto\/microsoft-cfq7ttc0lf8r0001p1y-csp-office-365-e3-annual\/\" \/>\n<meta property=\"og:site_name\" content=\"Compuviper\" \/>\n<meta property=\"article:publisher\" content=\"https:\/\/www.facebook.com\/compuviper\" \/>\n<meta property=\"og:image\" content=\"https:\/\/compuviper.mx\/tienda\/wp-content\/uploads\/2025\/11\/Microsoft-csp-office-365-e3-annual.jpg\" \/>\n\t<meta property=\"og:image:width\" content=\"200\" \/>\n\t<meta property=\"og:image:height\" content=\"200\" \/>\n\t<meta property=\"og:image:type\" content=\"image\/jpeg\" \/>\n<meta name=\"twitter:card\" content=\"summary_large_image\" \/>\n<meta name=\"twitter:label1\" content=\"Precio\" \/>\n\t<meta name=\"twitter:data1\" content=\"&#36;4,762 con IVA\" \/>\n\t<meta name=\"twitter:label2\" content=\"Availability\" \/>\n\t<meta name=\"twitter:data2\" content=\"On backorder\" \/>\n<script type=\"application\/ld+json\" class=\"yoast-schema-graph\">{\"@context\":\"https:\/\/schema.org\",\"@graph\":[{\"@type\":\"WebPage\",\"@id\":\"https:\/\/compuviper.mx\/tienda\/producto\/microsoft-cfq7ttc0lf8r0001p1y-csp-office-365-e3-annual\/\",\"url\":\"https:\/\/compuviper.mx\/tienda\/producto\/microsoft-cfq7ttc0lf8r0001p1y-csp-office-365-e3-annual\/\",\"name\":\"[ Microsoft ] &#129351; Cfq7ttc0lf8r:0001:p1y Csp Office 365 E3 - Annual\",\"isPartOf\":{\"@id\":\"https:\/\/compuviper.mx\/tienda\/#website\"},\"datePublished\":\"2026-04-02T08:11:48+00:00\",\"dateModified\":\"2026-04-02T08:11:48+00:00\",\"description\":\"Compra Cfq7ttc0lf8r:0001:p1y Csp Office 365 E3 - Annual + Env\u00edo a domicilio + Pago seguro + Garant\u00eda\",\"breadcrumb\":{\"@id\":\"https:\/\/compuviper.mx\/tienda\/producto\/microsoft-cfq7ttc0lf8r0001p1y-csp-office-365-e3-annual\/#breadcrumb\"},\"inLanguage\":\"es-MX\",\"potentialAction\":[{\"@type\":\"ReadAction\",\"target\":[\"https:\/\/compuviper.mx\/tienda\/producto\/microsoft-cfq7ttc0lf8r0001p1y-csp-office-365-e3-annual\/\"]}]},{\"@type\":\"BreadcrumbList\",\"@id\":\"https:\/\/compuviper.mx\/tienda\/producto\/microsoft-cfq7ttc0lf8r0001p1y-csp-office-365-e3-annual\/#breadcrumb\",\"itemListElement\":[{\"@type\":\"ListItem\",\"position\":1,\"name\":\"Inicio\",\"item\":\"https:\/\/compuviper.mx\/tienda\/\"},{\"@type\":\"ListItem\",\"position\":2,\"name\":\"Productos\",\"item\":\"https:\/\/compuviper.mx\/tienda\/productos\/\"},{\"@type\":\"ListItem\",\"position\":3,\"name\":\"Software\",\"item\":\"https:\/\/compuviper.mx\/tienda\/categoria-producto\/software\/\"},{\"@type\":\"ListItem\",\"position\":4,\"name\":\"Licenciamiento Microsoft Csp\",\"item\":\"https:\/\/compuviper.mx\/tienda\/categoria-producto\/software\/licenciamiento-microsoft-csp\/\"},{\"@type\":\"ListItem\",\"position\":5,\"name\":\"Microsoft Cfq7ttc0lf8r:0001:p1y Csp Office 365 E3 &#8211; Annual\"}]},{\"@type\":\"WebSite\",\"@id\":\"https:\/\/compuviper.mx\/tienda\/#website\",\"url\":\"https:\/\/compuviper.mx\/tienda\/\",\"name\":\"Compuviper\",\"description\":\"Proveedor de Computadoras, Laptops, Servidores, Monitores, Puntos de Venta, Teclados,   Impresoras, T\u00f3ner, C\u00e1maras de Seguridad y m\u00e1s en tu tienda en l\u00ednea\",\"publisher\":{\"@id\":\"https:\/\/compuviper.mx\/tienda\/#organization\"},\"potentialAction\":[{\"@type\":\"SearchAction\",\"target\":{\"@type\":\"EntryPoint\",\"urlTemplate\":\"https:\/\/compuviper.mx\/tienda\/?s={search_term_string}\"},\"query-input\":\"required name=search_term_string\"}],\"inLanguage\":\"es-MX\"},{\"@type\":\"Organization\",\"@id\":\"https:\/\/compuviper.mx\/tienda\/#organization\",\"name\":\"Compuviper\",\"url\":\"https:\/\/compuviper.mx\/tienda\/\",\"logo\":{\"@type\":\"ImageObject\",\"inLanguage\":\"es-MX\",\"@id\":\"https:\/\/compuviper.mx\/tienda\/#\/schema\/logo\/image\/\",\"url\":\"https:\/\/compuviper.mx\/tienda\/wp-content\/uploads\/2021\/08\/Logo-Compuviper-10.png\",\"contentUrl\":\"https:\/\/compuviper.mx\/tienda\/wp-content\/uploads\/2021\/08\/Logo-Compuviper-10.png\",\"width\":1000,\"height\":500,\"caption\":\"Compuviper\"},\"image\":{\"@id\":\"https:\/\/compuviper.mx\/tienda\/#\/schema\/logo\/image\/\"},\"sameAs\":[\"https:\/\/www.facebook.com\/compuviper\",\"https:\/\/www.youtube.com\/channel\/UCf73dERp9Y3cfOq7q8BhLjA?view_as=subscriber\"]}]}<\/script>\n<meta property=\"product:brand\" content=\"MICROSOFT\" \/>\n<meta property=\"product:price:amount\" content=\"4762\" \/>\n<meta property=\"product:price:currency\" content=\"MXN\" \/>\n<meta property=\"og:availability\" content=\"backorder\" \/>\n<meta property=\"product:availability\" content=\"available for order\" \/>\n<meta property=\"product:retailer_item_id\" content=\"CFQ7TTC0LF8R:0001:P1Y\" \/>\n<meta property=\"product:condition\" content=\"new\" \/>\n<!-- \/ Yoast SEO plugin. -->","yoast_head_json":{"title":"[ Microsoft ] &#129351; Cfq7ttc0lf8r:0001:p1y Csp Office 365 E3 - Annual","description":"Compra Cfq7ttc0lf8r:0001:p1y Csp Office 365 E3 - Annual + Env\u00edo a domicilio + Pago seguro + Garant\u00eda","robots":{"index":"index","follow":"follow","max-snippet":"max-snippet:-1","max-image-preview":"max-image-preview:large","max-video-preview":"max-video-preview:-1"},"canonical":"https:\/\/compuviper.mx\/tienda\/producto\/microsoft-cfq7ttc0lf8r0001p1y-csp-office-365-e3-annual\/","og_locale":"es_MX","og_type":"article","og_title":"[ Microsoft ] &#129351; Cfq7ttc0lf8r:0001:p1y Csp Office 365 E3 - Annual","og_description":"Compra Cfq7ttc0lf8r:0001:p1y Csp Office 365 E3 - Annual + Env\u00edo a domicilio + Pago seguro + Garant\u00eda","og_url":"https:\/\/compuviper.mx\/tienda\/producto\/microsoft-cfq7ttc0lf8r0001p1y-csp-office-365-e3-annual\/","og_site_name":"Compuviper","article_publisher":"https:\/\/www.facebook.com\/compuviper","og_image":[{"width":200,"height":200,"url":"https:\/\/compuviper.mx\/tienda\/wp-content\/uploads\/2025\/11\/Microsoft-csp-office-365-e3-annual.jpg","type":"image\/jpeg"}],"twitter_card":"summary_large_image","twitter_misc":{"Precio":"&#36;4,762 con IVA","Availability":"On backorder"},"schema":{"@context":"https:\/\/schema.org","@graph":[{"@type":"WebPage","@id":"https:\/\/compuviper.mx\/tienda\/producto\/microsoft-cfq7ttc0lf8r0001p1y-csp-office-365-e3-annual\/","url":"https:\/\/compuviper.mx\/tienda\/producto\/microsoft-cfq7ttc0lf8r0001p1y-csp-office-365-e3-annual\/","name":"[ Microsoft ] &#129351; Cfq7ttc0lf8r:0001:p1y Csp Office 365 E3 - Annual","isPartOf":{"@id":"https:\/\/compuviper.mx\/tienda\/#website"},"datePublished":"2026-04-02T08:11:48+00:00","dateModified":"2026-04-02T08:11:48+00:00","description":"Compra Cfq7ttc0lf8r:0001:p1y Csp Office 365 E3 - Annual + Env\u00edo a domicilio + Pago seguro + Garant\u00eda","breadcrumb":{"@id":"https:\/\/compuviper.mx\/tienda\/producto\/microsoft-cfq7ttc0lf8r0001p1y-csp-office-365-e3-annual\/#breadcrumb"},"inLanguage":"es-MX","potentialAction":[{"@type":"ReadAction","target":["https:\/\/compuviper.mx\/tienda\/producto\/microsoft-cfq7ttc0lf8r0001p1y-csp-office-365-e3-annual\/"]}]},{"@type":"BreadcrumbList","@id":"https:\/\/compuviper.mx\/tienda\/producto\/microsoft-cfq7ttc0lf8r0001p1y-csp-office-365-e3-annual\/#breadcrumb","itemListElement":[{"@type":"ListItem","position":1,"name":"Inicio","item":"https:\/\/compuviper.mx\/tienda\/"},{"@type":"ListItem","position":2,"name":"Productos","item":"https:\/\/compuviper.mx\/tienda\/productos\/"},{"@type":"ListItem","position":3,"name":"Software","item":"https:\/\/compuviper.mx\/tienda\/categoria-producto\/software\/"},{"@type":"ListItem","position":4,"name":"Licenciamiento Microsoft Csp","item":"https:\/\/compuviper.mx\/tienda\/categoria-producto\/software\/licenciamiento-microsoft-csp\/"},{"@type":"ListItem","position":5,"name":"Microsoft Cfq7ttc0lf8r:0001:p1y Csp Office 365 E3 &#8211; Annual"}]},{"@type":"WebSite","@id":"https:\/\/compuviper.mx\/tienda\/#website","url":"https:\/\/compuviper.mx\/tienda\/","name":"Compuviper","description":"Proveedor de Computadoras, Laptops, Servidores, Monitores, Puntos de Venta, Teclados,   Impresoras, T\u00f3ner, C\u00e1maras de Seguridad y m\u00e1s en tu tienda en l\u00ednea","publisher":{"@id":"https:\/\/compuviper.mx\/tienda\/#organization"},"potentialAction":[{"@type":"SearchAction","target":{"@type":"EntryPoint","urlTemplate":"https:\/\/compuviper.mx\/tienda\/?s={search_term_string}"},"query-input":"required name=search_term_string"}],"inLanguage":"es-MX"},{"@type":"Organization","@id":"https:\/\/compuviper.mx\/tienda\/#organization","name":"Compuviper","url":"https:\/\/compuviper.mx\/tienda\/","logo":{"@type":"ImageObject","inLanguage":"es-MX","@id":"https:\/\/compuviper.mx\/tienda\/#\/schema\/logo\/image\/","url":"https:\/\/compuviper.mx\/tienda\/wp-content\/uploads\/2021\/08\/Logo-Compuviper-10.png","contentUrl":"https:\/\/compuviper.mx\/tienda\/wp-content\/uploads\/2021\/08\/Logo-Compuviper-10.png","width":1000,"height":500,"caption":"Compuviper"},"image":{"@id":"https:\/\/compuviper.mx\/tienda\/#\/schema\/logo\/image\/"},"sameAs":["https:\/\/www.facebook.com\/compuviper","https:\/\/www.youtube.com\/channel\/UCf73dERp9Y3cfOq7q8BhLjA?view_as=subscriber"]}]},"product_brand":"MICROSOFT","product_price_amount":"4762","product_price_currency":"MXN","og_availability":"backorder","product_availability":"available for order","product_retailer_item_id":"CFQ7TTC0LF8R:0001:P1Y","product_condition":"new"},"_links":{"self":[{"href":"https:\/\/compuviper.mx\/tienda\/wp-json\/wp\/v2\/product\/262693"}],"collection":[{"href":"https:\/\/compuviper.mx\/tienda\/wp-json\/wp\/v2\/product"}],"about":[{"href":"https:\/\/compuviper.mx\/tienda\/wp-json\/wp\/v2\/types\/product"}],"replies":[{"embeddable":true,"href":"https:\/\/compuviper.mx\/tienda\/wp-json\/wp\/v2\/comments?post=262693"}],"wp:featuredmedia":[{"embeddable":true,"href":"https:\/\/compuviper.mx\/tienda\/wp-json\/wp\/v2\/media\/262694"}],"wp:attachment":[{"href":"https:\/\/compuviper.mx\/tienda\/wp-json\/wp\/v2\/media?parent=262693"}],"wp:term":[{"taxonomy":"product_cat","embeddable":true,"href":"https:\/\/compuviper.mx\/tienda\/wp-json\/wp\/v2\/product_cat?post=262693"},{"taxonomy":"product_tag","embeddable":true,"href":"https:\/\/compuviper.mx\/tienda\/wp-json\/wp\/v2\/product_tag?post=262693"}],"curies":[{"name":"wp","href":"https:\/\/api.w.org\/{rel}","templated":true}]}}