{"id":262687,"date":"2026-04-28T01:57:02","date_gmt":"2026-04-28T07:57:02","guid":{"rendered":"https:\/\/compuviper.mx\/tienda\/producto\/ricoh-cg01000-292501-escaner-fi-8040-40-ppm-80-ipm-capacidad-del-adf-50-hojas-600-dpi-ciclo-recomendado-6000-paginas-24-bits-usb-ethernet-cis-x2\/"},"modified":"2026-04-28T01:57:03","modified_gmt":"2026-04-28T07:57:03","slug":"ricoh-pa03836-b001-escaner-fi-8040-40-ppm-80-ipm-capacidad-del-adf-50-hojas-600-dpi-ciclo-recomendado-6000-paginas-24-bits-usb-ethernet-cis-x2","status":"publish","type":"product","link":"https:\/\/compuviper.mx\/tienda\/producto\/ricoh-pa03836-b001-escaner-fi-8040-40-ppm-80-ipm-capacidad-del-adf-50-hojas-600-dpi-ciclo-recomendado-6000-paginas-24-bits-usb-ethernet-cis-x2\/","title":{"rendered":"Ricoh Pa03836-b001 Escaner  Fi-8040, 40 Ppm \/ 80 Ipm, Capacidad Del Adf 50 Hojas, 600 Dpi, Ciclo Recomendado 6,000 Paginas, 24 Bits, Usb, Ethernet, Cis X2"},"content":{"rendered":"<table class=\"descripcion\">\n<tr>\n<td>Ficha tecnica \u0096 escaner ricoh fi-8040<\/td>\n<\/tr>\n<tr>\n<td>Modelo: ricoh fi-8040<\/td>\n<\/tr>\n<tr>\n<td>Numero de parte: pa03836-b001<\/td>\n<\/tr>\n<tr>\n<td>Tipo de escaner: alimentador automatico de documentos (adf)<\/td>\n<\/tr>\n<tr>\n<td>Sensor de imagen: cis (contact image sensor)<\/td>\n<\/tr>\n<tr>\n<td>Resolucion optica: 600 x 600 dpi<\/td>\n<\/tr>\n<tr>\n<td>Velocidad de escaneo:<\/td>\n<\/tr>\n<tr>\n<td>&#8211; simplex: hasta 40 paginas por minuto (ppm)<\/td>\n<\/tr>\n<tr>\n<td>&#8211; duplex: hasta 80 imagenes por minuto (ipm)<\/td>\n<\/tr>\n<tr>\n<td>&#8211; resolucion de escaneo: 200\/300 ppp<\/td>\n<\/tr>\n<tr>\n<td>Capacidad del adf:<\/td>\n<\/tr>\n<tr>\n<td>&#8211; hasta 50 hojas (a4, 80 g\/m2)<\/td>\n<\/tr>\n<tr>\n<td>&#8211; tamano de papel: minimo 50.8 x 50.8 mm \/ maximo 216 x 355.6 mm<\/td>\n<\/tr>\n<tr>\n<td>Conectividad:<\/td>\n<\/tr>\n<tr>\n<td>&#8211; usb 3.2 gen 1<\/td>\n<\/tr>\n<tr>\n<td>&#8211; ethernet (10base-t \/ 100base-tx \/ 1000base-t)<\/td>\n<\/tr>\n<tr>\n<td>&#8211; escaneo directo sin pc con funcion directscan<\/td>\n<\/tr>\n<tr>\n<td>Pantalla:<\/td>\n<\/tr>\n<tr>\n<td>&#8211; tactil a color de 4.3 pulgadas<\/td>\n<\/tr>\n<tr>\n<td>&#8211; interfaz intuitiva para escaneo autonomo<\/td>\n<\/tr>\n<tr>\n<td>Formatos de salida:<\/td>\n<\/tr>\n<tr>\n<td>&#8211; pdf, jpeg, tiff, bmp, png<\/td>\n<\/tr>\n<tr>\n<td>&#8211; pdf con ocr (texto reconocible)<\/td>\n<\/tr>\n<tr>\n<td>Software incluido:<\/td>\n<\/tr>\n<tr>\n<td>&#8211; paperstream ip (controlador twain\/isis)<\/td>\n<\/tr>\n<tr>\n<td>&#8211; paperstream capture<\/td>\n<\/tr>\n<tr>\n<td>&#8211; paperstream clickscan<\/td>\n<\/tr>\n<tr>\n<td>&#8211; scanner central admin<\/td>\n<\/tr>\n<tr>\n<td>Compatibilidad:<\/td>\n<\/tr>\n<tr>\n<td>&#8211; windows 10\/11<\/td>\n<\/tr>\n<tr>\n<td>&#8211; twain, isis, wia<\/td>\n<\/tr>\n<tr>\n<td>&#8211; integracion con sistemas de gestion documental<\/td>\n<\/tr>\n<tr>\n<td>Funciones destacadas:<\/td>\n<\/tr>\n<tr>\n<td>&#8211; escaneo directo a correo electronico, carpetas de red o ftp<\/td>\n<\/tr>\n<tr>\n<td>&#8211; clasificacion automatica de documentos<\/td>\n<\/tr>\n<tr>\n<td>&#8211; correccion de inclinacion, eliminacion de fondo, deteccion de color<\/td>\n<\/tr>\n<tr>\n<td>Dimensiones:<\/td>\n<\/tr>\n<tr>\n<td>&#8211; 300 x 170 x 152 mm (ancho x profundidad x alto)<\/td>\n<\/tr>\n<tr>\n<td>Peso:<\/td>\n<\/tr>\n<tr>\n<td>&#8211; 3.1 kg<\/td>\n<\/tr>\n<tr>\n<td>Certificaciones:<\/td>\n<\/tr>\n<tr>\n<td>&#8211; taa compliant<\/td>\n<\/tr>\n<tr>\n<td>&#8211; epeat silver<\/td>\n<\/tr>\n<tr>\n<td>&#8211; energy star<\/td>\n<\/tr>\n<tr>\n<td>Aplicaciones recomendadas<\/td>\n<\/tr>\n<tr>\n<td>&#8211; instituciones gubernamentales<\/td>\n<\/tr>\n<tr>\n<td>&#8211; centros de documentacion<\/td>\n<\/tr>\n<tr>\n<td>&#8211; escaneo de expedientes, contratos, formularios<\/td>\n<\/tr>\n<tr>\n<td>&#8211; digitalizacion colaborativa sin necesidad de pc<\/td>\n<\/tr>\n<\/table>\n","protected":false},"excerpt":{"rendered":"<p>El ricoh fi-8040 se ha disenado para todas aquellas organizaciones que buscan un escaner que combine la mejor calidad de imagen del mercado, una conectividad versatil y una experiencia de usuario intuitiva. Este escaner cuenta con unas tasas de precision de ocr lider en el sector con varias opciones para conectarse a traves de la red o a un ordenador especifico con usb. Ademas, su pantalla tactil a color de 10,9 cm y su aplicacion directscan permiten escanear sin necesidad de un ordenador directamente a flujos de trabajo o direcciones de correo electronico, lo que supone un ahorro de tiempo y esfuerzo. Este escaner cuenta con nuestra tecnologia clear image capture unica en el mercado, con una calidad de imagen que supera otras tecnologias disponibles. El escaner fi-8040 incluye nuestro programa paperstream ip, con unas tasas de precision de ocr lider en el sector que garantiza una maxima calidad de los datos reconocidos, lo que garantiza que los documentos escaneados siempre esten optimizados para un acceso y un almacenamiento mas rapidos y economicos.<\/p>\n","protected":false},"featured_media":0,"comment_status":"open","ping_status":"open","template":"","meta":[],"product_cat":[1805,1807],"product_tag":[2306],"acf":[],"yoast_head":"<!-- This site is optimized with the Yoast SEO plugin v21.7 - https:\/\/yoast.com\/wordpress\/plugins\/seo\/ -->\n<title>[ Ricoh ] &#129351; Pa03836-b001 Escaner Fi-8040, 40 Ppm \/ 80 Ipm, Capacidad Del Adf 50 Hojas, 600 Dpi, Ciclo Recomendado 6,000 Paginas, 24 Bits, Usb, Ethernet, Cis X2<\/title>\n<meta name=\"description\" content=\"Compra Pa03836-b001 Escaner Fi-8040, 40 Ppm \/ 80 Ipm, Capacidad Del Adf 50 Hojas, 600 Dpi, Ciclo Recomendado 6,000 Paginas, 24 Bits, Usb, Ethernet, Cis X2 + Env\u00edo a domicilio + Pago seguro + Garant\u00eda\" \/>\n<meta name=\"robots\" content=\"index, follow, max-snippet:-1, max-image-preview:large, max-video-preview:-1\" \/>\n<link rel=\"canonical\" href=\"https:\/\/compuviper.mx\/tienda\/producto\/ricoh-pa03836-b001-escaner-fi-8040-40-ppm-80-ipm-capacidad-del-adf-50-hojas-600-dpi-ciclo-recomendado-6000-paginas-24-bits-usb-ethernet-cis-x2\/\" \/>\n<meta property=\"og:locale\" content=\"es_MX\" \/>\n<meta property=\"og:type\" content=\"article\" \/>\n<meta property=\"og:title\" content=\"[ Ricoh ] &#129351; Pa03836-b001 Escaner Fi-8040, 40 Ppm \/ 80 Ipm, Capacidad Del Adf 50 Hojas, 600 Dpi, Ciclo Recomendado 6,000 Paginas, 24 Bits, Usb, Ethernet, Cis X2\" \/>\n<meta property=\"og:description\" content=\"Compra Pa03836-b001 Escaner Fi-8040, 40 Ppm \/ 80 Ipm, Capacidad Del Adf 50 Hojas, 600 Dpi, Ciclo Recomendado 6,000 Paginas, 24 Bits, Usb, Ethernet, Cis X2 + Env\u00edo a domicilio + Pago seguro + Garant\u00eda\" \/>\n<meta property=\"og:url\" content=\"https:\/\/compuviper.mx\/tienda\/producto\/ricoh-pa03836-b001-escaner-fi-8040-40-ppm-80-ipm-capacidad-del-adf-50-hojas-600-dpi-ciclo-recomendado-6000-paginas-24-bits-usb-ethernet-cis-x2\/\" \/>\n<meta property=\"og:site_name\" content=\"Compuviper\" \/>\n<meta property=\"article:publisher\" content=\"https:\/\/www.facebook.com\/compuviper\" \/>\n<meta property=\"article:modified_time\" content=\"2026-04-28T07:57:03+00:00\" \/>\n<meta name=\"twitter:card\" content=\"summary_large_image\" \/>\n<meta name=\"twitter:label1\" content=\"Precio\" \/>\n\t<meta name=\"twitter:data1\" content=\"&#36;12,785 con IVA\" \/>\n\t<meta name=\"twitter:label2\" content=\"Availability\" \/>\n\t<meta name=\"twitter:data2\" content=\"Out of stock\" \/>\n<script type=\"application\/ld+json\" class=\"yoast-schema-graph\">{\"@context\":\"https:\/\/schema.org\",\"@graph\":[{\"@type\":\"WebPage\",\"@id\":\"https:\/\/compuviper.mx\/tienda\/producto\/ricoh-pa03836-b001-escaner-fi-8040-40-ppm-80-ipm-capacidad-del-adf-50-hojas-600-dpi-ciclo-recomendado-6000-paginas-24-bits-usb-ethernet-cis-x2\/\",\"url\":\"https:\/\/compuviper.mx\/tienda\/producto\/ricoh-pa03836-b001-escaner-fi-8040-40-ppm-80-ipm-capacidad-del-adf-50-hojas-600-dpi-ciclo-recomendado-6000-paginas-24-bits-usb-ethernet-cis-x2\/\",\"name\":\"[ Ricoh ] &#129351; Pa03836-b001 Escaner Fi-8040, 40 Ppm \/ 80 Ipm, Capacidad Del Adf 50 Hojas, 600 Dpi, Ciclo Recomendado 6,000 Paginas, 24 Bits, Usb, Ethernet, Cis X2\",\"isPartOf\":{\"@id\":\"https:\/\/compuviper.mx\/tienda\/#website\"},\"datePublished\":\"2026-04-28T07:57:02+00:00\",\"dateModified\":\"2026-04-28T07:57:03+00:00\",\"description\":\"Compra Pa03836-b001 Escaner Fi-8040, 40 Ppm \/ 80 Ipm, Capacidad Del Adf 50 Hojas, 600 Dpi, Ciclo Recomendado 6,000 Paginas, 24 Bits, Usb, Ethernet, Cis X2 + Env\u00edo a domicilio + Pago seguro + Garant\u00eda\",\"breadcrumb\":{\"@id\":\"https:\/\/compuviper.mx\/tienda\/producto\/ricoh-pa03836-b001-escaner-fi-8040-40-ppm-80-ipm-capacidad-del-adf-50-hojas-600-dpi-ciclo-recomendado-6000-paginas-24-bits-usb-ethernet-cis-x2\/#breadcrumb\"},\"inLanguage\":\"es-MX\",\"potentialAction\":[{\"@type\":\"ReadAction\",\"target\":[\"https:\/\/compuviper.mx\/tienda\/producto\/ricoh-pa03836-b001-escaner-fi-8040-40-ppm-80-ipm-capacidad-del-adf-50-hojas-600-dpi-ciclo-recomendado-6000-paginas-24-bits-usb-ethernet-cis-x2\/\"]}]},{\"@type\":\"BreadcrumbList\",\"@id\":\"https:\/\/compuviper.mx\/tienda\/producto\/ricoh-pa03836-b001-escaner-fi-8040-40-ppm-80-ipm-capacidad-del-adf-50-hojas-600-dpi-ciclo-recomendado-6000-paginas-24-bits-usb-ethernet-cis-x2\/#breadcrumb\",\"itemListElement\":[{\"@type\":\"ListItem\",\"position\":1,\"name\":\"Inicio\",\"item\":\"https:\/\/compuviper.mx\/tienda\/\"},{\"@type\":\"ListItem\",\"position\":2,\"name\":\"Productos\",\"item\":\"https:\/\/compuviper.mx\/tienda\/productos\/\"},{\"@type\":\"ListItem\",\"position\":3,\"name\":\"Scanner\",\"item\":\"https:\/\/compuviper.mx\/tienda\/categoria-producto\/scanner\/\"},{\"@type\":\"ListItem\",\"position\":4,\"name\":\"Scanner Documentos\",\"item\":\"https:\/\/compuviper.mx\/tienda\/categoria-producto\/scanner\/scanner-documentos\/\"},{\"@type\":\"ListItem\",\"position\":5,\"name\":\"Ricoh Pa03836-b001 Escaner Fi-8040, 40 Ppm \/ 80 Ipm, Capacidad Del Adf 50 Hojas, 600 Dpi, Ciclo Recomendado 6,000 Paginas, 24 Bits, Usb, Ethernet, Cis X2\"}]},{\"@type\":\"WebSite\",\"@id\":\"https:\/\/compuviper.mx\/tienda\/#website\",\"url\":\"https:\/\/compuviper.mx\/tienda\/\",\"name\":\"Compuviper\",\"description\":\"Proveedor de Computadoras, Laptops, Servidores, Monitores, Puntos de Venta, Teclados,   Impresoras, T\u00f3ner, C\u00e1maras de Seguridad y m\u00e1s en tu tienda en l\u00ednea\",\"publisher\":{\"@id\":\"https:\/\/compuviper.mx\/tienda\/#organization\"},\"potentialAction\":[{\"@type\":\"SearchAction\",\"target\":{\"@type\":\"EntryPoint\",\"urlTemplate\":\"https:\/\/compuviper.mx\/tienda\/?s={search_term_string}\"},\"query-input\":\"required name=search_term_string\"}],\"inLanguage\":\"es-MX\"},{\"@type\":\"Organization\",\"@id\":\"https:\/\/compuviper.mx\/tienda\/#organization\",\"name\":\"Compuviper\",\"url\":\"https:\/\/compuviper.mx\/tienda\/\",\"logo\":{\"@type\":\"ImageObject\",\"inLanguage\":\"es-MX\",\"@id\":\"https:\/\/compuviper.mx\/tienda\/#\/schema\/logo\/image\/\",\"url\":\"https:\/\/compuviper.mx\/tienda\/wp-content\/uploads\/2021\/08\/Logo-Compuviper-10.png\",\"contentUrl\":\"https:\/\/compuviper.mx\/tienda\/wp-content\/uploads\/2021\/08\/Logo-Compuviper-10.png\",\"width\":1000,\"height\":500,\"caption\":\"Compuviper\"},\"image\":{\"@id\":\"https:\/\/compuviper.mx\/tienda\/#\/schema\/logo\/image\/\"},\"sameAs\":[\"https:\/\/www.facebook.com\/compuviper\",\"https:\/\/www.youtube.com\/channel\/UCf73dERp9Y3cfOq7q8BhLjA?view_as=subscriber\"]}]}<\/script>\n<meta property=\"product:brand\" content=\"Ricoh\" \/>\n<meta property=\"product:price:amount\" content=\"12785\" \/>\n<meta property=\"product:price:currency\" content=\"MXN\" \/>\n<meta property=\"og:availability\" content=\"out of stock\" \/>\n<meta property=\"product:availability\" content=\"out of stock\" \/>\n<meta property=\"product:retailer_item_id\" content=\"PA03836-B001\" \/>\n<meta property=\"product:condition\" content=\"new\" \/>\n<!-- \/ Yoast SEO plugin. -->","yoast_head_json":{"title":"[ Ricoh ] &#129351; Pa03836-b001 Escaner Fi-8040, 40 Ppm \/ 80 Ipm, Capacidad Del Adf 50 Hojas, 600 Dpi, Ciclo Recomendado 6,000 Paginas, 24 Bits, Usb, Ethernet, Cis X2","description":"Compra Pa03836-b001 Escaner Fi-8040, 40 Ppm \/ 80 Ipm, Capacidad Del Adf 50 Hojas, 600 Dpi, Ciclo Recomendado 6,000 Paginas, 24 Bits, Usb, Ethernet, Cis X2 + Env\u00edo a domicilio + Pago seguro + Garant\u00eda","robots":{"index":"index","follow":"follow","max-snippet":"max-snippet:-1","max-image-preview":"max-image-preview:large","max-video-preview":"max-video-preview:-1"},"canonical":"https:\/\/compuviper.mx\/tienda\/producto\/ricoh-pa03836-b001-escaner-fi-8040-40-ppm-80-ipm-capacidad-del-adf-50-hojas-600-dpi-ciclo-recomendado-6000-paginas-24-bits-usb-ethernet-cis-x2\/","og_locale":"es_MX","og_type":"article","og_title":"[ Ricoh ] &#129351; Pa03836-b001 Escaner Fi-8040, 40 Ppm \/ 80 Ipm, Capacidad Del Adf 50 Hojas, 600 Dpi, Ciclo Recomendado 6,000 Paginas, 24 Bits, Usb, Ethernet, Cis X2","og_description":"Compra Pa03836-b001 Escaner Fi-8040, 40 Ppm \/ 80 Ipm, Capacidad Del Adf 50 Hojas, 600 Dpi, Ciclo Recomendado 6,000 Paginas, 24 Bits, Usb, Ethernet, Cis X2 + Env\u00edo a domicilio + Pago seguro + Garant\u00eda","og_url":"https:\/\/compuviper.mx\/tienda\/producto\/ricoh-pa03836-b001-escaner-fi-8040-40-ppm-80-ipm-capacidad-del-adf-50-hojas-600-dpi-ciclo-recomendado-6000-paginas-24-bits-usb-ethernet-cis-x2\/","og_site_name":"Compuviper","article_publisher":"https:\/\/www.facebook.com\/compuviper","article_modified_time":"2026-04-28T07:57:03+00:00","twitter_card":"summary_large_image","twitter_misc":{"Precio":"&#36;12,785 con IVA","Availability":"Out of stock"},"schema":{"@context":"https:\/\/schema.org","@graph":[{"@type":"WebPage","@id":"https:\/\/compuviper.mx\/tienda\/producto\/ricoh-pa03836-b001-escaner-fi-8040-40-ppm-80-ipm-capacidad-del-adf-50-hojas-600-dpi-ciclo-recomendado-6000-paginas-24-bits-usb-ethernet-cis-x2\/","url":"https:\/\/compuviper.mx\/tienda\/producto\/ricoh-pa03836-b001-escaner-fi-8040-40-ppm-80-ipm-capacidad-del-adf-50-hojas-600-dpi-ciclo-recomendado-6000-paginas-24-bits-usb-ethernet-cis-x2\/","name":"[ Ricoh ] &#129351; Pa03836-b001 Escaner Fi-8040, 40 Ppm \/ 80 Ipm, Capacidad Del Adf 50 Hojas, 600 Dpi, Ciclo Recomendado 6,000 Paginas, 24 Bits, Usb, Ethernet, Cis X2","isPartOf":{"@id":"https:\/\/compuviper.mx\/tienda\/#website"},"datePublished":"2026-04-28T07:57:02+00:00","dateModified":"2026-04-28T07:57:03+00:00","description":"Compra Pa03836-b001 Escaner Fi-8040, 40 Ppm \/ 80 Ipm, Capacidad Del Adf 50 Hojas, 600 Dpi, Ciclo Recomendado 6,000 Paginas, 24 Bits, Usb, Ethernet, Cis X2 + Env\u00edo a domicilio + Pago seguro + Garant\u00eda","breadcrumb":{"@id":"https:\/\/compuviper.mx\/tienda\/producto\/ricoh-pa03836-b001-escaner-fi-8040-40-ppm-80-ipm-capacidad-del-adf-50-hojas-600-dpi-ciclo-recomendado-6000-paginas-24-bits-usb-ethernet-cis-x2\/#breadcrumb"},"inLanguage":"es-MX","potentialAction":[{"@type":"ReadAction","target":["https:\/\/compuviper.mx\/tienda\/producto\/ricoh-pa03836-b001-escaner-fi-8040-40-ppm-80-ipm-capacidad-del-adf-50-hojas-600-dpi-ciclo-recomendado-6000-paginas-24-bits-usb-ethernet-cis-x2\/"]}]},{"@type":"BreadcrumbList","@id":"https:\/\/compuviper.mx\/tienda\/producto\/ricoh-pa03836-b001-escaner-fi-8040-40-ppm-80-ipm-capacidad-del-adf-50-hojas-600-dpi-ciclo-recomendado-6000-paginas-24-bits-usb-ethernet-cis-x2\/#breadcrumb","itemListElement":[{"@type":"ListItem","position":1,"name":"Inicio","item":"https:\/\/compuviper.mx\/tienda\/"},{"@type":"ListItem","position":2,"name":"Productos","item":"https:\/\/compuviper.mx\/tienda\/productos\/"},{"@type":"ListItem","position":3,"name":"Scanner","item":"https:\/\/compuviper.mx\/tienda\/categoria-producto\/scanner\/"},{"@type":"ListItem","position":4,"name":"Scanner Documentos","item":"https:\/\/compuviper.mx\/tienda\/categoria-producto\/scanner\/scanner-documentos\/"},{"@type":"ListItem","position":5,"name":"Ricoh Pa03836-b001 Escaner Fi-8040, 40 Ppm \/ 80 Ipm, Capacidad Del Adf 50 Hojas, 600 Dpi, Ciclo Recomendado 6,000 Paginas, 24 Bits, Usb, Ethernet, Cis X2"}]},{"@type":"WebSite","@id":"https:\/\/compuviper.mx\/tienda\/#website","url":"https:\/\/compuviper.mx\/tienda\/","name":"Compuviper","description":"Proveedor de Computadoras, Laptops, Servidores, Monitores, Puntos de Venta, Teclados,   Impresoras, T\u00f3ner, C\u00e1maras de Seguridad y m\u00e1s en tu tienda en l\u00ednea","publisher":{"@id":"https:\/\/compuviper.mx\/tienda\/#organization"},"potentialAction":[{"@type":"SearchAction","target":{"@type":"EntryPoint","urlTemplate":"https:\/\/compuviper.mx\/tienda\/?s={search_term_string}"},"query-input":"required name=search_term_string"}],"inLanguage":"es-MX"},{"@type":"Organization","@id":"https:\/\/compuviper.mx\/tienda\/#organization","name":"Compuviper","url":"https:\/\/compuviper.mx\/tienda\/","logo":{"@type":"ImageObject","inLanguage":"es-MX","@id":"https:\/\/compuviper.mx\/tienda\/#\/schema\/logo\/image\/","url":"https:\/\/compuviper.mx\/tienda\/wp-content\/uploads\/2021\/08\/Logo-Compuviper-10.png","contentUrl":"https:\/\/compuviper.mx\/tienda\/wp-content\/uploads\/2021\/08\/Logo-Compuviper-10.png","width":1000,"height":500,"caption":"Compuviper"},"image":{"@id":"https:\/\/compuviper.mx\/tienda\/#\/schema\/logo\/image\/"},"sameAs":["https:\/\/www.facebook.com\/compuviper","https:\/\/www.youtube.com\/channel\/UCf73dERp9Y3cfOq7q8BhLjA?view_as=subscriber"]}]},"product_brand":"Ricoh","product_price_amount":"12785","product_price_currency":"MXN","og_availability":"out of stock","product_availability":"out of stock","product_retailer_item_id":"PA03836-B001","product_condition":"new"},"_links":{"self":[{"href":"https:\/\/compuviper.mx\/tienda\/wp-json\/wp\/v2\/product\/262687"}],"collection":[{"href":"https:\/\/compuviper.mx\/tienda\/wp-json\/wp\/v2\/product"}],"about":[{"href":"https:\/\/compuviper.mx\/tienda\/wp-json\/wp\/v2\/types\/product"}],"replies":[{"embeddable":true,"href":"https:\/\/compuviper.mx\/tienda\/wp-json\/wp\/v2\/comments?post=262687"}],"wp:attachment":[{"href":"https:\/\/compuviper.mx\/tienda\/wp-json\/wp\/v2\/media?parent=262687"}],"wp:term":[{"taxonomy":"product_cat","embeddable":true,"href":"https:\/\/compuviper.mx\/tienda\/wp-json\/wp\/v2\/product_cat?post=262687"},{"taxonomy":"product_tag","embeddable":true,"href":"https:\/\/compuviper.mx\/tienda\/wp-json\/wp\/v2\/product_tag?post=262687"}],"curies":[{"name":"wp","href":"https:\/\/api.w.org\/{rel}","templated":true}]}}