{"id":262685,"date":"2026-04-28T01:56:59","date_gmt":"2026-04-28T07:56:59","guid":{"rendered":"https:\/\/compuviper.mx\/tienda\/producto\/ricoh-cg01000-310111-escaner-fi-8820-120-ppm-240-ipm-capacidad-del-adf-500-hojas-600-dpi-ciclo-recomendado-100000-hojas-duplex-24-bits-usb-ethernet-cis\/"},"modified":"2026-04-28T01:56:59","modified_gmt":"2026-04-28T07:56:59","slug":"ricoh-pa03830-b301-escaner-fi-8820-120-ppm-240-ipm-capacidad-del-adf-500-hojas-600-dpi-ciclo-recomendado-100000-hojas-duplex-24-bits-usb-ethernet-cis","status":"publish","type":"product","link":"https:\/\/compuviper.mx\/tienda\/producto\/ricoh-pa03830-b301-escaner-fi-8820-120-ppm-240-ipm-capacidad-del-adf-500-hojas-600-dpi-ciclo-recomendado-100000-hojas-duplex-24-bits-usb-ethernet-cis\/","title":{"rendered":"Ricoh Pa03830-b301 Escaner  Fi-8820, 120 Ppm \/ 240 Ipm, Capacidad Del Adf 500 Hojas, 600 Dpi, Ciclo Recomendado 100,000 Hojas, Duplex, 24 Bits, Usb, Ethernet, Cis"},"content":{"rendered":"<table class=\"descripcion\">\n<tr>\n<td>Ficha tecnica \u0096 escaner ricoh fi-8820<\/td>\n<\/tr>\n<tr>\n<td>Tipo de escaner<\/td>\n<\/tr>\n<tr>\n<td>\u0095 escaner de escritorio con alimentador automatico adf y cama plana integrada<\/td>\n<\/tr>\n<tr>\n<td>\u0095 ideal para documentos tamano a3, a4, tarjetas rigidas y papel tipo banner<\/td>\n<\/tr>\n<tr>\n<td> velocidad y rendimiento<\/td>\n<\/tr>\n<tr>\n<td>\u0095 velocidad de escaneo: hasta 120 paginas por minuto \/ 240 imagenes por minuto a4 horizontal, color, 200\/300 dpi<\/td>\n<\/tr>\n<tr>\n<td>\u0095 volumen diario recomendado: 1 a 100,000 paginas por dia<\/td>\n<\/tr>\n<tr>\n<td>\u0095 capacidad del adf: hasta 500 hojas<\/td>\n<\/tr>\n<tr>\n<td> resolucion y calidad<\/td>\n<\/tr>\n<tr>\n<td>\u0095 resolucion optica: 600 dpi<\/td>\n<\/tr>\n<tr>\n<td>\u0095 profundidad de color: 24 bits color \/ 8 bits escala de grises<\/td>\n<\/tr>\n<tr>\n<td>\u0095 deteccion automatica de tamano de hoja<\/td>\n<\/tr>\n<tr>\n<td>\u0095 correccion de inclinacion, orientacion y eliminacion de fondo<\/td>\n<\/tr>\n<tr>\n<td>Conectividad<\/td>\n<\/tr>\n<tr>\n<td>\u0095 interfaces: usb 3.2 y ethernet lan cableada<\/td>\n<\/tr>\n<tr>\n<td>\u0095 compatible con controladores twain, isis y software paperstream ip \/ capture<\/td>\n<\/tr>\n<tr>\n<td>Funciones inteligentes<\/td>\n<\/tr>\n<tr>\n<td>\u0095deteccion de documentos grapados para evitar danos<\/td>\n<\/tr>\n<tr>\n<td>\u0095control automatico de separacion para alimentacion precisa de lotes mixtos<\/td>\n<\/tr>\n<tr>\n<td>\u0095monitoreo de imagen en tiempo real para proteccion del papel<\/td>\n<\/tr>\n<tr>\n<td>\u0095digitalizacion de pasaportes, tarjetas plasticas y documentos gruesos hasta 7 mm<\/td>\n<\/tr>\n<tr>\n<td>Aplicaciones ideales<\/td>\n<\/tr>\n<tr>\n<td>\u0095digitalizacion centralizada en instituciones publicas, hospitales, archivos historicos, notarias y corporativos<\/td>\n<\/tr>\n<tr>\n<td>\u0095procesamiento de historias clinicas, expedientes, contratos, planos y formularios<\/td>\n<\/tr>\n<tr>\n<td> dimensiones y garantia<\/td>\n<\/tr>\n<tr>\n<td>\u0095dimensiones: compacto para escritorio, con diseno ergonomico<\/td>\n<\/tr>\n<tr>\n<td>\u0095garantia: 1 ano<\/td>\n<\/tr>\n<\/table>\n","protected":false},"excerpt":{"rendered":"<p>Ricoh fi-8820 \u0096 escaner profesional a3. Escanea hasta 120 paginas por minuto, con alta precision y capacidad para 500 hojas. Ideal para oficinas que digitalizan grandes volumenes de documentos a3 y a4. Conexion usb y red ethernet, compatible con software ricoh paperstream. Detecta grapas, escanea pasaportes y tarjetas rigidas. Perfecto para gobierno, salud, archivos y empresas.<\/p>\n","protected":false},"featured_media":0,"comment_status":"open","ping_status":"open","template":"","meta":[],"product_cat":[1805,1807],"product_tag":[2306],"acf":[],"yoast_head":"<!-- This site is optimized with the Yoast SEO plugin v21.7 - https:\/\/yoast.com\/wordpress\/plugins\/seo\/ -->\n<title>[ Ricoh ] &#129351; Pa03830-b301 Escaner Fi-8820, 120 Ppm \/ 240 Ipm, Capacidad Del Adf 500 Hojas, 600 Dpi, Ciclo Recomendado 100,000 Hojas, Duplex, 24 Bits, Usb, Ethernet, Cis<\/title>\n<meta name=\"description\" content=\"Compra Pa03830-b301 Escaner Fi-8820, 120 Ppm \/ 240 Ipm, Capacidad Del Adf 500 Hojas, 600 Dpi, Ciclo Recomendado 100,000 Hojas, Duplex, 24 Bits, Usb, Ethernet, Cis + Env\u00edo a domicilio + Pago seguro + Garant\u00eda\" \/>\n<meta name=\"robots\" content=\"index, follow, max-snippet:-1, max-image-preview:large, max-video-preview:-1\" \/>\n<link rel=\"canonical\" href=\"https:\/\/compuviper.mx\/tienda\/producto\/ricoh-pa03830-b301-escaner-fi-8820-120-ppm-240-ipm-capacidad-del-adf-500-hojas-600-dpi-ciclo-recomendado-100000-hojas-duplex-24-bits-usb-ethernet-cis\/\" \/>\n<meta property=\"og:locale\" content=\"es_MX\" \/>\n<meta property=\"og:type\" content=\"article\" \/>\n<meta property=\"og:title\" content=\"[ Ricoh ] &#129351; Pa03830-b301 Escaner Fi-8820, 120 Ppm \/ 240 Ipm, Capacidad Del Adf 500 Hojas, 600 Dpi, Ciclo Recomendado 100,000 Hojas, Duplex, 24 Bits, Usb, Ethernet, Cis\" \/>\n<meta property=\"og:description\" content=\"Compra Pa03830-b301 Escaner Fi-8820, 120 Ppm \/ 240 Ipm, Capacidad Del Adf 500 Hojas, 600 Dpi, Ciclo Recomendado 100,000 Hojas, Duplex, 24 Bits, Usb, Ethernet, Cis + Env\u00edo a domicilio + Pago seguro + Garant\u00eda\" \/>\n<meta property=\"og:url\" content=\"https:\/\/compuviper.mx\/tienda\/producto\/ricoh-pa03830-b301-escaner-fi-8820-120-ppm-240-ipm-capacidad-del-adf-500-hojas-600-dpi-ciclo-recomendado-100000-hojas-duplex-24-bits-usb-ethernet-cis\/\" \/>\n<meta property=\"og:site_name\" content=\"Compuviper\" \/>\n<meta property=\"article:publisher\" content=\"https:\/\/www.facebook.com\/compuviper\" \/>\n<meta name=\"twitter:card\" content=\"summary_large_image\" \/>\n<meta name=\"twitter:label1\" content=\"Precio\" \/>\n\t<meta name=\"twitter:data1\" content=\"&#36;120,933 con IVA\" \/>\n\t<meta name=\"twitter:label2\" content=\"Availability\" \/>\n\t<meta name=\"twitter:data2\" content=\"Out of stock\" \/>\n<script type=\"application\/ld+json\" class=\"yoast-schema-graph\">{\"@context\":\"https:\/\/schema.org\",\"@graph\":[{\"@type\":\"WebPage\",\"@id\":\"https:\/\/compuviper.mx\/tienda\/producto\/ricoh-pa03830-b301-escaner-fi-8820-120-ppm-240-ipm-capacidad-del-adf-500-hojas-600-dpi-ciclo-recomendado-100000-hojas-duplex-24-bits-usb-ethernet-cis\/\",\"url\":\"https:\/\/compuviper.mx\/tienda\/producto\/ricoh-pa03830-b301-escaner-fi-8820-120-ppm-240-ipm-capacidad-del-adf-500-hojas-600-dpi-ciclo-recomendado-100000-hojas-duplex-24-bits-usb-ethernet-cis\/\",\"name\":\"[ Ricoh ] &#129351; Pa03830-b301 Escaner Fi-8820, 120 Ppm \/ 240 Ipm, Capacidad Del Adf 500 Hojas, 600 Dpi, Ciclo Recomendado 100,000 Hojas, Duplex, 24 Bits, Usb, Ethernet, Cis\",\"isPartOf\":{\"@id\":\"https:\/\/compuviper.mx\/tienda\/#website\"},\"datePublished\":\"2026-04-28T07:56:59+00:00\",\"dateModified\":\"2026-04-28T07:56:59+00:00\",\"description\":\"Compra Pa03830-b301 Escaner Fi-8820, 120 Ppm \/ 240 Ipm, Capacidad Del Adf 500 Hojas, 600 Dpi, Ciclo Recomendado 100,000 Hojas, Duplex, 24 Bits, Usb, Ethernet, Cis + Env\u00edo a domicilio + Pago seguro + Garant\u00eda\",\"breadcrumb\":{\"@id\":\"https:\/\/compuviper.mx\/tienda\/producto\/ricoh-pa03830-b301-escaner-fi-8820-120-ppm-240-ipm-capacidad-del-adf-500-hojas-600-dpi-ciclo-recomendado-100000-hojas-duplex-24-bits-usb-ethernet-cis\/#breadcrumb\"},\"inLanguage\":\"es-MX\",\"potentialAction\":[{\"@type\":\"ReadAction\",\"target\":[\"https:\/\/compuviper.mx\/tienda\/producto\/ricoh-pa03830-b301-escaner-fi-8820-120-ppm-240-ipm-capacidad-del-adf-500-hojas-600-dpi-ciclo-recomendado-100000-hojas-duplex-24-bits-usb-ethernet-cis\/\"]}]},{\"@type\":\"BreadcrumbList\",\"@id\":\"https:\/\/compuviper.mx\/tienda\/producto\/ricoh-pa03830-b301-escaner-fi-8820-120-ppm-240-ipm-capacidad-del-adf-500-hojas-600-dpi-ciclo-recomendado-100000-hojas-duplex-24-bits-usb-ethernet-cis\/#breadcrumb\",\"itemListElement\":[{\"@type\":\"ListItem\",\"position\":1,\"name\":\"Inicio\",\"item\":\"https:\/\/compuviper.mx\/tienda\/\"},{\"@type\":\"ListItem\",\"position\":2,\"name\":\"Productos\",\"item\":\"https:\/\/compuviper.mx\/tienda\/productos\/\"},{\"@type\":\"ListItem\",\"position\":3,\"name\":\"Scanner\",\"item\":\"https:\/\/compuviper.mx\/tienda\/categoria-producto\/scanner\/\"},{\"@type\":\"ListItem\",\"position\":4,\"name\":\"Scanner Documentos\",\"item\":\"https:\/\/compuviper.mx\/tienda\/categoria-producto\/scanner\/scanner-documentos\/\"},{\"@type\":\"ListItem\",\"position\":5,\"name\":\"Ricoh Pa03830-b301 Escaner Fi-8820, 120 Ppm \/ 240 Ipm, Capacidad Del Adf 500 Hojas, 600 Dpi, Ciclo Recomendado 100,000 Hojas, Duplex, 24 Bits, Usb, Ethernet, Cis\"}]},{\"@type\":\"WebSite\",\"@id\":\"https:\/\/compuviper.mx\/tienda\/#website\",\"url\":\"https:\/\/compuviper.mx\/tienda\/\",\"name\":\"Compuviper\",\"description\":\"Proveedor de Computadoras, Laptops, Servidores, Monitores, Puntos de Venta, Teclados,   Impresoras, T\u00f3ner, C\u00e1maras de Seguridad y m\u00e1s en tu tienda en l\u00ednea\",\"publisher\":{\"@id\":\"https:\/\/compuviper.mx\/tienda\/#organization\"},\"potentialAction\":[{\"@type\":\"SearchAction\",\"target\":{\"@type\":\"EntryPoint\",\"urlTemplate\":\"https:\/\/compuviper.mx\/tienda\/?s={search_term_string}\"},\"query-input\":\"required name=search_term_string\"}],\"inLanguage\":\"es-MX\"},{\"@type\":\"Organization\",\"@id\":\"https:\/\/compuviper.mx\/tienda\/#organization\",\"name\":\"Compuviper\",\"url\":\"https:\/\/compuviper.mx\/tienda\/\",\"logo\":{\"@type\":\"ImageObject\",\"inLanguage\":\"es-MX\",\"@id\":\"https:\/\/compuviper.mx\/tienda\/#\/schema\/logo\/image\/\",\"url\":\"https:\/\/compuviper.mx\/tienda\/wp-content\/uploads\/2021\/08\/Logo-Compuviper-10.png\",\"contentUrl\":\"https:\/\/compuviper.mx\/tienda\/wp-content\/uploads\/2021\/08\/Logo-Compuviper-10.png\",\"width\":1000,\"height\":500,\"caption\":\"Compuviper\"},\"image\":{\"@id\":\"https:\/\/compuviper.mx\/tienda\/#\/schema\/logo\/image\/\"},\"sameAs\":[\"https:\/\/www.facebook.com\/compuviper\",\"https:\/\/www.youtube.com\/channel\/UCf73dERp9Y3cfOq7q8BhLjA?view_as=subscriber\"]}]}<\/script>\n<meta property=\"product:brand\" content=\"Ricoh\" \/>\n<meta property=\"product:price:amount\" content=\"120933\" \/>\n<meta property=\"product:price:currency\" content=\"MXN\" \/>\n<meta property=\"og:availability\" content=\"out of stock\" \/>\n<meta property=\"product:availability\" content=\"out of stock\" \/>\n<meta property=\"product:retailer_item_id\" content=\"PA03830-B301\" \/>\n<meta property=\"product:condition\" content=\"new\" \/>\n<!-- \/ Yoast SEO plugin. -->","yoast_head_json":{"title":"[ Ricoh ] &#129351; Pa03830-b301 Escaner Fi-8820, 120 Ppm \/ 240 Ipm, Capacidad Del Adf 500 Hojas, 600 Dpi, Ciclo Recomendado 100,000 Hojas, Duplex, 24 Bits, Usb, Ethernet, Cis","description":"Compra Pa03830-b301 Escaner Fi-8820, 120 Ppm \/ 240 Ipm, Capacidad Del Adf 500 Hojas, 600 Dpi, Ciclo Recomendado 100,000 Hojas, Duplex, 24 Bits, Usb, Ethernet, Cis + Env\u00edo a domicilio + Pago seguro + Garant\u00eda","robots":{"index":"index","follow":"follow","max-snippet":"max-snippet:-1","max-image-preview":"max-image-preview:large","max-video-preview":"max-video-preview:-1"},"canonical":"https:\/\/compuviper.mx\/tienda\/producto\/ricoh-pa03830-b301-escaner-fi-8820-120-ppm-240-ipm-capacidad-del-adf-500-hojas-600-dpi-ciclo-recomendado-100000-hojas-duplex-24-bits-usb-ethernet-cis\/","og_locale":"es_MX","og_type":"article","og_title":"[ Ricoh ] &#129351; Pa03830-b301 Escaner Fi-8820, 120 Ppm \/ 240 Ipm, Capacidad Del Adf 500 Hojas, 600 Dpi, Ciclo Recomendado 100,000 Hojas, Duplex, 24 Bits, Usb, Ethernet, Cis","og_description":"Compra Pa03830-b301 Escaner Fi-8820, 120 Ppm \/ 240 Ipm, Capacidad Del Adf 500 Hojas, 600 Dpi, Ciclo Recomendado 100,000 Hojas, Duplex, 24 Bits, Usb, Ethernet, Cis + Env\u00edo a domicilio + Pago seguro + Garant\u00eda","og_url":"https:\/\/compuviper.mx\/tienda\/producto\/ricoh-pa03830-b301-escaner-fi-8820-120-ppm-240-ipm-capacidad-del-adf-500-hojas-600-dpi-ciclo-recomendado-100000-hojas-duplex-24-bits-usb-ethernet-cis\/","og_site_name":"Compuviper","article_publisher":"https:\/\/www.facebook.com\/compuviper","twitter_card":"summary_large_image","twitter_misc":{"Precio":"&#36;120,933 con IVA","Availability":"Out of stock"},"schema":{"@context":"https:\/\/schema.org","@graph":[{"@type":"WebPage","@id":"https:\/\/compuviper.mx\/tienda\/producto\/ricoh-pa03830-b301-escaner-fi-8820-120-ppm-240-ipm-capacidad-del-adf-500-hojas-600-dpi-ciclo-recomendado-100000-hojas-duplex-24-bits-usb-ethernet-cis\/","url":"https:\/\/compuviper.mx\/tienda\/producto\/ricoh-pa03830-b301-escaner-fi-8820-120-ppm-240-ipm-capacidad-del-adf-500-hojas-600-dpi-ciclo-recomendado-100000-hojas-duplex-24-bits-usb-ethernet-cis\/","name":"[ Ricoh ] &#129351; Pa03830-b301 Escaner Fi-8820, 120 Ppm \/ 240 Ipm, Capacidad Del Adf 500 Hojas, 600 Dpi, Ciclo Recomendado 100,000 Hojas, Duplex, 24 Bits, Usb, Ethernet, Cis","isPartOf":{"@id":"https:\/\/compuviper.mx\/tienda\/#website"},"datePublished":"2026-04-28T07:56:59+00:00","dateModified":"2026-04-28T07:56:59+00:00","description":"Compra Pa03830-b301 Escaner Fi-8820, 120 Ppm \/ 240 Ipm, Capacidad Del Adf 500 Hojas, 600 Dpi, Ciclo Recomendado 100,000 Hojas, Duplex, 24 Bits, Usb, Ethernet, Cis + Env\u00edo a domicilio + Pago seguro + Garant\u00eda","breadcrumb":{"@id":"https:\/\/compuviper.mx\/tienda\/producto\/ricoh-pa03830-b301-escaner-fi-8820-120-ppm-240-ipm-capacidad-del-adf-500-hojas-600-dpi-ciclo-recomendado-100000-hojas-duplex-24-bits-usb-ethernet-cis\/#breadcrumb"},"inLanguage":"es-MX","potentialAction":[{"@type":"ReadAction","target":["https:\/\/compuviper.mx\/tienda\/producto\/ricoh-pa03830-b301-escaner-fi-8820-120-ppm-240-ipm-capacidad-del-adf-500-hojas-600-dpi-ciclo-recomendado-100000-hojas-duplex-24-bits-usb-ethernet-cis\/"]}]},{"@type":"BreadcrumbList","@id":"https:\/\/compuviper.mx\/tienda\/producto\/ricoh-pa03830-b301-escaner-fi-8820-120-ppm-240-ipm-capacidad-del-adf-500-hojas-600-dpi-ciclo-recomendado-100000-hojas-duplex-24-bits-usb-ethernet-cis\/#breadcrumb","itemListElement":[{"@type":"ListItem","position":1,"name":"Inicio","item":"https:\/\/compuviper.mx\/tienda\/"},{"@type":"ListItem","position":2,"name":"Productos","item":"https:\/\/compuviper.mx\/tienda\/productos\/"},{"@type":"ListItem","position":3,"name":"Scanner","item":"https:\/\/compuviper.mx\/tienda\/categoria-producto\/scanner\/"},{"@type":"ListItem","position":4,"name":"Scanner Documentos","item":"https:\/\/compuviper.mx\/tienda\/categoria-producto\/scanner\/scanner-documentos\/"},{"@type":"ListItem","position":5,"name":"Ricoh Pa03830-b301 Escaner Fi-8820, 120 Ppm \/ 240 Ipm, Capacidad Del Adf 500 Hojas, 600 Dpi, Ciclo Recomendado 100,000 Hojas, Duplex, 24 Bits, Usb, Ethernet, Cis"}]},{"@type":"WebSite","@id":"https:\/\/compuviper.mx\/tienda\/#website","url":"https:\/\/compuviper.mx\/tienda\/","name":"Compuviper","description":"Proveedor de Computadoras, Laptops, Servidores, Monitores, Puntos de Venta, Teclados,   Impresoras, T\u00f3ner, C\u00e1maras de Seguridad y m\u00e1s en tu tienda en l\u00ednea","publisher":{"@id":"https:\/\/compuviper.mx\/tienda\/#organization"},"potentialAction":[{"@type":"SearchAction","target":{"@type":"EntryPoint","urlTemplate":"https:\/\/compuviper.mx\/tienda\/?s={search_term_string}"},"query-input":"required name=search_term_string"}],"inLanguage":"es-MX"},{"@type":"Organization","@id":"https:\/\/compuviper.mx\/tienda\/#organization","name":"Compuviper","url":"https:\/\/compuviper.mx\/tienda\/","logo":{"@type":"ImageObject","inLanguage":"es-MX","@id":"https:\/\/compuviper.mx\/tienda\/#\/schema\/logo\/image\/","url":"https:\/\/compuviper.mx\/tienda\/wp-content\/uploads\/2021\/08\/Logo-Compuviper-10.png","contentUrl":"https:\/\/compuviper.mx\/tienda\/wp-content\/uploads\/2021\/08\/Logo-Compuviper-10.png","width":1000,"height":500,"caption":"Compuviper"},"image":{"@id":"https:\/\/compuviper.mx\/tienda\/#\/schema\/logo\/image\/"},"sameAs":["https:\/\/www.facebook.com\/compuviper","https:\/\/www.youtube.com\/channel\/UCf73dERp9Y3cfOq7q8BhLjA?view_as=subscriber"]}]},"product_brand":"Ricoh","product_price_amount":"120933","product_price_currency":"MXN","og_availability":"out of stock","product_availability":"out of stock","product_retailer_item_id":"PA03830-B301","product_condition":"new"},"_links":{"self":[{"href":"https:\/\/compuviper.mx\/tienda\/wp-json\/wp\/v2\/product\/262685"}],"collection":[{"href":"https:\/\/compuviper.mx\/tienda\/wp-json\/wp\/v2\/product"}],"about":[{"href":"https:\/\/compuviper.mx\/tienda\/wp-json\/wp\/v2\/types\/product"}],"replies":[{"embeddable":true,"href":"https:\/\/compuviper.mx\/tienda\/wp-json\/wp\/v2\/comments?post=262685"}],"wp:attachment":[{"href":"https:\/\/compuviper.mx\/tienda\/wp-json\/wp\/v2\/media?parent=262685"}],"wp:term":[{"taxonomy":"product_cat","embeddable":true,"href":"https:\/\/compuviper.mx\/tienda\/wp-json\/wp\/v2\/product_cat?post=262685"},{"taxonomy":"product_tag","embeddable":true,"href":"https:\/\/compuviper.mx\/tienda\/wp-json\/wp\/v2\/product_tag?post=262685"}],"curies":[{"name":"wp","href":"https:\/\/api.w.org\/{rel}","templated":true}]}}