{"id":262671,"date":"2026-04-02T01:27:45","date_gmt":"2026-04-02T07:27:45","guid":{"rendered":"https:\/\/compuviper.mx\/tienda\/producto\/3nstar-pc082wv-8-240w11-pc-industrial-intel-celeron-j6412-8gb-ram-240gb-ssd-hd-wi-fi-doble-banda-bluetooth-4-0-6-puertos-usb-hdmi-y-vga-con-windows-11-iot-enterprise-entry\/"},"modified":"2026-04-02T01:27:45","modified_gmt":"2026-04-02T07:27:45","slug":"3nstar-pc082wv-8-240w11-pc-industrial-intel-celeron-j6412-8gb-ram-240gb-ssd-hd-wi-fi-doble-banda-bluetooth-4-0-6-puertos-usb-hdmi-y-vga-con-windows-11-iot-enterprise-entry","status":"publish","type":"product","link":"https:\/\/compuviper.mx\/tienda\/producto\/3nstar-pc082wv-8-240w11-pc-industrial-intel-celeron-j6412-8gb-ram-240gb-ssd-hd-wi-fi-doble-banda-bluetooth-4-0-6-puertos-usb-hdmi-y-vga-con-windows-11-iot-enterprise-entry\/","title":{"rendered":"3nstar Pc082wv-8-240w11 Pc Industrial   Intel Celeron J6412 \/8gb Ram 240gb Ssd\/ Hd Wi-fi Doble Banda \/ Bluetooth 4.0 \/6 Puertos Usb Hdmi Y Vga, Con Windows 11 Iot Enterprise Entry"},"content":{"rendered":"<table class=\"descripcion\">\n<tr>\n<td>Caracteristicas fisicas:<\/td>\n<\/tr>\n<tr>\n<td>Construccion aluminio<\/td>\n<\/tr>\n<tr>\n<td>Color negro<\/td>\n<\/tr>\n<tr>\n<td>Dimensiones 55mm x 178mm x 125 mm<\/td>\n<\/tr>\n<tr>\n<td>Peso neto 1.5kg.<\/td>\n<\/tr>\n<tr>\n<td>Eficiencia:<\/td>\n<\/tr>\n<tr>\n<td>Procesador intel j6412 2.0ghz.<\/td>\n<\/tr>\n<tr>\n<td>Memoria 8gb expandible a 16gb ram<\/td>\n<\/tr>\n<tr>\n<td>Almacenamiento 240gb ssd expandible a 1 tb<\/td>\n<\/tr>\n<tr>\n<td>Conectividad:<\/td>\n<\/tr>\n<tr>\n<td>Wi-fi doble banda 802.11ac, a\/b\/g, n<\/td>\n<\/tr>\n<tr>\n<td>Bluetooth 4.0<\/td>\n<\/tr>\n<tr>\n<td>Ethernet 2 rj45 10\/100\/1000m<\/td>\n<\/tr>\n<tr>\n<td>Usb 6 puertos<\/td>\n<\/tr>\n<tr>\n<td>Rs232 2 puertos rs232 db9<\/td>\n<\/tr>\n<tr>\n<td>Salida hdmi 1 puerto<\/td>\n<\/tr>\n<tr>\n<td>Salida vga 1 puerto<\/td>\n<\/tr>\n<tr>\n<td>Salida de audio 3.5mm<\/td>\n<\/tr>\n<tr>\n<td>Entrada de audio microfono combo 3.5<\/td>\n<\/tr>\n<tr>\n<td>Sistemas operativos:<\/td>\n<\/tr>\n<tr>\n<td>Opcional compatible con windows y linux<\/td>\n<\/tr>\n<tr>\n<td>Caracteristicas electricas:<\/td>\n<\/tr>\n<tr>\n<td>Salida del adaptador dc 12v, 5a<\/td>\n<\/tr>\n<tr>\n<td>Entrada del adaptador ac 100-240v, 50-60hz<\/td>\n<\/tr>\n<tr>\n<td>Condiciones ambientales:<\/td>\n<\/tr>\n<tr>\n<td>Temperatura de operacion -10 and 8451; ~ 60 and 8451;<\/td>\n<\/tr>\n<tr>\n<td>Temperatura de almacenaje -20 and 8451; ~ 70 and 8451;<\/td>\n<\/tr>\n<tr>\n<td>Humedad 5 ~ 90 sin condensacion<\/td>\n<\/tr>\n<tr>\n<td>Empaque:<\/td>\n<\/tr>\n<tr>\n<td>En la caja adaptador, montaje vesa<\/td>\n<\/tr>\n<tr>\n<td>Tamao del empaque 318mm x 254mm x 76mm<\/td>\n<\/tr>\n<tr>\n<td>Peso bruto 2.05kg.<\/td>\n<\/tr>\n<tr>\n<td>Informacion comercial:<\/td>\n<\/tr>\n<tr>\n<td>Caracteristicas fisicas:<\/td>\n<\/tr>\n<tr>\n<td>Construccion aluminio<\/td>\n<\/tr>\n<tr>\n<td>Color negro<\/td>\n<\/tr>\n<tr>\n<td>Dimensiones 55mm x 178mm x 125 mm<\/td>\n<\/tr>\n<tr>\n<td>Peso neto 1.5kg.<\/td>\n<\/tr>\n<tr>\n<td>Eficiencia:<\/td>\n<\/tr>\n<tr>\n<td>Procesador intel j6412 2.0ghz.<\/td>\n<\/tr>\n<tr>\n<td>Memoria 8gb expandible a 16gb ram<\/td>\n<\/tr>\n<tr>\n<td>Almacenamiento 240gb ssd expandible a 1 tb<\/td>\n<\/tr>\n<tr>\n<td>Conectividad:<\/td>\n<\/tr>\n<tr>\n<td>Wi-fi doble banda 802.11ac, a\/b\/g, n<\/td>\n<\/tr>\n<tr>\n<td>Bluetooth 4.0<\/td>\n<\/tr>\n<tr>\n<td>Ethernet 2 rj45 10\/100\/1000m<\/td>\n<\/tr>\n<tr>\n<td>Usb 6 puertos<\/td>\n<\/tr>\n<tr>\n<td>Rs232 2 puertos rs232 db9<\/td>\n<\/tr>\n<tr>\n<td>Salida hdmi 1 puerto<\/td>\n<\/tr>\n<tr>\n<td>Salida vga 1 puerto<\/td>\n<\/tr>\n<tr>\n<td>Salida de audio 3.5mm<\/td>\n<\/tr>\n<tr>\n<td>Entrada de audio microfono combo 3.5<\/td>\n<\/tr>\n<tr>\n<td>Sistemas operativos:<\/td>\n<\/tr>\n<tr>\n<td> windows 11<\/td>\n<\/tr>\n<tr>\n<td>Caracteristicas electricas:<\/td>\n<\/tr>\n<tr>\n<td>Salida del adaptador dc 12v, 5a<\/td>\n<\/tr>\n<tr>\n<td>Entrada del adaptador ac 100-240v, 50-60hz<\/td>\n<\/tr>\n<tr>\n<td>Condiciones ambientales:<\/td>\n<\/tr>\n<tr>\n<td>Temperatura de operacion -10 and 8451; ~ 60 and 8451;<\/td>\n<\/tr>\n<tr>\n<td>Temperatura de almacenaje -20 and 8451; ~ 70 and 8451;<\/td>\n<\/tr>\n<tr>\n<td>Humedad 5 ~ 90 sin condensacion<\/td>\n<\/tr>\n<tr>\n<td>Empaque:<\/td>\n<\/tr>\n<tr>\n<td>En la caja adaptador, montaje vesa<\/td>\n<\/tr>\n<tr>\n<td>Tamao del empaque 318mm x 254mm x 76mm<\/td>\n<\/tr>\n<tr>\n<td>Peso bruto 2.05kg.<\/td>\n<\/tr>\n<\/table>\n","protected":false},"excerpt":{"rendered":"<p>El pc industrial 3nstar es una pc sin ventilador diseado con una gran capacidad de puertos, alta flexibilidad y facilidad de expansion. Entre las caracteristicas de esta pc robusta incluyen disco duro en estado solido ssd, compatibilidad como montaje vesa, wi-fi, bluetooth, 2 puertos de red, 6 puertos de usb y 2 puesrtos rs232.<\/p>\n","protected":false},"featured_media":263271,"comment_status":"open","ping_status":"open","template":"","meta":[],"product_cat":[1971,2309],"product_tag":[1570],"acf":[],"yoast_head":"<!-- This site is optimized with the Yoast SEO plugin v21.7 - https:\/\/yoast.com\/wordpress\/plugins\/seo\/ -->\n<title>[ 3nstar ] &#129351; Pc082wv-8-240w11 Pc Industrial Intel Celeron J6412 \/8gb Ram 240gb Ssd\/ Hd Wi-fi Doble Banda \/ Bluetooth 4.0 \/6 Puertos Usb Hdmi Y Vga, Con Windows 11 Iot Enterprise Entry<\/title>\n<meta name=\"description\" content=\"Compra Pc082wv-8-240w11 Pc Industrial Intel Celeron J6412 \/8gb Ram 240gb Ssd\/ Hd Wi-fi Doble Banda \/ Bluetooth 4.0 \/6 Puertos Usb Hdmi Y Vga, Con Windows 11 Iot Enterprise Entry + Env\u00edo a domicilio + Pago seguro + Garant\u00eda\" \/>\n<meta name=\"robots\" content=\"index, follow, max-snippet:-1, max-image-preview:large, max-video-preview:-1\" \/>\n<link rel=\"canonical\" href=\"https:\/\/compuviper.mx\/tienda\/producto\/3nstar-pc082wv-8-240w11-pc-industrial-intel-celeron-j6412-8gb-ram-240gb-ssd-hd-wi-fi-doble-banda-bluetooth-4-0-6-puertos-usb-hdmi-y-vga-con-windows-11-iot-enterprise-entry\/\" \/>\n<meta property=\"og:locale\" content=\"es_MX\" \/>\n<meta property=\"og:type\" content=\"article\" \/>\n<meta property=\"og:title\" content=\"[ 3nstar ] &#129351; Pc082wv-8-240w11 Pc Industrial Intel Celeron J6412 \/8gb Ram 240gb Ssd\/ Hd Wi-fi Doble Banda \/ Bluetooth 4.0 \/6 Puertos Usb Hdmi Y Vga, Con Windows 11 Iot Enterprise Entry\" \/>\n<meta property=\"og:description\" content=\"Compra Pc082wv-8-240w11 Pc Industrial Intel Celeron J6412 \/8gb Ram 240gb Ssd\/ Hd Wi-fi Doble Banda \/ Bluetooth 4.0 \/6 Puertos Usb Hdmi Y Vga, Con Windows 11 Iot Enterprise Entry + Env\u00edo a domicilio + Pago seguro + Garant\u00eda\" \/>\n<meta property=\"og:url\" content=\"https:\/\/compuviper.mx\/tienda\/producto\/3nstar-pc082wv-8-240w11-pc-industrial-intel-celeron-j6412-8gb-ram-240gb-ssd-hd-wi-fi-doble-banda-bluetooth-4-0-6-puertos-usb-hdmi-y-vga-con-windows-11-iot-enterprise-entry\/\" \/>\n<meta property=\"og:site_name\" content=\"Compuviper\" \/>\n<meta property=\"article:publisher\" content=\"https:\/\/www.facebook.com\/compuviper\" \/>\n<meta property=\"og:image\" content=\"https:\/\/compuviper.mx\/tienda\/wp-content\/uploads\/2025\/11\/Pc-industrial-3nstar-pc082wv-8-240w11-intel-celeron-j6412-8gb-ram-240gb-ssd-hd-wi-fi-doble-banda-bluetooth-4.0-6-puertos-usb-hdmi-y-vga-con-windows-11-iot-enterprise-entry.jpg\" \/>\n\t<meta property=\"og:image:width\" content=\"200\" \/>\n\t<meta property=\"og:image:height\" content=\"200\" \/>\n\t<meta property=\"og:image:type\" content=\"image\/jpeg\" \/>\n<meta name=\"twitter:card\" content=\"summary_large_image\" \/>\n<meta name=\"twitter:label1\" content=\"Precio\" \/>\n\t<meta name=\"twitter:data1\" content=\"&#36;7,940 con IVA\" \/>\n\t<meta name=\"twitter:label2\" content=\"Availability\" \/>\n\t<meta name=\"twitter:data2\" content=\"On backorder\" \/>\n<script type=\"application\/ld+json\" class=\"yoast-schema-graph\">{\"@context\":\"https:\/\/schema.org\",\"@graph\":[{\"@type\":\"WebPage\",\"@id\":\"https:\/\/compuviper.mx\/tienda\/producto\/3nstar-pc082wv-8-240w11-pc-industrial-intel-celeron-j6412-8gb-ram-240gb-ssd-hd-wi-fi-doble-banda-bluetooth-4-0-6-puertos-usb-hdmi-y-vga-con-windows-11-iot-enterprise-entry\/\",\"url\":\"https:\/\/compuviper.mx\/tienda\/producto\/3nstar-pc082wv-8-240w11-pc-industrial-intel-celeron-j6412-8gb-ram-240gb-ssd-hd-wi-fi-doble-banda-bluetooth-4-0-6-puertos-usb-hdmi-y-vga-con-windows-11-iot-enterprise-entry\/\",\"name\":\"[ 3nstar ] &#129351; Pc082wv-8-240w11 Pc Industrial Intel Celeron J6412 \/8gb Ram 240gb Ssd\/ Hd Wi-fi Doble Banda \/ Bluetooth 4.0 \/6 Puertos Usb Hdmi Y Vga, Con Windows 11 Iot Enterprise Entry\",\"isPartOf\":{\"@id\":\"https:\/\/compuviper.mx\/tienda\/#website\"},\"datePublished\":\"2026-04-02T07:27:45+00:00\",\"dateModified\":\"2026-04-02T07:27:45+00:00\",\"description\":\"Compra Pc082wv-8-240w11 Pc Industrial Intel Celeron J6412 \/8gb Ram 240gb Ssd\/ Hd Wi-fi Doble Banda \/ Bluetooth 4.0 \/6 Puertos Usb Hdmi Y Vga, Con Windows 11 Iot Enterprise Entry + Env\u00edo a domicilio + Pago seguro + Garant\u00eda\",\"breadcrumb\":{\"@id\":\"https:\/\/compuviper.mx\/tienda\/producto\/3nstar-pc082wv-8-240w11-pc-industrial-intel-celeron-j6412-8gb-ram-240gb-ssd-hd-wi-fi-doble-banda-bluetooth-4-0-6-puertos-usb-hdmi-y-vga-con-windows-11-iot-enterprise-entry\/#breadcrumb\"},\"inLanguage\":\"es-MX\",\"potentialAction\":[{\"@type\":\"ReadAction\",\"target\":[\"https:\/\/compuviper.mx\/tienda\/producto\/3nstar-pc082wv-8-240w11-pc-industrial-intel-celeron-j6412-8gb-ram-240gb-ssd-hd-wi-fi-doble-banda-bluetooth-4-0-6-puertos-usb-hdmi-y-vga-con-windows-11-iot-enterprise-entry\/\"]}]},{\"@type\":\"BreadcrumbList\",\"@id\":\"https:\/\/compuviper.mx\/tienda\/producto\/3nstar-pc082wv-8-240w11-pc-industrial-intel-celeron-j6412-8gb-ram-240gb-ssd-hd-wi-fi-doble-banda-bluetooth-4-0-6-puertos-usb-hdmi-y-vga-con-windows-11-iot-enterprise-entry\/#breadcrumb\",\"itemListElement\":[{\"@type\":\"ListItem\",\"position\":1,\"name\":\"Inicio\",\"item\":\"https:\/\/compuviper.mx\/tienda\/\"},{\"@type\":\"ListItem\",\"position\":2,\"name\":\"Productos\",\"item\":\"https:\/\/compuviper.mx\/tienda\/productos\/\"},{\"@type\":\"ListItem\",\"position\":3,\"name\":\"Computadoras\",\"item\":\"https:\/\/compuviper.mx\/tienda\/categoria-producto\/computadoras\/\"},{\"@type\":\"ListItem\",\"position\":4,\"name\":\"Punto De Venta\",\"item\":\"https:\/\/compuviper.mx\/tienda\/categoria-producto\/computadoras\/punto-de-venta-computadoras\/\"},{\"@type\":\"ListItem\",\"position\":5,\"name\":\"3nstar Pc082wv-8-240w11 Pc Industrial Intel Celeron J6412 \/8gb Ram 240gb Ssd\/ Hd Wi-fi Doble Banda \/ Bluetooth 4.0 \/6 Puertos Usb Hdmi Y Vga, Con Windows 11 Iot Enterprise Entry\"}]},{\"@type\":\"WebSite\",\"@id\":\"https:\/\/compuviper.mx\/tienda\/#website\",\"url\":\"https:\/\/compuviper.mx\/tienda\/\",\"name\":\"Compuviper\",\"description\":\"Proveedor de Computadoras, Laptops, Servidores, Monitores, Puntos de Venta, Teclados,   Impresoras, T\u00f3ner, C\u00e1maras de Seguridad y m\u00e1s en tu tienda en l\u00ednea\",\"publisher\":{\"@id\":\"https:\/\/compuviper.mx\/tienda\/#organization\"},\"potentialAction\":[{\"@type\":\"SearchAction\",\"target\":{\"@type\":\"EntryPoint\",\"urlTemplate\":\"https:\/\/compuviper.mx\/tienda\/?s={search_term_string}\"},\"query-input\":\"required name=search_term_string\"}],\"inLanguage\":\"es-MX\"},{\"@type\":\"Organization\",\"@id\":\"https:\/\/compuviper.mx\/tienda\/#organization\",\"name\":\"Compuviper\",\"url\":\"https:\/\/compuviper.mx\/tienda\/\",\"logo\":{\"@type\":\"ImageObject\",\"inLanguage\":\"es-MX\",\"@id\":\"https:\/\/compuviper.mx\/tienda\/#\/schema\/logo\/image\/\",\"url\":\"https:\/\/compuviper.mx\/tienda\/wp-content\/uploads\/2021\/08\/Logo-Compuviper-10.png\",\"contentUrl\":\"https:\/\/compuviper.mx\/tienda\/wp-content\/uploads\/2021\/08\/Logo-Compuviper-10.png\",\"width\":1000,\"height\":500,\"caption\":\"Compuviper\"},\"image\":{\"@id\":\"https:\/\/compuviper.mx\/tienda\/#\/schema\/logo\/image\/\"},\"sameAs\":[\"https:\/\/www.facebook.com\/compuviper\",\"https:\/\/www.youtube.com\/channel\/UCf73dERp9Y3cfOq7q8BhLjA?view_as=subscriber\"]}]}<\/script>\n<meta property=\"product:brand\" content=\"3NSTAR\" \/>\n<meta property=\"product:price:amount\" content=\"7940\" \/>\n<meta property=\"product:price:currency\" content=\"MXN\" \/>\n<meta property=\"og:availability\" content=\"backorder\" \/>\n<meta property=\"product:availability\" content=\"available for order\" \/>\n<meta property=\"product:retailer_item_id\" content=\"PC082WV-8-240W11\" \/>\n<meta property=\"product:condition\" content=\"new\" \/>\n<!-- \/ Yoast SEO plugin. -->","yoast_head_json":{"title":"[ 3nstar ] &#129351; Pc082wv-8-240w11 Pc Industrial Intel Celeron J6412 \/8gb Ram 240gb Ssd\/ Hd Wi-fi Doble Banda \/ Bluetooth 4.0 \/6 Puertos Usb Hdmi Y Vga, Con Windows 11 Iot Enterprise Entry","description":"Compra Pc082wv-8-240w11 Pc Industrial Intel Celeron J6412 \/8gb Ram 240gb Ssd\/ Hd Wi-fi Doble Banda \/ Bluetooth 4.0 \/6 Puertos Usb Hdmi Y Vga, Con Windows 11 Iot Enterprise Entry + Env\u00edo a domicilio + Pago seguro + Garant\u00eda","robots":{"index":"index","follow":"follow","max-snippet":"max-snippet:-1","max-image-preview":"max-image-preview:large","max-video-preview":"max-video-preview:-1"},"canonical":"https:\/\/compuviper.mx\/tienda\/producto\/3nstar-pc082wv-8-240w11-pc-industrial-intel-celeron-j6412-8gb-ram-240gb-ssd-hd-wi-fi-doble-banda-bluetooth-4-0-6-puertos-usb-hdmi-y-vga-con-windows-11-iot-enterprise-entry\/","og_locale":"es_MX","og_type":"article","og_title":"[ 3nstar ] &#129351; Pc082wv-8-240w11 Pc Industrial Intel Celeron J6412 \/8gb Ram 240gb Ssd\/ Hd Wi-fi Doble Banda \/ Bluetooth 4.0 \/6 Puertos Usb Hdmi Y Vga, Con Windows 11 Iot Enterprise Entry","og_description":"Compra Pc082wv-8-240w11 Pc Industrial Intel Celeron J6412 \/8gb Ram 240gb Ssd\/ Hd Wi-fi Doble Banda \/ Bluetooth 4.0 \/6 Puertos Usb Hdmi Y Vga, Con Windows 11 Iot Enterprise Entry + Env\u00edo a domicilio + Pago seguro + Garant\u00eda","og_url":"https:\/\/compuviper.mx\/tienda\/producto\/3nstar-pc082wv-8-240w11-pc-industrial-intel-celeron-j6412-8gb-ram-240gb-ssd-hd-wi-fi-doble-banda-bluetooth-4-0-6-puertos-usb-hdmi-y-vga-con-windows-11-iot-enterprise-entry\/","og_site_name":"Compuviper","article_publisher":"https:\/\/www.facebook.com\/compuviper","og_image":[{"width":200,"height":200,"url":"https:\/\/compuviper.mx\/tienda\/wp-content\/uploads\/2025\/11\/Pc-industrial-3nstar-pc082wv-8-240w11-intel-celeron-j6412-8gb-ram-240gb-ssd-hd-wi-fi-doble-banda-bluetooth-4.0-6-puertos-usb-hdmi-y-vga-con-windows-11-iot-enterprise-entry.jpg","type":"image\/jpeg"}],"twitter_card":"summary_large_image","twitter_misc":{"Precio":"&#36;7,940 con IVA","Availability":"On backorder"},"schema":{"@context":"https:\/\/schema.org","@graph":[{"@type":"WebPage","@id":"https:\/\/compuviper.mx\/tienda\/producto\/3nstar-pc082wv-8-240w11-pc-industrial-intel-celeron-j6412-8gb-ram-240gb-ssd-hd-wi-fi-doble-banda-bluetooth-4-0-6-puertos-usb-hdmi-y-vga-con-windows-11-iot-enterprise-entry\/","url":"https:\/\/compuviper.mx\/tienda\/producto\/3nstar-pc082wv-8-240w11-pc-industrial-intel-celeron-j6412-8gb-ram-240gb-ssd-hd-wi-fi-doble-banda-bluetooth-4-0-6-puertos-usb-hdmi-y-vga-con-windows-11-iot-enterprise-entry\/","name":"[ 3nstar ] &#129351; Pc082wv-8-240w11 Pc Industrial Intel Celeron J6412 \/8gb Ram 240gb Ssd\/ Hd Wi-fi Doble Banda \/ Bluetooth 4.0 \/6 Puertos Usb Hdmi Y Vga, Con Windows 11 Iot Enterprise Entry","isPartOf":{"@id":"https:\/\/compuviper.mx\/tienda\/#website"},"datePublished":"2026-04-02T07:27:45+00:00","dateModified":"2026-04-02T07:27:45+00:00","description":"Compra Pc082wv-8-240w11 Pc Industrial Intel Celeron J6412 \/8gb Ram 240gb Ssd\/ Hd Wi-fi Doble Banda \/ Bluetooth 4.0 \/6 Puertos Usb Hdmi Y Vga, Con Windows 11 Iot Enterprise Entry + Env\u00edo a domicilio + Pago seguro + Garant\u00eda","breadcrumb":{"@id":"https:\/\/compuviper.mx\/tienda\/producto\/3nstar-pc082wv-8-240w11-pc-industrial-intel-celeron-j6412-8gb-ram-240gb-ssd-hd-wi-fi-doble-banda-bluetooth-4-0-6-puertos-usb-hdmi-y-vga-con-windows-11-iot-enterprise-entry\/#breadcrumb"},"inLanguage":"es-MX","potentialAction":[{"@type":"ReadAction","target":["https:\/\/compuviper.mx\/tienda\/producto\/3nstar-pc082wv-8-240w11-pc-industrial-intel-celeron-j6412-8gb-ram-240gb-ssd-hd-wi-fi-doble-banda-bluetooth-4-0-6-puertos-usb-hdmi-y-vga-con-windows-11-iot-enterprise-entry\/"]}]},{"@type":"BreadcrumbList","@id":"https:\/\/compuviper.mx\/tienda\/producto\/3nstar-pc082wv-8-240w11-pc-industrial-intel-celeron-j6412-8gb-ram-240gb-ssd-hd-wi-fi-doble-banda-bluetooth-4-0-6-puertos-usb-hdmi-y-vga-con-windows-11-iot-enterprise-entry\/#breadcrumb","itemListElement":[{"@type":"ListItem","position":1,"name":"Inicio","item":"https:\/\/compuviper.mx\/tienda\/"},{"@type":"ListItem","position":2,"name":"Productos","item":"https:\/\/compuviper.mx\/tienda\/productos\/"},{"@type":"ListItem","position":3,"name":"Computadoras","item":"https:\/\/compuviper.mx\/tienda\/categoria-producto\/computadoras\/"},{"@type":"ListItem","position":4,"name":"Punto De Venta","item":"https:\/\/compuviper.mx\/tienda\/categoria-producto\/computadoras\/punto-de-venta-computadoras\/"},{"@type":"ListItem","position":5,"name":"3nstar Pc082wv-8-240w11 Pc Industrial Intel Celeron J6412 \/8gb Ram 240gb Ssd\/ Hd Wi-fi Doble Banda \/ Bluetooth 4.0 \/6 Puertos Usb Hdmi Y Vga, Con Windows 11 Iot Enterprise Entry"}]},{"@type":"WebSite","@id":"https:\/\/compuviper.mx\/tienda\/#website","url":"https:\/\/compuviper.mx\/tienda\/","name":"Compuviper","description":"Proveedor de Computadoras, Laptops, Servidores, Monitores, Puntos de Venta, Teclados,   Impresoras, T\u00f3ner, C\u00e1maras de Seguridad y m\u00e1s en tu tienda en l\u00ednea","publisher":{"@id":"https:\/\/compuviper.mx\/tienda\/#organization"},"potentialAction":[{"@type":"SearchAction","target":{"@type":"EntryPoint","urlTemplate":"https:\/\/compuviper.mx\/tienda\/?s={search_term_string}"},"query-input":"required name=search_term_string"}],"inLanguage":"es-MX"},{"@type":"Organization","@id":"https:\/\/compuviper.mx\/tienda\/#organization","name":"Compuviper","url":"https:\/\/compuviper.mx\/tienda\/","logo":{"@type":"ImageObject","inLanguage":"es-MX","@id":"https:\/\/compuviper.mx\/tienda\/#\/schema\/logo\/image\/","url":"https:\/\/compuviper.mx\/tienda\/wp-content\/uploads\/2021\/08\/Logo-Compuviper-10.png","contentUrl":"https:\/\/compuviper.mx\/tienda\/wp-content\/uploads\/2021\/08\/Logo-Compuviper-10.png","width":1000,"height":500,"caption":"Compuviper"},"image":{"@id":"https:\/\/compuviper.mx\/tienda\/#\/schema\/logo\/image\/"},"sameAs":["https:\/\/www.facebook.com\/compuviper","https:\/\/www.youtube.com\/channel\/UCf73dERp9Y3cfOq7q8BhLjA?view_as=subscriber"]}]},"product_brand":"3NSTAR","product_price_amount":"7940","product_price_currency":"MXN","og_availability":"backorder","product_availability":"available for order","product_retailer_item_id":"PC082WV-8-240W11","product_condition":"new"},"_links":{"self":[{"href":"https:\/\/compuviper.mx\/tienda\/wp-json\/wp\/v2\/product\/262671"}],"collection":[{"href":"https:\/\/compuviper.mx\/tienda\/wp-json\/wp\/v2\/product"}],"about":[{"href":"https:\/\/compuviper.mx\/tienda\/wp-json\/wp\/v2\/types\/product"}],"replies":[{"embeddable":true,"href":"https:\/\/compuviper.mx\/tienda\/wp-json\/wp\/v2\/comments?post=262671"}],"wp:featuredmedia":[{"embeddable":true,"href":"https:\/\/compuviper.mx\/tienda\/wp-json\/wp\/v2\/media\/263271"}],"wp:attachment":[{"href":"https:\/\/compuviper.mx\/tienda\/wp-json\/wp\/v2\/media?parent=262671"}],"wp:term":[{"taxonomy":"product_cat","embeddable":true,"href":"https:\/\/compuviper.mx\/tienda\/wp-json\/wp\/v2\/product_cat?post=262671"},{"taxonomy":"product_tag","embeddable":true,"href":"https:\/\/compuviper.mx\/tienda\/wp-json\/wp\/v2\/product_tag?post=262671"}],"curies":[{"name":"wp","href":"https:\/\/api.w.org\/{rel}","templated":true}]}}