{"id":262666,"date":"2026-04-07T00:45:06","date_gmt":"2026-04-07T06:45:06","guid":{"rendered":"https:\/\/compuviper.mx\/tienda\/producto\/asus-oem-prime-h610m-k197105336322-mb-asus-h610-intel-s-1700-12a-gen-2x-ddr5-5600-hdmi-d-sub-m-2-2x-usb3-2-micro-atx-gama-basica\/"},"modified":"2026-04-07T00:45:06","modified_gmt":"2026-04-07T06:45:06","slug":"asus-oem-prime-h610m-k197105336322-mb-asus-h610-intel-s-1700-14a-gen-2x-ddr5-5600-hdmi-d-sub-m-2-2x-usb3-2-micro-atx-gama-basica","status":"publish","type":"product","link":"https:\/\/compuviper.mx\/tienda\/producto\/asus-oem-prime-h610m-k197105336322-mb-asus-h610-intel-s-1700-14a-gen-2x-ddr5-5600-hdmi-d-sub-m-2-2x-usb3-2-micro-atx-gama-basica\/","title":{"rendered":"Asus Oem Prime H610m-k,197105336322 Mb Asus H610 Intel S-1700 14a Gen\/2x Ddr5 5600\/hdmi\/d-sub\/m.2\/2x Usb3.2\/micro Atx\/gama Basica"},"content":{"rendered":"<table class=\"descripcion\">\n<tr>\n<td>Cpu<\/td>\n<\/tr>\n<tr>\n<td>Intel\u00ae socket lga1700 for intel\u00ae core\u0099 14th  and  13th gen processors, intel\u00ae core\u0099 12th gen, pentium\u00ae gold and celeron\u00ae processors<\/td>\n<\/tr>\n<tr>\n<td>Supports intel\u00ae turbo boost technology 2.0 and intel\u00ae turbo boost max technology 3.0<\/td>\n<\/tr>\n<tr>\n<td> refer to www.asus.com for cpu support list.<\/td>\n<\/tr>\n<tr>\n<td> intel\u00ae turbo boost max technology 3.0 support depends on the cpu types.<\/td>\n<\/tr>\n<tr>\n<td>Chipset<\/td>\n<\/tr>\n<tr>\n<td>Intel\u00ae h610 chipset<\/td>\n<\/tr>\n<tr>\n<td>Memory<\/td>\n<\/tr>\n<tr>\n<td>2 x dimm slots, max. 96gb, ddr5 5600\/5400\/5200\/5000\/4800 non-ecc, un-buffered memory<\/td>\n<\/tr>\n<tr>\n<td>Dual channel memory architecture<\/td>\n<\/tr>\n<tr>\n<td>Supports intel\u00ae extreme memory profile xmp<\/td>\n<\/tr>\n<tr>\n<td> actual memory data rate depends on the cpu types and dram modules, for more information refer to www.asus.com for the memory qvl qualified vendors lists.<\/td>\n<\/tr>\n<tr>\n<td>Graphics<\/td>\n<\/tr>\n<tr>\n<td>1 x displayport<\/td>\n<\/tr>\n<tr>\n<td>1 x vga port<\/td>\n<\/tr>\n<tr>\n<td>1 x hdmitm port<\/td>\n<\/tr>\n<tr>\n<td> graphics specifications may vary between cpu types. please refer to www.intel.com for any updates.<\/td>\n<\/tr>\n<tr>\n<td> supports max. 4k@60hz as specified in displayport 1.4.<\/td>\n<\/tr>\n<tr>\n<td> supports 4k@60hz as specified in hdmitm2.1.<\/td>\n<\/tr>\n<tr>\n<td>Expansion slots<\/td>\n<\/tr>\n<tr>\n<td>Intel\u00ae coretm processors 14th  and  13th  and  12th gen<\/td>\n<\/tr>\n<tr>\n<td>1 x pcie 4.0 x16 slot<\/td>\n<\/tr>\n<tr>\n<td>Intel\u00ae h610 chipset<\/td>\n<\/tr>\n<tr>\n<td>1 x pcie 3.0 x1 slot<\/td>\n<\/tr>\n<tr>\n<td>Storage<\/td>\n<\/tr>\n<tr>\n<td>Total supports 2 x m.2 slots and 4 x sata 6gb\/s ports<\/td>\n<\/tr>\n<tr>\n<td>Intel\u00ae coretm processors 14th  and  13th  and  12th gen<\/td>\n<\/tr>\n<tr>\n<td>Intel\u00ae h610 chipset<\/td>\n<\/tr>\n<tr>\n<td>M.2_1 slot key m, type 2242\/2260\/2280 supports pcie 3.0 x4 mode<\/td>\n<\/tr>\n<tr>\n<td>M.2_2 slot key m, type 2242\/2260\/2280 supports pcie 3.0 x2 mode<\/td>\n<\/tr>\n<tr>\n<td>4 x sata 6gb\/s ports<\/td>\n<\/tr>\n<tr>\n<td>Ethernet<\/td>\n<\/tr>\n<tr>\n<td>1 x realtek 1gb ethernet<\/td>\n<\/tr>\n<tr>\n<td>Usb<\/td>\n<\/tr>\n<tr>\n<td>Rear usb total 4 ports<\/td>\n<\/tr>\n<tr>\n<td>2 x usb 3.2 gen 1 ports 2 x type-a<\/td>\n<\/tr>\n<tr>\n<td>2 x usb 2.0 ports 2 x type-a<\/td>\n<\/tr>\n<tr>\n<td>Front usb total 5 ports<\/td>\n<\/tr>\n<tr>\n<td>1 x usb 3.2 gen 1 header supports additional 2 usb 3.2 gen 1 ports<\/td>\n<\/tr>\n<tr>\n<td>2 x usb 2.0 headers support additional 3 usb 2.0 ports<\/td>\n<\/tr>\n<tr>\n<td>Audio<\/td>\n<\/tr>\n<tr>\n<td>Realtek 7.1 surround sound high definition audio codec<\/td>\n<\/tr>\n<tr>\n<td>&#8211; supports: jack-detection, multi-streaming, front panel jack-retasking<\/td>\n<\/tr>\n<tr>\n<td>&#8211; supports up to 24-bit\/192 khz playback<\/td>\n<\/tr>\n<tr>\n<td>Audio features<\/td>\n<\/tr>\n<tr>\n<td>&#8211; audio shielding<\/td>\n<\/tr>\n<tr>\n<td>&#8211; premium audio capacitors<\/td>\n<\/tr>\n<tr>\n<td>&#8211; dedicated audio pcb layers<\/td>\n<\/tr>\n<tr>\n<td> a chassis with an hd audio module in the front panel is required to support 7.1 surround sound audio output.<\/td>\n<\/tr>\n<tr>\n<td>Back panel i\/o ports<\/td>\n<\/tr>\n<tr>\n<td>2 x usb 3.2 gen 15g  ports 2 x type-a<\/td>\n<\/tr>\n<tr>\n<td>2 x usb 2.0 ports 2 x type-a<\/td>\n<\/tr>\n<tr>\n<td>1 x displayport<\/td>\n<\/tr>\n<tr>\n<td>1 x vga port<\/td>\n<\/tr>\n<tr>\n<td>1 x hdmitm port<\/td>\n<\/tr>\n<tr>\n<td>1 x realtek 1gb ethernet port<\/td>\n<\/tr>\n<tr>\n<td>3 x audio jacks<\/td>\n<\/tr>\n<tr>\n<td>1 x ps\/2 keyboard purple port<\/td>\n<\/tr>\n<tr>\n<td>1 x ps\/2 mouse green port<\/td>\n<\/tr>\n<tr>\n<td>Internal i\/o connectors<\/td>\n<\/tr>\n<tr>\n<td>Fan and cooling related<\/td>\n<\/tr>\n<tr>\n<td>1 x 4-pin cpu fan header<\/td>\n<\/tr>\n<tr>\n<td>2 x 4-pin chassis fan headers<\/td>\n<\/tr>\n<tr>\n<td>Power related<\/td>\n<\/tr>\n<tr>\n<td>1 x 24-pin main power connector<\/td>\n<\/tr>\n<tr>\n<td>1 x 8-pin 12v power connector<\/td>\n<\/tr>\n<tr>\n<td>Storage related<\/td>\n<\/tr>\n<tr>\n<td>2 x m.2 slots key m<\/td>\n<\/tr>\n<tr>\n<td>4 x sata 6gb\/s ports<\/td>\n<\/tr>\n<tr>\n<td>Usb<\/td>\n<\/tr>\n<tr>\n<td>1 x usb 3.2 gen 15g  header supports additional 2 usb 3.2 gen 1 ports<\/td>\n<\/tr>\n<tr>\n<td>2 x usb 2.0 headers support additional 3 usb 2.0 ports<\/td>\n<\/tr>\n<tr>\n<td>Miscellaneous<\/td>\n<\/tr>\n<tr>\n<td>1 x aura rgb header<\/td>\n<\/tr>\n<tr>\n<td>3 x addressable gen 2  headers<\/td>\n<\/tr>\n<tr>\n<td>1 x clear cmos header<\/td>\n<\/tr>\n<tr>\n<td>1 x front panel audio header aafp<\/td>\n<\/tr>\n<tr>\n<td>1 x com port header<\/td>\n<\/tr>\n<tr>\n<td>1 x s\/pdif out header<\/td>\n<\/tr>\n<tr>\n<td>1 x speaker header<\/td>\n<\/tr>\n<tr>\n<td>1 x spi tpm header 14-1pin<\/td>\n<\/tr>\n<tr>\n<td>1 x 10-1 pin system panel header<\/td>\n<\/tr>\n<tr>\n<td>Special features<\/td>\n<\/tr>\n<tr>\n<td>Asus 5x protection iii<\/td>\n<\/tr>\n<tr>\n<td>&#8211; digi vrm<\/td>\n<\/tr>\n<tr>\n<td>&#8211; languard<\/td>\n<\/tr>\n<tr>\n<td>&#8211; overvoltage protection<\/td>\n<\/tr>\n<tr>\n<td>&#8211; safeslot core<\/td>\n<\/tr>\n<tr>\n<td>&#8211; stainless-steel back i\/o<\/td>\n<\/tr>\n<tr>\n<td>Asus q-design<\/td>\n<\/tr>\n<tr>\n<td>&#8211; q-dimm<\/td>\n<\/tr>\n<tr>\n<td>&#8211; q-slot<\/td>\n<\/tr>\n<tr>\n<td>&#8211; q-led core<\/td>\n<\/tr>\n<tr>\n<td>Asus thermal solution<\/td>\n<\/tr>\n<tr>\n<td>&#8211; aluminum heatsink design<\/td>\n<\/tr>\n<tr>\n<td>Aura sync<\/td>\n<\/tr>\n<tr>\n<td>&#8211; aura rgb header<\/td>\n<\/tr>\n<tr>\n<td>&#8211; addressable gen 2 rgb headers<\/td>\n<\/tr>\n<tr>\n<td>Software features<\/td>\n<\/tr>\n<tr>\n<td>Asus exclusive software<\/td>\n<\/tr>\n<tr>\n<td>Armoury crate<\/td>\n<\/tr>\n<tr>\n<td>&#8211; aura creator<\/td>\n<\/tr>\n<tr>\n<td>&#8211; aura sync<\/td>\n<\/tr>\n<tr>\n<td>&#8211; fan xpert 2<\/td>\n<\/tr>\n<tr>\n<td>&#8211; two-way ai noise cancellation<\/td>\n<\/tr>\n<tr>\n<td>Ai suite 3<\/td>\n<\/tr>\n<tr>\n<td>&#8211; performance and power saving utility<\/td>\n<\/tr>\n<tr>\n<td> epu<\/td>\n<\/tr>\n<tr>\n<td> digi vrm<\/td>\n<\/tr>\n<tr>\n<td>Asus cpu-z<\/td>\n<\/tr>\n<tr>\n<td>Norton 360 deluxe 60 days free trial<\/td>\n<\/tr>\n<tr>\n<td>Winrar<\/td>\n<\/tr>\n<tr>\n<td>Uefi bios<\/td>\n<\/tr>\n<tr>\n<td>Asus ez diy<\/td>\n<\/tr>\n<tr>\n<td>&#8211; asus crashfree bios 3<\/td>\n<\/tr>\n<tr>\n<td>&#8211; asus ez flash 3<\/td>\n<\/tr>\n<tr>\n<td>&#8211; asus uefi bios ez mode<\/td>\n<\/tr>\n<tr>\n<td>Bios<\/td>\n<\/tr>\n<tr>\n<td>128 mb flash rom, uefi ami bios<\/td>\n<\/tr>\n<tr>\n<td>Manageability<\/td>\n<\/tr>\n<tr>\n<td>Wol by pme, pxe<\/td>\n<\/tr>\n<tr>\n<td>Accessories<\/td>\n<\/tr>\n<tr>\n<td> cables<\/td>\n<\/tr>\n<tr>\n<td>2 x sata 6gb\/s cables<\/td>\n<\/tr>\n<tr>\n<td>Miscellaneous<\/td>\n<\/tr>\n<tr>\n<td>1 x i\/o shield<\/td>\n<\/tr>\n<tr>\n<td>1 x m.2 ssd screw package<\/td>\n<\/tr>\n<tr>\n<td>Documentation<\/td>\n<\/tr>\n<tr>\n<td>1 x user guide<\/td>\n<\/tr>\n<tr>\n<td>Operating system<\/td>\n<\/tr>\n<tr>\n<td>Windows\u00ae 11 64-bit, windows\u00ae 10 64-bit<\/td>\n<\/tr>\n<tr>\n<td>Form factor<\/td>\n<\/tr>\n<tr>\n<td>Matx form factor<\/td>\n<\/tr>\n<tr>\n<td>9.6 inch x 8.3 inch  24.4 cm x 21.1 cm<\/td>\n<\/tr>\n<\/table>\n","protected":false},"excerpt":{"rendered":"<p>Tarjeta madre intel\u00ae h610 lga 1700 mic-atx con ddr4, pcie 4.0, puerto m.2, realtek 1 gb ethernet, hdmi\u00ae, d-sub, puertos usb 3.2 gen 1, sata 6 gbps, puerto com y puerto rgb. Socket intel\u00ae lga 1700: listo para procesadores intel\u00ae de 12a gen. Refrigeracin completa: disipador de calor pch y fan xpert. Conectividad ultrarrpida: puerto m.2 de 32 gbps, ethernet realtek de 1gb y usb 3.2 gen 1. 5x protection iii: mltiples protecciones de hardware para una proteccin completa.<\/p>\n","protected":false},"featured_media":0,"comment_status":"open","ping_status":"open","template":"","meta":[],"product_cat":[2239,1727],"product_tag":[2096],"acf":[],"yoast_head":"<!-- This site is optimized with the Yoast SEO plugin v21.7 - https:\/\/yoast.com\/wordpress\/plugins\/seo\/ -->\n<title>[ Asus Oem ] &#129351; Prime H610m-k,197105336322 Mb Asus H610 Intel S-1700 14a Gen\/2x Ddr5 5600\/hdmi\/d-sub\/m.2\/2x Usb3.2\/micro Atx\/gama Basica<\/title>\n<meta name=\"description\" content=\"Compra Prime H610m-k,197105336322 Mb Asus H610 Intel S-1700 14a Gen\/2x Ddr5 5600\/hdmi\/d-sub\/m.2\/2x Usb3.2\/micro Atx\/gama Basica + Env\u00edo a domicilio + Pago seguro + Garant\u00eda\" \/>\n<meta name=\"robots\" content=\"index, follow, max-snippet:-1, max-image-preview:large, max-video-preview:-1\" \/>\n<link rel=\"canonical\" href=\"https:\/\/compuviper.mx\/tienda\/producto\/asus-oem-prime-h610m-k197105336322-mb-asus-h610-intel-s-1700-14a-gen-2x-ddr5-5600-hdmi-d-sub-m-2-2x-usb3-2-micro-atx-gama-basica\/\" \/>\n<meta property=\"og:locale\" content=\"es_MX\" \/>\n<meta property=\"og:type\" content=\"article\" \/>\n<meta property=\"og:title\" content=\"[ Asus Oem ] &#129351; Prime H610m-k,197105336322 Mb Asus H610 Intel S-1700 14a Gen\/2x Ddr5 5600\/hdmi\/d-sub\/m.2\/2x Usb3.2\/micro Atx\/gama Basica\" \/>\n<meta property=\"og:description\" content=\"Compra Prime H610m-k,197105336322 Mb Asus H610 Intel S-1700 14a Gen\/2x Ddr5 5600\/hdmi\/d-sub\/m.2\/2x Usb3.2\/micro Atx\/gama Basica + Env\u00edo a domicilio + Pago seguro + Garant\u00eda\" \/>\n<meta property=\"og:url\" content=\"https:\/\/compuviper.mx\/tienda\/producto\/asus-oem-prime-h610m-k197105336322-mb-asus-h610-intel-s-1700-14a-gen-2x-ddr5-5600-hdmi-d-sub-m-2-2x-usb3-2-micro-atx-gama-basica\/\" \/>\n<meta property=\"og:site_name\" content=\"Compuviper\" \/>\n<meta property=\"article:publisher\" content=\"https:\/\/www.facebook.com\/compuviper\" \/>\n<meta name=\"twitter:card\" content=\"summary_large_image\" \/>\n<meta name=\"twitter:label1\" content=\"Precio\" \/>\n\t<meta name=\"twitter:data1\" content=\"&#36;1,253 con IVA\" \/>\n\t<meta name=\"twitter:label2\" content=\"Availability\" \/>\n\t<meta name=\"twitter:data2\" content=\"In stock\" \/>\n<script type=\"application\/ld+json\" class=\"yoast-schema-graph\">{\"@context\":\"https:\/\/schema.org\",\"@graph\":[{\"@type\":\"WebPage\",\"@id\":\"https:\/\/compuviper.mx\/tienda\/producto\/asus-oem-prime-h610m-k197105336322-mb-asus-h610-intel-s-1700-14a-gen-2x-ddr5-5600-hdmi-d-sub-m-2-2x-usb3-2-micro-atx-gama-basica\/\",\"url\":\"https:\/\/compuviper.mx\/tienda\/producto\/asus-oem-prime-h610m-k197105336322-mb-asus-h610-intel-s-1700-14a-gen-2x-ddr5-5600-hdmi-d-sub-m-2-2x-usb3-2-micro-atx-gama-basica\/\",\"name\":\"[ Asus Oem ] &#129351; Prime H610m-k,197105336322 Mb Asus H610 Intel S-1700 14a Gen\/2x Ddr5 5600\/hdmi\/d-sub\/m.2\/2x Usb3.2\/micro Atx\/gama Basica\",\"isPartOf\":{\"@id\":\"https:\/\/compuviper.mx\/tienda\/#website\"},\"datePublished\":\"2026-04-07T06:45:06+00:00\",\"dateModified\":\"2026-04-07T06:45:06+00:00\",\"description\":\"Compra Prime H610m-k,197105336322 Mb Asus H610 Intel S-1700 14a Gen\/2x Ddr5 5600\/hdmi\/d-sub\/m.2\/2x Usb3.2\/micro Atx\/gama Basica + Env\u00edo a domicilio + Pago seguro + Garant\u00eda\",\"breadcrumb\":{\"@id\":\"https:\/\/compuviper.mx\/tienda\/producto\/asus-oem-prime-h610m-k197105336322-mb-asus-h610-intel-s-1700-14a-gen-2x-ddr5-5600-hdmi-d-sub-m-2-2x-usb3-2-micro-atx-gama-basica\/#breadcrumb\"},\"inLanguage\":\"es-MX\",\"potentialAction\":[{\"@type\":\"ReadAction\",\"target\":[\"https:\/\/compuviper.mx\/tienda\/producto\/asus-oem-prime-h610m-k197105336322-mb-asus-h610-intel-s-1700-14a-gen-2x-ddr5-5600-hdmi-d-sub-m-2-2x-usb3-2-micro-atx-gama-basica\/\"]}]},{\"@type\":\"BreadcrumbList\",\"@id\":\"https:\/\/compuviper.mx\/tienda\/producto\/asus-oem-prime-h610m-k197105336322-mb-asus-h610-intel-s-1700-14a-gen-2x-ddr5-5600-hdmi-d-sub-m-2-2x-usb3-2-micro-atx-gama-basica\/#breadcrumb\",\"itemListElement\":[{\"@type\":\"ListItem\",\"position\":1,\"name\":\"Inicio\",\"item\":\"https:\/\/compuviper.mx\/tienda\/\"},{\"@type\":\"ListItem\",\"position\":2,\"name\":\"Productos\",\"item\":\"https:\/\/compuviper.mx\/tienda\/productos\/\"},{\"@type\":\"ListItem\",\"position\":3,\"name\":\"Tarjeta Madre\",\"item\":\"https:\/\/compuviper.mx\/tienda\/categoria-producto\/tarjeta-madre\/\"},{\"@type\":\"ListItem\",\"position\":4,\"name\":\"Socket 1700\",\"item\":\"https:\/\/compuviper.mx\/tienda\/categoria-producto\/tarjeta-madre\/socket-1700\/\"},{\"@type\":\"ListItem\",\"position\":5,\"name\":\"Asus Oem Prime H610m-k,197105336322 Mb Asus H610 Intel S-1700 14a Gen\/2x Ddr5 5600\/hdmi\/d-sub\/m.2\/2x Usb3.2\/micro Atx\/gama Basica\"}]},{\"@type\":\"WebSite\",\"@id\":\"https:\/\/compuviper.mx\/tienda\/#website\",\"url\":\"https:\/\/compuviper.mx\/tienda\/\",\"name\":\"Compuviper\",\"description\":\"Proveedor de Computadoras, Laptops, Servidores, Monitores, Puntos de Venta, Teclados,   Impresoras, T\u00f3ner, C\u00e1maras de Seguridad y m\u00e1s en tu tienda en l\u00ednea\",\"publisher\":{\"@id\":\"https:\/\/compuviper.mx\/tienda\/#organization\"},\"potentialAction\":[{\"@type\":\"SearchAction\",\"target\":{\"@type\":\"EntryPoint\",\"urlTemplate\":\"https:\/\/compuviper.mx\/tienda\/?s={search_term_string}\"},\"query-input\":\"required name=search_term_string\"}],\"inLanguage\":\"es-MX\"},{\"@type\":\"Organization\",\"@id\":\"https:\/\/compuviper.mx\/tienda\/#organization\",\"name\":\"Compuviper\",\"url\":\"https:\/\/compuviper.mx\/tienda\/\",\"logo\":{\"@type\":\"ImageObject\",\"inLanguage\":\"es-MX\",\"@id\":\"https:\/\/compuviper.mx\/tienda\/#\/schema\/logo\/image\/\",\"url\":\"https:\/\/compuviper.mx\/tienda\/wp-content\/uploads\/2021\/08\/Logo-Compuviper-10.png\",\"contentUrl\":\"https:\/\/compuviper.mx\/tienda\/wp-content\/uploads\/2021\/08\/Logo-Compuviper-10.png\",\"width\":1000,\"height\":500,\"caption\":\"Compuviper\"},\"image\":{\"@id\":\"https:\/\/compuviper.mx\/tienda\/#\/schema\/logo\/image\/\"},\"sameAs\":[\"https:\/\/www.facebook.com\/compuviper\",\"https:\/\/www.youtube.com\/channel\/UCf73dERp9Y3cfOq7q8BhLjA?view_as=subscriber\"]}]}<\/script>\n<meta property=\"product:brand\" content=\"Asus Oem\" \/>\n<meta property=\"product:price:amount\" content=\"1253\" \/>\n<meta property=\"product:price:currency\" content=\"MXN\" \/>\n<meta property=\"og:availability\" content=\"instock\" \/>\n<meta property=\"product:availability\" content=\"instock\" \/>\n<meta property=\"product:retailer_item_id\" content=\"PRIME H610M-K,197105336322\" \/>\n<meta property=\"product:condition\" content=\"new\" \/>\n<!-- \/ Yoast SEO plugin. -->","yoast_head_json":{"title":"[ Asus Oem ] &#129351; Prime H610m-k,197105336322 Mb Asus H610 Intel S-1700 14a Gen\/2x Ddr5 5600\/hdmi\/d-sub\/m.2\/2x Usb3.2\/micro Atx\/gama Basica","description":"Compra Prime H610m-k,197105336322 Mb Asus H610 Intel S-1700 14a Gen\/2x Ddr5 5600\/hdmi\/d-sub\/m.2\/2x Usb3.2\/micro Atx\/gama Basica + Env\u00edo a domicilio + Pago seguro + Garant\u00eda","robots":{"index":"index","follow":"follow","max-snippet":"max-snippet:-1","max-image-preview":"max-image-preview:large","max-video-preview":"max-video-preview:-1"},"canonical":"https:\/\/compuviper.mx\/tienda\/producto\/asus-oem-prime-h610m-k197105336322-mb-asus-h610-intel-s-1700-14a-gen-2x-ddr5-5600-hdmi-d-sub-m-2-2x-usb3-2-micro-atx-gama-basica\/","og_locale":"es_MX","og_type":"article","og_title":"[ Asus Oem ] &#129351; Prime H610m-k,197105336322 Mb Asus H610 Intel S-1700 14a Gen\/2x Ddr5 5600\/hdmi\/d-sub\/m.2\/2x Usb3.2\/micro Atx\/gama Basica","og_description":"Compra Prime H610m-k,197105336322 Mb Asus H610 Intel S-1700 14a Gen\/2x Ddr5 5600\/hdmi\/d-sub\/m.2\/2x Usb3.2\/micro Atx\/gama Basica + Env\u00edo a domicilio + Pago seguro + Garant\u00eda","og_url":"https:\/\/compuviper.mx\/tienda\/producto\/asus-oem-prime-h610m-k197105336322-mb-asus-h610-intel-s-1700-14a-gen-2x-ddr5-5600-hdmi-d-sub-m-2-2x-usb3-2-micro-atx-gama-basica\/","og_site_name":"Compuviper","article_publisher":"https:\/\/www.facebook.com\/compuviper","twitter_card":"summary_large_image","twitter_misc":{"Precio":"&#36;1,253 con IVA","Availability":"In stock"},"schema":{"@context":"https:\/\/schema.org","@graph":[{"@type":"WebPage","@id":"https:\/\/compuviper.mx\/tienda\/producto\/asus-oem-prime-h610m-k197105336322-mb-asus-h610-intel-s-1700-14a-gen-2x-ddr5-5600-hdmi-d-sub-m-2-2x-usb3-2-micro-atx-gama-basica\/","url":"https:\/\/compuviper.mx\/tienda\/producto\/asus-oem-prime-h610m-k197105336322-mb-asus-h610-intel-s-1700-14a-gen-2x-ddr5-5600-hdmi-d-sub-m-2-2x-usb3-2-micro-atx-gama-basica\/","name":"[ Asus Oem ] &#129351; Prime H610m-k,197105336322 Mb Asus H610 Intel S-1700 14a Gen\/2x Ddr5 5600\/hdmi\/d-sub\/m.2\/2x Usb3.2\/micro Atx\/gama Basica","isPartOf":{"@id":"https:\/\/compuviper.mx\/tienda\/#website"},"datePublished":"2026-04-07T06:45:06+00:00","dateModified":"2026-04-07T06:45:06+00:00","description":"Compra Prime H610m-k,197105336322 Mb Asus H610 Intel S-1700 14a Gen\/2x Ddr5 5600\/hdmi\/d-sub\/m.2\/2x Usb3.2\/micro Atx\/gama Basica + Env\u00edo a domicilio + Pago seguro + Garant\u00eda","breadcrumb":{"@id":"https:\/\/compuviper.mx\/tienda\/producto\/asus-oem-prime-h610m-k197105336322-mb-asus-h610-intel-s-1700-14a-gen-2x-ddr5-5600-hdmi-d-sub-m-2-2x-usb3-2-micro-atx-gama-basica\/#breadcrumb"},"inLanguage":"es-MX","potentialAction":[{"@type":"ReadAction","target":["https:\/\/compuviper.mx\/tienda\/producto\/asus-oem-prime-h610m-k197105336322-mb-asus-h610-intel-s-1700-14a-gen-2x-ddr5-5600-hdmi-d-sub-m-2-2x-usb3-2-micro-atx-gama-basica\/"]}]},{"@type":"BreadcrumbList","@id":"https:\/\/compuviper.mx\/tienda\/producto\/asus-oem-prime-h610m-k197105336322-mb-asus-h610-intel-s-1700-14a-gen-2x-ddr5-5600-hdmi-d-sub-m-2-2x-usb3-2-micro-atx-gama-basica\/#breadcrumb","itemListElement":[{"@type":"ListItem","position":1,"name":"Inicio","item":"https:\/\/compuviper.mx\/tienda\/"},{"@type":"ListItem","position":2,"name":"Productos","item":"https:\/\/compuviper.mx\/tienda\/productos\/"},{"@type":"ListItem","position":3,"name":"Tarjeta Madre","item":"https:\/\/compuviper.mx\/tienda\/categoria-producto\/tarjeta-madre\/"},{"@type":"ListItem","position":4,"name":"Socket 1700","item":"https:\/\/compuviper.mx\/tienda\/categoria-producto\/tarjeta-madre\/socket-1700\/"},{"@type":"ListItem","position":5,"name":"Asus Oem Prime H610m-k,197105336322 Mb Asus H610 Intel S-1700 14a Gen\/2x Ddr5 5600\/hdmi\/d-sub\/m.2\/2x Usb3.2\/micro Atx\/gama Basica"}]},{"@type":"WebSite","@id":"https:\/\/compuviper.mx\/tienda\/#website","url":"https:\/\/compuviper.mx\/tienda\/","name":"Compuviper","description":"Proveedor de Computadoras, Laptops, Servidores, Monitores, Puntos de Venta, Teclados,   Impresoras, T\u00f3ner, C\u00e1maras de Seguridad y m\u00e1s en tu tienda en l\u00ednea","publisher":{"@id":"https:\/\/compuviper.mx\/tienda\/#organization"},"potentialAction":[{"@type":"SearchAction","target":{"@type":"EntryPoint","urlTemplate":"https:\/\/compuviper.mx\/tienda\/?s={search_term_string}"},"query-input":"required name=search_term_string"}],"inLanguage":"es-MX"},{"@type":"Organization","@id":"https:\/\/compuviper.mx\/tienda\/#organization","name":"Compuviper","url":"https:\/\/compuviper.mx\/tienda\/","logo":{"@type":"ImageObject","inLanguage":"es-MX","@id":"https:\/\/compuviper.mx\/tienda\/#\/schema\/logo\/image\/","url":"https:\/\/compuviper.mx\/tienda\/wp-content\/uploads\/2021\/08\/Logo-Compuviper-10.png","contentUrl":"https:\/\/compuviper.mx\/tienda\/wp-content\/uploads\/2021\/08\/Logo-Compuviper-10.png","width":1000,"height":500,"caption":"Compuviper"},"image":{"@id":"https:\/\/compuviper.mx\/tienda\/#\/schema\/logo\/image\/"},"sameAs":["https:\/\/www.facebook.com\/compuviper","https:\/\/www.youtube.com\/channel\/UCf73dERp9Y3cfOq7q8BhLjA?view_as=subscriber"]}]},"product_brand":"Asus Oem","product_price_amount":"1253","product_price_currency":"MXN","og_availability":"instock","product_availability":"instock","product_retailer_item_id":"PRIME H610M-K,197105336322","product_condition":"new"},"_links":{"self":[{"href":"https:\/\/compuviper.mx\/tienda\/wp-json\/wp\/v2\/product\/262666"}],"collection":[{"href":"https:\/\/compuviper.mx\/tienda\/wp-json\/wp\/v2\/product"}],"about":[{"href":"https:\/\/compuviper.mx\/tienda\/wp-json\/wp\/v2\/types\/product"}],"replies":[{"embeddable":true,"href":"https:\/\/compuviper.mx\/tienda\/wp-json\/wp\/v2\/comments?post=262666"}],"wp:attachment":[{"href":"https:\/\/compuviper.mx\/tienda\/wp-json\/wp\/v2\/media?parent=262666"}],"wp:term":[{"taxonomy":"product_cat","embeddable":true,"href":"https:\/\/compuviper.mx\/tienda\/wp-json\/wp\/v2\/product_cat?post=262666"},{"taxonomy":"product_tag","embeddable":true,"href":"https:\/\/compuviper.mx\/tienda\/wp-json\/wp\/v2\/product_tag?post=262666"}],"curies":[{"name":"wp","href":"https:\/\/api.w.org\/{rel}","templated":true}]}}