{"id":262650,"date":"2026-04-16T00:44:17","date_gmt":"2026-04-16T06:44:17","guid":{"rendered":"https:\/\/compuviper.mx\/tienda\/producto\/msi-forge-gk600-tkl-w-violet-us-teclado-inalmbrico-inalmbrico-bluetooth-usb-2-0-rgb\/"},"modified":"2026-04-16T00:44:17","modified_gmt":"2026-04-16T06:44:17","slug":"msi-oem-forge-gk600-tkl-w-violet-us-teclado-inalmbrico-msi-inalmbrico-bluetooth-usb-2-0-rgb","status":"publish","type":"product","link":"https:\/\/compuviper.mx\/tienda\/producto\/msi-oem-forge-gk600-tkl-w-violet-us-teclado-inalmbrico-msi-inalmbrico-bluetooth-usb-2-0-rgb\/","title":{"rendered":"Msi Oem Forge Gk600 Tkl W Violet Us Teclado Inal?mbrico Msi  Inal?mbrico \/ Bluetooth \/ Usb 2.0 \/ Rgb"},"content":{"rendered":"<table class=\"descripcion\">\n<tr>\n<td>El msi forge gk600 tkl wireless violet es un teclado tenkeyless vers\u00e1til con modos inal\u00e1mbricos de 2.4 ghz, bluetooth y cableado. cuenta con interruptores mec\u00e1nicos lineales intercambiables en caliente, teclas pbt resistentes, juntas insonorizantes y una pantalla de 1.06 pulgadas. con iluminaci\u00f3n rgb y una bater\u00eda de 4000 mah, es ideal para gamers y creadores.<\/td>\n<\/tr>\n<tr>\n<td>Teclas esenciales, escritura sensacional<\/td>\n<\/tr>\n<tr>\n<td>Este teclado cuenta con un dise\u00f1o sin teclado num\u00e9rico que ahorra espacio en el escritorio y mejora la portabilidad sin sacrificar el rendimiento. sus interruptores mec\u00e1nicos lineales ofrecen pulsaciones suaves y precisas, ideales para juegos de ritmo r\u00e1pido o escritura precisa. compacto pero potente, est\u00e1 dise\u00f1ado para quienes valoran la eficiencia y el estilo.<\/td>\n<\/tr>\n<tr>\n<td>Sensaci\u00f3n de escritura con el teclado msi gk600<\/td>\n<\/tr>\n<tr>\n<td>Personaliza tu switch en cualquier momento<\/td>\n<\/tr>\n<tr>\n<td>Explora la versatilidad de este teclado, que te permite intercambiar f\u00e1cilmente los interruptores mec\u00e1nicos predeterminados por interruptores de terceros (5 pines) sin necesidad de soldadura. esto te permite personalizar f\u00e1cilmente tu experiencia de escritura, ofreciendo flexibilidad y durabilidad a largo plazo para tu configuraci\u00f3n de teclado.<\/td>\n<\/tr>\n<tr>\n<td>Sensaci\u00f3n de escritura con el teclado msi gk600<\/td>\n<\/tr>\n<tr>\n<td>*interruptor y extractor de teclas incluidos en el paquete.<\/td>\n<\/tr>\n<tr>\n<td>Est\u00e9tica resiliente<\/td>\n<\/tr>\n<tr>\n<td>Equipadas con teclas pbt sublimadas, conocidas por su excepcional durabilidad y tacto premium. estas teclas resisten el desgaste y la decoloraci\u00f3n, garantizando que las letras se mantengan n\u00edtidas y vibrantes incluso despu\u00e9s de un uso prolongado. la superficie texturizada proporciona una experiencia de escritura c\u00f3moda, fiable y duradera.<\/td>\n<\/tr>\n<tr>\n<td>Sensaci\u00f3n de escritura con el teclado msi gk600<\/td>\n<\/tr>\n<tr>\n<td>*interruptor y extractor de teclas incluidos en el paquete.<\/td>\n<\/tr>\n<tr>\n<td>Disfruta del silencio<\/td>\n<\/tr>\n<tr>\n<td>M\u00faltiples capas de espuma insonorizante y juntas, dise\u00f1adas por expertos para aislar y preservar el sonido puro de cada tecla. esto garantiza una experiencia ac\u00fastica limpia y satisfactoria, sin ruidos molestos.<\/td>\n<\/tr>\n<tr>\n<td>Forja gk500 w<\/td>\n<\/tr>\n<tr>\n<td>Espuma fonoabsorbente ixpeespuma de puespuma amortiguadora de sonidoespuma de interruptoralmohadilla amortiguadora de siliconapantallateclas pbtinterruptores mec\u00e1nicoscubierta superiorjunta de siliconaplaca de montajetarjeta de circuito impresobater\u00eda de 4000 mahcarcasa estructural inferior<\/td>\n<\/tr>\n<tr>\n<td>Control y pantalla intuitivos<\/td>\n<\/tr>\n<tr>\n<td>Una pantalla de 1,06 pulgadas muestra informaci\u00f3n esencial como el estado de la bater\u00eda, los perfiles de retroiluminaci\u00f3n rgb y los niveles de brillo, manteni\u00e9ndote informado de un vistazo.<\/td>\n<\/tr>\n<tr>\n<td>Conectividad vers\u00e1til<\/td>\n<\/tr>\n<tr>\n<td>Ofrece conectividad flexible con tecnolog\u00eda inal\u00e1mbrica de 2,4 ghz a trav\u00e9s del adaptador usb incluido, bluetooth y modo cableado a trav\u00e9s de una conexi\u00f3n usb tipo c, lo que garantiza un rendimiento perfecto en todos sus dispositivos.<\/td>\n<\/tr>\n<tr>\n<td>Resistencia<\/td>\n<\/tr>\n<tr>\n<td>Una potente bater\u00eda recargable de 4000 mah ofrece hasta 20 d\u00edas de uso con la retroiluminaci\u00f3n desactivada. esta mayor duraci\u00f3n de la bater\u00eda reduce la necesidad de recargas frecuentes, lo que proporciona mayor comodidad para largas sesiones de juego o trabajo. al recargarla, la bater\u00eda se carga completamente en tan solo 6 horas a trav\u00e9s de usb gen 3, mientras el usuario puede seguir jugando.<\/td>\n<\/tr>\n<tr>\n<td>20 d\u00edas<\/td>\n<\/tr>\n<tr>\n<td>20 d\u00edas<\/td>\n<\/tr>\n<tr>\n<td>6 horas<\/td>\n<\/tr>\n<tr>\n<td>6 horas<\/td>\n<\/tr>\n<tr>\n<td>Interacci\u00f3n instant\u00e1nea<\/td>\n<\/tr>\n<tr>\n<td>Tome el control con c\u00f3modas teclas de acceso r\u00e1pido que le permiten ajustar r\u00e1pidamente los efectos de iluminaci\u00f3n, administrar los controles multimedia y acceder a los widgets, mejorando su interacci\u00f3n general con una funcionalidad fluida y ajustes r\u00e1pidos.<\/td>\n<\/tr>\n<tr>\n<td>Msi gk600<\/td>\n<\/tr>\n<tr>\n<td>Precisi\u00f3n de vuelco<\/td>\n<\/tr>\n<tr>\n<td>Experimente una precisi\u00f3n perfecta con n-key rollover, lo que garantiza que cada pulsaci\u00f3n de tecla se registre con precisi\u00f3n para un rendimiento fluido y con capacidad de respuesta en cualquier escenario.<\/td>\n<\/tr>\n<tr>\n<td>Msi gk600<\/td>\n<\/tr>\n<tr>\n<td>\u00e1ngulos preferidos<\/td>\n<\/tr>\n<tr>\n<td>El teclado cuenta con dos patas ajustables que ofrecen dos \u00e1ngulos de inclinaci\u00f3n, lo que permite una posici\u00f3n de mu\u00f1eca m\u00e1s ergon\u00f3mica durante el uso prolongado.<\/td>\n<\/tr>\n<tr>\n<td>Msi gk600<\/td>\n<\/tr>\n<tr>\n<td>Crea tu ambiente<\/td>\n<\/tr>\n<tr>\n<td>Con 20 efectos de iluminaci\u00f3n predefinidos y 5 niveles ajustables de velocidad y brillo, la retroiluminaci\u00f3n rgb ofrece una est\u00e9tica personalizada que realza tanto la funcionalidad como el estilo. crea f\u00e1cilmente una atm\u00f3sfera din\u00e1mica para jugar o un tono m\u00e1s discreto para trabajar; las opciones personalizables ofrecen flexibilidad para adaptarse a cualquier preferencia o entorno.<\/td>\n<\/tr>\n<tr>\n<td>Msi gk600<\/td>\n<\/tr>\n<tr>\n<td>Forge gk600 tkl inal\u00e1mbrico violeta<\/td>\n<\/tr>\n<tr>\n<td>Dise\u00f1o sin teclado : compacto y port\u00e1til, el dise\u00f1o tkl elimina el teclado num\u00e9rico para brindar m\u00e1s espacio en el escritorio y una mejor ergonom\u00eda.<\/td>\n<\/tr>\n<tr>\n<td>Interruptores mec\u00e1nicos lineales : los interruptores mec\u00e1nicos duraderos y a prueba de polvo ofrecen un perfil lineal y una sensaci\u00f3n precisa para cada pulsaci\u00f3n de tecla.<\/td>\n<\/tr>\n<tr>\n<td>Dise\u00f1o intercambiable en caliente : dise\u00f1o de teclado personalizable para intercambio sin soldadura de interruptores mec\u00e1nicos.<\/td>\n<\/tr>\n<tr>\n<td>Conectividad vers\u00e1til : ofrece conexi\u00f3n inal\u00e1mbrica de 2,4 ghz, bluetooth y usb tipo c con cable para una compatibilidad vers\u00e1til de dispositivos.<\/td>\n<\/tr>\n<tr>\n<td>Control y pantalla intuitivos : la pantalla de 1,06 pulgadas muestra el estado de la bater\u00eda y la configuraci\u00f3n rgb para un acceso r\u00e1pido.<\/td>\n<\/tr>\n<tr>\n<td>Led rgb : ilumina el ambiente jugando con efectos predefinidos para lograr el ambiente preferido.<\/td>\n<\/tr>\n<\/table>\n","protected":false},"excerpt":{"rendered":"<p>Nombre del modelo forge gk600 tkl inal\u00e1mbrico violeta. Iluminar desde el fondo rgb de 20 modos. Conectividad 2,4 ghz inal\u00e1mbrico \/ bluetooth \/ usb 2.0. Tipo de interruptor mec\u00e1nica lineal. Duraci\u00f3n de la pulsaci\u00f3n de tecla 50 millones. Teclas normales 83 teclas (diferentes seg\u00fan el idioma. N-tecla rollover teclas completas anti-efecto fantasma. Sistema operativo windows 10, 11 (o posterior.  Macos 11 (o posterior. Longitud del cable 1,8 millones. Dimensiones del producto 348 x 140 x 45 mm. Peso (producto\/paquete) 943 g \/ 1160 g<\/p>\n","protected":false},"featured_media":262651,"comment_status":"open","ping_status":"open","template":"","meta":[],"product_cat":[1713,1718],"product_tag":[2322],"acf":[],"yoast_head":"<!-- This site is optimized with the Yoast SEO plugin v21.7 - https:\/\/yoast.com\/wordpress\/plugins\/seo\/ -->\n<title>[ Msi Oem ] &#129351; Forge Gk600 Tkl W Violet Us Teclado Inal\u00e1mbrico Msi Inal\u00e1mbrico \/ Bluetooth \/ Usb 2.0 \/ Rgb<\/title>\n<meta name=\"description\" content=\"Compra Forge Gk600 Tkl W Violet Us Teclado Inal\u00e1mbrico Msi Inal\u00e1mbrico \/ Bluetooth \/ Usb 2.0 \/ Rgb + Env\u00edo a domicilio + Pago seguro + Garant\u00eda\" \/>\n<meta name=\"robots\" content=\"index, follow, max-snippet:-1, max-image-preview:large, max-video-preview:-1\" \/>\n<link rel=\"canonical\" href=\"https:\/\/compuviper.mx\/tienda\/producto\/msi-oem-forge-gk600-tkl-w-violet-us-teclado-inalmbrico-msi-inalmbrico-bluetooth-usb-2-0-rgb\/\" \/>\n<meta property=\"og:locale\" content=\"es_MX\" \/>\n<meta property=\"og:type\" content=\"article\" \/>\n<meta property=\"og:title\" content=\"[ Msi Oem ] &#129351; Forge Gk600 Tkl W Violet Us Teclado Inal\u00e1mbrico Msi Inal\u00e1mbrico \/ Bluetooth \/ Usb 2.0 \/ Rgb\" \/>\n<meta property=\"og:description\" content=\"Compra Forge Gk600 Tkl W Violet Us Teclado Inal\u00e1mbrico Msi Inal\u00e1mbrico \/ Bluetooth \/ Usb 2.0 \/ Rgb + Env\u00edo a domicilio + Pago seguro + Garant\u00eda\" \/>\n<meta property=\"og:url\" content=\"https:\/\/compuviper.mx\/tienda\/producto\/msi-oem-forge-gk600-tkl-w-violet-us-teclado-inalmbrico-msi-inalmbrico-bluetooth-usb-2-0-rgb\/\" \/>\n<meta property=\"og:site_name\" content=\"Compuviper\" \/>\n<meta property=\"article:publisher\" content=\"https:\/\/www.facebook.com\/compuviper\" \/>\n<meta property=\"og:image\" content=\"https:\/\/compuviper.mx\/tienda\/wp-content\/uploads\/2025\/11\/Teclado-inalambrico-msi-forge-gk600-tkl-w-violet-us-inalambrico-bluetooth-usb-2.0-rgb.jpg\" \/>\n\t<meta property=\"og:image:width\" content=\"200\" \/>\n\t<meta property=\"og:image:height\" content=\"200\" \/>\n\t<meta property=\"og:image:type\" content=\"image\/jpeg\" \/>\n<meta name=\"twitter:card\" content=\"summary_large_image\" \/>\n<meta name=\"twitter:label1\" content=\"Precio\" \/>\n\t<meta name=\"twitter:data1\" content=\"&#36;998 con IVA\" \/>\n\t<meta name=\"twitter:label2\" content=\"Availability\" \/>\n\t<meta name=\"twitter:data2\" content=\"In stock\" \/>\n<script type=\"application\/ld+json\" class=\"yoast-schema-graph\">{\"@context\":\"https:\/\/schema.org\",\"@graph\":[{\"@type\":\"WebPage\",\"@id\":\"https:\/\/compuviper.mx\/tienda\/producto\/msi-oem-forge-gk600-tkl-w-violet-us-teclado-inalmbrico-msi-inalmbrico-bluetooth-usb-2-0-rgb\/\",\"url\":\"https:\/\/compuviper.mx\/tienda\/producto\/msi-oem-forge-gk600-tkl-w-violet-us-teclado-inalmbrico-msi-inalmbrico-bluetooth-usb-2-0-rgb\/\",\"name\":\"[ Msi Oem ] &#129351; Forge Gk600 Tkl W Violet Us Teclado Inal\u00e1mbrico Msi Inal\u00e1mbrico \/ Bluetooth \/ Usb 2.0 \/ Rgb\",\"isPartOf\":{\"@id\":\"https:\/\/compuviper.mx\/tienda\/#website\"},\"datePublished\":\"2026-04-16T06:44:17+00:00\",\"dateModified\":\"2026-04-16T06:44:17+00:00\",\"description\":\"Compra Forge Gk600 Tkl W Violet Us Teclado Inal\u00e1mbrico Msi Inal\u00e1mbrico \/ Bluetooth \/ Usb 2.0 \/ Rgb + Env\u00edo a domicilio + Pago seguro + Garant\u00eda\",\"breadcrumb\":{\"@id\":\"https:\/\/compuviper.mx\/tienda\/producto\/msi-oem-forge-gk600-tkl-w-violet-us-teclado-inalmbrico-msi-inalmbrico-bluetooth-usb-2-0-rgb\/#breadcrumb\"},\"inLanguage\":\"es-MX\",\"potentialAction\":[{\"@type\":\"ReadAction\",\"target\":[\"https:\/\/compuviper.mx\/tienda\/producto\/msi-oem-forge-gk600-tkl-w-violet-us-teclado-inalmbrico-msi-inalmbrico-bluetooth-usb-2-0-rgb\/\"]}]},{\"@type\":\"BreadcrumbList\",\"@id\":\"https:\/\/compuviper.mx\/tienda\/producto\/msi-oem-forge-gk600-tkl-w-violet-us-teclado-inalmbrico-msi-inalmbrico-bluetooth-usb-2-0-rgb\/#breadcrumb\",\"itemListElement\":[{\"@type\":\"ListItem\",\"position\":1,\"name\":\"Inicio\",\"item\":\"https:\/\/compuviper.mx\/tienda\/\"},{\"@type\":\"ListItem\",\"position\":2,\"name\":\"Productos\",\"item\":\"https:\/\/compuviper.mx\/tienda\/productos\/\"},{\"@type\":\"ListItem\",\"position\":3,\"name\":\"Teclados\",\"item\":\"https:\/\/compuviper.mx\/tienda\/categoria-producto\/teclados\/\"},{\"@type\":\"ListItem\",\"position\":4,\"name\":\"Gamers\",\"item\":\"https:\/\/compuviper.mx\/tienda\/categoria-producto\/teclados\/gamers\/\"},{\"@type\":\"ListItem\",\"position\":5,\"name\":\"Msi Oem Forge Gk600 Tkl W Violet Us Teclado Inal?mbrico Msi Inal?mbrico \/ Bluetooth \/ Usb 2.0 \/ Rgb\"}]},{\"@type\":\"WebSite\",\"@id\":\"https:\/\/compuviper.mx\/tienda\/#website\",\"url\":\"https:\/\/compuviper.mx\/tienda\/\",\"name\":\"Compuviper\",\"description\":\"Proveedor de Computadoras, Laptops, Servidores, Monitores, Puntos de Venta, Teclados,   Impresoras, T\u00f3ner, C\u00e1maras de Seguridad y m\u00e1s en tu tienda en l\u00ednea\",\"publisher\":{\"@id\":\"https:\/\/compuviper.mx\/tienda\/#organization\"},\"potentialAction\":[{\"@type\":\"SearchAction\",\"target\":{\"@type\":\"EntryPoint\",\"urlTemplate\":\"https:\/\/compuviper.mx\/tienda\/?s={search_term_string}\"},\"query-input\":\"required name=search_term_string\"}],\"inLanguage\":\"es-MX\"},{\"@type\":\"Organization\",\"@id\":\"https:\/\/compuviper.mx\/tienda\/#organization\",\"name\":\"Compuviper\",\"url\":\"https:\/\/compuviper.mx\/tienda\/\",\"logo\":{\"@type\":\"ImageObject\",\"inLanguage\":\"es-MX\",\"@id\":\"https:\/\/compuviper.mx\/tienda\/#\/schema\/logo\/image\/\",\"url\":\"https:\/\/compuviper.mx\/tienda\/wp-content\/uploads\/2021\/08\/Logo-Compuviper-10.png\",\"contentUrl\":\"https:\/\/compuviper.mx\/tienda\/wp-content\/uploads\/2021\/08\/Logo-Compuviper-10.png\",\"width\":1000,\"height\":500,\"caption\":\"Compuviper\"},\"image\":{\"@id\":\"https:\/\/compuviper.mx\/tienda\/#\/schema\/logo\/image\/\"},\"sameAs\":[\"https:\/\/www.facebook.com\/compuviper\",\"https:\/\/www.youtube.com\/channel\/UCf73dERp9Y3cfOq7q8BhLjA?view_as=subscriber\"]}]}<\/script>\n<meta property=\"product:brand\" content=\"Msi Oem\" \/>\n<meta property=\"product:price:amount\" content=\"998\" \/>\n<meta property=\"product:price:currency\" content=\"MXN\" \/>\n<meta property=\"og:availability\" content=\"instock\" \/>\n<meta property=\"product:availability\" content=\"instock\" \/>\n<meta property=\"product:retailer_item_id\" content=\"FORGE GK600 TKL W VIOLET US\" \/>\n<meta property=\"product:condition\" content=\"new\" \/>\n<!-- \/ Yoast SEO plugin. -->","yoast_head_json":{"title":"[ Msi Oem ] &#129351; Forge Gk600 Tkl W Violet Us Teclado Inal\u00e1mbrico Msi Inal\u00e1mbrico \/ Bluetooth \/ Usb 2.0 \/ Rgb","description":"Compra Forge Gk600 Tkl W Violet Us Teclado Inal\u00e1mbrico Msi Inal\u00e1mbrico \/ Bluetooth \/ Usb 2.0 \/ Rgb + Env\u00edo a domicilio + Pago seguro + Garant\u00eda","robots":{"index":"index","follow":"follow","max-snippet":"max-snippet:-1","max-image-preview":"max-image-preview:large","max-video-preview":"max-video-preview:-1"},"canonical":"https:\/\/compuviper.mx\/tienda\/producto\/msi-oem-forge-gk600-tkl-w-violet-us-teclado-inalmbrico-msi-inalmbrico-bluetooth-usb-2-0-rgb\/","og_locale":"es_MX","og_type":"article","og_title":"[ Msi Oem ] &#129351; Forge Gk600 Tkl W Violet Us Teclado Inal\u00e1mbrico Msi Inal\u00e1mbrico \/ Bluetooth \/ Usb 2.0 \/ Rgb","og_description":"Compra Forge Gk600 Tkl W Violet Us Teclado Inal\u00e1mbrico Msi Inal\u00e1mbrico \/ Bluetooth \/ Usb 2.0 \/ Rgb + Env\u00edo a domicilio + Pago seguro + Garant\u00eda","og_url":"https:\/\/compuviper.mx\/tienda\/producto\/msi-oem-forge-gk600-tkl-w-violet-us-teclado-inalmbrico-msi-inalmbrico-bluetooth-usb-2-0-rgb\/","og_site_name":"Compuviper","article_publisher":"https:\/\/www.facebook.com\/compuviper","og_image":[{"width":200,"height":200,"url":"https:\/\/compuviper.mx\/tienda\/wp-content\/uploads\/2025\/11\/Teclado-inalambrico-msi-forge-gk600-tkl-w-violet-us-inalambrico-bluetooth-usb-2.0-rgb.jpg","type":"image\/jpeg"}],"twitter_card":"summary_large_image","twitter_misc":{"Precio":"&#36;998 con IVA","Availability":"In stock"},"schema":{"@context":"https:\/\/schema.org","@graph":[{"@type":"WebPage","@id":"https:\/\/compuviper.mx\/tienda\/producto\/msi-oem-forge-gk600-tkl-w-violet-us-teclado-inalmbrico-msi-inalmbrico-bluetooth-usb-2-0-rgb\/","url":"https:\/\/compuviper.mx\/tienda\/producto\/msi-oem-forge-gk600-tkl-w-violet-us-teclado-inalmbrico-msi-inalmbrico-bluetooth-usb-2-0-rgb\/","name":"[ Msi Oem ] &#129351; Forge Gk600 Tkl W Violet Us Teclado Inal\u00e1mbrico Msi Inal\u00e1mbrico \/ Bluetooth \/ Usb 2.0 \/ Rgb","isPartOf":{"@id":"https:\/\/compuviper.mx\/tienda\/#website"},"datePublished":"2026-04-16T06:44:17+00:00","dateModified":"2026-04-16T06:44:17+00:00","description":"Compra Forge Gk600 Tkl W Violet Us Teclado Inal\u00e1mbrico Msi Inal\u00e1mbrico \/ Bluetooth \/ Usb 2.0 \/ Rgb + Env\u00edo a domicilio + Pago seguro + Garant\u00eda","breadcrumb":{"@id":"https:\/\/compuviper.mx\/tienda\/producto\/msi-oem-forge-gk600-tkl-w-violet-us-teclado-inalmbrico-msi-inalmbrico-bluetooth-usb-2-0-rgb\/#breadcrumb"},"inLanguage":"es-MX","potentialAction":[{"@type":"ReadAction","target":["https:\/\/compuviper.mx\/tienda\/producto\/msi-oem-forge-gk600-tkl-w-violet-us-teclado-inalmbrico-msi-inalmbrico-bluetooth-usb-2-0-rgb\/"]}]},{"@type":"BreadcrumbList","@id":"https:\/\/compuviper.mx\/tienda\/producto\/msi-oem-forge-gk600-tkl-w-violet-us-teclado-inalmbrico-msi-inalmbrico-bluetooth-usb-2-0-rgb\/#breadcrumb","itemListElement":[{"@type":"ListItem","position":1,"name":"Inicio","item":"https:\/\/compuviper.mx\/tienda\/"},{"@type":"ListItem","position":2,"name":"Productos","item":"https:\/\/compuviper.mx\/tienda\/productos\/"},{"@type":"ListItem","position":3,"name":"Teclados","item":"https:\/\/compuviper.mx\/tienda\/categoria-producto\/teclados\/"},{"@type":"ListItem","position":4,"name":"Gamers","item":"https:\/\/compuviper.mx\/tienda\/categoria-producto\/teclados\/gamers\/"},{"@type":"ListItem","position":5,"name":"Msi Oem Forge Gk600 Tkl W Violet Us Teclado Inal?mbrico Msi Inal?mbrico \/ Bluetooth \/ Usb 2.0 \/ Rgb"}]},{"@type":"WebSite","@id":"https:\/\/compuviper.mx\/tienda\/#website","url":"https:\/\/compuviper.mx\/tienda\/","name":"Compuviper","description":"Proveedor de Computadoras, Laptops, Servidores, Monitores, Puntos de Venta, Teclados,   Impresoras, T\u00f3ner, C\u00e1maras de Seguridad y m\u00e1s en tu tienda en l\u00ednea","publisher":{"@id":"https:\/\/compuviper.mx\/tienda\/#organization"},"potentialAction":[{"@type":"SearchAction","target":{"@type":"EntryPoint","urlTemplate":"https:\/\/compuviper.mx\/tienda\/?s={search_term_string}"},"query-input":"required name=search_term_string"}],"inLanguage":"es-MX"},{"@type":"Organization","@id":"https:\/\/compuviper.mx\/tienda\/#organization","name":"Compuviper","url":"https:\/\/compuviper.mx\/tienda\/","logo":{"@type":"ImageObject","inLanguage":"es-MX","@id":"https:\/\/compuviper.mx\/tienda\/#\/schema\/logo\/image\/","url":"https:\/\/compuviper.mx\/tienda\/wp-content\/uploads\/2021\/08\/Logo-Compuviper-10.png","contentUrl":"https:\/\/compuviper.mx\/tienda\/wp-content\/uploads\/2021\/08\/Logo-Compuviper-10.png","width":1000,"height":500,"caption":"Compuviper"},"image":{"@id":"https:\/\/compuviper.mx\/tienda\/#\/schema\/logo\/image\/"},"sameAs":["https:\/\/www.facebook.com\/compuviper","https:\/\/www.youtube.com\/channel\/UCf73dERp9Y3cfOq7q8BhLjA?view_as=subscriber"]}]},"product_brand":"Msi Oem","product_price_amount":"998","product_price_currency":"MXN","og_availability":"instock","product_availability":"instock","product_retailer_item_id":"FORGE GK600 TKL W VIOLET US","product_condition":"new"},"_links":{"self":[{"href":"https:\/\/compuviper.mx\/tienda\/wp-json\/wp\/v2\/product\/262650"}],"collection":[{"href":"https:\/\/compuviper.mx\/tienda\/wp-json\/wp\/v2\/product"}],"about":[{"href":"https:\/\/compuviper.mx\/tienda\/wp-json\/wp\/v2\/types\/product"}],"replies":[{"embeddable":true,"href":"https:\/\/compuviper.mx\/tienda\/wp-json\/wp\/v2\/comments?post=262650"}],"wp:featuredmedia":[{"embeddable":true,"href":"https:\/\/compuviper.mx\/tienda\/wp-json\/wp\/v2\/media\/262651"}],"wp:attachment":[{"href":"https:\/\/compuviper.mx\/tienda\/wp-json\/wp\/v2\/media?parent=262650"}],"wp:term":[{"taxonomy":"product_cat","embeddable":true,"href":"https:\/\/compuviper.mx\/tienda\/wp-json\/wp\/v2\/product_cat?post=262650"},{"taxonomy":"product_tag","embeddable":true,"href":"https:\/\/compuviper.mx\/tienda\/wp-json\/wp\/v2\/product_tag?post=262650"}],"curies":[{"name":"wp","href":"https:\/\/api.w.org\/{rel}","templated":true}]}}