{"id":262615,"date":"2026-04-02T02:11:46","date_gmt":"2026-04-02T08:11:46","guid":{"rendered":"https:\/\/compuviper.mx\/tienda\/producto\/bitdefender-tmbd-347-esd-small-office-security-20-pc-1-servidor-1-consola-cloud-3-aos-entrega-electronica\/"},"modified":"2026-04-02T02:11:46","modified_gmt":"2026-04-02T08:11:46","slug":"bitdefender-tmbd-347-esd-small-office-security-20-pc-1-servidor-1-consola-cloud-3-aos-entrega-electronica","status":"publish","type":"product","link":"https:\/\/compuviper.mx\/tienda\/producto\/bitdefender-tmbd-347-esd-small-office-security-20-pc-1-servidor-1-consola-cloud-3-aos-entrega-electronica\/","title":{"rendered":"Bitdefender Tmbd-347 Esd  Small Office Security 20 Pc + 1 Servidor + 1 Consola Cloud, 3 A?os (entrega Electronica)"},"content":{"rendered":"<table class=\"descripcion\">\n<tr>\n<td>Bitdefender small office security.<\/td>\n<\/tr>\n<tr>\n<td>La caja incluye:<\/td>\n<\/tr>\n<tr>\n<td>10 pcs<\/td>\n<\/tr>\n<tr>\n<td>1 server<\/td>\n<\/tr>\n<tr>\n<td>1 consola cloud<\/td>\n<\/tr>\n<tr>\n<td>3 a\u00f1os de vigencia<\/td>\n<\/tr>\n<tr>\n<td>Requisitos del sistema<\/td>\n<\/tr>\n<tr>\n<td>Small office security est\u00e1 dise\u00f1ado para estaciones de trabajo, port\u00e1tiles y servidores que ejecuten microsoft  windows o os x.<\/td>\n<\/tr>\n<tr>\n<td>Todas las soluciones bitdefender cloud security se administran mediante la consola cloud security. dado que la cloud security console est\u00e1 alojada externamente, no existen requisitos de hardware o software para administrar small office security.<\/td>\n<\/tr>\n<tr>\n<td>Todo lo que se necesita es una conexion a internet.<\/td>\n<\/tr>\n<tr>\n<td>Requisitos m\u00ednimos del punto final:<\/td>\n<\/tr>\n<tr>\n<td>Procesador intel pentium compatible<\/td>\n<\/tr>\n<tr>\n<td>Sistemas operativos de estaciones de trabajo:<\/td>\n<\/tr>\n<tr>\n<td>1 ghz o superior para microsoft windows xp sp3 y windows xp sp2 x64<\/td>\n<\/tr>\n<tr>\n<td>2 ghz o superior para microsoft windows vista sp2, microsoft windows vista x64<\/td>\n<\/tr>\n<tr>\n<td>Sp2, microsoft windows 7 sp0 o superior y microsoft windows 7 x64 sp0 o superior,<\/td>\n<\/tr>\n<tr>\n<td>Windows 8<\/td>\n<\/tr>\n<tr>\n<td>800 mhz o m\u00e1s para microsoft windows embedded standard 7 sp1, microsoft windows posready 7, microsoft windows enterprise 7, microsoft windows posready 2009, microsoft windows embedded standard 2009, microsoft windows xp embedded con service pack 2sp2, microsoft windows xp tablet pc edition sistemas operativos del lado del servidor: (2003, 2008, 2012, sbs)<\/td>\n<\/tr>\n<tr>\n<td>Requisitos m\u00ednimos: 2,4 ghz<\/td>\n<\/tr>\n<tr>\n<td>Memoria ram: m\u00ednima: 512 mb libre<\/td>\n<\/tr>\n<tr>\n<td>Espacio en disco: m\u00ednimo: 1.5 gb libre<\/td>\n<\/tr>\n<tr>\n<td>Mac os x<\/td>\n<\/tr>\n<tr>\n<td>Equipos macintosh basados en intel ejecutando uno de los siguientes sistemas operativos:<\/td>\n<\/tr>\n<tr>\n<td>Mac os x lion (10.7 o posterior)<\/td>\n<\/tr>\n<tr>\n<td>Mac os x mountain lion (10.8 o posterior)<\/td>\n<\/tr>\n<tr>\n<td>Mac os x mavericks (10.9 o posterior)<\/td>\n<\/tr>\n<tr>\n<td>Ram: 1 gb de memoria ram<\/td>\n<\/tr>\n<tr>\n<td>Espacio libre en disco disponible: 400 mb<\/td>\n<\/tr>\n<tr>\n<td>Trafficlight est\u00e1 disponible para safari, firefox y google chrome<\/td>\n<\/tr>\n<\/table>\n","protected":false},"excerpt":{"rendered":"<p>Bitdefender small office security. Poderosamente sencillo. Proporciona tecnologia de seguridad n\u00ba 1 y protecci\u00f3n administrada centralmente para equipos de sobremesa y servidores, sin el coste de las soluciones locales tradicionales.<\/p>\n","protected":false},"featured_media":262850,"comment_status":"open","ping_status":"open","template":"","meta":[],"product_cat":[1827,2004],"product_tag":[1833],"acf":[],"yoast_head":"<!-- This site is optimized with the Yoast SEO plugin v21.7 - https:\/\/yoast.com\/wordpress\/plugins\/seo\/ -->\n<title>[ Bitdefender ] &#129351; Tmbd-347 Esd Small Office Security 20 Pc + 1 Servidor + 1 Consola Cloud, 3 A\u00f1os (entrega Electronica)<\/title>\n<meta name=\"description\" content=\"Compra Tmbd-347 Esd Small Office Security 20 Pc + 1 Servidor + 1 Consola Cloud, 3 A\u00f1os (entrega Electronica) + Env\u00edo a domicilio + Pago seguro + Garant\u00eda\" \/>\n<meta name=\"robots\" content=\"index, follow, max-snippet:-1, max-image-preview:large, max-video-preview:-1\" \/>\n<link rel=\"canonical\" href=\"https:\/\/compuviper.mx\/tienda\/producto\/bitdefender-tmbd-347-esd-small-office-security-20-pc-1-servidor-1-consola-cloud-3-aos-entrega-electronica\/\" \/>\n<meta property=\"og:locale\" content=\"es_MX\" \/>\n<meta property=\"og:type\" content=\"article\" \/>\n<meta property=\"og:title\" content=\"[ Bitdefender ] &#129351; Tmbd-347 Esd Small Office Security 20 Pc + 1 Servidor + 1 Consola Cloud, 3 A\u00f1os (entrega Electronica)\" \/>\n<meta property=\"og:description\" content=\"Compra Tmbd-347 Esd Small Office Security 20 Pc + 1 Servidor + 1 Consola Cloud, 3 A\u00f1os (entrega Electronica) + Env\u00edo a domicilio + Pago seguro + Garant\u00eda\" \/>\n<meta property=\"og:url\" content=\"https:\/\/compuviper.mx\/tienda\/producto\/bitdefender-tmbd-347-esd-small-office-security-20-pc-1-servidor-1-consola-cloud-3-aos-entrega-electronica\/\" \/>\n<meta property=\"og:site_name\" content=\"Compuviper\" \/>\n<meta property=\"article:publisher\" content=\"https:\/\/www.facebook.com\/compuviper\" \/>\n<meta property=\"og:image\" content=\"https:\/\/compuviper.mx\/tienda\/wp-content\/uploads\/2025\/11\/Esd-bitdefender-small-office-security-20-pc-1-servidor-1-consola-cloud-3-anos-entrega-electronica.jpg\" \/>\n\t<meta property=\"og:image:width\" content=\"200\" \/>\n\t<meta property=\"og:image:height\" content=\"200\" \/>\n\t<meta property=\"og:image:type\" content=\"image\/jpeg\" \/>\n<meta name=\"twitter:card\" content=\"summary_large_image\" \/>\n<meta name=\"twitter:label1\" content=\"Precio\" \/>\n\t<meta name=\"twitter:data1\" content=\"&#36;7,997 con IVA\" \/>\n\t<meta name=\"twitter:label2\" content=\"Availability\" \/>\n\t<meta name=\"twitter:data2\" content=\"On backorder\" \/>\n<script type=\"application\/ld+json\" class=\"yoast-schema-graph\">{\"@context\":\"https:\/\/schema.org\",\"@graph\":[{\"@type\":\"WebPage\",\"@id\":\"https:\/\/compuviper.mx\/tienda\/producto\/bitdefender-tmbd-347-esd-small-office-security-20-pc-1-servidor-1-consola-cloud-3-aos-entrega-electronica\/\",\"url\":\"https:\/\/compuviper.mx\/tienda\/producto\/bitdefender-tmbd-347-esd-small-office-security-20-pc-1-servidor-1-consola-cloud-3-aos-entrega-electronica\/\",\"name\":\"[ Bitdefender ] &#129351; Tmbd-347 Esd Small Office Security 20 Pc + 1 Servidor + 1 Consola Cloud, 3 A\u00f1os (entrega Electronica)\",\"isPartOf\":{\"@id\":\"https:\/\/compuviper.mx\/tienda\/#website\"},\"datePublished\":\"2026-04-02T08:11:46+00:00\",\"dateModified\":\"2026-04-02T08:11:46+00:00\",\"description\":\"Compra Tmbd-347 Esd Small Office Security 20 Pc + 1 Servidor + 1 Consola Cloud, 3 A\u00f1os (entrega Electronica) + Env\u00edo a domicilio + Pago seguro + Garant\u00eda\",\"breadcrumb\":{\"@id\":\"https:\/\/compuviper.mx\/tienda\/producto\/bitdefender-tmbd-347-esd-small-office-security-20-pc-1-servidor-1-consola-cloud-3-aos-entrega-electronica\/#breadcrumb\"},\"inLanguage\":\"es-MX\",\"potentialAction\":[{\"@type\":\"ReadAction\",\"target\":[\"https:\/\/compuviper.mx\/tienda\/producto\/bitdefender-tmbd-347-esd-small-office-security-20-pc-1-servidor-1-consola-cloud-3-aos-entrega-electronica\/\"]}]},{\"@type\":\"BreadcrumbList\",\"@id\":\"https:\/\/compuviper.mx\/tienda\/producto\/bitdefender-tmbd-347-esd-small-office-security-20-pc-1-servidor-1-consola-cloud-3-aos-entrega-electronica\/#breadcrumb\",\"itemListElement\":[{\"@type\":\"ListItem\",\"position\":1,\"name\":\"Inicio\",\"item\":\"https:\/\/compuviper.mx\/tienda\/\"},{\"@type\":\"ListItem\",\"position\":2,\"name\":\"Productos\",\"item\":\"https:\/\/compuviper.mx\/tienda\/productos\/\"},{\"@type\":\"ListItem\",\"position\":3,\"name\":\"Software\",\"item\":\"https:\/\/compuviper.mx\/tienda\/categoria-producto\/software\/\"},{\"@type\":\"ListItem\",\"position\":4,\"name\":\"Licenciamiento Esd\",\"item\":\"https:\/\/compuviper.mx\/tienda\/categoria-producto\/software\/licenciamiento-esd\/\"},{\"@type\":\"ListItem\",\"position\":5,\"name\":\"Bitdefender Tmbd-347 Esd Small Office Security 20 Pc + 1 Servidor + 1 Consola Cloud, 3 A?os (entrega Electronica)\"}]},{\"@type\":\"WebSite\",\"@id\":\"https:\/\/compuviper.mx\/tienda\/#website\",\"url\":\"https:\/\/compuviper.mx\/tienda\/\",\"name\":\"Compuviper\",\"description\":\"Proveedor de Computadoras, Laptops, Servidores, Monitores, Puntos de Venta, Teclados,   Impresoras, T\u00f3ner, C\u00e1maras de Seguridad y m\u00e1s en tu tienda en l\u00ednea\",\"publisher\":{\"@id\":\"https:\/\/compuviper.mx\/tienda\/#organization\"},\"potentialAction\":[{\"@type\":\"SearchAction\",\"target\":{\"@type\":\"EntryPoint\",\"urlTemplate\":\"https:\/\/compuviper.mx\/tienda\/?s={search_term_string}\"},\"query-input\":\"required name=search_term_string\"}],\"inLanguage\":\"es-MX\"},{\"@type\":\"Organization\",\"@id\":\"https:\/\/compuviper.mx\/tienda\/#organization\",\"name\":\"Compuviper\",\"url\":\"https:\/\/compuviper.mx\/tienda\/\",\"logo\":{\"@type\":\"ImageObject\",\"inLanguage\":\"es-MX\",\"@id\":\"https:\/\/compuviper.mx\/tienda\/#\/schema\/logo\/image\/\",\"url\":\"https:\/\/compuviper.mx\/tienda\/wp-content\/uploads\/2021\/08\/Logo-Compuviper-10.png\",\"contentUrl\":\"https:\/\/compuviper.mx\/tienda\/wp-content\/uploads\/2021\/08\/Logo-Compuviper-10.png\",\"width\":1000,\"height\":500,\"caption\":\"Compuviper\"},\"image\":{\"@id\":\"https:\/\/compuviper.mx\/tienda\/#\/schema\/logo\/image\/\"},\"sameAs\":[\"https:\/\/www.facebook.com\/compuviper\",\"https:\/\/www.youtube.com\/channel\/UCf73dERp9Y3cfOq7q8BhLjA?view_as=subscriber\"]}]}<\/script>\n<meta property=\"product:brand\" content=\"BITDEFENDER\" \/>\n<meta property=\"product:price:amount\" content=\"7997\" \/>\n<meta property=\"product:price:currency\" content=\"MXN\" \/>\n<meta property=\"og:availability\" content=\"backorder\" \/>\n<meta property=\"product:availability\" content=\"available for order\" \/>\n<meta property=\"product:retailer_item_id\" content=\"TMBD-347\" \/>\n<meta property=\"product:condition\" content=\"new\" \/>\n<!-- \/ Yoast SEO plugin. -->","yoast_head_json":{"title":"[ Bitdefender ] &#129351; Tmbd-347 Esd Small Office Security 20 Pc + 1 Servidor + 1 Consola Cloud, 3 A\u00f1os (entrega Electronica)","description":"Compra Tmbd-347 Esd Small Office Security 20 Pc + 1 Servidor + 1 Consola Cloud, 3 A\u00f1os (entrega Electronica) + Env\u00edo a domicilio + Pago seguro + Garant\u00eda","robots":{"index":"index","follow":"follow","max-snippet":"max-snippet:-1","max-image-preview":"max-image-preview:large","max-video-preview":"max-video-preview:-1"},"canonical":"https:\/\/compuviper.mx\/tienda\/producto\/bitdefender-tmbd-347-esd-small-office-security-20-pc-1-servidor-1-consola-cloud-3-aos-entrega-electronica\/","og_locale":"es_MX","og_type":"article","og_title":"[ Bitdefender ] &#129351; Tmbd-347 Esd Small Office Security 20 Pc + 1 Servidor + 1 Consola Cloud, 3 A\u00f1os (entrega Electronica)","og_description":"Compra Tmbd-347 Esd Small Office Security 20 Pc + 1 Servidor + 1 Consola Cloud, 3 A\u00f1os (entrega Electronica) + Env\u00edo a domicilio + Pago seguro + Garant\u00eda","og_url":"https:\/\/compuviper.mx\/tienda\/producto\/bitdefender-tmbd-347-esd-small-office-security-20-pc-1-servidor-1-consola-cloud-3-aos-entrega-electronica\/","og_site_name":"Compuviper","article_publisher":"https:\/\/www.facebook.com\/compuviper","og_image":[{"width":200,"height":200,"url":"https:\/\/compuviper.mx\/tienda\/wp-content\/uploads\/2025\/11\/Esd-bitdefender-small-office-security-20-pc-1-servidor-1-consola-cloud-3-anos-entrega-electronica.jpg","type":"image\/jpeg"}],"twitter_card":"summary_large_image","twitter_misc":{"Precio":"&#36;7,997 con IVA","Availability":"On backorder"},"schema":{"@context":"https:\/\/schema.org","@graph":[{"@type":"WebPage","@id":"https:\/\/compuviper.mx\/tienda\/producto\/bitdefender-tmbd-347-esd-small-office-security-20-pc-1-servidor-1-consola-cloud-3-aos-entrega-electronica\/","url":"https:\/\/compuviper.mx\/tienda\/producto\/bitdefender-tmbd-347-esd-small-office-security-20-pc-1-servidor-1-consola-cloud-3-aos-entrega-electronica\/","name":"[ Bitdefender ] &#129351; Tmbd-347 Esd Small Office Security 20 Pc + 1 Servidor + 1 Consola Cloud, 3 A\u00f1os (entrega Electronica)","isPartOf":{"@id":"https:\/\/compuviper.mx\/tienda\/#website"},"datePublished":"2026-04-02T08:11:46+00:00","dateModified":"2026-04-02T08:11:46+00:00","description":"Compra Tmbd-347 Esd Small Office Security 20 Pc + 1 Servidor + 1 Consola Cloud, 3 A\u00f1os (entrega Electronica) + Env\u00edo a domicilio + Pago seguro + Garant\u00eda","breadcrumb":{"@id":"https:\/\/compuviper.mx\/tienda\/producto\/bitdefender-tmbd-347-esd-small-office-security-20-pc-1-servidor-1-consola-cloud-3-aos-entrega-electronica\/#breadcrumb"},"inLanguage":"es-MX","potentialAction":[{"@type":"ReadAction","target":["https:\/\/compuviper.mx\/tienda\/producto\/bitdefender-tmbd-347-esd-small-office-security-20-pc-1-servidor-1-consola-cloud-3-aos-entrega-electronica\/"]}]},{"@type":"BreadcrumbList","@id":"https:\/\/compuviper.mx\/tienda\/producto\/bitdefender-tmbd-347-esd-small-office-security-20-pc-1-servidor-1-consola-cloud-3-aos-entrega-electronica\/#breadcrumb","itemListElement":[{"@type":"ListItem","position":1,"name":"Inicio","item":"https:\/\/compuviper.mx\/tienda\/"},{"@type":"ListItem","position":2,"name":"Productos","item":"https:\/\/compuviper.mx\/tienda\/productos\/"},{"@type":"ListItem","position":3,"name":"Software","item":"https:\/\/compuviper.mx\/tienda\/categoria-producto\/software\/"},{"@type":"ListItem","position":4,"name":"Licenciamiento Esd","item":"https:\/\/compuviper.mx\/tienda\/categoria-producto\/software\/licenciamiento-esd\/"},{"@type":"ListItem","position":5,"name":"Bitdefender Tmbd-347 Esd Small Office Security 20 Pc + 1 Servidor + 1 Consola Cloud, 3 A?os (entrega Electronica)"}]},{"@type":"WebSite","@id":"https:\/\/compuviper.mx\/tienda\/#website","url":"https:\/\/compuviper.mx\/tienda\/","name":"Compuviper","description":"Proveedor de Computadoras, Laptops, Servidores, Monitores, Puntos de Venta, Teclados,   Impresoras, T\u00f3ner, C\u00e1maras de Seguridad y m\u00e1s en tu tienda en l\u00ednea","publisher":{"@id":"https:\/\/compuviper.mx\/tienda\/#organization"},"potentialAction":[{"@type":"SearchAction","target":{"@type":"EntryPoint","urlTemplate":"https:\/\/compuviper.mx\/tienda\/?s={search_term_string}"},"query-input":"required name=search_term_string"}],"inLanguage":"es-MX"},{"@type":"Organization","@id":"https:\/\/compuviper.mx\/tienda\/#organization","name":"Compuviper","url":"https:\/\/compuviper.mx\/tienda\/","logo":{"@type":"ImageObject","inLanguage":"es-MX","@id":"https:\/\/compuviper.mx\/tienda\/#\/schema\/logo\/image\/","url":"https:\/\/compuviper.mx\/tienda\/wp-content\/uploads\/2021\/08\/Logo-Compuviper-10.png","contentUrl":"https:\/\/compuviper.mx\/tienda\/wp-content\/uploads\/2021\/08\/Logo-Compuviper-10.png","width":1000,"height":500,"caption":"Compuviper"},"image":{"@id":"https:\/\/compuviper.mx\/tienda\/#\/schema\/logo\/image\/"},"sameAs":["https:\/\/www.facebook.com\/compuviper","https:\/\/www.youtube.com\/channel\/UCf73dERp9Y3cfOq7q8BhLjA?view_as=subscriber"]}]},"product_brand":"BITDEFENDER","product_price_amount":"7997","product_price_currency":"MXN","og_availability":"backorder","product_availability":"available for order","product_retailer_item_id":"TMBD-347","product_condition":"new"},"_links":{"self":[{"href":"https:\/\/compuviper.mx\/tienda\/wp-json\/wp\/v2\/product\/262615"}],"collection":[{"href":"https:\/\/compuviper.mx\/tienda\/wp-json\/wp\/v2\/product"}],"about":[{"href":"https:\/\/compuviper.mx\/tienda\/wp-json\/wp\/v2\/types\/product"}],"replies":[{"embeddable":true,"href":"https:\/\/compuviper.mx\/tienda\/wp-json\/wp\/v2\/comments?post=262615"}],"wp:featuredmedia":[{"embeddable":true,"href":"https:\/\/compuviper.mx\/tienda\/wp-json\/wp\/v2\/media\/262850"}],"wp:attachment":[{"href":"https:\/\/compuviper.mx\/tienda\/wp-json\/wp\/v2\/media?parent=262615"}],"wp:term":[{"taxonomy":"product_cat","embeddable":true,"href":"https:\/\/compuviper.mx\/tienda\/wp-json\/wp\/v2\/product_cat?post=262615"},{"taxonomy":"product_tag","embeddable":true,"href":"https:\/\/compuviper.mx\/tienda\/wp-json\/wp\/v2\/product_tag?post=262615"}],"curies":[{"name":"wp","href":"https:\/\/api.w.org\/{rel}","templated":true}]}}