{"id":262610,"date":"2026-04-21T02:18:52","date_gmt":"2026-04-21T08:18:52","guid":{"rendered":"https:\/\/compuviper.mx\/tienda\/producto\/bitdefender-tmbd-321-esd-antivirus-for-mac-1-usuario-1-ao-entrega-electronica\/"},"modified":"2026-04-21T02:18:52","modified_gmt":"2026-04-21T08:18:52","slug":"bitdefender-tmbd-321-esd-antivirus-for-mac-1-usuario-1-ao-entrega-electronica","status":"publish","type":"product","link":"https:\/\/compuviper.mx\/tienda\/producto\/bitdefender-tmbd-321-esd-antivirus-for-mac-1-usuario-1-ao-entrega-electronica\/","title":{"rendered":"Bitdefender Tmbd-321 Esd  Antivirus For Mac \/ 1 Usuario \/ 1 A?o Entrega Electronica"},"content":{"rendered":"<table class=\"descripcion\">\n<tr>\n<td>-protege sus copias de seguridad<\/td>\n<\/tr>\n<tr>\n<td>La nueva caracter\u00edstica protecci\u00f3n de time machine le proporciona una mayor seguridad y evita que el malware sofisticado cifre o destruya sus copias de seguridad. \u00a1no le quepa la menor duda de que sus archivos seguir\u00e1n siendo suyos!<\/td>\n<\/tr>\n<tr>\n<td>-protege sus compras online<\/td>\n<\/tr>\n<tr>\n<td>Las estafas online no hacen distingos entre sistemas operativos. bitdefender antivirus for mac cuenta con un sistema especial antiphishing que analiza las p\u00e1ginas web por las que navega y le avisa cuando se encuentra ante intentos de fraude.<\/td>\n<\/tr>\n<tr>\n<td>-ataja el malware de mac y de pc<\/td>\n<\/tr>\n<tr>\n<td>Bitdefender antivirus for mac detecta y elimina no solo el malware creado para mac, sino tambi\u00e9n los contenidos maliciosos dise\u00f1ados para windows. as\u00ed nunca le pasar\u00e1 accidentalmente archivos infectados a su familia, amigos y compa\u00f1eros de trabajo que sean usuarios de windows.<\/td>\n<\/tr>\n<tr>\n<td>-proporciona protecci\u00f3n ininterrumpida con bitdefender autopilot\u0099<\/td>\n<\/tr>\n<tr>\n<td>________________________________________autopilot se encarga de todas sus necesidades de seguridad, para que usted no tenga que preocuparse por nada. una vez activado, combina una serie de tecnolog\u00edas propias innovadoras para detectar y eliminar cualquier amenaza de forma autom\u00e1tica, con impacto nulo en la velocidad y el rendimiento de su mac. act\u00edvelo y olv\u00eddese.<\/td>\n<\/tr>\n<tr>\n<td>________________________________________<\/td>\n<\/tr>\n<tr>\n<td>-asegura un an\u00e1lisis superr\u00e1pido<\/td>\n<\/tr>\n<tr>\n<td>Bitdefender antivirus for mac ofrece an\u00e1lisis r\u00e1pido y protecci\u00f3n a toda prueba contra malware sin demoras. bitdefender es tan r\u00e1pido y tan discreto, que ni siquiera sabr\u00e1 que est\u00e1 ah\u00ed, trabajando para mantener su mac a salvo.<\/td>\n<\/tr>\n<tr>\n<td>-proporciona un servicio de guardia 24\/7 basado en la nube<\/td>\n<\/tr>\n<tr>\n<td>Dado que no dejan de aparecer nuevas amenazas en internet, hemos dise\u00f1ado bitdefender para que actualice constantemente su cat\u00e1logo de malware. debido a su conexi\u00f3n con tecnolog\u00edas incre\u00edblemente potentes basadas en la nube que trabajan para detectar y eliminar las amenazas, proporciona protecci\u00f3n instant\u00e1nea a escala mundial. gracias al hecho de que todo el proceso complejo se desarrolla en la nube, no afecta a sus recursos y sus datos privados permanecen almacenados de forma segura en su mac<\/td>\n<\/tr>\n<tr>\n<td>-bloquea y elimina el adware molesto<\/td>\n<\/tr>\n<tr>\n<td>________________________________________libera su mac del adware. incluso los macs pueden verse afectados por molestos programas de adware. el nuevo bitdefender antivirus for mac detecta y elimina el adware, los programas maliciosos de secuestro, las barras de herramientas no deseadas y otros complementos de navegador instalados con o sin su consentimiento.<\/td>\n<\/tr>\n<tr>\n<td>________________________________________<\/td>\n<\/tr>\n<tr>\n<td>-analiza su mac con un impacto nulo en el rendimiento<\/td>\n<\/tr>\n<tr>\n<td>El nuevo bitdefender antivirus for mac ha sido dise\u00f1ado para trabajar en perfecta armon\u00eda con mac os x. sabe c\u00f3mo analizar sus archivos para que pueda disfrutar de la misma protecci\u00f3n blindada contra el malware sin ning\u00fan impacto negativo en la velocidad y el rendimiento de su mac.<\/td>\n<\/tr>\n<tr>\n<td>-ofrece una gran experiencia de usuario<\/td>\n<\/tr>\n<tr>\n<td>Con una interfaz de usuario intuitiva e impecablemente redise\u00f1ada, el nuevo bitdefender antivirus for mac se siente m\u00e1s a gusto que nunca en mac os x. ahora puede ejecutar su antivirus constantemente, porque no se interpondr\u00e1 en su camino<\/td>\n<\/tr>\n<tr>\n<td>Requisitos del sistema:<\/td>\n<\/tr>\n<tr>\n<td>Debe instalar bitdefender antivirus for mac s\u00f3lo en equipos macintosh basados en intel con versi\u00f3n os x mavericks (10.9.5), os x yosemite (10.10 o posterior), os x el capitan (10.11), os x sierra(10.12) instaladas.<\/td>\n<\/tr>\n<tr>\n<td>Su mac tambi\u00e9n debe cumplir con todos estos<\/td>\n<\/tr>\n<tr>\n<td>Requisitos adicionales:<\/td>\n<\/tr>\n<tr>\n<td>M\u00ednimo 1 gb de memoria ram<\/td>\n<\/tr>\n<tr>\n<td>M\u00ednimo 400 mb de espacio libre en disco<\/td>\n<\/tr>\n<tr>\n<td>Se requiere de una conexi\u00f3n a internet para registrar y actualizar<\/td>\n<\/tr>\n<tr>\n<td>Bitdefender antivirus for mac.<\/td>\n<\/tr>\n<tr>\n<td>Trafficlight est\u00e1 disponible para safari, firefox y google chrome<\/td>\n<\/tr>\n<\/table>\n","protected":false},"excerpt":{"rendered":"<p>Bitdefender antivirus for mac ofrece una protecci\u00f3n de gran calibre con un m\u00ednimo impacto en el sistema y un excelente dise\u00f1o, lo que la convierte en nuestra mejor opci\u00f3n como antivirus para mac.<\/p>\n","protected":false},"featured_media":0,"comment_status":"open","ping_status":"open","template":"","meta":[],"product_cat":[2004,1827],"product_tag":[1833],"acf":[],"yoast_head":"<!-- This site is optimized with the Yoast SEO plugin v21.7 - https:\/\/yoast.com\/wordpress\/plugins\/seo\/ -->\n<title>[ Bitdefender ] &#129351; Tmbd-321 Esd Antivirus For Mac \/ 1 Usuario \/ 1 A\u00f1o Entrega Electronica<\/title>\n<meta name=\"description\" content=\"Compra Tmbd-321 Esd Antivirus For Mac \/ 1 Usuario \/ 1 A\u00f1o Entrega Electronica + Env\u00edo a domicilio + Pago seguro + Garant\u00eda\" \/>\n<meta name=\"robots\" content=\"index, follow, max-snippet:-1, max-image-preview:large, max-video-preview:-1\" \/>\n<link rel=\"canonical\" href=\"https:\/\/compuviper.mx\/tienda\/producto\/bitdefender-tmbd-321-esd-antivirus-for-mac-1-usuario-1-ao-entrega-electronica\/\" \/>\n<meta property=\"og:locale\" content=\"es_MX\" \/>\n<meta property=\"og:type\" content=\"article\" \/>\n<meta property=\"og:title\" content=\"[ Bitdefender ] &#129351; Tmbd-321 Esd Antivirus For Mac \/ 1 Usuario \/ 1 A\u00f1o Entrega Electronica\" \/>\n<meta property=\"og:description\" content=\"Compra Tmbd-321 Esd Antivirus For Mac \/ 1 Usuario \/ 1 A\u00f1o Entrega Electronica + Env\u00edo a domicilio + Pago seguro + Garant\u00eda\" \/>\n<meta property=\"og:url\" content=\"https:\/\/compuviper.mx\/tienda\/producto\/bitdefender-tmbd-321-esd-antivirus-for-mac-1-usuario-1-ao-entrega-electronica\/\" \/>\n<meta property=\"og:site_name\" content=\"Compuviper\" \/>\n<meta property=\"article:publisher\" content=\"https:\/\/www.facebook.com\/compuviper\" \/>\n<meta name=\"twitter:card\" content=\"summary_large_image\" \/>\n<meta name=\"twitter:label1\" content=\"Precio\" \/>\n\t<meta name=\"twitter:data1\" content=\"&#36;263 &#36;215 con IVA\" \/>\n\t<meta name=\"twitter:label2\" content=\"Availability\" \/>\n\t<meta name=\"twitter:data2\" content=\"On backorder\" \/>\n<script type=\"application\/ld+json\" class=\"yoast-schema-graph\">{\"@context\":\"https:\/\/schema.org\",\"@graph\":[{\"@type\":\"WebPage\",\"@id\":\"https:\/\/compuviper.mx\/tienda\/producto\/bitdefender-tmbd-321-esd-antivirus-for-mac-1-usuario-1-ao-entrega-electronica\/\",\"url\":\"https:\/\/compuviper.mx\/tienda\/producto\/bitdefender-tmbd-321-esd-antivirus-for-mac-1-usuario-1-ao-entrega-electronica\/\",\"name\":\"[ Bitdefender ] &#129351; Tmbd-321 Esd Antivirus For Mac \/ 1 Usuario \/ 1 A\u00f1o Entrega Electronica\",\"isPartOf\":{\"@id\":\"https:\/\/compuviper.mx\/tienda\/#website\"},\"datePublished\":\"2026-04-21T08:18:52+00:00\",\"dateModified\":\"2026-04-21T08:18:52+00:00\",\"description\":\"Compra Tmbd-321 Esd Antivirus For Mac \/ 1 Usuario \/ 1 A\u00f1o Entrega Electronica + Env\u00edo a domicilio + Pago seguro + Garant\u00eda\",\"breadcrumb\":{\"@id\":\"https:\/\/compuviper.mx\/tienda\/producto\/bitdefender-tmbd-321-esd-antivirus-for-mac-1-usuario-1-ao-entrega-electronica\/#breadcrumb\"},\"inLanguage\":\"es-MX\",\"potentialAction\":[{\"@type\":\"ReadAction\",\"target\":[\"https:\/\/compuviper.mx\/tienda\/producto\/bitdefender-tmbd-321-esd-antivirus-for-mac-1-usuario-1-ao-entrega-electronica\/\"]}]},{\"@type\":\"BreadcrumbList\",\"@id\":\"https:\/\/compuviper.mx\/tienda\/producto\/bitdefender-tmbd-321-esd-antivirus-for-mac-1-usuario-1-ao-entrega-electronica\/#breadcrumb\",\"itemListElement\":[{\"@type\":\"ListItem\",\"position\":1,\"name\":\"Inicio\",\"item\":\"https:\/\/compuviper.mx\/tienda\/\"},{\"@type\":\"ListItem\",\"position\":2,\"name\":\"Productos\",\"item\":\"https:\/\/compuviper.mx\/tienda\/productos\/\"},{\"@type\":\"ListItem\",\"position\":3,\"name\":\"Software\",\"item\":\"https:\/\/compuviper.mx\/tienda\/categoria-producto\/software\/\"},{\"@type\":\"ListItem\",\"position\":4,\"name\":\"Licenciamiento Esd\",\"item\":\"https:\/\/compuviper.mx\/tienda\/categoria-producto\/software\/licenciamiento-esd\/\"},{\"@type\":\"ListItem\",\"position\":5,\"name\":\"Bitdefender Tmbd-321 Esd Antivirus For Mac \/ 1 Usuario \/ 1 A?o Entrega Electronica\"}]},{\"@type\":\"WebSite\",\"@id\":\"https:\/\/compuviper.mx\/tienda\/#website\",\"url\":\"https:\/\/compuviper.mx\/tienda\/\",\"name\":\"Compuviper\",\"description\":\"Proveedor de Computadoras, Laptops, Servidores, Monitores, Puntos de Venta, Teclados,   Impresoras, T\u00f3ner, C\u00e1maras de Seguridad y m\u00e1s en tu tienda en l\u00ednea\",\"publisher\":{\"@id\":\"https:\/\/compuviper.mx\/tienda\/#organization\"},\"potentialAction\":[{\"@type\":\"SearchAction\",\"target\":{\"@type\":\"EntryPoint\",\"urlTemplate\":\"https:\/\/compuviper.mx\/tienda\/?s={search_term_string}\"},\"query-input\":\"required name=search_term_string\"}],\"inLanguage\":\"es-MX\"},{\"@type\":\"Organization\",\"@id\":\"https:\/\/compuviper.mx\/tienda\/#organization\",\"name\":\"Compuviper\",\"url\":\"https:\/\/compuviper.mx\/tienda\/\",\"logo\":{\"@type\":\"ImageObject\",\"inLanguage\":\"es-MX\",\"@id\":\"https:\/\/compuviper.mx\/tienda\/#\/schema\/logo\/image\/\",\"url\":\"https:\/\/compuviper.mx\/tienda\/wp-content\/uploads\/2021\/08\/Logo-Compuviper-10.png\",\"contentUrl\":\"https:\/\/compuviper.mx\/tienda\/wp-content\/uploads\/2021\/08\/Logo-Compuviper-10.png\",\"width\":1000,\"height\":500,\"caption\":\"Compuviper\"},\"image\":{\"@id\":\"https:\/\/compuviper.mx\/tienda\/#\/schema\/logo\/image\/\"},\"sameAs\":[\"https:\/\/www.facebook.com\/compuviper\",\"https:\/\/www.youtube.com\/channel\/UCf73dERp9Y3cfOq7q8BhLjA?view_as=subscriber\"]}]}<\/script>\n<meta property=\"product:brand\" content=\"BITDEFENDER\" \/>\n<meta property=\"product:price:amount\" content=\"215\" \/>\n<meta property=\"product:price:currency\" content=\"MXN\" \/>\n<meta property=\"og:availability\" content=\"backorder\" \/>\n<meta property=\"product:availability\" content=\"available for order\" \/>\n<meta property=\"product:retailer_item_id\" content=\"TMBD-321\" \/>\n<meta property=\"product:condition\" content=\"new\" \/>\n<!-- \/ Yoast SEO plugin. -->","yoast_head_json":{"title":"[ Bitdefender ] &#129351; Tmbd-321 Esd Antivirus For Mac \/ 1 Usuario \/ 1 A\u00f1o Entrega Electronica","description":"Compra Tmbd-321 Esd Antivirus For Mac \/ 1 Usuario \/ 1 A\u00f1o Entrega Electronica + Env\u00edo a domicilio + Pago seguro + Garant\u00eda","robots":{"index":"index","follow":"follow","max-snippet":"max-snippet:-1","max-image-preview":"max-image-preview:large","max-video-preview":"max-video-preview:-1"},"canonical":"https:\/\/compuviper.mx\/tienda\/producto\/bitdefender-tmbd-321-esd-antivirus-for-mac-1-usuario-1-ao-entrega-electronica\/","og_locale":"es_MX","og_type":"article","og_title":"[ Bitdefender ] &#129351; Tmbd-321 Esd Antivirus For Mac \/ 1 Usuario \/ 1 A\u00f1o Entrega Electronica","og_description":"Compra Tmbd-321 Esd Antivirus For Mac \/ 1 Usuario \/ 1 A\u00f1o Entrega Electronica + Env\u00edo a domicilio + Pago seguro + Garant\u00eda","og_url":"https:\/\/compuviper.mx\/tienda\/producto\/bitdefender-tmbd-321-esd-antivirus-for-mac-1-usuario-1-ao-entrega-electronica\/","og_site_name":"Compuviper","article_publisher":"https:\/\/www.facebook.com\/compuviper","twitter_card":"summary_large_image","twitter_misc":{"Precio":"&#36;263 &#36;215 con IVA","Availability":"On backorder"},"schema":{"@context":"https:\/\/schema.org","@graph":[{"@type":"WebPage","@id":"https:\/\/compuviper.mx\/tienda\/producto\/bitdefender-tmbd-321-esd-antivirus-for-mac-1-usuario-1-ao-entrega-electronica\/","url":"https:\/\/compuviper.mx\/tienda\/producto\/bitdefender-tmbd-321-esd-antivirus-for-mac-1-usuario-1-ao-entrega-electronica\/","name":"[ Bitdefender ] &#129351; Tmbd-321 Esd Antivirus For Mac \/ 1 Usuario \/ 1 A\u00f1o Entrega Electronica","isPartOf":{"@id":"https:\/\/compuviper.mx\/tienda\/#website"},"datePublished":"2026-04-21T08:18:52+00:00","dateModified":"2026-04-21T08:18:52+00:00","description":"Compra Tmbd-321 Esd Antivirus For Mac \/ 1 Usuario \/ 1 A\u00f1o Entrega Electronica + Env\u00edo a domicilio + Pago seguro + Garant\u00eda","breadcrumb":{"@id":"https:\/\/compuviper.mx\/tienda\/producto\/bitdefender-tmbd-321-esd-antivirus-for-mac-1-usuario-1-ao-entrega-electronica\/#breadcrumb"},"inLanguage":"es-MX","potentialAction":[{"@type":"ReadAction","target":["https:\/\/compuviper.mx\/tienda\/producto\/bitdefender-tmbd-321-esd-antivirus-for-mac-1-usuario-1-ao-entrega-electronica\/"]}]},{"@type":"BreadcrumbList","@id":"https:\/\/compuviper.mx\/tienda\/producto\/bitdefender-tmbd-321-esd-antivirus-for-mac-1-usuario-1-ao-entrega-electronica\/#breadcrumb","itemListElement":[{"@type":"ListItem","position":1,"name":"Inicio","item":"https:\/\/compuviper.mx\/tienda\/"},{"@type":"ListItem","position":2,"name":"Productos","item":"https:\/\/compuviper.mx\/tienda\/productos\/"},{"@type":"ListItem","position":3,"name":"Software","item":"https:\/\/compuviper.mx\/tienda\/categoria-producto\/software\/"},{"@type":"ListItem","position":4,"name":"Licenciamiento Esd","item":"https:\/\/compuviper.mx\/tienda\/categoria-producto\/software\/licenciamiento-esd\/"},{"@type":"ListItem","position":5,"name":"Bitdefender Tmbd-321 Esd Antivirus For Mac \/ 1 Usuario \/ 1 A?o Entrega Electronica"}]},{"@type":"WebSite","@id":"https:\/\/compuviper.mx\/tienda\/#website","url":"https:\/\/compuviper.mx\/tienda\/","name":"Compuviper","description":"Proveedor de Computadoras, Laptops, Servidores, Monitores, Puntos de Venta, Teclados,   Impresoras, T\u00f3ner, C\u00e1maras de Seguridad y m\u00e1s en tu tienda en l\u00ednea","publisher":{"@id":"https:\/\/compuviper.mx\/tienda\/#organization"},"potentialAction":[{"@type":"SearchAction","target":{"@type":"EntryPoint","urlTemplate":"https:\/\/compuviper.mx\/tienda\/?s={search_term_string}"},"query-input":"required name=search_term_string"}],"inLanguage":"es-MX"},{"@type":"Organization","@id":"https:\/\/compuviper.mx\/tienda\/#organization","name":"Compuviper","url":"https:\/\/compuviper.mx\/tienda\/","logo":{"@type":"ImageObject","inLanguage":"es-MX","@id":"https:\/\/compuviper.mx\/tienda\/#\/schema\/logo\/image\/","url":"https:\/\/compuviper.mx\/tienda\/wp-content\/uploads\/2021\/08\/Logo-Compuviper-10.png","contentUrl":"https:\/\/compuviper.mx\/tienda\/wp-content\/uploads\/2021\/08\/Logo-Compuviper-10.png","width":1000,"height":500,"caption":"Compuviper"},"image":{"@id":"https:\/\/compuviper.mx\/tienda\/#\/schema\/logo\/image\/"},"sameAs":["https:\/\/www.facebook.com\/compuviper","https:\/\/www.youtube.com\/channel\/UCf73dERp9Y3cfOq7q8BhLjA?view_as=subscriber"]}]},"product_brand":"BITDEFENDER","product_price_amount":"215","product_price_currency":"MXN","og_availability":"backorder","product_availability":"available for order","product_retailer_item_id":"TMBD-321","product_condition":"new"},"_links":{"self":[{"href":"https:\/\/compuviper.mx\/tienda\/wp-json\/wp\/v2\/product\/262610"}],"collection":[{"href":"https:\/\/compuviper.mx\/tienda\/wp-json\/wp\/v2\/product"}],"about":[{"href":"https:\/\/compuviper.mx\/tienda\/wp-json\/wp\/v2\/types\/product"}],"replies":[{"embeddable":true,"href":"https:\/\/compuviper.mx\/tienda\/wp-json\/wp\/v2\/comments?post=262610"}],"wp:attachment":[{"href":"https:\/\/compuviper.mx\/tienda\/wp-json\/wp\/v2\/media?parent=262610"}],"wp:term":[{"taxonomy":"product_cat","embeddable":true,"href":"https:\/\/compuviper.mx\/tienda\/wp-json\/wp\/v2\/product_cat?post=262610"},{"taxonomy":"product_tag","embeddable":true,"href":"https:\/\/compuviper.mx\/tienda\/wp-json\/wp\/v2\/product_tag?post=262610"}],"curies":[{"name":"wp","href":"https:\/\/api.w.org\/{rel}","templated":true}]}}