{"id":262596,"date":"2026-04-21T01:26:31","date_gmt":"2026-04-21T07:26:31","guid":{"rendered":"https:\/\/compuviper.mx\/tienda\/producto\/lenovo-zafr0211mx-idea-tablet-tab-con-teclado-y-pluma-tb336fu-mediatek-6300-2-4ghz-8gb-128gb-11-pulg-2-5k-2560x1600-luna-grey-android-15-1yr-centro-de-servicio\/"},"modified":"2026-04-21T01:26:32","modified_gmt":"2026-04-21T07:26:32","slug":"lenovo-zafr0211mx-idea-tablet-tab-con-teclado-y-pluma-tb336fu-mediatek-6300-2-4ghz-8gb-128gb-11-pulg-2-5k-2560x1600-luna-grey-android-15-1yr-centro-de-servicio","status":"publish","type":"product","link":"https:\/\/compuviper.mx\/tienda\/producto\/lenovo-zafr0211mx-idea-tablet-tab-con-teclado-y-pluma-tb336fu-mediatek-6300-2-4ghz-8gb-128gb-11-pulg-2-5k-2560x1600-luna-grey-android-15-1yr-centro-de-servicio\/","title":{"rendered":"Lenovo Zafr0211mx  Idea Tablet Tab Con Teclado Y Pluma \/ Tb336fu \/ Mediatek 6300 2.4ghz \/ 8gb \/ 128gb \/ 11 Pulg 2.5k 2560&#215;1600 \/ Luna Grey \/ Android 15 \/ 1yr Centro De Servicio"},"content":{"rendered":"<table class=\"descripcion\">\n<tr>\n<td>Performance<\/td>\n<\/tr>\n<tr>\n<td>Processor: mediatek dimensity 6300 (8c, 2x a76 @2.4 ghz + 6x a55@2.0 ghz)<\/td>\n<\/tr>\n<tr>\n<td>Graphics: integrated arm mali-g57 mc2 gpu<\/td>\n<\/tr>\n<tr>\n<td>Chipset: mediatek soc platform<\/td>\n<\/tr>\n<tr>\n<td>Memory: 8gb soldered lpddr4x<\/td>\n<\/tr>\n<tr>\n<td>Storage: 128gb ufs 2.2<\/td>\n<\/tr>\n<tr>\n<td>Card reader: microsd card slot<\/td>\n<\/tr>\n<tr>\n<td>Max storage support: 128gb ufs 2.2 on systemboard \/ microsd card, supports up to 2tb (exfat)<\/td>\n<\/tr>\n<tr>\n<td>Speakers: 4 speakers, optimized with dolby atmos<\/td>\n<\/tr>\n<tr>\n<td>Microphone: mono<\/td>\n<\/tr>\n<tr>\n<td>Camera: front 5.0mp \/ rear 8.0mp<\/td>\n<\/tr>\n<tr>\n<td>Voicecall: no<\/td>\n<\/tr>\n<tr>\n<td>Vibration motor:  no support<\/td>\n<\/tr>\n<tr>\n<td>Sensors:<\/td>\n<\/tr>\n<tr>\n<td>Accelerometer sensor<\/td>\n<\/tr>\n<tr>\n<td>Ambient light sensor (als)<\/td>\n<\/tr>\n<tr>\n<td>Hall sensor<\/td>\n<\/tr>\n<tr>\n<td>Battery: 7040mah (typical)<\/td>\n<\/tr>\n<tr>\n<td>Power adapter: 10v \/ 2a<\/td>\n<\/tr>\n<tr>\n<td>Design<\/td>\n<\/tr>\n<tr>\n<td>Display: 11 2.5k (2560&#215;1600) ips 500nits anti-fingerprint, 72% ntsc, 90hz, touch<\/td>\n<\/tr>\n<tr>\n<td>Touchscreen: in-cell, 10-point multi-touch<\/td>\n<\/tr>\n<tr>\n<td>Screen-to-body ratio: 85%<\/td>\n<\/tr>\n<tr>\n<td>Pen: pen bundled<\/td>\n<\/tr>\n<tr>\n<td>Keyboard: non-backlit, spanish (la)<\/td>\n<\/tr>\n<tr>\n<td>Dimensions (wxdxh): 254.59 x 166.15 x 6.99 mm (10.02 x 6.54 x 0.28 inches)<\/td>\n<\/tr>\n<tr>\n<td>Weight: 480 g \u00b1 10 g (1.06 lbs \u00b1 0.02 lbs)<\/td>\n<\/tr>\n<tr>\n<td>Case color: luna grey<\/td>\n<\/tr>\n<tr>\n<td>Case material: metal<\/td>\n<\/tr>\n<tr>\n<td>Software:<\/td>\n<\/tr>\n<tr>\n<td>Operating system: android 15 or later<\/td>\n<\/tr>\n<tr>\n<td>Connectivity<\/td>\n<\/tr>\n<tr>\n<td>Wlan + bluetooth: wi-fi 5, 802.11ac 1&#215;1 + bt5.2<\/td>\n<\/tr>\n<tr>\n<td>Wwan: non-wwan<\/td>\n<\/tr>\n<tr>\n<td>Location services: gps + glonass + galileo<\/td>\n<\/tr>\n<tr>\n<td>Standard ports:<\/td>\n<\/tr>\n<tr>\n<td>1x usb-c (hi-speed usb \/ usb 2.0), with charging<\/td>\n<\/tr>\n<tr>\n<td>1x headphone \/ microphone combo jack (3.5mm)<\/td>\n<\/tr>\n<tr>\n<td>1x card slot<\/td>\n<\/tr>\n<tr>\n<td>Security  and  privacy<\/td>\n<\/tr>\n<tr>\n<td>Fingerprint reader: none<\/td>\n<\/tr>\n<tr>\n<td>Service<\/td>\n<\/tr>\n<tr>\n<td>Base warranty: 1-year, carry-in<\/td>\n<\/tr>\n<tr>\n<td>Accessories<\/td>\n<\/tr>\n<tr>\n<td>Bundled accessories : lenovo folio keyboard + lenovo tab pen plus<\/td>\n<\/tr>\n<tr>\n<td>Certifications<\/td>\n<\/tr>\n<tr>\n<td>Green certifications:<\/td>\n<\/tr>\n<tr>\n<td>Energy star 9.0 (only available for tb336fu)<\/td>\n<\/tr>\n<tr>\n<td>Erp lot 6\/26<\/td>\n<\/tr>\n<tr>\n<td>Rohs compliant<\/td>\n<\/tr>\n<tr>\n<td>Dust and water resistant: ip52<\/td>\n<\/tr>\n<tr>\n<td>Other certifications:<\/td>\n<\/tr>\n<tr>\n<td>T\u00fcv rheinland\u00ae flicker free<\/td>\n<\/tr>\n<tr>\n<td>T\u00fcv rheinland\u00ae low blue light (hardware solution)<\/td>\n<\/tr>\n<tr>\n<td>Model information<\/td>\n<\/tr>\n<tr>\n<td>Product: tb336fu<\/td>\n<\/tr>\n<tr>\n<td>Ean \/ upc \/ jan: 198157015234<\/td>\n<\/tr>\n<\/table>\n","protected":false},"excerpt":{"rendered":"<p>A\u00f1ade un toque de encanto art\u00edstico al tiempo que ofrece un agarre c\u00f3modo, lo que lo hace perfecto para transmitir, jugar, leer o navegar.Mantente comprometido y preparado con una bater\u00eda de 7040 mah, que ofrece hasta 12,5 horas de transmisi\u00f3n de youtube. Incluso despu\u00e9s de un mes en hibernaci\u00f3n con carga completa, puede ofrecer m\u00e1s de 5,5 horas de transmisi\u00f3n. Con una carga m\u00e1s r\u00e1pida , pasar\u00e1s menos tiempo conectado a un cable de alimentaci\u00f3n y m\u00e1s tiempo disfrutando de lo que m\u00e1s te gusta.Disfruta de un rendimiento fluido y eficiente con el procesador mediatek dimensity 6300 , lo que garantiza una navegaci\u00f3n fluida, juegos con capacidad de respuesta y transmisi\u00f3n sin retrasos para una experiencia agradable y sin interrupciones todos los d\u00edas. Con un almacenamiento de hasta 128 gb, puedes guardar tus aplicaciones, juegos y contenido multimedia favoritos de forma pr\u00e1ctica en un solo lugar.<\/p>\n","protected":false},"featured_media":0,"comment_status":"open","ping_status":"open","template":"","meta":[],"product_cat":[2099,1758],"product_tag":[1578],"acf":[],"yoast_head":"<!-- This site is optimized with the Yoast SEO plugin v21.7 - https:\/\/yoast.com\/wordpress\/plugins\/seo\/ -->\n<title>[ Lenovo ] &#129351; Zafr0211mx Idea Tablet Tab Con Teclado Y Pluma \/ Tb336fu \/ Mediatek 6300 2.4ghz \/ 8gb \/ 128gb \/ 11 Pulg 2.5k 2560x1600 \/ Luna Grey \/ Android 15 \/ 1yr Centro De Servicio<\/title>\n<meta name=\"description\" content=\"Compra Zafr0211mx Idea Tablet Tab Con Teclado Y Pluma \/ Tb336fu \/ Mediatek 6300 2.4ghz \/ 8gb \/ 128gb \/ 11 Pulg 2.5k 2560x1600 \/ Luna Grey \/ Android 15 \/ 1yr Centro De Servicio + Env\u00edo a domicilio + Pago seguro + Garant\u00eda\" \/>\n<meta name=\"robots\" content=\"index, follow, max-snippet:-1, max-image-preview:large, max-video-preview:-1\" \/>\n<link rel=\"canonical\" href=\"https:\/\/compuviper.mx\/tienda\/producto\/lenovo-zafr0211mx-idea-tablet-tab-con-teclado-y-pluma-tb336fu-mediatek-6300-2-4ghz-8gb-128gb-11-pulg-2-5k-2560x1600-luna-grey-android-15-1yr-centro-de-servicio\/\" \/>\n<meta property=\"og:locale\" content=\"es_MX\" \/>\n<meta property=\"og:type\" content=\"article\" \/>\n<meta property=\"og:title\" content=\"[ Lenovo ] &#129351; Zafr0211mx Idea Tablet Tab Con Teclado Y Pluma \/ Tb336fu \/ Mediatek 6300 2.4ghz \/ 8gb \/ 128gb \/ 11 Pulg 2.5k 2560x1600 \/ Luna Grey \/ Android 15 \/ 1yr Centro De Servicio\" \/>\n<meta property=\"og:description\" content=\"Compra Zafr0211mx Idea Tablet Tab Con Teclado Y Pluma \/ Tb336fu \/ Mediatek 6300 2.4ghz \/ 8gb \/ 128gb \/ 11 Pulg 2.5k 2560x1600 \/ Luna Grey \/ Android 15 \/ 1yr Centro De Servicio + Env\u00edo a domicilio + Pago seguro + Garant\u00eda\" \/>\n<meta property=\"og:url\" content=\"https:\/\/compuviper.mx\/tienda\/producto\/lenovo-zafr0211mx-idea-tablet-tab-con-teclado-y-pluma-tb336fu-mediatek-6300-2-4ghz-8gb-128gb-11-pulg-2-5k-2560x1600-luna-grey-android-15-1yr-centro-de-servicio\/\" \/>\n<meta property=\"og:site_name\" content=\"Compuviper\" \/>\n<meta property=\"article:publisher\" content=\"https:\/\/www.facebook.com\/compuviper\" \/>\n<meta property=\"article:modified_time\" content=\"2026-04-21T07:26:32+00:00\" \/>\n<meta name=\"twitter:card\" content=\"summary_large_image\" \/>\n<meta name=\"twitter:label1\" content=\"Precio\" \/>\n\t<meta name=\"twitter:data1\" content=\"&#36;5,166 &#36;4,736 con IVA\" \/>\n\t<meta name=\"twitter:label2\" content=\"Availability\" \/>\n\t<meta name=\"twitter:data2\" content=\"In stock\" \/>\n<script type=\"application\/ld+json\" class=\"yoast-schema-graph\">{\"@context\":\"https:\/\/schema.org\",\"@graph\":[{\"@type\":\"WebPage\",\"@id\":\"https:\/\/compuviper.mx\/tienda\/producto\/lenovo-zafr0211mx-idea-tablet-tab-con-teclado-y-pluma-tb336fu-mediatek-6300-2-4ghz-8gb-128gb-11-pulg-2-5k-2560x1600-luna-grey-android-15-1yr-centro-de-servicio\/\",\"url\":\"https:\/\/compuviper.mx\/tienda\/producto\/lenovo-zafr0211mx-idea-tablet-tab-con-teclado-y-pluma-tb336fu-mediatek-6300-2-4ghz-8gb-128gb-11-pulg-2-5k-2560x1600-luna-grey-android-15-1yr-centro-de-servicio\/\",\"name\":\"[ Lenovo ] &#129351; Zafr0211mx Idea Tablet Tab Con Teclado Y Pluma \/ Tb336fu \/ Mediatek 6300 2.4ghz \/ 8gb \/ 128gb \/ 11 Pulg 2.5k 2560x1600 \/ Luna Grey \/ Android 15 \/ 1yr Centro De Servicio\",\"isPartOf\":{\"@id\":\"https:\/\/compuviper.mx\/tienda\/#website\"},\"datePublished\":\"2026-04-21T07:26:31+00:00\",\"dateModified\":\"2026-04-21T07:26:32+00:00\",\"description\":\"Compra Zafr0211mx Idea Tablet Tab Con Teclado Y Pluma \/ Tb336fu \/ Mediatek 6300 2.4ghz \/ 8gb \/ 128gb \/ 11 Pulg 2.5k 2560x1600 \/ Luna Grey \/ Android 15 \/ 1yr Centro De Servicio + Env\u00edo a domicilio + Pago seguro + Garant\u00eda\",\"breadcrumb\":{\"@id\":\"https:\/\/compuviper.mx\/tienda\/producto\/lenovo-zafr0211mx-idea-tablet-tab-con-teclado-y-pluma-tb336fu-mediatek-6300-2-4ghz-8gb-128gb-11-pulg-2-5k-2560x1600-luna-grey-android-15-1yr-centro-de-servicio\/#breadcrumb\"},\"inLanguage\":\"es-MX\",\"potentialAction\":[{\"@type\":\"ReadAction\",\"target\":[\"https:\/\/compuviper.mx\/tienda\/producto\/lenovo-zafr0211mx-idea-tablet-tab-con-teclado-y-pluma-tb336fu-mediatek-6300-2-4ghz-8gb-128gb-11-pulg-2-5k-2560x1600-luna-grey-android-15-1yr-centro-de-servicio\/\"]}]},{\"@type\":\"BreadcrumbList\",\"@id\":\"https:\/\/compuviper.mx\/tienda\/producto\/lenovo-zafr0211mx-idea-tablet-tab-con-teclado-y-pluma-tb336fu-mediatek-6300-2-4ghz-8gb-128gb-11-pulg-2-5k-2560x1600-luna-grey-android-15-1yr-centro-de-servicio\/#breadcrumb\",\"itemListElement\":[{\"@type\":\"ListItem\",\"position\":1,\"name\":\"Inicio\",\"item\":\"https:\/\/compuviper.mx\/tienda\/\"},{\"@type\":\"ListItem\",\"position\":2,\"name\":\"Productos\",\"item\":\"https:\/\/compuviper.mx\/tienda\/productos\/\"},{\"@type\":\"ListItem\",\"position\":3,\"name\":\"Tabletas\",\"item\":\"https:\/\/compuviper.mx\/tienda\/categoria-producto\/tabletas\/\"},{\"@type\":\"ListItem\",\"position\":4,\"name\":\"Mediatek\",\"item\":\"https:\/\/compuviper.mx\/tienda\/categoria-producto\/tabletas\/mediatek\/\"},{\"@type\":\"ListItem\",\"position\":5,\"name\":\"Lenovo Zafr0211mx Idea Tablet Tab Con Teclado Y Pluma \/ Tb336fu \/ Mediatek 6300 2.4ghz \/ 8gb \/ 128gb \/ 11 Pulg 2.5k 2560&#215;1600 \/ Luna Grey \/ Android 15 \/ 1yr Centro De Servicio\"}]},{\"@type\":\"WebSite\",\"@id\":\"https:\/\/compuviper.mx\/tienda\/#website\",\"url\":\"https:\/\/compuviper.mx\/tienda\/\",\"name\":\"Compuviper\",\"description\":\"Proveedor de Computadoras, Laptops, Servidores, Monitores, Puntos de Venta, Teclados,   Impresoras, T\u00f3ner, C\u00e1maras de Seguridad y m\u00e1s en tu tienda en l\u00ednea\",\"publisher\":{\"@id\":\"https:\/\/compuviper.mx\/tienda\/#organization\"},\"potentialAction\":[{\"@type\":\"SearchAction\",\"target\":{\"@type\":\"EntryPoint\",\"urlTemplate\":\"https:\/\/compuviper.mx\/tienda\/?s={search_term_string}\"},\"query-input\":\"required name=search_term_string\"}],\"inLanguage\":\"es-MX\"},{\"@type\":\"Organization\",\"@id\":\"https:\/\/compuviper.mx\/tienda\/#organization\",\"name\":\"Compuviper\",\"url\":\"https:\/\/compuviper.mx\/tienda\/\",\"logo\":{\"@type\":\"ImageObject\",\"inLanguage\":\"es-MX\",\"@id\":\"https:\/\/compuviper.mx\/tienda\/#\/schema\/logo\/image\/\",\"url\":\"https:\/\/compuviper.mx\/tienda\/wp-content\/uploads\/2021\/08\/Logo-Compuviper-10.png\",\"contentUrl\":\"https:\/\/compuviper.mx\/tienda\/wp-content\/uploads\/2021\/08\/Logo-Compuviper-10.png\",\"width\":1000,\"height\":500,\"caption\":\"Compuviper\"},\"image\":{\"@id\":\"https:\/\/compuviper.mx\/tienda\/#\/schema\/logo\/image\/\"},\"sameAs\":[\"https:\/\/www.facebook.com\/compuviper\",\"https:\/\/www.youtube.com\/channel\/UCf73dERp9Y3cfOq7q8BhLjA?view_as=subscriber\"]}]}<\/script>\n<meta property=\"product:brand\" content=\"LENOVO\" \/>\n<meta property=\"product:price:amount\" content=\"4736\" \/>\n<meta property=\"product:price:currency\" content=\"MXN\" \/>\n<meta property=\"og:availability\" content=\"instock\" \/>\n<meta property=\"product:availability\" content=\"instock\" \/>\n<meta property=\"product:retailer_item_id\" content=\"ZAFR0211MX\" \/>\n<meta property=\"product:condition\" content=\"new\" \/>\n<!-- \/ Yoast SEO plugin. -->","yoast_head_json":{"title":"[ Lenovo ] &#129351; Zafr0211mx Idea Tablet Tab Con Teclado Y Pluma \/ Tb336fu \/ Mediatek 6300 2.4ghz \/ 8gb \/ 128gb \/ 11 Pulg 2.5k 2560x1600 \/ Luna Grey \/ Android 15 \/ 1yr Centro De Servicio","description":"Compra Zafr0211mx Idea Tablet Tab Con Teclado Y Pluma \/ Tb336fu \/ Mediatek 6300 2.4ghz \/ 8gb \/ 128gb \/ 11 Pulg 2.5k 2560x1600 \/ Luna Grey \/ Android 15 \/ 1yr Centro De Servicio + Env\u00edo a domicilio + Pago seguro + Garant\u00eda","robots":{"index":"index","follow":"follow","max-snippet":"max-snippet:-1","max-image-preview":"max-image-preview:large","max-video-preview":"max-video-preview:-1"},"canonical":"https:\/\/compuviper.mx\/tienda\/producto\/lenovo-zafr0211mx-idea-tablet-tab-con-teclado-y-pluma-tb336fu-mediatek-6300-2-4ghz-8gb-128gb-11-pulg-2-5k-2560x1600-luna-grey-android-15-1yr-centro-de-servicio\/","og_locale":"es_MX","og_type":"article","og_title":"[ Lenovo ] &#129351; Zafr0211mx Idea Tablet Tab Con Teclado Y Pluma \/ Tb336fu \/ Mediatek 6300 2.4ghz \/ 8gb \/ 128gb \/ 11 Pulg 2.5k 2560x1600 \/ Luna Grey \/ Android 15 \/ 1yr Centro De Servicio","og_description":"Compra Zafr0211mx Idea Tablet Tab Con Teclado Y Pluma \/ Tb336fu \/ Mediatek 6300 2.4ghz \/ 8gb \/ 128gb \/ 11 Pulg 2.5k 2560x1600 \/ Luna Grey \/ Android 15 \/ 1yr Centro De Servicio + Env\u00edo a domicilio + Pago seguro + Garant\u00eda","og_url":"https:\/\/compuviper.mx\/tienda\/producto\/lenovo-zafr0211mx-idea-tablet-tab-con-teclado-y-pluma-tb336fu-mediatek-6300-2-4ghz-8gb-128gb-11-pulg-2-5k-2560x1600-luna-grey-android-15-1yr-centro-de-servicio\/","og_site_name":"Compuviper","article_publisher":"https:\/\/www.facebook.com\/compuviper","article_modified_time":"2026-04-21T07:26:32+00:00","twitter_card":"summary_large_image","twitter_misc":{"Precio":"&#36;5,166 &#36;4,736 con IVA","Availability":"In stock"},"schema":{"@context":"https:\/\/schema.org","@graph":[{"@type":"WebPage","@id":"https:\/\/compuviper.mx\/tienda\/producto\/lenovo-zafr0211mx-idea-tablet-tab-con-teclado-y-pluma-tb336fu-mediatek-6300-2-4ghz-8gb-128gb-11-pulg-2-5k-2560x1600-luna-grey-android-15-1yr-centro-de-servicio\/","url":"https:\/\/compuviper.mx\/tienda\/producto\/lenovo-zafr0211mx-idea-tablet-tab-con-teclado-y-pluma-tb336fu-mediatek-6300-2-4ghz-8gb-128gb-11-pulg-2-5k-2560x1600-luna-grey-android-15-1yr-centro-de-servicio\/","name":"[ Lenovo ] &#129351; Zafr0211mx Idea Tablet Tab Con Teclado Y Pluma \/ Tb336fu \/ Mediatek 6300 2.4ghz \/ 8gb \/ 128gb \/ 11 Pulg 2.5k 2560x1600 \/ Luna Grey \/ Android 15 \/ 1yr Centro De Servicio","isPartOf":{"@id":"https:\/\/compuviper.mx\/tienda\/#website"},"datePublished":"2026-04-21T07:26:31+00:00","dateModified":"2026-04-21T07:26:32+00:00","description":"Compra Zafr0211mx Idea Tablet Tab Con Teclado Y Pluma \/ Tb336fu \/ Mediatek 6300 2.4ghz \/ 8gb \/ 128gb \/ 11 Pulg 2.5k 2560x1600 \/ Luna Grey \/ Android 15 \/ 1yr Centro De Servicio + Env\u00edo a domicilio + Pago seguro + Garant\u00eda","breadcrumb":{"@id":"https:\/\/compuviper.mx\/tienda\/producto\/lenovo-zafr0211mx-idea-tablet-tab-con-teclado-y-pluma-tb336fu-mediatek-6300-2-4ghz-8gb-128gb-11-pulg-2-5k-2560x1600-luna-grey-android-15-1yr-centro-de-servicio\/#breadcrumb"},"inLanguage":"es-MX","potentialAction":[{"@type":"ReadAction","target":["https:\/\/compuviper.mx\/tienda\/producto\/lenovo-zafr0211mx-idea-tablet-tab-con-teclado-y-pluma-tb336fu-mediatek-6300-2-4ghz-8gb-128gb-11-pulg-2-5k-2560x1600-luna-grey-android-15-1yr-centro-de-servicio\/"]}]},{"@type":"BreadcrumbList","@id":"https:\/\/compuviper.mx\/tienda\/producto\/lenovo-zafr0211mx-idea-tablet-tab-con-teclado-y-pluma-tb336fu-mediatek-6300-2-4ghz-8gb-128gb-11-pulg-2-5k-2560x1600-luna-grey-android-15-1yr-centro-de-servicio\/#breadcrumb","itemListElement":[{"@type":"ListItem","position":1,"name":"Inicio","item":"https:\/\/compuviper.mx\/tienda\/"},{"@type":"ListItem","position":2,"name":"Productos","item":"https:\/\/compuviper.mx\/tienda\/productos\/"},{"@type":"ListItem","position":3,"name":"Tabletas","item":"https:\/\/compuviper.mx\/tienda\/categoria-producto\/tabletas\/"},{"@type":"ListItem","position":4,"name":"Mediatek","item":"https:\/\/compuviper.mx\/tienda\/categoria-producto\/tabletas\/mediatek\/"},{"@type":"ListItem","position":5,"name":"Lenovo Zafr0211mx Idea Tablet Tab Con Teclado Y Pluma \/ Tb336fu \/ Mediatek 6300 2.4ghz \/ 8gb \/ 128gb \/ 11 Pulg 2.5k 2560&#215;1600 \/ Luna Grey \/ Android 15 \/ 1yr Centro De Servicio"}]},{"@type":"WebSite","@id":"https:\/\/compuviper.mx\/tienda\/#website","url":"https:\/\/compuviper.mx\/tienda\/","name":"Compuviper","description":"Proveedor de Computadoras, Laptops, Servidores, Monitores, Puntos de Venta, Teclados,   Impresoras, T\u00f3ner, C\u00e1maras de Seguridad y m\u00e1s en tu tienda en l\u00ednea","publisher":{"@id":"https:\/\/compuviper.mx\/tienda\/#organization"},"potentialAction":[{"@type":"SearchAction","target":{"@type":"EntryPoint","urlTemplate":"https:\/\/compuviper.mx\/tienda\/?s={search_term_string}"},"query-input":"required name=search_term_string"}],"inLanguage":"es-MX"},{"@type":"Organization","@id":"https:\/\/compuviper.mx\/tienda\/#organization","name":"Compuviper","url":"https:\/\/compuviper.mx\/tienda\/","logo":{"@type":"ImageObject","inLanguage":"es-MX","@id":"https:\/\/compuviper.mx\/tienda\/#\/schema\/logo\/image\/","url":"https:\/\/compuviper.mx\/tienda\/wp-content\/uploads\/2021\/08\/Logo-Compuviper-10.png","contentUrl":"https:\/\/compuviper.mx\/tienda\/wp-content\/uploads\/2021\/08\/Logo-Compuviper-10.png","width":1000,"height":500,"caption":"Compuviper"},"image":{"@id":"https:\/\/compuviper.mx\/tienda\/#\/schema\/logo\/image\/"},"sameAs":["https:\/\/www.facebook.com\/compuviper","https:\/\/www.youtube.com\/channel\/UCf73dERp9Y3cfOq7q8BhLjA?view_as=subscriber"]}]},"product_brand":"LENOVO","product_price_amount":"4736","product_price_currency":"MXN","og_availability":"instock","product_availability":"instock","product_retailer_item_id":"ZAFR0211MX","product_condition":"new"},"_links":{"self":[{"href":"https:\/\/compuviper.mx\/tienda\/wp-json\/wp\/v2\/product\/262596"}],"collection":[{"href":"https:\/\/compuviper.mx\/tienda\/wp-json\/wp\/v2\/product"}],"about":[{"href":"https:\/\/compuviper.mx\/tienda\/wp-json\/wp\/v2\/types\/product"}],"replies":[{"embeddable":true,"href":"https:\/\/compuviper.mx\/tienda\/wp-json\/wp\/v2\/comments?post=262596"}],"wp:attachment":[{"href":"https:\/\/compuviper.mx\/tienda\/wp-json\/wp\/v2\/media?parent=262596"}],"wp:term":[{"taxonomy":"product_cat","embeddable":true,"href":"https:\/\/compuviper.mx\/tienda\/wp-json\/wp\/v2\/product_cat?post=262596"},{"taxonomy":"product_tag","embeddable":true,"href":"https:\/\/compuviper.mx\/tienda\/wp-json\/wp\/v2\/product_tag?post=262596"}],"curies":[{"name":"wp","href":"https:\/\/api.w.org\/{rel}","templated":true}]}}