{"id":262594,"date":"2026-04-18T01:10:02","date_gmt":"2026-04-18T07:10:02","guid":{"rendered":"https:\/\/compuviper.mx\/tienda\/producto\/tp-link-tl-sg1218mpe-switch-tp-link-16-puertos-rj45-gigabit-10-100-1000-mbps-poe-con-2-puertos-rj45-gigabit-y-2-ranuras-sfp-gigabit-combo-administrable-para-rack-19-pulgadas\/"},"modified":"2026-04-18T01:10:03","modified_gmt":"2026-04-18T07:10:03","slug":"tp-link-tl-sg1218mpe-switch-tp-link-16-puertos-rj45-gigabit-10-100-1000-mbps-poe-con-2-puertos-rj45-gigabit-y-2-ranuras-sfp-gigabit-combo-administrable-para-rack-19-pulgadas","status":"publish","type":"product","link":"https:\/\/compuviper.mx\/tienda\/producto\/tp-link-tl-sg1218mpe-switch-tp-link-16-puertos-rj45-gigabit-10-100-1000-mbps-poe-con-2-puertos-rj45-gigabit-y-2-ranuras-sfp-gigabit-combo-administrable-para-rack-19-pulgadas\/","title":{"rendered":"Tp Link Tl-sg1218mpe Switch |tp-link |  | 16 Puertos Rj45 Gigabit 10\/100\/1000 Mbps Poe Con 2 Puertos Rj45 Gigabit Y 2 Ranuras Sfp Gigabit Combo |  Administrable | Para Rack 19 Pulgadas"},"content":{"rendered":"<table class=\"descripcion\">\n<tr>\n<td>Caracter\u00edsticas de hardware<\/td>\n<\/tr>\n<tr>\n<td>Est\u00e1ndares y protocolos ieee 802.3, ieee 802.3u, ieee 802.3ab, ieee 802.3x, ieee 802.3af, ieee 802.3at, ieee 802.1q, ieee 802.1p<\/td>\n<\/tr>\n<tr>\n<td>Interfaz \u0095 16 puertos rj45 poe + 10\/100\/1000 mbps (negociaci\u00f3n autom\u00e1tica \/ mdi \/ mdix autom\u00e1tico)<\/td>\n<\/tr>\n<tr>\n<td>\u0095 2 puertos rj45 no poe de 10\/100\/1000 mbps (negociaci\u00f3n autom\u00e1tica \/ mdi autom\u00e1tico \/ mdix)<\/td>\n<\/tr>\n<tr>\n<td>\u0095 2 puertos gigabit sfp combinados puertos<\/td>\n<\/tr>\n<tr>\n<td>Medios de red \u0095 10base-t: cable utp categor\u00eda 3, 4, 5 (m\u00e1ximo 100 m)<\/td>\n<\/tr>\n<tr>\n<td>\u0095 eia \/ tia-568 100 and #937; stp (m\u00e1ximo 100 m)<\/td>\n<\/tr>\n<tr>\n<td>\u0095 100base-tx: cable utp categor\u00eda 5, 5e (m\u00e1ximo 100 m)<\/td>\n<\/tr>\n<tr>\n<td>\u0095 eia \/ tia-568 100  and #937; stp (m\u00e1ximo 100 m)<\/td>\n<\/tr>\n<tr>\n<td>\u0095 1000base-t: cable utp categor\u00eda 5, 5e, 6 o superior (m\u00e1ximo 100 m)<\/td>\n<\/tr>\n<tr>\n<td>\u0095 eia \/ tia-568 100  and #937; stp (m\u00e1ximo 100 m)<\/td>\n<\/tr>\n<tr>\n<td>\u0095 1000base-x mmf, smf<\/td>\n<\/tr>\n<tr>\n<td>Cantidad de ventiladores 2 ventiladores<\/td>\n<\/tr>\n<tr>\n<td>Bloqueo de seguridad f\u00edsica s\u00ed<\/td>\n<\/tr>\n<tr>\n<td>Fuente de alimentaci\u00f3n 100-240 v ca, 50\/60 hz<\/td>\n<\/tr>\n<tr>\n<td>Puertos poe + (rj45) \u0095 est\u00e1ndar: compatible con 802.3at \/ 802.3af<\/td>\n<\/tr>\n<tr>\n<td>\u0095 puertos poe +: puertos 1\u009616<\/td>\n<\/tr>\n<tr>\n<td>\u0095 fuente de alimentaci\u00f3n: 250 w<\/td>\n<\/tr>\n<tr>\n<td>Dimensiones (an x pr x al) 17,3 \u00d7 7,1 \u00d7 1,7 pulgadas (440 \u00d7 180 \u00d7 44 mm)<\/td>\n<\/tr>\n<tr>\n<td>Montaje montaje en rack<\/td>\n<\/tr>\n<tr>\n<td>Consumo m\u00e1ximo de energ\u00eda \u0095 21,4 w (220\/50 hz. sin pd conectado)<\/td>\n<\/tr>\n<tr>\n<td>\u0095 296,3 w (220\/50 hz. con pd de 250 w conectado)<\/td>\n<\/tr>\n<tr>\n<td>Disipaci\u00f3n de calor m\u00e1xima \u0095 72,97 btu \/ h (sin pd conectado)<\/td>\n<\/tr>\n<tr>\n<td>\u0095 1010,38 btu \/ h (con pd de 250 w conectado)<\/td>\n<\/tr>\n<tr>\n<td>Rendimiento<\/td>\n<\/tr>\n<tr>\n<td>Capacidad de conmutaci\u00f3n 36 gbps<\/td>\n<\/tr>\n<tr>\n<td>Tasa de reenv\u00edo de paquetes 26,78 mbps<\/td>\n<\/tr>\n<tr>\n<td>Tabla de direcciones mac 8k<\/td>\n<\/tr>\n<tr>\n<td>Memoria de b\u00fafer de paquetes 4,1 mbit<\/td>\n<\/tr>\n<tr>\n<td>Marco jumbo 10 kb<\/td>\n<\/tr>\n<tr>\n<td>Funciones de software<\/td>\n<\/tr>\n<tr>\n<td>Calidad de servicio \u0095 admite prioridad 802.1p \/ dscp basada en puertos<\/td>\n<\/tr>\n<tr>\n<td>\u0095 admite 4 colas de prioridad<\/td>\n<\/tr>\n<tr>\n<td>\u0095 l\u00edmite de velocidad<\/td>\n<\/tr>\n<tr>\n<td>\u0095 control de tormentas<\/td>\n<\/tr>\n<tr>\n<td>Funciones l2 \u0095 igmp snooping v1 \/ v2 \/ v3<\/td>\n<\/tr>\n<tr>\n<td>\u0095 agregaci\u00f3n de enlaces est\u00e1ticos<\/td>\n<\/tr>\n<tr>\n<td>\u0095 duplicaci\u00f3n de puertos<\/td>\n<\/tr>\n<tr>\n<td>\u0095 diagn\u00f3stico de cables<\/td>\n<\/tr>\n<tr>\n<td>\u0095 prevenci\u00f3n de bucles<\/td>\n<\/tr>\n<tr>\n<td>\u0095 recuperaci\u00f3n autom\u00e1tica de poe<\/td>\n<\/tr>\n<tr>\n<td>Vlan \u0095 admite hasta 32 vlan simult\u00e1neamente (de 4k vlan id)<\/td>\n<\/tr>\n<tr>\n<td>\u0095 mtu \/ puerto \/ etiqueta vlan<\/td>\n<\/tr>\n<tr>\n<td>Administraci\u00f3n \u0095 gui basada en web<\/td>\n<\/tr>\n<tr>\n<td>\u0095 utilidad de configuraci\u00f3n inteligente sencilla<\/td>\n<\/tr>\n<tr>\n<td>M\u00e9todo de transmisi\u00f3n almacenamiento y reenvio<\/td>\n<\/tr>\n<tr>\n<td>Otros<\/td>\n<\/tr>\n<tr>\n<td>Certificaci\u00f3n ce, fcc, rohs<\/td>\n<\/tr>\n<tr>\n<td>Contenidos del paquete \u0095 tl-sg1218mpe<\/td>\n<\/tr>\n<tr>\n<td>\u0095 cable de alimentaci\u00f3n<\/td>\n<\/tr>\n<tr>\n<td>\u0095 gu\u00eda de instalaci\u00f3n<\/td>\n<\/tr>\n<tr>\n<td>\u0095 kit de montaje en bastidor<\/td>\n<\/tr>\n<tr>\n<td>\u0095 patas de goma<\/td>\n<\/tr>\n<tr>\n<td>Ambiente \u0095 temperatura de funcionamiento: 0\u009650 \u00b0 c (32\u0096122 \u00b0 f)<\/td>\n<\/tr>\n<tr>\n<td>\u0095 temperatura de almacenamiento: -40\u009670 \u00b0 c (-40\u0096158 \u00b0 f)<\/td>\n<\/tr>\n<tr>\n<td>\u0095 humedad de funcionamiento: 10\u009690% de hr sin condensaci\u00f3n<\/td>\n<\/tr>\n<tr>\n<td>\u0095 humedad de almacenamiento: 5-90% de humedad relativa sin condensaci\u00f3n<\/td>\n<\/tr>\n<\/table>\n","protected":false},"excerpt":{"rendered":"<p>Easy smart switch gigabit de 18 puertos con poe + de 16 puertos. * 16 puertos rj45 poe + gigabit, 2 puertos rj45 gigabit no poe y 2 ranuras sfp combo gigabit. * el presupuesto de energ\u00eda poe es de hasta 250 w, lo que lo hace ideal para sistemas de vigilancia de peque\u00f1as y medianas empresas. . * port priority puede garantizar la calidad de aplicaciones sensibles como el monitor de video. * poe auto recovery reinicia autom\u00e1ticamente los dispositivos alimentados por poe que se han ca\u00eddo o que no responden. * la gesti\u00f3n de energ\u00eda inteligente protege el conmutador de sobrecargas. * qos asegura un tr\u00e1fico fluido para aplicaciones sensibles a la latencia. * igmp snooping optimiza la entrega de tr\u00e1fico multimedia, como iptv.<\/p>\n","protected":false},"featured_media":263621,"comment_status":"open","ping_status":"open","template":"","meta":[],"product_cat":[1563,1564],"product_tag":[1562],"acf":[],"yoast_head":"<!-- This site is optimized with the Yoast SEO plugin v21.7 - https:\/\/yoast.com\/wordpress\/plugins\/seo\/ -->\n<title>[ Tp Link ] &#129351; Tl-sg1218mpe Switch |tp-link | | 16 Puertos Rj45 Gigabit 10\/100\/1000 Mbps Poe Con 2 Puertos Rj45 Gigabit Y 2 Ranuras Sfp Gigabit Combo | Administrable | Para Rack 19 Pulgadas<\/title>\n<meta name=\"description\" content=\"Compra Tl-sg1218mpe Switch |tp-link | | 16 Puertos Rj45 Gigabit 10\/100\/1000 Mbps Poe Con 2 Puertos Rj45 Gigabit Y 2 Ranuras Sfp Gigabit Combo | Administrable | Para Rack 19 Pulgadas + Env\u00edo a domicilio + Pago seguro + Garant\u00eda\" \/>\n<meta name=\"robots\" content=\"index, follow, max-snippet:-1, max-image-preview:large, max-video-preview:-1\" \/>\n<link rel=\"canonical\" href=\"https:\/\/compuviper.mx\/tienda\/producto\/tp-link-tl-sg1218mpe-switch-tp-link-16-puertos-rj45-gigabit-10-100-1000-mbps-poe-con-2-puertos-rj45-gigabit-y-2-ranuras-sfp-gigabit-combo-administrable-para-rack-19-pulgadas\/\" \/>\n<meta property=\"og:locale\" content=\"es_MX\" \/>\n<meta property=\"og:type\" content=\"article\" \/>\n<meta property=\"og:title\" content=\"[ Tp Link ] &#129351; Tl-sg1218mpe Switch |tp-link | | 16 Puertos Rj45 Gigabit 10\/100\/1000 Mbps Poe Con 2 Puertos Rj45 Gigabit Y 2 Ranuras Sfp Gigabit Combo | Administrable | Para Rack 19 Pulgadas\" \/>\n<meta property=\"og:description\" content=\"Compra Tl-sg1218mpe Switch |tp-link | | 16 Puertos Rj45 Gigabit 10\/100\/1000 Mbps Poe Con 2 Puertos Rj45 Gigabit Y 2 Ranuras Sfp Gigabit Combo | Administrable | Para Rack 19 Pulgadas + Env\u00edo a domicilio + Pago seguro + Garant\u00eda\" \/>\n<meta property=\"og:url\" content=\"https:\/\/compuviper.mx\/tienda\/producto\/tp-link-tl-sg1218mpe-switch-tp-link-16-puertos-rj45-gigabit-10-100-1000-mbps-poe-con-2-puertos-rj45-gigabit-y-2-ranuras-sfp-gigabit-combo-administrable-para-rack-19-pulgadas\/\" \/>\n<meta property=\"og:site_name\" content=\"Compuviper\" \/>\n<meta property=\"article:publisher\" content=\"https:\/\/www.facebook.com\/compuviper\" \/>\n<meta property=\"article:modified_time\" content=\"2026-04-18T07:10:03+00:00\" \/>\n<meta property=\"og:image\" content=\"https:\/\/compuviper.mx\/tienda\/wp-content\/uploads\/2025\/11\/Switch-tp-link-tl-sg1218mpe-16-puertos-rj45-gigabit-101001000-mbps-poe-con-2-puertos-rj45-gigabit-y-2-ranuras-sfp-gigabit-combo-administrable-para-rack-19-pulgadas.jpg\" \/>\n\t<meta property=\"og:image:width\" content=\"200\" \/>\n\t<meta property=\"og:image:height\" content=\"200\" \/>\n\t<meta property=\"og:image:type\" content=\"image\/jpeg\" \/>\n<meta name=\"twitter:card\" content=\"summary_large_image\" \/>\n<meta name=\"twitter:label1\" content=\"Precio\" \/>\n\t<meta name=\"twitter:data1\" content=\"&#36;2,905 con IVA\" \/>\n\t<meta name=\"twitter:label2\" content=\"Availability\" \/>\n\t<meta name=\"twitter:data2\" content=\"Out of stock\" \/>\n<script type=\"application\/ld+json\" class=\"yoast-schema-graph\">{\"@context\":\"https:\/\/schema.org\",\"@graph\":[{\"@type\":\"WebPage\",\"@id\":\"https:\/\/compuviper.mx\/tienda\/producto\/tp-link-tl-sg1218mpe-switch-tp-link-16-puertos-rj45-gigabit-10-100-1000-mbps-poe-con-2-puertos-rj45-gigabit-y-2-ranuras-sfp-gigabit-combo-administrable-para-rack-19-pulgadas\/\",\"url\":\"https:\/\/compuviper.mx\/tienda\/producto\/tp-link-tl-sg1218mpe-switch-tp-link-16-puertos-rj45-gigabit-10-100-1000-mbps-poe-con-2-puertos-rj45-gigabit-y-2-ranuras-sfp-gigabit-combo-administrable-para-rack-19-pulgadas\/\",\"name\":\"[ Tp Link ] &#129351; Tl-sg1218mpe Switch |tp-link | | 16 Puertos Rj45 Gigabit 10\/100\/1000 Mbps Poe Con 2 Puertos Rj45 Gigabit Y 2 Ranuras Sfp Gigabit Combo | Administrable | Para Rack 19 Pulgadas\",\"isPartOf\":{\"@id\":\"https:\/\/compuviper.mx\/tienda\/#website\"},\"datePublished\":\"2026-04-18T07:10:02+00:00\",\"dateModified\":\"2026-04-18T07:10:03+00:00\",\"description\":\"Compra Tl-sg1218mpe Switch |tp-link | | 16 Puertos Rj45 Gigabit 10\/100\/1000 Mbps Poe Con 2 Puertos Rj45 Gigabit Y 2 Ranuras Sfp Gigabit Combo | Administrable | Para Rack 19 Pulgadas + Env\u00edo a domicilio + Pago seguro + Garant\u00eda\",\"breadcrumb\":{\"@id\":\"https:\/\/compuviper.mx\/tienda\/producto\/tp-link-tl-sg1218mpe-switch-tp-link-16-puertos-rj45-gigabit-10-100-1000-mbps-poe-con-2-puertos-rj45-gigabit-y-2-ranuras-sfp-gigabit-combo-administrable-para-rack-19-pulgadas\/#breadcrumb\"},\"inLanguage\":\"es-MX\",\"potentialAction\":[{\"@type\":\"ReadAction\",\"target\":[\"https:\/\/compuviper.mx\/tienda\/producto\/tp-link-tl-sg1218mpe-switch-tp-link-16-puertos-rj45-gigabit-10-100-1000-mbps-poe-con-2-puertos-rj45-gigabit-y-2-ranuras-sfp-gigabit-combo-administrable-para-rack-19-pulgadas\/\"]}]},{\"@type\":\"BreadcrumbList\",\"@id\":\"https:\/\/compuviper.mx\/tienda\/producto\/tp-link-tl-sg1218mpe-switch-tp-link-16-puertos-rj45-gigabit-10-100-1000-mbps-poe-con-2-puertos-rj45-gigabit-y-2-ranuras-sfp-gigabit-combo-administrable-para-rack-19-pulgadas\/#breadcrumb\",\"itemListElement\":[{\"@type\":\"ListItem\",\"position\":1,\"name\":\"Inicio\",\"item\":\"https:\/\/compuviper.mx\/tienda\/\"},{\"@type\":\"ListItem\",\"position\":2,\"name\":\"Productos\",\"item\":\"https:\/\/compuviper.mx\/tienda\/productos\/\"},{\"@type\":\"ListItem\",\"position\":3,\"name\":\"Redes\",\"item\":\"https:\/\/compuviper.mx\/tienda\/categoria-producto\/redes\/\"},{\"@type\":\"ListItem\",\"position\":4,\"name\":\"Switch\",\"item\":\"https:\/\/compuviper.mx\/tienda\/categoria-producto\/redes\/switch\/\"},{\"@type\":\"ListItem\",\"position\":5,\"name\":\"Tp Link Tl-sg1218mpe Switch |tp-link | | 16 Puertos Rj45 Gigabit 10\/100\/1000 Mbps Poe Con 2 Puertos Rj45 Gigabit Y 2 Ranuras Sfp Gigabit Combo | Administrable | Para Rack 19 Pulgadas\"}]},{\"@type\":\"WebSite\",\"@id\":\"https:\/\/compuviper.mx\/tienda\/#website\",\"url\":\"https:\/\/compuviper.mx\/tienda\/\",\"name\":\"Compuviper\",\"description\":\"Proveedor de Computadoras, Laptops, Servidores, Monitores, Puntos de Venta, Teclados,   Impresoras, T\u00f3ner, C\u00e1maras de Seguridad y m\u00e1s en tu tienda en l\u00ednea\",\"publisher\":{\"@id\":\"https:\/\/compuviper.mx\/tienda\/#organization\"},\"potentialAction\":[{\"@type\":\"SearchAction\",\"target\":{\"@type\":\"EntryPoint\",\"urlTemplate\":\"https:\/\/compuviper.mx\/tienda\/?s={search_term_string}\"},\"query-input\":\"required name=search_term_string\"}],\"inLanguage\":\"es-MX\"},{\"@type\":\"Organization\",\"@id\":\"https:\/\/compuviper.mx\/tienda\/#organization\",\"name\":\"Compuviper\",\"url\":\"https:\/\/compuviper.mx\/tienda\/\",\"logo\":{\"@type\":\"ImageObject\",\"inLanguage\":\"es-MX\",\"@id\":\"https:\/\/compuviper.mx\/tienda\/#\/schema\/logo\/image\/\",\"url\":\"https:\/\/compuviper.mx\/tienda\/wp-content\/uploads\/2021\/08\/Logo-Compuviper-10.png\",\"contentUrl\":\"https:\/\/compuviper.mx\/tienda\/wp-content\/uploads\/2021\/08\/Logo-Compuviper-10.png\",\"width\":1000,\"height\":500,\"caption\":\"Compuviper\"},\"image\":{\"@id\":\"https:\/\/compuviper.mx\/tienda\/#\/schema\/logo\/image\/\"},\"sameAs\":[\"https:\/\/www.facebook.com\/compuviper\",\"https:\/\/www.youtube.com\/channel\/UCf73dERp9Y3cfOq7q8BhLjA?view_as=subscriber\"]}]}<\/script>\n<meta property=\"product:brand\" content=\"TP LINK\" \/>\n<meta property=\"product:price:amount\" content=\"2905\" \/>\n<meta property=\"product:price:currency\" content=\"MXN\" \/>\n<meta property=\"og:availability\" content=\"out of stock\" \/>\n<meta property=\"product:availability\" content=\"out of stock\" \/>\n<meta property=\"product:retailer_item_id\" content=\"TL-SG1218MPE\" \/>\n<meta property=\"product:condition\" content=\"new\" \/>\n<!-- \/ Yoast SEO plugin. -->","yoast_head_json":{"title":"[ Tp Link ] &#129351; Tl-sg1218mpe Switch |tp-link | | 16 Puertos Rj45 Gigabit 10\/100\/1000 Mbps Poe Con 2 Puertos Rj45 Gigabit Y 2 Ranuras Sfp Gigabit Combo | Administrable | Para Rack 19 Pulgadas","description":"Compra Tl-sg1218mpe Switch |tp-link | | 16 Puertos Rj45 Gigabit 10\/100\/1000 Mbps Poe Con 2 Puertos Rj45 Gigabit Y 2 Ranuras Sfp Gigabit Combo | Administrable | Para Rack 19 Pulgadas + Env\u00edo a domicilio + Pago seguro + Garant\u00eda","robots":{"index":"index","follow":"follow","max-snippet":"max-snippet:-1","max-image-preview":"max-image-preview:large","max-video-preview":"max-video-preview:-1"},"canonical":"https:\/\/compuviper.mx\/tienda\/producto\/tp-link-tl-sg1218mpe-switch-tp-link-16-puertos-rj45-gigabit-10-100-1000-mbps-poe-con-2-puertos-rj45-gigabit-y-2-ranuras-sfp-gigabit-combo-administrable-para-rack-19-pulgadas\/","og_locale":"es_MX","og_type":"article","og_title":"[ Tp Link ] &#129351; Tl-sg1218mpe Switch |tp-link | | 16 Puertos Rj45 Gigabit 10\/100\/1000 Mbps Poe Con 2 Puertos Rj45 Gigabit Y 2 Ranuras Sfp Gigabit Combo | Administrable | Para Rack 19 Pulgadas","og_description":"Compra Tl-sg1218mpe Switch |tp-link | | 16 Puertos Rj45 Gigabit 10\/100\/1000 Mbps Poe Con 2 Puertos Rj45 Gigabit Y 2 Ranuras Sfp Gigabit Combo | Administrable | Para Rack 19 Pulgadas + Env\u00edo a domicilio + Pago seguro + Garant\u00eda","og_url":"https:\/\/compuviper.mx\/tienda\/producto\/tp-link-tl-sg1218mpe-switch-tp-link-16-puertos-rj45-gigabit-10-100-1000-mbps-poe-con-2-puertos-rj45-gigabit-y-2-ranuras-sfp-gigabit-combo-administrable-para-rack-19-pulgadas\/","og_site_name":"Compuviper","article_publisher":"https:\/\/www.facebook.com\/compuviper","article_modified_time":"2026-04-18T07:10:03+00:00","og_image":[{"width":200,"height":200,"url":"https:\/\/compuviper.mx\/tienda\/wp-content\/uploads\/2025\/11\/Switch-tp-link-tl-sg1218mpe-16-puertos-rj45-gigabit-101001000-mbps-poe-con-2-puertos-rj45-gigabit-y-2-ranuras-sfp-gigabit-combo-administrable-para-rack-19-pulgadas.jpg","type":"image\/jpeg"}],"twitter_card":"summary_large_image","twitter_misc":{"Precio":"&#36;2,905 con IVA","Availability":"Out of stock"},"schema":{"@context":"https:\/\/schema.org","@graph":[{"@type":"WebPage","@id":"https:\/\/compuviper.mx\/tienda\/producto\/tp-link-tl-sg1218mpe-switch-tp-link-16-puertos-rj45-gigabit-10-100-1000-mbps-poe-con-2-puertos-rj45-gigabit-y-2-ranuras-sfp-gigabit-combo-administrable-para-rack-19-pulgadas\/","url":"https:\/\/compuviper.mx\/tienda\/producto\/tp-link-tl-sg1218mpe-switch-tp-link-16-puertos-rj45-gigabit-10-100-1000-mbps-poe-con-2-puertos-rj45-gigabit-y-2-ranuras-sfp-gigabit-combo-administrable-para-rack-19-pulgadas\/","name":"[ Tp Link ] &#129351; Tl-sg1218mpe Switch |tp-link | | 16 Puertos Rj45 Gigabit 10\/100\/1000 Mbps Poe Con 2 Puertos Rj45 Gigabit Y 2 Ranuras Sfp Gigabit Combo | Administrable | Para Rack 19 Pulgadas","isPartOf":{"@id":"https:\/\/compuviper.mx\/tienda\/#website"},"datePublished":"2026-04-18T07:10:02+00:00","dateModified":"2026-04-18T07:10:03+00:00","description":"Compra Tl-sg1218mpe Switch |tp-link | | 16 Puertos Rj45 Gigabit 10\/100\/1000 Mbps Poe Con 2 Puertos Rj45 Gigabit Y 2 Ranuras Sfp Gigabit Combo | Administrable | Para Rack 19 Pulgadas + Env\u00edo a domicilio + Pago seguro + Garant\u00eda","breadcrumb":{"@id":"https:\/\/compuviper.mx\/tienda\/producto\/tp-link-tl-sg1218mpe-switch-tp-link-16-puertos-rj45-gigabit-10-100-1000-mbps-poe-con-2-puertos-rj45-gigabit-y-2-ranuras-sfp-gigabit-combo-administrable-para-rack-19-pulgadas\/#breadcrumb"},"inLanguage":"es-MX","potentialAction":[{"@type":"ReadAction","target":["https:\/\/compuviper.mx\/tienda\/producto\/tp-link-tl-sg1218mpe-switch-tp-link-16-puertos-rj45-gigabit-10-100-1000-mbps-poe-con-2-puertos-rj45-gigabit-y-2-ranuras-sfp-gigabit-combo-administrable-para-rack-19-pulgadas\/"]}]},{"@type":"BreadcrumbList","@id":"https:\/\/compuviper.mx\/tienda\/producto\/tp-link-tl-sg1218mpe-switch-tp-link-16-puertos-rj45-gigabit-10-100-1000-mbps-poe-con-2-puertos-rj45-gigabit-y-2-ranuras-sfp-gigabit-combo-administrable-para-rack-19-pulgadas\/#breadcrumb","itemListElement":[{"@type":"ListItem","position":1,"name":"Inicio","item":"https:\/\/compuviper.mx\/tienda\/"},{"@type":"ListItem","position":2,"name":"Productos","item":"https:\/\/compuviper.mx\/tienda\/productos\/"},{"@type":"ListItem","position":3,"name":"Redes","item":"https:\/\/compuviper.mx\/tienda\/categoria-producto\/redes\/"},{"@type":"ListItem","position":4,"name":"Switch","item":"https:\/\/compuviper.mx\/tienda\/categoria-producto\/redes\/switch\/"},{"@type":"ListItem","position":5,"name":"Tp Link Tl-sg1218mpe Switch |tp-link | | 16 Puertos Rj45 Gigabit 10\/100\/1000 Mbps Poe Con 2 Puertos Rj45 Gigabit Y 2 Ranuras Sfp Gigabit Combo | Administrable | Para Rack 19 Pulgadas"}]},{"@type":"WebSite","@id":"https:\/\/compuviper.mx\/tienda\/#website","url":"https:\/\/compuviper.mx\/tienda\/","name":"Compuviper","description":"Proveedor de Computadoras, Laptops, Servidores, Monitores, Puntos de Venta, Teclados,   Impresoras, T\u00f3ner, C\u00e1maras de Seguridad y m\u00e1s en tu tienda en l\u00ednea","publisher":{"@id":"https:\/\/compuviper.mx\/tienda\/#organization"},"potentialAction":[{"@type":"SearchAction","target":{"@type":"EntryPoint","urlTemplate":"https:\/\/compuviper.mx\/tienda\/?s={search_term_string}"},"query-input":"required name=search_term_string"}],"inLanguage":"es-MX"},{"@type":"Organization","@id":"https:\/\/compuviper.mx\/tienda\/#organization","name":"Compuviper","url":"https:\/\/compuviper.mx\/tienda\/","logo":{"@type":"ImageObject","inLanguage":"es-MX","@id":"https:\/\/compuviper.mx\/tienda\/#\/schema\/logo\/image\/","url":"https:\/\/compuviper.mx\/tienda\/wp-content\/uploads\/2021\/08\/Logo-Compuviper-10.png","contentUrl":"https:\/\/compuviper.mx\/tienda\/wp-content\/uploads\/2021\/08\/Logo-Compuviper-10.png","width":1000,"height":500,"caption":"Compuviper"},"image":{"@id":"https:\/\/compuviper.mx\/tienda\/#\/schema\/logo\/image\/"},"sameAs":["https:\/\/www.facebook.com\/compuviper","https:\/\/www.youtube.com\/channel\/UCf73dERp9Y3cfOq7q8BhLjA?view_as=subscriber"]}]},"product_brand":"TP LINK","product_price_amount":"2905","product_price_currency":"MXN","og_availability":"out of stock","product_availability":"out of stock","product_retailer_item_id":"TL-SG1218MPE","product_condition":"new"},"_links":{"self":[{"href":"https:\/\/compuviper.mx\/tienda\/wp-json\/wp\/v2\/product\/262594"}],"collection":[{"href":"https:\/\/compuviper.mx\/tienda\/wp-json\/wp\/v2\/product"}],"about":[{"href":"https:\/\/compuviper.mx\/tienda\/wp-json\/wp\/v2\/types\/product"}],"replies":[{"embeddable":true,"href":"https:\/\/compuviper.mx\/tienda\/wp-json\/wp\/v2\/comments?post=262594"}],"wp:featuredmedia":[{"embeddable":true,"href":"https:\/\/compuviper.mx\/tienda\/wp-json\/wp\/v2\/media\/263621"}],"wp:attachment":[{"href":"https:\/\/compuviper.mx\/tienda\/wp-json\/wp\/v2\/media?parent=262594"}],"wp:term":[{"taxonomy":"product_cat","embeddable":true,"href":"https:\/\/compuviper.mx\/tienda\/wp-json\/wp\/v2\/product_cat?post=262594"},{"taxonomy":"product_tag","embeddable":true,"href":"https:\/\/compuviper.mx\/tienda\/wp-json\/wp\/v2\/product_tag?post=262594"}],"curies":[{"name":"wp","href":"https:\/\/api.w.org\/{rel}","templated":true}]}}