{"id":262477,"date":"2026-04-07T01:16:14","date_gmt":"2026-04-07T07:16:14","guid":{"rendered":"https:\/\/compuviper.mx\/tienda\/producto\/apple-mde54e-a-macbook-pro-14-pulgadas-chip-m5-de-con-10cpu-y-10gpu-16gb-1tb-ssd-3-puertos-thunderbolt-4-ad-usb-c-70w-magic-keyboard-con-touch-id-plata\/"},"modified":"2026-04-07T01:16:15","modified_gmt":"2026-04-07T07:16:15","slug":"apple-mde54e-a-macbook-pro-14-pulgadas-chip-m5-de-con-10cpu-y-10gpu-16gb-1tb-ssd-3-puertos-thunderbolt-4-ad-usb-c-70w-magic-keyboard-con-touch-id-plata","status":"publish","type":"product","link":"https:\/\/compuviper.mx\/tienda\/producto\/apple-mde54e-a-macbook-pro-14-pulgadas-chip-m5-de-con-10cpu-y-10gpu-16gb-1tb-ssd-3-puertos-thunderbolt-4-ad-usb-c-70w-magic-keyboard-con-touch-id-plata\/","title":{"rendered":"Apple Mde54e\/a Macbook Pro 14 Pulgadas\/chip M5 De  Con 10cpu Y 10gpu\/16gb\/1tb Ssd\/3 Puertos Thunderbolt 4\/ad Usb-c 70w\/magic Keyboard Con Touch Id\/plata"},"content":{"rendered":"<table class=\"descripcion\">\n<tr>\n<td>Chip m5<\/td>\n<\/tr>\n<tr>\n<td>De apple<\/td>\n<\/tr>\n<tr>\n<td>\u0095 cpu de 10 n\u00facleos con 4 n\u00facleos de rendimiento y 6 de eficiencia<\/td>\n<\/tr>\n<tr>\n<td>\u0095 gpu de 10 n\u00facleos<\/td>\n<\/tr>\n<tr>\n<td>\u0095 neural accelerators<\/td>\n<\/tr>\n<tr>\n<td>\u0095 trazado de rayos acelerado por hardware<\/td>\n<\/tr>\n<tr>\n<td>\u0095 neural engine de 16 n\u00facleos<\/td>\n<\/tr>\n<tr>\n<td>\u0095 153 gb\/s de ancho de banda de memoria<\/td>\n<\/tr>\n<tr>\n<td>Motor multimedia<\/td>\n<\/tr>\n<tr>\n<td>\u0095 h.264, hevc, prores y prores raw con aceleraci\u00f3n por hardware<\/td>\n<\/tr>\n<tr>\n<td>\u0095 motor de decodificaci\u00f3n de video<\/td>\n<\/tr>\n<tr>\n<td>\u0095 motor de codificaci\u00f3n de video<\/td>\n<\/tr>\n<tr>\n<td>\u0095 motor de codificaci\u00f3n y decodificaci\u00f3n prores<\/td>\n<\/tr>\n<tr>\n<td>\u0095 decodificaci\u00f3n av1<\/td>\n<\/tr>\n<tr>\n<td>Apple intelligence<\/td>\n<\/tr>\n<tr>\n<td>Apple intelligence es un sistema de inteligencia personal que te ayuda a escribir, expresarte y hacer de todo con mucha facilidad. y las avanzadas protecciones de privacidad te brindan la tranquilidad de saber que nadie m\u00e1s podr\u00e1 acceder a tus datos. ni siquiera apple.<\/td>\n<\/tr>\n<tr>\n<td>Pantalla<\/td>\n<\/tr>\n<tr>\n<td>Pantalla liquid retina xdr<\/td>\n<\/tr>\n<tr>\n<td>\u0095 pantalla liquid retina xdr de 14.2 pulgadas (diagonal); resoluci\u00f3n nativa de 3024 x 1964 a 254 pixeles por pulgada<\/td>\n<\/tr>\n<tr>\n<td>Xdr (rango din\u00e1mico extremo)<\/td>\n<\/tr>\n<tr>\n<td>\u0095 relaci\u00f3n de contraste 1,000,000:1<\/td>\n<\/tr>\n<tr>\n<td>\u0095 brillo xdr constante de 1,000 nits en toda la pantalla y pico de brillo de 1,600 nits3(s\u00f3lo contenido hdr)<\/td>\n<\/tr>\n<tr>\n<td>\u0095 brillo sdr de hasta 1,000 nits en exteriores<\/td>\n<\/tr>\n<tr>\n<td>Colores<\/td>\n<\/tr>\n<tr>\n<td>\u0095 1,000 millones de colores<\/td>\n<\/tr>\n<tr>\n<td>\u0095 amplia gama de colores (p3)<\/td>\n<\/tr>\n<tr>\n<td>\u0095 tecnolog\u00eda true tone<\/td>\n<\/tr>\n<tr>\n<td>Frecuencias de actualizaci\u00f3n<\/td>\n<\/tr>\n<tr>\n<td>\u0095 tecnolog\u00eda promotion con frecuencias de actualizaci\u00f3n adaptativas de hasta 120 hz<\/td>\n<\/tr>\n<tr>\n<td>\u0095 frecuencias de actualizaci\u00f3n fijas: 47.95 hz, 48 hz, 50 hz, 59.94 hz, 60 hz<\/td>\n<\/tr>\n<tr>\n<td>Memoria<\/td>\n<\/tr>\n<tr>\n<td>16 gb<\/td>\n<\/tr>\n<tr>\n<td>Bater\u00eda y energ\u00eda<\/td>\n<\/tr>\n<tr>\n<td>Chip m5<\/td>\n<\/tr>\n<tr>\n<td>\u0095 hasta 24 horas de reproducci\u00f3n de video en streaming<\/td>\n<\/tr>\n<tr>\n<td>\u0095 hasta 16 horas de navegaci\u00f3n web inal\u00e1mbrica<\/td>\n<\/tr>\n<tr>\n<td>\u0095 bater\u00eda de pol\u00edmero de litio de 72.4 wh<\/td>\n<\/tr>\n<tr>\n<td>\u0095 adaptador de corriente usb-c de 70 w<\/td>\n<\/tr>\n<tr>\n<td>\u0095 cable de usb-c a magsafe 3<\/td>\n<\/tr>\n<tr>\n<td>\u0095 carga r\u00e1pida con el adaptador de corriente usb-c de 96 w o m\u00e1s<\/td>\n<\/tr>\n<tr>\n<td>Almacenamiento<\/td>\n<\/tr>\n<tr>\n<td>1tb<\/td>\n<\/tr>\n<tr>\n<td>Carga y expansi\u00f3n<\/td>\n<\/tr>\n<tr>\n<td>Ranura para tarjeta sdxc<\/td>\n<\/tr>\n<tr>\n<td>Puerto hdmi<\/td>\n<\/tr>\n<tr>\n<td>Entrada de 3.5 mm para aud\u00edfonos<\/td>\n<\/tr>\n<tr>\n<td>Puerto magsafe 3<\/td>\n<\/tr>\n<tr>\n<td>Chip m5<\/td>\n<\/tr>\n<tr>\n<td>\u0095 tres puertos thunderbolt 4 (usb-c) compatibles con:<\/td>\n<\/tr>\n<tr>\n<td>\u0095 carga<\/td>\n<\/tr>\n<tr>\n<td>\u0095 displayport<\/td>\n<\/tr>\n<tr>\n<td>\u0095 thunderbolt 4 (hasta 40 gb\/s)<\/td>\n<\/tr>\n<tr>\n<td>\u0095 usb 4 (hasta 40 gb\/s)<\/td>\n<\/tr>\n<tr>\n<td>Compatibilidad con monitores<\/td>\n<\/tr>\n<tr>\n<td>Chips m5 y m4 pro<\/td>\n<\/tr>\n<tr>\n<td>\u0095 es compatible simult\u00e1neamente con la resoluci\u00f3n nativa de la pantalla integrada en 1,000 millones de colores y:<\/td>\n<\/tr>\n<tr>\n<td>\u0095 hasta dos monitores externos con resoluci\u00f3n hasta 6k a 60 hz a trav\u00e9s de thunderbolt, o un monitor externo con resoluci\u00f3n hasta 6k a 60 hz a trav\u00e9s de thunderbolt y un monitor externo con resoluci\u00f3n hasta 4k a 144 hz a trav\u00e9s de hdmi<\/td>\n<\/tr>\n<tr>\n<td>\u0095 un monitor externo con resoluci\u00f3n 8k a 60 hz o un monitor externo con resoluci\u00f3n 4k a 240 hz a trav\u00e9s de hdmi<\/td>\n<\/tr>\n<tr>\n<td>Reproducci\u00f3n de video<\/td>\n<\/tr>\n<tr>\n<td>\u0095 los formatos compatibles incluyen hevc, h.264, av1 y prores<\/td>\n<\/tr>\n<tr>\n<td>\u0095 hdr con dolby vision, hdr10+\/hdr10 y hlg<\/td>\n<\/tr>\n<tr>\n<td>Reproducci\u00f3n de audio<\/td>\n<\/tr>\n<tr>\n<td>Los formatos compatibles incluyen aac, mp3, apple lossless, flac, dolby digital, dolby digital plus y dolby atmos<\/td>\n<\/tr>\n<tr>\n<td>Teclado y trackpad<\/td>\n<\/tr>\n<tr>\n<td>Magic keyboard retroiluminado con:<\/td>\n<\/tr>\n<tr>\n<td>\u0095 78 (ee.uu.) o 79 (iso) teclas, incluidas 12 teclas de funci\u00f3n de altura est\u00e1ndar y 4 teclas de flecha en forma de \u0093t\u0094 invertida<\/td>\n<\/tr>\n<tr>\n<td>\u0095 touch id<\/td>\n<\/tr>\n<tr>\n<td>\u0095 sensor de luz ambiental<\/td>\n<\/tr>\n<tr>\n<td>\u0095 trackpad force touch con control preciso del cursor y sensibilidad a la presi\u00f3n. permite clics fuertes, aceleradores, trazos sensibles a la presi\u00f3n y gestos multi touch<\/td>\n<\/tr>\n<tr>\n<td>Conexi\u00f3n inal\u00e1mbrica<\/td>\n<\/tr>\n<tr>\n<td>Wi fi<\/td>\n<\/tr>\n<tr>\n<td>\u0095 wi-fi 6e (802.11ax)<\/td>\n<\/tr>\n<tr>\n<td>Bluetooth<\/td>\n<\/tr>\n<tr>\n<td>\u0095 bluetooth 5.3<\/td>\n<\/tr>\n<tr>\n<td>C\u00e1mara<\/td>\n<\/tr>\n<tr>\n<td>\u0095 c\u00e1mara center stage de 12 mp compatible con vista del escritorio<\/td>\n<\/tr>\n<tr>\n<td>\u0095 grabaci\u00f3n de video hd de 1080p<\/td>\n<\/tr>\n<tr>\n<td>\u0095 procesador de se\u00f1al de imagen avanzado con video computacional<\/td>\n<\/tr>\n<tr>\n<td>Audio<\/td>\n<\/tr>\n<tr>\n<td>\u0095 sistema de sonido de seis bocinas de alta fidelidad con woofers con cancelaci\u00f3n de fuerza<\/td>\n<\/tr>\n<tr>\n<td>\u0095 amplio sonido est\u00e9reo<\/td>\n<\/tr>\n<tr>\n<td>\u0095 compatible con audio espacial al reproducir m\u00fasica o video con dolby atmos en las bocinas integradas<\/td>\n<\/tr>\n<tr>\n<td>\u0095 audio espacial con seguimiento din\u00e1mico de la cabeza al usar los modelos compatibles de airpods, airpods pro y airpods max<\/td>\n<\/tr>\n<tr>\n<td>\u0095 sistema de tres micr\u00f3fonos con calidad de estudio, alta relaci\u00f3n se\u00f1al\/ruido y tecnolog\u00eda beamforming direccional<\/td>\n<\/tr>\n<tr>\n<td>\u0095 entrada de 3.5 mm para aud\u00edfonos con compatibilidad avanzada para aud\u00edfonos de alta impedancia<\/td>\n<\/tr>\n<tr>\n<td>\u0095 puerto hdmi compatible con salida de audio multicanal<\/td>\n<\/tr>\n<tr>\n<td>Tama\u00f1o y peso<\/td>\n<\/tr>\n<tr>\n<td>\u0095 grosor: 1.55 cm<\/td>\n<\/tr>\n<tr>\n<td>\u0095 ancho: 31.26 cm<\/td>\n<\/tr>\n<tr>\n<td>\u0095 profundidad: 22.12 cm<\/td>\n<\/tr>\n<tr>\n<td>\u0095 peso (chip m5): 1.55 kg<\/td>\n<\/tr>\n<tr>\n<td>Sistema operativo<\/td>\n<\/tr>\n<tr>\n<td>Macos<\/td>\n<\/tr>\n<tr>\n<td>Macos es el sistema operativo para computadoras de escritorio m\u00e1s avanzado del mundo. ofrece nuevas formas de potenciar tu productividad y creatividad con apple intelligence, duplicaci\u00f3n del iphone, ventanas en mosaico, nuestra actualizaci\u00f3n de spotlight m\u00e1s grande hasta ahora y mucho m\u00e1s.<\/td>\n<\/tr>\n<tr>\n<td>En la caja<\/td>\n<\/tr>\n<tr>\n<td>Chip m5<\/td>\n<\/tr>\n<tr>\n<td>\u0095 macbook pro de 14 pulgadas<\/td>\n<\/tr>\n<tr>\n<td>\u0095 adaptador de corriente usb-c de 70 w<\/td>\n<\/tr>\n<tr>\n<td>\u0095 cable de usb-c a magsafe 3 (2 m)<\/td>\n<\/tr>\n<tr>\n<td>\u0095 pa\u00f1o de pulido (s\u00f3lo con la opci\u00f3n de pantalla con acabado nanotexturizado)<\/td>\n<\/tr>\n<\/table>\n","protected":false},"excerpt":{"rendered":"<p>Macbook pro. Modelo de 14 pulgadas. Ahora. Con los superpoderes del chip m5. Velocidad desenfrenada. El chip m5 se une a los chips m4 pro y m4 max. Todos ofrecen un rendimiento de cpu descomunal en tareas monohilo y multihilo y una memoria unificada m\u00e1s r\u00e1pida para llevar la velocidad al filo de lo imposible. Y gracias a los neural accelerators del chip m5, las tareas de inteligencia artificial van a mil por hora.<\/p>\n","protected":false},"featured_media":0,"comment_status":"open","ping_status":"open","template":"","meta":[],"product_cat":[1886,1887],"product_tag":[1585],"acf":[],"yoast_head":"<!-- This site is optimized with the Yoast SEO plugin v21.7 - https:\/\/yoast.com\/wordpress\/plugins\/seo\/ -->\n<title>[ Apple ] &#129351; Mde54e\/a Macbook Pro 14 Pulgadas\/chip M5 De Con 10cpu Y 10gpu\/16gb\/1tb Ssd\/3 Puertos Thunderbolt 4\/ad Usb-c 70w\/magic Keyboard Con Touch Id\/plata<\/title>\n<meta name=\"description\" content=\"Compra Mde54e\/a Macbook Pro 14 Pulgadas\/chip M5 De Con 10cpu Y 10gpu\/16gb\/1tb Ssd\/3 Puertos Thunderbolt 4\/ad Usb-c 70w\/magic Keyboard Con Touch Id\/plata + Env\u00edo a domicilio + Pago seguro + Garant\u00eda\" \/>\n<meta name=\"robots\" content=\"index, follow, max-snippet:-1, max-image-preview:large, max-video-preview:-1\" \/>\n<link rel=\"canonical\" href=\"https:\/\/compuviper.mx\/tienda\/producto\/apple-mde54e-a-macbook-pro-14-pulgadas-chip-m5-de-con-10cpu-y-10gpu-16gb-1tb-ssd-3-puertos-thunderbolt-4-ad-usb-c-70w-magic-keyboard-con-touch-id-plata\/\" \/>\n<meta property=\"og:locale\" content=\"es_MX\" \/>\n<meta property=\"og:type\" content=\"article\" \/>\n<meta property=\"og:title\" content=\"[ Apple ] &#129351; Mde54e\/a Macbook Pro 14 Pulgadas\/chip M5 De Con 10cpu Y 10gpu\/16gb\/1tb Ssd\/3 Puertos Thunderbolt 4\/ad Usb-c 70w\/magic Keyboard Con Touch Id\/plata\" \/>\n<meta property=\"og:description\" content=\"Compra Mde54e\/a Macbook Pro 14 Pulgadas\/chip M5 De Con 10cpu Y 10gpu\/16gb\/1tb Ssd\/3 Puertos Thunderbolt 4\/ad Usb-c 70w\/magic Keyboard Con Touch Id\/plata + Env\u00edo a domicilio + Pago seguro + Garant\u00eda\" \/>\n<meta property=\"og:url\" content=\"https:\/\/compuviper.mx\/tienda\/producto\/apple-mde54e-a-macbook-pro-14-pulgadas-chip-m5-de-con-10cpu-y-10gpu-16gb-1tb-ssd-3-puertos-thunderbolt-4-ad-usb-c-70w-magic-keyboard-con-touch-id-plata\/\" \/>\n<meta property=\"og:site_name\" content=\"Compuviper\" \/>\n<meta property=\"article:publisher\" content=\"https:\/\/www.facebook.com\/compuviper\" \/>\n<meta property=\"article:modified_time\" content=\"2026-04-07T07:16:15+00:00\" \/>\n<meta name=\"twitter:card\" content=\"summary_large_image\" \/>\n<meta name=\"twitter:label1\" content=\"Precio\" \/>\n\t<meta name=\"twitter:data1\" content=\"&#36;36,738 &#36;34,424 con IVA\" \/>\n\t<meta name=\"twitter:label2\" content=\"Availability\" \/>\n\t<meta name=\"twitter:data2\" content=\"In stock\" \/>\n<script type=\"application\/ld+json\" class=\"yoast-schema-graph\">{\"@context\":\"https:\/\/schema.org\",\"@graph\":[{\"@type\":\"WebPage\",\"@id\":\"https:\/\/compuviper.mx\/tienda\/producto\/apple-mde54e-a-macbook-pro-14-pulgadas-chip-m5-de-con-10cpu-y-10gpu-16gb-1tb-ssd-3-puertos-thunderbolt-4-ad-usb-c-70w-magic-keyboard-con-touch-id-plata\/\",\"url\":\"https:\/\/compuviper.mx\/tienda\/producto\/apple-mde54e-a-macbook-pro-14-pulgadas-chip-m5-de-con-10cpu-y-10gpu-16gb-1tb-ssd-3-puertos-thunderbolt-4-ad-usb-c-70w-magic-keyboard-con-touch-id-plata\/\",\"name\":\"[ Apple ] &#129351; Mde54e\/a Macbook Pro 14 Pulgadas\/chip M5 De Con 10cpu Y 10gpu\/16gb\/1tb Ssd\/3 Puertos Thunderbolt 4\/ad Usb-c 70w\/magic Keyboard Con Touch Id\/plata\",\"isPartOf\":{\"@id\":\"https:\/\/compuviper.mx\/tienda\/#website\"},\"datePublished\":\"2026-04-07T07:16:14+00:00\",\"dateModified\":\"2026-04-07T07:16:15+00:00\",\"description\":\"Compra Mde54e\/a Macbook Pro 14 Pulgadas\/chip M5 De Con 10cpu Y 10gpu\/16gb\/1tb Ssd\/3 Puertos Thunderbolt 4\/ad Usb-c 70w\/magic Keyboard Con Touch Id\/plata + Env\u00edo a domicilio + Pago seguro + Garant\u00eda\",\"breadcrumb\":{\"@id\":\"https:\/\/compuviper.mx\/tienda\/producto\/apple-mde54e-a-macbook-pro-14-pulgadas-chip-m5-de-con-10cpu-y-10gpu-16gb-1tb-ssd-3-puertos-thunderbolt-4-ad-usb-c-70w-magic-keyboard-con-touch-id-plata\/#breadcrumb\"},\"inLanguage\":\"es-MX\",\"potentialAction\":[{\"@type\":\"ReadAction\",\"target\":[\"https:\/\/compuviper.mx\/tienda\/producto\/apple-mde54e-a-macbook-pro-14-pulgadas-chip-m5-de-con-10cpu-y-10gpu-16gb-1tb-ssd-3-puertos-thunderbolt-4-ad-usb-c-70w-magic-keyboard-con-touch-id-plata\/\"]}]},{\"@type\":\"BreadcrumbList\",\"@id\":\"https:\/\/compuviper.mx\/tienda\/producto\/apple-mde54e-a-macbook-pro-14-pulgadas-chip-m5-de-con-10cpu-y-10gpu-16gb-1tb-ssd-3-puertos-thunderbolt-4-ad-usb-c-70w-magic-keyboard-con-touch-id-plata\/#breadcrumb\",\"itemListElement\":[{\"@type\":\"ListItem\",\"position\":1,\"name\":\"Inicio\",\"item\":\"https:\/\/compuviper.mx\/tienda\/\"},{\"@type\":\"ListItem\",\"position\":2,\"name\":\"Productos\",\"item\":\"https:\/\/compuviper.mx\/tienda\/productos\/\"},{\"@type\":\"ListItem\",\"position\":3,\"name\":\"Laptops\",\"item\":\"https:\/\/compuviper.mx\/tienda\/categoria-producto\/laptops\/\"},{\"@type\":\"ListItem\",\"position\":4,\"name\":\"Notebook\",\"item\":\"https:\/\/compuviper.mx\/tienda\/categoria-producto\/laptops\/notebook-laptops\/\"},{\"@type\":\"ListItem\",\"position\":5,\"name\":\"Apple Mde54e\/a Macbook Pro 14 Pulgadas\/chip M5 De Con 10cpu Y 10gpu\/16gb\/1tb Ssd\/3 Puertos Thunderbolt 4\/ad Usb-c 70w\/magic Keyboard Con Touch Id\/plata\"}]},{\"@type\":\"WebSite\",\"@id\":\"https:\/\/compuviper.mx\/tienda\/#website\",\"url\":\"https:\/\/compuviper.mx\/tienda\/\",\"name\":\"Compuviper\",\"description\":\"Proveedor de Computadoras, Laptops, Servidores, Monitores, Puntos de Venta, Teclados,   Impresoras, T\u00f3ner, C\u00e1maras de Seguridad y m\u00e1s en tu tienda en l\u00ednea\",\"publisher\":{\"@id\":\"https:\/\/compuviper.mx\/tienda\/#organization\"},\"potentialAction\":[{\"@type\":\"SearchAction\",\"target\":{\"@type\":\"EntryPoint\",\"urlTemplate\":\"https:\/\/compuviper.mx\/tienda\/?s={search_term_string}\"},\"query-input\":\"required name=search_term_string\"}],\"inLanguage\":\"es-MX\"},{\"@type\":\"Organization\",\"@id\":\"https:\/\/compuviper.mx\/tienda\/#organization\",\"name\":\"Compuviper\",\"url\":\"https:\/\/compuviper.mx\/tienda\/\",\"logo\":{\"@type\":\"ImageObject\",\"inLanguage\":\"es-MX\",\"@id\":\"https:\/\/compuviper.mx\/tienda\/#\/schema\/logo\/image\/\",\"url\":\"https:\/\/compuviper.mx\/tienda\/wp-content\/uploads\/2021\/08\/Logo-Compuviper-10.png\",\"contentUrl\":\"https:\/\/compuviper.mx\/tienda\/wp-content\/uploads\/2021\/08\/Logo-Compuviper-10.png\",\"width\":1000,\"height\":500,\"caption\":\"Compuviper\"},\"image\":{\"@id\":\"https:\/\/compuviper.mx\/tienda\/#\/schema\/logo\/image\/\"},\"sameAs\":[\"https:\/\/www.facebook.com\/compuviper\",\"https:\/\/www.youtube.com\/channel\/UCf73dERp9Y3cfOq7q8BhLjA?view_as=subscriber\"]}]}<\/script>\n<meta property=\"product:brand\" content=\"APPLE\" \/>\n<meta property=\"product:price:amount\" content=\"34424\" \/>\n<meta property=\"product:price:currency\" content=\"MXN\" \/>\n<meta property=\"og:availability\" content=\"instock\" \/>\n<meta property=\"product:availability\" content=\"instock\" \/>\n<meta property=\"product:retailer_item_id\" content=\"MDE54E\/A\" \/>\n<meta property=\"product:condition\" content=\"new\" \/>\n<!-- \/ Yoast SEO plugin. -->","yoast_head_json":{"title":"[ Apple ] &#129351; Mde54e\/a Macbook Pro 14 Pulgadas\/chip M5 De Con 10cpu Y 10gpu\/16gb\/1tb Ssd\/3 Puertos Thunderbolt 4\/ad Usb-c 70w\/magic Keyboard Con Touch Id\/plata","description":"Compra Mde54e\/a Macbook Pro 14 Pulgadas\/chip M5 De Con 10cpu Y 10gpu\/16gb\/1tb Ssd\/3 Puertos Thunderbolt 4\/ad Usb-c 70w\/magic Keyboard Con Touch Id\/plata + Env\u00edo a domicilio + Pago seguro + Garant\u00eda","robots":{"index":"index","follow":"follow","max-snippet":"max-snippet:-1","max-image-preview":"max-image-preview:large","max-video-preview":"max-video-preview:-1"},"canonical":"https:\/\/compuviper.mx\/tienda\/producto\/apple-mde54e-a-macbook-pro-14-pulgadas-chip-m5-de-con-10cpu-y-10gpu-16gb-1tb-ssd-3-puertos-thunderbolt-4-ad-usb-c-70w-magic-keyboard-con-touch-id-plata\/","og_locale":"es_MX","og_type":"article","og_title":"[ Apple ] &#129351; Mde54e\/a Macbook Pro 14 Pulgadas\/chip M5 De Con 10cpu Y 10gpu\/16gb\/1tb Ssd\/3 Puertos Thunderbolt 4\/ad Usb-c 70w\/magic Keyboard Con Touch Id\/plata","og_description":"Compra Mde54e\/a Macbook Pro 14 Pulgadas\/chip M5 De Con 10cpu Y 10gpu\/16gb\/1tb Ssd\/3 Puertos Thunderbolt 4\/ad Usb-c 70w\/magic Keyboard Con Touch Id\/plata + Env\u00edo a domicilio + Pago seguro + Garant\u00eda","og_url":"https:\/\/compuviper.mx\/tienda\/producto\/apple-mde54e-a-macbook-pro-14-pulgadas-chip-m5-de-con-10cpu-y-10gpu-16gb-1tb-ssd-3-puertos-thunderbolt-4-ad-usb-c-70w-magic-keyboard-con-touch-id-plata\/","og_site_name":"Compuviper","article_publisher":"https:\/\/www.facebook.com\/compuviper","article_modified_time":"2026-04-07T07:16:15+00:00","twitter_card":"summary_large_image","twitter_misc":{"Precio":"&#36;36,738 &#36;34,424 con IVA","Availability":"In stock"},"schema":{"@context":"https:\/\/schema.org","@graph":[{"@type":"WebPage","@id":"https:\/\/compuviper.mx\/tienda\/producto\/apple-mde54e-a-macbook-pro-14-pulgadas-chip-m5-de-con-10cpu-y-10gpu-16gb-1tb-ssd-3-puertos-thunderbolt-4-ad-usb-c-70w-magic-keyboard-con-touch-id-plata\/","url":"https:\/\/compuviper.mx\/tienda\/producto\/apple-mde54e-a-macbook-pro-14-pulgadas-chip-m5-de-con-10cpu-y-10gpu-16gb-1tb-ssd-3-puertos-thunderbolt-4-ad-usb-c-70w-magic-keyboard-con-touch-id-plata\/","name":"[ Apple ] &#129351; Mde54e\/a Macbook Pro 14 Pulgadas\/chip M5 De Con 10cpu Y 10gpu\/16gb\/1tb Ssd\/3 Puertos Thunderbolt 4\/ad Usb-c 70w\/magic Keyboard Con Touch Id\/plata","isPartOf":{"@id":"https:\/\/compuviper.mx\/tienda\/#website"},"datePublished":"2026-04-07T07:16:14+00:00","dateModified":"2026-04-07T07:16:15+00:00","description":"Compra Mde54e\/a Macbook Pro 14 Pulgadas\/chip M5 De Con 10cpu Y 10gpu\/16gb\/1tb Ssd\/3 Puertos Thunderbolt 4\/ad Usb-c 70w\/magic Keyboard Con Touch Id\/plata + Env\u00edo a domicilio + Pago seguro + Garant\u00eda","breadcrumb":{"@id":"https:\/\/compuviper.mx\/tienda\/producto\/apple-mde54e-a-macbook-pro-14-pulgadas-chip-m5-de-con-10cpu-y-10gpu-16gb-1tb-ssd-3-puertos-thunderbolt-4-ad-usb-c-70w-magic-keyboard-con-touch-id-plata\/#breadcrumb"},"inLanguage":"es-MX","potentialAction":[{"@type":"ReadAction","target":["https:\/\/compuviper.mx\/tienda\/producto\/apple-mde54e-a-macbook-pro-14-pulgadas-chip-m5-de-con-10cpu-y-10gpu-16gb-1tb-ssd-3-puertos-thunderbolt-4-ad-usb-c-70w-magic-keyboard-con-touch-id-plata\/"]}]},{"@type":"BreadcrumbList","@id":"https:\/\/compuviper.mx\/tienda\/producto\/apple-mde54e-a-macbook-pro-14-pulgadas-chip-m5-de-con-10cpu-y-10gpu-16gb-1tb-ssd-3-puertos-thunderbolt-4-ad-usb-c-70w-magic-keyboard-con-touch-id-plata\/#breadcrumb","itemListElement":[{"@type":"ListItem","position":1,"name":"Inicio","item":"https:\/\/compuviper.mx\/tienda\/"},{"@type":"ListItem","position":2,"name":"Productos","item":"https:\/\/compuviper.mx\/tienda\/productos\/"},{"@type":"ListItem","position":3,"name":"Laptops","item":"https:\/\/compuviper.mx\/tienda\/categoria-producto\/laptops\/"},{"@type":"ListItem","position":4,"name":"Notebook","item":"https:\/\/compuviper.mx\/tienda\/categoria-producto\/laptops\/notebook-laptops\/"},{"@type":"ListItem","position":5,"name":"Apple Mde54e\/a Macbook Pro 14 Pulgadas\/chip M5 De Con 10cpu Y 10gpu\/16gb\/1tb Ssd\/3 Puertos Thunderbolt 4\/ad Usb-c 70w\/magic Keyboard Con Touch Id\/plata"}]},{"@type":"WebSite","@id":"https:\/\/compuviper.mx\/tienda\/#website","url":"https:\/\/compuviper.mx\/tienda\/","name":"Compuviper","description":"Proveedor de Computadoras, Laptops, Servidores, Monitores, Puntos de Venta, Teclados,   Impresoras, T\u00f3ner, C\u00e1maras de Seguridad y m\u00e1s en tu tienda en l\u00ednea","publisher":{"@id":"https:\/\/compuviper.mx\/tienda\/#organization"},"potentialAction":[{"@type":"SearchAction","target":{"@type":"EntryPoint","urlTemplate":"https:\/\/compuviper.mx\/tienda\/?s={search_term_string}"},"query-input":"required name=search_term_string"}],"inLanguage":"es-MX"},{"@type":"Organization","@id":"https:\/\/compuviper.mx\/tienda\/#organization","name":"Compuviper","url":"https:\/\/compuviper.mx\/tienda\/","logo":{"@type":"ImageObject","inLanguage":"es-MX","@id":"https:\/\/compuviper.mx\/tienda\/#\/schema\/logo\/image\/","url":"https:\/\/compuviper.mx\/tienda\/wp-content\/uploads\/2021\/08\/Logo-Compuviper-10.png","contentUrl":"https:\/\/compuviper.mx\/tienda\/wp-content\/uploads\/2021\/08\/Logo-Compuviper-10.png","width":1000,"height":500,"caption":"Compuviper"},"image":{"@id":"https:\/\/compuviper.mx\/tienda\/#\/schema\/logo\/image\/"},"sameAs":["https:\/\/www.facebook.com\/compuviper","https:\/\/www.youtube.com\/channel\/UCf73dERp9Y3cfOq7q8BhLjA?view_as=subscriber"]}]},"product_brand":"APPLE","product_price_amount":"34424","product_price_currency":"MXN","og_availability":"instock","product_availability":"instock","product_retailer_item_id":"MDE54E\/A","product_condition":"new"},"_links":{"self":[{"href":"https:\/\/compuviper.mx\/tienda\/wp-json\/wp\/v2\/product\/262477"}],"collection":[{"href":"https:\/\/compuviper.mx\/tienda\/wp-json\/wp\/v2\/product"}],"about":[{"href":"https:\/\/compuviper.mx\/tienda\/wp-json\/wp\/v2\/types\/product"}],"replies":[{"embeddable":true,"href":"https:\/\/compuviper.mx\/tienda\/wp-json\/wp\/v2\/comments?post=262477"}],"wp:attachment":[{"href":"https:\/\/compuviper.mx\/tienda\/wp-json\/wp\/v2\/media?parent=262477"}],"wp:term":[{"taxonomy":"product_cat","embeddable":true,"href":"https:\/\/compuviper.mx\/tienda\/wp-json\/wp\/v2\/product_cat?post=262477"},{"taxonomy":"product_tag","embeddable":true,"href":"https:\/\/compuviper.mx\/tienda\/wp-json\/wp\/v2\/product_tag?post=262477"}],"curies":[{"name":"wp","href":"https:\/\/api.w.org\/{rel}","templated":true}]}}