{"id":262441,"date":"2026-04-17T23:51:12","date_gmt":"2026-04-18T05:51:12","guid":{"rendered":"https:\/\/compuviper.mx\/tienda\/producto\/manhattan-157469-cabledecorriente-de-alimentacin-divisor-en-y-un-conector-c14-a-2-x-c13-1-8-m\/"},"modified":"2026-04-17T23:51:13","modified_gmt":"2026-04-18T05:51:13","slug":"manhattan-157469-cabledecorriente-de-alimentacin-divisor-en-y-un-conector-c14-a-2-x-c13-1-8-m","status":"publish","type":"product","link":"https:\/\/compuviper.mx\/tienda\/producto\/manhattan-157469-cabledecorriente-de-alimentacin-divisor-en-y-un-conector-c14-a-2-x-c13-1-8-m\/","title":{"rendered":"Manhattan 157469 Cabledecorriente\/\/\/de Alimentaci?n Divisor En Y, Un Conector C14 A 2 X C13, 1.8 M"},"content":{"rendered":"<table class=\"descripcion\">\n<tr>\n<td>Normas y certificaciones<\/td>\n<\/tr>\n<tr>\n<td>Ce<\/td>\n<\/tr>\n<tr>\n<td>Rohs<\/td>\n<\/tr>\n<tr>\n<td>Reach<\/td>\n<\/tr>\n<tr>\n<td>Iec 60320<\/td>\n<\/tr>\n<tr>\n<td>Vde<\/td>\n<\/tr>\n<tr>\n<td>Ukca<\/td>\n<\/tr>\n<tr>\n<td>General<\/td>\n<\/tr>\n<tr>\n<td>Un conector macho iec 60320 c14<\/td>\n<\/tr>\n<tr>\n<td>Dos conectores hembra iec 60320 c13<\/td>\n<\/tr>\n<tr>\n<td>Corriente m\u00e1xima: 10.0 a<\/td>\n<\/tr>\n<tr>\n<td>Voltaje m\u00e1ximo: 250.0 v ca<\/td>\n<\/tr>\n<tr>\n<td>F\u00edsico<\/td>\n<\/tr>\n<tr>\n<td>Cable: 100% cobre puro desnudo (cu)<\/td>\n<\/tr>\n<tr>\n<td>Material de la funda y el tap\u00f3n: pvc<\/td>\n<\/tr>\n<tr>\n<td>N\u00famero de n\u00facleos: 3<\/td>\n<\/tr>\n<tr>\n<td>N\u00famero de hilos \/ grosor del hilo: 24 \/ 0.2 mm<\/td>\n<\/tr>\n<tr>\n<td>Grosor del aislamiento: 0.6 mm<\/td>\n<\/tr>\n<tr>\n<td>Grosor de la funda: 0.8 mm<\/td>\n<\/tr>\n<tr>\n<td>Di\u00e1metro nominal total: 6.5 mm<\/td>\n<\/tr>\n<tr>\n<td>Longitud: 1.8 m (1.55 m y 2 x 0.25 m)<\/td>\n<\/tr>\n<tr>\n<td>Tipo de cable: h05vv-f 3g 0.75 mm\u00b2<\/td>\n<\/tr>\n<tr>\n<td>Peso neto: 245 g<\/td>\n<\/tr>\n<tr>\n<td>Peso bruto: 250 g<\/td>\n<\/tr>\n<tr>\n<td>Ambiental<\/td>\n<\/tr>\n<tr>\n<td>Temperatura de operaci\u00f3n: -10 &#8211; 60\u00b0c<\/td>\n<\/tr>\n<tr>\n<td>Humedad de operaci\u00f3n (sin condensaci\u00f3n): 10 &#8211; 85%<\/td>\n<\/tr>\n<tr>\n<td>Temperatura de almacenamiento: -20 &#8211; 70\u00b0c<\/td>\n<\/tr>\n<tr>\n<td>Humedad de almacenamiento (sin condensaci\u00f3n): 5 &#8211; 90%<\/td>\n<\/tr>\n<tr>\n<td>Contenido del paquete<\/td>\n<\/tr>\n<tr>\n<td>Cable de alimentaci\u00f3n divisor en y, un conector c14 a 2 x c13, 1.8 m<\/td>\n<\/tr>\n<\/table>\n","protected":false},"excerpt":{"rendered":"<p>Cable de alimentaci\u00f3n doble c13 a c14 1.8m \/ alimenta dos dispositivos desde una sola fuente en aplicaciones de montaje en rack y entornos de ti. El cable de alimentaci\u00f3n y-splitter (2 x c13 hembras a c14 macho, 1.8 m) de intellinet network solutions es la forma eficiente de alimentar dos dispositivos simult\u00e1neamente desde una sola salida de pdu o ups. Perfecto para su uso en racks de servidores, salas de ti o configuraciones de oficina, este cable de alimentaci\u00f3n dual simplifica tu distribuci\u00f3n de energ\u00eda al soportar equipos como un servidor y un sistema de almacenamiento o una pc y un monitor, todo desde una sola fuente de alimentaci\u00f3n. Extiende y optimiza conexiones de energ\u00eda. Adem\u00e1s de combinar dos salidas en una l\u00ednea, el cable tambi\u00e9n sirve como una extensi\u00f3n para una conexi\u00f3n de alimentaci\u00f3n c13 existente, ofreciendo m\u00e1s flexibilidad en entornos de montaje en rack ajustados o cuando el acceso a tomacorrientes de pared es limitado. Con 1.8 metros de longitud, ayuda a mejorar el enrutamiento de cables y reducir el desorden. Construcci\u00f3n de alta calidad para un rendimiento confiable. Construido con alambre de cobre puro sin recubrimiento, el cable y-splitter asegura la m\u00e1xima conductividad el\u00e9ctrica y un rendimiento consistente. Su cubierta de pvc flexible y de alta resistencia ofrece una excelente durabilidad.<\/p>\n","protected":false},"featured_media":0,"comment_status":"open","ping_status":"open","template":"","meta":[],"product_cat":[1549,1607],"product_tag":[1487],"acf":[],"yoast_head":"<!-- This site is optimized with the Yoast SEO plugin v21.7 - https:\/\/yoast.com\/wordpress\/plugins\/seo\/ -->\n<title>[ Manhattan ] &#129351; 157469 Cabledecorriente\/\/\/de Alimentaci\u00f3n Divisor En Y, Un Conector C14 A 2 X C13, 1.8 M<\/title>\n<meta name=\"description\" content=\"Compra 157469 Cabledecorriente\/\/\/de Alimentaci\u00f3n Divisor En Y, Un Conector C14 A 2 X C13, 1.8 M + Env\u00edo a domicilio + Pago seguro + Garant\u00eda\" \/>\n<meta name=\"robots\" content=\"index, follow, max-snippet:-1, max-image-preview:large, max-video-preview:-1\" \/>\n<link rel=\"canonical\" href=\"https:\/\/compuviper.mx\/tienda\/producto\/manhattan-157469-cabledecorriente-de-alimentacin-divisor-en-y-un-conector-c14-a-2-x-c13-1-8-m\/\" \/>\n<meta property=\"og:locale\" content=\"es_MX\" \/>\n<meta property=\"og:type\" content=\"article\" \/>\n<meta property=\"og:title\" content=\"[ Manhattan ] &#129351; 157469 Cabledecorriente\/\/\/de Alimentaci\u00f3n Divisor En Y, Un Conector C14 A 2 X C13, 1.8 M\" \/>\n<meta property=\"og:description\" content=\"Compra 157469 Cabledecorriente\/\/\/de Alimentaci\u00f3n Divisor En Y, Un Conector C14 A 2 X C13, 1.8 M + Env\u00edo a domicilio + Pago seguro + Garant\u00eda\" \/>\n<meta property=\"og:url\" content=\"https:\/\/compuviper.mx\/tienda\/producto\/manhattan-157469-cabledecorriente-de-alimentacin-divisor-en-y-un-conector-c14-a-2-x-c13-1-8-m\/\" \/>\n<meta property=\"og:site_name\" content=\"Compuviper\" \/>\n<meta property=\"article:publisher\" content=\"https:\/\/www.facebook.com\/compuviper\" \/>\n<meta property=\"article:modified_time\" content=\"2026-04-18T05:51:13+00:00\" \/>\n<meta name=\"twitter:card\" content=\"summary_large_image\" \/>\n<meta name=\"twitter:label1\" content=\"Precio\" \/>\n\t<meta name=\"twitter:data1\" content=\"&#36;123 con IVA\" \/>\n\t<meta name=\"twitter:label2\" content=\"Availability\" \/>\n\t<meta name=\"twitter:data2\" content=\"Out of stock\" \/>\n<script type=\"application\/ld+json\" class=\"yoast-schema-graph\">{\"@context\":\"https:\/\/schema.org\",\"@graph\":[{\"@type\":\"WebPage\",\"@id\":\"https:\/\/compuviper.mx\/tienda\/producto\/manhattan-157469-cabledecorriente-de-alimentacin-divisor-en-y-un-conector-c14-a-2-x-c13-1-8-m\/\",\"url\":\"https:\/\/compuviper.mx\/tienda\/producto\/manhattan-157469-cabledecorriente-de-alimentacin-divisor-en-y-un-conector-c14-a-2-x-c13-1-8-m\/\",\"name\":\"[ Manhattan ] &#129351; 157469 Cabledecorriente\/\/\/de Alimentaci\u00f3n Divisor En Y, Un Conector C14 A 2 X C13, 1.8 M\",\"isPartOf\":{\"@id\":\"https:\/\/compuviper.mx\/tienda\/#website\"},\"datePublished\":\"2026-04-18T05:51:12+00:00\",\"dateModified\":\"2026-04-18T05:51:13+00:00\",\"description\":\"Compra 157469 Cabledecorriente\/\/\/de Alimentaci\u00f3n Divisor En Y, Un Conector C14 A 2 X C13, 1.8 M + Env\u00edo a domicilio + Pago seguro + Garant\u00eda\",\"breadcrumb\":{\"@id\":\"https:\/\/compuviper.mx\/tienda\/producto\/manhattan-157469-cabledecorriente-de-alimentacin-divisor-en-y-un-conector-c14-a-2-x-c13-1-8-m\/#breadcrumb\"},\"inLanguage\":\"es-MX\",\"potentialAction\":[{\"@type\":\"ReadAction\",\"target\":[\"https:\/\/compuviper.mx\/tienda\/producto\/manhattan-157469-cabledecorriente-de-alimentacin-divisor-en-y-un-conector-c14-a-2-x-c13-1-8-m\/\"]}]},{\"@type\":\"BreadcrumbList\",\"@id\":\"https:\/\/compuviper.mx\/tienda\/producto\/manhattan-157469-cabledecorriente-de-alimentacin-divisor-en-y-un-conector-c14-a-2-x-c13-1-8-m\/#breadcrumb\",\"itemListElement\":[{\"@type\":\"ListItem\",\"position\":1,\"name\":\"Inicio\",\"item\":\"https:\/\/compuviper.mx\/tienda\/\"},{\"@type\":\"ListItem\",\"position\":2,\"name\":\"Productos\",\"item\":\"https:\/\/compuviper.mx\/tienda\/productos\/\"},{\"@type\":\"ListItem\",\"position\":3,\"name\":\"Cables\",\"item\":\"https:\/\/compuviper.mx\/tienda\/categoria-producto\/cables\/\"},{\"@type\":\"ListItem\",\"position\":4,\"name\":\"Cable De Corriente\",\"item\":\"https:\/\/compuviper.mx\/tienda\/categoria-producto\/cables\/cable-de-corriente\/\"},{\"@type\":\"ListItem\",\"position\":5,\"name\":\"Manhattan 157469 Cabledecorriente\/\/\/de Alimentaci?n Divisor En Y, Un Conector C14 A 2 X C13, 1.8 M\"}]},{\"@type\":\"WebSite\",\"@id\":\"https:\/\/compuviper.mx\/tienda\/#website\",\"url\":\"https:\/\/compuviper.mx\/tienda\/\",\"name\":\"Compuviper\",\"description\":\"Proveedor de Computadoras, Laptops, Servidores, Monitores, Puntos de Venta, Teclados,   Impresoras, T\u00f3ner, C\u00e1maras de Seguridad y m\u00e1s en tu tienda en l\u00ednea\",\"publisher\":{\"@id\":\"https:\/\/compuviper.mx\/tienda\/#organization\"},\"potentialAction\":[{\"@type\":\"SearchAction\",\"target\":{\"@type\":\"EntryPoint\",\"urlTemplate\":\"https:\/\/compuviper.mx\/tienda\/?s={search_term_string}\"},\"query-input\":\"required name=search_term_string\"}],\"inLanguage\":\"es-MX\"},{\"@type\":\"Organization\",\"@id\":\"https:\/\/compuviper.mx\/tienda\/#organization\",\"name\":\"Compuviper\",\"url\":\"https:\/\/compuviper.mx\/tienda\/\",\"logo\":{\"@type\":\"ImageObject\",\"inLanguage\":\"es-MX\",\"@id\":\"https:\/\/compuviper.mx\/tienda\/#\/schema\/logo\/image\/\",\"url\":\"https:\/\/compuviper.mx\/tienda\/wp-content\/uploads\/2021\/08\/Logo-Compuviper-10.png\",\"contentUrl\":\"https:\/\/compuviper.mx\/tienda\/wp-content\/uploads\/2021\/08\/Logo-Compuviper-10.png\",\"width\":1000,\"height\":500,\"caption\":\"Compuviper\"},\"image\":{\"@id\":\"https:\/\/compuviper.mx\/tienda\/#\/schema\/logo\/image\/\"},\"sameAs\":[\"https:\/\/www.facebook.com\/compuviper\",\"https:\/\/www.youtube.com\/channel\/UCf73dERp9Y3cfOq7q8BhLjA?view_as=subscriber\"]}]}<\/script>\n<meta property=\"product:brand\" content=\"MANHATTAN\" \/>\n<meta property=\"product:price:amount\" content=\"123\" \/>\n<meta property=\"product:price:currency\" content=\"MXN\" \/>\n<meta property=\"og:availability\" content=\"out of stock\" \/>\n<meta property=\"product:availability\" content=\"out of stock\" \/>\n<meta property=\"product:retailer_item_id\" content=\"157469\" \/>\n<meta property=\"product:condition\" content=\"new\" \/>\n<!-- \/ Yoast SEO plugin. -->","yoast_head_json":{"title":"[ Manhattan ] &#129351; 157469 Cabledecorriente\/\/\/de Alimentaci\u00f3n Divisor En Y, Un Conector C14 A 2 X C13, 1.8 M","description":"Compra 157469 Cabledecorriente\/\/\/de Alimentaci\u00f3n Divisor En Y, Un Conector C14 A 2 X C13, 1.8 M + Env\u00edo a domicilio + Pago seguro + Garant\u00eda","robots":{"index":"index","follow":"follow","max-snippet":"max-snippet:-1","max-image-preview":"max-image-preview:large","max-video-preview":"max-video-preview:-1"},"canonical":"https:\/\/compuviper.mx\/tienda\/producto\/manhattan-157469-cabledecorriente-de-alimentacin-divisor-en-y-un-conector-c14-a-2-x-c13-1-8-m\/","og_locale":"es_MX","og_type":"article","og_title":"[ Manhattan ] &#129351; 157469 Cabledecorriente\/\/\/de Alimentaci\u00f3n Divisor En Y, Un Conector C14 A 2 X C13, 1.8 M","og_description":"Compra 157469 Cabledecorriente\/\/\/de Alimentaci\u00f3n Divisor En Y, Un Conector C14 A 2 X C13, 1.8 M + Env\u00edo a domicilio + Pago seguro + Garant\u00eda","og_url":"https:\/\/compuviper.mx\/tienda\/producto\/manhattan-157469-cabledecorriente-de-alimentacin-divisor-en-y-un-conector-c14-a-2-x-c13-1-8-m\/","og_site_name":"Compuviper","article_publisher":"https:\/\/www.facebook.com\/compuviper","article_modified_time":"2026-04-18T05:51:13+00:00","twitter_card":"summary_large_image","twitter_misc":{"Precio":"&#36;123 con IVA","Availability":"Out of stock"},"schema":{"@context":"https:\/\/schema.org","@graph":[{"@type":"WebPage","@id":"https:\/\/compuviper.mx\/tienda\/producto\/manhattan-157469-cabledecorriente-de-alimentacin-divisor-en-y-un-conector-c14-a-2-x-c13-1-8-m\/","url":"https:\/\/compuviper.mx\/tienda\/producto\/manhattan-157469-cabledecorriente-de-alimentacin-divisor-en-y-un-conector-c14-a-2-x-c13-1-8-m\/","name":"[ Manhattan ] &#129351; 157469 Cabledecorriente\/\/\/de Alimentaci\u00f3n Divisor En Y, Un Conector C14 A 2 X C13, 1.8 M","isPartOf":{"@id":"https:\/\/compuviper.mx\/tienda\/#website"},"datePublished":"2026-04-18T05:51:12+00:00","dateModified":"2026-04-18T05:51:13+00:00","description":"Compra 157469 Cabledecorriente\/\/\/de Alimentaci\u00f3n Divisor En Y, Un Conector C14 A 2 X C13, 1.8 M + Env\u00edo a domicilio + Pago seguro + Garant\u00eda","breadcrumb":{"@id":"https:\/\/compuviper.mx\/tienda\/producto\/manhattan-157469-cabledecorriente-de-alimentacin-divisor-en-y-un-conector-c14-a-2-x-c13-1-8-m\/#breadcrumb"},"inLanguage":"es-MX","potentialAction":[{"@type":"ReadAction","target":["https:\/\/compuviper.mx\/tienda\/producto\/manhattan-157469-cabledecorriente-de-alimentacin-divisor-en-y-un-conector-c14-a-2-x-c13-1-8-m\/"]}]},{"@type":"BreadcrumbList","@id":"https:\/\/compuviper.mx\/tienda\/producto\/manhattan-157469-cabledecorriente-de-alimentacin-divisor-en-y-un-conector-c14-a-2-x-c13-1-8-m\/#breadcrumb","itemListElement":[{"@type":"ListItem","position":1,"name":"Inicio","item":"https:\/\/compuviper.mx\/tienda\/"},{"@type":"ListItem","position":2,"name":"Productos","item":"https:\/\/compuviper.mx\/tienda\/productos\/"},{"@type":"ListItem","position":3,"name":"Cables","item":"https:\/\/compuviper.mx\/tienda\/categoria-producto\/cables\/"},{"@type":"ListItem","position":4,"name":"Cable De Corriente","item":"https:\/\/compuviper.mx\/tienda\/categoria-producto\/cables\/cable-de-corriente\/"},{"@type":"ListItem","position":5,"name":"Manhattan 157469 Cabledecorriente\/\/\/de Alimentaci?n Divisor En Y, Un Conector C14 A 2 X C13, 1.8 M"}]},{"@type":"WebSite","@id":"https:\/\/compuviper.mx\/tienda\/#website","url":"https:\/\/compuviper.mx\/tienda\/","name":"Compuviper","description":"Proveedor de Computadoras, Laptops, Servidores, Monitores, Puntos de Venta, Teclados,   Impresoras, T\u00f3ner, C\u00e1maras de Seguridad y m\u00e1s en tu tienda en l\u00ednea","publisher":{"@id":"https:\/\/compuviper.mx\/tienda\/#organization"},"potentialAction":[{"@type":"SearchAction","target":{"@type":"EntryPoint","urlTemplate":"https:\/\/compuviper.mx\/tienda\/?s={search_term_string}"},"query-input":"required name=search_term_string"}],"inLanguage":"es-MX"},{"@type":"Organization","@id":"https:\/\/compuviper.mx\/tienda\/#organization","name":"Compuviper","url":"https:\/\/compuviper.mx\/tienda\/","logo":{"@type":"ImageObject","inLanguage":"es-MX","@id":"https:\/\/compuviper.mx\/tienda\/#\/schema\/logo\/image\/","url":"https:\/\/compuviper.mx\/tienda\/wp-content\/uploads\/2021\/08\/Logo-Compuviper-10.png","contentUrl":"https:\/\/compuviper.mx\/tienda\/wp-content\/uploads\/2021\/08\/Logo-Compuviper-10.png","width":1000,"height":500,"caption":"Compuviper"},"image":{"@id":"https:\/\/compuviper.mx\/tienda\/#\/schema\/logo\/image\/"},"sameAs":["https:\/\/www.facebook.com\/compuviper","https:\/\/www.youtube.com\/channel\/UCf73dERp9Y3cfOq7q8BhLjA?view_as=subscriber"]}]},"product_brand":"MANHATTAN","product_price_amount":"123","product_price_currency":"MXN","og_availability":"out of stock","product_availability":"out of stock","product_retailer_item_id":"157469","product_condition":"new"},"_links":{"self":[{"href":"https:\/\/compuviper.mx\/tienda\/wp-json\/wp\/v2\/product\/262441"}],"collection":[{"href":"https:\/\/compuviper.mx\/tienda\/wp-json\/wp\/v2\/product"}],"about":[{"href":"https:\/\/compuviper.mx\/tienda\/wp-json\/wp\/v2\/types\/product"}],"replies":[{"embeddable":true,"href":"https:\/\/compuviper.mx\/tienda\/wp-json\/wp\/v2\/comments?post=262441"}],"wp:attachment":[{"href":"https:\/\/compuviper.mx\/tienda\/wp-json\/wp\/v2\/media?parent=262441"}],"wp:term":[{"taxonomy":"product_cat","embeddable":true,"href":"https:\/\/compuviper.mx\/tienda\/wp-json\/wp\/v2\/product_cat?post=262441"},{"taxonomy":"product_tag","embeddable":true,"href":"https:\/\/compuviper.mx\/tienda\/wp-json\/wp\/v2\/product_tag?post=262441"}],"curies":[{"name":"wp","href":"https:\/\/api.w.org\/{rel}","templated":true}]}}