{"id":262437,"date":"2026-04-07T23:48:34","date_gmt":"2026-04-08T05:48:34","guid":{"rendered":"https:\/\/compuviper.mx\/tienda\/producto\/manhattan-356640-cableshdmi-cable-hdmi-de-alta-velocidad-4k60hz-con-ethernet-1-5-m\/"},"modified":"2026-04-07T23:48:34","modified_gmt":"2026-04-08T05:48:34","slug":"manhattan-356640-cableshdmi-cable-hdmi-de-alta-velocidad-4k60hz-con-ethernet-1-5-m","status":"publish","type":"product","link":"https:\/\/compuviper.mx\/tienda\/producto\/manhattan-356640-cableshdmi-cable-hdmi-de-alta-velocidad-4k60hz-con-ethernet-1-5-m\/","title":{"rendered":"Manhattan 356640 Cableshdmi\/\/\/cable Hdmi De Alta Velocidad 4k@60hz Con Ethernet, 1.5 M"},"content":{"rendered":"<table class=\"descripcion\">\n<tr>\n<td>Normas y certificaciones<\/td>\n<\/tr>\n<tr>\n<td>Ce<\/td>\n<\/tr>\n<tr>\n<td>Ukca<\/td>\n<\/tr>\n<tr>\n<td>Rohs<\/td>\n<\/tr>\n<tr>\n<td>Reach<\/td>\n<\/tr>\n<tr>\n<td>Hdcp 2.3<\/td>\n<\/tr>\n<tr>\n<td>General<\/td>\n<\/tr>\n<tr>\n<td>Resoluci\u00f3n m\u00e1xima: 4k (3840 x 2160) a 60 hz<\/td>\n<\/tr>\n<tr>\n<td>Ancho de banda m\u00e1ximo: 18 gbps<\/td>\n<\/tr>\n<tr>\n<td>F\u00edsico<\/td>\n<\/tr>\n<tr>\n<td>Dos hdmi macho de 19 pines<\/td>\n<\/tr>\n<tr>\n<td>Contactos ba\u00f1ados en oro<\/td>\n<\/tr>\n<tr>\n<td>Protector niquelado<\/td>\n<\/tr>\n<tr>\n<td>30 awg<\/td>\n<\/tr>\n<tr>\n<td>Doble apantallamiento: 1x trenzado, 1x l\u00e1mina de aluminio<\/td>\n<\/tr>\n<tr>\n<td>Cable: ccs<\/td>\n<\/tr>\n<tr>\n<td>Voltaje de resistencia: 300 vdc<\/td>\n<\/tr>\n<tr>\n<td>Resistencia de aislamiento: 5 m and #937;<\/td>\n<\/tr>\n<tr>\n<td>Resistencia de contacto: 5  and #937;<\/td>\n<\/tr>\n<tr>\n<td>Cubierta de pvc<\/td>\n<\/tr>\n<tr>\n<td>Longitud: 1.5 m (5 ft.)<\/td>\n<\/tr>\n<tr>\n<td>Di\u00e1metro exterior (od): 5.5 mm (0.22 in.)<\/td>\n<\/tr>\n<tr>\n<td>Peso neto: 71 g (0.16 lbs.)<\/td>\n<\/tr>\n<tr>\n<td>Peso bruto: 76 g (0.18 lbs.)<\/td>\n<\/tr>\n<tr>\n<td>Entorno de operaci\u00f3n<\/td>\n<\/tr>\n<tr>\n<td>Temperatura de operaci\u00f3n: 0 &#8211; 40\u00b0c (32 &#8211; 104\u00b0f)<\/td>\n<\/tr>\n<tr>\n<td>Temperatura de almacenamiento: -20 &#8211; 60\u00b0c (-4 &#8211; 140\u00b0f)<\/td>\n<\/tr>\n<tr>\n<td>Humedad (sin condensaci\u00f3n): 0 &#8211; 96%<\/td>\n<\/tr>\n<tr>\n<td>Contenido del paquete<\/td>\n<\/tr>\n<tr>\n<td>Cable hdmi de alta velocidad 4k@60hz con ethernet<\/td>\n<\/tr>\n<\/table>\n","protected":false},"excerpt":{"rendered":"<p>Cable hdmi de 1.5m (5ft) para tv, monitor, ps5, laptop, macbook y m\u00e1s. Experimenta visuales ultra-suaves, audio inmersivo y conectividad avanzada con el cable hdmi de alta velocidad manhattan 4k@60hz con ethernet. Dise\u00f1ado para entretenimiento, productividad y juegos, este cable hdmi ofrece resoluci\u00f3n 4k a 60 hz, 1440p a 144 hz y 1080p a 240 hz, ideal para contenido uhd y streaming. Im\u00e1genes impresionantes y soporte de audio premium. Disfruta de im\u00e1genes realistas con alto rango din\u00e1mico (hdr) para un contraste m\u00e1s profundo y colores m\u00e1s ricos. Este cable tambi\u00e9n es compatible con dolby vision\u0099, dolby atmos\u00ae, video 3d y deep color, asegurando una experiencia cinematogr\u00e1fica premium en casa. La submuestreo de croma 4:4:4 mantiene la integridad del color completo para aplicaciones visuales exigentes. Construcci\u00f3n confiable con protecci\u00f3n mejorada. Los contactos chapados en oro ofrecen un rendimiento resistente a la corrosi\u00f3n, mientras que el doble apantallamiento (l\u00e1mina y trenzado) minimiza la interferencia electromagn\u00e9tica (emi) y asegura una transmisi\u00f3n de se\u00f1al estable. Con un ancho de banda de hasta 18 gbps, el cable maneja f\u00e1cilmente datos de alta velocidad para dispositivos y formatos modernos. Conectividad m\u00e1s inteligente integrada. El soporte integrado para el canal de ethernet hdmi (hec) permite compartir la conectividad a internet entre dispositivos conectados por hdmi sin un cable adicional. El canal de retorno de audio (arc) permite que tu tv env\u00ede audio de regreso a tu sistema de sonido sin un cable de audio separado, y hdmi-cec te permite controlar m\u00faltiples dispositivos hdmi con un solo control remoto. Compatibilidad universal. Este cable es compatible con todos los dispositivos habilitados para hdmi, incluidos tvs, proyectores, monitores, laptops, pcs, receptores av, cajas de streaming, reproductores de blu-ray y consolas de juegos como playstation 4\/5\/5 pro, xbox\u00ae one\/series s\/series x y m\u00e1s.<\/p>\n","protected":false},"featured_media":0,"comment_status":"open","ping_status":"open","template":"","meta":[],"product_cat":[1549,1550],"product_tag":[1487],"acf":[],"yoast_head":"<!-- This site is optimized with the Yoast SEO plugin v21.7 - https:\/\/yoast.com\/wordpress\/plugins\/seo\/ -->\n<title>[ Manhattan ] &#129351; 356640 Cableshdmi\/\/\/cable Hdmi De Alta Velocidad 4k@60hz Con Ethernet, 1.5 M<\/title>\n<meta name=\"description\" content=\"Compra 356640 Cableshdmi\/\/\/cable Hdmi De Alta Velocidad 4k@60hz Con Ethernet, 1.5 M + Env\u00edo a domicilio + Pago seguro + Garant\u00eda\" \/>\n<meta name=\"robots\" content=\"index, follow, max-snippet:-1, max-image-preview:large, max-video-preview:-1\" \/>\n<link rel=\"canonical\" href=\"https:\/\/compuviper.mx\/tienda\/producto\/manhattan-356640-cableshdmi-cable-hdmi-de-alta-velocidad-4k60hz-con-ethernet-1-5-m\/\" \/>\n<meta property=\"og:locale\" content=\"es_MX\" \/>\n<meta property=\"og:type\" content=\"article\" \/>\n<meta property=\"og:title\" content=\"[ Manhattan ] &#129351; 356640 Cableshdmi\/\/\/cable Hdmi De Alta Velocidad 4k@60hz Con Ethernet, 1.5 M\" \/>\n<meta property=\"og:description\" content=\"Compra 356640 Cableshdmi\/\/\/cable Hdmi De Alta Velocidad 4k@60hz Con Ethernet, 1.5 M + Env\u00edo a domicilio + Pago seguro + Garant\u00eda\" \/>\n<meta property=\"og:url\" content=\"https:\/\/compuviper.mx\/tienda\/producto\/manhattan-356640-cableshdmi-cable-hdmi-de-alta-velocidad-4k60hz-con-ethernet-1-5-m\/\" \/>\n<meta property=\"og:site_name\" content=\"Compuviper\" \/>\n<meta property=\"article:publisher\" content=\"https:\/\/www.facebook.com\/compuviper\" \/>\n<meta name=\"twitter:card\" content=\"summary_large_image\" \/>\n<meta name=\"twitter:label1\" content=\"Precio\" \/>\n\t<meta name=\"twitter:data1\" content=\"&#36;51 con IVA\" \/>\n\t<meta name=\"twitter:label2\" content=\"Availability\" \/>\n\t<meta name=\"twitter:data2\" content=\"Out of stock\" \/>\n<script type=\"application\/ld+json\" class=\"yoast-schema-graph\">{\"@context\":\"https:\/\/schema.org\",\"@graph\":[{\"@type\":\"WebPage\",\"@id\":\"https:\/\/compuviper.mx\/tienda\/producto\/manhattan-356640-cableshdmi-cable-hdmi-de-alta-velocidad-4k60hz-con-ethernet-1-5-m\/\",\"url\":\"https:\/\/compuviper.mx\/tienda\/producto\/manhattan-356640-cableshdmi-cable-hdmi-de-alta-velocidad-4k60hz-con-ethernet-1-5-m\/\",\"name\":\"[ Manhattan ] &#129351; 356640 Cableshdmi\/\/\/cable Hdmi De Alta Velocidad 4k@60hz Con Ethernet, 1.5 M\",\"isPartOf\":{\"@id\":\"https:\/\/compuviper.mx\/tienda\/#website\"},\"datePublished\":\"2026-04-08T05:48:34+00:00\",\"dateModified\":\"2026-04-08T05:48:34+00:00\",\"description\":\"Compra 356640 Cableshdmi\/\/\/cable Hdmi De Alta Velocidad 4k@60hz Con Ethernet, 1.5 M + Env\u00edo a domicilio + Pago seguro + Garant\u00eda\",\"breadcrumb\":{\"@id\":\"https:\/\/compuviper.mx\/tienda\/producto\/manhattan-356640-cableshdmi-cable-hdmi-de-alta-velocidad-4k60hz-con-ethernet-1-5-m\/#breadcrumb\"},\"inLanguage\":\"es-MX\",\"potentialAction\":[{\"@type\":\"ReadAction\",\"target\":[\"https:\/\/compuviper.mx\/tienda\/producto\/manhattan-356640-cableshdmi-cable-hdmi-de-alta-velocidad-4k60hz-con-ethernet-1-5-m\/\"]}]},{\"@type\":\"BreadcrumbList\",\"@id\":\"https:\/\/compuviper.mx\/tienda\/producto\/manhattan-356640-cableshdmi-cable-hdmi-de-alta-velocidad-4k60hz-con-ethernet-1-5-m\/#breadcrumb\",\"itemListElement\":[{\"@type\":\"ListItem\",\"position\":1,\"name\":\"Inicio\",\"item\":\"https:\/\/compuviper.mx\/tienda\/\"},{\"@type\":\"ListItem\",\"position\":2,\"name\":\"Productos\",\"item\":\"https:\/\/compuviper.mx\/tienda\/productos\/\"},{\"@type\":\"ListItem\",\"position\":3,\"name\":\"Cables\",\"item\":\"https:\/\/compuviper.mx\/tienda\/categoria-producto\/cables\/\"},{\"@type\":\"ListItem\",\"position\":4,\"name\":\"Cable De Video\",\"item\":\"https:\/\/compuviper.mx\/tienda\/categoria-producto\/cables\/cable-de-video\/\"},{\"@type\":\"ListItem\",\"position\":5,\"name\":\"Manhattan 356640 Cableshdmi\/\/\/cable Hdmi De Alta Velocidad 4k@60hz Con Ethernet, 1.5 M\"}]},{\"@type\":\"WebSite\",\"@id\":\"https:\/\/compuviper.mx\/tienda\/#website\",\"url\":\"https:\/\/compuviper.mx\/tienda\/\",\"name\":\"Compuviper\",\"description\":\"Proveedor de Computadoras, Laptops, Servidores, Monitores, Puntos de Venta, Teclados,   Impresoras, T\u00f3ner, C\u00e1maras de Seguridad y m\u00e1s en tu tienda en l\u00ednea\",\"publisher\":{\"@id\":\"https:\/\/compuviper.mx\/tienda\/#organization\"},\"potentialAction\":[{\"@type\":\"SearchAction\",\"target\":{\"@type\":\"EntryPoint\",\"urlTemplate\":\"https:\/\/compuviper.mx\/tienda\/?s={search_term_string}\"},\"query-input\":\"required name=search_term_string\"}],\"inLanguage\":\"es-MX\"},{\"@type\":\"Organization\",\"@id\":\"https:\/\/compuviper.mx\/tienda\/#organization\",\"name\":\"Compuviper\",\"url\":\"https:\/\/compuviper.mx\/tienda\/\",\"logo\":{\"@type\":\"ImageObject\",\"inLanguage\":\"es-MX\",\"@id\":\"https:\/\/compuviper.mx\/tienda\/#\/schema\/logo\/image\/\",\"url\":\"https:\/\/compuviper.mx\/tienda\/wp-content\/uploads\/2021\/08\/Logo-Compuviper-10.png\",\"contentUrl\":\"https:\/\/compuviper.mx\/tienda\/wp-content\/uploads\/2021\/08\/Logo-Compuviper-10.png\",\"width\":1000,\"height\":500,\"caption\":\"Compuviper\"},\"image\":{\"@id\":\"https:\/\/compuviper.mx\/tienda\/#\/schema\/logo\/image\/\"},\"sameAs\":[\"https:\/\/www.facebook.com\/compuviper\",\"https:\/\/www.youtube.com\/channel\/UCf73dERp9Y3cfOq7q8BhLjA?view_as=subscriber\"]}]}<\/script>\n<meta property=\"product:brand\" content=\"MANHATTAN\" \/>\n<meta property=\"product:price:amount\" content=\"51\" \/>\n<meta property=\"product:price:currency\" content=\"MXN\" \/>\n<meta property=\"og:availability\" content=\"out of stock\" \/>\n<meta property=\"product:availability\" content=\"out of stock\" \/>\n<meta property=\"product:retailer_item_id\" content=\"356640\" \/>\n<meta property=\"product:condition\" content=\"new\" \/>\n<!-- \/ Yoast SEO plugin. -->","yoast_head_json":{"title":"[ Manhattan ] &#129351; 356640 Cableshdmi\/\/\/cable Hdmi De Alta Velocidad 4k@60hz Con Ethernet, 1.5 M","description":"Compra 356640 Cableshdmi\/\/\/cable Hdmi De Alta Velocidad 4k@60hz Con Ethernet, 1.5 M + Env\u00edo a domicilio + Pago seguro + Garant\u00eda","robots":{"index":"index","follow":"follow","max-snippet":"max-snippet:-1","max-image-preview":"max-image-preview:large","max-video-preview":"max-video-preview:-1"},"canonical":"https:\/\/compuviper.mx\/tienda\/producto\/manhattan-356640-cableshdmi-cable-hdmi-de-alta-velocidad-4k60hz-con-ethernet-1-5-m\/","og_locale":"es_MX","og_type":"article","og_title":"[ Manhattan ] &#129351; 356640 Cableshdmi\/\/\/cable Hdmi De Alta Velocidad 4k@60hz Con Ethernet, 1.5 M","og_description":"Compra 356640 Cableshdmi\/\/\/cable Hdmi De Alta Velocidad 4k@60hz Con Ethernet, 1.5 M + Env\u00edo a domicilio + Pago seguro + Garant\u00eda","og_url":"https:\/\/compuviper.mx\/tienda\/producto\/manhattan-356640-cableshdmi-cable-hdmi-de-alta-velocidad-4k60hz-con-ethernet-1-5-m\/","og_site_name":"Compuviper","article_publisher":"https:\/\/www.facebook.com\/compuviper","twitter_card":"summary_large_image","twitter_misc":{"Precio":"&#36;51 con IVA","Availability":"Out of stock"},"schema":{"@context":"https:\/\/schema.org","@graph":[{"@type":"WebPage","@id":"https:\/\/compuviper.mx\/tienda\/producto\/manhattan-356640-cableshdmi-cable-hdmi-de-alta-velocidad-4k60hz-con-ethernet-1-5-m\/","url":"https:\/\/compuviper.mx\/tienda\/producto\/manhattan-356640-cableshdmi-cable-hdmi-de-alta-velocidad-4k60hz-con-ethernet-1-5-m\/","name":"[ Manhattan ] &#129351; 356640 Cableshdmi\/\/\/cable Hdmi De Alta Velocidad 4k@60hz Con Ethernet, 1.5 M","isPartOf":{"@id":"https:\/\/compuviper.mx\/tienda\/#website"},"datePublished":"2026-04-08T05:48:34+00:00","dateModified":"2026-04-08T05:48:34+00:00","description":"Compra 356640 Cableshdmi\/\/\/cable Hdmi De Alta Velocidad 4k@60hz Con Ethernet, 1.5 M + Env\u00edo a domicilio + Pago seguro + Garant\u00eda","breadcrumb":{"@id":"https:\/\/compuviper.mx\/tienda\/producto\/manhattan-356640-cableshdmi-cable-hdmi-de-alta-velocidad-4k60hz-con-ethernet-1-5-m\/#breadcrumb"},"inLanguage":"es-MX","potentialAction":[{"@type":"ReadAction","target":["https:\/\/compuviper.mx\/tienda\/producto\/manhattan-356640-cableshdmi-cable-hdmi-de-alta-velocidad-4k60hz-con-ethernet-1-5-m\/"]}]},{"@type":"BreadcrumbList","@id":"https:\/\/compuviper.mx\/tienda\/producto\/manhattan-356640-cableshdmi-cable-hdmi-de-alta-velocidad-4k60hz-con-ethernet-1-5-m\/#breadcrumb","itemListElement":[{"@type":"ListItem","position":1,"name":"Inicio","item":"https:\/\/compuviper.mx\/tienda\/"},{"@type":"ListItem","position":2,"name":"Productos","item":"https:\/\/compuviper.mx\/tienda\/productos\/"},{"@type":"ListItem","position":3,"name":"Cables","item":"https:\/\/compuviper.mx\/tienda\/categoria-producto\/cables\/"},{"@type":"ListItem","position":4,"name":"Cable De Video","item":"https:\/\/compuviper.mx\/tienda\/categoria-producto\/cables\/cable-de-video\/"},{"@type":"ListItem","position":5,"name":"Manhattan 356640 Cableshdmi\/\/\/cable Hdmi De Alta Velocidad 4k@60hz Con Ethernet, 1.5 M"}]},{"@type":"WebSite","@id":"https:\/\/compuviper.mx\/tienda\/#website","url":"https:\/\/compuviper.mx\/tienda\/","name":"Compuviper","description":"Proveedor de Computadoras, Laptops, Servidores, Monitores, Puntos de Venta, Teclados,   Impresoras, T\u00f3ner, C\u00e1maras de Seguridad y m\u00e1s en tu tienda en l\u00ednea","publisher":{"@id":"https:\/\/compuviper.mx\/tienda\/#organization"},"potentialAction":[{"@type":"SearchAction","target":{"@type":"EntryPoint","urlTemplate":"https:\/\/compuviper.mx\/tienda\/?s={search_term_string}"},"query-input":"required name=search_term_string"}],"inLanguage":"es-MX"},{"@type":"Organization","@id":"https:\/\/compuviper.mx\/tienda\/#organization","name":"Compuviper","url":"https:\/\/compuviper.mx\/tienda\/","logo":{"@type":"ImageObject","inLanguage":"es-MX","@id":"https:\/\/compuviper.mx\/tienda\/#\/schema\/logo\/image\/","url":"https:\/\/compuviper.mx\/tienda\/wp-content\/uploads\/2021\/08\/Logo-Compuviper-10.png","contentUrl":"https:\/\/compuviper.mx\/tienda\/wp-content\/uploads\/2021\/08\/Logo-Compuviper-10.png","width":1000,"height":500,"caption":"Compuviper"},"image":{"@id":"https:\/\/compuviper.mx\/tienda\/#\/schema\/logo\/image\/"},"sameAs":["https:\/\/www.facebook.com\/compuviper","https:\/\/www.youtube.com\/channel\/UCf73dERp9Y3cfOq7q8BhLjA?view_as=subscriber"]}]},"product_brand":"MANHATTAN","product_price_amount":"51","product_price_currency":"MXN","og_availability":"out of stock","product_availability":"out of stock","product_retailer_item_id":"356640","product_condition":"new"},"_links":{"self":[{"href":"https:\/\/compuviper.mx\/tienda\/wp-json\/wp\/v2\/product\/262437"}],"collection":[{"href":"https:\/\/compuviper.mx\/tienda\/wp-json\/wp\/v2\/product"}],"about":[{"href":"https:\/\/compuviper.mx\/tienda\/wp-json\/wp\/v2\/types\/product"}],"replies":[{"embeddable":true,"href":"https:\/\/compuviper.mx\/tienda\/wp-json\/wp\/v2\/comments?post=262437"}],"wp:attachment":[{"href":"https:\/\/compuviper.mx\/tienda\/wp-json\/wp\/v2\/media?parent=262437"}],"wp:term":[{"taxonomy":"product_cat","embeddable":true,"href":"https:\/\/compuviper.mx\/tienda\/wp-json\/wp\/v2\/product_cat?post=262437"},{"taxonomy":"product_tag","embeddable":true,"href":"https:\/\/compuviper.mx\/tienda\/wp-json\/wp\/v2\/product_tag?post=262437"}],"curies":[{"name":"wp","href":"https:\/\/api.w.org\/{rel}","templated":true}]}}