{"id":262434,"date":"2026-04-17T23:51:01","date_gmt":"2026-04-18T05:51:01","guid":{"rendered":"https:\/\/compuviper.mx\/tienda\/producto\/manhattan-352680-cabledealimentacion\/"},"modified":"2026-04-17T23:51:01","modified_gmt":"2026-04-18T05:51:01","slug":"manhattan-352680-cabledealimentacion","status":"publish","type":"product","link":"https:\/\/compuviper.mx\/tienda\/producto\/manhattan-352680-cabledealimentacion\/","title":{"rendered":"Manhattan 352680 Cabledealimentacion\/\/"},"content":{"rendered":"<table class=\"descripcion\">\n<tr>\n<td>Normas y certificaciones<\/td>\n<\/tr>\n<tr>\n<td>Ce<\/td>\n<\/tr>\n<tr>\n<td>Rohs<\/td>\n<\/tr>\n<tr>\n<td>Reach<\/td>\n<\/tr>\n<tr>\n<td>Iec 60320<\/td>\n<\/tr>\n<tr>\n<td>Vde<\/td>\n<\/tr>\n<tr>\n<td>Ukca<\/td>\n<\/tr>\n<tr>\n<td>General<\/td>\n<\/tr>\n<tr>\n<td>Un conector macho iec 60320 c14<\/td>\n<\/tr>\n<tr>\n<td>Un conector hembra iec 60320 c13<\/td>\n<\/tr>\n<tr>\n<td>Corriente m\u00e1xima: 10.0 a<\/td>\n<\/tr>\n<tr>\n<td>Voltaje m\u00e1ximo: 250.0 v ca<\/td>\n<\/tr>\n<tr>\n<td>F\u00edsico<\/td>\n<\/tr>\n<tr>\n<td>Cable: 100% cobre puro sin recubrimiento (cu)<\/td>\n<\/tr>\n<tr>\n<td>Material de la funda y la bota: pvc<\/td>\n<\/tr>\n<tr>\n<td>N\u00famero de conductores: 3<\/td>\n<\/tr>\n<tr>\n<td>N\u00famero de hilos \/ grosor del hilo: 32 \/ 0.2 mm<\/td>\n<\/tr>\n<tr>\n<td>Grosor del aislamiento: 0.6 mm<\/td>\n<\/tr>\n<tr>\n<td>Grosor de la funda: 0.8 mm<\/td>\n<\/tr>\n<tr>\n<td>Di\u00e1metro total nominal: 6.8 mm<\/td>\n<\/tr>\n<tr>\n<td>Longitud: 5 m<\/td>\n<\/tr>\n<tr>\n<td>Tipo de cable: h05vv-f 3g 1.0 mm\u00b2<\/td>\n<\/tr>\n<tr>\n<td>Peso neto: 430 g<\/td>\n<\/tr>\n<tr>\n<td>Peso bruto: 440 g<\/td>\n<\/tr>\n<tr>\n<td>Ambiental<\/td>\n<\/tr>\n<tr>\n<td>Temperatura de operaci\u00f3n: -10 a 60\u00b0c<\/td>\n<\/tr>\n<tr>\n<td>Humedad de operaci\u00f3n (sin condensaci\u00f3n): 10 a 85%<\/td>\n<\/tr>\n<tr>\n<td>Temperatura de almacenamiento: -20 a 70\u00b0c<\/td>\n<\/tr>\n<tr>\n<td>Humedad de almacenamiento (sin condensaci\u00f3n): 5 a 90%<\/td>\n<\/tr>\n<tr>\n<td>Contenido del paquete<\/td>\n<\/tr>\n<tr>\n<td>Cable de alimentaci\u00f3n c13 a c14, extensi\u00f3n 5.0 m<\/td>\n<\/tr>\n<tr>\n<td>Otros clientes tambi\u00e9n compraron esto<\/td>\n<\/tr>\n<\/table>\n","protected":false},"excerpt":{"rendered":"<p>Cable de alimentaci\u00f3n pdu c13 a c14 de 5m &#8211; cable de extensi\u00f3n para distribuci\u00f3n de energ\u00eda confiable en aplicaciones de montaje en rack y entornos de ti. El cable de extensi\u00f3n de alimentaci\u00f3n (c13 hembra a c14 macho, 10 a, 250 v) de intellinet network solutions est\u00e1 dise\u00f1ado para proporcionar energ\u00eda confiable en entornos de ti y redes. Ya sea que est\u00e9s trabajando en un centro de datos, sala de servidores o configuraci\u00f3n de rack empresarial, este cable ofrece una forma simple y efectiva de conectar servidores, switches, sistemas de almacenamiento, monitores o impresoras a un pdu, ups u otra fuente de alimentaci\u00f3n compatible. Alcance ampliado y flexibilidad. Ideal para aplicaciones de montaje en rack, este cable de extensi\u00f3n te ayuda a alcanzar conexiones de energ\u00eda distantes o reposicionar dispositivos de manera m\u00e1s efectiva dentro de espacios reducidos. Tambi\u00e9n sirve como una soluci\u00f3n pr\u00e1ctica para extender un cable de alimentaci\u00f3n c13 existente, permiti\u00e9ndote mejorar el tendido de cables y mantener una instalaci\u00f3n ordenada.<\/p>\n","protected":false},"featured_media":0,"comment_status":"open","ping_status":"open","template":"","meta":[],"product_cat":[1549,1607],"product_tag":[1487],"acf":[],"yoast_head":"<!-- This site is optimized with the Yoast SEO plugin v21.7 - https:\/\/yoast.com\/wordpress\/plugins\/seo\/ -->\n<title>[ Manhattan ] &#129351; 352680 Cabledealimentacion\/\/<\/title>\n<meta name=\"description\" content=\"Compra 352680 Cabledealimentacion\/\/ + Env\u00edo a domicilio + Pago seguro + Garant\u00eda\" \/>\n<meta name=\"robots\" content=\"index, follow, max-snippet:-1, max-image-preview:large, max-video-preview:-1\" \/>\n<link rel=\"canonical\" href=\"https:\/\/compuviper.mx\/tienda\/producto\/manhattan-352680-cabledealimentacion\/\" \/>\n<meta property=\"og:locale\" content=\"es_MX\" \/>\n<meta property=\"og:type\" content=\"article\" \/>\n<meta property=\"og:title\" content=\"[ Manhattan ] &#129351; 352680 Cabledealimentacion\/\/\" \/>\n<meta property=\"og:description\" content=\"Compra 352680 Cabledealimentacion\/\/ + Env\u00edo a domicilio + Pago seguro + Garant\u00eda\" \/>\n<meta property=\"og:url\" content=\"https:\/\/compuviper.mx\/tienda\/producto\/manhattan-352680-cabledealimentacion\/\" \/>\n<meta property=\"og:site_name\" content=\"Compuviper\" \/>\n<meta property=\"article:publisher\" content=\"https:\/\/www.facebook.com\/compuviper\" \/>\n<meta name=\"twitter:card\" content=\"summary_large_image\" \/>\n<meta name=\"twitter:label1\" content=\"Precio\" \/>\n\t<meta name=\"twitter:data1\" content=\"&#36;209 con IVA\" \/>\n\t<meta name=\"twitter:label2\" content=\"Availability\" \/>\n\t<meta name=\"twitter:data2\" content=\"Out of stock\" \/>\n<script type=\"application\/ld+json\" class=\"yoast-schema-graph\">{\"@context\":\"https:\/\/schema.org\",\"@graph\":[{\"@type\":\"WebPage\",\"@id\":\"https:\/\/compuviper.mx\/tienda\/producto\/manhattan-352680-cabledealimentacion\/\",\"url\":\"https:\/\/compuviper.mx\/tienda\/producto\/manhattan-352680-cabledealimentacion\/\",\"name\":\"[ Manhattan ] &#129351; 352680 Cabledealimentacion\/\/\",\"isPartOf\":{\"@id\":\"https:\/\/compuviper.mx\/tienda\/#website\"},\"datePublished\":\"2026-04-18T05:51:01+00:00\",\"dateModified\":\"2026-04-18T05:51:01+00:00\",\"description\":\"Compra 352680 Cabledealimentacion\/\/ + Env\u00edo a domicilio + Pago seguro + Garant\u00eda\",\"breadcrumb\":{\"@id\":\"https:\/\/compuviper.mx\/tienda\/producto\/manhattan-352680-cabledealimentacion\/#breadcrumb\"},\"inLanguage\":\"es-MX\",\"potentialAction\":[{\"@type\":\"ReadAction\",\"target\":[\"https:\/\/compuviper.mx\/tienda\/producto\/manhattan-352680-cabledealimentacion\/\"]}]},{\"@type\":\"BreadcrumbList\",\"@id\":\"https:\/\/compuviper.mx\/tienda\/producto\/manhattan-352680-cabledealimentacion\/#breadcrumb\",\"itemListElement\":[{\"@type\":\"ListItem\",\"position\":1,\"name\":\"Inicio\",\"item\":\"https:\/\/compuviper.mx\/tienda\/\"},{\"@type\":\"ListItem\",\"position\":2,\"name\":\"Productos\",\"item\":\"https:\/\/compuviper.mx\/tienda\/productos\/\"},{\"@type\":\"ListItem\",\"position\":3,\"name\":\"Cables\",\"item\":\"https:\/\/compuviper.mx\/tienda\/categoria-producto\/cables\/\"},{\"@type\":\"ListItem\",\"position\":4,\"name\":\"Cable De Corriente\",\"item\":\"https:\/\/compuviper.mx\/tienda\/categoria-producto\/cables\/cable-de-corriente\/\"},{\"@type\":\"ListItem\",\"position\":5,\"name\":\"Manhattan 352680 Cabledealimentacion\/\/\"}]},{\"@type\":\"WebSite\",\"@id\":\"https:\/\/compuviper.mx\/tienda\/#website\",\"url\":\"https:\/\/compuviper.mx\/tienda\/\",\"name\":\"Compuviper\",\"description\":\"Proveedor de Computadoras, Laptops, Servidores, Monitores, Puntos de Venta, Teclados,   Impresoras, T\u00f3ner, C\u00e1maras de Seguridad y m\u00e1s en tu tienda en l\u00ednea\",\"publisher\":{\"@id\":\"https:\/\/compuviper.mx\/tienda\/#organization\"},\"potentialAction\":[{\"@type\":\"SearchAction\",\"target\":{\"@type\":\"EntryPoint\",\"urlTemplate\":\"https:\/\/compuviper.mx\/tienda\/?s={search_term_string}\"},\"query-input\":\"required name=search_term_string\"}],\"inLanguage\":\"es-MX\"},{\"@type\":\"Organization\",\"@id\":\"https:\/\/compuviper.mx\/tienda\/#organization\",\"name\":\"Compuviper\",\"url\":\"https:\/\/compuviper.mx\/tienda\/\",\"logo\":{\"@type\":\"ImageObject\",\"inLanguage\":\"es-MX\",\"@id\":\"https:\/\/compuviper.mx\/tienda\/#\/schema\/logo\/image\/\",\"url\":\"https:\/\/compuviper.mx\/tienda\/wp-content\/uploads\/2021\/08\/Logo-Compuviper-10.png\",\"contentUrl\":\"https:\/\/compuviper.mx\/tienda\/wp-content\/uploads\/2021\/08\/Logo-Compuviper-10.png\",\"width\":1000,\"height\":500,\"caption\":\"Compuviper\"},\"image\":{\"@id\":\"https:\/\/compuviper.mx\/tienda\/#\/schema\/logo\/image\/\"},\"sameAs\":[\"https:\/\/www.facebook.com\/compuviper\",\"https:\/\/www.youtube.com\/channel\/UCf73dERp9Y3cfOq7q8BhLjA?view_as=subscriber\"]}]}<\/script>\n<meta property=\"product:brand\" content=\"MANHATTAN\" \/>\n<meta property=\"product:price:amount\" content=\"209\" \/>\n<meta property=\"product:price:currency\" content=\"MXN\" \/>\n<meta property=\"og:availability\" content=\"out of stock\" \/>\n<meta property=\"product:availability\" content=\"out of stock\" \/>\n<meta property=\"product:retailer_item_id\" content=\"352680\" \/>\n<meta property=\"product:condition\" content=\"new\" \/>\n<!-- \/ Yoast SEO plugin. -->","yoast_head_json":{"title":"[ Manhattan ] &#129351; 352680 Cabledealimentacion\/\/","description":"Compra 352680 Cabledealimentacion\/\/ + Env\u00edo a domicilio + Pago seguro + Garant\u00eda","robots":{"index":"index","follow":"follow","max-snippet":"max-snippet:-1","max-image-preview":"max-image-preview:large","max-video-preview":"max-video-preview:-1"},"canonical":"https:\/\/compuviper.mx\/tienda\/producto\/manhattan-352680-cabledealimentacion\/","og_locale":"es_MX","og_type":"article","og_title":"[ Manhattan ] &#129351; 352680 Cabledealimentacion\/\/","og_description":"Compra 352680 Cabledealimentacion\/\/ + Env\u00edo a domicilio + Pago seguro + Garant\u00eda","og_url":"https:\/\/compuviper.mx\/tienda\/producto\/manhattan-352680-cabledealimentacion\/","og_site_name":"Compuviper","article_publisher":"https:\/\/www.facebook.com\/compuviper","twitter_card":"summary_large_image","twitter_misc":{"Precio":"&#36;209 con IVA","Availability":"Out of stock"},"schema":{"@context":"https:\/\/schema.org","@graph":[{"@type":"WebPage","@id":"https:\/\/compuviper.mx\/tienda\/producto\/manhattan-352680-cabledealimentacion\/","url":"https:\/\/compuviper.mx\/tienda\/producto\/manhattan-352680-cabledealimentacion\/","name":"[ Manhattan ] &#129351; 352680 Cabledealimentacion\/\/","isPartOf":{"@id":"https:\/\/compuviper.mx\/tienda\/#website"},"datePublished":"2026-04-18T05:51:01+00:00","dateModified":"2026-04-18T05:51:01+00:00","description":"Compra 352680 Cabledealimentacion\/\/ + Env\u00edo a domicilio + Pago seguro + Garant\u00eda","breadcrumb":{"@id":"https:\/\/compuviper.mx\/tienda\/producto\/manhattan-352680-cabledealimentacion\/#breadcrumb"},"inLanguage":"es-MX","potentialAction":[{"@type":"ReadAction","target":["https:\/\/compuviper.mx\/tienda\/producto\/manhattan-352680-cabledealimentacion\/"]}]},{"@type":"BreadcrumbList","@id":"https:\/\/compuviper.mx\/tienda\/producto\/manhattan-352680-cabledealimentacion\/#breadcrumb","itemListElement":[{"@type":"ListItem","position":1,"name":"Inicio","item":"https:\/\/compuviper.mx\/tienda\/"},{"@type":"ListItem","position":2,"name":"Productos","item":"https:\/\/compuviper.mx\/tienda\/productos\/"},{"@type":"ListItem","position":3,"name":"Cables","item":"https:\/\/compuviper.mx\/tienda\/categoria-producto\/cables\/"},{"@type":"ListItem","position":4,"name":"Cable De Corriente","item":"https:\/\/compuviper.mx\/tienda\/categoria-producto\/cables\/cable-de-corriente\/"},{"@type":"ListItem","position":5,"name":"Manhattan 352680 Cabledealimentacion\/\/"}]},{"@type":"WebSite","@id":"https:\/\/compuviper.mx\/tienda\/#website","url":"https:\/\/compuviper.mx\/tienda\/","name":"Compuviper","description":"Proveedor de Computadoras, Laptops, Servidores, Monitores, Puntos de Venta, Teclados,   Impresoras, T\u00f3ner, C\u00e1maras de Seguridad y m\u00e1s en tu tienda en l\u00ednea","publisher":{"@id":"https:\/\/compuviper.mx\/tienda\/#organization"},"potentialAction":[{"@type":"SearchAction","target":{"@type":"EntryPoint","urlTemplate":"https:\/\/compuviper.mx\/tienda\/?s={search_term_string}"},"query-input":"required name=search_term_string"}],"inLanguage":"es-MX"},{"@type":"Organization","@id":"https:\/\/compuviper.mx\/tienda\/#organization","name":"Compuviper","url":"https:\/\/compuviper.mx\/tienda\/","logo":{"@type":"ImageObject","inLanguage":"es-MX","@id":"https:\/\/compuviper.mx\/tienda\/#\/schema\/logo\/image\/","url":"https:\/\/compuviper.mx\/tienda\/wp-content\/uploads\/2021\/08\/Logo-Compuviper-10.png","contentUrl":"https:\/\/compuviper.mx\/tienda\/wp-content\/uploads\/2021\/08\/Logo-Compuviper-10.png","width":1000,"height":500,"caption":"Compuviper"},"image":{"@id":"https:\/\/compuviper.mx\/tienda\/#\/schema\/logo\/image\/"},"sameAs":["https:\/\/www.facebook.com\/compuviper","https:\/\/www.youtube.com\/channel\/UCf73dERp9Y3cfOq7q8BhLjA?view_as=subscriber"]}]},"product_brand":"MANHATTAN","product_price_amount":"209","product_price_currency":"MXN","og_availability":"out of stock","product_availability":"out of stock","product_retailer_item_id":"352680","product_condition":"new"},"_links":{"self":[{"href":"https:\/\/compuviper.mx\/tienda\/wp-json\/wp\/v2\/product\/262434"}],"collection":[{"href":"https:\/\/compuviper.mx\/tienda\/wp-json\/wp\/v2\/product"}],"about":[{"href":"https:\/\/compuviper.mx\/tienda\/wp-json\/wp\/v2\/types\/product"}],"replies":[{"embeddable":true,"href":"https:\/\/compuviper.mx\/tienda\/wp-json\/wp\/v2\/comments?post=262434"}],"wp:attachment":[{"href":"https:\/\/compuviper.mx\/tienda\/wp-json\/wp\/v2\/media?parent=262434"}],"wp:term":[{"taxonomy":"product_cat","embeddable":true,"href":"https:\/\/compuviper.mx\/tienda\/wp-json\/wp\/v2\/product_cat?post=262434"},{"taxonomy":"product_tag","embeddable":true,"href":"https:\/\/compuviper.mx\/tienda\/wp-json\/wp\/v2\/product_tag?post=262434"}],"curies":[{"name":"wp","href":"https:\/\/api.w.org\/{rel}","templated":true}]}}