{"id":262428,"date":"2026-04-06T23:18:24","date_gmt":"2026-04-07T05:18:24","guid":{"rendered":"https:\/\/compuviper.mx\/tienda\/producto\/manhattan-462686-soporte-para-proyector-con-montaje-en-techo-y-ajuste-de-altura\/"},"modified":"2026-04-06T23:18:24","modified_gmt":"2026-04-07T05:18:24","slug":"manhattan-462686-soporte-para-proyector-con-montaje-en-techo-y-ajuste-de-altura","status":"publish","type":"product","link":"https:\/\/compuviper.mx\/tienda\/producto\/manhattan-462686-soporte-para-proyector-con-montaje-en-techo-y-ajuste-de-altura\/","title":{"rendered":"Manhattan 462686 \/\/soporte Para Proyector Con Montaje En Techo Y Ajuste De Altura"},"content":{"rendered":"<table class=\"descripcion\">\n<tr>\n<td>General<\/td>\n<\/tr>\n<tr>\n<td>&#8211; certificaciones: rohs, reach<\/td>\n<\/tr>\n<tr>\n<td>&#8211; capacidad de carga: 35 kg (77 lbs.)<\/td>\n<\/tr>\n<tr>\n<td>&#8211; giro: +\/-8\u00b0<\/td>\n<\/tr>\n<tr>\n<td>&#8211; inclinaci\u00f3n +\/-20\u00b0<\/td>\n<\/tr>\n<tr>\n<td>&#8211; alargadera regulable en altura 745 a 1145 mm (29 a 45 pulg.)<\/td>\n<\/tr>\n<tr>\n<td>&#8211; ajuste de la placa de techo para techos inclinados: +\/- 60\u00b0<\/td>\n<\/tr>\n<tr>\n<td>&#8211; dimensiones totales, totalmente extendido (l x a x a): 1145 x 470 x 470 mm (40.07 x 18.5 x 18.5 pulg.)<\/td>\n<\/tr>\n<tr>\n<td>&#8211; di\u00e1metro del m\u00e1stil, parte superior 42 mm (1.65 pulg.)<\/td>\n<\/tr>\n<tr>\n<td>&#8211; di\u00e1metro del m\u00e1stil, parte inferior: 38 mm (1.5 pulg.)<\/td>\n<\/tr>\n<tr>\n<td>&#8211; placa de techo (l x a): 211 x 85 mm (8.3 x 3.35 pulg.)<\/td>\n<\/tr>\n<tr>\n<td>&#8211; di\u00e1metro de montaje ajustable (cuatro abrazaderas de sujeci\u00f3n): 130 a 470 mm (5.12 a 18.5 pulg.)<\/td>\n<\/tr>\n<tr>\n<td>&#8211; peso neto: 3.81 kg (8.58 lbs.)<\/td>\n<\/tr>\n<tr>\n<td>&#8211; peso bruto: 4.71 kg (10.23 lbs.)<\/td>\n<\/tr>\n<tr>\n<td>Contenido del paquete<\/td>\n<\/tr>\n<tr>\n<td>&#8211; soporte para proyector con montaje en techo y ajuste de altura<\/td>\n<\/tr>\n<tr>\n<td>&#8211; material de instalaci\u00f3n con instrucciones<\/td>\n<\/tr>\n<\/table>\n","protected":false},"excerpt":{"rendered":"<p>Dise\u00f1ado para soportar incluso las configuraciones m\u00e1s exigentes, este resistente soporte de techo para proyectores admite proyectores de hasta 35 kg de peso. Su compatibilidad universal garantiza que puede adaptarse a pr\u00e1cticamente cualquier modelo de proyector, lo que lo convierte en una opci\u00f3n fiable para diversas aplicaciones, desde aulas y salas de conferencias hasta locales de hosteler\u00eda, entre otros. Dise\u00f1ado para soportar incluso las configuraciones m\u00e1s exigentes. Flexibilidad de visualizaci\u00f3n total. Obt\u00e9n siempre el \u00e1ngulo de proyecci\u00f3n perfecto gracias a su avanzada capacidad de ajuste. El soporte ofrece rotaci\u00f3n de 360\u00b0, inclinaci\u00f3n de +\/-20\u00b0 y giro de +\/-8\u00b0, lo que permite un posicionamiento preciso para obtener vistas optimizadas. Tanto si realizas una presentaci\u00f3n en una sala de juntas como si es el anfitri\u00f3n de una noche de cine, este soporte se adapta sin esfuerzo para satisfacer tus necesidades. Dise\u00f1ado para techos inclinados y planos. No importa el tipo de techo, este soporte est\u00e1 a la altura. Su innovadora placa de techo proporciona un ajuste de +\/-60\u00b0, lo que permite instalarlo de forma segura tanto en techos inclinados como planos. Dise\u00f1ado para techos inclinados y planos. Altura ajustable para una colocaci\u00f3n perfecta. Gracias a su barra de extensi\u00f3n telesc\u00f3pica, se puede ajustar a una altura de entre 745 y 1145 mm, lo que garantiza una colocaci\u00f3n \u00f3ptima del proyector. Tanto si necesitas una configuraci\u00f3n de perfil bajo como una instalaci\u00f3n m\u00e1s alta, lo tiene cubierto. Construcci\u00f3n duradera y elegante. Fabricado en acero laminado en fr\u00edo de alta resistencia y acabado con un recubrimiento en polvo, este soporte ofrece una larga durabilidad a la vez que mantiene un aspecto elegante y profesional. Su robusto dise\u00f1o garantiza estabilidad y fiabilidad, incluso con proyectores muy pesados. F\u00e1cil instalaci\u00f3n con placa vesa de liberaci\u00f3n r\u00e1pida. La placa vesa desmontable simplifica la instalaci\u00f3n, facilitando el enganche y el montaje seguro del proyector. Esta caracter\u00edstica f\u00e1cil de usar reduce el tiempo de configuraci\u00f3n y garantiza una experiencia sin complicaciones. Instalaci\u00f3n libre de enredos. Dile adi\u00f3s a los cables enredados y a las instalaciones desordenadas. El sistema interno de gesti\u00f3n de cables oculta perfectamente los cables dentro del soporte, creando un aspecto limpio y pulido que mejora cualquier espacio.<\/p>\n","protected":false},"featured_media":0,"comment_status":"open","ping_status":"open","template":"","meta":[],"product_cat":[2267,2265],"product_tag":[1487],"acf":[],"yoast_head":"<!-- This site is optimized with the Yoast SEO plugin v21.7 - https:\/\/yoast.com\/wordpress\/plugins\/seo\/ -->\n<title>[ Manhattan ] &#129351; 462686 \/\/soporte Para Proyector Con Montaje En Techo Y Ajuste De Altura<\/title>\n<meta name=\"description\" content=\"Compra 462686 \/\/soporte Para Proyector Con Montaje En Techo Y Ajuste De Altura + Env\u00edo a domicilio + Pago seguro + Garant\u00eda\" \/>\n<meta name=\"robots\" content=\"index, follow, max-snippet:-1, max-image-preview:large, max-video-preview:-1\" \/>\n<link rel=\"canonical\" href=\"https:\/\/compuviper.mx\/tienda\/producto\/manhattan-462686-soporte-para-proyector-con-montaje-en-techo-y-ajuste-de-altura\/\" \/>\n<meta property=\"og:locale\" content=\"es_MX\" \/>\n<meta property=\"og:type\" content=\"article\" \/>\n<meta property=\"og:title\" content=\"[ Manhattan ] &#129351; 462686 \/\/soporte Para Proyector Con Montaje En Techo Y Ajuste De Altura\" \/>\n<meta property=\"og:description\" content=\"Compra 462686 \/\/soporte Para Proyector Con Montaje En Techo Y Ajuste De Altura + Env\u00edo a domicilio + Pago seguro + Garant\u00eda\" \/>\n<meta property=\"og:url\" content=\"https:\/\/compuviper.mx\/tienda\/producto\/manhattan-462686-soporte-para-proyector-con-montaje-en-techo-y-ajuste-de-altura\/\" \/>\n<meta property=\"og:site_name\" content=\"Compuviper\" \/>\n<meta property=\"article:publisher\" content=\"https:\/\/www.facebook.com\/compuviper\" \/>\n<meta name=\"twitter:card\" content=\"summary_large_image\" \/>\n<meta name=\"twitter:label1\" content=\"Precio\" \/>\n\t<meta name=\"twitter:data1\" content=\"&#36;1,148 con IVA\" \/>\n\t<meta name=\"twitter:label2\" content=\"Availability\" \/>\n\t<meta name=\"twitter:data2\" content=\"Out of stock\" \/>\n<script type=\"application\/ld+json\" class=\"yoast-schema-graph\">{\"@context\":\"https:\/\/schema.org\",\"@graph\":[{\"@type\":\"WebPage\",\"@id\":\"https:\/\/compuviper.mx\/tienda\/producto\/manhattan-462686-soporte-para-proyector-con-montaje-en-techo-y-ajuste-de-altura\/\",\"url\":\"https:\/\/compuviper.mx\/tienda\/producto\/manhattan-462686-soporte-para-proyector-con-montaje-en-techo-y-ajuste-de-altura\/\",\"name\":\"[ Manhattan ] &#129351; 462686 \/\/soporte Para Proyector Con Montaje En Techo Y Ajuste De Altura\",\"isPartOf\":{\"@id\":\"https:\/\/compuviper.mx\/tienda\/#website\"},\"datePublished\":\"2026-04-07T05:18:24+00:00\",\"dateModified\":\"2026-04-07T05:18:24+00:00\",\"description\":\"Compra 462686 \/\/soporte Para Proyector Con Montaje En Techo Y Ajuste De Altura + Env\u00edo a domicilio + Pago seguro + Garant\u00eda\",\"breadcrumb\":{\"@id\":\"https:\/\/compuviper.mx\/tienda\/producto\/manhattan-462686-soporte-para-proyector-con-montaje-en-techo-y-ajuste-de-altura\/#breadcrumb\"},\"inLanguage\":\"es-MX\",\"potentialAction\":[{\"@type\":\"ReadAction\",\"target\":[\"https:\/\/compuviper.mx\/tienda\/producto\/manhattan-462686-soporte-para-proyector-con-montaje-en-techo-y-ajuste-de-altura\/\"]}]},{\"@type\":\"BreadcrumbList\",\"@id\":\"https:\/\/compuviper.mx\/tienda\/producto\/manhattan-462686-soporte-para-proyector-con-montaje-en-techo-y-ajuste-de-altura\/#breadcrumb\",\"itemListElement\":[{\"@type\":\"ListItem\",\"position\":1,\"name\":\"Inicio\",\"item\":\"https:\/\/compuviper.mx\/tienda\/\"},{\"@type\":\"ListItem\",\"position\":2,\"name\":\"Productos\",\"item\":\"https:\/\/compuviper.mx\/tienda\/productos\/\"},{\"@type\":\"ListItem\",\"position\":3,\"name\":\"Soportes Y Bases P\/tv\/ Proyectores\/dvd\/consolas\/bocinas\/pantallas\/monotores\",\"item\":\"https:\/\/compuviper.mx\/tienda\/categoria-producto\/soportes-y-bases-p-tv-proyectores-dvd-consolas-bocinas-pantallas-monotores\/\"},{\"@type\":\"ListItem\",\"position\":4,\"name\":\"Soporte Y Base Para Proyector\",\"item\":\"https:\/\/compuviper.mx\/tienda\/categoria-producto\/soportes-y-bases-p-tv-proyectores-dvd-consolas-bocinas-pantallas-monotores\/soporte-y-base-para-proyector-soportes-y-bases-p-tv-proyectores-dvd-consolas-bocinas-pantallas-monotores\/\"},{\"@type\":\"ListItem\",\"position\":5,\"name\":\"Manhattan 462686 \/\/soporte Para Proyector Con Montaje En Techo Y Ajuste De Altura\"}]},{\"@type\":\"WebSite\",\"@id\":\"https:\/\/compuviper.mx\/tienda\/#website\",\"url\":\"https:\/\/compuviper.mx\/tienda\/\",\"name\":\"Compuviper\",\"description\":\"Proveedor de Computadoras, Laptops, Servidores, Monitores, Puntos de Venta, Teclados,   Impresoras, T\u00f3ner, C\u00e1maras de Seguridad y m\u00e1s en tu tienda en l\u00ednea\",\"publisher\":{\"@id\":\"https:\/\/compuviper.mx\/tienda\/#organization\"},\"potentialAction\":[{\"@type\":\"SearchAction\",\"target\":{\"@type\":\"EntryPoint\",\"urlTemplate\":\"https:\/\/compuviper.mx\/tienda\/?s={search_term_string}\"},\"query-input\":\"required name=search_term_string\"}],\"inLanguage\":\"es-MX\"},{\"@type\":\"Organization\",\"@id\":\"https:\/\/compuviper.mx\/tienda\/#organization\",\"name\":\"Compuviper\",\"url\":\"https:\/\/compuviper.mx\/tienda\/\",\"logo\":{\"@type\":\"ImageObject\",\"inLanguage\":\"es-MX\",\"@id\":\"https:\/\/compuviper.mx\/tienda\/#\/schema\/logo\/image\/\",\"url\":\"https:\/\/compuviper.mx\/tienda\/wp-content\/uploads\/2021\/08\/Logo-Compuviper-10.png\",\"contentUrl\":\"https:\/\/compuviper.mx\/tienda\/wp-content\/uploads\/2021\/08\/Logo-Compuviper-10.png\",\"width\":1000,\"height\":500,\"caption\":\"Compuviper\"},\"image\":{\"@id\":\"https:\/\/compuviper.mx\/tienda\/#\/schema\/logo\/image\/\"},\"sameAs\":[\"https:\/\/www.facebook.com\/compuviper\",\"https:\/\/www.youtube.com\/channel\/UCf73dERp9Y3cfOq7q8BhLjA?view_as=subscriber\"]}]}<\/script>\n<meta property=\"product:brand\" content=\"MANHATTAN\" \/>\n<meta property=\"product:price:amount\" content=\"1148\" \/>\n<meta property=\"product:price:currency\" content=\"MXN\" \/>\n<meta property=\"og:availability\" content=\"out of stock\" \/>\n<meta property=\"product:availability\" content=\"out of stock\" \/>\n<meta property=\"product:retailer_item_id\" content=\"462686\" \/>\n<meta property=\"product:condition\" content=\"new\" \/>\n<!-- \/ Yoast SEO plugin. -->","yoast_head_json":{"title":"[ Manhattan ] &#129351; 462686 \/\/soporte Para Proyector Con Montaje En Techo Y Ajuste De Altura","description":"Compra 462686 \/\/soporte Para Proyector Con Montaje En Techo Y Ajuste De Altura + Env\u00edo a domicilio + Pago seguro + Garant\u00eda","robots":{"index":"index","follow":"follow","max-snippet":"max-snippet:-1","max-image-preview":"max-image-preview:large","max-video-preview":"max-video-preview:-1"},"canonical":"https:\/\/compuviper.mx\/tienda\/producto\/manhattan-462686-soporte-para-proyector-con-montaje-en-techo-y-ajuste-de-altura\/","og_locale":"es_MX","og_type":"article","og_title":"[ Manhattan ] &#129351; 462686 \/\/soporte Para Proyector Con Montaje En Techo Y Ajuste De Altura","og_description":"Compra 462686 \/\/soporte Para Proyector Con Montaje En Techo Y Ajuste De Altura + Env\u00edo a domicilio + Pago seguro + Garant\u00eda","og_url":"https:\/\/compuviper.mx\/tienda\/producto\/manhattan-462686-soporte-para-proyector-con-montaje-en-techo-y-ajuste-de-altura\/","og_site_name":"Compuviper","article_publisher":"https:\/\/www.facebook.com\/compuviper","twitter_card":"summary_large_image","twitter_misc":{"Precio":"&#36;1,148 con IVA","Availability":"Out of stock"},"schema":{"@context":"https:\/\/schema.org","@graph":[{"@type":"WebPage","@id":"https:\/\/compuviper.mx\/tienda\/producto\/manhattan-462686-soporte-para-proyector-con-montaje-en-techo-y-ajuste-de-altura\/","url":"https:\/\/compuviper.mx\/tienda\/producto\/manhattan-462686-soporte-para-proyector-con-montaje-en-techo-y-ajuste-de-altura\/","name":"[ Manhattan ] &#129351; 462686 \/\/soporte Para Proyector Con Montaje En Techo Y Ajuste De Altura","isPartOf":{"@id":"https:\/\/compuviper.mx\/tienda\/#website"},"datePublished":"2026-04-07T05:18:24+00:00","dateModified":"2026-04-07T05:18:24+00:00","description":"Compra 462686 \/\/soporte Para Proyector Con Montaje En Techo Y Ajuste De Altura + Env\u00edo a domicilio + Pago seguro + Garant\u00eda","breadcrumb":{"@id":"https:\/\/compuviper.mx\/tienda\/producto\/manhattan-462686-soporte-para-proyector-con-montaje-en-techo-y-ajuste-de-altura\/#breadcrumb"},"inLanguage":"es-MX","potentialAction":[{"@type":"ReadAction","target":["https:\/\/compuviper.mx\/tienda\/producto\/manhattan-462686-soporte-para-proyector-con-montaje-en-techo-y-ajuste-de-altura\/"]}]},{"@type":"BreadcrumbList","@id":"https:\/\/compuviper.mx\/tienda\/producto\/manhattan-462686-soporte-para-proyector-con-montaje-en-techo-y-ajuste-de-altura\/#breadcrumb","itemListElement":[{"@type":"ListItem","position":1,"name":"Inicio","item":"https:\/\/compuviper.mx\/tienda\/"},{"@type":"ListItem","position":2,"name":"Productos","item":"https:\/\/compuviper.mx\/tienda\/productos\/"},{"@type":"ListItem","position":3,"name":"Soportes Y Bases P\/tv\/ Proyectores\/dvd\/consolas\/bocinas\/pantallas\/monotores","item":"https:\/\/compuviper.mx\/tienda\/categoria-producto\/soportes-y-bases-p-tv-proyectores-dvd-consolas-bocinas-pantallas-monotores\/"},{"@type":"ListItem","position":4,"name":"Soporte Y Base Para Proyector","item":"https:\/\/compuviper.mx\/tienda\/categoria-producto\/soportes-y-bases-p-tv-proyectores-dvd-consolas-bocinas-pantallas-monotores\/soporte-y-base-para-proyector-soportes-y-bases-p-tv-proyectores-dvd-consolas-bocinas-pantallas-monotores\/"},{"@type":"ListItem","position":5,"name":"Manhattan 462686 \/\/soporte Para Proyector Con Montaje En Techo Y Ajuste De Altura"}]},{"@type":"WebSite","@id":"https:\/\/compuviper.mx\/tienda\/#website","url":"https:\/\/compuviper.mx\/tienda\/","name":"Compuviper","description":"Proveedor de Computadoras, Laptops, Servidores, Monitores, Puntos de Venta, Teclados,   Impresoras, T\u00f3ner, C\u00e1maras de Seguridad y m\u00e1s en tu tienda en l\u00ednea","publisher":{"@id":"https:\/\/compuviper.mx\/tienda\/#organization"},"potentialAction":[{"@type":"SearchAction","target":{"@type":"EntryPoint","urlTemplate":"https:\/\/compuviper.mx\/tienda\/?s={search_term_string}"},"query-input":"required name=search_term_string"}],"inLanguage":"es-MX"},{"@type":"Organization","@id":"https:\/\/compuviper.mx\/tienda\/#organization","name":"Compuviper","url":"https:\/\/compuviper.mx\/tienda\/","logo":{"@type":"ImageObject","inLanguage":"es-MX","@id":"https:\/\/compuviper.mx\/tienda\/#\/schema\/logo\/image\/","url":"https:\/\/compuviper.mx\/tienda\/wp-content\/uploads\/2021\/08\/Logo-Compuviper-10.png","contentUrl":"https:\/\/compuviper.mx\/tienda\/wp-content\/uploads\/2021\/08\/Logo-Compuviper-10.png","width":1000,"height":500,"caption":"Compuviper"},"image":{"@id":"https:\/\/compuviper.mx\/tienda\/#\/schema\/logo\/image\/"},"sameAs":["https:\/\/www.facebook.com\/compuviper","https:\/\/www.youtube.com\/channel\/UCf73dERp9Y3cfOq7q8BhLjA?view_as=subscriber"]}]},"product_brand":"MANHATTAN","product_price_amount":"1148","product_price_currency":"MXN","og_availability":"out of stock","product_availability":"out of stock","product_retailer_item_id":"462686","product_condition":"new"},"_links":{"self":[{"href":"https:\/\/compuviper.mx\/tienda\/wp-json\/wp\/v2\/product\/262428"}],"collection":[{"href":"https:\/\/compuviper.mx\/tienda\/wp-json\/wp\/v2\/product"}],"about":[{"href":"https:\/\/compuviper.mx\/tienda\/wp-json\/wp\/v2\/types\/product"}],"replies":[{"embeddable":true,"href":"https:\/\/compuviper.mx\/tienda\/wp-json\/wp\/v2\/comments?post=262428"}],"wp:attachment":[{"href":"https:\/\/compuviper.mx\/tienda\/wp-json\/wp\/v2\/media?parent=262428"}],"wp:term":[{"taxonomy":"product_cat","embeddable":true,"href":"https:\/\/compuviper.mx\/tienda\/wp-json\/wp\/v2\/product_cat?post=262428"},{"taxonomy":"product_tag","embeddable":true,"href":"https:\/\/compuviper.mx\/tienda\/wp-json\/wp\/v2\/product_tag?post=262428"}],"curies":[{"name":"wp","href":"https:\/\/api.w.org\/{rel}","templated":true}]}}