{"id":262403,"date":"2026-04-14T01:15:34","date_gmt":"2026-04-14T07:15:34","guid":{"rendered":"https:\/\/compuviper.mx\/tienda\/producto\/huawei-53014fnyn-ds-laptop-matebook-d-16-intel-core-i5-1245h-16gb1tb-1-hdmi-display-16-1920-1200-windows-11-home\/"},"modified":"2026-04-15T00:00:23","modified_gmt":"2026-04-15T06:00:23","slug":"huawei-53014fnyn-ds-matebook-d-16-intel-core-i5-1245h-16gb1tb-1-hdmi-display-16-1920-1200-windows-11-home","status":"publish","type":"product","link":"https:\/\/compuviper.mx\/tienda\/producto\/huawei-53014fnyn-ds-matebook-d-16-intel-core-i5-1245h-16gb1tb-1-hdmi-display-16-1920-1200-windows-11-home\/","title":{"rendered":"Huawei 53014fnyn-ds  Matebook D 16 \/ Intel Core I5 1245h, 16gb,1tb \/1 Hdmi \/ Display 16 1920 ? 1200,\/ Windows 11 Home \/"},"content":{"rendered":"<table class=\"descripcion\">\n<tr>\n<td>Sistema operativo<\/td>\n<\/tr>\n<tr>\n<td>Windows 11 home<\/td>\n<\/tr>\n<tr>\n<td>Dimensiones<\/td>\n<\/tr>\n<tr>\n<td>Ancho<\/td>\n<\/tr>\n<tr>\n<td>356.7 milmetros<\/td>\n<\/tr>\n<tr>\n<td>Grosor<\/td>\n<\/tr>\n<tr>\n<td>248.7 milmetros<\/td>\n<\/tr>\n<tr>\n<td>Alto<\/td>\n<\/tr>\n<tr>\n<td>17 milmetros<\/td>\n<\/tr>\n<tr>\n<td>Peso<\/td>\n<\/tr>\n<tr>\n<td>Aprox. 1.68 kg versin con batera de 56 wh<\/td>\n<\/tr>\n<tr>\n<td>Aprox. 1.72 kg versin con batera de 70 wh<\/td>\n<\/tr>\n<tr>\n<td>Pantalla<\/td>\n<\/tr>\n<tr>\n<td>Tamao<\/td>\n<\/tr>\n<tr>\n<td>16 pulgadas<\/td>\n<\/tr>\n<tr>\n<td>Tipo<\/td>\n<\/tr>\n<tr>\n<td>Ips<\/td>\n<\/tr>\n<tr>\n<td>Relacin pantalla-cuerpo<\/td>\n<\/tr>\n<tr>\n<td>90<\/td>\n<\/tr>\n<tr>\n<td>Relacin de aspecto<\/td>\n<\/tr>\n<tr>\n<td>16:10<\/td>\n<\/tr>\n<tr>\n<td>Resolucin<\/td>\n<\/tr>\n<tr>\n<td>1920  1200, 142 ppi<\/td>\n<\/tr>\n<tr>\n<td>Brillo mximo<\/td>\n<\/tr>\n<tr>\n<td>300 nits<\/td>\n<\/tr>\n<tr>\n<td>Gama de colores<\/td>\n<\/tr>\n<tr>\n<td>100 srgb \/ 45 ntsc<\/td>\n<\/tr>\n<tr>\n<td>Relacin de contraste<\/td>\n<\/tr>\n<tr>\n<td>1200:1<\/td>\n<\/tr>\n<tr>\n<td>\u00e1ngulo de visin<\/td>\n<\/tr>\n<tr>\n<td>178 grados<\/td>\n<\/tr>\n<tr>\n<td>Brillo, gama de colores, relacin de contraste, la gama de colores y el ngulo de visin son valores tpicos.<\/td>\n<\/tr>\n<tr>\n<td>Procesador<\/td>\n<\/tr>\n<tr>\n<td>Procesador intel core i9-13900h de 13\u00aa generacin<\/td>\n<\/tr>\n<tr>\n<td>Procesador intel core i5-13420h de 13\u00aa generacin<\/td>\n<\/tr>\n<tr>\n<td>Procesador intel core i5-12450h de 12\u00aa generacin<\/td>\n<\/tr>\n<tr>\n<td>Grficos<\/td>\n<\/tr>\n<tr>\n<td>Grficos intel iris x and 7497; intel core\u0099 i9-13900h<\/td>\n<\/tr>\n<tr>\n<td>Grficos inteluhd intel core i5-12450h, intel core i5-13420h<\/td>\n<\/tr>\n<tr>\n<td>Memoria<\/td>\n<\/tr>\n<tr>\n<td>16 gb \/ 8 gb<\/td>\n<\/tr>\n<tr>\n<td>Almacenamiento<\/td>\n<\/tr>\n<tr>\n<td>512 gb nvme pcie ssd<\/td>\n<\/tr>\n<tr>\n<td>1 tb nvme pcie ssd<\/td>\n<\/tr>\n<tr>\n<td>La capacidad real despus del formateo puede ser menor.<\/td>\n<\/tr>\n<tr>\n<td>Batera<\/td>\n<\/tr>\n<tr>\n<td>Material<\/td>\n<\/tr>\n<tr>\n<td>Polmero de litio<\/td>\n<\/tr>\n<tr>\n<td>Capacidad<\/td>\n<\/tr>\n<tr>\n<td>56 wh capacidad nominalintel\u00ae core\u0099 i5-12450h, intel\u00ae core\u0099 i5-13420h<\/td>\n<\/tr>\n<tr>\n<td>70 wh capacidad nominalintel\u00ae core\u0099 i9-13900h<\/td>\n<\/tr>\n<tr>\n<td>Conectividad<\/td>\n<\/tr>\n<tr>\n<td>Wlan:<\/td>\n<\/tr>\n<tr>\n<td>Ieee 802.11a\/b\/g\/n\/ac\/ax<\/td>\n<\/tr>\n<tr>\n<td>2.4 ghz y 5 ghz<\/td>\n<\/tr>\n<tr>\n<td>2  2 mimo<\/td>\n<\/tr>\n<tr>\n<td>Wpa\/wpa2\/wpa3<\/td>\n<\/tr>\n<tr>\n<td>Bluetooth:<\/td>\n<\/tr>\n<tr>\n<td>Bluetooth 5.1<\/td>\n<\/tr>\n<tr>\n<td>Puertos<\/td>\n<\/tr>\n<tr>\n<td>Usb-c  1 datos de soporte, carga y displayport<\/td>\n<\/tr>\n<tr>\n<td>Usb 3.2 gen 1  1<\/td>\n<\/tr>\n<tr>\n<td>Usb 2.0  1<\/td>\n<\/tr>\n<tr>\n<td>Hdmi  1<\/td>\n<\/tr>\n<tr>\n<td>Puerto de 3.5 mm para audfonos y micrfono 2 en 1  1<\/td>\n<\/tr>\n<tr>\n<td>Teclado y pad tctil<\/td>\n<\/tr>\n<tr>\n<td>Recorrido de teclas de 1.5 mm<\/td>\n<\/tr>\n<tr>\n<td>Teclado completo retroiluminado intel core i9-13900h<\/td>\n<\/tr>\n<tr>\n<td>No retroiluminado intel core i5-12450h, intel core i5-13420h<\/td>\n<\/tr>\n<tr>\n<td>Teclado numrico<\/td>\n<\/tr>\n<tr>\n<td>Botn de encendido<\/td>\n<\/tr>\n<tr>\n<td>Botn de encendido con lector de huella<\/td>\n<\/tr>\n<tr>\n<td>Cmara<\/td>\n<\/tr>\n<tr>\n<td>Cmara 720p hd<\/td>\n<\/tr>\n<tr>\n<td>Audio<\/td>\n<\/tr>\n<tr>\n<td>Micrfonos  2<\/td>\n<\/tr>\n<tr>\n<td>Altavoces  2<\/td>\n<\/tr>\n<tr>\n<td>Aplicaciones destacadas<\/td>\n<\/tr>\n<tr>\n<td>Huawei pc manager<\/td>\n<\/tr>\n<tr>\n<td>Display manager<\/td>\n<\/tr>\n<tr>\n<td>Huawei factory reset<\/td>\n<\/tr>\n<tr>\n<td>En la caja<\/td>\n<\/tr>\n<tr>\n<td>Huawei matebook d 16<\/td>\n<\/tr>\n<tr>\n<td>Adaptador de corriente usb-c de 65 w conexin integrada entre el adaptador y el cable de carga<\/td>\n<\/tr>\n<tr>\n<td>Gua de inicio rpido<\/td>\n<\/tr>\n<tr>\n<td>Tarjeta de garanta<\/td>\n<\/tr>\n<\/table>\n","protected":false},"excerpt":{"rendered":"<p>La huawei matebook d 16 2024 kv es una laptop verstil diseada para la productividad y el uso diario. Combina un diseo porttil y ligero con una pantalla grande y caractersticas inteligentes de conectividad que facilitan la multitarea. Diseo y pantalla. Pantalla fullview de 16 pulgadas: la pantalla ips ofrece una relacin de aspecto de 16:10 y una resolucin de 1920 x 1200 pxeles, lo que brinda ms espacio vertical para trabajar y. Una experiencia visual inmersiva. Diseo ligero: a pesar de su pantalla de gran tamao, su cuerpo ligero, de alrededor de 1.68 kg, la hace fcilmente transportable, similar a modelos ms pequeos. Confort visual: la pantalla est certificada por tv rheinland por su baja emisin de luz azul y cuenta con atenuacin dc para reducir el parpadeo, lo que la hace cmoda para usar durante periodos prolongados.<\/p>\n","protected":false},"featured_media":0,"comment_status":"open","ping_status":"open","template":"","meta":[],"product_cat":[1886,1887],"product_tag":[1673],"acf":[],"yoast_head":"<!-- This site is optimized with the Yoast SEO plugin v21.7 - https:\/\/yoast.com\/wordpress\/plugins\/seo\/ -->\n<title>[ Huawei ] &#129351; 53014fnyn-ds Matebook D 16 \/ Intel Core I5 1245h, 16gb,1tb \/1 Hdmi \/ Display 16 1920 \u00d7 1200,\/ Windows 11 Home \/<\/title>\n<meta name=\"description\" content=\"Compra 53014fnyn-ds Matebook D 16 \/ Intel Core I5 1245h, 16gb,1tb \/1 Hdmi \/ Display 16 1920 \u00d7 1200,\/ Windows 11 Home \/ + Env\u00edo a domicilio + Pago seguro + Garant\u00eda\" \/>\n<meta name=\"robots\" content=\"index, follow, max-snippet:-1, max-image-preview:large, max-video-preview:-1\" \/>\n<link rel=\"canonical\" href=\"https:\/\/compuviper.mx\/tienda\/producto\/huawei-53014fnyn-ds-matebook-d-16-intel-core-i5-1245h-16gb1tb-1-hdmi-display-16-1920-1200-windows-11-home\/\" \/>\n<meta property=\"og:locale\" content=\"es_MX\" \/>\n<meta property=\"og:type\" content=\"article\" \/>\n<meta property=\"og:title\" content=\"[ Huawei ] &#129351; 53014fnyn-ds Matebook D 16 \/ Intel Core I5 1245h, 16gb,1tb \/1 Hdmi \/ Display 16 1920 \u00d7 1200,\/ Windows 11 Home \/\" \/>\n<meta property=\"og:description\" content=\"Compra 53014fnyn-ds Matebook D 16 \/ Intel Core I5 1245h, 16gb,1tb \/1 Hdmi \/ Display 16 1920 \u00d7 1200,\/ Windows 11 Home \/ + Env\u00edo a domicilio + Pago seguro + Garant\u00eda\" \/>\n<meta property=\"og:url\" content=\"https:\/\/compuviper.mx\/tienda\/producto\/huawei-53014fnyn-ds-matebook-d-16-intel-core-i5-1245h-16gb1tb-1-hdmi-display-16-1920-1200-windows-11-home\/\" \/>\n<meta property=\"og:site_name\" content=\"Compuviper\" \/>\n<meta property=\"article:publisher\" content=\"https:\/\/www.facebook.com\/compuviper\" \/>\n<meta property=\"article:modified_time\" content=\"2026-04-15T06:00:23+00:00\" \/>\n<meta name=\"twitter:card\" content=\"summary_large_image\" \/>\n<meta name=\"twitter:label1\" content=\"Precio\" \/>\n\t<meta name=\"twitter:data1\" content=\"&#36;12,414 con IVA\" \/>\n\t<meta name=\"twitter:label2\" content=\"Availability\" \/>\n\t<meta name=\"twitter:data2\" content=\"In stock\" \/>\n<script type=\"application\/ld+json\" class=\"yoast-schema-graph\">{\"@context\":\"https:\/\/schema.org\",\"@graph\":[{\"@type\":\"WebPage\",\"@id\":\"https:\/\/compuviper.mx\/tienda\/producto\/huawei-53014fnyn-ds-matebook-d-16-intel-core-i5-1245h-16gb1tb-1-hdmi-display-16-1920-1200-windows-11-home\/\",\"url\":\"https:\/\/compuviper.mx\/tienda\/producto\/huawei-53014fnyn-ds-matebook-d-16-intel-core-i5-1245h-16gb1tb-1-hdmi-display-16-1920-1200-windows-11-home\/\",\"name\":\"[ Huawei ] &#129351; 53014fnyn-ds Matebook D 16 \/ Intel Core I5 1245h, 16gb,1tb \/1 Hdmi \/ Display 16 1920 \u00d7 1200,\/ Windows 11 Home \/\",\"isPartOf\":{\"@id\":\"https:\/\/compuviper.mx\/tienda\/#website\"},\"datePublished\":\"2026-04-14T07:15:34+00:00\",\"dateModified\":\"2026-04-15T06:00:23+00:00\",\"description\":\"Compra 53014fnyn-ds Matebook D 16 \/ Intel Core I5 1245h, 16gb,1tb \/1 Hdmi \/ Display 16 1920 \u00d7 1200,\/ Windows 11 Home \/ + Env\u00edo a domicilio + Pago seguro + Garant\u00eda\",\"breadcrumb\":{\"@id\":\"https:\/\/compuviper.mx\/tienda\/producto\/huawei-53014fnyn-ds-matebook-d-16-intel-core-i5-1245h-16gb1tb-1-hdmi-display-16-1920-1200-windows-11-home\/#breadcrumb\"},\"inLanguage\":\"es-MX\",\"potentialAction\":[{\"@type\":\"ReadAction\",\"target\":[\"https:\/\/compuviper.mx\/tienda\/producto\/huawei-53014fnyn-ds-matebook-d-16-intel-core-i5-1245h-16gb1tb-1-hdmi-display-16-1920-1200-windows-11-home\/\"]}]},{\"@type\":\"BreadcrumbList\",\"@id\":\"https:\/\/compuviper.mx\/tienda\/producto\/huawei-53014fnyn-ds-matebook-d-16-intel-core-i5-1245h-16gb1tb-1-hdmi-display-16-1920-1200-windows-11-home\/#breadcrumb\",\"itemListElement\":[{\"@type\":\"ListItem\",\"position\":1,\"name\":\"Inicio\",\"item\":\"https:\/\/compuviper.mx\/tienda\/\"},{\"@type\":\"ListItem\",\"position\":2,\"name\":\"Productos\",\"item\":\"https:\/\/compuviper.mx\/tienda\/productos\/\"},{\"@type\":\"ListItem\",\"position\":3,\"name\":\"Laptops\",\"item\":\"https:\/\/compuviper.mx\/tienda\/categoria-producto\/laptops\/\"},{\"@type\":\"ListItem\",\"position\":4,\"name\":\"Notebook\",\"item\":\"https:\/\/compuviper.mx\/tienda\/categoria-producto\/laptops\/notebook-laptops\/\"},{\"@type\":\"ListItem\",\"position\":5,\"name\":\"Huawei 53014fnyn-ds Matebook D 16 \/ Intel Core I5 1245h, 16gb,1tb \/1 Hdmi \/ Display 16 1920 ? 1200,\/ Windows 11 Home \/\"}]},{\"@type\":\"WebSite\",\"@id\":\"https:\/\/compuviper.mx\/tienda\/#website\",\"url\":\"https:\/\/compuviper.mx\/tienda\/\",\"name\":\"Compuviper\",\"description\":\"Proveedor de Computadoras, Laptops, Servidores, Monitores, Puntos de Venta, Teclados,   Impresoras, T\u00f3ner, C\u00e1maras de Seguridad y m\u00e1s en tu tienda en l\u00ednea\",\"publisher\":{\"@id\":\"https:\/\/compuviper.mx\/tienda\/#organization\"},\"potentialAction\":[{\"@type\":\"SearchAction\",\"target\":{\"@type\":\"EntryPoint\",\"urlTemplate\":\"https:\/\/compuviper.mx\/tienda\/?s={search_term_string}\"},\"query-input\":\"required name=search_term_string\"}],\"inLanguage\":\"es-MX\"},{\"@type\":\"Organization\",\"@id\":\"https:\/\/compuviper.mx\/tienda\/#organization\",\"name\":\"Compuviper\",\"url\":\"https:\/\/compuviper.mx\/tienda\/\",\"logo\":{\"@type\":\"ImageObject\",\"inLanguage\":\"es-MX\",\"@id\":\"https:\/\/compuviper.mx\/tienda\/#\/schema\/logo\/image\/\",\"url\":\"https:\/\/compuviper.mx\/tienda\/wp-content\/uploads\/2021\/08\/Logo-Compuviper-10.png\",\"contentUrl\":\"https:\/\/compuviper.mx\/tienda\/wp-content\/uploads\/2021\/08\/Logo-Compuviper-10.png\",\"width\":1000,\"height\":500,\"caption\":\"Compuviper\"},\"image\":{\"@id\":\"https:\/\/compuviper.mx\/tienda\/#\/schema\/logo\/image\/\"},\"sameAs\":[\"https:\/\/www.facebook.com\/compuviper\",\"https:\/\/www.youtube.com\/channel\/UCf73dERp9Y3cfOq7q8BhLjA?view_as=subscriber\"]}]}<\/script>\n<meta property=\"product:brand\" content=\"HUAWEI\" \/>\n<meta property=\"product:price:amount\" content=\"12414\" \/>\n<meta property=\"product:price:currency\" content=\"MXN\" \/>\n<meta property=\"og:availability\" content=\"instock\" \/>\n<meta property=\"product:availability\" content=\"instock\" \/>\n<meta property=\"product:retailer_item_id\" content=\"53014FNYN-DS\" \/>\n<meta property=\"product:condition\" content=\"new\" \/>\n<!-- \/ Yoast SEO plugin. -->","yoast_head_json":{"title":"[ Huawei ] &#129351; 53014fnyn-ds Matebook D 16 \/ Intel Core I5 1245h, 16gb,1tb \/1 Hdmi \/ Display 16 1920 \u00d7 1200,\/ Windows 11 Home \/","description":"Compra 53014fnyn-ds Matebook D 16 \/ Intel Core I5 1245h, 16gb,1tb \/1 Hdmi \/ Display 16 1920 \u00d7 1200,\/ Windows 11 Home \/ + Env\u00edo a domicilio + Pago seguro + Garant\u00eda","robots":{"index":"index","follow":"follow","max-snippet":"max-snippet:-1","max-image-preview":"max-image-preview:large","max-video-preview":"max-video-preview:-1"},"canonical":"https:\/\/compuviper.mx\/tienda\/producto\/huawei-53014fnyn-ds-matebook-d-16-intel-core-i5-1245h-16gb1tb-1-hdmi-display-16-1920-1200-windows-11-home\/","og_locale":"es_MX","og_type":"article","og_title":"[ Huawei ] &#129351; 53014fnyn-ds Matebook D 16 \/ Intel Core I5 1245h, 16gb,1tb \/1 Hdmi \/ Display 16 1920 \u00d7 1200,\/ Windows 11 Home \/","og_description":"Compra 53014fnyn-ds Matebook D 16 \/ Intel Core I5 1245h, 16gb,1tb \/1 Hdmi \/ Display 16 1920 \u00d7 1200,\/ Windows 11 Home \/ + Env\u00edo a domicilio + Pago seguro + Garant\u00eda","og_url":"https:\/\/compuviper.mx\/tienda\/producto\/huawei-53014fnyn-ds-matebook-d-16-intel-core-i5-1245h-16gb1tb-1-hdmi-display-16-1920-1200-windows-11-home\/","og_site_name":"Compuviper","article_publisher":"https:\/\/www.facebook.com\/compuviper","article_modified_time":"2026-04-15T06:00:23+00:00","twitter_card":"summary_large_image","twitter_misc":{"Precio":"&#36;12,414 con IVA","Availability":"In stock"},"schema":{"@context":"https:\/\/schema.org","@graph":[{"@type":"WebPage","@id":"https:\/\/compuviper.mx\/tienda\/producto\/huawei-53014fnyn-ds-matebook-d-16-intel-core-i5-1245h-16gb1tb-1-hdmi-display-16-1920-1200-windows-11-home\/","url":"https:\/\/compuviper.mx\/tienda\/producto\/huawei-53014fnyn-ds-matebook-d-16-intel-core-i5-1245h-16gb1tb-1-hdmi-display-16-1920-1200-windows-11-home\/","name":"[ Huawei ] &#129351; 53014fnyn-ds Matebook D 16 \/ Intel Core I5 1245h, 16gb,1tb \/1 Hdmi \/ Display 16 1920 \u00d7 1200,\/ Windows 11 Home \/","isPartOf":{"@id":"https:\/\/compuviper.mx\/tienda\/#website"},"datePublished":"2026-04-14T07:15:34+00:00","dateModified":"2026-04-15T06:00:23+00:00","description":"Compra 53014fnyn-ds Matebook D 16 \/ Intel Core I5 1245h, 16gb,1tb \/1 Hdmi \/ Display 16 1920 \u00d7 1200,\/ Windows 11 Home \/ + Env\u00edo a domicilio + Pago seguro + Garant\u00eda","breadcrumb":{"@id":"https:\/\/compuviper.mx\/tienda\/producto\/huawei-53014fnyn-ds-matebook-d-16-intel-core-i5-1245h-16gb1tb-1-hdmi-display-16-1920-1200-windows-11-home\/#breadcrumb"},"inLanguage":"es-MX","potentialAction":[{"@type":"ReadAction","target":["https:\/\/compuviper.mx\/tienda\/producto\/huawei-53014fnyn-ds-matebook-d-16-intel-core-i5-1245h-16gb1tb-1-hdmi-display-16-1920-1200-windows-11-home\/"]}]},{"@type":"BreadcrumbList","@id":"https:\/\/compuviper.mx\/tienda\/producto\/huawei-53014fnyn-ds-matebook-d-16-intel-core-i5-1245h-16gb1tb-1-hdmi-display-16-1920-1200-windows-11-home\/#breadcrumb","itemListElement":[{"@type":"ListItem","position":1,"name":"Inicio","item":"https:\/\/compuviper.mx\/tienda\/"},{"@type":"ListItem","position":2,"name":"Productos","item":"https:\/\/compuviper.mx\/tienda\/productos\/"},{"@type":"ListItem","position":3,"name":"Laptops","item":"https:\/\/compuviper.mx\/tienda\/categoria-producto\/laptops\/"},{"@type":"ListItem","position":4,"name":"Notebook","item":"https:\/\/compuviper.mx\/tienda\/categoria-producto\/laptops\/notebook-laptops\/"},{"@type":"ListItem","position":5,"name":"Huawei 53014fnyn-ds Matebook D 16 \/ Intel Core I5 1245h, 16gb,1tb \/1 Hdmi \/ Display 16 1920 ? 1200,\/ Windows 11 Home \/"}]},{"@type":"WebSite","@id":"https:\/\/compuviper.mx\/tienda\/#website","url":"https:\/\/compuviper.mx\/tienda\/","name":"Compuviper","description":"Proveedor de Computadoras, Laptops, Servidores, Monitores, Puntos de Venta, Teclados,   Impresoras, T\u00f3ner, C\u00e1maras de Seguridad y m\u00e1s en tu tienda en l\u00ednea","publisher":{"@id":"https:\/\/compuviper.mx\/tienda\/#organization"},"potentialAction":[{"@type":"SearchAction","target":{"@type":"EntryPoint","urlTemplate":"https:\/\/compuviper.mx\/tienda\/?s={search_term_string}"},"query-input":"required name=search_term_string"}],"inLanguage":"es-MX"},{"@type":"Organization","@id":"https:\/\/compuviper.mx\/tienda\/#organization","name":"Compuviper","url":"https:\/\/compuviper.mx\/tienda\/","logo":{"@type":"ImageObject","inLanguage":"es-MX","@id":"https:\/\/compuviper.mx\/tienda\/#\/schema\/logo\/image\/","url":"https:\/\/compuviper.mx\/tienda\/wp-content\/uploads\/2021\/08\/Logo-Compuviper-10.png","contentUrl":"https:\/\/compuviper.mx\/tienda\/wp-content\/uploads\/2021\/08\/Logo-Compuviper-10.png","width":1000,"height":500,"caption":"Compuviper"},"image":{"@id":"https:\/\/compuviper.mx\/tienda\/#\/schema\/logo\/image\/"},"sameAs":["https:\/\/www.facebook.com\/compuviper","https:\/\/www.youtube.com\/channel\/UCf73dERp9Y3cfOq7q8BhLjA?view_as=subscriber"]}]},"product_brand":"HUAWEI","product_price_amount":"12414","product_price_currency":"MXN","og_availability":"instock","product_availability":"instock","product_retailer_item_id":"53014FNYN-DS","product_condition":"new"},"_links":{"self":[{"href":"https:\/\/compuviper.mx\/tienda\/wp-json\/wp\/v2\/product\/262403"}],"collection":[{"href":"https:\/\/compuviper.mx\/tienda\/wp-json\/wp\/v2\/product"}],"about":[{"href":"https:\/\/compuviper.mx\/tienda\/wp-json\/wp\/v2\/types\/product"}],"replies":[{"embeddable":true,"href":"https:\/\/compuviper.mx\/tienda\/wp-json\/wp\/v2\/comments?post=262403"}],"wp:attachment":[{"href":"https:\/\/compuviper.mx\/tienda\/wp-json\/wp\/v2\/media?parent=262403"}],"wp:term":[{"taxonomy":"product_cat","embeddable":true,"href":"https:\/\/compuviper.mx\/tienda\/wp-json\/wp\/v2\/product_cat?post=262403"},{"taxonomy":"product_tag","embeddable":true,"href":"https:\/\/compuviper.mx\/tienda\/wp-json\/wp\/v2\/product_tag?post=262403"}],"curies":[{"name":"wp","href":"https:\/\/api.w.org\/{rel}","templated":true}]}}