{"id":262343,"date":"2026-04-16T00:10:59","date_gmt":"2026-04-16T06:10:59","guid":{"rendered":"https:\/\/compuviper.mx\/tienda\/producto\/intellinet-711845-gabinetes-gabinete-mural-abatible-19-9u-ensamblado\/"},"modified":"2026-04-16T00:11:00","modified_gmt":"2026-04-16T06:11:00","slug":"intellinet-711845-gabinetes-gabinete-mural-abatible-19-9u-ensamblado","status":"publish","type":"product","link":"https:\/\/compuviper.mx\/tienda\/producto\/intellinet-711845-gabinetes-gabinete-mural-abatible-19-9u-ensamblado\/","title":{"rendered":"Intellinet 711845 Gabinetes\/\/\/gabinete Mural Abatible 19, 9u, Ensamblado"},"content":{"rendered":"<table class=\"descripcion\">\n<tr>\n<td>Generalidades<\/td>\n<\/tr>\n<tr>\n<td>19<\/td>\n<\/tr>\n<tr>\n<td>Altura: 9u<\/td>\n<\/tr>\n<tr>\n<td>Color: negro ral9005<\/td>\n<\/tr>\n<tr>\n<td>Cumple con: ansi\/eia rs-310-d; iec60297-2; din41494, parte 1; din41494, parte 7<\/td>\n<\/tr>\n<tr>\n<td>Datos f\u00edsicos<\/td>\n<\/tr>\n<tr>\n<td>500 (al) x 600 (an) x 550 (prof) mm<\/td>\n<\/tr>\n<tr>\n<td>19.7 (h) x 23.6 (w) x 21.7 (d) in.<\/td>\n<\/tr>\n<tr>\n<td>Profundidad \u00fatil: 425 mm (16.73 pulg.)<\/td>\n<\/tr>\n<tr>\n<td>Carga est\u00e1tica m\u00e1xima de 30 kg (66 lb.)<\/td>\n<\/tr>\n<tr>\n<td>Contenido del paquete<\/td>\n<\/tr>\n<tr>\n<td>Gabinete mural abatible 19, 9u, ensamblado<\/td>\n<\/tr>\n<tr>\n<td>Accesorios de instalaci\u00f3n: herramienta, 10 juegos m6 y 4 llaves<\/td>\n<\/tr>\n<\/table>\n","protected":false},"excerpt":{"rendered":"<p>Seguridad y flexibilidad de instalaci\u00f3n con los gabinetes murales intellinet. Los gabinetes murales (abatibles) de doble secci\u00f3n de intellinet network solutions le ofrecen una soluci\u00f3n flexible para sus instalaciones de red. La puerta de cristal templado, los p\u00e1neles laterales f\u00e1cilmente desmontables y el acero galvanizado laminado en fr\u00edo son s\u00f3lo algunos de los materiales y mano de obra de primera calidad que vienen de serie. Estos gabinetes se env\u00edan completamente ensamblados para una instalaci\u00f3n r\u00e1pida y f\u00e1cil. Ideal para equipos y accesorios de 19. Carga est\u00e1tica m\u00e1xima de 30 kg (66 lb.. Profundidad \u00fatil: 425 mm (16.73 pulg.. Puerta de cristal templado que puede ser abierta a m\u00e1s de 180?. Entrada de cables a trav\u00e9s del p\u00e1nel superior. Puerta trasera para un f\u00e1cil acceso a la parte posterior del gabinete. Acero spcc laminado en fr\u00edo y galvanizado con un espesor de hasta 1.2 mm. Puerta frontal reversible. P\u00e1neles laterales f\u00e1cilmente desmontables. Se entrega ensamblado. Tres a\u00f1os de garant\u00eda* (*consulta el tiempo de garant\u00eda en tu pa\u00eds o ciudad)<\/p>\n","protected":false},"featured_media":262344,"comment_status":"open","ping_status":"open","template":"","meta":[],"product_cat":[2167,1674],"product_tag":[1489],"acf":[],"yoast_head":"<!-- This site is optimized with the Yoast SEO plugin v21.7 - https:\/\/yoast.com\/wordpress\/plugins\/seo\/ -->\n<title>[ Intellinet ] &#129351; 711845 Gabinetes\/\/\/gabinete Mural Abatible 19, 9u, Ensamblado<\/title>\n<meta name=\"description\" content=\"Compra 711845 Gabinetes\/\/\/gabinete Mural Abatible 19, 9u, Ensamblado + Env\u00edo a domicilio + Pago seguro + Garant\u00eda\" \/>\n<meta name=\"robots\" content=\"index, follow, max-snippet:-1, max-image-preview:large, max-video-preview:-1\" \/>\n<link rel=\"canonical\" href=\"https:\/\/compuviper.mx\/tienda\/producto\/intellinet-711845-gabinetes-gabinete-mural-abatible-19-9u-ensamblado\/\" \/>\n<meta property=\"og:locale\" content=\"es_MX\" \/>\n<meta property=\"og:type\" content=\"article\" \/>\n<meta property=\"og:title\" content=\"[ Intellinet ] &#129351; 711845 Gabinetes\/\/\/gabinete Mural Abatible 19, 9u, Ensamblado\" \/>\n<meta property=\"og:description\" content=\"Compra 711845 Gabinetes\/\/\/gabinete Mural Abatible 19, 9u, Ensamblado + Env\u00edo a domicilio + Pago seguro + Garant\u00eda\" \/>\n<meta property=\"og:url\" content=\"https:\/\/compuviper.mx\/tienda\/producto\/intellinet-711845-gabinetes-gabinete-mural-abatible-19-9u-ensamblado\/\" \/>\n<meta property=\"og:site_name\" content=\"Compuviper\" \/>\n<meta property=\"article:publisher\" content=\"https:\/\/www.facebook.com\/compuviper\" \/>\n<meta property=\"article:modified_time\" content=\"2026-04-16T06:11:00+00:00\" \/>\n<meta property=\"og:image\" content=\"https:\/\/compuviper.mx\/tienda\/wp-content\/uploads\/2025\/11\/Gabinetesintellinet711845gabinete-mural-abatible-19-9u-ensamblado.jpg\" \/>\n\t<meta property=\"og:image:width\" content=\"200\" \/>\n\t<meta property=\"og:image:height\" content=\"200\" \/>\n\t<meta property=\"og:image:type\" content=\"image\/jpeg\" \/>\n<meta name=\"twitter:card\" content=\"summary_large_image\" \/>\n<meta name=\"twitter:label1\" content=\"Precio\" \/>\n\t<meta name=\"twitter:data1\" content=\"&#36;4,850 con IVA\" \/>\n\t<meta name=\"twitter:label2\" content=\"Availability\" \/>\n\t<meta name=\"twitter:data2\" content=\"On backorder\" \/>\n<script type=\"application\/ld+json\" class=\"yoast-schema-graph\">{\"@context\":\"https:\/\/schema.org\",\"@graph\":[{\"@type\":\"WebPage\",\"@id\":\"https:\/\/compuviper.mx\/tienda\/producto\/intellinet-711845-gabinetes-gabinete-mural-abatible-19-9u-ensamblado\/\",\"url\":\"https:\/\/compuviper.mx\/tienda\/producto\/intellinet-711845-gabinetes-gabinete-mural-abatible-19-9u-ensamblado\/\",\"name\":\"[ Intellinet ] &#129351; 711845 Gabinetes\/\/\/gabinete Mural Abatible 19, 9u, Ensamblado\",\"isPartOf\":{\"@id\":\"https:\/\/compuviper.mx\/tienda\/#website\"},\"datePublished\":\"2026-04-16T06:10:59+00:00\",\"dateModified\":\"2026-04-16T06:11:00+00:00\",\"description\":\"Compra 711845 Gabinetes\/\/\/gabinete Mural Abatible 19, 9u, Ensamblado + Env\u00edo a domicilio + Pago seguro + Garant\u00eda\",\"breadcrumb\":{\"@id\":\"https:\/\/compuviper.mx\/tienda\/producto\/intellinet-711845-gabinetes-gabinete-mural-abatible-19-9u-ensamblado\/#breadcrumb\"},\"inLanguage\":\"es-MX\",\"potentialAction\":[{\"@type\":\"ReadAction\",\"target\":[\"https:\/\/compuviper.mx\/tienda\/producto\/intellinet-711845-gabinetes-gabinete-mural-abatible-19-9u-ensamblado\/\"]}]},{\"@type\":\"BreadcrumbList\",\"@id\":\"https:\/\/compuviper.mx\/tienda\/producto\/intellinet-711845-gabinetes-gabinete-mural-abatible-19-9u-ensamblado\/#breadcrumb\",\"itemListElement\":[{\"@type\":\"ListItem\",\"position\":1,\"name\":\"Inicio\",\"item\":\"https:\/\/compuviper.mx\/tienda\/\"},{\"@type\":\"ListItem\",\"position\":2,\"name\":\"Productos\",\"item\":\"https:\/\/compuviper.mx\/tienda\/productos\/\"},{\"@type\":\"ListItem\",\"position\":3,\"name\":\"Gabinetes\",\"item\":\"https:\/\/compuviper.mx\/tienda\/categoria-producto\/gabinetes\/\"},{\"@type\":\"ListItem\",\"position\":4,\"name\":\"Sin Categor\u00eda\",\"item\":\"https:\/\/compuviper.mx\/tienda\/categoria-producto\/gabinetes\/sin-categoria-gabinetes\/\"},{\"@type\":\"ListItem\",\"position\":5,\"name\":\"Intellinet 711845 Gabinetes\/\/\/gabinete Mural Abatible 19, 9u, Ensamblado\"}]},{\"@type\":\"WebSite\",\"@id\":\"https:\/\/compuviper.mx\/tienda\/#website\",\"url\":\"https:\/\/compuviper.mx\/tienda\/\",\"name\":\"Compuviper\",\"description\":\"Proveedor de Computadoras, Laptops, Servidores, Monitores, Puntos de Venta, Teclados,   Impresoras, T\u00f3ner, C\u00e1maras de Seguridad y m\u00e1s en tu tienda en l\u00ednea\",\"publisher\":{\"@id\":\"https:\/\/compuviper.mx\/tienda\/#organization\"},\"potentialAction\":[{\"@type\":\"SearchAction\",\"target\":{\"@type\":\"EntryPoint\",\"urlTemplate\":\"https:\/\/compuviper.mx\/tienda\/?s={search_term_string}\"},\"query-input\":\"required name=search_term_string\"}],\"inLanguage\":\"es-MX\"},{\"@type\":\"Organization\",\"@id\":\"https:\/\/compuviper.mx\/tienda\/#organization\",\"name\":\"Compuviper\",\"url\":\"https:\/\/compuviper.mx\/tienda\/\",\"logo\":{\"@type\":\"ImageObject\",\"inLanguage\":\"es-MX\",\"@id\":\"https:\/\/compuviper.mx\/tienda\/#\/schema\/logo\/image\/\",\"url\":\"https:\/\/compuviper.mx\/tienda\/wp-content\/uploads\/2021\/08\/Logo-Compuviper-10.png\",\"contentUrl\":\"https:\/\/compuviper.mx\/tienda\/wp-content\/uploads\/2021\/08\/Logo-Compuviper-10.png\",\"width\":1000,\"height\":500,\"caption\":\"Compuviper\"},\"image\":{\"@id\":\"https:\/\/compuviper.mx\/tienda\/#\/schema\/logo\/image\/\"},\"sameAs\":[\"https:\/\/www.facebook.com\/compuviper\",\"https:\/\/www.youtube.com\/channel\/UCf73dERp9Y3cfOq7q8BhLjA?view_as=subscriber\"]}]}<\/script>\n<meta property=\"product:brand\" content=\"INTELLINET\" \/>\n<meta property=\"product:price:amount\" content=\"4850\" \/>\n<meta property=\"product:price:currency\" content=\"MXN\" \/>\n<meta property=\"og:availability\" content=\"backorder\" \/>\n<meta property=\"product:availability\" content=\"available for order\" \/>\n<meta property=\"product:retailer_item_id\" content=\"711845\" \/>\n<meta property=\"product:condition\" content=\"new\" \/>\n<!-- \/ Yoast SEO plugin. -->","yoast_head_json":{"title":"[ Intellinet ] &#129351; 711845 Gabinetes\/\/\/gabinete Mural Abatible 19, 9u, Ensamblado","description":"Compra 711845 Gabinetes\/\/\/gabinete Mural Abatible 19, 9u, Ensamblado + Env\u00edo a domicilio + Pago seguro + Garant\u00eda","robots":{"index":"index","follow":"follow","max-snippet":"max-snippet:-1","max-image-preview":"max-image-preview:large","max-video-preview":"max-video-preview:-1"},"canonical":"https:\/\/compuviper.mx\/tienda\/producto\/intellinet-711845-gabinetes-gabinete-mural-abatible-19-9u-ensamblado\/","og_locale":"es_MX","og_type":"article","og_title":"[ Intellinet ] &#129351; 711845 Gabinetes\/\/\/gabinete Mural Abatible 19, 9u, Ensamblado","og_description":"Compra 711845 Gabinetes\/\/\/gabinete Mural Abatible 19, 9u, Ensamblado + Env\u00edo a domicilio + Pago seguro + Garant\u00eda","og_url":"https:\/\/compuviper.mx\/tienda\/producto\/intellinet-711845-gabinetes-gabinete-mural-abatible-19-9u-ensamblado\/","og_site_name":"Compuviper","article_publisher":"https:\/\/www.facebook.com\/compuviper","article_modified_time":"2026-04-16T06:11:00+00:00","og_image":[{"width":200,"height":200,"url":"https:\/\/compuviper.mx\/tienda\/wp-content\/uploads\/2025\/11\/Gabinetesintellinet711845gabinete-mural-abatible-19-9u-ensamblado.jpg","type":"image\/jpeg"}],"twitter_card":"summary_large_image","twitter_misc":{"Precio":"&#36;4,850 con IVA","Availability":"On backorder"},"schema":{"@context":"https:\/\/schema.org","@graph":[{"@type":"WebPage","@id":"https:\/\/compuviper.mx\/tienda\/producto\/intellinet-711845-gabinetes-gabinete-mural-abatible-19-9u-ensamblado\/","url":"https:\/\/compuviper.mx\/tienda\/producto\/intellinet-711845-gabinetes-gabinete-mural-abatible-19-9u-ensamblado\/","name":"[ Intellinet ] &#129351; 711845 Gabinetes\/\/\/gabinete Mural Abatible 19, 9u, Ensamblado","isPartOf":{"@id":"https:\/\/compuviper.mx\/tienda\/#website"},"datePublished":"2026-04-16T06:10:59+00:00","dateModified":"2026-04-16T06:11:00+00:00","description":"Compra 711845 Gabinetes\/\/\/gabinete Mural Abatible 19, 9u, Ensamblado + Env\u00edo a domicilio + Pago seguro + Garant\u00eda","breadcrumb":{"@id":"https:\/\/compuviper.mx\/tienda\/producto\/intellinet-711845-gabinetes-gabinete-mural-abatible-19-9u-ensamblado\/#breadcrumb"},"inLanguage":"es-MX","potentialAction":[{"@type":"ReadAction","target":["https:\/\/compuviper.mx\/tienda\/producto\/intellinet-711845-gabinetes-gabinete-mural-abatible-19-9u-ensamblado\/"]}]},{"@type":"BreadcrumbList","@id":"https:\/\/compuviper.mx\/tienda\/producto\/intellinet-711845-gabinetes-gabinete-mural-abatible-19-9u-ensamblado\/#breadcrumb","itemListElement":[{"@type":"ListItem","position":1,"name":"Inicio","item":"https:\/\/compuviper.mx\/tienda\/"},{"@type":"ListItem","position":2,"name":"Productos","item":"https:\/\/compuviper.mx\/tienda\/productos\/"},{"@type":"ListItem","position":3,"name":"Gabinetes","item":"https:\/\/compuviper.mx\/tienda\/categoria-producto\/gabinetes\/"},{"@type":"ListItem","position":4,"name":"Sin Categor\u00eda","item":"https:\/\/compuviper.mx\/tienda\/categoria-producto\/gabinetes\/sin-categoria-gabinetes\/"},{"@type":"ListItem","position":5,"name":"Intellinet 711845 Gabinetes\/\/\/gabinete Mural Abatible 19, 9u, Ensamblado"}]},{"@type":"WebSite","@id":"https:\/\/compuviper.mx\/tienda\/#website","url":"https:\/\/compuviper.mx\/tienda\/","name":"Compuviper","description":"Proveedor de Computadoras, Laptops, Servidores, Monitores, Puntos de Venta, Teclados,   Impresoras, T\u00f3ner, C\u00e1maras de Seguridad y m\u00e1s en tu tienda en l\u00ednea","publisher":{"@id":"https:\/\/compuviper.mx\/tienda\/#organization"},"potentialAction":[{"@type":"SearchAction","target":{"@type":"EntryPoint","urlTemplate":"https:\/\/compuviper.mx\/tienda\/?s={search_term_string}"},"query-input":"required name=search_term_string"}],"inLanguage":"es-MX"},{"@type":"Organization","@id":"https:\/\/compuviper.mx\/tienda\/#organization","name":"Compuviper","url":"https:\/\/compuviper.mx\/tienda\/","logo":{"@type":"ImageObject","inLanguage":"es-MX","@id":"https:\/\/compuviper.mx\/tienda\/#\/schema\/logo\/image\/","url":"https:\/\/compuviper.mx\/tienda\/wp-content\/uploads\/2021\/08\/Logo-Compuviper-10.png","contentUrl":"https:\/\/compuviper.mx\/tienda\/wp-content\/uploads\/2021\/08\/Logo-Compuviper-10.png","width":1000,"height":500,"caption":"Compuviper"},"image":{"@id":"https:\/\/compuviper.mx\/tienda\/#\/schema\/logo\/image\/"},"sameAs":["https:\/\/www.facebook.com\/compuviper","https:\/\/www.youtube.com\/channel\/UCf73dERp9Y3cfOq7q8BhLjA?view_as=subscriber"]}]},"product_brand":"INTELLINET","product_price_amount":"4850","product_price_currency":"MXN","og_availability":"backorder","product_availability":"available for order","product_retailer_item_id":"711845","product_condition":"new"},"_links":{"self":[{"href":"https:\/\/compuviper.mx\/tienda\/wp-json\/wp\/v2\/product\/262343"}],"collection":[{"href":"https:\/\/compuviper.mx\/tienda\/wp-json\/wp\/v2\/product"}],"about":[{"href":"https:\/\/compuviper.mx\/tienda\/wp-json\/wp\/v2\/types\/product"}],"replies":[{"embeddable":true,"href":"https:\/\/compuviper.mx\/tienda\/wp-json\/wp\/v2\/comments?post=262343"}],"wp:featuredmedia":[{"embeddable":true,"href":"https:\/\/compuviper.mx\/tienda\/wp-json\/wp\/v2\/media\/262344"}],"wp:attachment":[{"href":"https:\/\/compuviper.mx\/tienda\/wp-json\/wp\/v2\/media?parent=262343"}],"wp:term":[{"taxonomy":"product_cat","embeddable":true,"href":"https:\/\/compuviper.mx\/tienda\/wp-json\/wp\/v2\/product_cat?post=262343"},{"taxonomy":"product_tag","embeddable":true,"href":"https:\/\/compuviper.mx\/tienda\/wp-json\/wp\/v2\/product_tag?post=262343"}],"curies":[{"name":"wp","href":"https:\/\/api.w.org\/{rel}","templated":true}]}}