{"id":262267,"date":"2026-04-02T01:46:18","date_gmt":"2026-04-02T07:46:18","guid":{"rendered":"https:\/\/compuviper.mx\/tienda\/producto\/epson-c11cl43301-multifuncional-l6370-ppm-iso-18-negro-9-color-tinta-continua-ecotank-wifi-y-duplex\/"},"modified":"2026-04-02T01:46:18","modified_gmt":"2026-04-02T07:46:18","slug":"epson-c11cl43301-multifuncional-l6370-ppm-iso-18-negro-9-color-tinta-continua-ecotank-wifi-y-duplex","status":"publish","type":"product","link":"https:\/\/compuviper.mx\/tienda\/producto\/epson-c11cl43301-multifuncional-l6370-ppm-iso-18-negro-9-color-tinta-continua-ecotank-wifi-y-duplex\/","title":{"rendered":"Epson C11cl43301 Multifuncional  L6370, Ppm Iso 18 Negro \/ 9 Color, Tinta Continua, Ecotank, Wifi Y Duplex"},"content":{"rendered":"<table class=\"descripcion\">\n<tr>\n<td>Informacion tecnica<\/td>\n<\/tr>\n<tr>\n<td>Generales<\/td>\n<\/tr>\n<tr>\n<td>    *  tecnologia de impresi\u00f3n: tecnologia de inyeccion de tinta 4 colores con tecnologia de inyeccion bajo demanda y cabezal de impresi\u00f3n precisioncore.<\/td>\n<\/tr>\n<tr>\n<td>*idioma de la impresora: epson esc\/p-r<\/td>\n<\/tr>\n<tr>\n<td>    *  resolucion: 4800 x 1200<\/td>\n<\/tr>\n<tr>\n<td>    *  velocidad de impresion: 18,0 iso ppm (negro) 9,0 iso ppm (color)<\/td>\n<\/tr>\n<tr>\n<td>    *  velocidad de impresi\u00f3n doble cara automatica: 7,0 iso ppm (negro) 5,0 iso ppm (color)<\/td>\n<\/tr>\n<tr>\n<td>Epson connect: aplicaci\u00f3n epson smart panel (ios , android) epson email print, chromebook native print.<\/td>\n<\/tr>\n<tr>\n<td>Escaneo<\/td>\n<\/tr>\n<tr>\n<td>*tipo de escaner. superficie plana a color \/ adf (sensor de imagen cis)<\/td>\n<\/tr>\n<tr>\n<td>*resolucion de hardware maxima. 2400 dpi<\/td>\n<\/tr>\n<tr>\n<td>*profundidad de bits del escaner. entrada 48 bits en color \/ salida 24 bits en color (rgb total)<\/td>\n<\/tr>\n<tr>\n<td>*tama\u00f1o maximo de escaneo. maximo 216 mm x 297 mm<\/td>\n<\/tr>\n<tr>\n<td>Funciones escaneo. escaneo a computadora, escaneo automatico a doble cara, escaneo en la nube, escaneo a chromebook<\/td>\n<\/tr>\n<tr>\n<td>Alimentador automatico de documentos. 30 hojas: escaneo de una cara a doble cara, tama\u00f1o maximo de escaneo: 8.5\u0094 x 14\u0094 \/ legal.<\/td>\n<\/tr>\n<tr>\n<td>Interfaz y conetividad<\/td>\n<\/tr>\n<tr>\n<td>   *conectividad estandar: usb de alta velocidad (compatible con usb 2.0), wi-fi 5 (802.11 ac), wi-fi agile multibanda.<\/td>\n<\/tr>\n<tr>\n<td>   *sistemas operativos: windows 11 (64 bits) windows 10 (64 bit) windows 7 (32 bit, 64 bit) mac os x 10.9.5 mac os 15x. chrome os<\/td>\n<\/tr>\n<tr>\n<td>*sistema de servidor: windows server 2008, 2008 r2, 2012, 2012 r2, 2016, 2019, 2022.2025 (32\/64 bits)<\/td>\n<\/tr>\n<tr>\n<td>Manejo de papel y medios<\/td>\n<\/tr>\n<tr>\n<td>   *soporte de papel sin pc: estandar: a4 (210 mm x 297 mm) carta (216 mm x 279 mm) legal (216 mm x 356 mm) legal (216 mm x 356 mm) mexico oficio (216 mm x 341 mm) oficio 9 (215 mm x 315 mm ) folio (215.9 mm x 330.2 mm) ejecutivo (184 mm  x 267 mm ) media carta (140 mm x 216 mm ) a6 (105 mm x 148 mm )<\/td>\n<\/tr>\n<tr>\n<td>   *tipo de papel normal, blanco brillante, fotografico, premium brillante, fotografico premium, mate para presentaciones. mate premium doble cara para presentaciones.<\/td>\n<\/tr>\n<tr>\n<td>   *tipo de papel: papel normal, blanco brillante, papel fotografico brillante, papel fotografico premium semi-brillante, papel fotografico ultra premium brillante, papel para presentaciones mate, papel premium para presentaciones mate.<\/td>\n<\/tr>\n<tr>\n<td>Capacidad de entrada de papel: alimentacion trasera: 250 hojas (papel normal) 20 hojas (papel fotografico)<\/td>\n<\/tr>\n<tr>\n<td>Capacidad de salida de papel: 30 hojas de papel normal.<\/td>\n<\/tr>\n<tr>\n<td>General<\/td>\n<\/tr>\n<tr>\n<td>*ciclo de trabajo: hasta 10 mil paginas ( vol mensual recomendado hasta 1600 paginas)<\/td>\n<\/tr>\n<tr>\n<td>*pantalla: lcd a color de 2,44\u0094<\/td>\n<\/tr>\n<tr>\n<td>*temperatura: en funcionamiento: 50\u00b0 f a 95\u00b0 f (10\u00b0c a 35\u00b0c)<\/td>\n<\/tr>\n<tr>\n<td>*humedad relativa<\/td>\n<\/tr>\n<tr>\n<td>En funcionamiento: 20%- 80% almacenamiento: 5%-85%.<\/td>\n<\/tr>\n<tr>\n<td>Requisitos de energ\u00eda<\/td>\n<\/tr>\n<tr>\n<td>Voltaje nominal: 50 hz-60 hz<\/td>\n<\/tr>\n<tr>\n<td>Corriente nominal: 0.4 a-0.2 a<\/td>\n<\/tr>\n<tr>\n<td>Pais de origen: filipinas<\/td>\n<\/tr>\n<tr>\n<td>Garantia: 2 a\u00f1os con registro de producto.<\/td>\n<\/tr>\n<tr>\n<td>Consumo de energia: aprox 15w iso 24712 (impresi\u00f3n de copia independiente)<\/td>\n<\/tr>\n<tr>\n<td>Aprox 0.1 w (apagada)<\/td>\n<\/tr>\n<tr>\n<td>Normas de seguridad: ul 60950-1 2, 2019-05-09<\/td>\n<\/tr>\n<tr>\n<td>Can\/ csa c22,2 no 60950, 1-07, 2014-10<\/td>\n<\/tr>\n<tr>\n<td>Fcc parte 15 subparte b clase b<\/td>\n<\/tr>\n<tr>\n<td>Ices-003 clase b<\/td>\n<\/tr>\n<tr>\n<td>Peso y dimensiones (ancho x profundidad x alto)<\/td>\n<\/tr>\n<tr>\n<td>En uso (impresi\u00f3n) 14.8 x 19,9\u0094 x10.6\u0094, 375 mm x 506 mm x 269 mm<\/td>\n<\/tr>\n<tr>\n<td>En almacenamiento: 14.8\u0094 x 13.7\u0094x10.6\u0094, 375 mm x 347mm x 269 mm<\/td>\n<\/tr>\n<tr>\n<td>Peso del embalaje: 19.8 lb, 9.0 kg<\/td>\n<\/tr>\n<\/table>\n","protected":false},"excerpt":{"rendered":"<p>Multifuncional epson l6370 impresora perfecta para negocios. Uso eficiente de tinta: viene con suficiente tinta para imprimir hasta 6.600 paginas en negro y 5.500 en color. Impresi\u00f3n movil wifi: imprime y escanea comodamente desde tu dispositivo inteligente con la aplicaci\u00f3n epson smart panel. La impresora perfecta para emprendedores- velocidades de impresi\u00f3n rapidas de hasta 18 ppm en negro y 9 ppm en color seg\u00fan el estandar iso con tiempo de calentamiento cero, alimentador automatico de documentos, bandeja de papel de 250 hojas de alta capacidad.<\/p>\n","protected":false},"featured_media":0,"comment_status":"open","ping_status":"open","template":"","meta":[],"product_cat":[1777,1783],"product_tag":[1624],"acf":[],"yoast_head":"<!-- This site is optimized with the Yoast SEO plugin v21.7 - https:\/\/yoast.com\/wordpress\/plugins\/seo\/ -->\n<title>[ Epson ] &#129351; C11cl43301 Multifuncional L6370, Ppm Iso 18 Negro \/ 9 Color, Tinta Continua, Ecotank, Wifi Y Duplex<\/title>\n<meta name=\"description\" content=\"Compra C11cl43301 Multifuncional L6370, Ppm Iso 18 Negro \/ 9 Color, Tinta Continua, Ecotank, Wifi Y Duplex + Env\u00edo a domicilio + Pago seguro + Garant\u00eda\" \/>\n<meta name=\"robots\" content=\"index, follow, max-snippet:-1, max-image-preview:large, max-video-preview:-1\" \/>\n<link rel=\"canonical\" href=\"https:\/\/compuviper.mx\/tienda\/producto\/epson-c11cl43301-multifuncional-l6370-ppm-iso-18-negro-9-color-tinta-continua-ecotank-wifi-y-duplex\/\" \/>\n<meta property=\"og:locale\" content=\"es_MX\" \/>\n<meta property=\"og:type\" content=\"article\" \/>\n<meta property=\"og:title\" content=\"[ Epson ] &#129351; C11cl43301 Multifuncional L6370, Ppm Iso 18 Negro \/ 9 Color, Tinta Continua, Ecotank, Wifi Y Duplex\" \/>\n<meta property=\"og:description\" content=\"Compra C11cl43301 Multifuncional L6370, Ppm Iso 18 Negro \/ 9 Color, Tinta Continua, Ecotank, Wifi Y Duplex + Env\u00edo a domicilio + Pago seguro + Garant\u00eda\" \/>\n<meta property=\"og:url\" content=\"https:\/\/compuviper.mx\/tienda\/producto\/epson-c11cl43301-multifuncional-l6370-ppm-iso-18-negro-9-color-tinta-continua-ecotank-wifi-y-duplex\/\" \/>\n<meta property=\"og:site_name\" content=\"Compuviper\" \/>\n<meta property=\"article:publisher\" content=\"https:\/\/www.facebook.com\/compuviper\" \/>\n<meta name=\"twitter:card\" content=\"summary_large_image\" \/>\n<meta name=\"twitter:label1\" content=\"Precio\" \/>\n\t<meta name=\"twitter:data1\" content=\"&#36;6,776 con IVA\" \/>\n\t<meta name=\"twitter:label2\" content=\"Availability\" \/>\n\t<meta name=\"twitter:data2\" content=\"In stock\" \/>\n<script type=\"application\/ld+json\" class=\"yoast-schema-graph\">{\"@context\":\"https:\/\/schema.org\",\"@graph\":[{\"@type\":\"WebPage\",\"@id\":\"https:\/\/compuviper.mx\/tienda\/producto\/epson-c11cl43301-multifuncional-l6370-ppm-iso-18-negro-9-color-tinta-continua-ecotank-wifi-y-duplex\/\",\"url\":\"https:\/\/compuviper.mx\/tienda\/producto\/epson-c11cl43301-multifuncional-l6370-ppm-iso-18-negro-9-color-tinta-continua-ecotank-wifi-y-duplex\/\",\"name\":\"[ Epson ] &#129351; C11cl43301 Multifuncional L6370, Ppm Iso 18 Negro \/ 9 Color, Tinta Continua, Ecotank, Wifi Y Duplex\",\"isPartOf\":{\"@id\":\"https:\/\/compuviper.mx\/tienda\/#website\"},\"datePublished\":\"2026-04-02T07:46:18+00:00\",\"dateModified\":\"2026-04-02T07:46:18+00:00\",\"description\":\"Compra C11cl43301 Multifuncional L6370, Ppm Iso 18 Negro \/ 9 Color, Tinta Continua, Ecotank, Wifi Y Duplex + Env\u00edo a domicilio + Pago seguro + Garant\u00eda\",\"breadcrumb\":{\"@id\":\"https:\/\/compuviper.mx\/tienda\/producto\/epson-c11cl43301-multifuncional-l6370-ppm-iso-18-negro-9-color-tinta-continua-ecotank-wifi-y-duplex\/#breadcrumb\"},\"inLanguage\":\"es-MX\",\"potentialAction\":[{\"@type\":\"ReadAction\",\"target\":[\"https:\/\/compuviper.mx\/tienda\/producto\/epson-c11cl43301-multifuncional-l6370-ppm-iso-18-negro-9-color-tinta-continua-ecotank-wifi-y-duplex\/\"]}]},{\"@type\":\"BreadcrumbList\",\"@id\":\"https:\/\/compuviper.mx\/tienda\/producto\/epson-c11cl43301-multifuncional-l6370-ppm-iso-18-negro-9-color-tinta-continua-ecotank-wifi-y-duplex\/#breadcrumb\",\"itemListElement\":[{\"@type\":\"ListItem\",\"position\":1,\"name\":\"Inicio\",\"item\":\"https:\/\/compuviper.mx\/tienda\/\"},{\"@type\":\"ListItem\",\"position\":2,\"name\":\"Productos\",\"item\":\"https:\/\/compuviper.mx\/tienda\/productos\/\"},{\"@type\":\"ListItem\",\"position\":3,\"name\":\"Impresoras\",\"item\":\"https:\/\/compuviper.mx\/tienda\/categoria-producto\/impresoras\/\"},{\"@type\":\"ListItem\",\"position\":4,\"name\":\"Inyeccion De Tinta\",\"item\":\"https:\/\/compuviper.mx\/tienda\/categoria-producto\/impresoras\/inyeccion-de-tinta-impresoras\/\"},{\"@type\":\"ListItem\",\"position\":5,\"name\":\"Epson C11cl43301 Multifuncional L6370, Ppm Iso 18 Negro \/ 9 Color, Tinta Continua, Ecotank, Wifi Y Duplex\"}]},{\"@type\":\"WebSite\",\"@id\":\"https:\/\/compuviper.mx\/tienda\/#website\",\"url\":\"https:\/\/compuviper.mx\/tienda\/\",\"name\":\"Compuviper\",\"description\":\"Proveedor de Computadoras, Laptops, Servidores, Monitores, Puntos de Venta, Teclados,   Impresoras, T\u00f3ner, C\u00e1maras de Seguridad y m\u00e1s en tu tienda en l\u00ednea\",\"publisher\":{\"@id\":\"https:\/\/compuviper.mx\/tienda\/#organization\"},\"potentialAction\":[{\"@type\":\"SearchAction\",\"target\":{\"@type\":\"EntryPoint\",\"urlTemplate\":\"https:\/\/compuviper.mx\/tienda\/?s={search_term_string}\"},\"query-input\":\"required name=search_term_string\"}],\"inLanguage\":\"es-MX\"},{\"@type\":\"Organization\",\"@id\":\"https:\/\/compuviper.mx\/tienda\/#organization\",\"name\":\"Compuviper\",\"url\":\"https:\/\/compuviper.mx\/tienda\/\",\"logo\":{\"@type\":\"ImageObject\",\"inLanguage\":\"es-MX\",\"@id\":\"https:\/\/compuviper.mx\/tienda\/#\/schema\/logo\/image\/\",\"url\":\"https:\/\/compuviper.mx\/tienda\/wp-content\/uploads\/2021\/08\/Logo-Compuviper-10.png\",\"contentUrl\":\"https:\/\/compuviper.mx\/tienda\/wp-content\/uploads\/2021\/08\/Logo-Compuviper-10.png\",\"width\":1000,\"height\":500,\"caption\":\"Compuviper\"},\"image\":{\"@id\":\"https:\/\/compuviper.mx\/tienda\/#\/schema\/logo\/image\/\"},\"sameAs\":[\"https:\/\/www.facebook.com\/compuviper\",\"https:\/\/www.youtube.com\/channel\/UCf73dERp9Y3cfOq7q8BhLjA?view_as=subscriber\"]}]}<\/script>\n<meta property=\"product:brand\" content=\"EPSON\" \/>\n<meta property=\"product:price:amount\" content=\"6776\" \/>\n<meta property=\"product:price:currency\" content=\"MXN\" \/>\n<meta property=\"og:availability\" content=\"instock\" \/>\n<meta property=\"product:availability\" content=\"instock\" \/>\n<meta property=\"product:retailer_item_id\" content=\"C11CL43301\" \/>\n<meta property=\"product:condition\" content=\"new\" \/>\n<!-- \/ Yoast SEO plugin. -->","yoast_head_json":{"title":"[ Epson ] &#129351; C11cl43301 Multifuncional L6370, Ppm Iso 18 Negro \/ 9 Color, Tinta Continua, Ecotank, Wifi Y Duplex","description":"Compra C11cl43301 Multifuncional L6370, Ppm Iso 18 Negro \/ 9 Color, Tinta Continua, Ecotank, Wifi Y Duplex + Env\u00edo a domicilio + Pago seguro + Garant\u00eda","robots":{"index":"index","follow":"follow","max-snippet":"max-snippet:-1","max-image-preview":"max-image-preview:large","max-video-preview":"max-video-preview:-1"},"canonical":"https:\/\/compuviper.mx\/tienda\/producto\/epson-c11cl43301-multifuncional-l6370-ppm-iso-18-negro-9-color-tinta-continua-ecotank-wifi-y-duplex\/","og_locale":"es_MX","og_type":"article","og_title":"[ Epson ] &#129351; C11cl43301 Multifuncional L6370, Ppm Iso 18 Negro \/ 9 Color, Tinta Continua, Ecotank, Wifi Y Duplex","og_description":"Compra C11cl43301 Multifuncional L6370, Ppm Iso 18 Negro \/ 9 Color, Tinta Continua, Ecotank, Wifi Y Duplex + Env\u00edo a domicilio + Pago seguro + Garant\u00eda","og_url":"https:\/\/compuviper.mx\/tienda\/producto\/epson-c11cl43301-multifuncional-l6370-ppm-iso-18-negro-9-color-tinta-continua-ecotank-wifi-y-duplex\/","og_site_name":"Compuviper","article_publisher":"https:\/\/www.facebook.com\/compuviper","twitter_card":"summary_large_image","twitter_misc":{"Precio":"&#36;6,776 con IVA","Availability":"In stock"},"schema":{"@context":"https:\/\/schema.org","@graph":[{"@type":"WebPage","@id":"https:\/\/compuviper.mx\/tienda\/producto\/epson-c11cl43301-multifuncional-l6370-ppm-iso-18-negro-9-color-tinta-continua-ecotank-wifi-y-duplex\/","url":"https:\/\/compuviper.mx\/tienda\/producto\/epson-c11cl43301-multifuncional-l6370-ppm-iso-18-negro-9-color-tinta-continua-ecotank-wifi-y-duplex\/","name":"[ Epson ] &#129351; C11cl43301 Multifuncional L6370, Ppm Iso 18 Negro \/ 9 Color, Tinta Continua, Ecotank, Wifi Y Duplex","isPartOf":{"@id":"https:\/\/compuviper.mx\/tienda\/#website"},"datePublished":"2026-04-02T07:46:18+00:00","dateModified":"2026-04-02T07:46:18+00:00","description":"Compra C11cl43301 Multifuncional L6370, Ppm Iso 18 Negro \/ 9 Color, Tinta Continua, Ecotank, Wifi Y Duplex + Env\u00edo a domicilio + Pago seguro + Garant\u00eda","breadcrumb":{"@id":"https:\/\/compuviper.mx\/tienda\/producto\/epson-c11cl43301-multifuncional-l6370-ppm-iso-18-negro-9-color-tinta-continua-ecotank-wifi-y-duplex\/#breadcrumb"},"inLanguage":"es-MX","potentialAction":[{"@type":"ReadAction","target":["https:\/\/compuviper.mx\/tienda\/producto\/epson-c11cl43301-multifuncional-l6370-ppm-iso-18-negro-9-color-tinta-continua-ecotank-wifi-y-duplex\/"]}]},{"@type":"BreadcrumbList","@id":"https:\/\/compuviper.mx\/tienda\/producto\/epson-c11cl43301-multifuncional-l6370-ppm-iso-18-negro-9-color-tinta-continua-ecotank-wifi-y-duplex\/#breadcrumb","itemListElement":[{"@type":"ListItem","position":1,"name":"Inicio","item":"https:\/\/compuviper.mx\/tienda\/"},{"@type":"ListItem","position":2,"name":"Productos","item":"https:\/\/compuviper.mx\/tienda\/productos\/"},{"@type":"ListItem","position":3,"name":"Impresoras","item":"https:\/\/compuviper.mx\/tienda\/categoria-producto\/impresoras\/"},{"@type":"ListItem","position":4,"name":"Inyeccion De Tinta","item":"https:\/\/compuviper.mx\/tienda\/categoria-producto\/impresoras\/inyeccion-de-tinta-impresoras\/"},{"@type":"ListItem","position":5,"name":"Epson C11cl43301 Multifuncional L6370, Ppm Iso 18 Negro \/ 9 Color, Tinta Continua, Ecotank, Wifi Y Duplex"}]},{"@type":"WebSite","@id":"https:\/\/compuviper.mx\/tienda\/#website","url":"https:\/\/compuviper.mx\/tienda\/","name":"Compuviper","description":"Proveedor de Computadoras, Laptops, Servidores, Monitores, Puntos de Venta, Teclados,   Impresoras, T\u00f3ner, C\u00e1maras de Seguridad y m\u00e1s en tu tienda en l\u00ednea","publisher":{"@id":"https:\/\/compuviper.mx\/tienda\/#organization"},"potentialAction":[{"@type":"SearchAction","target":{"@type":"EntryPoint","urlTemplate":"https:\/\/compuviper.mx\/tienda\/?s={search_term_string}"},"query-input":"required name=search_term_string"}],"inLanguage":"es-MX"},{"@type":"Organization","@id":"https:\/\/compuviper.mx\/tienda\/#organization","name":"Compuviper","url":"https:\/\/compuviper.mx\/tienda\/","logo":{"@type":"ImageObject","inLanguage":"es-MX","@id":"https:\/\/compuviper.mx\/tienda\/#\/schema\/logo\/image\/","url":"https:\/\/compuviper.mx\/tienda\/wp-content\/uploads\/2021\/08\/Logo-Compuviper-10.png","contentUrl":"https:\/\/compuviper.mx\/tienda\/wp-content\/uploads\/2021\/08\/Logo-Compuviper-10.png","width":1000,"height":500,"caption":"Compuviper"},"image":{"@id":"https:\/\/compuviper.mx\/tienda\/#\/schema\/logo\/image\/"},"sameAs":["https:\/\/www.facebook.com\/compuviper","https:\/\/www.youtube.com\/channel\/UCf73dERp9Y3cfOq7q8BhLjA?view_as=subscriber"]}]},"product_brand":"EPSON","product_price_amount":"6776","product_price_currency":"MXN","og_availability":"instock","product_availability":"instock","product_retailer_item_id":"C11CL43301","product_condition":"new"},"_links":{"self":[{"href":"https:\/\/compuviper.mx\/tienda\/wp-json\/wp\/v2\/product\/262267"}],"collection":[{"href":"https:\/\/compuviper.mx\/tienda\/wp-json\/wp\/v2\/product"}],"about":[{"href":"https:\/\/compuviper.mx\/tienda\/wp-json\/wp\/v2\/types\/product"}],"replies":[{"embeddable":true,"href":"https:\/\/compuviper.mx\/tienda\/wp-json\/wp\/v2\/comments?post=262267"}],"wp:attachment":[{"href":"https:\/\/compuviper.mx\/tienda\/wp-json\/wp\/v2\/media?parent=262267"}],"wp:term":[{"taxonomy":"product_cat","embeddable":true,"href":"https:\/\/compuviper.mx\/tienda\/wp-json\/wp\/v2\/product_cat?post=262267"},{"taxonomy":"product_tag","embeddable":true,"href":"https:\/\/compuviper.mx\/tienda\/wp-json\/wp\/v2\/product_tag?post=262267"}],"curies":[{"name":"wp","href":"https:\/\/api.w.org\/{rel}","templated":true}]}}