{"id":262104,"date":"2026-04-02T02:19:38","date_gmt":"2026-04-02T08:19:38","guid":{"rendered":"https:\/\/compuviper.mx\/tienda\/producto\/microsoft-ep2-25187-oem-windows-server-standard-2025-64-bits-ingles-1-pk-dsp-oei-dvd-hasta-16-core\/"},"modified":"2026-04-02T02:19:39","modified_gmt":"2026-04-02T08:19:39","slug":"microsoft-ep2-25187-oem-windows-server-standard-2025-64-bits-ingles-1-pk-dsp-oei-dvd-hasta-16-core","status":"publish","type":"product","link":"https:\/\/compuviper.mx\/tienda\/producto\/microsoft-ep2-25187-oem-windows-server-standard-2025-64-bits-ingles-1-pk-dsp-oei-dvd-hasta-16-core\/","title":{"rendered":"Microsoft Ep2-25187  Oem Windows Server Standard 2025 64 Bits Ingles 1 Pk Dsp Oei Dvd Hasta 16 Core"},"content":{"rendered":"<table class=\"descripcion\">\n<tr>\n<td>Modelo de licencias: basado en n\u00facleos f\u00edsicos. cada servidor requiere un m\u00ednimo de 16 licencias de n\u00facleo<\/td>\n<\/tr>\n<tr>\n<td>Requisitos de licencia cal: necesitas una licencia de acceso de cliente (cal) para cada usuario o dispositivo que acceda al servidor<\/td>\n<\/tr>\n<tr>\n<td>Virtualizaci\u00f3n: permite hasta dos m\u00e1quinas virtuales y un host de hyper-v por licencia<\/td>\n<\/tr>\n<tr>\n<td>Contenedores: soporta contenedores de windows ilimitados y hasta dos contenedores de hyper-v<\/td>\n<\/tr>\n<tr>\n<td>R\u00e9plica de almacenamiento: una asociaci\u00f3n y un grupo de recursos con un solo volumen de hasta 2 tb<\/td>\n<\/tr>\n<tr>\n<td>Ram m\u00e1xima: soporta hasta 4 pb para hosts que admiten paginaci\u00f3n de 5 niveles y 256 tb para hosts que admiten paginaci\u00f3n de 4 niveles.<\/td>\n<\/tr>\n<tr>\n<td>Version ingles<\/td>\n<\/tr>\n<\/table>\n","protected":false},"excerpt":{"rendered":"<p>Windows server 2025 standard coem es ideal para peque\u00f1as y medianas empresas que necesitan un servidor confiable y eficiente. Esta edici\u00f3n permite la virtualizaci\u00f3n b\u00e1sica con hasta dos m\u00e1quinas virtuales y un host de hyper-v. Adem\u00e1s, ofrece soporte para contenedores de windows ilimitados y hasta dos contenedores de hyper-v. Es una soluci\u00f3n perfecta para entornos f\u00edsicos o m\u00ednimamente virtualizados, asegurando un rendimiento robusto y una administraci\u00f3n simplificada.<\/p>\n","protected":false},"featured_media":0,"comment_status":"open","ping_status":"open","template":"","meta":[],"product_cat":[1827,1828],"product_tag":[1831],"acf":[],"yoast_head":"<!-- This site is optimized with the Yoast SEO plugin v21.7 - https:\/\/yoast.com\/wordpress\/plugins\/seo\/ -->\n<title>[ Microsoft ] &#129351; Ep2-25187 Oem Windows Server Standard 2025 64 Bits Ingles 1 Pk Dsp Oei Dvd Hasta 16 Core<\/title>\n<meta name=\"description\" content=\"Compra Ep2-25187 Oem Windows Server Standard 2025 64 Bits Ingles 1 Pk Dsp Oei Dvd Hasta 16 Core + Env\u00edo a domicilio + Pago seguro + Garant\u00eda\" \/>\n<meta name=\"robots\" content=\"index, follow, max-snippet:-1, max-image-preview:large, max-video-preview:-1\" \/>\n<link rel=\"canonical\" href=\"https:\/\/compuviper.mx\/tienda\/producto\/microsoft-ep2-25187-oem-windows-server-standard-2025-64-bits-ingles-1-pk-dsp-oei-dvd-hasta-16-core\/\" \/>\n<meta property=\"og:locale\" content=\"es_MX\" \/>\n<meta property=\"og:type\" content=\"article\" \/>\n<meta property=\"og:title\" content=\"[ Microsoft ] &#129351; Ep2-25187 Oem Windows Server Standard 2025 64 Bits Ingles 1 Pk Dsp Oei Dvd Hasta 16 Core\" \/>\n<meta property=\"og:description\" content=\"Compra Ep2-25187 Oem Windows Server Standard 2025 64 Bits Ingles 1 Pk Dsp Oei Dvd Hasta 16 Core + Env\u00edo a domicilio + Pago seguro + Garant\u00eda\" \/>\n<meta property=\"og:url\" content=\"https:\/\/compuviper.mx\/tienda\/producto\/microsoft-ep2-25187-oem-windows-server-standard-2025-64-bits-ingles-1-pk-dsp-oei-dvd-hasta-16-core\/\" \/>\n<meta property=\"og:site_name\" content=\"Compuviper\" \/>\n<meta property=\"article:publisher\" content=\"https:\/\/www.facebook.com\/compuviper\" \/>\n<meta property=\"article:modified_time\" content=\"2026-04-02T08:19:39+00:00\" \/>\n<meta name=\"twitter:card\" content=\"summary_large_image\" \/>\n<meta name=\"twitter:label1\" content=\"Precio\" \/>\n\t<meta name=\"twitter:data1\" content=\"&#36;18,615 con IVA\" \/>\n\t<meta name=\"twitter:label2\" content=\"Availability\" \/>\n\t<meta name=\"twitter:data2\" content=\"On backorder\" \/>\n<script type=\"application\/ld+json\" class=\"yoast-schema-graph\">{\"@context\":\"https:\/\/schema.org\",\"@graph\":[{\"@type\":\"WebPage\",\"@id\":\"https:\/\/compuviper.mx\/tienda\/producto\/microsoft-ep2-25187-oem-windows-server-standard-2025-64-bits-ingles-1-pk-dsp-oei-dvd-hasta-16-core\/\",\"url\":\"https:\/\/compuviper.mx\/tienda\/producto\/microsoft-ep2-25187-oem-windows-server-standard-2025-64-bits-ingles-1-pk-dsp-oei-dvd-hasta-16-core\/\",\"name\":\"[ Microsoft ] &#129351; Ep2-25187 Oem Windows Server Standard 2025 64 Bits Ingles 1 Pk Dsp Oei Dvd Hasta 16 Core\",\"isPartOf\":{\"@id\":\"https:\/\/compuviper.mx\/tienda\/#website\"},\"datePublished\":\"2026-04-02T08:19:38+00:00\",\"dateModified\":\"2026-04-02T08:19:39+00:00\",\"description\":\"Compra Ep2-25187 Oem Windows Server Standard 2025 64 Bits Ingles 1 Pk Dsp Oei Dvd Hasta 16 Core + Env\u00edo a domicilio + Pago seguro + Garant\u00eda\",\"breadcrumb\":{\"@id\":\"https:\/\/compuviper.mx\/tienda\/producto\/microsoft-ep2-25187-oem-windows-server-standard-2025-64-bits-ingles-1-pk-dsp-oei-dvd-hasta-16-core\/#breadcrumb\"},\"inLanguage\":\"es-MX\",\"potentialAction\":[{\"@type\":\"ReadAction\",\"target\":[\"https:\/\/compuviper.mx\/tienda\/producto\/microsoft-ep2-25187-oem-windows-server-standard-2025-64-bits-ingles-1-pk-dsp-oei-dvd-hasta-16-core\/\"]}]},{\"@type\":\"BreadcrumbList\",\"@id\":\"https:\/\/compuviper.mx\/tienda\/producto\/microsoft-ep2-25187-oem-windows-server-standard-2025-64-bits-ingles-1-pk-dsp-oei-dvd-hasta-16-core\/#breadcrumb\",\"itemListElement\":[{\"@type\":\"ListItem\",\"position\":1,\"name\":\"Inicio\",\"item\":\"https:\/\/compuviper.mx\/tienda\/\"},{\"@type\":\"ListItem\",\"position\":2,\"name\":\"Productos\",\"item\":\"https:\/\/compuviper.mx\/tienda\/productos\/\"},{\"@type\":\"ListItem\",\"position\":3,\"name\":\"Software\",\"item\":\"https:\/\/compuviper.mx\/tienda\/categoria-producto\/software\/\"},{\"@type\":\"ListItem\",\"position\":4,\"name\":\"Licenciamiento Caja\",\"item\":\"https:\/\/compuviper.mx\/tienda\/categoria-producto\/software\/licenciamiento-caja\/\"},{\"@type\":\"ListItem\",\"position\":5,\"name\":\"Microsoft Ep2-25187 Oem Windows Server Standard 2025 64 Bits Ingles 1 Pk Dsp Oei Dvd Hasta 16 Core\"}]},{\"@type\":\"WebSite\",\"@id\":\"https:\/\/compuviper.mx\/tienda\/#website\",\"url\":\"https:\/\/compuviper.mx\/tienda\/\",\"name\":\"Compuviper\",\"description\":\"Proveedor de Computadoras, Laptops, Servidores, Monitores, Puntos de Venta, Teclados,   Impresoras, T\u00f3ner, C\u00e1maras de Seguridad y m\u00e1s en tu tienda en l\u00ednea\",\"publisher\":{\"@id\":\"https:\/\/compuviper.mx\/tienda\/#organization\"},\"potentialAction\":[{\"@type\":\"SearchAction\",\"target\":{\"@type\":\"EntryPoint\",\"urlTemplate\":\"https:\/\/compuviper.mx\/tienda\/?s={search_term_string}\"},\"query-input\":\"required name=search_term_string\"}],\"inLanguage\":\"es-MX\"},{\"@type\":\"Organization\",\"@id\":\"https:\/\/compuviper.mx\/tienda\/#organization\",\"name\":\"Compuviper\",\"url\":\"https:\/\/compuviper.mx\/tienda\/\",\"logo\":{\"@type\":\"ImageObject\",\"inLanguage\":\"es-MX\",\"@id\":\"https:\/\/compuviper.mx\/tienda\/#\/schema\/logo\/image\/\",\"url\":\"https:\/\/compuviper.mx\/tienda\/wp-content\/uploads\/2021\/08\/Logo-Compuviper-10.png\",\"contentUrl\":\"https:\/\/compuviper.mx\/tienda\/wp-content\/uploads\/2021\/08\/Logo-Compuviper-10.png\",\"width\":1000,\"height\":500,\"caption\":\"Compuviper\"},\"image\":{\"@id\":\"https:\/\/compuviper.mx\/tienda\/#\/schema\/logo\/image\/\"},\"sameAs\":[\"https:\/\/www.facebook.com\/compuviper\",\"https:\/\/www.youtube.com\/channel\/UCf73dERp9Y3cfOq7q8BhLjA?view_as=subscriber\"]}]}<\/script>\n<meta property=\"product:brand\" content=\"MICROSOFT\" \/>\n<meta property=\"product:price:amount\" content=\"18615\" \/>\n<meta property=\"product:price:currency\" content=\"MXN\" \/>\n<meta property=\"og:availability\" content=\"backorder\" \/>\n<meta property=\"product:availability\" content=\"available for order\" \/>\n<meta property=\"product:retailer_item_id\" content=\"EP2-25187\" \/>\n<meta property=\"product:condition\" content=\"new\" \/>\n<!-- \/ Yoast SEO plugin. -->","yoast_head_json":{"title":"[ Microsoft ] &#129351; Ep2-25187 Oem Windows Server Standard 2025 64 Bits Ingles 1 Pk Dsp Oei Dvd Hasta 16 Core","description":"Compra Ep2-25187 Oem Windows Server Standard 2025 64 Bits Ingles 1 Pk Dsp Oei Dvd Hasta 16 Core + Env\u00edo a domicilio + Pago seguro + Garant\u00eda","robots":{"index":"index","follow":"follow","max-snippet":"max-snippet:-1","max-image-preview":"max-image-preview:large","max-video-preview":"max-video-preview:-1"},"canonical":"https:\/\/compuviper.mx\/tienda\/producto\/microsoft-ep2-25187-oem-windows-server-standard-2025-64-bits-ingles-1-pk-dsp-oei-dvd-hasta-16-core\/","og_locale":"es_MX","og_type":"article","og_title":"[ Microsoft ] &#129351; Ep2-25187 Oem Windows Server Standard 2025 64 Bits Ingles 1 Pk Dsp Oei Dvd Hasta 16 Core","og_description":"Compra Ep2-25187 Oem Windows Server Standard 2025 64 Bits Ingles 1 Pk Dsp Oei Dvd Hasta 16 Core + Env\u00edo a domicilio + Pago seguro + Garant\u00eda","og_url":"https:\/\/compuviper.mx\/tienda\/producto\/microsoft-ep2-25187-oem-windows-server-standard-2025-64-bits-ingles-1-pk-dsp-oei-dvd-hasta-16-core\/","og_site_name":"Compuviper","article_publisher":"https:\/\/www.facebook.com\/compuviper","article_modified_time":"2026-04-02T08:19:39+00:00","twitter_card":"summary_large_image","twitter_misc":{"Precio":"&#36;18,615 con IVA","Availability":"On backorder"},"schema":{"@context":"https:\/\/schema.org","@graph":[{"@type":"WebPage","@id":"https:\/\/compuviper.mx\/tienda\/producto\/microsoft-ep2-25187-oem-windows-server-standard-2025-64-bits-ingles-1-pk-dsp-oei-dvd-hasta-16-core\/","url":"https:\/\/compuviper.mx\/tienda\/producto\/microsoft-ep2-25187-oem-windows-server-standard-2025-64-bits-ingles-1-pk-dsp-oei-dvd-hasta-16-core\/","name":"[ Microsoft ] &#129351; Ep2-25187 Oem Windows Server Standard 2025 64 Bits Ingles 1 Pk Dsp Oei Dvd Hasta 16 Core","isPartOf":{"@id":"https:\/\/compuviper.mx\/tienda\/#website"},"datePublished":"2026-04-02T08:19:38+00:00","dateModified":"2026-04-02T08:19:39+00:00","description":"Compra Ep2-25187 Oem Windows Server Standard 2025 64 Bits Ingles 1 Pk Dsp Oei Dvd Hasta 16 Core + Env\u00edo a domicilio + Pago seguro + Garant\u00eda","breadcrumb":{"@id":"https:\/\/compuviper.mx\/tienda\/producto\/microsoft-ep2-25187-oem-windows-server-standard-2025-64-bits-ingles-1-pk-dsp-oei-dvd-hasta-16-core\/#breadcrumb"},"inLanguage":"es-MX","potentialAction":[{"@type":"ReadAction","target":["https:\/\/compuviper.mx\/tienda\/producto\/microsoft-ep2-25187-oem-windows-server-standard-2025-64-bits-ingles-1-pk-dsp-oei-dvd-hasta-16-core\/"]}]},{"@type":"BreadcrumbList","@id":"https:\/\/compuviper.mx\/tienda\/producto\/microsoft-ep2-25187-oem-windows-server-standard-2025-64-bits-ingles-1-pk-dsp-oei-dvd-hasta-16-core\/#breadcrumb","itemListElement":[{"@type":"ListItem","position":1,"name":"Inicio","item":"https:\/\/compuviper.mx\/tienda\/"},{"@type":"ListItem","position":2,"name":"Productos","item":"https:\/\/compuviper.mx\/tienda\/productos\/"},{"@type":"ListItem","position":3,"name":"Software","item":"https:\/\/compuviper.mx\/tienda\/categoria-producto\/software\/"},{"@type":"ListItem","position":4,"name":"Licenciamiento Caja","item":"https:\/\/compuviper.mx\/tienda\/categoria-producto\/software\/licenciamiento-caja\/"},{"@type":"ListItem","position":5,"name":"Microsoft Ep2-25187 Oem Windows Server Standard 2025 64 Bits Ingles 1 Pk Dsp Oei Dvd Hasta 16 Core"}]},{"@type":"WebSite","@id":"https:\/\/compuviper.mx\/tienda\/#website","url":"https:\/\/compuviper.mx\/tienda\/","name":"Compuviper","description":"Proveedor de Computadoras, Laptops, Servidores, Monitores, Puntos de Venta, Teclados,   Impresoras, T\u00f3ner, C\u00e1maras de Seguridad y m\u00e1s en tu tienda en l\u00ednea","publisher":{"@id":"https:\/\/compuviper.mx\/tienda\/#organization"},"potentialAction":[{"@type":"SearchAction","target":{"@type":"EntryPoint","urlTemplate":"https:\/\/compuviper.mx\/tienda\/?s={search_term_string}"},"query-input":"required name=search_term_string"}],"inLanguage":"es-MX"},{"@type":"Organization","@id":"https:\/\/compuviper.mx\/tienda\/#organization","name":"Compuviper","url":"https:\/\/compuviper.mx\/tienda\/","logo":{"@type":"ImageObject","inLanguage":"es-MX","@id":"https:\/\/compuviper.mx\/tienda\/#\/schema\/logo\/image\/","url":"https:\/\/compuviper.mx\/tienda\/wp-content\/uploads\/2021\/08\/Logo-Compuviper-10.png","contentUrl":"https:\/\/compuviper.mx\/tienda\/wp-content\/uploads\/2021\/08\/Logo-Compuviper-10.png","width":1000,"height":500,"caption":"Compuviper"},"image":{"@id":"https:\/\/compuviper.mx\/tienda\/#\/schema\/logo\/image\/"},"sameAs":["https:\/\/www.facebook.com\/compuviper","https:\/\/www.youtube.com\/channel\/UCf73dERp9Y3cfOq7q8BhLjA?view_as=subscriber"]}]},"product_brand":"MICROSOFT","product_price_amount":"18615","product_price_currency":"MXN","og_availability":"backorder","product_availability":"available for order","product_retailer_item_id":"EP2-25187","product_condition":"new"},"_links":{"self":[{"href":"https:\/\/compuviper.mx\/tienda\/wp-json\/wp\/v2\/product\/262104"}],"collection":[{"href":"https:\/\/compuviper.mx\/tienda\/wp-json\/wp\/v2\/product"}],"about":[{"href":"https:\/\/compuviper.mx\/tienda\/wp-json\/wp\/v2\/types\/product"}],"replies":[{"embeddable":true,"href":"https:\/\/compuviper.mx\/tienda\/wp-json\/wp\/v2\/comments?post=262104"}],"wp:attachment":[{"href":"https:\/\/compuviper.mx\/tienda\/wp-json\/wp\/v2\/media?parent=262104"}],"wp:term":[{"taxonomy":"product_cat","embeddable":true,"href":"https:\/\/compuviper.mx\/tienda\/wp-json\/wp\/v2\/product_cat?post=262104"},{"taxonomy":"product_tag","embeddable":true,"href":"https:\/\/compuviper.mx\/tienda\/wp-json\/wp\/v2\/product_tag?post=262104"}],"curies":[{"name":"wp","href":"https:\/\/api.w.org\/{rel}","templated":true}]}}