{"id":262085,"date":"2026-04-15T01:19:48","date_gmt":"2026-04-15T07:19:48","guid":{"rendered":"https:\/\/compuviper.mx\/tienda\/producto\/lenovo-82x70004lm-laptop-ideapad-slim-3-15iru8-core-i3-1315u-1-2-ghz-8gb-512gb-15-6-touch-color-gris-artico-win-11-home-1-ao-en-centro-de-servicio\/"},"modified":"2026-04-15T01:19:48","modified_gmt":"2026-04-15T07:19:48","slug":"lenovo-82x70004lm-laptop-ideapad-slim-3-15iru8-core-i3-1315u-1-2-ghz-8gb-512gb-15-6-touch-color-gris-artico-win-11-home-1-ao-en-centro-de-servicio","status":"publish","type":"product","link":"https:\/\/compuviper.mx\/tienda\/producto\/lenovo-82x70004lm-laptop-ideapad-slim-3-15iru8-core-i3-1315u-1-2-ghz-8gb-512gb-15-6-touch-color-gris-artico-win-11-home-1-ao-en-centro-de-servicio\/","title":{"rendered":"Lenovo 82x70004lm Laptop  Ideapad Slim 3 15iru8\/core I3-1315u 1.2 Ghz\/8gb\/512gb\/15.6\/touch\/color Gris Artico\/win 11 Home\/ 1 A?o En Centro De Servicio"},"content":{"rendered":"<table class=\"descripcion\">\n<tr>\n<td>Marca: lenovo<\/td>\n<\/tr>\n<tr>\n<td>Familia: ideapad slim 3 15iru8<\/td>\n<\/tr>\n<tr>\n<td>No. parte: 82x70004lm<\/td>\n<\/tr>\n<tr>\n<td>Procesador: intel core  i3-1315u, 6 nucleos (2 nucleos + 4 nucleos de ingenieria) \/ 8 hilos, nucleo de procesamiento: 1,2 \/ 4,5 ghz, nucleo de ingenieria: 0,9 \/ 3,3 ghz, 10 mb de ram<\/td>\n<\/tr>\n<tr>\n<td>Graficos: intel uhd integrados<\/td>\n<\/tr>\n<tr>\n<td>Conjunto de chips: plataforma intel soc<\/td>\n<\/tr>\n<tr>\n<td>Memoria: lpddr5-4800 soldada de 8 gb<\/td>\n<\/tr>\n<tr>\n<td>Ranuras de memoria: memoria soldada a la placa base, sin ranuras, un solo canal (modelos de 4 gb u 8 gb).<\/td>\n<\/tr>\n<tr>\n<td>Memoria maxima: 8gb no ampliable<\/td>\n<\/tr>\n<tr>\n<td>Almacenamiento: ssd m.2 2242 pcie 4.0&#215;4 nvme  de 512 gb<\/td>\n<\/tr>\n<tr>\n<td>Ranura de almacenamiento: una ranura m.2 pcie 4.0 x4 (modelos ssd m.2)<\/td>\n<\/tr>\n<tr>\n<td>Soporte de almacenamiento: una unidad , hasta 1 tb ssd m.2 2242<\/td>\n<\/tr>\n<tr>\n<td>Chip de audio: audio de alta definicion (hd)<\/td>\n<\/tr>\n<tr>\n<td>Altavoces :estereo orientados al usuario, 1,5 w x2, optimizados con dolby audio<\/td>\n<\/tr>\n<tr>\n<td>Microfono: 2x matriz<\/td>\n<\/tr>\n<tr>\n<td>Camara: fhd 1080p con obturador de privacidad<\/td>\n<\/tr>\n<tr>\n<td>Bateria: 47wh<\/td>\n<\/tr>\n<tr>\n<td>Adaptador de corriente: punta redonda de 65w (3 pines)<\/td>\n<\/tr>\n<tr>\n<td>Pantalla: tactil fhd de 15,6 (1920 x 1080) ips de 300 nits antirreflejos<\/td>\n<\/tr>\n<tr>\n<td>Pantalla tactil: pantalla tactil multitactil de 10 puntos integrada en la celda<\/td>\n<\/tr>\n<tr>\n<td>Panel tactil: panel tactil  multitactil sin  botones con supericie  mylar, compatible con precision touch pad (ptp), 69 x 104 mm (2,72 x 4,09 pulgadas)<\/td>\n<\/tr>\n<tr>\n<td>Dimensiones (ancho x profundidad x alto):359,3 x 235 x 17,9 mm (14,15 x 9,25 x 0,70 pulgadas)<\/td>\n<\/tr>\n<tr>\n<td>Peso: a partir de 1,62 kg (3,57 libras)<\/td>\n<\/tr>\n<tr>\n<td>Color de la caja: gris artico<\/td>\n<\/tr>\n<tr>\n<td>Material de la caja: pc-abs (superior), pc-abs (inferior)<\/td>\n<\/tr>\n<tr>\n<td>Sistema operativo: windows 11 home<\/td>\n<\/tr>\n<tr>\n<td>Conectividad:<\/td>\n<\/tr>\n<tr>\n<td>Wlan + bluetooth :wi-fi 6, 802.11ax 2&#215;2 + bt5.2<\/td>\n<\/tr>\n<tr>\n<td>Ethernet: no<\/td>\n<\/tr>\n<tr>\n<td>Puertos estandar:<\/td>\n<\/tr>\n<tr>\n<td>2 puertos usb 3.2 gen 1<\/td>\n<\/tr>\n<tr>\n<td>1 puerto usb-c\u00ae 3.2 gen 1 (compatible con transferencia de datos, suministro de energ\u00eda y displayport\u0099 1.2)<\/td>\n<\/tr>\n<tr>\n<td>1x hdmi 1.4<\/td>\n<\/tr>\n<tr>\n<td>1 conector combinado para auriculares\/microfono (3,5mm)<\/td>\n<\/tr>\n<tr>\n<td>1 lector de tarjetas<\/td>\n<\/tr>\n<tr>\n<td>1 conector de alimentacion<\/td>\n<\/tr>\n<tr>\n<td>Garantia basica: 1 a\u00f1o en centro de servicio<\/td>\n<\/tr>\n<tr>\n<td>**no te arriesgues proteje tu equipo** adquiere la extensi\u00f3n de garantia y\/o servicios adicionales como garantia contra da\u00f1os de accidentes.<\/td>\n<\/tr>\n<tr>\n<td>La imagen presentada es ilustrativa puede variar<\/td>\n<\/tr>\n<\/table>\n","protected":false},"excerpt":{"rendered":"<p>Lenovo ideapad el equipo ideal para toda la familia<\/p>\n","protected":false},"featured_media":0,"comment_status":"open","ping_status":"open","template":"","meta":[],"product_cat":[1886,1887],"product_tag":[1578],"acf":[],"yoast_head":"<!-- This site is optimized with the Yoast SEO plugin v21.7 - https:\/\/yoast.com\/wordpress\/plugins\/seo\/ -->\n<title>[ Lenovo ] &#129351; 82x70004lm Laptop Ideapad Slim 3 15iru8\/core I3-1315u 1.2 Ghz\/8gb\/512gb\/15.6\/touch\/color Gris Artico\/win 11 Home\/ 1 A\u00f1o En Centro De Servicio<\/title>\n<meta name=\"description\" content=\"Compra 82x70004lm Laptop Ideapad Slim 3 15iru8\/core I3-1315u 1.2 Ghz\/8gb\/512gb\/15.6\/touch\/color Gris Artico\/win 11 Home\/ 1 A\u00f1o En Centro De Servicio + Env\u00edo a domicilio + Pago seguro + Garant\u00eda\" \/>\n<meta name=\"robots\" content=\"index, follow, max-snippet:-1, max-image-preview:large, max-video-preview:-1\" \/>\n<link rel=\"canonical\" href=\"https:\/\/compuviper.mx\/tienda\/producto\/lenovo-82x70004lm-laptop-ideapad-slim-3-15iru8-core-i3-1315u-1-2-ghz-8gb-512gb-15-6-touch-color-gris-artico-win-11-home-1-ao-en-centro-de-servicio\/\" \/>\n<meta property=\"og:locale\" content=\"es_MX\" \/>\n<meta property=\"og:type\" content=\"article\" \/>\n<meta property=\"og:title\" content=\"[ Lenovo ] &#129351; 82x70004lm Laptop Ideapad Slim 3 15iru8\/core I3-1315u 1.2 Ghz\/8gb\/512gb\/15.6\/touch\/color Gris Artico\/win 11 Home\/ 1 A\u00f1o En Centro De Servicio\" \/>\n<meta property=\"og:description\" content=\"Compra 82x70004lm Laptop Ideapad Slim 3 15iru8\/core I3-1315u 1.2 Ghz\/8gb\/512gb\/15.6\/touch\/color Gris Artico\/win 11 Home\/ 1 A\u00f1o En Centro De Servicio + Env\u00edo a domicilio + Pago seguro + Garant\u00eda\" \/>\n<meta property=\"og:url\" content=\"https:\/\/compuviper.mx\/tienda\/producto\/lenovo-82x70004lm-laptop-ideapad-slim-3-15iru8-core-i3-1315u-1-2-ghz-8gb-512gb-15-6-touch-color-gris-artico-win-11-home-1-ao-en-centro-de-servicio\/\" \/>\n<meta property=\"og:site_name\" content=\"Compuviper\" \/>\n<meta property=\"article:publisher\" content=\"https:\/\/www.facebook.com\/compuviper\" \/>\n<meta name=\"twitter:card\" content=\"summary_large_image\" \/>\n<meta name=\"twitter:label1\" content=\"Precio\" \/>\n\t<meta name=\"twitter:data1\" content=\"&#36;10,551 &#36;9,794 con IVA\" \/>\n\t<meta name=\"twitter:label2\" content=\"Availability\" \/>\n\t<meta name=\"twitter:data2\" content=\"In stock\" \/>\n<script type=\"application\/ld+json\" class=\"yoast-schema-graph\">{\"@context\":\"https:\/\/schema.org\",\"@graph\":[{\"@type\":\"WebPage\",\"@id\":\"https:\/\/compuviper.mx\/tienda\/producto\/lenovo-82x70004lm-laptop-ideapad-slim-3-15iru8-core-i3-1315u-1-2-ghz-8gb-512gb-15-6-touch-color-gris-artico-win-11-home-1-ao-en-centro-de-servicio\/\",\"url\":\"https:\/\/compuviper.mx\/tienda\/producto\/lenovo-82x70004lm-laptop-ideapad-slim-3-15iru8-core-i3-1315u-1-2-ghz-8gb-512gb-15-6-touch-color-gris-artico-win-11-home-1-ao-en-centro-de-servicio\/\",\"name\":\"[ Lenovo ] &#129351; 82x70004lm Laptop Ideapad Slim 3 15iru8\/core I3-1315u 1.2 Ghz\/8gb\/512gb\/15.6\/touch\/color Gris Artico\/win 11 Home\/ 1 A\u00f1o En Centro De Servicio\",\"isPartOf\":{\"@id\":\"https:\/\/compuviper.mx\/tienda\/#website\"},\"datePublished\":\"2026-04-15T07:19:48+00:00\",\"dateModified\":\"2026-04-15T07:19:48+00:00\",\"description\":\"Compra 82x70004lm Laptop Ideapad Slim 3 15iru8\/core I3-1315u 1.2 Ghz\/8gb\/512gb\/15.6\/touch\/color Gris Artico\/win 11 Home\/ 1 A\u00f1o En Centro De Servicio + Env\u00edo a domicilio + Pago seguro + Garant\u00eda\",\"breadcrumb\":{\"@id\":\"https:\/\/compuviper.mx\/tienda\/producto\/lenovo-82x70004lm-laptop-ideapad-slim-3-15iru8-core-i3-1315u-1-2-ghz-8gb-512gb-15-6-touch-color-gris-artico-win-11-home-1-ao-en-centro-de-servicio\/#breadcrumb\"},\"inLanguage\":\"es-MX\",\"potentialAction\":[{\"@type\":\"ReadAction\",\"target\":[\"https:\/\/compuviper.mx\/tienda\/producto\/lenovo-82x70004lm-laptop-ideapad-slim-3-15iru8-core-i3-1315u-1-2-ghz-8gb-512gb-15-6-touch-color-gris-artico-win-11-home-1-ao-en-centro-de-servicio\/\"]}]},{\"@type\":\"BreadcrumbList\",\"@id\":\"https:\/\/compuviper.mx\/tienda\/producto\/lenovo-82x70004lm-laptop-ideapad-slim-3-15iru8-core-i3-1315u-1-2-ghz-8gb-512gb-15-6-touch-color-gris-artico-win-11-home-1-ao-en-centro-de-servicio\/#breadcrumb\",\"itemListElement\":[{\"@type\":\"ListItem\",\"position\":1,\"name\":\"Inicio\",\"item\":\"https:\/\/compuviper.mx\/tienda\/\"},{\"@type\":\"ListItem\",\"position\":2,\"name\":\"Productos\",\"item\":\"https:\/\/compuviper.mx\/tienda\/productos\/\"},{\"@type\":\"ListItem\",\"position\":3,\"name\":\"Laptops\",\"item\":\"https:\/\/compuviper.mx\/tienda\/categoria-producto\/laptops\/\"},{\"@type\":\"ListItem\",\"position\":4,\"name\":\"Notebook\",\"item\":\"https:\/\/compuviper.mx\/tienda\/categoria-producto\/laptops\/notebook-laptops\/\"},{\"@type\":\"ListItem\",\"position\":5,\"name\":\"Lenovo 82x70004lm Laptop Ideapad Slim 3 15iru8\/core I3-1315u 1.2 Ghz\/8gb\/512gb\/15.6\/touch\/color Gris Artico\/win 11 Home\/ 1 A?o En Centro De Servicio\"}]},{\"@type\":\"WebSite\",\"@id\":\"https:\/\/compuviper.mx\/tienda\/#website\",\"url\":\"https:\/\/compuviper.mx\/tienda\/\",\"name\":\"Compuviper\",\"description\":\"Proveedor de Computadoras, Laptops, Servidores, Monitores, Puntos de Venta, Teclados,   Impresoras, T\u00f3ner, C\u00e1maras de Seguridad y m\u00e1s en tu tienda en l\u00ednea\",\"publisher\":{\"@id\":\"https:\/\/compuviper.mx\/tienda\/#organization\"},\"potentialAction\":[{\"@type\":\"SearchAction\",\"target\":{\"@type\":\"EntryPoint\",\"urlTemplate\":\"https:\/\/compuviper.mx\/tienda\/?s={search_term_string}\"},\"query-input\":\"required name=search_term_string\"}],\"inLanguage\":\"es-MX\"},{\"@type\":\"Organization\",\"@id\":\"https:\/\/compuviper.mx\/tienda\/#organization\",\"name\":\"Compuviper\",\"url\":\"https:\/\/compuviper.mx\/tienda\/\",\"logo\":{\"@type\":\"ImageObject\",\"inLanguage\":\"es-MX\",\"@id\":\"https:\/\/compuviper.mx\/tienda\/#\/schema\/logo\/image\/\",\"url\":\"https:\/\/compuviper.mx\/tienda\/wp-content\/uploads\/2021\/08\/Logo-Compuviper-10.png\",\"contentUrl\":\"https:\/\/compuviper.mx\/tienda\/wp-content\/uploads\/2021\/08\/Logo-Compuviper-10.png\",\"width\":1000,\"height\":500,\"caption\":\"Compuviper\"},\"image\":{\"@id\":\"https:\/\/compuviper.mx\/tienda\/#\/schema\/logo\/image\/\"},\"sameAs\":[\"https:\/\/www.facebook.com\/compuviper\",\"https:\/\/www.youtube.com\/channel\/UCf73dERp9Y3cfOq7q8BhLjA?view_as=subscriber\"]}]}<\/script>\n<meta property=\"product:brand\" content=\"LENOVO\" \/>\n<meta property=\"product:price:amount\" content=\"9794\" \/>\n<meta property=\"product:price:currency\" content=\"MXN\" \/>\n<meta property=\"og:availability\" content=\"instock\" \/>\n<meta property=\"product:availability\" content=\"instock\" \/>\n<meta property=\"product:retailer_item_id\" content=\"82X70004LM\" \/>\n<meta property=\"product:condition\" content=\"new\" \/>\n<!-- \/ Yoast SEO plugin. -->","yoast_head_json":{"title":"[ Lenovo ] &#129351; 82x70004lm Laptop Ideapad Slim 3 15iru8\/core I3-1315u 1.2 Ghz\/8gb\/512gb\/15.6\/touch\/color Gris Artico\/win 11 Home\/ 1 A\u00f1o En Centro De Servicio","description":"Compra 82x70004lm Laptop Ideapad Slim 3 15iru8\/core I3-1315u 1.2 Ghz\/8gb\/512gb\/15.6\/touch\/color Gris Artico\/win 11 Home\/ 1 A\u00f1o En Centro De Servicio + Env\u00edo a domicilio + Pago seguro + Garant\u00eda","robots":{"index":"index","follow":"follow","max-snippet":"max-snippet:-1","max-image-preview":"max-image-preview:large","max-video-preview":"max-video-preview:-1"},"canonical":"https:\/\/compuviper.mx\/tienda\/producto\/lenovo-82x70004lm-laptop-ideapad-slim-3-15iru8-core-i3-1315u-1-2-ghz-8gb-512gb-15-6-touch-color-gris-artico-win-11-home-1-ao-en-centro-de-servicio\/","og_locale":"es_MX","og_type":"article","og_title":"[ Lenovo ] &#129351; 82x70004lm Laptop Ideapad Slim 3 15iru8\/core I3-1315u 1.2 Ghz\/8gb\/512gb\/15.6\/touch\/color Gris Artico\/win 11 Home\/ 1 A\u00f1o En Centro De Servicio","og_description":"Compra 82x70004lm Laptop Ideapad Slim 3 15iru8\/core I3-1315u 1.2 Ghz\/8gb\/512gb\/15.6\/touch\/color Gris Artico\/win 11 Home\/ 1 A\u00f1o En Centro De Servicio + Env\u00edo a domicilio + Pago seguro + Garant\u00eda","og_url":"https:\/\/compuviper.mx\/tienda\/producto\/lenovo-82x70004lm-laptop-ideapad-slim-3-15iru8-core-i3-1315u-1-2-ghz-8gb-512gb-15-6-touch-color-gris-artico-win-11-home-1-ao-en-centro-de-servicio\/","og_site_name":"Compuviper","article_publisher":"https:\/\/www.facebook.com\/compuviper","twitter_card":"summary_large_image","twitter_misc":{"Precio":"&#36;10,551 &#36;9,794 con IVA","Availability":"In stock"},"schema":{"@context":"https:\/\/schema.org","@graph":[{"@type":"WebPage","@id":"https:\/\/compuviper.mx\/tienda\/producto\/lenovo-82x70004lm-laptop-ideapad-slim-3-15iru8-core-i3-1315u-1-2-ghz-8gb-512gb-15-6-touch-color-gris-artico-win-11-home-1-ao-en-centro-de-servicio\/","url":"https:\/\/compuviper.mx\/tienda\/producto\/lenovo-82x70004lm-laptop-ideapad-slim-3-15iru8-core-i3-1315u-1-2-ghz-8gb-512gb-15-6-touch-color-gris-artico-win-11-home-1-ao-en-centro-de-servicio\/","name":"[ Lenovo ] &#129351; 82x70004lm Laptop Ideapad Slim 3 15iru8\/core I3-1315u 1.2 Ghz\/8gb\/512gb\/15.6\/touch\/color Gris Artico\/win 11 Home\/ 1 A\u00f1o En Centro De Servicio","isPartOf":{"@id":"https:\/\/compuviper.mx\/tienda\/#website"},"datePublished":"2026-04-15T07:19:48+00:00","dateModified":"2026-04-15T07:19:48+00:00","description":"Compra 82x70004lm Laptop Ideapad Slim 3 15iru8\/core I3-1315u 1.2 Ghz\/8gb\/512gb\/15.6\/touch\/color Gris Artico\/win 11 Home\/ 1 A\u00f1o En Centro De Servicio + Env\u00edo a domicilio + Pago seguro + Garant\u00eda","breadcrumb":{"@id":"https:\/\/compuviper.mx\/tienda\/producto\/lenovo-82x70004lm-laptop-ideapad-slim-3-15iru8-core-i3-1315u-1-2-ghz-8gb-512gb-15-6-touch-color-gris-artico-win-11-home-1-ao-en-centro-de-servicio\/#breadcrumb"},"inLanguage":"es-MX","potentialAction":[{"@type":"ReadAction","target":["https:\/\/compuviper.mx\/tienda\/producto\/lenovo-82x70004lm-laptop-ideapad-slim-3-15iru8-core-i3-1315u-1-2-ghz-8gb-512gb-15-6-touch-color-gris-artico-win-11-home-1-ao-en-centro-de-servicio\/"]}]},{"@type":"BreadcrumbList","@id":"https:\/\/compuviper.mx\/tienda\/producto\/lenovo-82x70004lm-laptop-ideapad-slim-3-15iru8-core-i3-1315u-1-2-ghz-8gb-512gb-15-6-touch-color-gris-artico-win-11-home-1-ao-en-centro-de-servicio\/#breadcrumb","itemListElement":[{"@type":"ListItem","position":1,"name":"Inicio","item":"https:\/\/compuviper.mx\/tienda\/"},{"@type":"ListItem","position":2,"name":"Productos","item":"https:\/\/compuviper.mx\/tienda\/productos\/"},{"@type":"ListItem","position":3,"name":"Laptops","item":"https:\/\/compuviper.mx\/tienda\/categoria-producto\/laptops\/"},{"@type":"ListItem","position":4,"name":"Notebook","item":"https:\/\/compuviper.mx\/tienda\/categoria-producto\/laptops\/notebook-laptops\/"},{"@type":"ListItem","position":5,"name":"Lenovo 82x70004lm Laptop Ideapad Slim 3 15iru8\/core I3-1315u 1.2 Ghz\/8gb\/512gb\/15.6\/touch\/color Gris Artico\/win 11 Home\/ 1 A?o En Centro De Servicio"}]},{"@type":"WebSite","@id":"https:\/\/compuviper.mx\/tienda\/#website","url":"https:\/\/compuviper.mx\/tienda\/","name":"Compuviper","description":"Proveedor de Computadoras, Laptops, Servidores, Monitores, Puntos de Venta, Teclados,   Impresoras, T\u00f3ner, C\u00e1maras de Seguridad y m\u00e1s en tu tienda en l\u00ednea","publisher":{"@id":"https:\/\/compuviper.mx\/tienda\/#organization"},"potentialAction":[{"@type":"SearchAction","target":{"@type":"EntryPoint","urlTemplate":"https:\/\/compuviper.mx\/tienda\/?s={search_term_string}"},"query-input":"required name=search_term_string"}],"inLanguage":"es-MX"},{"@type":"Organization","@id":"https:\/\/compuviper.mx\/tienda\/#organization","name":"Compuviper","url":"https:\/\/compuviper.mx\/tienda\/","logo":{"@type":"ImageObject","inLanguage":"es-MX","@id":"https:\/\/compuviper.mx\/tienda\/#\/schema\/logo\/image\/","url":"https:\/\/compuviper.mx\/tienda\/wp-content\/uploads\/2021\/08\/Logo-Compuviper-10.png","contentUrl":"https:\/\/compuviper.mx\/tienda\/wp-content\/uploads\/2021\/08\/Logo-Compuviper-10.png","width":1000,"height":500,"caption":"Compuviper"},"image":{"@id":"https:\/\/compuviper.mx\/tienda\/#\/schema\/logo\/image\/"},"sameAs":["https:\/\/www.facebook.com\/compuviper","https:\/\/www.youtube.com\/channel\/UCf73dERp9Y3cfOq7q8BhLjA?view_as=subscriber"]}]},"product_brand":"LENOVO","product_price_amount":"9794","product_price_currency":"MXN","og_availability":"instock","product_availability":"instock","product_retailer_item_id":"82X70004LM","product_condition":"new"},"_links":{"self":[{"href":"https:\/\/compuviper.mx\/tienda\/wp-json\/wp\/v2\/product\/262085"}],"collection":[{"href":"https:\/\/compuviper.mx\/tienda\/wp-json\/wp\/v2\/product"}],"about":[{"href":"https:\/\/compuviper.mx\/tienda\/wp-json\/wp\/v2\/types\/product"}],"replies":[{"embeddable":true,"href":"https:\/\/compuviper.mx\/tienda\/wp-json\/wp\/v2\/comments?post=262085"}],"wp:attachment":[{"href":"https:\/\/compuviper.mx\/tienda\/wp-json\/wp\/v2\/media?parent=262085"}],"wp:term":[{"taxonomy":"product_cat","embeddable":true,"href":"https:\/\/compuviper.mx\/tienda\/wp-json\/wp\/v2\/product_cat?post=262085"},{"taxonomy":"product_tag","embeddable":true,"href":"https:\/\/compuviper.mx\/tienda\/wp-json\/wp\/v2\/product_tag?post=262085"}],"curies":[{"name":"wp","href":"https:\/\/api.w.org\/{rel}","templated":true}]}}