{"id":262044,"date":"2026-04-29T01:42:53","date_gmt":"2026-04-29T07:42:53","guid":{"rendered":"https:\/\/compuviper.mx\/tienda\/producto\/huawei-55020fuan-ds-smarwatch-gt-pro-6-color-brown-pantalla-amoled-1-47-pulgadas-carga-inalambrica-bt-peso-54-7g\/"},"modified":"2026-04-29T01:42:53","modified_gmt":"2026-04-29T07:42:53","slug":"huawei-55020fuan-ds-smarwatch-gt-pro-6-color-brown-pantalla-amoled-1-47-pulgadas-carga-inalambrica-bt-peso-54-7g","status":"publish","type":"product","link":"https:\/\/compuviper.mx\/tienda\/producto\/huawei-55020fuan-ds-smarwatch-gt-pro-6-color-brown-pantalla-amoled-1-47-pulgadas-carga-inalambrica-bt-peso-54-7g\/","title":{"rendered":"Huawei 55020fuan-ds  Smarwatch Gt  Pro 6  Color  Brown \/ Pantalla Amoled  1.47 Pulgadas \/ Carga Inalambrica \/ Bt \/peso 54.7g"},"content":{"rendered":"<table class=\"descripcion\">\n<tr>\n<td>Dimensiones<\/td>\n<\/tr>\n<tr>\n<td>45.6 mm \u00d7 45.6 mm \u00d7 11.25 mm<\/td>\n<\/tr>\n<tr>\n<td>*el tama\u00f1o, el peso y las especificaciones relacionadas con el producto son s\u00f3lo valores te\u00f3ricos. las medidas reales pueden variar entre los distintos productos. todas las especificaciones est\u00e1n sujetas al producto real.<\/td>\n<\/tr>\n<tr>\n<td>Tama\u00f1o de la correa<\/td>\n<\/tr>\n<tr>\n<td>140-210 mm<\/td>\n<\/tr>\n<tr>\n<td>Peso<\/td>\n<\/tr>\n<tr>\n<td>Aproximadamente 54.7 g (sin incluir la correa)<\/td>\n<\/tr>\n<tr>\n<td>*el tama\u00f1o, el peso y las especificaciones relacionadas con el producto son solo valores te\u00f3ricos. las medidas reales pueden variar entre los distintos productos. todas las especificaciones est\u00e1n sujetas al producto real.<\/td>\n<\/tr>\n<tr>\n<td>Pantalla<\/td>\n<\/tr>\n<tr>\n<td>Tama\u00f1o<\/td>\n<\/tr>\n<tr>\n<td>Pantalla amoled a color de 1.47 pulgadas<\/td>\n<\/tr>\n<tr>\n<td>Resoluci\u00f3n<\/td>\n<\/tr>\n<tr>\n<td>466 \u00d7 466 pixeles, ppi 317<\/td>\n<\/tr>\n<tr>\n<td>Caja del reloj<\/td>\n<\/tr>\n<tr>\n<td>Material<\/td>\n<\/tr>\n<tr>\n<td>Aleaci\u00f3n de titanio<\/td>\n<\/tr>\n<tr>\n<td>Correa del reloj<\/td>\n<\/tr>\n<tr>\n<td>Correa de caucho negro<\/td>\n<\/tr>\n<tr>\n<td>Correa tejida compuesta marr\u00f3n<\/td>\n<\/tr>\n<tr>\n<td>Correa de titanio<\/td>\n<\/tr>\n<tr>\n<td>Sensores<\/td>\n<\/tr>\n<tr>\n<td>Sensor aceler\u00f3metro<\/td>\n<\/tr>\n<tr>\n<td>Sensor giroscopio<\/td>\n<\/tr>\n<tr>\n<td>Sensor magnet\u00f3metro<\/td>\n<\/tr>\n<tr>\n<td>Sensor \u00f3ptico de frecuencia cardiaca<\/td>\n<\/tr>\n<tr>\n<td>Sensor bar\u00f3metro<\/td>\n<\/tr>\n<tr>\n<td>Sensor de temperatura<\/td>\n<\/tr>\n<tr>\n<td>Sensor de luz ambiental<\/td>\n<\/tr>\n<tr>\n<td>Sensor ecg<\/td>\n<\/tr>\n<tr>\n<td>Sensor de profundidad<\/td>\n<\/tr>\n<tr>\n<td>Bot\u00f3n<\/td>\n<\/tr>\n<tr>\n<td>Bot\u00f3n de inicio (corona giratoria) y bot\u00f3n lateral<\/td>\n<\/tr>\n<tr>\n<td>Puerto de carga<\/td>\n<\/tr>\n<tr>\n<td>Carga inal\u00e1mbrica<\/td>\n<\/tr>\n<tr>\n<td>Requerimientos del sistema<\/td>\n<\/tr>\n<tr>\n<td>Android 9.0 o posterior<\/td>\n<\/tr>\n<tr>\n<td>Ios 13.0 o posterior<\/td>\n<\/tr>\n<tr>\n<td>Nivel de impermeabilidad<\/td>\n<\/tr>\n<tr>\n<td>5 atm<\/td>\n<\/tr>\n<tr>\n<td>*cumple con la resistencia al agua de 5 atm seg\u00fan la norma iso 22810:2010, lo que indica que el dispositivo puede soportar hasta 50 metros de presi\u00f3n est\u00e1tica del agua durante 10 minutos, pero no significa que el producto sea resistente al agua a una profundidad de 50 metros.<\/td>\n<\/tr>\n<tr>\n<td>Ip69<\/td>\n<\/tr>\n<tr>\n<td>*cumple con la resistencia al agua ip69 seg\u00fan la norma iec 60529:2013. las condiciones de la prueba ipx9 son las siguientes: temperatura del agua: 80 \u00b1 5 and #8451;; caudal de agua: 15 \u00b1 1 l\/min; presi\u00f3n del agua: 10 000 \u00b1 500 kpa; \u00e1ngulo de pulverizaci\u00f3n: 0\u00b0, 30\u00b0, 60\u00b0 y 90\u00b0, 30 segundos para cada \u00e1ngulo. esto no indica protecci\u00f3n durante las duchas de agua caliente.<\/td>\n<\/tr>\n<tr>\n<td>Inmersi\u00f3n (profundidad de hasta 40 metros)<\/td>\n<\/tr>\n<tr>\n<td>*cumple con la norma en13319 para accesorios de buceo y admite inmersiones libres a profundidades de hasta 40 metros. se puede llevar puesto durante actividades en aguas poco profundas, como nadar en una piscina o en la costa. despu\u00e9s de llevar el dispositivo en actividades acu\u00e1ticas, l\u00edmpialo y s\u00e9calo r\u00e1pidamente, elimina las manchas de agua de las superficies del producto y de todos los orificios, y utiliza la funci\u00f3n de drenaje del dispositivo para evitar un impacto negativo en su rendimiento.<\/td>\n<\/tr>\n<tr>\n<td>El producto no debe utilizarse en las siguientes situaciones: (los da\u00f1os causados al dispositivo por la inmersi\u00f3n en l\u00edquidos no est\u00e1n cubiertos por la garant\u00eda si el dispositivo se utiliza en una situaci\u00f3n inadecuada). (1) duchas calientes, aguas termales, saunas (ba\u00f1os de vapor) y otras actividades en entornos con altas temperaturas y\/o alta humedad. (2) actividades que puedan exponer el dispositivo a gel de ducha, champ\u00fa, agua jabonosa y cualquier otro producto de lavander\u00eda o limpieza. si el dispositivo entra en contacto con alguno de estos productos, enju\u00e1galo y sum\u00e9rgelo en agua dulce durante 30 minutos. (3) buceo, buceo t\u00e9cnico y actividades de buceo a profundidades superiores a 40 metros. (4) las correas de cuero vegano compuesto, tejido compuesto, titanio y cer\u00e1mica no est\u00e1n dise\u00f1adas para actividades acu\u00e1ticas (como la nataci\u00f3n) ni para soportar el sudor, por lo que se recomienda utilizar otras correas en tales situaciones.<\/td>\n<\/tr>\n<tr>\n<td>Para obtener m\u00e1s informaci\u00f3n sobre la resistencia al agua de los dispositivos wearables de huawei, visita: https:\/\/consumer.huawei.com\/en\/support\/content\/en-us15851428\/.<\/td>\n<\/tr>\n<tr>\n<td>La resistencia al agua no es permanente y el rendimiento puede deteriorarse con el uso y desgaste diario. se recomienda llevar el dispositivo peri\u00f3dicamente a un centro de servicio autorizado de huawei para su inspecci\u00f3n y mantenimiento.<\/td>\n<\/tr>\n<tr>\n<td>Conectividad<\/td>\n<\/tr>\n<tr>\n<td>Nfc<\/td>\n<\/tr>\n<tr>\n<td>Compatible<\/td>\n<\/tr>\n<tr>\n<td>Bluetooth<\/td>\n<\/tr>\n<tr>\n<td>2.4 ghz, compatible con bt 6.0 y br + ble<\/td>\n<\/tr>\n<tr>\n<td>Gnss<\/td>\n<\/tr>\n<tr>\n<td>L1: gps + glonass + galileo + bds + qzss<\/td>\n<\/tr>\n<tr>\n<td>L5: gps + galileo + bds + qzss<\/td>\n<\/tr>\n<tr>\n<td>Bocina<\/td>\n<\/tr>\n<tr>\n<td>Compatible<\/td>\n<\/tr>\n<tr>\n<td>Micr\u00f3fono<\/td>\n<\/tr>\n<tr>\n<td>Compatible<\/td>\n<\/tr>\n<tr>\n<td>Ambiente<\/td>\n<\/tr>\n<tr>\n<td> and #8203; and #8203; and #8203; and #8203; and #8203; and #8203; and #8203;temperatura ambiente de funcionamiento<\/td>\n<\/tr>\n<tr>\n<td>-20 and #8451;\u0096+45 and #8451;<\/td>\n<\/tr>\n<tr>\n<td>Carga<\/td>\n<\/tr>\n<tr>\n<td>Requisitos de voltaje y corriente del cargador<\/td>\n<\/tr>\n<tr>\n<td>5 v-10 v cc\/2 a max.<\/td>\n<\/tr>\n<tr>\n<td>Vida de bater\u00eda<\/td>\n<\/tr>\n<tr>\n<td>La bater\u00eda puede durar hasta 21 d\u00edas como m\u00e1ximo, hasta 12 d\u00edas con un uso normal, hasta 7 d\u00edas con aod activado y hasta 40 horas en el modo de deporte al aire libre.<\/td>\n<\/tr>\n<tr>\n<td>La duraci\u00f3n de la bater\u00eda con un uso ligero se ha probado en las siguientes condiciones:  configuraci\u00f3n predeterminada de f\u00e1brica, detecci\u00f3n autom\u00e1tica de entrenamientos desactivada manualmente, 30 minutos de llamadas bluetooth a la semana, 30 minutos de reproducci\u00f3n de audio a la semana, monitoreo de la frecuencia cardiaca siempre activado, monitoreo del sue\u00f1o activado por la noche, 90 minutos de ejercicio de media a la semana, notificaciones de mensajes activadas (50 mensajes, 6 llamadas y 3 alarmas al d\u00eda) y pantalla del dispositivo activada 200 veces al d\u00eda.<\/td>\n<\/tr>\n<tr>\n<td>La duraci\u00f3n t\u00edpica de la bater\u00eda se prueba en las siguientes condiciones: configuraci\u00f3n predeterminada de f\u00e1brica, 30 minutos de llamadas bluetooth a la semana, 30 minutos de reproducci\u00f3n de audio a la semana, monitoreo  de la frecuencia cardiaca siempre activado, monitoreo  del sue\u00f1o activado por la noche, registros adicionales de emociones\/estr\u00e9s activados, 180 minutos de ejercicio de media a la semana, notificaciones de mensajes activadas (50 mensajes, 6 llamadas y 3 alarmas al d\u00eda) y pantalla del dispositivo encendida durante un total de 30 minutos al d\u00eda.<\/td>\n<\/tr>\n<tr>\n<td>La duraci\u00f3n de la bater\u00eda con aod activado se prueba en las siguientes condiciones: se utilizan los ajustes predeterminados de f\u00e1brica, always on display (aod) activado, 30 minutos de llamadas bluetooth a la semana, 30 minutos de reproducci\u00f3n de audio a la semana, monitoreo de la frecuencia cardiaca siempre activado, monitoreo del sue\u00f1o activado por la noche, registros adicionales de emociones\/estr\u00e9s activados, 180 minutos de ejercicio de media a la semana, notificaciones de mensajes activadas (50 mensajes, 6 llamadas y 3 alarmas al d\u00eda) y la pantalla del dispositivo encendida durante un total de 30 minutos al d\u00eda.<\/td>\n<\/tr>\n<tr>\n<td>La duraci\u00f3n de la bater\u00eda en el modo de deporte al aire libre se prueba en las siguientes condiciones: configuraci\u00f3n predeterminada de f\u00e1brica, gnss siempre activado, monitoreo de la frecuencia cardiaca siempre activado, pantalla del dispositivo activada 90 veces por hora, notificaciones por vibraci\u00f3n 12 veces por hora.<\/td>\n<\/tr>\n<tr>\n<td>*basado en los resultados de las pruebas de laboratorio de huawei. el uso real puede variar en funci\u00f3n de las diferencias entre los distintos modelos, los h\u00e1bitos de uso y los factores ambientales.<\/td>\n<\/tr>\n<tr>\n<td>En la caja<\/td>\n<\/tr>\n<tr>\n<td>Reloj \u00d7 1<\/td>\n<\/tr>\n<tr>\n<td>Base de carga (incluido el cable de carga) \u00d7 1<\/td>\n<\/tr>\n<tr>\n<td>Gu\u00eda de inicio r\u00e1pido, informaci\u00f3n de seguridad y tarjeta de garant\u00eda \u00d7 1<\/td>\n<\/tr>\n<\/table>\n","protected":false},"excerpt":{"rendered":"<p>Huawei watch gt 6 pro (45.6 mm) \u0096 marr\u00f3n. El huawei watch gt 6 pro combina materiales premium, dise\u00f1o elegante y tecnolog\u00eda de vanguardia para ofrecer un smartwatch resistente, potente y sofisticado. Caracter\u00edsticas principales. Pantalla amoled a color de 1.47\u0094 (466 \u00d7 466 px, 317 ppi). Caja de titanio con correa compuesta marr\u00f3n. Dimensiones: 45.6 \u00d7 45.6 \u00d7 11.25 mm. Peso: 54.7 g (sin correa). Sensores avanzados: frecuencia card\u00edaca, ecg, temperatura, aceler\u00f3metro, giroscopio, bar\u00f3metro, magnet\u00f3metro, luz ambiental y sensor de profundidad. Resistencia al agua: 5 atm \/ ip69 \/ inmersi\u00f3n hasta 40 m. Conectividad: bluetooth 6.0, nfc, gnss (gps, glonass, galileo, bds, qzss). Bater\u00eda de larga duraci\u00f3n: hasta 21 d\u00edas (uso ligero) \/ 12 d\u00edas (uso t\u00edpico). Carga inal\u00e1mbrica. Compatibilidad: android 9.0 o superior \/ ios 13.0 o superior. Rango de correa: 140\u0096210 mm.<\/p>\n","protected":false},"featured_media":0,"comment_status":"open","ping_status":"open","template":"","meta":[],"product_cat":[1799,1800],"product_tag":[1673],"acf":[],"yoast_head":"<!-- This site is optimized with the Yoast SEO plugin v21.7 - https:\/\/yoast.com\/wordpress\/plugins\/seo\/ -->\n<title>[ Huawei ] &#129351; 55020fuan-ds Smarwatch Gt Pro 6 Color Brown \/ Pantalla Amoled 1.47 Pulgadas \/ Carga Inalambrica \/ Bt \/peso 54.7g<\/title>\n<meta name=\"description\" content=\"Compra 55020fuan-ds Smarwatch Gt Pro 6 Color Brown \/ Pantalla Amoled 1.47 Pulgadas \/ Carga Inalambrica \/ Bt \/peso 54.7g + Env\u00edo a domicilio + Pago seguro + Garant\u00eda\" \/>\n<meta name=\"robots\" content=\"index, follow, max-snippet:-1, max-image-preview:large, max-video-preview:-1\" \/>\n<link rel=\"canonical\" href=\"https:\/\/compuviper.mx\/tienda\/producto\/huawei-55020fuan-ds-smarwatch-gt-pro-6-color-brown-pantalla-amoled-1-47-pulgadas-carga-inalambrica-bt-peso-54-7g\/\" \/>\n<meta property=\"og:locale\" content=\"es_MX\" \/>\n<meta property=\"og:type\" content=\"article\" \/>\n<meta property=\"og:title\" content=\"[ Huawei ] &#129351; 55020fuan-ds Smarwatch Gt Pro 6 Color Brown \/ Pantalla Amoled 1.47 Pulgadas \/ Carga Inalambrica \/ Bt \/peso 54.7g\" \/>\n<meta property=\"og:description\" content=\"Compra 55020fuan-ds Smarwatch Gt Pro 6 Color Brown \/ Pantalla Amoled 1.47 Pulgadas \/ Carga Inalambrica \/ Bt \/peso 54.7g + Env\u00edo a domicilio + Pago seguro + Garant\u00eda\" \/>\n<meta property=\"og:url\" content=\"https:\/\/compuviper.mx\/tienda\/producto\/huawei-55020fuan-ds-smarwatch-gt-pro-6-color-brown-pantalla-amoled-1-47-pulgadas-carga-inalambrica-bt-peso-54-7g\/\" \/>\n<meta property=\"og:site_name\" content=\"Compuviper\" \/>\n<meta property=\"article:publisher\" content=\"https:\/\/www.facebook.com\/compuviper\" \/>\n<meta name=\"twitter:card\" content=\"summary_large_image\" \/>\n<meta name=\"twitter:label1\" content=\"Precio\" \/>\n\t<meta name=\"twitter:data1\" content=\"&#36;4,098 &#36;4,012 con IVA\" \/>\n\t<meta name=\"twitter:label2\" content=\"Availability\" \/>\n\t<meta name=\"twitter:data2\" content=\"In stock\" \/>\n<script type=\"application\/ld+json\" class=\"yoast-schema-graph\">{\"@context\":\"https:\/\/schema.org\",\"@graph\":[{\"@type\":\"WebPage\",\"@id\":\"https:\/\/compuviper.mx\/tienda\/producto\/huawei-55020fuan-ds-smarwatch-gt-pro-6-color-brown-pantalla-amoled-1-47-pulgadas-carga-inalambrica-bt-peso-54-7g\/\",\"url\":\"https:\/\/compuviper.mx\/tienda\/producto\/huawei-55020fuan-ds-smarwatch-gt-pro-6-color-brown-pantalla-amoled-1-47-pulgadas-carga-inalambrica-bt-peso-54-7g\/\",\"name\":\"[ Huawei ] &#129351; 55020fuan-ds Smarwatch Gt Pro 6 Color Brown \/ Pantalla Amoled 1.47 Pulgadas \/ Carga Inalambrica \/ Bt \/peso 54.7g\",\"isPartOf\":{\"@id\":\"https:\/\/compuviper.mx\/tienda\/#website\"},\"datePublished\":\"2026-04-29T07:42:53+00:00\",\"dateModified\":\"2026-04-29T07:42:53+00:00\",\"description\":\"Compra 55020fuan-ds Smarwatch Gt Pro 6 Color Brown \/ Pantalla Amoled 1.47 Pulgadas \/ Carga Inalambrica \/ Bt \/peso 54.7g + Env\u00edo a domicilio + Pago seguro + Garant\u00eda\",\"breadcrumb\":{\"@id\":\"https:\/\/compuviper.mx\/tienda\/producto\/huawei-55020fuan-ds-smarwatch-gt-pro-6-color-brown-pantalla-amoled-1-47-pulgadas-carga-inalambrica-bt-peso-54-7g\/#breadcrumb\"},\"inLanguage\":\"es-MX\",\"potentialAction\":[{\"@type\":\"ReadAction\",\"target\":[\"https:\/\/compuviper.mx\/tienda\/producto\/huawei-55020fuan-ds-smarwatch-gt-pro-6-color-brown-pantalla-amoled-1-47-pulgadas-carga-inalambrica-bt-peso-54-7g\/\"]}]},{\"@type\":\"BreadcrumbList\",\"@id\":\"https:\/\/compuviper.mx\/tienda\/producto\/huawei-55020fuan-ds-smarwatch-gt-pro-6-color-brown-pantalla-amoled-1-47-pulgadas-carga-inalambrica-bt-peso-54-7g\/#breadcrumb\",\"itemListElement\":[{\"@type\":\"ListItem\",\"position\":1,\"name\":\"Inicio\",\"item\":\"https:\/\/compuviper.mx\/tienda\/\"},{\"@type\":\"ListItem\",\"position\":2,\"name\":\"Productos\",\"item\":\"https:\/\/compuviper.mx\/tienda\/productos\/\"},{\"@type\":\"ListItem\",\"position\":3,\"name\":\"Relojes\",\"item\":\"https:\/\/compuviper.mx\/tienda\/categoria-producto\/relojes\/\"},{\"@type\":\"ListItem\",\"position\":4,\"name\":\"Smartwatch\",\"item\":\"https:\/\/compuviper.mx\/tienda\/categoria-producto\/relojes\/smartwatch\/\"},{\"@type\":\"ListItem\",\"position\":5,\"name\":\"Huawei 55020fuan-ds Smarwatch Gt Pro 6 Color Brown \/ Pantalla Amoled 1.47 Pulgadas \/ Carga Inalambrica \/ Bt \/peso 54.7g\"}]},{\"@type\":\"WebSite\",\"@id\":\"https:\/\/compuviper.mx\/tienda\/#website\",\"url\":\"https:\/\/compuviper.mx\/tienda\/\",\"name\":\"Compuviper\",\"description\":\"Proveedor de Computadoras, Laptops, Servidores, Monitores, Puntos de Venta, Teclados,   Impresoras, T\u00f3ner, C\u00e1maras de Seguridad y m\u00e1s en tu tienda en l\u00ednea\",\"publisher\":{\"@id\":\"https:\/\/compuviper.mx\/tienda\/#organization\"},\"potentialAction\":[{\"@type\":\"SearchAction\",\"target\":{\"@type\":\"EntryPoint\",\"urlTemplate\":\"https:\/\/compuviper.mx\/tienda\/?s={search_term_string}\"},\"query-input\":\"required name=search_term_string\"}],\"inLanguage\":\"es-MX\"},{\"@type\":\"Organization\",\"@id\":\"https:\/\/compuviper.mx\/tienda\/#organization\",\"name\":\"Compuviper\",\"url\":\"https:\/\/compuviper.mx\/tienda\/\",\"logo\":{\"@type\":\"ImageObject\",\"inLanguage\":\"es-MX\",\"@id\":\"https:\/\/compuviper.mx\/tienda\/#\/schema\/logo\/image\/\",\"url\":\"https:\/\/compuviper.mx\/tienda\/wp-content\/uploads\/2021\/08\/Logo-Compuviper-10.png\",\"contentUrl\":\"https:\/\/compuviper.mx\/tienda\/wp-content\/uploads\/2021\/08\/Logo-Compuviper-10.png\",\"width\":1000,\"height\":500,\"caption\":\"Compuviper\"},\"image\":{\"@id\":\"https:\/\/compuviper.mx\/tienda\/#\/schema\/logo\/image\/\"},\"sameAs\":[\"https:\/\/www.facebook.com\/compuviper\",\"https:\/\/www.youtube.com\/channel\/UCf73dERp9Y3cfOq7q8BhLjA?view_as=subscriber\"]}]}<\/script>\n<meta property=\"product:brand\" content=\"HUAWEI\" \/>\n<meta property=\"product:price:amount\" content=\"4012\" \/>\n<meta property=\"product:price:currency\" content=\"MXN\" \/>\n<meta property=\"og:availability\" content=\"instock\" \/>\n<meta property=\"product:availability\" content=\"instock\" \/>\n<meta property=\"product:retailer_item_id\" content=\"55020FUAN-DS\" \/>\n<meta property=\"product:condition\" content=\"new\" \/>\n<!-- \/ Yoast SEO plugin. -->","yoast_head_json":{"title":"[ Huawei ] &#129351; 55020fuan-ds Smarwatch Gt Pro 6 Color Brown \/ Pantalla Amoled 1.47 Pulgadas \/ Carga Inalambrica \/ Bt \/peso 54.7g","description":"Compra 55020fuan-ds Smarwatch Gt Pro 6 Color Brown \/ Pantalla Amoled 1.47 Pulgadas \/ Carga Inalambrica \/ Bt \/peso 54.7g + Env\u00edo a domicilio + Pago seguro + Garant\u00eda","robots":{"index":"index","follow":"follow","max-snippet":"max-snippet:-1","max-image-preview":"max-image-preview:large","max-video-preview":"max-video-preview:-1"},"canonical":"https:\/\/compuviper.mx\/tienda\/producto\/huawei-55020fuan-ds-smarwatch-gt-pro-6-color-brown-pantalla-amoled-1-47-pulgadas-carga-inalambrica-bt-peso-54-7g\/","og_locale":"es_MX","og_type":"article","og_title":"[ Huawei ] &#129351; 55020fuan-ds Smarwatch Gt Pro 6 Color Brown \/ Pantalla Amoled 1.47 Pulgadas \/ Carga Inalambrica \/ Bt \/peso 54.7g","og_description":"Compra 55020fuan-ds Smarwatch Gt Pro 6 Color Brown \/ Pantalla Amoled 1.47 Pulgadas \/ Carga Inalambrica \/ Bt \/peso 54.7g + Env\u00edo a domicilio + Pago seguro + Garant\u00eda","og_url":"https:\/\/compuviper.mx\/tienda\/producto\/huawei-55020fuan-ds-smarwatch-gt-pro-6-color-brown-pantalla-amoled-1-47-pulgadas-carga-inalambrica-bt-peso-54-7g\/","og_site_name":"Compuviper","article_publisher":"https:\/\/www.facebook.com\/compuviper","twitter_card":"summary_large_image","twitter_misc":{"Precio":"&#36;4,098 &#36;4,012 con IVA","Availability":"In stock"},"schema":{"@context":"https:\/\/schema.org","@graph":[{"@type":"WebPage","@id":"https:\/\/compuviper.mx\/tienda\/producto\/huawei-55020fuan-ds-smarwatch-gt-pro-6-color-brown-pantalla-amoled-1-47-pulgadas-carga-inalambrica-bt-peso-54-7g\/","url":"https:\/\/compuviper.mx\/tienda\/producto\/huawei-55020fuan-ds-smarwatch-gt-pro-6-color-brown-pantalla-amoled-1-47-pulgadas-carga-inalambrica-bt-peso-54-7g\/","name":"[ Huawei ] &#129351; 55020fuan-ds Smarwatch Gt Pro 6 Color Brown \/ Pantalla Amoled 1.47 Pulgadas \/ Carga Inalambrica \/ Bt \/peso 54.7g","isPartOf":{"@id":"https:\/\/compuviper.mx\/tienda\/#website"},"datePublished":"2026-04-29T07:42:53+00:00","dateModified":"2026-04-29T07:42:53+00:00","description":"Compra 55020fuan-ds Smarwatch Gt Pro 6 Color Brown \/ Pantalla Amoled 1.47 Pulgadas \/ Carga Inalambrica \/ Bt \/peso 54.7g + Env\u00edo a domicilio + Pago seguro + Garant\u00eda","breadcrumb":{"@id":"https:\/\/compuviper.mx\/tienda\/producto\/huawei-55020fuan-ds-smarwatch-gt-pro-6-color-brown-pantalla-amoled-1-47-pulgadas-carga-inalambrica-bt-peso-54-7g\/#breadcrumb"},"inLanguage":"es-MX","potentialAction":[{"@type":"ReadAction","target":["https:\/\/compuviper.mx\/tienda\/producto\/huawei-55020fuan-ds-smarwatch-gt-pro-6-color-brown-pantalla-amoled-1-47-pulgadas-carga-inalambrica-bt-peso-54-7g\/"]}]},{"@type":"BreadcrumbList","@id":"https:\/\/compuviper.mx\/tienda\/producto\/huawei-55020fuan-ds-smarwatch-gt-pro-6-color-brown-pantalla-amoled-1-47-pulgadas-carga-inalambrica-bt-peso-54-7g\/#breadcrumb","itemListElement":[{"@type":"ListItem","position":1,"name":"Inicio","item":"https:\/\/compuviper.mx\/tienda\/"},{"@type":"ListItem","position":2,"name":"Productos","item":"https:\/\/compuviper.mx\/tienda\/productos\/"},{"@type":"ListItem","position":3,"name":"Relojes","item":"https:\/\/compuviper.mx\/tienda\/categoria-producto\/relojes\/"},{"@type":"ListItem","position":4,"name":"Smartwatch","item":"https:\/\/compuviper.mx\/tienda\/categoria-producto\/relojes\/smartwatch\/"},{"@type":"ListItem","position":5,"name":"Huawei 55020fuan-ds Smarwatch Gt Pro 6 Color Brown \/ Pantalla Amoled 1.47 Pulgadas \/ Carga Inalambrica \/ Bt \/peso 54.7g"}]},{"@type":"WebSite","@id":"https:\/\/compuviper.mx\/tienda\/#website","url":"https:\/\/compuviper.mx\/tienda\/","name":"Compuviper","description":"Proveedor de Computadoras, Laptops, Servidores, Monitores, Puntos de Venta, Teclados,   Impresoras, T\u00f3ner, C\u00e1maras de Seguridad y m\u00e1s en tu tienda en l\u00ednea","publisher":{"@id":"https:\/\/compuviper.mx\/tienda\/#organization"},"potentialAction":[{"@type":"SearchAction","target":{"@type":"EntryPoint","urlTemplate":"https:\/\/compuviper.mx\/tienda\/?s={search_term_string}"},"query-input":"required name=search_term_string"}],"inLanguage":"es-MX"},{"@type":"Organization","@id":"https:\/\/compuviper.mx\/tienda\/#organization","name":"Compuviper","url":"https:\/\/compuviper.mx\/tienda\/","logo":{"@type":"ImageObject","inLanguage":"es-MX","@id":"https:\/\/compuviper.mx\/tienda\/#\/schema\/logo\/image\/","url":"https:\/\/compuviper.mx\/tienda\/wp-content\/uploads\/2021\/08\/Logo-Compuviper-10.png","contentUrl":"https:\/\/compuviper.mx\/tienda\/wp-content\/uploads\/2021\/08\/Logo-Compuviper-10.png","width":1000,"height":500,"caption":"Compuviper"},"image":{"@id":"https:\/\/compuviper.mx\/tienda\/#\/schema\/logo\/image\/"},"sameAs":["https:\/\/www.facebook.com\/compuviper","https:\/\/www.youtube.com\/channel\/UCf73dERp9Y3cfOq7q8BhLjA?view_as=subscriber"]}]},"product_brand":"HUAWEI","product_price_amount":"4012","product_price_currency":"MXN","og_availability":"instock","product_availability":"instock","product_retailer_item_id":"55020FUAN-DS","product_condition":"new"},"_links":{"self":[{"href":"https:\/\/compuviper.mx\/tienda\/wp-json\/wp\/v2\/product\/262044"}],"collection":[{"href":"https:\/\/compuviper.mx\/tienda\/wp-json\/wp\/v2\/product"}],"about":[{"href":"https:\/\/compuviper.mx\/tienda\/wp-json\/wp\/v2\/types\/product"}],"replies":[{"embeddable":true,"href":"https:\/\/compuviper.mx\/tienda\/wp-json\/wp\/v2\/comments?post=262044"}],"wp:attachment":[{"href":"https:\/\/compuviper.mx\/tienda\/wp-json\/wp\/v2\/media?parent=262044"}],"wp:term":[{"taxonomy":"product_cat","embeddable":true,"href":"https:\/\/compuviper.mx\/tienda\/wp-json\/wp\/v2\/product_cat?post=262044"},{"taxonomy":"product_tag","embeddable":true,"href":"https:\/\/compuviper.mx\/tienda\/wp-json\/wp\/v2\/product_tag?post=262044"}],"curies":[{"name":"wp","href":"https:\/\/api.w.org\/{rel}","templated":true}]}}