{"id":262042,"date":"2026-04-02T01:55:14","date_gmt":"2026-04-02T07:55:14","guid":{"rendered":"https:\/\/compuviper.mx\/tienda\/producto\/huawei-55020fujn-ds-smarwatch-gt6-41mm-blanco-pantalla-amoled-1-32-pulgadas-carga-inalambrica-peso-37-5g\/"},"modified":"2026-04-02T01:55:15","modified_gmt":"2026-04-02T07:55:15","slug":"huawei-55020fujn-ds-smarwatch-gt6-41mm-blanco-pantalla-amoled-1-32-pulgadas-carga-inalambrica-peso-37-5g","status":"publish","type":"product","link":"https:\/\/compuviper.mx\/tienda\/producto\/huawei-55020fujn-ds-smarwatch-gt6-41mm-blanco-pantalla-amoled-1-32-pulgadas-carga-inalambrica-peso-37-5g\/","title":{"rendered":"Huawei 55020fujn-ds  Smarwatch Gt6  41mm  Blanco\/ Pantalla Amoled  1.32 Pulgadas \/ Carga Inalambrica \/peso 37.5g"},"content":{"rendered":"<table class=\"descripcion\">\n<tr>\n<td>Huawei watch gt 6 41 mm<\/td>\n<\/tr>\n<tr>\n<td>41,3 mm \u00d7 41,3 mm \u00d7 9,99 mm<\/td>\n<\/tr>\n<tr>\n<td>*el tama\u00f1o del producto, el peso del producto y las especificaciones relacionadas son solo valores te\u00f3ricos. las medidas reales pueden variar entre productos concretos. todas las especificaciones est\u00e1n sujetas al producto real.<\/td>\n<\/tr>\n<tr>\n<td>Huawei watch gt 6 41 mm<\/td>\n<\/tr>\n<tr>\n<td>Huawei watch gt 6 41 mm<\/td>\n<\/tr>\n<tr>\n<td>Aproximadamente 37,5 g (sin la correa)<\/td>\n<\/tr>\n<tr>\n<td>*el tama\u00f1o del producto, el peso del producto y las especificaciones relacionadas son solo valores te\u00f3ricos. las medidas reales pueden variar entre productos concretos. todas las especificaciones est\u00e1n sujetas al producto real.<\/td>\n<\/tr>\n<tr>\n<td>Altavoz<\/td>\n<\/tr>\n<tr>\n<td>Compatible<\/td>\n<\/tr>\n<tr>\n<td>Micr\u00f3fono<\/td>\n<\/tr>\n<tr>\n<td>Compatible<\/td>\n<\/tr>\n<tr>\n<td>Sensores<\/td>\n<\/tr>\n<tr>\n<td>Sensor aceler\u00f3metro<\/td>\n<\/tr>\n<tr>\n<td>Sensor de giroscopio<\/td>\n<\/tr>\n<tr>\n<td>Sensor de magnet\u00f3metro<\/td>\n<\/tr>\n<tr>\n<td>Sensor \u00f3ptico de frecuencia card\u00edaca<\/td>\n<\/tr>\n<tr>\n<td>Sensor de bar\u00f3metro<\/td>\n<\/tr>\n<tr>\n<td>Sensor de temperatura<\/td>\n<\/tr>\n<tr>\n<td>Sensor de luz ambiental<\/td>\n<\/tr>\n<tr>\n<td>Puerto de carga<\/td>\n<\/tr>\n<tr>\n<td>Carga inal\u00e1mbrica<\/td>\n<\/tr>\n<tr>\n<td>Dise\u00f1o del reloj<\/td>\n<\/tr>\n<tr>\n<td>Material<\/td>\n<\/tr>\n<tr>\n<td>Acero inoxidable<\/td>\n<\/tr>\n<tr>\n<td>Correa del reloj<\/td>\n<\/tr>\n<tr>\n<td>Huawei watch gt 6 46 mm<\/td>\n<\/tr>\n<tr>\n<td>Correa de fluoroelast\u00f3mero negra<\/td>\n<\/tr>\n<tr>\n<td>Correa de tejido compuesto verde<\/td>\n<\/tr>\n<tr>\n<td>Correa de cuero compuesto gris<\/td>\n<\/tr>\n<tr>\n<td>Huawei watch gt 6 41 mm<\/td>\n<\/tr>\n<tr>\n<td>Correa de fluoroelast\u00f3mero negra<\/td>\n<\/tr>\n<tr>\n<td>Correa de fluoroelast\u00f3mero p\u00farpura<\/td>\n<\/tr>\n<tr>\n<td>Correa de cuero compuesto blanca<\/td>\n<\/tr>\n<tr>\n<td>Correa de cuero compuesto caf\u00e9<\/td>\n<\/tr>\n<tr>\n<td>Correa milanesa dorada<\/td>\n<\/tr>\n<tr>\n<td>Temperatura<\/td>\n<\/tr>\n<tr>\n<td>Temperatura ambiente de funcionamiento<\/td>\n<\/tr>\n<tr>\n<td>-20 and #8451; +45 and #8451;<\/td>\n<\/tr>\n<tr>\n<td>Nivel impermeabilidad<\/td>\n<\/tr>\n<tr>\n<td>5 atm<\/td>\n<\/tr>\n<tr>\n<td>*cumple con una resistencia al agua de 5 atm seg\u00fan la norma iso 22810:2010, lo que indica que el dispositivo puede soportar hasta 50 metros de presi\u00f3n de agua est\u00e1tica durante 10 minutos, pero no significa que el producto sea resistente al agua a 50 metros de profundidad.<\/td>\n<\/tr>\n<tr>\n<td>Ip69<\/td>\n<\/tr>\n<tr>\n<td>*cumple los requisitos para una resistencia al agua clasificada como ip69 seg\u00fan la norma iec\/t 60529:2013. las condiciones de prueba para la clasificaci\u00f3n ipx9 son las siguientes: temperatura del agua: 80 \u00b1 5 and #8451;; flujo de agua: 15 \u00b1 1 l\/min; presi\u00f3n de agua: 10.000 \u00b1 500 kpa; \u00e1ngulo de pulverizaci\u00f3n: 0\u00b0, 30\u00b0, 60\u00b0 y 90\u00b0, 30 segundos para cada \u00e1ngulo. esto no indica una protecci\u00f3n durante duchas de agua caliente.<\/td>\n<\/tr>\n<tr>\n<td>El producto se puede usar durante actividades en aguas poco profundas como nadar en una piscina o en la costa. despu\u00e9s de usar el dispositivo en actividades acu\u00e1ticas, debes limpiarlo y secarlo r\u00e1pidamente, eliminar las manchas de agua de las superficies del producto y de todos los orificios, y usar la funci\u00f3n de drenaje del dispositivo para evitar un efecto negativo en el rendimiento del dispositivo.<\/td>\n<\/tr>\n<tr>\n<td>El producto no se debe llevar puesto en las siguientes situaciones (los da\u00f1os causados en el dispositivo por la inmersi\u00f3n en l\u00edquido no est\u00e1n cubiertos por la garant\u00eda si el dispositivo se usa en una situaci\u00f3n inadecuada): (1) duchas calientes, aguas termales, saunas (ba\u00f1os de vapor) y otras actividades en entornos de alta temperatura y\/o alta humedad. (2) actividades que puedan exponer el dispositivo a gel de ducha, champ\u00fa, agua con jab\u00f3n y cualquier otro producto de limpieza o lavander\u00eda. si el dispositivo entra en contacto con alguno de estos productos, deber\u00e1s enjuagar y sumergir el dispositivo en agua dulce durante 30 minutos. (3) buceo en apnea, buceo submarino o cualquier otra actividad de inmersi\u00f3n. (4) las correas de cuero vegano compuesto, tejido compuesto, titanio y cer\u00e1mica no est\u00e1n dise\u00f1adas para actividades acu\u00e1ticas (como nadar) ni para resistir el sudor y, por lo tanto, se recomienda usar otras correas en tales situaciones.<\/td>\n<\/tr>\n<tr>\n<td>Para obtener m\u00e1s informaci\u00f3n sobre la resistencia al agua de los wearables de huawei, visita: https:\/\/consumer.huawei.com\/en\/support\/content\/en-us15851428\/.<\/td>\n<\/tr>\n<tr>\n<td>La resistencia al agua no es permanente y el rendimiento puede disminuir con el desgaste diario. se recomienda que lleves regularmente tu dispositivo a un centro de servicio autorizado de huawei para proceder a su inspecci\u00f3n y mantenimiento.<\/td>\n<\/tr>\n<tr>\n<td>Pantalla<\/td>\n<\/tr>\n<tr>\n<td>Huawei watch gt 6 46 mm<\/td>\n<\/tr>\n<tr>\n<td>Tama\u00f1o<\/td>\n<\/tr>\n<tr>\n<td>Pantalla a color amoled de 1,47 pulgadas<\/td>\n<\/tr>\n<tr>\n<td>Resoluci\u00f3n<\/td>\n<\/tr>\n<tr>\n<td>466 \u00d7 466 p\u00edxeles, 317 ppi<\/td>\n<\/tr>\n<tr>\n<td>Huawei watch gt 6 41 mm<\/td>\n<\/tr>\n<tr>\n<td>Tama\u00f1o<\/td>\n<\/tr>\n<tr>\n<td>Pantalla a color amoled de 1,32 pulgadas<\/td>\n<\/tr>\n<tr>\n<td>Resoluci\u00f3n<\/td>\n<\/tr>\n<tr>\n<td>466 \u00d7 466 p\u00edxeles, 352 ppi<\/td>\n<\/tr>\n<tr>\n<td>Conectividad<\/td>\n<\/tr>\n<tr>\n<td>Nfc<\/td>\n<\/tr>\n<tr>\n<td>Compatible<\/td>\n<\/tr>\n<tr>\n<td>Bluetooth<\/td>\n<\/tr>\n<tr>\n<td>2,4 ghz, compatible con bt5.2 y br+ble<\/td>\n<\/tr>\n<tr>\n<td>Gnss<\/td>\n<\/tr>\n<tr>\n<td>L1: gps + glonass + galileo + bds + qzss<\/td>\n<\/tr>\n<tr>\n<td>L5: gps + galileo + bds +qzss<\/td>\n<\/tr>\n<tr>\n<td>Botones<\/td>\n<\/tr>\n<tr>\n<td>Bot\u00f3n de inicio (corona giratoria) y bot\u00f3n lateral<\/td>\n<\/tr>\n<tr>\n<td>Requisitos del sistema<\/td>\n<\/tr>\n<tr>\n<td>Android 9.0 o posterior<\/td>\n<\/tr>\n<tr>\n<td>Ios 13.0 o posterior<\/td>\n<\/tr>\n<tr>\n<td>Carga<\/td>\n<\/tr>\n<tr>\n<td>Voltaje del cargador y requisitos de corriente<\/td>\n<\/tr>\n<tr>\n<td>5v-10v dc\/2a m\u00e1x<\/td>\n<\/tr>\n<tr>\n<td>Duraci\u00f3n de la bater\u00eda<\/td>\n<\/tr>\n<tr>\n<td>Huawei watch gt 6 46 mm<\/td>\n<\/tr>\n<tr>\n<td>La bater\u00eda puede durar hasta 21 d\u00edas como m\u00e1ximo, hasta 12 d\u00edas para escenarios de uso t\u00edpicos o hasta 7 d\u00edas con always on display habilitada, y hasta 40 horas en el modo de deportes al aire libre.<\/td>\n<\/tr>\n<tr>\n<td>La duraci\u00f3n de la bater\u00eda en uso ligero se ha probado en las siguientes condiciones: configuraci\u00f3n predeterminada de f\u00e1brica, detecci\u00f3n autom\u00e1tica de entrenamientos deshabilitada manualmente, 30 minutos de llamadas por bluetooth a la semana, 30 minutos de reproducci\u00f3n de audio por semana, monitoreo de frecuencia card\u00edaca siempre activado, monitoreo del sue\u00f1o activado por la noche, un promedio de 90 minutos de ejercicio por semana, notificaciones de mensajes habilitadas (50 mensajes, 6 llamadas y 3 alarmas al d\u00eda), y encendido de la pantalla del dispositivo 200 veces al d\u00eda.<\/td>\n<\/tr>\n<tr>\n<td>La duraci\u00f3n t\u00edpica de la bater\u00eda se ha probado en las siguientes condiciones: configuraci\u00f3n predeterminada de f\u00e1brica, 30 minutos de llamadas por bluetooth por semana, 30 minutos de reproducci\u00f3n de audio por semana, monitoreo de frecuencia card\u00edaca siempre activado, monitoreo del sue\u00f1o activado por la noche, registros adicionales de emociones\/estr\u00e9s habilitados, un promedio de 180 minutos de ejercicio por semana, notificaciones de mensajes activadas (50 mensajes, 6 llamadas y 3 alarmas al d\u00eda) y encendido de la pantalla del dispositivo durante un total de 30 minutos al d\u00eda.<\/td>\n<\/tr>\n<tr>\n<td>La duraci\u00f3n de la bater\u00eda con always on display activado se ha probado en las siguientes condiciones: configuraci\u00f3n predeterminada de f\u00e1brica, always on display activado, 30 minutos de llamadas por bluetooth por semana, 30 minutos de reproducci\u00f3n de audio por semana, monitoreo de frecuencia card\u00edaca siempre activado, monitoreo del sue\u00f1o activado por la noche, registros adicionales de emociones\/estr\u00e9s habilitados, un promedio de 180 minutos de ejercicio por semana, notificaciones de mensajes activadas (50 mensajes, 6 llamadas y 3 alarmas al d\u00eda) y encendido de la pantalla del dispositivo durante un total de 30 minutos al d\u00eda.<\/td>\n<\/tr>\n<tr>\n<td>La duraci\u00f3n de la bater\u00eda en el modo de deportes al aire libre se ha probado en las siguientes condiciones: configuraci\u00f3n predeterminada de f\u00e1brica, gnss siempre activado, monitoreo de frecuencia card\u00edaca siempre activado, activaci\u00f3n de la pantalla del dispositivo 90 veces por hora, notificaciones por vibraci\u00f3n 12 veces por hora.<\/td>\n<\/tr>\n<tr>\n<td>Huawei watch gt 6 41 mm<\/td>\n<\/tr>\n<tr>\n<td>La bater\u00eda puede durar hasta 14 d\u00edas como m\u00e1ximo, hasta 7 d\u00edas para escenarios de uso t\u00edpicos o hasta 5 d\u00edas con always on display habilitada, y hasta 25 horas en el modo de deportes al aire libre.<\/td>\n<\/tr>\n<tr>\n<td>La duraci\u00f3n de la bater\u00eda en uso ligero se ha probado en las siguientes condiciones: configuraci\u00f3n predeterminada de f\u00e1brica, detecci\u00f3n autom\u00e1tica de entrenamientos deshabilitada manualmente, 30 minutos de llamadas por bluetooth a la semana, 30 minutos de reproducci\u00f3n de audio por semana, monitoreo de frecuencia card\u00edaca siempre activado, monitoreo del sue\u00f1o activado por la noche, un promedio de 90 minutos de ejercicio por semana, notificaciones de mensajes habilitadas (50 mensajes, 6 llamadas y 3 alarmas al d\u00eda), y encendido de la pantalla del dispositivo 200 veces al d\u00eda.<\/td>\n<\/tr>\n<tr>\n<td>La duraci\u00f3n t\u00edpica de la bater\u00eda se ha probado en las siguientes condiciones: configuraci\u00f3n predeterminada de f\u00e1brica, 30 minutos de llamadas por bluetooth por semana, 30 minutos de reproducci\u00f3n de audio por semana, monitoreo de frecuencia card\u00edaca siempre activado, monitoreo del sue\u00f1o activado por la noche, registros adicionales de emociones\/estr\u00e9s habilitados, un promedio de 180 minutos de ejercicio por semana, notificaciones de mensajes activadas (50 mensajes, 6 llamadas y 3 alarmas al d\u00eda) y encendido de la pantalla del dispositivo durante un total de 30 minutos al d\u00eda.<\/td>\n<\/tr>\n<tr>\n<td>La duraci\u00f3n de la bater\u00eda con always on display activado se ha probado en las siguientes condiciones: configuraci\u00f3n predeterminada de f\u00e1brica, always on display activado, 30 minutos de llamadas por bluetooth por semana, 30 minutos de reproducci\u00f3n de audio por semana, monitoreo de frecuencia card\u00edaca siempre activado, monitoreo del sue\u00f1o activado por la noche, registros adicionales de emociones\/estr\u00e9s habilitados, un promedio de 180 minutos de ejercicio por semana, notificaciones de mensajes activadas (50 mensajes, 6 llamadas y 3 alarmas al d\u00eda) y encendido de la pantalla del dispositivo durante un total de 30 minutos al d\u00eda.<\/td>\n<\/tr>\n<tr>\n<td>La duraci\u00f3n de la bater\u00eda en el modo de deportes al aire libre se ha probado en las siguientes condiciones: configuraci\u00f3n predeterminada de f\u00e1brica, gnss siempre activado, monitoreo de frecuencia card\u00edaca siempre activado, activaci\u00f3n de la pantalla del dispositivo 90 veces por hora, notificaciones por vibraci\u00f3n 12 veces por hora.<\/td>\n<\/tr>\n<\/table>\n","protected":false},"excerpt":{"rendered":"<p>El huawei watch gt 6 (41 mm) combina elegancia, ligereza y tecnolog\u00eda avanzada para ofrecer un reloj inteligente de alto rendimiento con dise\u00f1o premium en acero inoxidable y correa de cuero compuesto blanco. Caracter\u00edsticas principales. Pantalla amoled de 1.32\u0094 con resoluci\u00f3n de 466 \u00d7 466 p\u00edxeles (352 ppi). Peso: 37.5 g (sin correa). Material: acero inoxidable. Sensores: frecuencia card\u00edaca, temperatura, aceler\u00f3metro, giroscopio, bar\u00f3metro, magnet\u00f3metro, luz ambiental. Conectividad: bluetooth 5.2, nfc, gnss multibanda (gps, glonass, galileo, bds, qzss). Bater\u00eda: hasta 14 d\u00edas de duraci\u00f3n (uso ligero) y hasta 7 d\u00edas en uso t\u00edpico. Carga inal\u00e1mbrica. Resistencia al agua: 5 atm + certificaci\u00f3n ip69 (apto para nataci\u00f3n en piscina o mar poco profundo). Compatibilidad: android 9.0 o superior \/ ios 13.0 o superior. Botones: corona giratoria + bot\u00f3n lateral.<\/p>\n","protected":false},"featured_media":0,"comment_status":"open","ping_status":"open","template":"","meta":[],"product_cat":[1799,1800],"product_tag":[1673],"acf":[],"yoast_head":"<!-- This site is optimized with the Yoast SEO plugin v21.7 - https:\/\/yoast.com\/wordpress\/plugins\/seo\/ -->\n<title>[ Huawei ] &#129351; 55020fujn-ds Smarwatch Gt6 41mm Blanco\/ Pantalla Amoled 1.32 Pulgadas \/ Carga Inalambrica \/peso 37.5g<\/title>\n<meta name=\"description\" content=\"Compra 55020fujn-ds Smarwatch Gt6 41mm Blanco\/ Pantalla Amoled 1.32 Pulgadas \/ Carga Inalambrica \/peso 37.5g + Env\u00edo a domicilio + Pago seguro + Garant\u00eda\" \/>\n<meta name=\"robots\" content=\"index, follow, max-snippet:-1, max-image-preview:large, max-video-preview:-1\" \/>\n<link rel=\"canonical\" href=\"https:\/\/compuviper.mx\/tienda\/producto\/huawei-55020fujn-ds-smarwatch-gt6-41mm-blanco-pantalla-amoled-1-32-pulgadas-carga-inalambrica-peso-37-5g\/\" \/>\n<meta property=\"og:locale\" content=\"es_MX\" \/>\n<meta property=\"og:type\" content=\"article\" \/>\n<meta property=\"og:title\" content=\"[ Huawei ] &#129351; 55020fujn-ds Smarwatch Gt6 41mm Blanco\/ Pantalla Amoled 1.32 Pulgadas \/ Carga Inalambrica \/peso 37.5g\" \/>\n<meta property=\"og:description\" content=\"Compra 55020fujn-ds Smarwatch Gt6 41mm Blanco\/ Pantalla Amoled 1.32 Pulgadas \/ Carga Inalambrica \/peso 37.5g + Env\u00edo a domicilio + Pago seguro + Garant\u00eda\" \/>\n<meta property=\"og:url\" content=\"https:\/\/compuviper.mx\/tienda\/producto\/huawei-55020fujn-ds-smarwatch-gt6-41mm-blanco-pantalla-amoled-1-32-pulgadas-carga-inalambrica-peso-37-5g\/\" \/>\n<meta property=\"og:site_name\" content=\"Compuviper\" \/>\n<meta property=\"article:publisher\" content=\"https:\/\/www.facebook.com\/compuviper\" \/>\n<meta property=\"article:modified_time\" content=\"2026-04-02T07:55:15+00:00\" \/>\n<meta name=\"twitter:card\" content=\"summary_large_image\" \/>\n<meta name=\"twitter:label1\" content=\"Precio\" \/>\n\t<meta name=\"twitter:data1\" content=\"&#36;3,102 &#36;3,077 con IVA\" \/>\n\t<meta name=\"twitter:label2\" content=\"Availability\" \/>\n\t<meta name=\"twitter:data2\" content=\"In stock\" \/>\n<script type=\"application\/ld+json\" class=\"yoast-schema-graph\">{\"@context\":\"https:\/\/schema.org\",\"@graph\":[{\"@type\":\"WebPage\",\"@id\":\"https:\/\/compuviper.mx\/tienda\/producto\/huawei-55020fujn-ds-smarwatch-gt6-41mm-blanco-pantalla-amoled-1-32-pulgadas-carga-inalambrica-peso-37-5g\/\",\"url\":\"https:\/\/compuviper.mx\/tienda\/producto\/huawei-55020fujn-ds-smarwatch-gt6-41mm-blanco-pantalla-amoled-1-32-pulgadas-carga-inalambrica-peso-37-5g\/\",\"name\":\"[ Huawei ] &#129351; 55020fujn-ds Smarwatch Gt6 41mm Blanco\/ Pantalla Amoled 1.32 Pulgadas \/ Carga Inalambrica \/peso 37.5g\",\"isPartOf\":{\"@id\":\"https:\/\/compuviper.mx\/tienda\/#website\"},\"datePublished\":\"2026-04-02T07:55:14+00:00\",\"dateModified\":\"2026-04-02T07:55:15+00:00\",\"description\":\"Compra 55020fujn-ds Smarwatch Gt6 41mm Blanco\/ Pantalla Amoled 1.32 Pulgadas \/ Carga Inalambrica \/peso 37.5g + Env\u00edo a domicilio + Pago seguro + Garant\u00eda\",\"breadcrumb\":{\"@id\":\"https:\/\/compuviper.mx\/tienda\/producto\/huawei-55020fujn-ds-smarwatch-gt6-41mm-blanco-pantalla-amoled-1-32-pulgadas-carga-inalambrica-peso-37-5g\/#breadcrumb\"},\"inLanguage\":\"es-MX\",\"potentialAction\":[{\"@type\":\"ReadAction\",\"target\":[\"https:\/\/compuviper.mx\/tienda\/producto\/huawei-55020fujn-ds-smarwatch-gt6-41mm-blanco-pantalla-amoled-1-32-pulgadas-carga-inalambrica-peso-37-5g\/\"]}]},{\"@type\":\"BreadcrumbList\",\"@id\":\"https:\/\/compuviper.mx\/tienda\/producto\/huawei-55020fujn-ds-smarwatch-gt6-41mm-blanco-pantalla-amoled-1-32-pulgadas-carga-inalambrica-peso-37-5g\/#breadcrumb\",\"itemListElement\":[{\"@type\":\"ListItem\",\"position\":1,\"name\":\"Inicio\",\"item\":\"https:\/\/compuviper.mx\/tienda\/\"},{\"@type\":\"ListItem\",\"position\":2,\"name\":\"Productos\",\"item\":\"https:\/\/compuviper.mx\/tienda\/productos\/\"},{\"@type\":\"ListItem\",\"position\":3,\"name\":\"Relojes\",\"item\":\"https:\/\/compuviper.mx\/tienda\/categoria-producto\/relojes\/\"},{\"@type\":\"ListItem\",\"position\":4,\"name\":\"Smartwatch\",\"item\":\"https:\/\/compuviper.mx\/tienda\/categoria-producto\/relojes\/smartwatch\/\"},{\"@type\":\"ListItem\",\"position\":5,\"name\":\"Huawei 55020fujn-ds Smarwatch Gt6 41mm Blanco\/ Pantalla Amoled 1.32 Pulgadas \/ Carga Inalambrica \/peso 37.5g\"}]},{\"@type\":\"WebSite\",\"@id\":\"https:\/\/compuviper.mx\/tienda\/#website\",\"url\":\"https:\/\/compuviper.mx\/tienda\/\",\"name\":\"Compuviper\",\"description\":\"Proveedor de Computadoras, Laptops, Servidores, Monitores, Puntos de Venta, Teclados,   Impresoras, T\u00f3ner, C\u00e1maras de Seguridad y m\u00e1s en tu tienda en l\u00ednea\",\"publisher\":{\"@id\":\"https:\/\/compuviper.mx\/tienda\/#organization\"},\"potentialAction\":[{\"@type\":\"SearchAction\",\"target\":{\"@type\":\"EntryPoint\",\"urlTemplate\":\"https:\/\/compuviper.mx\/tienda\/?s={search_term_string}\"},\"query-input\":\"required name=search_term_string\"}],\"inLanguage\":\"es-MX\"},{\"@type\":\"Organization\",\"@id\":\"https:\/\/compuviper.mx\/tienda\/#organization\",\"name\":\"Compuviper\",\"url\":\"https:\/\/compuviper.mx\/tienda\/\",\"logo\":{\"@type\":\"ImageObject\",\"inLanguage\":\"es-MX\",\"@id\":\"https:\/\/compuviper.mx\/tienda\/#\/schema\/logo\/image\/\",\"url\":\"https:\/\/compuviper.mx\/tienda\/wp-content\/uploads\/2021\/08\/Logo-Compuviper-10.png\",\"contentUrl\":\"https:\/\/compuviper.mx\/tienda\/wp-content\/uploads\/2021\/08\/Logo-Compuviper-10.png\",\"width\":1000,\"height\":500,\"caption\":\"Compuviper\"},\"image\":{\"@id\":\"https:\/\/compuviper.mx\/tienda\/#\/schema\/logo\/image\/\"},\"sameAs\":[\"https:\/\/www.facebook.com\/compuviper\",\"https:\/\/www.youtube.com\/channel\/UCf73dERp9Y3cfOq7q8BhLjA?view_as=subscriber\"]}]}<\/script>\n<meta property=\"product:brand\" content=\"HUAWEI\" \/>\n<meta property=\"product:price:amount\" content=\"3077\" \/>\n<meta property=\"product:price:currency\" content=\"MXN\" \/>\n<meta property=\"og:availability\" content=\"instock\" \/>\n<meta property=\"product:availability\" content=\"instock\" \/>\n<meta property=\"product:retailer_item_id\" content=\"55020FUJN-DS\" \/>\n<meta property=\"product:condition\" content=\"new\" \/>\n<!-- \/ Yoast SEO plugin. -->","yoast_head_json":{"title":"[ Huawei ] &#129351; 55020fujn-ds Smarwatch Gt6 41mm Blanco\/ Pantalla Amoled 1.32 Pulgadas \/ Carga Inalambrica \/peso 37.5g","description":"Compra 55020fujn-ds Smarwatch Gt6 41mm Blanco\/ Pantalla Amoled 1.32 Pulgadas \/ Carga Inalambrica \/peso 37.5g + Env\u00edo a domicilio + Pago seguro + Garant\u00eda","robots":{"index":"index","follow":"follow","max-snippet":"max-snippet:-1","max-image-preview":"max-image-preview:large","max-video-preview":"max-video-preview:-1"},"canonical":"https:\/\/compuviper.mx\/tienda\/producto\/huawei-55020fujn-ds-smarwatch-gt6-41mm-blanco-pantalla-amoled-1-32-pulgadas-carga-inalambrica-peso-37-5g\/","og_locale":"es_MX","og_type":"article","og_title":"[ Huawei ] &#129351; 55020fujn-ds Smarwatch Gt6 41mm Blanco\/ Pantalla Amoled 1.32 Pulgadas \/ Carga Inalambrica \/peso 37.5g","og_description":"Compra 55020fujn-ds Smarwatch Gt6 41mm Blanco\/ Pantalla Amoled 1.32 Pulgadas \/ Carga Inalambrica \/peso 37.5g + Env\u00edo a domicilio + Pago seguro + Garant\u00eda","og_url":"https:\/\/compuviper.mx\/tienda\/producto\/huawei-55020fujn-ds-smarwatch-gt6-41mm-blanco-pantalla-amoled-1-32-pulgadas-carga-inalambrica-peso-37-5g\/","og_site_name":"Compuviper","article_publisher":"https:\/\/www.facebook.com\/compuviper","article_modified_time":"2026-04-02T07:55:15+00:00","twitter_card":"summary_large_image","twitter_misc":{"Precio":"&#36;3,102 &#36;3,077 con IVA","Availability":"In stock"},"schema":{"@context":"https:\/\/schema.org","@graph":[{"@type":"WebPage","@id":"https:\/\/compuviper.mx\/tienda\/producto\/huawei-55020fujn-ds-smarwatch-gt6-41mm-blanco-pantalla-amoled-1-32-pulgadas-carga-inalambrica-peso-37-5g\/","url":"https:\/\/compuviper.mx\/tienda\/producto\/huawei-55020fujn-ds-smarwatch-gt6-41mm-blanco-pantalla-amoled-1-32-pulgadas-carga-inalambrica-peso-37-5g\/","name":"[ Huawei ] &#129351; 55020fujn-ds Smarwatch Gt6 41mm Blanco\/ Pantalla Amoled 1.32 Pulgadas \/ Carga Inalambrica \/peso 37.5g","isPartOf":{"@id":"https:\/\/compuviper.mx\/tienda\/#website"},"datePublished":"2026-04-02T07:55:14+00:00","dateModified":"2026-04-02T07:55:15+00:00","description":"Compra 55020fujn-ds Smarwatch Gt6 41mm Blanco\/ Pantalla Amoled 1.32 Pulgadas \/ Carga Inalambrica \/peso 37.5g + Env\u00edo a domicilio + Pago seguro + Garant\u00eda","breadcrumb":{"@id":"https:\/\/compuviper.mx\/tienda\/producto\/huawei-55020fujn-ds-smarwatch-gt6-41mm-blanco-pantalla-amoled-1-32-pulgadas-carga-inalambrica-peso-37-5g\/#breadcrumb"},"inLanguage":"es-MX","potentialAction":[{"@type":"ReadAction","target":["https:\/\/compuviper.mx\/tienda\/producto\/huawei-55020fujn-ds-smarwatch-gt6-41mm-blanco-pantalla-amoled-1-32-pulgadas-carga-inalambrica-peso-37-5g\/"]}]},{"@type":"BreadcrumbList","@id":"https:\/\/compuviper.mx\/tienda\/producto\/huawei-55020fujn-ds-smarwatch-gt6-41mm-blanco-pantalla-amoled-1-32-pulgadas-carga-inalambrica-peso-37-5g\/#breadcrumb","itemListElement":[{"@type":"ListItem","position":1,"name":"Inicio","item":"https:\/\/compuviper.mx\/tienda\/"},{"@type":"ListItem","position":2,"name":"Productos","item":"https:\/\/compuviper.mx\/tienda\/productos\/"},{"@type":"ListItem","position":3,"name":"Relojes","item":"https:\/\/compuviper.mx\/tienda\/categoria-producto\/relojes\/"},{"@type":"ListItem","position":4,"name":"Smartwatch","item":"https:\/\/compuviper.mx\/tienda\/categoria-producto\/relojes\/smartwatch\/"},{"@type":"ListItem","position":5,"name":"Huawei 55020fujn-ds Smarwatch Gt6 41mm Blanco\/ Pantalla Amoled 1.32 Pulgadas \/ Carga Inalambrica \/peso 37.5g"}]},{"@type":"WebSite","@id":"https:\/\/compuviper.mx\/tienda\/#website","url":"https:\/\/compuviper.mx\/tienda\/","name":"Compuviper","description":"Proveedor de Computadoras, Laptops, Servidores, Monitores, Puntos de Venta, Teclados,   Impresoras, T\u00f3ner, C\u00e1maras de Seguridad y m\u00e1s en tu tienda en l\u00ednea","publisher":{"@id":"https:\/\/compuviper.mx\/tienda\/#organization"},"potentialAction":[{"@type":"SearchAction","target":{"@type":"EntryPoint","urlTemplate":"https:\/\/compuviper.mx\/tienda\/?s={search_term_string}"},"query-input":"required name=search_term_string"}],"inLanguage":"es-MX"},{"@type":"Organization","@id":"https:\/\/compuviper.mx\/tienda\/#organization","name":"Compuviper","url":"https:\/\/compuviper.mx\/tienda\/","logo":{"@type":"ImageObject","inLanguage":"es-MX","@id":"https:\/\/compuviper.mx\/tienda\/#\/schema\/logo\/image\/","url":"https:\/\/compuviper.mx\/tienda\/wp-content\/uploads\/2021\/08\/Logo-Compuviper-10.png","contentUrl":"https:\/\/compuviper.mx\/tienda\/wp-content\/uploads\/2021\/08\/Logo-Compuviper-10.png","width":1000,"height":500,"caption":"Compuviper"},"image":{"@id":"https:\/\/compuviper.mx\/tienda\/#\/schema\/logo\/image\/"},"sameAs":["https:\/\/www.facebook.com\/compuviper","https:\/\/www.youtube.com\/channel\/UCf73dERp9Y3cfOq7q8BhLjA?view_as=subscriber"]}]},"product_brand":"HUAWEI","product_price_amount":"3077","product_price_currency":"MXN","og_availability":"instock","product_availability":"instock","product_retailer_item_id":"55020FUJN-DS","product_condition":"new"},"_links":{"self":[{"href":"https:\/\/compuviper.mx\/tienda\/wp-json\/wp\/v2\/product\/262042"}],"collection":[{"href":"https:\/\/compuviper.mx\/tienda\/wp-json\/wp\/v2\/product"}],"about":[{"href":"https:\/\/compuviper.mx\/tienda\/wp-json\/wp\/v2\/types\/product"}],"replies":[{"embeddable":true,"href":"https:\/\/compuviper.mx\/tienda\/wp-json\/wp\/v2\/comments?post=262042"}],"wp:attachment":[{"href":"https:\/\/compuviper.mx\/tienda\/wp-json\/wp\/v2\/media?parent=262042"}],"wp:term":[{"taxonomy":"product_cat","embeddable":true,"href":"https:\/\/compuviper.mx\/tienda\/wp-json\/wp\/v2\/product_cat?post=262042"},{"taxonomy":"product_tag","embeddable":true,"href":"https:\/\/compuviper.mx\/tienda\/wp-json\/wp\/v2\/product_tag?post=262042"}],"curies":[{"name":"wp","href":"https:\/\/api.w.org\/{rel}","templated":true}]}}