{"id":262035,"date":"2026-04-18T01:15:32","date_gmt":"2026-04-18T07:15:32","guid":{"rendered":"https:\/\/compuviper.mx\/tienda\/producto\/huawei-53030dfvn-ds-mesh-x1-pro-1-pack-vel-wi-fi-7-3600mbps-doble-banda-cobertura-hasta-200m2-dispositivos-128-cada-unidad-puertos-4-2-5ge-puertos\/"},"modified":"2026-04-18T01:15:32","modified_gmt":"2026-04-18T07:15:32","slug":"huawei-53030dfvn-ds-mesh-x1-pro-1-pack-vel-wi-fi-7-3600mbps-doble-banda-cobertura-hasta-200m2-dispositivos-128-cada-unidad-puertos-4-2-5ge-puertos","status":"publish","type":"product","link":"https:\/\/compuviper.mx\/tienda\/producto\/huawei-53030dfvn-ds-mesh-x1-pro-1-pack-vel-wi-fi-7-3600mbps-doble-banda-cobertura-hasta-200m2-dispositivos-128-cada-unidad-puertos-4-2-5ge-puertos\/","title":{"rendered":"Huawei 53030dfvn-ds  Mesh X1 Pro (1 Pack) \/ Vel. Wi-fi 7 3600mbps  \/  Doble Banda \/ Cobertura:  Hasta 200m2 \/ Dispositivos   128 (cada Unidad)  \/ Puertos  4 * 2.5ge Puertos"},"content":{"rendered":"<table class=\"descripcion\">\n<tr>\n<td>Negro<\/td>\n<\/tr>\n<tr>\n<td>Dimensiones y peso<\/td>\n<\/tr>\n<tr>\n<td>Altura: 227.2 mm<\/td>\n<\/tr>\n<tr>\n<td>Di\u00e1metro: 115.4 mm<\/td>\n<\/tr>\n<tr>\n<td>*las dimensiones reales pueden variar dependiendo de la configuraci\u00f3n, el proceso de manufactura y el m\u00e9todo de medici\u00f3n.<\/td>\n<\/tr>\n<tr>\n<td>Peso: cerca de 898.6 g<\/td>\n<\/tr>\n<tr>\n<td>*el peso real puede variar dependiendo de la configuraci\u00f3n, el proceso de manufactura y el m\u00e9todo de medici\u00f3n.<\/td>\n<\/tr>\n<tr>\n<td>Wi-fi<\/td>\n<\/tr>\n<tr>\n<td>Banda inal\u00e1mbrica<\/td>\n<\/tr>\n<tr>\n<td>2.4 ghz y 5 ghz (admite configuraci\u00f3n de integraci\u00f3n de doble banda)<\/td>\n<\/tr>\n<tr>\n<td>Est\u00e1ndar de transmisi\u00f3n<\/td>\n<\/tr>\n<tr>\n<td>Ieee 802.11be\/ax\/ac\/n\/a, 2 \u00d7 2 mimo<\/td>\n<\/tr>\n<tr>\n<td>Ieee 802.11be\/ax\/n\/g\/b, 2 \u00d7 2 mimo<\/td>\n<\/tr>\n<tr>\n<td>*necesario utilizarlo con el dispositivo de acceso a internet correspondiente.<\/td>\n<\/tr>\n<tr>\n<td>2 \u00d7 2 mu-mimo: compatible<\/td>\n<\/tr>\n<tr>\n<td>Velocidad de transmisi\u00f3n inal\u00e1mbrica<\/td>\n<\/tr>\n<tr>\n<td>Wifi7 2 \u00d7 2<\/td>\n<\/tr>\n<tr>\n<td>2.4 ghz: 688 mbps (te\u00f3ricos)<\/td>\n<\/tr>\n<tr>\n<td>5 ghz: 2,882 mbps (te\u00f3ricos)<\/td>\n<\/tr>\n<tr>\n<td>Velocidad total te\u00f3rica negociada: 3,570 mbps<\/td>\n<\/tr>\n<tr>\n<td>Wifi6 2 \u00d7 2<\/td>\n<\/tr>\n<tr>\n<td>2.4 ghz: 574 mbps (te\u00f3ricos)<\/td>\n<\/tr>\n<tr>\n<td>5 ghz: 2,402 mbps (te\u00f3ricos)<\/td>\n<\/tr>\n<tr>\n<td>Velocidad total te\u00f3rica negociada: 2,976 mbps<\/td>\n<\/tr>\n<tr>\n<td>Wifi5 2 \u00d7 2<\/td>\n<\/tr>\n<tr>\n<td>2.4 ghz: 300 mbps (te\u00f3ricos)<\/td>\n<\/tr>\n<tr>\n<td>5 ghz: 867 mbps (te\u00f3ricos)<\/td>\n<\/tr>\n<tr>\n<td>Velocidad total te\u00f3rica negociada: 1,167 mbps<\/td>\n<\/tr>\n<tr>\n<td>*mbps es la velocidad te\u00f3rica negociada en modo 4 \u00d7 4 4k qam. la velocidad negociada te\u00f3rica real depende del dispositivo.<\/td>\n<\/tr>\n<tr>\n<td>Inal\u00e1mbrico<\/td>\n<\/tr>\n<tr>\n<td>Banda inal\u00e1mbrica<\/td>\n<\/tr>\n<tr>\n<td>2.4 ghz y 5 ghz (admite configuraci\u00f3n de integraci\u00f3n de doble banda)<\/td>\n<\/tr>\n<tr>\n<td>Est\u00e1ndar de transmisi\u00f3n<\/td>\n<\/tr>\n<tr>\n<td>Ieee 802.11be\/ax\/ac\/n\/a, 2 \u00d7 2 mimo<\/td>\n<\/tr>\n<tr>\n<td>Ieee 802.11be\/ax\/n\/g\/b, 2 \u00d7 2 mimo<\/td>\n<\/tr>\n<tr>\n<td>*necesario utilizarlo con el dispositivo de acceso a internet correspondiente.<\/td>\n<\/tr>\n<tr>\n<td>2 \u00d7 2 mu-mimo: compatible<\/td>\n<\/tr>\n<tr>\n<td>Velocidad de transmisi\u00f3n inal\u00e1mbrica<\/td>\n<\/tr>\n<tr>\n<td>Wifi7 2 \u00d7 2<\/td>\n<\/tr>\n<tr>\n<td>2.4 ghz: 688 mbps (te\u00f3ricos)<\/td>\n<\/tr>\n<tr>\n<td>5 ghz: 2,882 mbps (te\u00f3ricos)<\/td>\n<\/tr>\n<tr>\n<td>Velocidad total te\u00f3rica negociada: 3,570 mbps<\/td>\n<\/tr>\n<tr>\n<td>Wifi6 2 \u00d7 2<\/td>\n<\/tr>\n<tr>\n<td>2.4 ghz: 574 mbps (te\u00f3ricos)<\/td>\n<\/tr>\n<tr>\n<td>5 ghz: 2,402 mbps (te\u00f3ricos)<\/td>\n<\/tr>\n<tr>\n<td>Velocidad total te\u00f3rica negociada: 2,976 mbps<\/td>\n<\/tr>\n<tr>\n<td>Wifi5 2 \u00d7 2<\/td>\n<\/tr>\n<tr>\n<td>2.4 ghz: 300 mbps (te\u00f3ricos)<\/td>\n<\/tr>\n<tr>\n<td>5 ghz: 867 mbps (te\u00f3ricos)<\/td>\n<\/tr>\n<tr>\n<td>Velocidad total te\u00f3rica negociada: 1,167 mbps<\/td>\n<\/tr>\n<tr>\n<td>*mbps es la velocidad te\u00f3rica negociada en modo 4 \u00d7 4 4k qam. la velocidad negociada te\u00f3rica real depende del dispositivo.<\/td>\n<\/tr>\n<tr>\n<td>Antena<\/td>\n<\/tr>\n<tr>\n<td>5 antenas omnidireccionales + 2 antenas de malla transversal<\/td>\n<\/tr>\n<tr>\n<td>Puerto de red<\/td>\n<\/tr>\n<tr>\n<td>Puertos de red<\/td>\n<\/tr>\n<tr>\n<td>Puerto de velocidad adaptable 10\/100\/1000m\/2500m \u00d7 4<\/td>\n<\/tr>\n<tr>\n<td>Puerto wan<\/td>\n<\/tr>\n<tr>\n<td>Uno (interfaces wan y lan adaptables)<\/td>\n<\/tr>\n<tr>\n<td>*total cuatro puertos ethernet de velocidad adaptable 10\/100\/1000\/2500m.<\/td>\n<\/tr>\n<tr>\n<td>Puerto lan<\/td>\n<\/tr>\n<tr>\n<td>Tres (interfaces wan y lan adaptables)<\/td>\n<\/tr>\n<tr>\n<td>*total cuatro puertos ethernet de velocidad adaptable 10\/100\/1000\/2500m.<\/td>\n<\/tr>\n<tr>\n<td>Memoria<\/td>\n<\/tr>\n<tr>\n<td>Almacenamiento interno (rom)<\/td>\n<\/tr>\n<tr>\n<td>128 mb<\/td>\n<\/tr>\n<tr>\n<td>Memoria de funcionamiento (ram)<\/td>\n<\/tr>\n<tr>\n<td>512 mb<\/td>\n<\/tr>\n<tr>\n<td>Indicador led<\/td>\n<\/tr>\n<tr>\n<td>Indicador \u00d7 1<\/td>\n<\/tr>\n<tr>\n<td>*dos colores (rojo, azul)<\/td>\n<\/tr>\n<tr>\n<td>Alimentaci\u00f3n<\/td>\n<\/tr>\n<tr>\n<td>Consumo m\u00e1ximo de energ\u00eda: 24 w<\/td>\n<\/tr>\n<tr>\n<td>Voltaje de trabajo<\/td>\n<\/tr>\n<tr>\n<td>Dc 12 v<\/td>\n<\/tr>\n<tr>\n<td>Seguridad<\/td>\n<\/tr>\n<tr>\n<td>Seguridad de cortafuegos<\/td>\n<\/tr>\n<tr>\n<td>Compatible<\/td>\n<\/tr>\n<tr>\n<td>Huawei homesec<\/td>\n<\/tr>\n<tr>\n<td>Compatible<\/td>\n<\/tr>\n<tr>\n<td>*protecci\u00f3n de seguridad huawei homesec\u00ae: prevenci\u00f3n de ataques de fuerza bruta wi-fi<\/td>\n<\/tr>\n<tr>\n<td>Control parental<\/td>\n<\/tr>\n<tr>\n<td>Compatible<\/td>\n<\/tr>\n<tr>\n<td>*a\u00f1ade restricciones de tiempo en internet, pagos, juegos, v\u00eddeos y acceso a redes sociales, y bloquea el acceso a sitios no seguros para un entorno online m\u00e1s seguro.<\/td>\n<\/tr>\n<tr>\n<td>Seguridad wi-fi<\/td>\n<\/tr>\n<tr>\n<td>Compatible (wpa2-psk, wpa\/wpa2-psk, wpa2-psk\/wpa3-sae y lista de bloqueo\/lista de confianza)<\/td>\n<\/tr>\n<tr>\n<td>Medio ambiente<\/td>\n<\/tr>\n<tr>\n<td>Humedad en almacenamiento<\/td>\n<\/tr>\n<tr>\n<td>5% ~ 95%<\/td>\n<\/tr>\n<tr>\n<td>Temperatura de almacenamiento<\/td>\n<\/tr>\n<tr>\n<td>-40 and #8451; ~ 70 and #8451;<\/td>\n<\/tr>\n<tr>\n<td>Temperatura de funcionamiento<\/td>\n<\/tr>\n<tr>\n<td>0 and #8451; ~ 40 and #8451;<\/td>\n<\/tr>\n<tr>\n<td>Humedad para funcionamiento<\/td>\n<\/tr>\n<tr>\n<td>5% ~ 95%, sin condensaci\u00f3n<\/td>\n<\/tr>\n<tr>\n<td>Number of wi-fi channels<\/td>\n<\/tr>\n<tr>\n<td>Canal de se\u00f1al 2.4g: 1-13<\/td>\n<\/tr>\n<tr>\n<td>Canal de se\u00f1al 5g: 36 and #12289;40 and #12289;44 and #12289;48 and #12289;52 and #12289;56 and #12289;60 and #12289;64 and #12289;100 and #12289;104 and #12289;108 and #12289;112 and #12289;116 and #12289;132 and #12289;136 and #12289;140<\/td>\n<\/tr>\n<tr>\n<td>*s\u00f3lo se pueden seleccionar autom\u00e1ticamente los canales 1, 6 y 11 para los canales 2,4g.<\/td>\n<\/tr>\n<tr>\n<td>**los canales 5g admitidos inferiores a 149 son de nueva apertura en china. si configuras manualmente canales inferiores a 149, es posible que algunos dispositivos wi-fi antiguos no puedan conectarse a la red.<\/td>\n<\/tr>\n<tr>\n<td>Application<\/td>\n<\/tr>\n<tr>\n<td>Huawei ai life<\/td>\n<\/tr>\n<tr>\n<td>Ios\/android\/harmonyos<\/td>\n<\/tr>\n<tr>\n<td>En la caja<\/td>\n<\/tr>\n<tr>\n<td>Adaptador de corriente \u00d7 1<\/td>\n<\/tr>\n<tr>\n<td>Qsg (con tarjeta de garant\u00eda) \u00d7 1<\/td>\n<\/tr>\n<tr>\n<td>Router \u00d7 1<\/td>\n<\/tr>\n<tr>\n<td>Cable ethernet \u00d7 1<\/td>\n<\/tr>\n<tr>\n<td>*el contenido final est\u00e1 sujeto al objeto real.<\/td>\n<\/tr>\n<\/table>\n","protected":false},"excerpt":{"rendered":"<p>Huawei mesh x1 pro \u0096 wi-fi 7 de alto rendimiento. Cobertura potente y conexiones r\u00e1pidas para todo tu hogar. Velocidad wi-fi 7: hasta 3,600 mbps (2.4 ghz: 688 mbps \/ 5 ghz: 2,882 mbps). Cobertura amplia: hasta 200 m\u00b2 y soporte para aproximadamente 128 dispositivos por unidad. Puertos ethernet: 4 puertos adaptables 10\/100\/1000\/2500m para conexiones de alta velocidad. Antenas avanzadas: 5 antenas omnidireccionales + 2 antenas de malla transversal para se\u00f1al estable. Dise\u00f1o y rendimiento. Dimensiones: 227.2 mm (alto) \u00d7 115.4 mm (di\u00e1metro). Peso aproximado: 898.6 g. Memoria: 512 mb ram + 128 mb rom. Seguridad y control parental. Compatible con huawei homesec\u00ae y cortafuegos integrado. Control parental con bloqueo de sitios no seguros y restricciones de tiempo. Seguridad wi-fi: wpa2-psk\/wpa3-sae y listas de bloqueo\/confiables. Compatibilidad. App huawei ai life para ios, android y harmonyos. Contenido de la caja. Router \u00d7 1. Adaptador de corriente \u00d7 1. Cable ethernet \u00d7 1. Gu\u00eda r\u00e1pida y tarjeta de garant\u00eda \u00d7 1. Huawei mesh x1 pro: se\u00f1al estable, alta velocidad y m\u00e1xima cobertura para tu hogar inteligente.<\/p>\n","protected":false},"featured_media":0,"comment_status":"open","ping_status":"open","template":"","meta":[],"product_cat":[1563,1753],"product_tag":[1673],"acf":[],"yoast_head":"<!-- This site is optimized with the Yoast SEO plugin v21.7 - https:\/\/yoast.com\/wordpress\/plugins\/seo\/ -->\n<title>[ Huawei ] &#129351; 53030dfvn-ds Mesh X1 Pro (1 Pack) \/ Vel. Wi-fi 7 3600mbps \/ Doble Banda \/ Cobertura: Hasta 200m2 \/ Dispositivos 128 (cada Unidad) \/ Puertos 4 * 2.5ge Puertos<\/title>\n<meta name=\"description\" content=\"Compra 53030dfvn-ds Mesh X1 Pro (1 Pack) \/ Vel. Wi-fi 7 3600mbps \/ Doble Banda \/ Cobertura: Hasta 200m2 \/ Dispositivos 128 (cada Unidad) \/ Puertos 4 * 2.5ge Puertos + Env\u00edo a domicilio + Pago seguro + Garant\u00eda\" \/>\n<meta name=\"robots\" content=\"index, follow, max-snippet:-1, max-image-preview:large, max-video-preview:-1\" \/>\n<link rel=\"canonical\" href=\"https:\/\/compuviper.mx\/tienda\/producto\/huawei-53030dfvn-ds-mesh-x1-pro-1-pack-vel-wi-fi-7-3600mbps-doble-banda-cobertura-hasta-200m2-dispositivos-128-cada-unidad-puertos-4-2-5ge-puertos\/\" \/>\n<meta property=\"og:locale\" content=\"es_MX\" \/>\n<meta property=\"og:type\" content=\"article\" \/>\n<meta property=\"og:title\" content=\"[ Huawei ] &#129351; 53030dfvn-ds Mesh X1 Pro (1 Pack) \/ Vel. Wi-fi 7 3600mbps \/ Doble Banda \/ Cobertura: Hasta 200m2 \/ Dispositivos 128 (cada Unidad) \/ Puertos 4 * 2.5ge Puertos\" \/>\n<meta property=\"og:description\" content=\"Compra 53030dfvn-ds Mesh X1 Pro (1 Pack) \/ Vel. Wi-fi 7 3600mbps \/ Doble Banda \/ Cobertura: Hasta 200m2 \/ Dispositivos 128 (cada Unidad) \/ Puertos 4 * 2.5ge Puertos + Env\u00edo a domicilio + Pago seguro + Garant\u00eda\" \/>\n<meta property=\"og:url\" content=\"https:\/\/compuviper.mx\/tienda\/producto\/huawei-53030dfvn-ds-mesh-x1-pro-1-pack-vel-wi-fi-7-3600mbps-doble-banda-cobertura-hasta-200m2-dispositivos-128-cada-unidad-puertos-4-2-5ge-puertos\/\" \/>\n<meta property=\"og:site_name\" content=\"Compuviper\" \/>\n<meta property=\"article:publisher\" content=\"https:\/\/www.facebook.com\/compuviper\" \/>\n<meta name=\"twitter:card\" content=\"summary_large_image\" \/>\n<meta name=\"twitter:label1\" content=\"Precio\" \/>\n\t<meta name=\"twitter:data1\" content=\"&#36;2,021 con IVA\" \/>\n\t<meta name=\"twitter:label2\" content=\"Availability\" \/>\n\t<meta name=\"twitter:data2\" content=\"In stock\" \/>\n<script type=\"application\/ld+json\" class=\"yoast-schema-graph\">{\"@context\":\"https:\/\/schema.org\",\"@graph\":[{\"@type\":\"WebPage\",\"@id\":\"https:\/\/compuviper.mx\/tienda\/producto\/huawei-53030dfvn-ds-mesh-x1-pro-1-pack-vel-wi-fi-7-3600mbps-doble-banda-cobertura-hasta-200m2-dispositivos-128-cada-unidad-puertos-4-2-5ge-puertos\/\",\"url\":\"https:\/\/compuviper.mx\/tienda\/producto\/huawei-53030dfvn-ds-mesh-x1-pro-1-pack-vel-wi-fi-7-3600mbps-doble-banda-cobertura-hasta-200m2-dispositivos-128-cada-unidad-puertos-4-2-5ge-puertos\/\",\"name\":\"[ Huawei ] &#129351; 53030dfvn-ds Mesh X1 Pro (1 Pack) \/ Vel. Wi-fi 7 3600mbps \/ Doble Banda \/ Cobertura: Hasta 200m2 \/ Dispositivos 128 (cada Unidad) \/ Puertos 4 * 2.5ge Puertos\",\"isPartOf\":{\"@id\":\"https:\/\/compuviper.mx\/tienda\/#website\"},\"datePublished\":\"2026-04-18T07:15:32+00:00\",\"dateModified\":\"2026-04-18T07:15:32+00:00\",\"description\":\"Compra 53030dfvn-ds Mesh X1 Pro (1 Pack) \/ Vel. Wi-fi 7 3600mbps \/ Doble Banda \/ Cobertura: Hasta 200m2 \/ Dispositivos 128 (cada Unidad) \/ Puertos 4 * 2.5ge Puertos + Env\u00edo a domicilio + Pago seguro + Garant\u00eda\",\"breadcrumb\":{\"@id\":\"https:\/\/compuviper.mx\/tienda\/producto\/huawei-53030dfvn-ds-mesh-x1-pro-1-pack-vel-wi-fi-7-3600mbps-doble-banda-cobertura-hasta-200m2-dispositivos-128-cada-unidad-puertos-4-2-5ge-puertos\/#breadcrumb\"},\"inLanguage\":\"es-MX\",\"potentialAction\":[{\"@type\":\"ReadAction\",\"target\":[\"https:\/\/compuviper.mx\/tienda\/producto\/huawei-53030dfvn-ds-mesh-x1-pro-1-pack-vel-wi-fi-7-3600mbps-doble-banda-cobertura-hasta-200m2-dispositivos-128-cada-unidad-puertos-4-2-5ge-puertos\/\"]}]},{\"@type\":\"BreadcrumbList\",\"@id\":\"https:\/\/compuviper.mx\/tienda\/producto\/huawei-53030dfvn-ds-mesh-x1-pro-1-pack-vel-wi-fi-7-3600mbps-doble-banda-cobertura-hasta-200m2-dispositivos-128-cada-unidad-puertos-4-2-5ge-puertos\/#breadcrumb\",\"itemListElement\":[{\"@type\":\"ListItem\",\"position\":1,\"name\":\"Inicio\",\"item\":\"https:\/\/compuviper.mx\/tienda\/\"},{\"@type\":\"ListItem\",\"position\":2,\"name\":\"Productos\",\"item\":\"https:\/\/compuviper.mx\/tienda\/productos\/\"},{\"@type\":\"ListItem\",\"position\":3,\"name\":\"Redes\",\"item\":\"https:\/\/compuviper.mx\/tienda\/categoria-producto\/redes\/\"},{\"@type\":\"ListItem\",\"position\":4,\"name\":\"Router\",\"item\":\"https:\/\/compuviper.mx\/tienda\/categoria-producto\/redes\/router\/\"},{\"@type\":\"ListItem\",\"position\":5,\"name\":\"Huawei 53030dfvn-ds Mesh X1 Pro (1 Pack) \/ Vel. Wi-fi 7 3600mbps \/ Doble Banda \/ Cobertura: Hasta 200m2 \/ Dispositivos 128 (cada Unidad) \/ Puertos 4 * 2.5ge Puertos\"}]},{\"@type\":\"WebSite\",\"@id\":\"https:\/\/compuviper.mx\/tienda\/#website\",\"url\":\"https:\/\/compuviper.mx\/tienda\/\",\"name\":\"Compuviper\",\"description\":\"Proveedor de Computadoras, Laptops, Servidores, Monitores, Puntos de Venta, Teclados,   Impresoras, T\u00f3ner, C\u00e1maras de Seguridad y m\u00e1s en tu tienda en l\u00ednea\",\"publisher\":{\"@id\":\"https:\/\/compuviper.mx\/tienda\/#organization\"},\"potentialAction\":[{\"@type\":\"SearchAction\",\"target\":{\"@type\":\"EntryPoint\",\"urlTemplate\":\"https:\/\/compuviper.mx\/tienda\/?s={search_term_string}\"},\"query-input\":\"required name=search_term_string\"}],\"inLanguage\":\"es-MX\"},{\"@type\":\"Organization\",\"@id\":\"https:\/\/compuviper.mx\/tienda\/#organization\",\"name\":\"Compuviper\",\"url\":\"https:\/\/compuviper.mx\/tienda\/\",\"logo\":{\"@type\":\"ImageObject\",\"inLanguage\":\"es-MX\",\"@id\":\"https:\/\/compuviper.mx\/tienda\/#\/schema\/logo\/image\/\",\"url\":\"https:\/\/compuviper.mx\/tienda\/wp-content\/uploads\/2021\/08\/Logo-Compuviper-10.png\",\"contentUrl\":\"https:\/\/compuviper.mx\/tienda\/wp-content\/uploads\/2021\/08\/Logo-Compuviper-10.png\",\"width\":1000,\"height\":500,\"caption\":\"Compuviper\"},\"image\":{\"@id\":\"https:\/\/compuviper.mx\/tienda\/#\/schema\/logo\/image\/\"},\"sameAs\":[\"https:\/\/www.facebook.com\/compuviper\",\"https:\/\/www.youtube.com\/channel\/UCf73dERp9Y3cfOq7q8BhLjA?view_as=subscriber\"]}]}<\/script>\n<meta property=\"product:brand\" content=\"HUAWEI\" \/>\n<meta property=\"product:price:amount\" content=\"2021\" \/>\n<meta property=\"product:price:currency\" content=\"MXN\" \/>\n<meta property=\"og:availability\" content=\"instock\" \/>\n<meta property=\"product:availability\" content=\"instock\" \/>\n<meta property=\"product:retailer_item_id\" content=\"53030DFVN-DS\" \/>\n<meta property=\"product:condition\" content=\"new\" \/>\n<!-- \/ Yoast SEO plugin. -->","yoast_head_json":{"title":"[ Huawei ] &#129351; 53030dfvn-ds Mesh X1 Pro (1 Pack) \/ Vel. Wi-fi 7 3600mbps \/ Doble Banda \/ Cobertura: Hasta 200m2 \/ Dispositivos 128 (cada Unidad) \/ Puertos 4 * 2.5ge Puertos","description":"Compra 53030dfvn-ds Mesh X1 Pro (1 Pack) \/ Vel. Wi-fi 7 3600mbps \/ Doble Banda \/ Cobertura: Hasta 200m2 \/ Dispositivos 128 (cada Unidad) \/ Puertos 4 * 2.5ge Puertos + Env\u00edo a domicilio + Pago seguro + Garant\u00eda","robots":{"index":"index","follow":"follow","max-snippet":"max-snippet:-1","max-image-preview":"max-image-preview:large","max-video-preview":"max-video-preview:-1"},"canonical":"https:\/\/compuviper.mx\/tienda\/producto\/huawei-53030dfvn-ds-mesh-x1-pro-1-pack-vel-wi-fi-7-3600mbps-doble-banda-cobertura-hasta-200m2-dispositivos-128-cada-unidad-puertos-4-2-5ge-puertos\/","og_locale":"es_MX","og_type":"article","og_title":"[ Huawei ] &#129351; 53030dfvn-ds Mesh X1 Pro (1 Pack) \/ Vel. Wi-fi 7 3600mbps \/ Doble Banda \/ Cobertura: Hasta 200m2 \/ Dispositivos 128 (cada Unidad) \/ Puertos 4 * 2.5ge Puertos","og_description":"Compra 53030dfvn-ds Mesh X1 Pro (1 Pack) \/ Vel. Wi-fi 7 3600mbps \/ Doble Banda \/ Cobertura: Hasta 200m2 \/ Dispositivos 128 (cada Unidad) \/ Puertos 4 * 2.5ge Puertos + Env\u00edo a domicilio + Pago seguro + Garant\u00eda","og_url":"https:\/\/compuviper.mx\/tienda\/producto\/huawei-53030dfvn-ds-mesh-x1-pro-1-pack-vel-wi-fi-7-3600mbps-doble-banda-cobertura-hasta-200m2-dispositivos-128-cada-unidad-puertos-4-2-5ge-puertos\/","og_site_name":"Compuviper","article_publisher":"https:\/\/www.facebook.com\/compuviper","twitter_card":"summary_large_image","twitter_misc":{"Precio":"&#36;2,021 con IVA","Availability":"In stock"},"schema":{"@context":"https:\/\/schema.org","@graph":[{"@type":"WebPage","@id":"https:\/\/compuviper.mx\/tienda\/producto\/huawei-53030dfvn-ds-mesh-x1-pro-1-pack-vel-wi-fi-7-3600mbps-doble-banda-cobertura-hasta-200m2-dispositivos-128-cada-unidad-puertos-4-2-5ge-puertos\/","url":"https:\/\/compuviper.mx\/tienda\/producto\/huawei-53030dfvn-ds-mesh-x1-pro-1-pack-vel-wi-fi-7-3600mbps-doble-banda-cobertura-hasta-200m2-dispositivos-128-cada-unidad-puertos-4-2-5ge-puertos\/","name":"[ Huawei ] &#129351; 53030dfvn-ds Mesh X1 Pro (1 Pack) \/ Vel. Wi-fi 7 3600mbps \/ Doble Banda \/ Cobertura: Hasta 200m2 \/ Dispositivos 128 (cada Unidad) \/ Puertos 4 * 2.5ge Puertos","isPartOf":{"@id":"https:\/\/compuviper.mx\/tienda\/#website"},"datePublished":"2026-04-18T07:15:32+00:00","dateModified":"2026-04-18T07:15:32+00:00","description":"Compra 53030dfvn-ds Mesh X1 Pro (1 Pack) \/ Vel. Wi-fi 7 3600mbps \/ Doble Banda \/ Cobertura: Hasta 200m2 \/ Dispositivos 128 (cada Unidad) \/ Puertos 4 * 2.5ge Puertos + Env\u00edo a domicilio + Pago seguro + Garant\u00eda","breadcrumb":{"@id":"https:\/\/compuviper.mx\/tienda\/producto\/huawei-53030dfvn-ds-mesh-x1-pro-1-pack-vel-wi-fi-7-3600mbps-doble-banda-cobertura-hasta-200m2-dispositivos-128-cada-unidad-puertos-4-2-5ge-puertos\/#breadcrumb"},"inLanguage":"es-MX","potentialAction":[{"@type":"ReadAction","target":["https:\/\/compuviper.mx\/tienda\/producto\/huawei-53030dfvn-ds-mesh-x1-pro-1-pack-vel-wi-fi-7-3600mbps-doble-banda-cobertura-hasta-200m2-dispositivos-128-cada-unidad-puertos-4-2-5ge-puertos\/"]}]},{"@type":"BreadcrumbList","@id":"https:\/\/compuviper.mx\/tienda\/producto\/huawei-53030dfvn-ds-mesh-x1-pro-1-pack-vel-wi-fi-7-3600mbps-doble-banda-cobertura-hasta-200m2-dispositivos-128-cada-unidad-puertos-4-2-5ge-puertos\/#breadcrumb","itemListElement":[{"@type":"ListItem","position":1,"name":"Inicio","item":"https:\/\/compuviper.mx\/tienda\/"},{"@type":"ListItem","position":2,"name":"Productos","item":"https:\/\/compuviper.mx\/tienda\/productos\/"},{"@type":"ListItem","position":3,"name":"Redes","item":"https:\/\/compuviper.mx\/tienda\/categoria-producto\/redes\/"},{"@type":"ListItem","position":4,"name":"Router","item":"https:\/\/compuviper.mx\/tienda\/categoria-producto\/redes\/router\/"},{"@type":"ListItem","position":5,"name":"Huawei 53030dfvn-ds Mesh X1 Pro (1 Pack) \/ Vel. Wi-fi 7 3600mbps \/ Doble Banda \/ Cobertura: Hasta 200m2 \/ Dispositivos 128 (cada Unidad) \/ Puertos 4 * 2.5ge Puertos"}]},{"@type":"WebSite","@id":"https:\/\/compuviper.mx\/tienda\/#website","url":"https:\/\/compuviper.mx\/tienda\/","name":"Compuviper","description":"Proveedor de Computadoras, Laptops, Servidores, Monitores, Puntos de Venta, Teclados,   Impresoras, T\u00f3ner, C\u00e1maras de Seguridad y m\u00e1s en tu tienda en l\u00ednea","publisher":{"@id":"https:\/\/compuviper.mx\/tienda\/#organization"},"potentialAction":[{"@type":"SearchAction","target":{"@type":"EntryPoint","urlTemplate":"https:\/\/compuviper.mx\/tienda\/?s={search_term_string}"},"query-input":"required name=search_term_string"}],"inLanguage":"es-MX"},{"@type":"Organization","@id":"https:\/\/compuviper.mx\/tienda\/#organization","name":"Compuviper","url":"https:\/\/compuviper.mx\/tienda\/","logo":{"@type":"ImageObject","inLanguage":"es-MX","@id":"https:\/\/compuviper.mx\/tienda\/#\/schema\/logo\/image\/","url":"https:\/\/compuviper.mx\/tienda\/wp-content\/uploads\/2021\/08\/Logo-Compuviper-10.png","contentUrl":"https:\/\/compuviper.mx\/tienda\/wp-content\/uploads\/2021\/08\/Logo-Compuviper-10.png","width":1000,"height":500,"caption":"Compuviper"},"image":{"@id":"https:\/\/compuviper.mx\/tienda\/#\/schema\/logo\/image\/"},"sameAs":["https:\/\/www.facebook.com\/compuviper","https:\/\/www.youtube.com\/channel\/UCf73dERp9Y3cfOq7q8BhLjA?view_as=subscriber"]}]},"product_brand":"HUAWEI","product_price_amount":"2021","product_price_currency":"MXN","og_availability":"instock","product_availability":"instock","product_retailer_item_id":"53030DFVN-DS","product_condition":"new"},"_links":{"self":[{"href":"https:\/\/compuviper.mx\/tienda\/wp-json\/wp\/v2\/product\/262035"}],"collection":[{"href":"https:\/\/compuviper.mx\/tienda\/wp-json\/wp\/v2\/product"}],"about":[{"href":"https:\/\/compuviper.mx\/tienda\/wp-json\/wp\/v2\/types\/product"}],"replies":[{"embeddable":true,"href":"https:\/\/compuviper.mx\/tienda\/wp-json\/wp\/v2\/comments?post=262035"}],"wp:attachment":[{"href":"https:\/\/compuviper.mx\/tienda\/wp-json\/wp\/v2\/media?parent=262035"}],"wp:term":[{"taxonomy":"product_cat","embeddable":true,"href":"https:\/\/compuviper.mx\/tienda\/wp-json\/wp\/v2\/product_cat?post=262035"},{"taxonomy":"product_tag","embeddable":true,"href":"https:\/\/compuviper.mx\/tienda\/wp-json\/wp\/v2\/product_tag?post=262035"}],"curies":[{"name":"wp","href":"https:\/\/api.w.org\/{rel}","templated":true}]}}