{"id":262030,"date":"2026-04-10T00:42:12","date_gmt":"2026-04-10T06:42:12","guid":{"rendered":"https:\/\/compuviper.mx\/tienda\/producto\/gigabyte-b550m-ds3h-ac-r2-tarjeta-madre-socket-am4-4x-ddr4-1-x-dp-1-x-hdmi-wifi-bt-5-0-micro-atx\/"},"modified":"2026-04-10T00:42:12","modified_gmt":"2026-04-10T06:42:12","slug":"gigabyte-b550m-ds3h-ac-r2-tarjeta-madre-socket-am4-4x-ddr4-1-x-dp-1-x-hdmi-wifi-bt-5-0-micro-atx","status":"publish","type":"product","link":"https:\/\/compuviper.mx\/tienda\/producto\/gigabyte-b550m-ds3h-ac-r2-tarjeta-madre-socket-am4-4x-ddr4-1-x-dp-1-x-hdmi-wifi-bt-5-0-micro-atx\/","title":{"rendered":"Gigabyte B550m Ds3h Ac R2 Tarjeta Madre   \/ Socket Am4 \/ 4x Ddr4 \/ 1 X Dp \/ 1 X Hdmi \/ Wifi \/ Bt 5.0 \/ Micro Atx"},"content":{"rendered":"<table class=\"descripcion\">\n<tr>\n<td>Procesador<\/td>\n<\/tr>\n<tr>\n<td>Amd socket am4, soporte para:<\/td>\n<\/tr>\n<tr>\n<td>Procesadores amd ryzen\u0099 5000 serie g\/<\/td>\n<\/tr>\n<tr>\n<td>Procesadores amd ryzen\u0099 serie 5000\/<\/td>\n<\/tr>\n<tr>\n<td>Procesadores amd ryzen\u0099 4000 serie g\/ procesadores<\/td>\n<\/tr>\n<tr>\n<td>Amd ryzen\u0099 3000 serie g\/<\/td>\n<\/tr>\n<tr>\n<td>Procesadores amd ryzen\u0099 serie 3000<\/td>\n<\/tr>\n<tr>\n<td>(visite el sitio web de gigabyte para obtener la lista m\u00e1s reciente de procesadores compatibles).<\/td>\n<\/tr>\n<tr>\n<td>Conjunto de chips<\/td>\n<\/tr>\n<tr>\n<td>Amd b550<\/td>\n<\/tr>\n<tr>\n<td>Memoria<\/td>\n<\/tr>\n<tr>\n<td>4 z\u00f3calos dimm ddr4 que admiten hasta 128 gb (capacidad de dimm individual de 32 gb) de memoria del sistema<\/td>\n<\/tr>\n<tr>\n<td>Soporte para m\u00f3dulos de memoria ddr4 4733(oc)\/4600(oc)\/4400(oc)\/4266(oc)\/4133(oc)\/4000(oc)\/3866(oc)\/3733(oc)\/3600(oc)\/3466(oc)\/3400(oc)\/3200\/2933\/2667\/2400\/2133 mt\/s<\/td>\n<\/tr>\n<tr>\n<td>Arquitectura de memoria de canal doble<\/td>\n<\/tr>\n<tr>\n<td>Soporte para m\u00f3dulos de memoria dimm 1rx8\/2rx8 sin b\u00fafer ecc<\/td>\n<\/tr>\n<tr>\n<td>Soporte para m\u00f3dulos de memoria dimm 1rx8\/2rx8\/1rx16 sin b\u00fafer ecc<\/td>\n<\/tr>\n<tr>\n<td>Soporte para m\u00f3dulos de memoria extreme memory profile (xmp)<\/td>\n<\/tr>\n<tr>\n<td>(la configuraci\u00f3n de la cpu y la memoria puede afectar (para conocer los tipos de memoria admitidos, la velocidad de datos y la cantidad de m\u00f3dulos dram, consulte lista de compatibilidad de memoria en el sitio web de gigabyte para obtener m\u00e1s informaci\u00f3n).<\/td>\n<\/tr>\n<tr>\n<td>Gr\u00e1ficos integrados<\/td>\n<\/tr>\n<tr>\n<td>Procesador gr\u00e1fico integrado con compatibilidad con gr\u00e1ficos amd radeon\u0099:<\/td>\n<\/tr>\n<tr>\n<td>&#8211; 1 x displayport, que admite una resoluci\u00f3n m\u00e1xima de 5120 x 2880 a 60 hz<\/td>\n<\/tr>\n<tr>\n<td>* soporte para la versi\u00f3n displayport 1.4, hdcp 2.3 y hdr.<\/td>\n<\/tr>\n<tr>\n<td>&#8211; 1 puerto hdmi, compatible con una resoluci\u00f3n m\u00e1xima de 4096 x 2160 a 60 hz<\/td>\n<\/tr>\n<tr>\n<td>* compatibilidad con la versi\u00f3n hdmi 2.1, hdcp 2.3 y hdr.<\/td>\n<\/tr>\n<tr>\n<td>** compatibilidad con puertos compatibles con hdmi 2.1 tmds nativos.<\/td>\n<\/tr>\n<tr>\n<td>(las especificaciones gr\u00e1ficas pueden variar seg\u00fan la compatibilidad de la cpu).<\/td>\n<\/tr>\n<tr>\n<td>Memoria compartida m\u00e1xima de 16 gb<\/td>\n<\/tr>\n<tr>\n<td>Audio<\/td>\n<\/tr>\n<tr>\n<td>C\u00f3dec realtek\u00ae alc1220<\/td>\n<\/tr>\n<tr>\n<td>* el conector de salida de l\u00ednea del panel posterior admite audio dsd.<\/td>\n<\/tr>\n<tr>\n<td>Audio de alta definici\u00f3n<\/td>\n<\/tr>\n<tr>\n<td>De 2\/4\/5.1\/7.1 canales<\/td>\n<\/tr>\n<tr>\n<td>* puede cambiar la funcionalidad de un conector de audio mediante el software de audio. para configurar el audio de 7.1 canales, acceda a la configuraci\u00f3n de audio del software.<\/td>\n<\/tr>\n<tr>\n<td>Y<\/td>\n<\/tr>\n<tr>\n<td>Chip lan realtek\u00ae gbe (1 gbps\/100 gbps\/10 mbps)<\/td>\n<\/tr>\n<tr>\n<td>M\u00f3dulo de comunicaci\u00f3n inal\u00e1mbrica<\/td>\n<\/tr>\n<tr>\n<td>Realtek\u00ae wi-fi rtl8821ce<\/td>\n<\/tr>\n<tr>\n<td>&#8211; wifi 802.11 a, b, g, n, ac, compatible con banda dual de 2,4\/5 ghz<\/td>\n<\/tr>\n<tr>\n<td>&#8211; bluetooth 5.0<\/td>\n<\/tr>\n<tr>\n<td>&#8211; compatibilidad con el est\u00e1ndar inal\u00e1mbrico 11ac<\/td>\n<\/tr>\n<tr>\n<td>(la velocidad de datos real puede variar seg\u00fan el entorno y el equipo).<\/td>\n<\/tr>\n<tr>\n<td>Puertos de expansi\u00f3n<\/td>\n<\/tr>\n<tr>\n<td>1 ranura pci express x16 (pciex16), integrada en la cpu:<\/td>\n<\/tr>\n<tr>\n<td>Los procesadores amd ryzen\u0099 de la serie 5000\/3000 admiten el modo pcie 4.0 x16<\/td>\n<\/tr>\n<tr>\n<td>Los procesadores amd ryzen\u0099 de la serie 5000 g\/4000 g\/3000 g admiten el modo pcie 3.0&#215;16<\/td>\n<\/tr>\n<tr>\n<td>* la ranura pciex16 solo admite una tarjeta gr\u00e1fica o un ssd nvme. si solo se va a instalar una tarjeta gr\u00e1fica, aseg\u00farese de instalarla en la ranura pciex16.<\/td>\n<\/tr>\n<tr>\n<td>Chipset:<\/td>\n<\/tr>\n<tr>\n<td>&#8211; 1 ranura pci express x16 (pciex4), compatible con pcie 3.0 y funcionando a x4<\/td>\n<\/tr>\n<tr>\n<td>&#8211; 1 ranura pci express x1 (pciex1), compatible con pcie 3.0 y funcionando a x1<\/td>\n<\/tr>\n<tr>\n<td>Interfaz de almacenamiento<\/td>\n<\/tr>\n<tr>\n<td>1 conector m.2 (m2a_cpu), integrado en la cpu, compatible con ssd socket 3, clave m, tipo 2280:<\/td>\n<\/tr>\n<tr>\n<td>Los procesadores amd ryzen\u0099 de las series 5000\/3000 admiten ssd sata y pcie 4.0&#215;4\/x2<\/td>\n<\/tr>\n<tr>\n<td>Los procesadores amd ryzen\u0099 de las series 5000 g\/4000 g\/3000 g admiten ssd sata y pcie 3.0 x4\/x2<\/td>\n<\/tr>\n<tr>\n<td>1 conector m.2 (m2b_sb), integrado en el chipset, compatible con ssd socket 3, clave m, tipo 2280 sata y pcie 3.0 x2<\/td>\n<\/tr>\n<tr>\n<td>4 conectores sata de 6 gb\/s compatibilidad con<\/td>\n<\/tr>\n<tr>\n<td>Raid 0, raid 1 y raid 10 para dispositivos de almacenamiento ssd nvme<\/td>\n<\/tr>\n<tr>\n<td>Compatibilidad con raid 0, raid 1 y raid 10 para dispositivos de almacenamiento sata<\/td>\n<\/tr>\n<tr>\n<td>Usb<\/td>\n<\/tr>\n<tr>\n<td>Cpu:<\/td>\n<\/tr>\n<tr>\n<td>&#8211; 4 puertos usb 3.2 gen 1 en el panel posterior<\/td>\n<\/tr>\n<tr>\n<td>Chipset:<\/td>\n<\/tr>\n<tr>\n<td>&#8211; 1 puerto usb type-c\u00ae con soporte usb 3.2 gen 1, disponible a trav\u00e9s del encabezado usb interno<\/td>\n<\/tr>\n<tr>\n<td>&#8211; 2 puertos usb 3.2 gen 1 disponibles a trav\u00e9s del encabezado usb interno<\/td>\n<\/tr>\n<tr>\n<td>&#8211; 4 puertos usb 2.0\/1.1 (2 puertos en el panel posterior, 2 puertos disponibles a trav\u00e9s del encabezado usb interno)<\/td>\n<\/tr>\n<tr>\n<td>Conectores internos de e\/s<\/td>\n<\/tr>\n<tr>\n<td>1 conector de alimentaci\u00f3n principal atx de 24 pines<\/td>\n<\/tr>\n<tr>\n<td>1 conector de alimentaci\u00f3n atx de 12 v y 8 pines<\/td>\n<\/tr>\n<tr>\n<td>1 cabezal de ventilador de cpu<\/td>\n<\/tr>\n<tr>\n<td>2 cabezales de ventilador del sistema<\/td>\n<\/tr>\n<tr>\n<td>2 cabezales de tiras led direccionables<\/td>\n<\/tr>\n<tr>\n<td>2 cabezales de tiras led rgb<\/td>\n<\/tr>\n<tr>\n<td>1 cabezal de tira led de enfriador de cpu\/tira led rgb<\/td>\n<\/tr>\n<tr>\n<td>2 conectores m.2 socket 3<\/td>\n<\/tr>\n<tr>\n<td>4 conectores sata de 6 gb\/s<\/td>\n<\/tr>\n<tr>\n<td>1 cabezal de panel frontal 1<\/td>\n<\/tr>\n<tr>\n<td>Cabezal de audio del panel frontal<\/td>\n<\/tr>\n<tr>\n<td>1 cabezal usb type-c\u00ae, compatible con usb 3.2 gen 1<\/td>\n<\/tr>\n<tr>\n<td>1 cabezal usb 3.2 gen<\/td>\n<\/tr>\n<tr>\n<td>1 1 cabezal usb 2.0\/1.1<\/td>\n<\/tr>\n<tr>\n<td>1 cabezal trusted platform module (tpm) (2 x 6 pines, solo para el m\u00f3dulo gc-tpm2.0_s)<\/td>\n<\/tr>\n<tr>\n<td>1 cabezal de puerto serie<\/td>\n<\/tr>\n<tr>\n<td>1 puente clear cmos<\/td>\n<\/tr>\n<tr>\n<td>1 bot\u00f3n q-flash plus<\/td>\n<\/tr>\n<tr>\n<td>Conectores del panel trasero<\/td>\n<\/tr>\n<tr>\n<td>2 puertos usb 2.0\/1.1<\/td>\n<\/tr>\n<tr>\n<td>1 puerto de teclado\/mouse ps\/2<\/td>\n<\/tr>\n<tr>\n<td>1 puerto hdmi (nota)<\/td>\n<\/tr>\n<tr>\n<td>1 displayport (nota)<\/td>\n<\/tr>\n<tr>\n<td>4 puertos usb 3.2 gen 1<\/td>\n<\/tr>\n<tr>\n<td>1 puerto rj-45<\/td>\n<\/tr>\n<tr>\n<td>2 conectores de antena<\/td>\n<\/tr>\n<tr>\n<td>3 conectores de audio<\/td>\n<\/tr>\n<tr>\n<td>(nota) el soporte real puede variar seg\u00fan la cpu.<\/td>\n<\/tr>\n<tr>\n<td>Controlador de e\/s<\/td>\n<\/tr>\n<tr>\n<td>Chip controlador de e\/s ite\u00ae<\/td>\n<\/tr>\n<tr>\n<td>Monitorizaci\u00f3n h\/w<\/td>\n<\/tr>\n<tr>\n<td>Detecci\u00f3n de voltaje<\/td>\n<\/tr>\n<tr>\n<td>Detecci\u00f3n de temperatura<\/td>\n<\/tr>\n<tr>\n<td>Detecci\u00f3n de velocidad del ventilador<\/td>\n<\/tr>\n<tr>\n<td>Advertencia de sobrecalentamiento<\/td>\n<\/tr>\n<tr>\n<td>Advertencia de falla del ventilador<\/td>\n<\/tr>\n<tr>\n<td>Control de velocidad del ventilador<\/td>\n<\/tr>\n<tr>\n<td>* la compatibilidad de la funci\u00f3n de control de velocidad del ventilador depender\u00e1 del ventilador que instale.<\/td>\n<\/tr>\n<tr>\n<td>Bios<\/td>\n<\/tr>\n<tr>\n<td>1 x 128 mbit flash<\/td>\n<\/tr>\n<tr>\n<td>Uso de ami uefi bios<\/td>\n<\/tr>\n<tr>\n<td>Pnp 1.0a, dmi 2.7, wfm 2.0, sm bios 2.7, acpi 5.0 con licencia<\/td>\n<\/tr>\n<tr>\n<td>Caracter\u00edsticas \u00fanicas<\/td>\n<\/tr>\n<tr>\n<td>Soporte para el centro de aplicaciones<\/td>\n<\/tr>\n<tr>\n<td>* las aplicaciones disponibles en el centro de aplicaciones pueden variar seg\u00fan el modelo de la placa base. las funciones compatibles con cada aplicaci\u00f3n tambi\u00e9n pueden variar seg\u00fan las especificaciones de la placa base.<\/td>\n<\/tr>\n<tr>\n<td>&#8211; @bios<\/td>\n<\/tr>\n<tr>\n<td>&#8211; easytune<\/td>\n<\/tr>\n<tr>\n<td>&#8211; rgb fusion<\/td>\n<\/tr>\n<tr>\n<td>&#8211; copia de seguridad inteligente<\/td>\n<\/tr>\n<tr>\n<td>&#8211; visor de informaci\u00f3n del sistema<\/td>\n<\/tr>\n<tr>\n<td>Soporte para q-flash plus<\/td>\n<\/tr>\n<tr>\n<td>Soporte para q-flash<\/td>\n<\/tr>\n<tr>\n<td>Software incluido<\/td>\n<\/tr>\n<tr>\n<td>Software de gesti\u00f3n del ancho de banda lan norton\u00ae internet security (versi\u00f3n oem)<\/td>\n<\/tr>\n<tr>\n<td>Sistema operativo<\/td>\n<\/tr>\n<tr>\n<td>Compatibilidad con windows 11 de 64 bits<\/td>\n<\/tr>\n<tr>\n<td>Compatibilidad con windows 10 de 64 bits<\/td>\n<\/tr>\n<tr>\n<td>Dise\u00f1o<\/td>\n<\/tr>\n<tr>\n<td>Factor de forma micro atx; 24,4 cm x 24,4 cm<\/td>\n<\/tr>\n<\/table>\n","protected":false},"excerpt":{"rendered":"<p>Socket am4 de amd: compatible con procesadores de las series amd ryzen\u0099 5000\/4000\/3000. Soluci\u00f3n vrm digital de 5+3 fases. Ddr4 de doble canal: 4 dimm. Wifi ez-plug: dise\u00f1o r\u00e1pido y sencillo para la instalaci\u00f3n de antenas wi-fi. Ez-latch: ranuras pcie con dise\u00f1o de liberaci\u00f3n r\u00e1pida. Almacenamiento ultrarr\u00e1pido: 2 ranuras m.2, incluido pcie 4.0 x1. Armadura t\u00e9rmica eficiente: armadura t\u00e9rmica avanzada vrm. Conexi\u00f3n en red r\u00e1pida: gbe lan y wi-fi 5. Conectividad extendida: hdmi, displayport. Ranura pcie ud: ranuras pcie 4.0 x16 con 10 veces m\u00e1s potencia para tarjetas gr\u00e1ficas y mejor efecto de disipaci\u00f3n de calor<\/p>\n","protected":false},"featured_media":262031,"comment_status":"open","ping_status":"open","template":"","meta":[],"product_cat":[1727,1734],"product_tag":[1732],"acf":[],"yoast_head":"<!-- This site is optimized with the Yoast SEO plugin v21.7 - https:\/\/yoast.com\/wordpress\/plugins\/seo\/ -->\n<title>[ Gigabyte ] &#129351; B550m Ds3h Ac R2 Tarjeta Madre \/ Socket Am4 \/ 4x Ddr4 \/ 1 X Dp \/ 1 X Hdmi \/ Wifi \/ Bt 5.0 \/ Micro Atx<\/title>\n<meta name=\"description\" content=\"Compra B550m Ds3h Ac R2 Tarjeta Madre \/ Socket Am4 \/ 4x Ddr4 \/ 1 X Dp \/ 1 X Hdmi \/ Wifi \/ Bt 5.0 \/ Micro Atx + Env\u00edo a domicilio + Pago seguro + Garant\u00eda\" \/>\n<meta name=\"robots\" content=\"index, follow, max-snippet:-1, max-image-preview:large, max-video-preview:-1\" \/>\n<link rel=\"canonical\" href=\"https:\/\/compuviper.mx\/tienda\/producto\/gigabyte-b550m-ds3h-ac-r2-tarjeta-madre-socket-am4-4x-ddr4-1-x-dp-1-x-hdmi-wifi-bt-5-0-micro-atx\/\" \/>\n<meta property=\"og:locale\" content=\"es_MX\" \/>\n<meta property=\"og:type\" content=\"article\" \/>\n<meta property=\"og:title\" content=\"[ Gigabyte ] &#129351; B550m Ds3h Ac R2 Tarjeta Madre \/ Socket Am4 \/ 4x Ddr4 \/ 1 X Dp \/ 1 X Hdmi \/ Wifi \/ Bt 5.0 \/ Micro Atx\" \/>\n<meta property=\"og:description\" content=\"Compra B550m Ds3h Ac R2 Tarjeta Madre \/ Socket Am4 \/ 4x Ddr4 \/ 1 X Dp \/ 1 X Hdmi \/ Wifi \/ Bt 5.0 \/ Micro Atx + Env\u00edo a domicilio + Pago seguro + Garant\u00eda\" \/>\n<meta property=\"og:url\" content=\"https:\/\/compuviper.mx\/tienda\/producto\/gigabyte-b550m-ds3h-ac-r2-tarjeta-madre-socket-am4-4x-ddr4-1-x-dp-1-x-hdmi-wifi-bt-5-0-micro-atx\/\" \/>\n<meta property=\"og:site_name\" content=\"Compuviper\" \/>\n<meta property=\"article:publisher\" content=\"https:\/\/www.facebook.com\/compuviper\" \/>\n<meta property=\"og:image\" content=\"https:\/\/compuviper.mx\/tienda\/wp-content\/uploads\/2025\/10\/Tarjeta-madre-gigabyte-b550m-ds3h-ac-r2-socket-am4-4x-ddr4-1-x-dp-1-x-hdmi-wifi-bt-5.0-micro-atx.jpg\" \/>\n\t<meta property=\"og:image:width\" content=\"200\" \/>\n\t<meta property=\"og:image:height\" content=\"200\" \/>\n\t<meta property=\"og:image:type\" content=\"image\/jpeg\" \/>\n<meta name=\"twitter:card\" content=\"summary_large_image\" \/>\n<meta name=\"twitter:label1\" content=\"Precio\" \/>\n\t<meta name=\"twitter:data1\" content=\"&#36;1,632 &#36;1,501 con IVA\" \/>\n\t<meta name=\"twitter:label2\" content=\"Availability\" \/>\n\t<meta name=\"twitter:data2\" content=\"In stock\" \/>\n<script type=\"application\/ld+json\" class=\"yoast-schema-graph\">{\"@context\":\"https:\/\/schema.org\",\"@graph\":[{\"@type\":\"WebPage\",\"@id\":\"https:\/\/compuviper.mx\/tienda\/producto\/gigabyte-b550m-ds3h-ac-r2-tarjeta-madre-socket-am4-4x-ddr4-1-x-dp-1-x-hdmi-wifi-bt-5-0-micro-atx\/\",\"url\":\"https:\/\/compuviper.mx\/tienda\/producto\/gigabyte-b550m-ds3h-ac-r2-tarjeta-madre-socket-am4-4x-ddr4-1-x-dp-1-x-hdmi-wifi-bt-5-0-micro-atx\/\",\"name\":\"[ Gigabyte ] &#129351; B550m Ds3h Ac R2 Tarjeta Madre \/ Socket Am4 \/ 4x Ddr4 \/ 1 X Dp \/ 1 X Hdmi \/ Wifi \/ Bt 5.0 \/ Micro Atx\",\"isPartOf\":{\"@id\":\"https:\/\/compuviper.mx\/tienda\/#website\"},\"datePublished\":\"2026-04-10T06:42:12+00:00\",\"dateModified\":\"2026-04-10T06:42:12+00:00\",\"description\":\"Compra B550m Ds3h Ac R2 Tarjeta Madre \/ Socket Am4 \/ 4x Ddr4 \/ 1 X Dp \/ 1 X Hdmi \/ Wifi \/ Bt 5.0 \/ Micro Atx + Env\u00edo a domicilio + Pago seguro + Garant\u00eda\",\"breadcrumb\":{\"@id\":\"https:\/\/compuviper.mx\/tienda\/producto\/gigabyte-b550m-ds3h-ac-r2-tarjeta-madre-socket-am4-4x-ddr4-1-x-dp-1-x-hdmi-wifi-bt-5-0-micro-atx\/#breadcrumb\"},\"inLanguage\":\"es-MX\",\"potentialAction\":[{\"@type\":\"ReadAction\",\"target\":[\"https:\/\/compuviper.mx\/tienda\/producto\/gigabyte-b550m-ds3h-ac-r2-tarjeta-madre-socket-am4-4x-ddr4-1-x-dp-1-x-hdmi-wifi-bt-5-0-micro-atx\/\"]}]},{\"@type\":\"BreadcrumbList\",\"@id\":\"https:\/\/compuviper.mx\/tienda\/producto\/gigabyte-b550m-ds3h-ac-r2-tarjeta-madre-socket-am4-4x-ddr4-1-x-dp-1-x-hdmi-wifi-bt-5-0-micro-atx\/#breadcrumb\",\"itemListElement\":[{\"@type\":\"ListItem\",\"position\":1,\"name\":\"Inicio\",\"item\":\"https:\/\/compuviper.mx\/tienda\/\"},{\"@type\":\"ListItem\",\"position\":2,\"name\":\"Productos\",\"item\":\"https:\/\/compuviper.mx\/tienda\/productos\/\"},{\"@type\":\"ListItem\",\"position\":3,\"name\":\"Tarjeta Madre\",\"item\":\"https:\/\/compuviper.mx\/tienda\/categoria-producto\/tarjeta-madre\/\"},{\"@type\":\"ListItem\",\"position\":4,\"name\":\"Socket Am4\",\"item\":\"https:\/\/compuviper.mx\/tienda\/categoria-producto\/tarjeta-madre\/socket-am4\/\"},{\"@type\":\"ListItem\",\"position\":5,\"name\":\"Gigabyte B550m Ds3h Ac R2 Tarjeta Madre \/ Socket Am4 \/ 4x Ddr4 \/ 1 X Dp \/ 1 X Hdmi \/ Wifi \/ Bt 5.0 \/ Micro Atx\"}]},{\"@type\":\"WebSite\",\"@id\":\"https:\/\/compuviper.mx\/tienda\/#website\",\"url\":\"https:\/\/compuviper.mx\/tienda\/\",\"name\":\"Compuviper\",\"description\":\"Proveedor de Computadoras, Laptops, Servidores, Monitores, Puntos de Venta, Teclados,   Impresoras, T\u00f3ner, C\u00e1maras de Seguridad y m\u00e1s en tu tienda en l\u00ednea\",\"publisher\":{\"@id\":\"https:\/\/compuviper.mx\/tienda\/#organization\"},\"potentialAction\":[{\"@type\":\"SearchAction\",\"target\":{\"@type\":\"EntryPoint\",\"urlTemplate\":\"https:\/\/compuviper.mx\/tienda\/?s={search_term_string}\"},\"query-input\":\"required name=search_term_string\"}],\"inLanguage\":\"es-MX\"},{\"@type\":\"Organization\",\"@id\":\"https:\/\/compuviper.mx\/tienda\/#organization\",\"name\":\"Compuviper\",\"url\":\"https:\/\/compuviper.mx\/tienda\/\",\"logo\":{\"@type\":\"ImageObject\",\"inLanguage\":\"es-MX\",\"@id\":\"https:\/\/compuviper.mx\/tienda\/#\/schema\/logo\/image\/\",\"url\":\"https:\/\/compuviper.mx\/tienda\/wp-content\/uploads\/2021\/08\/Logo-Compuviper-10.png\",\"contentUrl\":\"https:\/\/compuviper.mx\/tienda\/wp-content\/uploads\/2021\/08\/Logo-Compuviper-10.png\",\"width\":1000,\"height\":500,\"caption\":\"Compuviper\"},\"image\":{\"@id\":\"https:\/\/compuviper.mx\/tienda\/#\/schema\/logo\/image\/\"},\"sameAs\":[\"https:\/\/www.facebook.com\/compuviper\",\"https:\/\/www.youtube.com\/channel\/UCf73dERp9Y3cfOq7q8BhLjA?view_as=subscriber\"]}]}<\/script>\n<meta property=\"product:brand\" content=\"GIGABYTE\" \/>\n<meta property=\"product:price:amount\" content=\"1501\" \/>\n<meta property=\"product:price:currency\" content=\"MXN\" \/>\n<meta property=\"og:availability\" content=\"instock\" \/>\n<meta property=\"product:availability\" content=\"instock\" \/>\n<meta property=\"product:retailer_item_id\" content=\"B550M DS3H AC R2\" \/>\n<meta property=\"product:condition\" content=\"new\" \/>\n<!-- \/ Yoast SEO plugin. -->","yoast_head_json":{"title":"[ Gigabyte ] &#129351; B550m Ds3h Ac R2 Tarjeta Madre \/ Socket Am4 \/ 4x Ddr4 \/ 1 X Dp \/ 1 X Hdmi \/ Wifi \/ Bt 5.0 \/ Micro Atx","description":"Compra B550m Ds3h Ac R2 Tarjeta Madre \/ Socket Am4 \/ 4x Ddr4 \/ 1 X Dp \/ 1 X Hdmi \/ Wifi \/ Bt 5.0 \/ Micro Atx + Env\u00edo a domicilio + Pago seguro + Garant\u00eda","robots":{"index":"index","follow":"follow","max-snippet":"max-snippet:-1","max-image-preview":"max-image-preview:large","max-video-preview":"max-video-preview:-1"},"canonical":"https:\/\/compuviper.mx\/tienda\/producto\/gigabyte-b550m-ds3h-ac-r2-tarjeta-madre-socket-am4-4x-ddr4-1-x-dp-1-x-hdmi-wifi-bt-5-0-micro-atx\/","og_locale":"es_MX","og_type":"article","og_title":"[ Gigabyte ] &#129351; B550m Ds3h Ac R2 Tarjeta Madre \/ Socket Am4 \/ 4x Ddr4 \/ 1 X Dp \/ 1 X Hdmi \/ Wifi \/ Bt 5.0 \/ Micro Atx","og_description":"Compra B550m Ds3h Ac R2 Tarjeta Madre \/ Socket Am4 \/ 4x Ddr4 \/ 1 X Dp \/ 1 X Hdmi \/ Wifi \/ Bt 5.0 \/ Micro Atx + Env\u00edo a domicilio + Pago seguro + Garant\u00eda","og_url":"https:\/\/compuviper.mx\/tienda\/producto\/gigabyte-b550m-ds3h-ac-r2-tarjeta-madre-socket-am4-4x-ddr4-1-x-dp-1-x-hdmi-wifi-bt-5-0-micro-atx\/","og_site_name":"Compuviper","article_publisher":"https:\/\/www.facebook.com\/compuviper","og_image":[{"width":200,"height":200,"url":"https:\/\/compuviper.mx\/tienda\/wp-content\/uploads\/2025\/10\/Tarjeta-madre-gigabyte-b550m-ds3h-ac-r2-socket-am4-4x-ddr4-1-x-dp-1-x-hdmi-wifi-bt-5.0-micro-atx.jpg","type":"image\/jpeg"}],"twitter_card":"summary_large_image","twitter_misc":{"Precio":"&#36;1,632 &#36;1,501 con IVA","Availability":"In stock"},"schema":{"@context":"https:\/\/schema.org","@graph":[{"@type":"WebPage","@id":"https:\/\/compuviper.mx\/tienda\/producto\/gigabyte-b550m-ds3h-ac-r2-tarjeta-madre-socket-am4-4x-ddr4-1-x-dp-1-x-hdmi-wifi-bt-5-0-micro-atx\/","url":"https:\/\/compuviper.mx\/tienda\/producto\/gigabyte-b550m-ds3h-ac-r2-tarjeta-madre-socket-am4-4x-ddr4-1-x-dp-1-x-hdmi-wifi-bt-5-0-micro-atx\/","name":"[ Gigabyte ] &#129351; B550m Ds3h Ac R2 Tarjeta Madre \/ Socket Am4 \/ 4x Ddr4 \/ 1 X Dp \/ 1 X Hdmi \/ Wifi \/ Bt 5.0 \/ Micro Atx","isPartOf":{"@id":"https:\/\/compuviper.mx\/tienda\/#website"},"datePublished":"2026-04-10T06:42:12+00:00","dateModified":"2026-04-10T06:42:12+00:00","description":"Compra B550m Ds3h Ac R2 Tarjeta Madre \/ Socket Am4 \/ 4x Ddr4 \/ 1 X Dp \/ 1 X Hdmi \/ Wifi \/ Bt 5.0 \/ Micro Atx + Env\u00edo a domicilio + Pago seguro + Garant\u00eda","breadcrumb":{"@id":"https:\/\/compuviper.mx\/tienda\/producto\/gigabyte-b550m-ds3h-ac-r2-tarjeta-madre-socket-am4-4x-ddr4-1-x-dp-1-x-hdmi-wifi-bt-5-0-micro-atx\/#breadcrumb"},"inLanguage":"es-MX","potentialAction":[{"@type":"ReadAction","target":["https:\/\/compuviper.mx\/tienda\/producto\/gigabyte-b550m-ds3h-ac-r2-tarjeta-madre-socket-am4-4x-ddr4-1-x-dp-1-x-hdmi-wifi-bt-5-0-micro-atx\/"]}]},{"@type":"BreadcrumbList","@id":"https:\/\/compuviper.mx\/tienda\/producto\/gigabyte-b550m-ds3h-ac-r2-tarjeta-madre-socket-am4-4x-ddr4-1-x-dp-1-x-hdmi-wifi-bt-5-0-micro-atx\/#breadcrumb","itemListElement":[{"@type":"ListItem","position":1,"name":"Inicio","item":"https:\/\/compuviper.mx\/tienda\/"},{"@type":"ListItem","position":2,"name":"Productos","item":"https:\/\/compuviper.mx\/tienda\/productos\/"},{"@type":"ListItem","position":3,"name":"Tarjeta Madre","item":"https:\/\/compuviper.mx\/tienda\/categoria-producto\/tarjeta-madre\/"},{"@type":"ListItem","position":4,"name":"Socket Am4","item":"https:\/\/compuviper.mx\/tienda\/categoria-producto\/tarjeta-madre\/socket-am4\/"},{"@type":"ListItem","position":5,"name":"Gigabyte B550m Ds3h Ac R2 Tarjeta Madre \/ Socket Am4 \/ 4x Ddr4 \/ 1 X Dp \/ 1 X Hdmi \/ Wifi \/ Bt 5.0 \/ Micro Atx"}]},{"@type":"WebSite","@id":"https:\/\/compuviper.mx\/tienda\/#website","url":"https:\/\/compuviper.mx\/tienda\/","name":"Compuviper","description":"Proveedor de Computadoras, Laptops, Servidores, Monitores, Puntos de Venta, Teclados,   Impresoras, T\u00f3ner, C\u00e1maras de Seguridad y m\u00e1s en tu tienda en l\u00ednea","publisher":{"@id":"https:\/\/compuviper.mx\/tienda\/#organization"},"potentialAction":[{"@type":"SearchAction","target":{"@type":"EntryPoint","urlTemplate":"https:\/\/compuviper.mx\/tienda\/?s={search_term_string}"},"query-input":"required name=search_term_string"}],"inLanguage":"es-MX"},{"@type":"Organization","@id":"https:\/\/compuviper.mx\/tienda\/#organization","name":"Compuviper","url":"https:\/\/compuviper.mx\/tienda\/","logo":{"@type":"ImageObject","inLanguage":"es-MX","@id":"https:\/\/compuviper.mx\/tienda\/#\/schema\/logo\/image\/","url":"https:\/\/compuviper.mx\/tienda\/wp-content\/uploads\/2021\/08\/Logo-Compuviper-10.png","contentUrl":"https:\/\/compuviper.mx\/tienda\/wp-content\/uploads\/2021\/08\/Logo-Compuviper-10.png","width":1000,"height":500,"caption":"Compuviper"},"image":{"@id":"https:\/\/compuviper.mx\/tienda\/#\/schema\/logo\/image\/"},"sameAs":["https:\/\/www.facebook.com\/compuviper","https:\/\/www.youtube.com\/channel\/UCf73dERp9Y3cfOq7q8BhLjA?view_as=subscriber"]}]},"product_brand":"GIGABYTE","product_price_amount":"1501","product_price_currency":"MXN","og_availability":"instock","product_availability":"instock","product_retailer_item_id":"B550M DS3H AC R2","product_condition":"new"},"_links":{"self":[{"href":"https:\/\/compuviper.mx\/tienda\/wp-json\/wp\/v2\/product\/262030"}],"collection":[{"href":"https:\/\/compuviper.mx\/tienda\/wp-json\/wp\/v2\/product"}],"about":[{"href":"https:\/\/compuviper.mx\/tienda\/wp-json\/wp\/v2\/types\/product"}],"replies":[{"embeddable":true,"href":"https:\/\/compuviper.mx\/tienda\/wp-json\/wp\/v2\/comments?post=262030"}],"wp:featuredmedia":[{"embeddable":true,"href":"https:\/\/compuviper.mx\/tienda\/wp-json\/wp\/v2\/media\/262031"}],"wp:attachment":[{"href":"https:\/\/compuviper.mx\/tienda\/wp-json\/wp\/v2\/media?parent=262030"}],"wp:term":[{"taxonomy":"product_cat","embeddable":true,"href":"https:\/\/compuviper.mx\/tienda\/wp-json\/wp\/v2\/product_cat?post=262030"},{"taxonomy":"product_tag","embeddable":true,"href":"https:\/\/compuviper.mx\/tienda\/wp-json\/wp\/v2\/product_tag?post=262030"}],"curies":[{"name":"wp","href":"https:\/\/api.w.org\/{rel}","templated":true}]}}