{"id":262018,"date":"2026-04-09T23:12:08","date_gmt":"2026-04-10T05:12:08","guid":{"rendered":"https:\/\/compuviper.mx\/tienda\/producto\/maxcase-lnesf3300eg4gry-funda-deslizante-extreme-shell-f3-para-lenovo-300e-100e-y-300w-100w-g4-chromebook-de-11-consultar-tiempos-de-llegada-con-pm-producto-de-importacion\/"},"modified":"2026-04-09T23:12:09","modified_gmt":"2026-04-10T05:12:09","slug":"maxcase-lnesf3300eg4gry-funda-deslizante-extreme-shell-f3-para-lenovo-300e-100e-y-300w-100w-g4-chromebook-de-11-consultar-tiempos-de-llegada-con-pm-producto-de-importacion","status":"publish","type":"product","link":"https:\/\/compuviper.mx\/tienda\/producto\/maxcase-lnesf3300eg4gry-funda-deslizante-extreme-shell-f3-para-lenovo-300e-100e-y-300w-100w-g4-chromebook-de-11-consultar-tiempos-de-llegada-con-pm-producto-de-importacion\/","title":{"rendered":"Maxcase Lnesf3300eg4gry Funda Deslizante Extreme Shell-f3 Para Lenovo 300e\/100e Y 300w\/100w G4 Chromebook De 11 Consultar Tiempos De Llegada Con Pm Producto De Importacion"},"content":{"rendered":"<table class=\"descripcion\">\n<tr>\n<td>Proteja los chromebooks con facilidad gracias al diseo actualizado y ms liviano del extreme shell-f slide case v3. esta funda ofrece una proteccin mejorada de la pantalla y un deslizamiento ms sencillo. su diseo superior ms delgado reduce el peso sin comprometer la durabilidad o la proteccin, al mismo tiempo que proporciona una superficie elegante y fcil de limpiar.<\/td>\n<\/tr>\n<tr>\n<td>Las esquinas actualizadas ofrecen un perfil ms delgado diseado para mejorar la proteccin en una amplia gama de circunstancias de impacto. el innovador diseo deslizante distribuye uniformemente la presin alrededor del permetro superior para un ajuste perfecto, eliminando los puntos de presin alrededor de la pantalla.<\/td>\n<\/tr>\n<tr>\n<td>La funda esf3 est elaborada con capas dobles de tpu resistente para una excelente proteccin contra impactos y cadas. combina una capa interior acolchada con una capa exterior resistente al aceite y la suciedad. los paneles superiores e inferiores transparentes y rgidos evitan daos exteriores y brindan visibilidad para pegatinas y etiquetas de activos.<\/td>\n<\/tr>\n<tr>\n<td>El ajuste personalizado garantiza un fcil acceso a todos los botones y puertos. adems, el diseo v3 incluye una prctica correa de transporte para mayor comodidad se vende por separado. diseo pendiente de patente.<\/td>\n<\/tr>\n<\/table>\n","protected":false},"excerpt":{"rendered":"<p>Ajuste personalizado para cada modelo de dispositivo. El diseo v3 optimiza la relacin peso-durabilidad-proteccin. Superficies refinadas con acabado liso y fcil limpieza. Panel superior deslizante que distribuye uniformemente la presin alrededor del permetro de la pantalla para aadir proteccin. Doble capa de tpu resistente con capa interna acolchada y exterior resistente al aceite y la suciedad, ofreciendo excelente proteccin contra impactos y cadas. Diseo aerodinmico de las esquinas para mejorar la proteccin en diversas condiciones de impacto. Paneles superiores e inferiores transparentes que resisten rayones y daos por impacto, proporcionando visibilidad para etiquetas de activos. Diseo exclusivo que permite el montaje de una correa de transporte ajustable al dispositivo se vende por separado. Instalacin rpida y sencilla gracias al diseo deslizante. Protectores de pantalla de vidrio balstico de ajuste perfecto disponibles para la mayora de los dispositivos; aplicaciones mnimas requeridas.<\/p>\n","protected":false},"featured_media":262709,"comment_status":"open","ping_status":"open","template":"","meta":[],"product_cat":[1869,1870],"product_tag":[2210],"acf":[],"yoast_head":"<!-- This site is optimized with the Yoast SEO plugin v21.7 - https:\/\/yoast.com\/wordpress\/plugins\/seo\/ -->\n<title>[ Maxcase ] &#129351; Lnesf3300eg4gry Funda Deslizante Extreme Shell-f3 Para Lenovo 300e\/100e Y 300w\/100w G4 Chromebook De 11 Consultar Tiempos De Llegada Con Pm Producto De Importacion<\/title>\n<meta name=\"description\" content=\"Compra Lnesf3300eg4gry Funda Deslizante Extreme Shell-f3 Para Lenovo 300e\/100e Y 300w\/100w G4 Chromebook De 11 Consultar Tiempos De Llegada Con Pm Producto De Importacion + Env\u00edo a domicilio + Pago seguro + Garant\u00eda\" \/>\n<meta name=\"robots\" content=\"index, follow, max-snippet:-1, max-image-preview:large, max-video-preview:-1\" \/>\n<link rel=\"canonical\" href=\"https:\/\/compuviper.mx\/tienda\/producto\/maxcase-lnesf3300eg4gry-funda-deslizante-extreme-shell-f3-para-lenovo-300e-100e-y-300w-100w-g4-chromebook-de-11-consultar-tiempos-de-llegada-con-pm-producto-de-importacion\/\" \/>\n<meta property=\"og:locale\" content=\"es_MX\" \/>\n<meta property=\"og:type\" content=\"article\" \/>\n<meta property=\"og:title\" content=\"[ Maxcase ] &#129351; Lnesf3300eg4gry Funda Deslizante Extreme Shell-f3 Para Lenovo 300e\/100e Y 300w\/100w G4 Chromebook De 11 Consultar Tiempos De Llegada Con Pm Producto De Importacion\" \/>\n<meta property=\"og:description\" content=\"Compra Lnesf3300eg4gry Funda Deslizante Extreme Shell-f3 Para Lenovo 300e\/100e Y 300w\/100w G4 Chromebook De 11 Consultar Tiempos De Llegada Con Pm Producto De Importacion + Env\u00edo a domicilio + Pago seguro + Garant\u00eda\" \/>\n<meta property=\"og:url\" content=\"https:\/\/compuviper.mx\/tienda\/producto\/maxcase-lnesf3300eg4gry-funda-deslizante-extreme-shell-f3-para-lenovo-300e-100e-y-300w-100w-g4-chromebook-de-11-consultar-tiempos-de-llegada-con-pm-producto-de-importacion\/\" \/>\n<meta property=\"og:site_name\" content=\"Compuviper\" \/>\n<meta property=\"article:publisher\" content=\"https:\/\/www.facebook.com\/compuviper\" \/>\n<meta property=\"article:modified_time\" content=\"2026-04-10T05:12:09+00:00\" \/>\n<meta property=\"og:image\" content=\"https:\/\/compuviper.mx\/tienda\/wp-content\/uploads\/2025\/11\/Funda-deslizante-extreme-shell-f3-para-lenovo-300e100e-y-300w100w-g4-chromebook-de-11-consultar-tiempos-de-llegada-con-pm-producto-de-importacion.jpg\" \/>\n\t<meta property=\"og:image:width\" content=\"200\" \/>\n\t<meta property=\"og:image:height\" content=\"200\" \/>\n\t<meta property=\"og:image:type\" content=\"image\/jpeg\" \/>\n<meta name=\"twitter:card\" content=\"summary_large_image\" \/>\n<meta name=\"twitter:label1\" content=\"Precio\" \/>\n\t<meta name=\"twitter:data1\" content=\"&#36;610 con IVA\" \/>\n\t<meta name=\"twitter:label2\" content=\"Availability\" \/>\n\t<meta name=\"twitter:data2\" content=\"On backorder\" \/>\n<script type=\"application\/ld+json\" class=\"yoast-schema-graph\">{\"@context\":\"https:\/\/schema.org\",\"@graph\":[{\"@type\":\"WebPage\",\"@id\":\"https:\/\/compuviper.mx\/tienda\/producto\/maxcase-lnesf3300eg4gry-funda-deslizante-extreme-shell-f3-para-lenovo-300e-100e-y-300w-100w-g4-chromebook-de-11-consultar-tiempos-de-llegada-con-pm-producto-de-importacion\/\",\"url\":\"https:\/\/compuviper.mx\/tienda\/producto\/maxcase-lnesf3300eg4gry-funda-deslizante-extreme-shell-f3-para-lenovo-300e-100e-y-300w-100w-g4-chromebook-de-11-consultar-tiempos-de-llegada-con-pm-producto-de-importacion\/\",\"name\":\"[ Maxcase ] &#129351; Lnesf3300eg4gry Funda Deslizante Extreme Shell-f3 Para Lenovo 300e\/100e Y 300w\/100w G4 Chromebook De 11 Consultar Tiempos De Llegada Con Pm Producto De Importacion\",\"isPartOf\":{\"@id\":\"https:\/\/compuviper.mx\/tienda\/#website\"},\"datePublished\":\"2026-04-10T05:12:08+00:00\",\"dateModified\":\"2026-04-10T05:12:09+00:00\",\"description\":\"Compra Lnesf3300eg4gry Funda Deslizante Extreme Shell-f3 Para Lenovo 300e\/100e Y 300w\/100w G4 Chromebook De 11 Consultar Tiempos De Llegada Con Pm Producto De Importacion + Env\u00edo a domicilio + Pago seguro + Garant\u00eda\",\"breadcrumb\":{\"@id\":\"https:\/\/compuviper.mx\/tienda\/producto\/maxcase-lnesf3300eg4gry-funda-deslizante-extreme-shell-f3-para-lenovo-300e-100e-y-300w-100w-g4-chromebook-de-11-consultar-tiempos-de-llegada-con-pm-producto-de-importacion\/#breadcrumb\"},\"inLanguage\":\"es-MX\",\"potentialAction\":[{\"@type\":\"ReadAction\",\"target\":[\"https:\/\/compuviper.mx\/tienda\/producto\/maxcase-lnesf3300eg4gry-funda-deslizante-extreme-shell-f3-para-lenovo-300e-100e-y-300w-100w-g4-chromebook-de-11-consultar-tiempos-de-llegada-con-pm-producto-de-importacion\/\"]}]},{\"@type\":\"BreadcrumbList\",\"@id\":\"https:\/\/compuviper.mx\/tienda\/producto\/maxcase-lnesf3300eg4gry-funda-deslizante-extreme-shell-f3-para-lenovo-300e-100e-y-300w-100w-g4-chromebook-de-11-consultar-tiempos-de-llegada-con-pm-producto-de-importacion\/#breadcrumb\",\"itemListElement\":[{\"@type\":\"ListItem\",\"position\":1,\"name\":\"Inicio\",\"item\":\"https:\/\/compuviper.mx\/tienda\/\"},{\"@type\":\"ListItem\",\"position\":2,\"name\":\"Productos\",\"item\":\"https:\/\/compuviper.mx\/tienda\/productos\/\"},{\"@type\":\"ListItem\",\"position\":3,\"name\":\"Fundas\",\"item\":\"https:\/\/compuviper.mx\/tienda\/categoria-producto\/fundas\/\"},{\"@type\":\"ListItem\",\"position\":4,\"name\":\"Notebook\",\"item\":\"https:\/\/compuviper.mx\/tienda\/categoria-producto\/fundas\/notebook-fundas\/\"},{\"@type\":\"ListItem\",\"position\":5,\"name\":\"Maxcase Lnesf3300eg4gry Funda Deslizante Extreme Shell-f3 Para Lenovo 300e\/100e Y 300w\/100w G4 Chromebook De 11 Consultar Tiempos De Llegada Con Pm Producto De Importacion\"}]},{\"@type\":\"WebSite\",\"@id\":\"https:\/\/compuviper.mx\/tienda\/#website\",\"url\":\"https:\/\/compuviper.mx\/tienda\/\",\"name\":\"Compuviper\",\"description\":\"Proveedor de Computadoras, Laptops, Servidores, Monitores, Puntos de Venta, Teclados,   Impresoras, T\u00f3ner, C\u00e1maras de Seguridad y m\u00e1s en tu tienda en l\u00ednea\",\"publisher\":{\"@id\":\"https:\/\/compuviper.mx\/tienda\/#organization\"},\"potentialAction\":[{\"@type\":\"SearchAction\",\"target\":{\"@type\":\"EntryPoint\",\"urlTemplate\":\"https:\/\/compuviper.mx\/tienda\/?s={search_term_string}\"},\"query-input\":\"required name=search_term_string\"}],\"inLanguage\":\"es-MX\"},{\"@type\":\"Organization\",\"@id\":\"https:\/\/compuviper.mx\/tienda\/#organization\",\"name\":\"Compuviper\",\"url\":\"https:\/\/compuviper.mx\/tienda\/\",\"logo\":{\"@type\":\"ImageObject\",\"inLanguage\":\"es-MX\",\"@id\":\"https:\/\/compuviper.mx\/tienda\/#\/schema\/logo\/image\/\",\"url\":\"https:\/\/compuviper.mx\/tienda\/wp-content\/uploads\/2021\/08\/Logo-Compuviper-10.png\",\"contentUrl\":\"https:\/\/compuviper.mx\/tienda\/wp-content\/uploads\/2021\/08\/Logo-Compuviper-10.png\",\"width\":1000,\"height\":500,\"caption\":\"Compuviper\"},\"image\":{\"@id\":\"https:\/\/compuviper.mx\/tienda\/#\/schema\/logo\/image\/\"},\"sameAs\":[\"https:\/\/www.facebook.com\/compuviper\",\"https:\/\/www.youtube.com\/channel\/UCf73dERp9Y3cfOq7q8BhLjA?view_as=subscriber\"]}]}<\/script>\n<meta property=\"product:brand\" content=\"Maxcase\" \/>\n<meta property=\"product:price:amount\" content=\"610\" \/>\n<meta property=\"product:price:currency\" content=\"MXN\" \/>\n<meta property=\"og:availability\" content=\"backorder\" \/>\n<meta property=\"product:availability\" content=\"available for order\" \/>\n<meta property=\"product:retailer_item_id\" content=\"LNESF3300EG4GRY\" \/>\n<meta property=\"product:condition\" content=\"new\" \/>\n<!-- \/ Yoast SEO plugin. -->","yoast_head_json":{"title":"[ Maxcase ] &#129351; Lnesf3300eg4gry Funda Deslizante Extreme Shell-f3 Para Lenovo 300e\/100e Y 300w\/100w G4 Chromebook De 11 Consultar Tiempos De Llegada Con Pm Producto De Importacion","description":"Compra Lnesf3300eg4gry Funda Deslizante Extreme Shell-f3 Para Lenovo 300e\/100e Y 300w\/100w G4 Chromebook De 11 Consultar Tiempos De Llegada Con Pm Producto De Importacion + Env\u00edo a domicilio + Pago seguro + Garant\u00eda","robots":{"index":"index","follow":"follow","max-snippet":"max-snippet:-1","max-image-preview":"max-image-preview:large","max-video-preview":"max-video-preview:-1"},"canonical":"https:\/\/compuviper.mx\/tienda\/producto\/maxcase-lnesf3300eg4gry-funda-deslizante-extreme-shell-f3-para-lenovo-300e-100e-y-300w-100w-g4-chromebook-de-11-consultar-tiempos-de-llegada-con-pm-producto-de-importacion\/","og_locale":"es_MX","og_type":"article","og_title":"[ Maxcase ] &#129351; Lnesf3300eg4gry Funda Deslizante Extreme Shell-f3 Para Lenovo 300e\/100e Y 300w\/100w G4 Chromebook De 11 Consultar Tiempos De Llegada Con Pm Producto De Importacion","og_description":"Compra Lnesf3300eg4gry Funda Deslizante Extreme Shell-f3 Para Lenovo 300e\/100e Y 300w\/100w G4 Chromebook De 11 Consultar Tiempos De Llegada Con Pm Producto De Importacion + Env\u00edo a domicilio + Pago seguro + Garant\u00eda","og_url":"https:\/\/compuviper.mx\/tienda\/producto\/maxcase-lnesf3300eg4gry-funda-deslizante-extreme-shell-f3-para-lenovo-300e-100e-y-300w-100w-g4-chromebook-de-11-consultar-tiempos-de-llegada-con-pm-producto-de-importacion\/","og_site_name":"Compuviper","article_publisher":"https:\/\/www.facebook.com\/compuviper","article_modified_time":"2026-04-10T05:12:09+00:00","og_image":[{"width":200,"height":200,"url":"https:\/\/compuviper.mx\/tienda\/wp-content\/uploads\/2025\/11\/Funda-deslizante-extreme-shell-f3-para-lenovo-300e100e-y-300w100w-g4-chromebook-de-11-consultar-tiempos-de-llegada-con-pm-producto-de-importacion.jpg","type":"image\/jpeg"}],"twitter_card":"summary_large_image","twitter_misc":{"Precio":"&#36;610 con IVA","Availability":"On backorder"},"schema":{"@context":"https:\/\/schema.org","@graph":[{"@type":"WebPage","@id":"https:\/\/compuviper.mx\/tienda\/producto\/maxcase-lnesf3300eg4gry-funda-deslizante-extreme-shell-f3-para-lenovo-300e-100e-y-300w-100w-g4-chromebook-de-11-consultar-tiempos-de-llegada-con-pm-producto-de-importacion\/","url":"https:\/\/compuviper.mx\/tienda\/producto\/maxcase-lnesf3300eg4gry-funda-deslizante-extreme-shell-f3-para-lenovo-300e-100e-y-300w-100w-g4-chromebook-de-11-consultar-tiempos-de-llegada-con-pm-producto-de-importacion\/","name":"[ Maxcase ] &#129351; Lnesf3300eg4gry Funda Deslizante Extreme Shell-f3 Para Lenovo 300e\/100e Y 300w\/100w G4 Chromebook De 11 Consultar Tiempos De Llegada Con Pm Producto De Importacion","isPartOf":{"@id":"https:\/\/compuviper.mx\/tienda\/#website"},"datePublished":"2026-04-10T05:12:08+00:00","dateModified":"2026-04-10T05:12:09+00:00","description":"Compra Lnesf3300eg4gry Funda Deslizante Extreme Shell-f3 Para Lenovo 300e\/100e Y 300w\/100w G4 Chromebook De 11 Consultar Tiempos De Llegada Con Pm Producto De Importacion + Env\u00edo a domicilio + Pago seguro + Garant\u00eda","breadcrumb":{"@id":"https:\/\/compuviper.mx\/tienda\/producto\/maxcase-lnesf3300eg4gry-funda-deslizante-extreme-shell-f3-para-lenovo-300e-100e-y-300w-100w-g4-chromebook-de-11-consultar-tiempos-de-llegada-con-pm-producto-de-importacion\/#breadcrumb"},"inLanguage":"es-MX","potentialAction":[{"@type":"ReadAction","target":["https:\/\/compuviper.mx\/tienda\/producto\/maxcase-lnesf3300eg4gry-funda-deslizante-extreme-shell-f3-para-lenovo-300e-100e-y-300w-100w-g4-chromebook-de-11-consultar-tiempos-de-llegada-con-pm-producto-de-importacion\/"]}]},{"@type":"BreadcrumbList","@id":"https:\/\/compuviper.mx\/tienda\/producto\/maxcase-lnesf3300eg4gry-funda-deslizante-extreme-shell-f3-para-lenovo-300e-100e-y-300w-100w-g4-chromebook-de-11-consultar-tiempos-de-llegada-con-pm-producto-de-importacion\/#breadcrumb","itemListElement":[{"@type":"ListItem","position":1,"name":"Inicio","item":"https:\/\/compuviper.mx\/tienda\/"},{"@type":"ListItem","position":2,"name":"Productos","item":"https:\/\/compuviper.mx\/tienda\/productos\/"},{"@type":"ListItem","position":3,"name":"Fundas","item":"https:\/\/compuviper.mx\/tienda\/categoria-producto\/fundas\/"},{"@type":"ListItem","position":4,"name":"Notebook","item":"https:\/\/compuviper.mx\/tienda\/categoria-producto\/fundas\/notebook-fundas\/"},{"@type":"ListItem","position":5,"name":"Maxcase Lnesf3300eg4gry Funda Deslizante Extreme Shell-f3 Para Lenovo 300e\/100e Y 300w\/100w G4 Chromebook De 11 Consultar Tiempos De Llegada Con Pm Producto De Importacion"}]},{"@type":"WebSite","@id":"https:\/\/compuviper.mx\/tienda\/#website","url":"https:\/\/compuviper.mx\/tienda\/","name":"Compuviper","description":"Proveedor de Computadoras, Laptops, Servidores, Monitores, Puntos de Venta, Teclados,   Impresoras, T\u00f3ner, C\u00e1maras de Seguridad y m\u00e1s en tu tienda en l\u00ednea","publisher":{"@id":"https:\/\/compuviper.mx\/tienda\/#organization"},"potentialAction":[{"@type":"SearchAction","target":{"@type":"EntryPoint","urlTemplate":"https:\/\/compuviper.mx\/tienda\/?s={search_term_string}"},"query-input":"required name=search_term_string"}],"inLanguage":"es-MX"},{"@type":"Organization","@id":"https:\/\/compuviper.mx\/tienda\/#organization","name":"Compuviper","url":"https:\/\/compuviper.mx\/tienda\/","logo":{"@type":"ImageObject","inLanguage":"es-MX","@id":"https:\/\/compuviper.mx\/tienda\/#\/schema\/logo\/image\/","url":"https:\/\/compuviper.mx\/tienda\/wp-content\/uploads\/2021\/08\/Logo-Compuviper-10.png","contentUrl":"https:\/\/compuviper.mx\/tienda\/wp-content\/uploads\/2021\/08\/Logo-Compuviper-10.png","width":1000,"height":500,"caption":"Compuviper"},"image":{"@id":"https:\/\/compuviper.mx\/tienda\/#\/schema\/logo\/image\/"},"sameAs":["https:\/\/www.facebook.com\/compuviper","https:\/\/www.youtube.com\/channel\/UCf73dERp9Y3cfOq7q8BhLjA?view_as=subscriber"]}]},"product_brand":"Maxcase","product_price_amount":"610","product_price_currency":"MXN","og_availability":"backorder","product_availability":"available for order","product_retailer_item_id":"LNESF3300EG4GRY","product_condition":"new"},"_links":{"self":[{"href":"https:\/\/compuviper.mx\/tienda\/wp-json\/wp\/v2\/product\/262018"}],"collection":[{"href":"https:\/\/compuviper.mx\/tienda\/wp-json\/wp\/v2\/product"}],"about":[{"href":"https:\/\/compuviper.mx\/tienda\/wp-json\/wp\/v2\/types\/product"}],"replies":[{"embeddable":true,"href":"https:\/\/compuviper.mx\/tienda\/wp-json\/wp\/v2\/comments?post=262018"}],"wp:featuredmedia":[{"embeddable":true,"href":"https:\/\/compuviper.mx\/tienda\/wp-json\/wp\/v2\/media\/262709"}],"wp:attachment":[{"href":"https:\/\/compuviper.mx\/tienda\/wp-json\/wp\/v2\/media?parent=262018"}],"wp:term":[{"taxonomy":"product_cat","embeddable":true,"href":"https:\/\/compuviper.mx\/tienda\/wp-json\/wp\/v2\/product_cat?post=262018"},{"taxonomy":"product_tag","embeddable":true,"href":"https:\/\/compuviper.mx\/tienda\/wp-json\/wp\/v2\/product_tag?post=262018"}],"curies":[{"name":"wp","href":"https:\/\/api.w.org\/{rel}","templated":true}]}}