{"id":262014,"date":"2026-04-10T02:18:59","date_gmt":"2026-04-10T08:18:59","guid":{"rendered":"https:\/\/compuviper.mx\/tienda\/producto\/huawei-55150652ns-gp55150652-pantalla-interactiva-de-colaboracion-inteligente-ideahub-s2-de-86-pulgadas-ihs2-86sa\/"},"modified":"2026-04-10T02:18:59","modified_gmt":"2026-04-10T08:18:59","slug":"huawei-55150652ns-gp55150652-pantalla-interactiva-de-colaboracion-inteligente-ideahub-s2-de-86-pulgadas-ihs2-86sa","status":"publish","type":"product","link":"https:\/\/compuviper.mx\/tienda\/producto\/huawei-55150652ns-gp55150652-pantalla-interactiva-de-colaboracion-inteligente-ideahub-s2-de-86-pulgadas-ihs2-86sa\/","title":{"rendered":"Huawei 55150652ns-gp,55150652 Pantalla Interactiva De Colaboracion Inteligente  Ideahub S2 De 86 Pulgadas, Ihs2-86sa"},"content":{"rendered":"<table class=\"descripcion\">\n<tr>\n<td>Cpu 8 cores<\/td>\n<\/tr>\n<tr>\n<td>Memory 8 gb<\/td>\n<\/tr>\n<tr>\n<td>Storage space 64 gb<\/td>\n<\/tr>\n<tr>\n<td>Ai computing power 4t<\/td>\n<\/tr>\n<tr>\n<td>Operating system harmonyos is supported. the optional ops supports windows 10.<\/td>\n<\/tr>\n<tr>\n<td>Screen display<\/td>\n<\/tr>\n<tr>\n<td>Backlight type d-led<\/td>\n<\/tr>\n<tr>\n<td>Aspect ratio 16:09<\/td>\n<\/tr>\n<tr>\n<td>Resolution 3840 x 2160<\/td>\n<\/tr>\n<tr>\n<td>Display area 65-inch model: 1428.48 mm x 803.52 mm<\/td>\n<\/tr>\n<tr>\n<td>75-inch model: 1649.66 mm x 927.94 mm<\/td>\n<\/tr>\n<tr>\n<td>86-inch model: 1895.04 mm x 1065.96 mm<\/td>\n<\/tr>\n<tr>\n<td>Pixel distance<\/td>\n<\/tr>\n<tr>\n<td>65-inch model: 372.0  and 924;m x 372.0  and 924;m<\/td>\n<\/tr>\n<tr>\n<td>75-inch model: 429.6  and 924;m x 429.6  and 924;m<\/td>\n<\/tr>\n<tr>\n<td>86-inch model: 493.5  and 924;m x 493.5  and 924;m<\/td>\n<\/tr>\n<tr>\n<td>Refresh rate 60 hz<\/td>\n<\/tr>\n<tr>\n<td>Response time 8 ms<\/td>\n<\/tr>\n<tr>\n<td>Brightness typical value 350 nits<\/td>\n<\/tr>\n<tr>\n<td>Screen brightness uniformity aprox 70 percent<\/td>\n<\/tr>\n<tr>\n<td>Contrast 1200:01:00<\/td>\n<\/tr>\n<tr>\n<td>Viewing angle aprox 178 degree<\/td>\n<\/tr>\n<tr>\n<td>Color depth 10 bits 8 bits plus frc<\/td>\n<\/tr>\n<tr>\n<td>Hardware-based anti-blue light supported<\/td>\n<\/tr>\n<tr>\n<td>Screen touch control<\/td>\n<\/tr>\n<tr>\n<td>Touch control precision\u00b11 mm<\/td>\n<\/tr>\n<tr>\n<td>Maximum number of touch points20<\/td>\n<\/tr>\n<tr>\n<td>Touch control typeinfrared touch control<\/td>\n<\/tr>\n<tr>\n<td>Touch response time aprox 10 ms<\/td>\n<\/tr>\n<tr>\n<td>Automatic screen brightness adjustment supported<\/td>\n<\/tr>\n<tr>\n<td>Camera<\/td>\n<\/tr>\n<tr>\n<td>Lens type fixed focal length<\/td>\n<\/tr>\n<tr>\n<td>Sensor size 1\/2.8<\/td>\n<\/tr>\n<tr>\n<td>Horizontal field of view 80\u00b0<\/td>\n<\/tr>\n<tr>\n<td>Aperture f1.8<\/td>\n<\/tr>\n<tr>\n<td>Video resolution 4k30 3840 x 2160<\/td>\n<\/tr>\n<tr>\n<td>Zoom 2x digital<\/td>\n<\/tr>\n<tr>\n<td>Vertical angle of view 50\u00b0<\/td>\n<\/tr>\n<tr>\n<td>Lens cap for privacy protection supported<\/td>\n<\/tr>\n<tr>\n<td>Tv distortion   2 percent<\/td>\n<\/tr>\n<tr>\n<td>Shooting distance 0.5 m to infinity<\/td>\n<\/tr>\n<tr>\n<td>Ptz adjustment e-ptz<\/td>\n<\/tr>\n<tr>\n<td>Automatic exposure ae supported<\/td>\n<\/tr>\n<tr>\n<td>Automatic white balance awb supported<\/td>\n<\/tr>\n<tr>\n<td>Local camera presets 30<\/td>\n<\/tr>\n<tr>\n<td>Built-in microphone<\/td>\n<\/tr>\n<tr>\n<td>Quantity 6<\/td>\n<\/tr>\n<tr>\n<td>Sampling frequency 48 khz<\/td>\n<\/tr>\n<tr>\n<td>Sampling bits 24 bits<\/td>\n<\/tr>\n<tr>\n<td>Sound pickup angle 180\u00b0<\/td>\n<\/tr>\n<tr>\n<td>Built-in speaker<\/td>\n<\/tr>\n<tr>\n<td>Quantity 2 x high-frequency speaker full-frequency speaker<\/td>\n<\/tr>\n<tr>\n<td>Total speaker power 2 x 20 w<\/td>\n<\/tr>\n<tr>\n<td>Sound output mode bottom speaker<\/td>\n<\/tr>\n<tr>\n<td>Stereo supported<\/td>\n<\/tr>\n<tr>\n<td>Maximum sound level 95 db spl 1 m<\/td>\n<\/tr>\n<tr>\n<td>Electricity supply requirements<\/td>\n<\/tr>\n<tr>\n<td>Rated operating voltage 100\u0096240 v ac<\/td>\n<\/tr>\n<tr>\n<td>Operating frequency 50 hz\/60 hz<\/td>\n<\/tr>\n<tr>\n<td>Maximum power consumption<\/td>\n<\/tr>\n<tr>\n<td>65-inch model: 350 w<\/td>\n<\/tr>\n<tr>\n<td>75-inch model: 420 w<\/td>\n<\/tr>\n<tr>\n<td>86-inch model: 450 w<\/td>\n<\/tr>\n<tr>\n<td>Typical power without ops; brightness of 300 nits<\/td>\n<\/tr>\n<tr>\n<td>65-inch model 175 w<\/td>\n<\/tr>\n<tr>\n<td>75-inch model: 180 w<\/td>\n<\/tr>\n<tr>\n<td>86-inch model: 230 w<\/td>\n<\/tr>\n<tr>\n<td>Standby power 0.5 w<\/td>\n<\/tr>\n<tr>\n<td>Environmental requirements in use<\/td>\n<\/tr>\n<tr>\n<td>Ambient temperature 0\u009640\u00b0c<\/td>\n<\/tr>\n<tr>\n<td>Relative humidity 10 to 95<\/td>\n<\/tr>\n<tr>\n<td>Operating altitude   5000 m<\/td>\n<\/tr>\n<tr>\n<td>Environmental requirements idle<\/td>\n<\/tr>\n<tr>\n<td>Ambient temperature \u009620\u00b0c to 60\u00b0c<\/td>\n<\/tr>\n<tr>\n<td>Relative humidity non-condensing 5 to 95 percent<\/td>\n<\/tr>\n<tr>\n<td>Physical parameters of the entire system<\/td>\n<\/tr>\n<tr>\n<td>Product dimensions<\/td>\n<\/tr>\n<tr>\n<td>65-inch model: 947.5 mm x 1484.5 mm x 91.6 mm<\/td>\n<\/tr>\n<tr>\n<td>75-inch model: 1071.9 mm x 1705.7 mm x 91.8 mm<\/td>\n<\/tr>\n<tr>\n<td>86-inch model: 1212.0 mm x 1953.0 mm x 91.8 mm<\/td>\n<\/tr>\n<tr>\n<td>Package dimensions<\/td>\n<\/tr>\n<tr>\n<td>65-inch model: 1050 mm x 1650 mm x 220 mm<\/td>\n<\/tr>\n<tr>\n<td>75-inch model: 1170 mm x 1900 mm x 220 mm<\/td>\n<\/tr>\n<tr>\n<td>86-inch model: 1300 mm x 2090 mm x 250 mm<\/td>\n<\/tr>\n<tr>\n<td>Net weight<\/td>\n<\/tr>\n<tr>\n<td>65-inch model: 35.5 kg<\/td>\n<\/tr>\n<tr>\n<td>75-inch model: 47.0 kg<\/td>\n<\/tr>\n<tr>\n<td>86-inch model: 62.0 kg<\/td>\n<\/tr>\n<tr>\n<td>Gross weight including the package<\/td>\n<\/tr>\n<tr>\n<td>65-inch model: 43.0 kg<\/td>\n<\/tr>\n<tr>\n<td>75-inch model: 57.0 kg<\/td>\n<\/tr>\n<tr>\n<td>86-inch model: 73.5 kg<\/td>\n<\/tr>\n<tr>\n<td>Optional floor stand<\/td>\n<\/tr>\n<tr>\n<td>Product dimensions 1525.0 mm x 1302.0 mm x 764.0 mm<\/td>\n<\/tr>\n<tr>\n<td>Package dimensions 180 mm x 1390 mm x 845 mm<\/td>\n<\/tr>\n<tr>\n<td>Net weight 19.5 kg<\/td>\n<\/tr>\n<tr>\n<td>Gross weight including the package 24.8 kg<\/td>\n<\/tr>\n<tr>\n<td>Optional wall-mounted bracket<\/td>\n<\/tr>\n<tr>\n<td>Product dimensions 30 mm x 1170 mm x 210 mm<\/td>\n<\/tr>\n<tr>\n<td>Package dimensions 86 mm x 1270 mm x 300 mm<\/td>\n<\/tr>\n<tr>\n<td>Net weight 3.6 kg<\/td>\n<\/tr>\n<tr>\n<td>Gross weight including the package 5.5 kg<\/td>\n<\/tr>\n<tr>\n<td>Mandatory stylus pen<\/td>\n<\/tr>\n<tr>\n<td>Quantity 2<\/td>\n<\/tr>\n<tr>\n<td>Wi-fi<\/td>\n<\/tr>\n<tr>\n<td>Wi-fi protocol 802.11 a\/b\/g\/n\/ac\/ax<\/td>\n<\/tr>\n<tr>\n<td>Supported frequency band 2.4 ghz to 2.4835 ghz<\/td>\n<\/tr>\n<tr>\n<td>5 ghz to 5.85 ghz<\/td>\n<\/tr>\n<tr>\n<td>Maximum transmit power 2.4 ghz to 2.4835 ghz: 20 dbm<\/td>\n<\/tr>\n<tr>\n<td>5 ghz to 5.85 ghz: 23 dbm<\/td>\n<\/tr>\n<tr>\n<td>Voice tracking<\/td>\n<\/tr>\n<tr>\n<td>Distance 3 m<\/td>\n<\/tr>\n<tr>\n<td>Installation<\/td>\n<\/tr>\n<tr>\n<td>Installation modes floor stand-mounted, wall-mounted, or wall-recessed<\/td>\n<\/tr>\n<\/table>\n","protected":false},"excerpt":{"rendered":"<p>Basada en la plataforma de hardware de ultima generacion con alta potencia informatica y harmonyos, la serie huawei ideahub s2, ofrece bring your own meeting byom, reuniones inmersivas en hd, wi-fi 6 para proyeccion directa y latencia de escritura ultrabaja, adaptandose facilmente a las principales aplicaciones de reuniones en la nube. Es una solucion perfecta para la colaboracion y la comunicacion sin limites que se adapta a cualquier sala, como la sala de reuniones habitual, el despacho ejecutivo y la zona de oficina abierta. -se utiliza con camara de video 4k de calidad profesional para obtener imagenes nitidas incluso en reuniones largas. -reunion inteligente en todos los escenarios: reuniones con video 4k completo; adaptacion a las reuniones en la nube principales con una experiencia de reunion de 1080p, transferencia perfecta de sus reuniones. -byom: proyeccion p2p en un toque sin necesidad de configurar la red; pizarra inteligente, como escribir en papel; multi-window y app multiplier para una interaccion facil de usar en modo horizontal. -amplio ecosistema de aplicaciones: gran cantidad de aplicaciones ofimaticas adaptadas y descargables con un solo toque en la pantalla; sdk abiertos y estandar para una rapida integracion con las aplicaciones ofimaticas de la empresa.<\/p>\n","protected":false},"featured_media":262015,"comment_status":"open","ping_status":"open","template":"","meta":[],"product_cat":[2012,2011],"product_tag":[1673],"acf":[],"yoast_head":"<!-- This site is optimized with the Yoast SEO plugin v21.7 - https:\/\/yoast.com\/wordpress\/plugins\/seo\/ -->\n<title>[ Huawei ] &#129351; 55150652ns-gp,55150652 Pantalla Interactiva De Colaboracion Inteligente Ideahub S2 De 86 Pulgadas, Ihs2-86sa<\/title>\n<meta name=\"description\" content=\"Compra 55150652ns-gp,55150652 Pantalla Interactiva De Colaboracion Inteligente Ideahub S2 De 86 Pulgadas, Ihs2-86sa + Env\u00edo a domicilio + Pago seguro + Garant\u00eda\" \/>\n<meta name=\"robots\" content=\"index, follow, max-snippet:-1, max-image-preview:large, max-video-preview:-1\" \/>\n<link rel=\"canonical\" href=\"https:\/\/compuviper.mx\/tienda\/producto\/huawei-55150652ns-gp55150652-pantalla-interactiva-de-colaboracion-inteligente-ideahub-s2-de-86-pulgadas-ihs2-86sa\/\" \/>\n<meta property=\"og:locale\" content=\"es_MX\" \/>\n<meta property=\"og:type\" content=\"article\" \/>\n<meta property=\"og:title\" content=\"[ Huawei ] &#129351; 55150652ns-gp,55150652 Pantalla Interactiva De Colaboracion Inteligente Ideahub S2 De 86 Pulgadas, Ihs2-86sa\" \/>\n<meta property=\"og:description\" content=\"Compra 55150652ns-gp,55150652 Pantalla Interactiva De Colaboracion Inteligente Ideahub S2 De 86 Pulgadas, Ihs2-86sa + Env\u00edo a domicilio + Pago seguro + Garant\u00eda\" \/>\n<meta property=\"og:url\" content=\"https:\/\/compuviper.mx\/tienda\/producto\/huawei-55150652ns-gp55150652-pantalla-interactiva-de-colaboracion-inteligente-ideahub-s2-de-86-pulgadas-ihs2-86sa\/\" \/>\n<meta property=\"og:site_name\" content=\"Compuviper\" \/>\n<meta property=\"article:publisher\" content=\"https:\/\/www.facebook.com\/compuviper\" \/>\n<meta property=\"og:image\" content=\"https:\/\/compuviper.mx\/tienda\/wp-content\/uploads\/2025\/10\/Pantalla-interactiva-de-colaboracion-inteligente-huawei-ideahub-s2-de-86-pulgadas-ihs2-86sa.jpg\" \/>\n\t<meta property=\"og:image:width\" content=\"200\" \/>\n\t<meta property=\"og:image:height\" content=\"200\" \/>\n\t<meta property=\"og:image:type\" content=\"image\/jpeg\" \/>\n<meta name=\"twitter:card\" content=\"summary_large_image\" \/>\n<meta name=\"twitter:label1\" content=\"Precio\" \/>\n\t<meta name=\"twitter:data1\" content=\"&#36;75,115 &#36;68,913 con IVA\" \/>\n\t<meta name=\"twitter:label2\" content=\"Availability\" \/>\n\t<meta name=\"twitter:data2\" content=\"In stock\" \/>\n<script type=\"application\/ld+json\" class=\"yoast-schema-graph\">{\"@context\":\"https:\/\/schema.org\",\"@graph\":[{\"@type\":\"WebPage\",\"@id\":\"https:\/\/compuviper.mx\/tienda\/producto\/huawei-55150652ns-gp55150652-pantalla-interactiva-de-colaboracion-inteligente-ideahub-s2-de-86-pulgadas-ihs2-86sa\/\",\"url\":\"https:\/\/compuviper.mx\/tienda\/producto\/huawei-55150652ns-gp55150652-pantalla-interactiva-de-colaboracion-inteligente-ideahub-s2-de-86-pulgadas-ihs2-86sa\/\",\"name\":\"[ Huawei ] &#129351; 55150652ns-gp,55150652 Pantalla Interactiva De Colaboracion Inteligente Ideahub S2 De 86 Pulgadas, Ihs2-86sa\",\"isPartOf\":{\"@id\":\"https:\/\/compuviper.mx\/tienda\/#website\"},\"datePublished\":\"2026-04-10T08:18:59+00:00\",\"dateModified\":\"2026-04-10T08:18:59+00:00\",\"description\":\"Compra 55150652ns-gp,55150652 Pantalla Interactiva De Colaboracion Inteligente Ideahub S2 De 86 Pulgadas, Ihs2-86sa + Env\u00edo a domicilio + Pago seguro + Garant\u00eda\",\"breadcrumb\":{\"@id\":\"https:\/\/compuviper.mx\/tienda\/producto\/huawei-55150652ns-gp55150652-pantalla-interactiva-de-colaboracion-inteligente-ideahub-s2-de-86-pulgadas-ihs2-86sa\/#breadcrumb\"},\"inLanguage\":\"es-MX\",\"potentialAction\":[{\"@type\":\"ReadAction\",\"target\":[\"https:\/\/compuviper.mx\/tienda\/producto\/huawei-55150652ns-gp55150652-pantalla-interactiva-de-colaboracion-inteligente-ideahub-s2-de-86-pulgadas-ihs2-86sa\/\"]}]},{\"@type\":\"BreadcrumbList\",\"@id\":\"https:\/\/compuviper.mx\/tienda\/producto\/huawei-55150652ns-gp55150652-pantalla-interactiva-de-colaboracion-inteligente-ideahub-s2-de-86-pulgadas-ihs2-86sa\/#breadcrumb\",\"itemListElement\":[{\"@type\":\"ListItem\",\"position\":1,\"name\":\"Inicio\",\"item\":\"https:\/\/compuviper.mx\/tienda\/\"},{\"@type\":\"ListItem\",\"position\":2,\"name\":\"Productos\",\"item\":\"https:\/\/compuviper.mx\/tienda\/productos\/\"},{\"@type\":\"ListItem\",\"position\":3,\"name\":\"Videoconferencia\",\"item\":\"https:\/\/compuviper.mx\/tienda\/categoria-producto\/videoconferencia\/\"},{\"@type\":\"ListItem\",\"position\":4,\"name\":\"Sin Categor\u00eda\",\"item\":\"https:\/\/compuviper.mx\/tienda\/categoria-producto\/videoconferencia\/sin-categoria-videoconferencia\/\"},{\"@type\":\"ListItem\",\"position\":5,\"name\":\"Huawei 55150652ns-gp,55150652 Pantalla Interactiva De Colaboracion Inteligente Ideahub S2 De 86 Pulgadas, Ihs2-86sa\"}]},{\"@type\":\"WebSite\",\"@id\":\"https:\/\/compuviper.mx\/tienda\/#website\",\"url\":\"https:\/\/compuviper.mx\/tienda\/\",\"name\":\"Compuviper\",\"description\":\"Proveedor de Computadoras, Laptops, Servidores, Monitores, Puntos de Venta, Teclados,   Impresoras, T\u00f3ner, C\u00e1maras de Seguridad y m\u00e1s en tu tienda en l\u00ednea\",\"publisher\":{\"@id\":\"https:\/\/compuviper.mx\/tienda\/#organization\"},\"potentialAction\":[{\"@type\":\"SearchAction\",\"target\":{\"@type\":\"EntryPoint\",\"urlTemplate\":\"https:\/\/compuviper.mx\/tienda\/?s={search_term_string}\"},\"query-input\":\"required name=search_term_string\"}],\"inLanguage\":\"es-MX\"},{\"@type\":\"Organization\",\"@id\":\"https:\/\/compuviper.mx\/tienda\/#organization\",\"name\":\"Compuviper\",\"url\":\"https:\/\/compuviper.mx\/tienda\/\",\"logo\":{\"@type\":\"ImageObject\",\"inLanguage\":\"es-MX\",\"@id\":\"https:\/\/compuviper.mx\/tienda\/#\/schema\/logo\/image\/\",\"url\":\"https:\/\/compuviper.mx\/tienda\/wp-content\/uploads\/2021\/08\/Logo-Compuviper-10.png\",\"contentUrl\":\"https:\/\/compuviper.mx\/tienda\/wp-content\/uploads\/2021\/08\/Logo-Compuviper-10.png\",\"width\":1000,\"height\":500,\"caption\":\"Compuviper\"},\"image\":{\"@id\":\"https:\/\/compuviper.mx\/tienda\/#\/schema\/logo\/image\/\"},\"sameAs\":[\"https:\/\/www.facebook.com\/compuviper\",\"https:\/\/www.youtube.com\/channel\/UCf73dERp9Y3cfOq7q8BhLjA?view_as=subscriber\"]}]}<\/script>\n<meta property=\"product:brand\" content=\"HUAWEI\" \/>\n<meta property=\"product:price:amount\" content=\"68913\" \/>\n<meta property=\"product:price:currency\" content=\"MXN\" \/>\n<meta property=\"og:availability\" content=\"instock\" \/>\n<meta property=\"product:availability\" content=\"instock\" \/>\n<meta property=\"product:retailer_item_id\" content=\"55150652NS-GP,55150652\" \/>\n<meta property=\"product:condition\" content=\"new\" \/>\n<!-- \/ Yoast SEO plugin. -->","yoast_head_json":{"title":"[ Huawei ] &#129351; 55150652ns-gp,55150652 Pantalla Interactiva De Colaboracion Inteligente Ideahub S2 De 86 Pulgadas, Ihs2-86sa","description":"Compra 55150652ns-gp,55150652 Pantalla Interactiva De Colaboracion Inteligente Ideahub S2 De 86 Pulgadas, Ihs2-86sa + Env\u00edo a domicilio + Pago seguro + Garant\u00eda","robots":{"index":"index","follow":"follow","max-snippet":"max-snippet:-1","max-image-preview":"max-image-preview:large","max-video-preview":"max-video-preview:-1"},"canonical":"https:\/\/compuviper.mx\/tienda\/producto\/huawei-55150652ns-gp55150652-pantalla-interactiva-de-colaboracion-inteligente-ideahub-s2-de-86-pulgadas-ihs2-86sa\/","og_locale":"es_MX","og_type":"article","og_title":"[ Huawei ] &#129351; 55150652ns-gp,55150652 Pantalla Interactiva De Colaboracion Inteligente Ideahub S2 De 86 Pulgadas, Ihs2-86sa","og_description":"Compra 55150652ns-gp,55150652 Pantalla Interactiva De Colaboracion Inteligente Ideahub S2 De 86 Pulgadas, Ihs2-86sa + Env\u00edo a domicilio + Pago seguro + Garant\u00eda","og_url":"https:\/\/compuviper.mx\/tienda\/producto\/huawei-55150652ns-gp55150652-pantalla-interactiva-de-colaboracion-inteligente-ideahub-s2-de-86-pulgadas-ihs2-86sa\/","og_site_name":"Compuviper","article_publisher":"https:\/\/www.facebook.com\/compuviper","og_image":[{"width":200,"height":200,"url":"https:\/\/compuviper.mx\/tienda\/wp-content\/uploads\/2025\/10\/Pantalla-interactiva-de-colaboracion-inteligente-huawei-ideahub-s2-de-86-pulgadas-ihs2-86sa.jpg","type":"image\/jpeg"}],"twitter_card":"summary_large_image","twitter_misc":{"Precio":"&#36;75,115 &#36;68,913 con IVA","Availability":"In stock"},"schema":{"@context":"https:\/\/schema.org","@graph":[{"@type":"WebPage","@id":"https:\/\/compuviper.mx\/tienda\/producto\/huawei-55150652ns-gp55150652-pantalla-interactiva-de-colaboracion-inteligente-ideahub-s2-de-86-pulgadas-ihs2-86sa\/","url":"https:\/\/compuviper.mx\/tienda\/producto\/huawei-55150652ns-gp55150652-pantalla-interactiva-de-colaboracion-inteligente-ideahub-s2-de-86-pulgadas-ihs2-86sa\/","name":"[ Huawei ] &#129351; 55150652ns-gp,55150652 Pantalla Interactiva De Colaboracion Inteligente Ideahub S2 De 86 Pulgadas, Ihs2-86sa","isPartOf":{"@id":"https:\/\/compuviper.mx\/tienda\/#website"},"datePublished":"2026-04-10T08:18:59+00:00","dateModified":"2026-04-10T08:18:59+00:00","description":"Compra 55150652ns-gp,55150652 Pantalla Interactiva De Colaboracion Inteligente Ideahub S2 De 86 Pulgadas, Ihs2-86sa + Env\u00edo a domicilio + Pago seguro + Garant\u00eda","breadcrumb":{"@id":"https:\/\/compuviper.mx\/tienda\/producto\/huawei-55150652ns-gp55150652-pantalla-interactiva-de-colaboracion-inteligente-ideahub-s2-de-86-pulgadas-ihs2-86sa\/#breadcrumb"},"inLanguage":"es-MX","potentialAction":[{"@type":"ReadAction","target":["https:\/\/compuviper.mx\/tienda\/producto\/huawei-55150652ns-gp55150652-pantalla-interactiva-de-colaboracion-inteligente-ideahub-s2-de-86-pulgadas-ihs2-86sa\/"]}]},{"@type":"BreadcrumbList","@id":"https:\/\/compuviper.mx\/tienda\/producto\/huawei-55150652ns-gp55150652-pantalla-interactiva-de-colaboracion-inteligente-ideahub-s2-de-86-pulgadas-ihs2-86sa\/#breadcrumb","itemListElement":[{"@type":"ListItem","position":1,"name":"Inicio","item":"https:\/\/compuviper.mx\/tienda\/"},{"@type":"ListItem","position":2,"name":"Productos","item":"https:\/\/compuviper.mx\/tienda\/productos\/"},{"@type":"ListItem","position":3,"name":"Videoconferencia","item":"https:\/\/compuviper.mx\/tienda\/categoria-producto\/videoconferencia\/"},{"@type":"ListItem","position":4,"name":"Sin Categor\u00eda","item":"https:\/\/compuviper.mx\/tienda\/categoria-producto\/videoconferencia\/sin-categoria-videoconferencia\/"},{"@type":"ListItem","position":5,"name":"Huawei 55150652ns-gp,55150652 Pantalla Interactiva De Colaboracion Inteligente Ideahub S2 De 86 Pulgadas, Ihs2-86sa"}]},{"@type":"WebSite","@id":"https:\/\/compuviper.mx\/tienda\/#website","url":"https:\/\/compuviper.mx\/tienda\/","name":"Compuviper","description":"Proveedor de Computadoras, Laptops, Servidores, Monitores, Puntos de Venta, Teclados,   Impresoras, T\u00f3ner, C\u00e1maras de Seguridad y m\u00e1s en tu tienda en l\u00ednea","publisher":{"@id":"https:\/\/compuviper.mx\/tienda\/#organization"},"potentialAction":[{"@type":"SearchAction","target":{"@type":"EntryPoint","urlTemplate":"https:\/\/compuviper.mx\/tienda\/?s={search_term_string}"},"query-input":"required name=search_term_string"}],"inLanguage":"es-MX"},{"@type":"Organization","@id":"https:\/\/compuviper.mx\/tienda\/#organization","name":"Compuviper","url":"https:\/\/compuviper.mx\/tienda\/","logo":{"@type":"ImageObject","inLanguage":"es-MX","@id":"https:\/\/compuviper.mx\/tienda\/#\/schema\/logo\/image\/","url":"https:\/\/compuviper.mx\/tienda\/wp-content\/uploads\/2021\/08\/Logo-Compuviper-10.png","contentUrl":"https:\/\/compuviper.mx\/tienda\/wp-content\/uploads\/2021\/08\/Logo-Compuviper-10.png","width":1000,"height":500,"caption":"Compuviper"},"image":{"@id":"https:\/\/compuviper.mx\/tienda\/#\/schema\/logo\/image\/"},"sameAs":["https:\/\/www.facebook.com\/compuviper","https:\/\/www.youtube.com\/channel\/UCf73dERp9Y3cfOq7q8BhLjA?view_as=subscriber"]}]},"product_brand":"HUAWEI","product_price_amount":"68913","product_price_currency":"MXN","og_availability":"instock","product_availability":"instock","product_retailer_item_id":"55150652NS-GP,55150652","product_condition":"new"},"_links":{"self":[{"href":"https:\/\/compuviper.mx\/tienda\/wp-json\/wp\/v2\/product\/262014"}],"collection":[{"href":"https:\/\/compuviper.mx\/tienda\/wp-json\/wp\/v2\/product"}],"about":[{"href":"https:\/\/compuviper.mx\/tienda\/wp-json\/wp\/v2\/types\/product"}],"replies":[{"embeddable":true,"href":"https:\/\/compuviper.mx\/tienda\/wp-json\/wp\/v2\/comments?post=262014"}],"wp:featuredmedia":[{"embeddable":true,"href":"https:\/\/compuviper.mx\/tienda\/wp-json\/wp\/v2\/media\/262015"}],"wp:attachment":[{"href":"https:\/\/compuviper.mx\/tienda\/wp-json\/wp\/v2\/media?parent=262014"}],"wp:term":[{"taxonomy":"product_cat","embeddable":true,"href":"https:\/\/compuviper.mx\/tienda\/wp-json\/wp\/v2\/product_cat?post=262014"},{"taxonomy":"product_tag","embeddable":true,"href":"https:\/\/compuviper.mx\/tienda\/wp-json\/wp\/v2\/product_tag?post=262014"}],"curies":[{"name":"wp","href":"https:\/\/api.w.org\/{rel}","templated":true}]}}