{"id":262004,"date":"2026-05-07T02:06:36","date_gmt":"2026-05-07T08:06:36","guid":{"rendered":"https:\/\/compuviper.mx\/tienda\/producto\/huawei-55037247n-ds-freeclip-toca-la-esfera-acstica-el-c-bridge-bateria-8-horas-aproximadamente-color-oro-rosa-peso-5-6g\/"},"modified":"2026-05-07T02:06:36","modified_gmt":"2026-05-07T08:06:36","slug":"huawei-55037247n-ds-freeclip-con-esfera-acustica-c-bridge-bateria-8-horas-aproximadamente-color-negro-peso-5-6g","status":"publish","type":"product","link":"https:\/\/compuviper.mx\/tienda\/producto\/huawei-55037247n-ds-freeclip-con-esfera-acustica-c-bridge-bateria-8-horas-aproximadamente-color-negro-peso-5-6g\/","title":{"rendered":"Huawei 55037247n-ds  Freeclip \/ Con Esfera Acustica \/ C-bridge\/ Bateria 8 Horas Aproximadamente \/ Color Negro \/peso 5.6g"},"content":{"rendered":"<table class=\"descripcion\">\n<tr>\n<td>Tama\u00f1o<\/td>\n<\/tr>\n<tr>\n<td>Dimensiones de los auriculares (alto \u00d7 ancho \u00d7 grosor):<\/td>\n<\/tr>\n<tr>\n<td>26.70 mm \u00d7 22.00 mm \u00d7 25.30 mm<\/td>\n<\/tr>\n<tr>\n<td>Dimensiones del estuche de carga (alto \u00d7 ancho \u00d7 grosor):<\/td>\n<\/tr>\n<tr>\n<td>59.70 mm \u00d7 51.95 mm \u00d7 27.35 mm<\/td>\n<\/tr>\n<tr>\n<td>*el tama\u00f1o real del producto puede variar con la configuraci\u00f3n del producto y el proceso de fabricaci\u00f3n.<\/td>\n<\/tr>\n<tr>\n<td>Peso<\/td>\n<\/tr>\n<tr>\n<td>Cada auricular:<\/td>\n<\/tr>\n<tr>\n<td>5.6 g \u00b1 0.3 g<\/td>\n<\/tr>\n<tr>\n<td>Estuche de carga:<\/td>\n<\/tr>\n<tr>\n<td>45.5 g \u00b1 2 g<\/td>\n<\/tr>\n<tr>\n<td>*el peso real del producto puede variar con la configuraci\u00f3n del producto y el proceso de fabricaci\u00f3n.<\/td>\n<\/tr>\n<tr>\n<td>Controles<\/td>\n<\/tr>\n<tr>\n<td>Toca la esfera ac\u00fastica, el c-bridge o el m\u00f3dulo principal para tener un control perfecto.<\/td>\n<\/tr>\n<tr>\n<td>Doble toque: reproducir\/pausar audio, o responder\/finalizar una llamada<\/td>\n<\/tr>\n<tr>\n<td>Triple toque: reproducir la siguiente pista<\/td>\n<\/tr>\n<tr>\n<td>Sensor<\/td>\n<\/tr>\n<tr>\n<td>Sensor vpu\/sensor imu\/sensor hall\/sensor cap<\/td>\n<\/tr>\n<tr>\n<td>Formatos de audio<\/td>\n<\/tr>\n<tr>\n<td>Compatibles con sbc, aac y l2hc<\/td>\n<\/tr>\n<tr>\n<td>*el formato l2hc requiere un tel\u00e9fono huawei ejecutando emui 13.0 o posterior.<\/td>\n<\/tr>\n<tr>\n<td>Bater\u00eda<\/td>\n<\/tr>\n<tr>\n<td>Capacidad de la bater\u00eda<\/td>\n<\/tr>\n<tr>\n<td>Auriculares: 55 mah (valor m\u00ednimo cada uno)<\/td>\n<\/tr>\n<tr>\n<td>Estuche de carga: 510 mah (valor m\u00ednimo)<\/td>\n<\/tr>\n<tr>\n<td>M\u00e9todo de carga<\/td>\n<\/tr>\n<tr>\n<td>Carga por cable: usb-c<\/td>\n<\/tr>\n<tr>\n<td>Carga inal\u00e1mbrica: hasta aprox. 2 w<\/td>\n<\/tr>\n<tr>\n<td>Tiempo de carga<\/td>\n<\/tr>\n<tr>\n<td>Aproximadamente 40 minutos para los auriculares (en el estuche de carga)<\/td>\n<\/tr>\n<tr>\n<td>Aproximadamente 60 minutos para el estuche de carga sin auriculares (con cable)<\/td>\n<\/tr>\n<tr>\n<td>Aproximadamente 150 minutos para el estuche de carga sin auriculares (inal\u00e1mbrico)<\/td>\n<\/tr>\n<tr>\n<td>*los datos provienen de pruebas de los laboratorios huawei. durante la prueba, la temperatura ambiente fue de 25\u00b0c, solo como referencia.<\/td>\n<\/tr>\n<tr>\n<td>Duraci\u00f3n de la bater\u00eda<\/td>\n<\/tr>\n<tr>\n<td>Reproducci\u00f3n de m\u00fasica: 8 horas despu\u00e9s de una carga completa y 36 horas cuando se usa con el estuche de carga.<\/td>\n<\/tr>\n<tr>\n<td>*los datos de carga y duraci\u00f3n de la bater\u00eda provienen de pruebas de los laboratorios huawei. durante las pruebas, el audio en formato aac se reprodujo al 50% del volumen y con el anc desactivado. la configuraci\u00f3n predeterminada se utiliz\u00f3 para otras funciones. los resultados reales pueden variar seg\u00fan el volumen, la fuente de audio, la interferencia ambiental, las caracter\u00edsticas del producto y los h\u00e1bitos de uso.<\/td>\n<\/tr>\n<tr>\n<td>Resistente a las salpicaduras, al agua y al polvo<\/td>\n<\/tr>\n<tr>\n<td>Auriculares:<\/td>\n<\/tr>\n<tr>\n<td>Ip54<\/td>\n<\/tr>\n<tr>\n<td>Estuche de carga:<\/td>\n<\/tr>\n<tr>\n<td>No impermeable<\/td>\n<\/tr>\n<tr>\n<td>*la resistencia al polvo y al agua ip54 solo se aplica a los auriculares, no al estuche de carga. este dispositivo es resistente a salpicaduras, polvo y agua en condiciones normales. se prob\u00f3 en condiciones controladas de laboratorio y obtuvo una clasificaci\u00f3n aprobada de ip54 seg\u00fan la norma iec 60529. la resistencia a salpicaduras, polvo y agua no es permanente y el rendimiento puede deteriorarse debido al desgaste diario. evita cargar el dispositivo en ambientes h\u00famedos. los da\u00f1os causados  and #8203; and #8203;por l\u00edquidos no est\u00e1n cubiertos por la garant\u00eda.<\/td>\n<\/tr>\n<tr>\n<td>En la caja<\/td>\n<\/tr>\n<tr>\n<td>Auriculares \u00d7 1 par<\/td>\n<\/tr>\n<tr>\n<td>Estuche de carga \u00d7 1<\/td>\n<\/tr>\n<tr>\n<td>Gu\u00eda de inicio r\u00e1pido (incluye informaci\u00f3n de seguridad) \u00d7 1 juego<\/td>\n<\/tr>\n<tr>\n<td>Tarjeta de garant\u00eda \u00d7 1<\/td>\n<\/tr>\n<tr>\n<td>Cable usb c de carga \u00d7 1<\/td>\n<\/tr>\n<tr>\n<td>*el producto real puede variar.<\/td>\n<\/tr>\n<\/table>\n","protected":false},"excerpt":{"rendered":"<p>Huawei freeclip \u0096 auriculares inal\u00e1mbricos color: oro rosa. Disfruta de tu m\u00fasica y llamadas con control t\u00e1ctil y estilo. Control intuitivo: toca la esfera ac\u00fastica, el c-bridge o el m\u00f3dulo principal. Doble toque: reproducir\/pausar m\u00fasica o responder llamadas. Triple toque: siguiente pista. Audio de alta calidad: compatible con sbc, aac y l2hc (requiere emui 13 o superior). Sensores avanzados: vpu, imu, hall y cap para detecci\u00f3n precisa. Bater\u00eda y carga. Duraci\u00f3n: 8 horas en los auriculares; 36 horas con el estuche de carga. Carga r\u00e1pida: 40 min auriculares en estuche; 60 min estuche con cable; 150 min carga inal\u00e1mbrica. M\u00e9todos de carga: usb-c y carga inal\u00e1mbrica hasta 2 w. Dise\u00f1o y resistencia. Auriculares ligeros: 5.6 g cada uno; estuche: 45.5 g. Auriculares ip54: resistentes a salpicaduras, polvo y agua. Compactos: 26.7 \u00d7 22 \u00d7 25.3 mm.<\/p>\n","protected":false},"featured_media":0,"comment_status":"open","ping_status":"open","template":"","meta":[],"product_cat":[1552,1816],"product_tag":[1673],"acf":[],"yoast_head":"<!-- This site is optimized with the Yoast SEO plugin v21.7 - https:\/\/yoast.com\/wordpress\/plugins\/seo\/ -->\n<title>[ Huawei ] &#129351; 55037247n-ds Freeclip \/ Con Esfera Acustica \/ C-bridge\/ Bateria 8 Horas Aproximadamente \/ Color Negro \/peso 5.6g<\/title>\n<meta name=\"description\" content=\"Compra 55037247n-ds Freeclip \/ Con Esfera Acustica \/ C-bridge\/ Bateria 8 Horas Aproximadamente \/ Color Negro \/peso 5.6g + Env\u00edo a domicilio + Pago seguro + Garant\u00eda\" \/>\n<meta name=\"robots\" content=\"index, follow, max-snippet:-1, max-image-preview:large, max-video-preview:-1\" \/>\n<link rel=\"canonical\" href=\"https:\/\/compuviper.mx\/tienda\/producto\/huawei-55037247n-ds-freeclip-con-esfera-acustica-c-bridge-bateria-8-horas-aproximadamente-color-negro-peso-5-6g\/\" \/>\n<meta property=\"og:locale\" content=\"es_MX\" \/>\n<meta property=\"og:type\" content=\"article\" \/>\n<meta property=\"og:title\" content=\"[ Huawei ] &#129351; 55037247n-ds Freeclip \/ Con Esfera Acustica \/ C-bridge\/ Bateria 8 Horas Aproximadamente \/ Color Negro \/peso 5.6g\" \/>\n<meta property=\"og:description\" content=\"Compra 55037247n-ds Freeclip \/ Con Esfera Acustica \/ C-bridge\/ Bateria 8 Horas Aproximadamente \/ Color Negro \/peso 5.6g + Env\u00edo a domicilio + Pago seguro + Garant\u00eda\" \/>\n<meta property=\"og:url\" content=\"https:\/\/compuviper.mx\/tienda\/producto\/huawei-55037247n-ds-freeclip-con-esfera-acustica-c-bridge-bateria-8-horas-aproximadamente-color-negro-peso-5-6g\/\" \/>\n<meta property=\"og:site_name\" content=\"Compuviper\" \/>\n<meta property=\"article:publisher\" content=\"https:\/\/www.facebook.com\/compuviper\" \/>\n<meta name=\"twitter:card\" content=\"summary_large_image\" \/>\n<meta name=\"twitter:label1\" content=\"Precio\" \/>\n\t<meta name=\"twitter:data1\" content=\"&#36;2,051 con IVA\" \/>\n\t<meta name=\"twitter:label2\" content=\"Availability\" \/>\n\t<meta name=\"twitter:data2\" content=\"In stock\" \/>\n<script type=\"application\/ld+json\" class=\"yoast-schema-graph\">{\"@context\":\"https:\/\/schema.org\",\"@graph\":[{\"@type\":\"WebPage\",\"@id\":\"https:\/\/compuviper.mx\/tienda\/producto\/huawei-55037247n-ds-freeclip-con-esfera-acustica-c-bridge-bateria-8-horas-aproximadamente-color-negro-peso-5-6g\/\",\"url\":\"https:\/\/compuviper.mx\/tienda\/producto\/huawei-55037247n-ds-freeclip-con-esfera-acustica-c-bridge-bateria-8-horas-aproximadamente-color-negro-peso-5-6g\/\",\"name\":\"[ Huawei ] &#129351; 55037247n-ds Freeclip \/ Con Esfera Acustica \/ C-bridge\/ Bateria 8 Horas Aproximadamente \/ Color Negro \/peso 5.6g\",\"isPartOf\":{\"@id\":\"https:\/\/compuviper.mx\/tienda\/#website\"},\"datePublished\":\"2026-05-07T08:06:36+00:00\",\"dateModified\":\"2026-05-07T08:06:36+00:00\",\"description\":\"Compra 55037247n-ds Freeclip \/ Con Esfera Acustica \/ C-bridge\/ Bateria 8 Horas Aproximadamente \/ Color Negro \/peso 5.6g + Env\u00edo a domicilio + Pago seguro + Garant\u00eda\",\"breadcrumb\":{\"@id\":\"https:\/\/compuviper.mx\/tienda\/producto\/huawei-55037247n-ds-freeclip-con-esfera-acustica-c-bridge-bateria-8-horas-aproximadamente-color-negro-peso-5-6g\/#breadcrumb\"},\"inLanguage\":\"es-MX\",\"potentialAction\":[{\"@type\":\"ReadAction\",\"target\":[\"https:\/\/compuviper.mx\/tienda\/producto\/huawei-55037247n-ds-freeclip-con-esfera-acustica-c-bridge-bateria-8-horas-aproximadamente-color-negro-peso-5-6g\/\"]}]},{\"@type\":\"BreadcrumbList\",\"@id\":\"https:\/\/compuviper.mx\/tienda\/producto\/huawei-55037247n-ds-freeclip-con-esfera-acustica-c-bridge-bateria-8-horas-aproximadamente-color-negro-peso-5-6g\/#breadcrumb\",\"itemListElement\":[{\"@type\":\"ListItem\",\"position\":1,\"name\":\"Inicio\",\"item\":\"https:\/\/compuviper.mx\/tienda\/\"},{\"@type\":\"ListItem\",\"position\":2,\"name\":\"Productos\",\"item\":\"https:\/\/compuviper.mx\/tienda\/productos\/\"},{\"@type\":\"ListItem\",\"position\":3,\"name\":\"Audifonos Y Micro\",\"item\":\"https:\/\/compuviper.mx\/tienda\/categoria-producto\/audifonos-y-micro\/\"},{\"@type\":\"ListItem\",\"position\":4,\"name\":\"Audifono Con Microfono\",\"item\":\"https:\/\/compuviper.mx\/tienda\/categoria-producto\/audifonos-y-micro\/audifono-con-microfono\/\"},{\"@type\":\"ListItem\",\"position\":5,\"name\":\"Huawei 55037247n-ds Freeclip \/ Con Esfera Acustica \/ C-bridge\/ Bateria 8 Horas Aproximadamente \/ Color Negro \/peso 5.6g\"}]},{\"@type\":\"WebSite\",\"@id\":\"https:\/\/compuviper.mx\/tienda\/#website\",\"url\":\"https:\/\/compuviper.mx\/tienda\/\",\"name\":\"Compuviper\",\"description\":\"Proveedor de Computadoras, Laptops, Servidores, Monitores, Puntos de Venta, Teclados,   Impresoras, T\u00f3ner, C\u00e1maras de Seguridad y m\u00e1s en tu tienda en l\u00ednea\",\"publisher\":{\"@id\":\"https:\/\/compuviper.mx\/tienda\/#organization\"},\"potentialAction\":[{\"@type\":\"SearchAction\",\"target\":{\"@type\":\"EntryPoint\",\"urlTemplate\":\"https:\/\/compuviper.mx\/tienda\/?s={search_term_string}\"},\"query-input\":\"required name=search_term_string\"}],\"inLanguage\":\"es-MX\"},{\"@type\":\"Organization\",\"@id\":\"https:\/\/compuviper.mx\/tienda\/#organization\",\"name\":\"Compuviper\",\"url\":\"https:\/\/compuviper.mx\/tienda\/\",\"logo\":{\"@type\":\"ImageObject\",\"inLanguage\":\"es-MX\",\"@id\":\"https:\/\/compuviper.mx\/tienda\/#\/schema\/logo\/image\/\",\"url\":\"https:\/\/compuviper.mx\/tienda\/wp-content\/uploads\/2021\/08\/Logo-Compuviper-10.png\",\"contentUrl\":\"https:\/\/compuviper.mx\/tienda\/wp-content\/uploads\/2021\/08\/Logo-Compuviper-10.png\",\"width\":1000,\"height\":500,\"caption\":\"Compuviper\"},\"image\":{\"@id\":\"https:\/\/compuviper.mx\/tienda\/#\/schema\/logo\/image\/\"},\"sameAs\":[\"https:\/\/www.facebook.com\/compuviper\",\"https:\/\/www.youtube.com\/channel\/UCf73dERp9Y3cfOq7q8BhLjA?view_as=subscriber\"]}]}<\/script>\n<meta property=\"product:brand\" content=\"HUAWEI\" \/>\n<meta property=\"product:price:amount\" content=\"2051\" \/>\n<meta property=\"product:price:currency\" content=\"MXN\" \/>\n<meta property=\"og:availability\" content=\"instock\" \/>\n<meta property=\"product:availability\" content=\"instock\" \/>\n<meta property=\"product:retailer_item_id\" content=\"55037247N-DS\" \/>\n<meta property=\"product:condition\" content=\"new\" \/>\n<!-- \/ Yoast SEO plugin. -->","yoast_head_json":{"title":"[ Huawei ] &#129351; 55037247n-ds Freeclip \/ Con Esfera Acustica \/ C-bridge\/ Bateria 8 Horas Aproximadamente \/ Color Negro \/peso 5.6g","description":"Compra 55037247n-ds Freeclip \/ Con Esfera Acustica \/ C-bridge\/ Bateria 8 Horas Aproximadamente \/ Color Negro \/peso 5.6g + Env\u00edo a domicilio + Pago seguro + Garant\u00eda","robots":{"index":"index","follow":"follow","max-snippet":"max-snippet:-1","max-image-preview":"max-image-preview:large","max-video-preview":"max-video-preview:-1"},"canonical":"https:\/\/compuviper.mx\/tienda\/producto\/huawei-55037247n-ds-freeclip-con-esfera-acustica-c-bridge-bateria-8-horas-aproximadamente-color-negro-peso-5-6g\/","og_locale":"es_MX","og_type":"article","og_title":"[ Huawei ] &#129351; 55037247n-ds Freeclip \/ Con Esfera Acustica \/ C-bridge\/ Bateria 8 Horas Aproximadamente \/ Color Negro \/peso 5.6g","og_description":"Compra 55037247n-ds Freeclip \/ Con Esfera Acustica \/ C-bridge\/ Bateria 8 Horas Aproximadamente \/ Color Negro \/peso 5.6g + Env\u00edo a domicilio + Pago seguro + Garant\u00eda","og_url":"https:\/\/compuviper.mx\/tienda\/producto\/huawei-55037247n-ds-freeclip-con-esfera-acustica-c-bridge-bateria-8-horas-aproximadamente-color-negro-peso-5-6g\/","og_site_name":"Compuviper","article_publisher":"https:\/\/www.facebook.com\/compuviper","twitter_card":"summary_large_image","twitter_misc":{"Precio":"&#36;2,051 con IVA","Availability":"In stock"},"schema":{"@context":"https:\/\/schema.org","@graph":[{"@type":"WebPage","@id":"https:\/\/compuviper.mx\/tienda\/producto\/huawei-55037247n-ds-freeclip-con-esfera-acustica-c-bridge-bateria-8-horas-aproximadamente-color-negro-peso-5-6g\/","url":"https:\/\/compuviper.mx\/tienda\/producto\/huawei-55037247n-ds-freeclip-con-esfera-acustica-c-bridge-bateria-8-horas-aproximadamente-color-negro-peso-5-6g\/","name":"[ Huawei ] &#129351; 55037247n-ds Freeclip \/ Con Esfera Acustica \/ C-bridge\/ Bateria 8 Horas Aproximadamente \/ Color Negro \/peso 5.6g","isPartOf":{"@id":"https:\/\/compuviper.mx\/tienda\/#website"},"datePublished":"2026-05-07T08:06:36+00:00","dateModified":"2026-05-07T08:06:36+00:00","description":"Compra 55037247n-ds Freeclip \/ Con Esfera Acustica \/ C-bridge\/ Bateria 8 Horas Aproximadamente \/ Color Negro \/peso 5.6g + Env\u00edo a domicilio + Pago seguro + Garant\u00eda","breadcrumb":{"@id":"https:\/\/compuviper.mx\/tienda\/producto\/huawei-55037247n-ds-freeclip-con-esfera-acustica-c-bridge-bateria-8-horas-aproximadamente-color-negro-peso-5-6g\/#breadcrumb"},"inLanguage":"es-MX","potentialAction":[{"@type":"ReadAction","target":["https:\/\/compuviper.mx\/tienda\/producto\/huawei-55037247n-ds-freeclip-con-esfera-acustica-c-bridge-bateria-8-horas-aproximadamente-color-negro-peso-5-6g\/"]}]},{"@type":"BreadcrumbList","@id":"https:\/\/compuviper.mx\/tienda\/producto\/huawei-55037247n-ds-freeclip-con-esfera-acustica-c-bridge-bateria-8-horas-aproximadamente-color-negro-peso-5-6g\/#breadcrumb","itemListElement":[{"@type":"ListItem","position":1,"name":"Inicio","item":"https:\/\/compuviper.mx\/tienda\/"},{"@type":"ListItem","position":2,"name":"Productos","item":"https:\/\/compuviper.mx\/tienda\/productos\/"},{"@type":"ListItem","position":3,"name":"Audifonos Y Micro","item":"https:\/\/compuviper.mx\/tienda\/categoria-producto\/audifonos-y-micro\/"},{"@type":"ListItem","position":4,"name":"Audifono Con Microfono","item":"https:\/\/compuviper.mx\/tienda\/categoria-producto\/audifonos-y-micro\/audifono-con-microfono\/"},{"@type":"ListItem","position":5,"name":"Huawei 55037247n-ds Freeclip \/ Con Esfera Acustica \/ C-bridge\/ Bateria 8 Horas Aproximadamente \/ Color Negro \/peso 5.6g"}]},{"@type":"WebSite","@id":"https:\/\/compuviper.mx\/tienda\/#website","url":"https:\/\/compuviper.mx\/tienda\/","name":"Compuviper","description":"Proveedor de Computadoras, Laptops, Servidores, Monitores, Puntos de Venta, Teclados,   Impresoras, T\u00f3ner, C\u00e1maras de Seguridad y m\u00e1s en tu tienda en l\u00ednea","publisher":{"@id":"https:\/\/compuviper.mx\/tienda\/#organization"},"potentialAction":[{"@type":"SearchAction","target":{"@type":"EntryPoint","urlTemplate":"https:\/\/compuviper.mx\/tienda\/?s={search_term_string}"},"query-input":"required name=search_term_string"}],"inLanguage":"es-MX"},{"@type":"Organization","@id":"https:\/\/compuviper.mx\/tienda\/#organization","name":"Compuviper","url":"https:\/\/compuviper.mx\/tienda\/","logo":{"@type":"ImageObject","inLanguage":"es-MX","@id":"https:\/\/compuviper.mx\/tienda\/#\/schema\/logo\/image\/","url":"https:\/\/compuviper.mx\/tienda\/wp-content\/uploads\/2021\/08\/Logo-Compuviper-10.png","contentUrl":"https:\/\/compuviper.mx\/tienda\/wp-content\/uploads\/2021\/08\/Logo-Compuviper-10.png","width":1000,"height":500,"caption":"Compuviper"},"image":{"@id":"https:\/\/compuviper.mx\/tienda\/#\/schema\/logo\/image\/"},"sameAs":["https:\/\/www.facebook.com\/compuviper","https:\/\/www.youtube.com\/channel\/UCf73dERp9Y3cfOq7q8BhLjA?view_as=subscriber"]}]},"product_brand":"HUAWEI","product_price_amount":"2051","product_price_currency":"MXN","og_availability":"instock","product_availability":"instock","product_retailer_item_id":"55037247N-DS","product_condition":"new"},"_links":{"self":[{"href":"https:\/\/compuviper.mx\/tienda\/wp-json\/wp\/v2\/product\/262004"}],"collection":[{"href":"https:\/\/compuviper.mx\/tienda\/wp-json\/wp\/v2\/product"}],"about":[{"href":"https:\/\/compuviper.mx\/tienda\/wp-json\/wp\/v2\/types\/product"}],"replies":[{"embeddable":true,"href":"https:\/\/compuviper.mx\/tienda\/wp-json\/wp\/v2\/comments?post=262004"}],"wp:attachment":[{"href":"https:\/\/compuviper.mx\/tienda\/wp-json\/wp\/v2\/media?parent=262004"}],"wp:term":[{"taxonomy":"product_cat","embeddable":true,"href":"https:\/\/compuviper.mx\/tienda\/wp-json\/wp\/v2\/product_cat?post=262004"},{"taxonomy":"product_tag","embeddable":true,"href":"https:\/\/compuviper.mx\/tienda\/wp-json\/wp\/v2\/product_tag?post=262004"}],"curies":[{"name":"wp","href":"https:\/\/api.w.org\/{rel}","templated":true}]}}