{"id":261998,"date":"2026-04-28T01:56:45","date_gmt":"2026-04-28T07:56:45","guid":{"rendered":"https:\/\/compuviper.mx\/tienda\/producto\/fujitsu-cg01000-303601la-escaner-ricoh-fi-8270-70-ppm-140-ipm-600-dpi-24-bits-usb-ethernet-red-duplex-adf-cama-plana\/"},"modified":"2026-04-28T01:56:45","modified_gmt":"2026-04-28T07:56:45","slug":"ricoh-pa03810-b551-escaner-fi-8270-70-ppm-140-ipm-600-dpi-24-bits-usb-ethernet-red-duplex-adf-cama-plana","status":"publish","type":"product","link":"https:\/\/compuviper.mx\/tienda\/producto\/ricoh-pa03810-b551-escaner-fi-8270-70-ppm-140-ipm-600-dpi-24-bits-usb-ethernet-red-duplex-adf-cama-plana\/","title":{"rendered":"Ricoh Pa03810-b551 Escaner  Fi-8270, 70 Ppm\/ 140 Ipm, 600 Dpi. 24 Bits, Usb, Ethernet Red, Duplex, Adf, Cama Plana"},"content":{"rendered":"<table class=\"descripcion\">\n<tr>\n<td>Tipo de escaner: escaner duplex para grupo de trabajo alimentador automatico de documentos adf \/ alimentacion manual<\/td>\n<\/tr>\n<tr>\n<td>Capacidad del adf: 100 x a4 80 g \/ m2 100 x carta 20 libras<\/td>\n<\/tr>\n<tr>\n<td>Modos de color de escaneo: color, escala de grises, monocromo, automatico deteccion de color \/ escala de grises \/ monocromo<\/td>\n<\/tr>\n<tr>\n<td>Resolucion optica:600 ppp<\/td>\n<\/tr>\n<tr>\n<td>Tipo de sensor de imagen adf: sensor de imagen de contacto monocromo cis x 2<\/td>\n<\/tr>\n<tr>\n<td>Cama plana: dispositivo de carga acoplada en color ccd<\/td>\n<\/tr>\n<tr>\n<td>Fuente de luzadf: led rgb de 3 colores frontal y posterior<\/td>\n<\/tr>\n<tr>\n<td>Cama plana: led blanco<\/td>\n<\/tr>\n<tr>\n<td>Velocidad de escaneo a4 verticalsimplex: 70 ppm<\/td>\n<\/tr>\n<tr>\n<td>Duplex: 140 ipm<\/td>\n<\/tr>\n<tr>\n<td>Tamanos estandara4, a5, a6, b5, b6, tarjeta de visita, tarjeta postal, carta, legal y tamano personalizado.<\/td>\n<\/tr>\n<tr>\n<td>Interfaz local puerto usbusb 3.2 gen 1 \/ 3.0 \/ 2.0 \/ 1.1 conector tipo b<\/td>\n<\/tr>\n<tr>\n<td>Interfaz ethernet  especificacion de ethernet 10base-t \/ 100base-tx \/ 1000base-t<\/td>\n<\/tr>\n<tr>\n<td>Tipo de conector de puerto ethernetrj-45<\/td>\n<\/tr>\n<\/table>\n","protected":false},"excerpt":{"rendered":"<p>Tecnologia de alimentacion de ultima. Generacion: flujo de trabajo optimizado. En el \u0093modo de alimentacion manual\u0094, el. Fi-8270 escanea pasaportes o libretas de. Hasta 7 mm de grosor sin requerir un. Portador de hojas. La deteccion de. Alimentacion multiple precisa en una amplia. Gama de documentos, como tarjetas de. Plastico y documentos con archivos adjuntos. Permite el escaneo continuo con los mismos. Perfiles. Ademas, el control de separacion. Automatica optimiza la alimentacion de. Papel para que coincida con el numero de. Hojas cargadas, lo que evita interrupciones. El monitoreo de imagen\u0094 tambien realiza. Comprobaciones, en tiempo real, de. Imagenes torcidas y proporciona proteccion. De papel mejorada. Tipo de escaner: escaner duplex para grupo de trabajo alimentador automatico de documentos adf \/ alimentacion manual. Capacidad del adf: 100 x a4 80 g \/ m2 100 x carta 20 libras. Modos de color de escaneo: color, escala de grises, monocromo, automatico deteccion de color \/ escala de grises \/ monocromo. Resolucion optica:600 ppp. Tipo de sensor de imagen adf: sensor de imagen de contacto monocromo cis x 2. Cama plana: dispositivo de carga acoplada en color ccd. Fuente de luzadf: led rgb de 3 colores frontal y posterior. Cama plana: led blanco. Velocidad de escaneo a4 verticalsimplex: 70 ppm. Duplex: 140 ipm. Tamaos estandara4, a5, a6, b5, b6, tarjeta de visita, tarjeta postal, carta, legal y tamao personalizado. Interfaz local puerto usbusb 3.2 gen 1 \/ 3.0 \/ 2.0 \/ 1.1 conector tipo b. Interfaz ethernet  especificacion de ethernet 10base-t \/ 100base-tx \/ 1000base-t. Tipo de conector de puerto ethernetrj-45<\/p>\n","protected":false},"featured_media":262053,"comment_status":"open","ping_status":"open","template":"","meta":[],"product_cat":[1805,1807],"product_tag":[2306],"acf":[],"yoast_head":"<!-- This site is optimized with the Yoast SEO plugin v21.7 - https:\/\/yoast.com\/wordpress\/plugins\/seo\/ -->\n<title>[ Ricoh ] &#129351; Pa03810-b551 Escaner Fi-8270, 70 Ppm\/ 140 Ipm, 600 Dpi. 24 Bits, Usb, Ethernet Red, Duplex, Adf, Cama Plana<\/title>\n<meta name=\"description\" content=\"Compra Pa03810-b551 Escaner Fi-8270, 70 Ppm\/ 140 Ipm, 600 Dpi. 24 Bits, Usb, Ethernet Red, Duplex, Adf, Cama Plana + Env\u00edo a domicilio + Pago seguro + Garant\u00eda\" \/>\n<meta name=\"robots\" content=\"index, follow, max-snippet:-1, max-image-preview:large, max-video-preview:-1\" \/>\n<link rel=\"canonical\" href=\"https:\/\/compuviper.mx\/tienda\/producto\/ricoh-pa03810-b551-escaner-fi-8270-70-ppm-140-ipm-600-dpi-24-bits-usb-ethernet-red-duplex-adf-cama-plana\/\" \/>\n<meta property=\"og:locale\" content=\"es_MX\" \/>\n<meta property=\"og:type\" content=\"article\" \/>\n<meta property=\"og:title\" content=\"[ Ricoh ] &#129351; Pa03810-b551 Escaner Fi-8270, 70 Ppm\/ 140 Ipm, 600 Dpi. 24 Bits, Usb, Ethernet Red, Duplex, Adf, Cama Plana\" \/>\n<meta property=\"og:description\" content=\"Compra Pa03810-b551 Escaner Fi-8270, 70 Ppm\/ 140 Ipm, 600 Dpi. 24 Bits, Usb, Ethernet Red, Duplex, Adf, Cama Plana + Env\u00edo a domicilio + Pago seguro + Garant\u00eda\" \/>\n<meta property=\"og:url\" content=\"https:\/\/compuviper.mx\/tienda\/producto\/ricoh-pa03810-b551-escaner-fi-8270-70-ppm-140-ipm-600-dpi-24-bits-usb-ethernet-red-duplex-adf-cama-plana\/\" \/>\n<meta property=\"og:site_name\" content=\"Compuviper\" \/>\n<meta property=\"article:publisher\" content=\"https:\/\/www.facebook.com\/compuviper\" \/>\n<meta property=\"og:image\" content=\"https:\/\/compuviper.mx\/tienda\/wp-content\/uploads\/2025\/10\/Escaner-ricoh-fi-8270-70-ppm-140-ipm-600-dpi.-24-bits-usb-ethernet-red-duplex-adf-cama-plana.jpg\" \/>\n\t<meta property=\"og:image:width\" content=\"200\" \/>\n\t<meta property=\"og:image:height\" content=\"200\" \/>\n\t<meta property=\"og:image:type\" content=\"image\/jpeg\" \/>\n<meta name=\"twitter:card\" content=\"summary_large_image\" \/>\n<meta name=\"twitter:label1\" content=\"Precio\" \/>\n\t<meta name=\"twitter:data1\" content=\"&#36;27,538 con IVA\" \/>\n\t<meta name=\"twitter:label2\" content=\"Availability\" \/>\n\t<meta name=\"twitter:data2\" content=\"Out of stock\" \/>\n<script type=\"application\/ld+json\" class=\"yoast-schema-graph\">{\"@context\":\"https:\/\/schema.org\",\"@graph\":[{\"@type\":\"WebPage\",\"@id\":\"https:\/\/compuviper.mx\/tienda\/producto\/ricoh-pa03810-b551-escaner-fi-8270-70-ppm-140-ipm-600-dpi-24-bits-usb-ethernet-red-duplex-adf-cama-plana\/\",\"url\":\"https:\/\/compuviper.mx\/tienda\/producto\/ricoh-pa03810-b551-escaner-fi-8270-70-ppm-140-ipm-600-dpi-24-bits-usb-ethernet-red-duplex-adf-cama-plana\/\",\"name\":\"[ Ricoh ] &#129351; Pa03810-b551 Escaner Fi-8270, 70 Ppm\/ 140 Ipm, 600 Dpi. 24 Bits, Usb, Ethernet Red, Duplex, Adf, Cama Plana\",\"isPartOf\":{\"@id\":\"https:\/\/compuviper.mx\/tienda\/#website\"},\"datePublished\":\"2026-04-28T07:56:45+00:00\",\"dateModified\":\"2026-04-28T07:56:45+00:00\",\"description\":\"Compra Pa03810-b551 Escaner Fi-8270, 70 Ppm\/ 140 Ipm, 600 Dpi. 24 Bits, Usb, Ethernet Red, Duplex, Adf, Cama Plana + Env\u00edo a domicilio + Pago seguro + Garant\u00eda\",\"breadcrumb\":{\"@id\":\"https:\/\/compuviper.mx\/tienda\/producto\/ricoh-pa03810-b551-escaner-fi-8270-70-ppm-140-ipm-600-dpi-24-bits-usb-ethernet-red-duplex-adf-cama-plana\/#breadcrumb\"},\"inLanguage\":\"es-MX\",\"potentialAction\":[{\"@type\":\"ReadAction\",\"target\":[\"https:\/\/compuviper.mx\/tienda\/producto\/ricoh-pa03810-b551-escaner-fi-8270-70-ppm-140-ipm-600-dpi-24-bits-usb-ethernet-red-duplex-adf-cama-plana\/\"]}]},{\"@type\":\"BreadcrumbList\",\"@id\":\"https:\/\/compuviper.mx\/tienda\/producto\/ricoh-pa03810-b551-escaner-fi-8270-70-ppm-140-ipm-600-dpi-24-bits-usb-ethernet-red-duplex-adf-cama-plana\/#breadcrumb\",\"itemListElement\":[{\"@type\":\"ListItem\",\"position\":1,\"name\":\"Inicio\",\"item\":\"https:\/\/compuviper.mx\/tienda\/\"},{\"@type\":\"ListItem\",\"position\":2,\"name\":\"Productos\",\"item\":\"https:\/\/compuviper.mx\/tienda\/productos\/\"},{\"@type\":\"ListItem\",\"position\":3,\"name\":\"Scanner\",\"item\":\"https:\/\/compuviper.mx\/tienda\/categoria-producto\/scanner\/\"},{\"@type\":\"ListItem\",\"position\":4,\"name\":\"Scanner Documentos\",\"item\":\"https:\/\/compuviper.mx\/tienda\/categoria-producto\/scanner\/scanner-documentos\/\"},{\"@type\":\"ListItem\",\"position\":5,\"name\":\"Ricoh Pa03810-b551 Escaner Fi-8270, 70 Ppm\/ 140 Ipm, 600 Dpi. 24 Bits, Usb, Ethernet Red, Duplex, Adf, Cama Plana\"}]},{\"@type\":\"WebSite\",\"@id\":\"https:\/\/compuviper.mx\/tienda\/#website\",\"url\":\"https:\/\/compuviper.mx\/tienda\/\",\"name\":\"Compuviper\",\"description\":\"Proveedor de Computadoras, Laptops, Servidores, Monitores, Puntos de Venta, Teclados,   Impresoras, T\u00f3ner, C\u00e1maras de Seguridad y m\u00e1s en tu tienda en l\u00ednea\",\"publisher\":{\"@id\":\"https:\/\/compuviper.mx\/tienda\/#organization\"},\"potentialAction\":[{\"@type\":\"SearchAction\",\"target\":{\"@type\":\"EntryPoint\",\"urlTemplate\":\"https:\/\/compuviper.mx\/tienda\/?s={search_term_string}\"},\"query-input\":\"required name=search_term_string\"}],\"inLanguage\":\"es-MX\"},{\"@type\":\"Organization\",\"@id\":\"https:\/\/compuviper.mx\/tienda\/#organization\",\"name\":\"Compuviper\",\"url\":\"https:\/\/compuviper.mx\/tienda\/\",\"logo\":{\"@type\":\"ImageObject\",\"inLanguage\":\"es-MX\",\"@id\":\"https:\/\/compuviper.mx\/tienda\/#\/schema\/logo\/image\/\",\"url\":\"https:\/\/compuviper.mx\/tienda\/wp-content\/uploads\/2021\/08\/Logo-Compuviper-10.png\",\"contentUrl\":\"https:\/\/compuviper.mx\/tienda\/wp-content\/uploads\/2021\/08\/Logo-Compuviper-10.png\",\"width\":1000,\"height\":500,\"caption\":\"Compuviper\"},\"image\":{\"@id\":\"https:\/\/compuviper.mx\/tienda\/#\/schema\/logo\/image\/\"},\"sameAs\":[\"https:\/\/www.facebook.com\/compuviper\",\"https:\/\/www.youtube.com\/channel\/UCf73dERp9Y3cfOq7q8BhLjA?view_as=subscriber\"]}]}<\/script>\n<meta property=\"product:brand\" content=\"Ricoh\" \/>\n<meta property=\"product:price:amount\" content=\"27538\" \/>\n<meta property=\"product:price:currency\" content=\"MXN\" \/>\n<meta property=\"og:availability\" content=\"out of stock\" \/>\n<meta property=\"product:availability\" content=\"out of stock\" \/>\n<meta property=\"product:retailer_item_id\" content=\"PA03810-B551\" \/>\n<meta property=\"product:condition\" content=\"new\" \/>\n<!-- \/ Yoast SEO plugin. -->","yoast_head_json":{"title":"[ Ricoh ] &#129351; Pa03810-b551 Escaner Fi-8270, 70 Ppm\/ 140 Ipm, 600 Dpi. 24 Bits, Usb, Ethernet Red, Duplex, Adf, Cama Plana","description":"Compra Pa03810-b551 Escaner Fi-8270, 70 Ppm\/ 140 Ipm, 600 Dpi. 24 Bits, Usb, Ethernet Red, Duplex, Adf, Cama Plana + Env\u00edo a domicilio + Pago seguro + Garant\u00eda","robots":{"index":"index","follow":"follow","max-snippet":"max-snippet:-1","max-image-preview":"max-image-preview:large","max-video-preview":"max-video-preview:-1"},"canonical":"https:\/\/compuviper.mx\/tienda\/producto\/ricoh-pa03810-b551-escaner-fi-8270-70-ppm-140-ipm-600-dpi-24-bits-usb-ethernet-red-duplex-adf-cama-plana\/","og_locale":"es_MX","og_type":"article","og_title":"[ Ricoh ] &#129351; Pa03810-b551 Escaner Fi-8270, 70 Ppm\/ 140 Ipm, 600 Dpi. 24 Bits, Usb, Ethernet Red, Duplex, Adf, Cama Plana","og_description":"Compra Pa03810-b551 Escaner Fi-8270, 70 Ppm\/ 140 Ipm, 600 Dpi. 24 Bits, Usb, Ethernet Red, Duplex, Adf, Cama Plana + Env\u00edo a domicilio + Pago seguro + Garant\u00eda","og_url":"https:\/\/compuviper.mx\/tienda\/producto\/ricoh-pa03810-b551-escaner-fi-8270-70-ppm-140-ipm-600-dpi-24-bits-usb-ethernet-red-duplex-adf-cama-plana\/","og_site_name":"Compuviper","article_publisher":"https:\/\/www.facebook.com\/compuviper","og_image":[{"width":200,"height":200,"url":"https:\/\/compuviper.mx\/tienda\/wp-content\/uploads\/2025\/10\/Escaner-ricoh-fi-8270-70-ppm-140-ipm-600-dpi.-24-bits-usb-ethernet-red-duplex-adf-cama-plana.jpg","type":"image\/jpeg"}],"twitter_card":"summary_large_image","twitter_misc":{"Precio":"&#36;27,538 con IVA","Availability":"Out of stock"},"schema":{"@context":"https:\/\/schema.org","@graph":[{"@type":"WebPage","@id":"https:\/\/compuviper.mx\/tienda\/producto\/ricoh-pa03810-b551-escaner-fi-8270-70-ppm-140-ipm-600-dpi-24-bits-usb-ethernet-red-duplex-adf-cama-plana\/","url":"https:\/\/compuviper.mx\/tienda\/producto\/ricoh-pa03810-b551-escaner-fi-8270-70-ppm-140-ipm-600-dpi-24-bits-usb-ethernet-red-duplex-adf-cama-plana\/","name":"[ Ricoh ] &#129351; Pa03810-b551 Escaner Fi-8270, 70 Ppm\/ 140 Ipm, 600 Dpi. 24 Bits, Usb, Ethernet Red, Duplex, Adf, Cama Plana","isPartOf":{"@id":"https:\/\/compuviper.mx\/tienda\/#website"},"datePublished":"2026-04-28T07:56:45+00:00","dateModified":"2026-04-28T07:56:45+00:00","description":"Compra Pa03810-b551 Escaner Fi-8270, 70 Ppm\/ 140 Ipm, 600 Dpi. 24 Bits, Usb, Ethernet Red, Duplex, Adf, Cama Plana + Env\u00edo a domicilio + Pago seguro + Garant\u00eda","breadcrumb":{"@id":"https:\/\/compuviper.mx\/tienda\/producto\/ricoh-pa03810-b551-escaner-fi-8270-70-ppm-140-ipm-600-dpi-24-bits-usb-ethernet-red-duplex-adf-cama-plana\/#breadcrumb"},"inLanguage":"es-MX","potentialAction":[{"@type":"ReadAction","target":["https:\/\/compuviper.mx\/tienda\/producto\/ricoh-pa03810-b551-escaner-fi-8270-70-ppm-140-ipm-600-dpi-24-bits-usb-ethernet-red-duplex-adf-cama-plana\/"]}]},{"@type":"BreadcrumbList","@id":"https:\/\/compuviper.mx\/tienda\/producto\/ricoh-pa03810-b551-escaner-fi-8270-70-ppm-140-ipm-600-dpi-24-bits-usb-ethernet-red-duplex-adf-cama-plana\/#breadcrumb","itemListElement":[{"@type":"ListItem","position":1,"name":"Inicio","item":"https:\/\/compuviper.mx\/tienda\/"},{"@type":"ListItem","position":2,"name":"Productos","item":"https:\/\/compuviper.mx\/tienda\/productos\/"},{"@type":"ListItem","position":3,"name":"Scanner","item":"https:\/\/compuviper.mx\/tienda\/categoria-producto\/scanner\/"},{"@type":"ListItem","position":4,"name":"Scanner Documentos","item":"https:\/\/compuviper.mx\/tienda\/categoria-producto\/scanner\/scanner-documentos\/"},{"@type":"ListItem","position":5,"name":"Ricoh Pa03810-b551 Escaner Fi-8270, 70 Ppm\/ 140 Ipm, 600 Dpi. 24 Bits, Usb, Ethernet Red, Duplex, Adf, Cama Plana"}]},{"@type":"WebSite","@id":"https:\/\/compuviper.mx\/tienda\/#website","url":"https:\/\/compuviper.mx\/tienda\/","name":"Compuviper","description":"Proveedor de Computadoras, Laptops, Servidores, Monitores, Puntos de Venta, Teclados,   Impresoras, T\u00f3ner, C\u00e1maras de Seguridad y m\u00e1s en tu tienda en l\u00ednea","publisher":{"@id":"https:\/\/compuviper.mx\/tienda\/#organization"},"potentialAction":[{"@type":"SearchAction","target":{"@type":"EntryPoint","urlTemplate":"https:\/\/compuviper.mx\/tienda\/?s={search_term_string}"},"query-input":"required name=search_term_string"}],"inLanguage":"es-MX"},{"@type":"Organization","@id":"https:\/\/compuviper.mx\/tienda\/#organization","name":"Compuviper","url":"https:\/\/compuviper.mx\/tienda\/","logo":{"@type":"ImageObject","inLanguage":"es-MX","@id":"https:\/\/compuviper.mx\/tienda\/#\/schema\/logo\/image\/","url":"https:\/\/compuviper.mx\/tienda\/wp-content\/uploads\/2021\/08\/Logo-Compuviper-10.png","contentUrl":"https:\/\/compuviper.mx\/tienda\/wp-content\/uploads\/2021\/08\/Logo-Compuviper-10.png","width":1000,"height":500,"caption":"Compuviper"},"image":{"@id":"https:\/\/compuviper.mx\/tienda\/#\/schema\/logo\/image\/"},"sameAs":["https:\/\/www.facebook.com\/compuviper","https:\/\/www.youtube.com\/channel\/UCf73dERp9Y3cfOq7q8BhLjA?view_as=subscriber"]}]},"product_brand":"Ricoh","product_price_amount":"27538","product_price_currency":"MXN","og_availability":"out of stock","product_availability":"out of stock","product_retailer_item_id":"PA03810-B551","product_condition":"new"},"_links":{"self":[{"href":"https:\/\/compuviper.mx\/tienda\/wp-json\/wp\/v2\/product\/261998"}],"collection":[{"href":"https:\/\/compuviper.mx\/tienda\/wp-json\/wp\/v2\/product"}],"about":[{"href":"https:\/\/compuviper.mx\/tienda\/wp-json\/wp\/v2\/types\/product"}],"replies":[{"embeddable":true,"href":"https:\/\/compuviper.mx\/tienda\/wp-json\/wp\/v2\/comments?post=261998"}],"wp:featuredmedia":[{"embeddable":true,"href":"https:\/\/compuviper.mx\/tienda\/wp-json\/wp\/v2\/media\/262053"}],"wp:attachment":[{"href":"https:\/\/compuviper.mx\/tienda\/wp-json\/wp\/v2\/media?parent=261998"}],"wp:term":[{"taxonomy":"product_cat","embeddable":true,"href":"https:\/\/compuviper.mx\/tienda\/wp-json\/wp\/v2\/product_cat?post=261998"},{"taxonomy":"product_tag","embeddable":true,"href":"https:\/\/compuviper.mx\/tienda\/wp-json\/wp\/v2\/product_tag?post=261998"}],"curies":[{"name":"wp","href":"https:\/\/api.w.org\/{rel}","templated":true}]}}