{"id":261973,"date":"2026-04-21T01:26:16","date_gmt":"2026-04-21T07:26:16","guid":{"rendered":"https:\/\/compuviper.mx\/tienda\/producto\/huawei-53014kctn-ds-matepad-se-11-5-procesador-kirin-t82b-ram-8gb-disco-duro-128gb-pantalla-11-5in-sistema-operativo-harmonyos-4-3-camara-frontal-8mp\/"},"modified":"2026-04-21T01:26:16","modified_gmt":"2026-04-21T07:26:16","slug":"huawei-53014kctn-ds-matepad-se-11-5-procesador-kirin-t82b-ram-8gb-disco-duro-128gb-pantalla-11-5in-sistema-operativo-harmonyos-4-3-camara-frontal-8mp","status":"publish","type":"product","link":"https:\/\/compuviper.mx\/tienda\/producto\/huawei-53014kctn-ds-matepad-se-11-5-procesador-kirin-t82b-ram-8gb-disco-duro-128gb-pantalla-11-5in-sistema-operativo-harmonyos-4-3-camara-frontal-8mp\/","title":{"rendered":"Huawei 53014kctn-ds  Matepad Se 11.5, Procesador Kirin T82b, Ram 8gb, Disco Duro 128gb, Pantalla 11.5in, Sistema Operativo Harmonyos 4.3, Camara Frontal 8mp."},"content":{"rendered":"<table class=\"descripcion\">\n<tr>\n<td>Morado, gris<\/td>\n<\/tr>\n<tr>\n<td>Tamao<\/td>\n<\/tr>\n<tr>\n<td>Alto<\/td>\n<\/tr>\n<tr>\n<td>177.53 mm<\/td>\n<\/tr>\n<tr>\n<td>Ancho<\/td>\n<\/tr>\n<tr>\n<td>262.63 mm<\/td>\n<\/tr>\n<tr>\n<td>Profundidad<\/td>\n<\/tr>\n<tr>\n<td>6.1 mm<\/td>\n<\/tr>\n<tr>\n<td>Peso<\/td>\n<\/tr>\n<tr>\n<td>Aprox. 515 g incluida la batera<\/td>\n<\/tr>\n<tr>\n<td>Los datos provienen de los laboratorios de huawei. el peso y el grosor reales del producto pueden variar en funcin de la configuracin, el proceso de fabricacin y el mtodo de medicin.<\/td>\n<\/tr>\n<tr>\n<td>Pantalla<\/td>\n<\/tr>\n<tr>\n<td>Tamao<\/td>\n<\/tr>\n<tr>\n<td>11.5 pulgadas<\/td>\n<\/tr>\n<tr>\n<td>Relacin pantalla-cuerpo<\/td>\n<\/tr>\n<tr>\n<td>86<\/td>\n<\/tr>\n<tr>\n<td>Resolucin<\/td>\n<\/tr>\n<tr>\n<td>2,456  1,600, 256 ppp<\/td>\n<\/tr>\n<tr>\n<td>Colores<\/td>\n<\/tr>\n<tr>\n<td>Saturacin de 16.7 millones de colores, 100 srgb valor tpico<\/td>\n<\/tr>\n<tr>\n<td>Tipo<\/td>\n<\/tr>\n<tr>\n<td>Tft lcd ips, hasta 120 hz de frecuencia de actualizacin<\/td>\n<\/tr>\n<tr>\n<td>60\/90\/120 hz frecuencia de actualizacin inteligente<\/td>\n<\/tr>\n<tr>\n<td>Pantalla tctil<\/td>\n<\/tr>\n<tr>\n<td>Multitctil, admite un mximo de 10 puntos de contacto durante el contacto<\/td>\n<\/tr>\n<tr>\n<td>La pantalla est diseada con esquinas redondeadas. si se mide segn el rectngulo estndar, la diagonal de la pantalla es de 11.5 pulgadas el rea visible real es ligeramente menor.<\/td>\n<\/tr>\n<tr>\n<td>Datos de los laboratorios de huawei. la relacin pantalla-cuerpo se calcula comparando el rea activa de la pantalla con el rea del panel frontal del dispositivo. las medidas reales pueden variar.<\/td>\n<\/tr>\n<tr>\n<td>La resolucin se calcula a partir de un rectngulo estndar. el nmero real de pxeles efectivos en la pantalla con esquinas redondeadas es ligeramente inferior.<\/td>\n<\/tr>\n<tr>\n<td>Procesador<\/td>\n<\/tr>\n<tr>\n<td>Kirin t82b, octa-core<\/td>\n<\/tr>\n<tr>\n<td>Puede variar segn la normativa de los distintos pases.<\/td>\n<\/tr>\n<tr>\n<td>Sistema operativo<\/td>\n<\/tr>\n<tr>\n<td>Harmonyos 4.3<\/td>\n<\/tr>\n<tr>\n<td>Memoria<\/td>\n<\/tr>\n<tr>\n<td>Ram<\/td>\n<\/tr>\n<tr>\n<td>8 gb<\/td>\n<\/tr>\n<tr>\n<td>Rom<\/td>\n<\/tr>\n<tr>\n<td>128 gb \/ 256 gb<\/td>\n<\/tr>\n<tr>\n<td>El almacenamiento interno disponible puede ser menor ya que parte del almacenamiento interno est ocupado por software.<\/td>\n<\/tr>\n<tr>\n<td>Cmara principal<\/td>\n<\/tr>\n<tr>\n<td>13 mp apertura f\/1.8, af<\/td>\n<\/tr>\n<tr>\n<td>Resolucin de la imagen de la cmara trasera<\/td>\n<\/tr>\n<tr>\n<td>4,160  3,120 pixeles<\/td>\n<\/tr>\n<tr>\n<td>Grabacin de la cmara trasera<\/td>\n<\/tr>\n<tr>\n<td>1,920  1,080 pixeles<\/td>\n<\/tr>\n<tr>\n<td>Modos de captura con la cmara trasera<\/td>\n<\/tr>\n<tr>\n<td>Belleza\/panorama\/control por sonido\/temporizador\/cmara rpida\/marca de agua\/documentos\/lente ai<\/td>\n<\/tr>\n<tr>\n<td>Puede haber diferencias en los pixeles de los distintos modos de fotografa, por favor toma la situacin real como estndar.<\/td>\n<\/tr>\n<tr>\n<td>Los pixeles de video de los diferentes modos de disparo pueden ser diferentes, por favor toma la situacin real como el estndar.<\/td>\n<\/tr>\n<tr>\n<td>La grabacin de vdeo 4k no es compatible.<\/td>\n<\/tr>\n<tr>\n<td>Cmara frontal<\/td>\n<\/tr>\n<tr>\n<td>8 mp apertura f\/2,0, distancia focal fija<\/td>\n<\/tr>\n<tr>\n<td>Resolucin de la cmara frontal<\/td>\n<\/tr>\n<tr>\n<td>3,264  2,448 pxeles<\/td>\n<\/tr>\n<tr>\n<td>Grabacin de video de la cmara frontal<\/td>\n<\/tr>\n<tr>\n<td>1,920  1,080 pxeles<\/td>\n<\/tr>\n<tr>\n<td>Modo de captura de la cmara frontal<\/td>\n<\/tr>\n<tr>\n<td>Belleza\/reflejo\/control con audio\/temporizador\/lapso de tiempo\/marca de agua<\/td>\n<\/tr>\n<tr>\n<td>Puede haber diferencias en los pixeles de los distintos modos de fotografa, por favor toma la situacin real como estndar.<\/td>\n<\/tr>\n<tr>\n<td>Los pixeles de vdeo de los diferentes modos de disparo pueden ser diferentes, por favor toma la situacin real como el estndar.<\/td>\n<\/tr>\n<tr>\n<td>La grabacin de vdeo 4k no es compatible.<\/td>\n<\/tr>\n<tr>\n<td>Batera<\/td>\n<\/tr>\n<tr>\n<td>10,100 mah valor tpico<\/td>\n<\/tr>\n<tr>\n<td>Valor tpico. la capacidad nominal de la batera es de 10,000 mah. la capacidad real puede variar ligeramente. la batera est incorporada y no se puede extraer.<\/td>\n<\/tr>\n<tr>\n<td>Carga<\/td>\n<\/tr>\n<tr>\n<td>Cargador estndar<\/td>\n<\/tr>\n<tr>\n<td>Cargador 10v\/4a<\/td>\n<\/tr>\n<tr>\n<td>Puede variar segn la normativa de los distintos pases.<\/td>\n<\/tr>\n<tr>\n<td>Carga rpida<\/td>\n<\/tr>\n<tr>\n<td>La tableta admite carga rpida de 10v\/4a mx. y es compatible con carga rpida de 10v\/2,25a, 9v\/2a.<\/td>\n<\/tr>\n<tr>\n<td>Se requiere cable y cargador de carga rpida huawei.<\/td>\n<\/tr>\n<tr>\n<td>Conectividad<\/td>\n<\/tr>\n<tr>\n<td>Wi-fi<\/td>\n<\/tr>\n<tr>\n<td>802.11a\/b\/g\/n\/ac\/ax, 2  2 mimo<\/td>\n<\/tr>\n<tr>\n<td>Frecuencia wlan<\/td>\n<\/tr>\n<tr>\n<td>2.4 ghz y 5 ghz<\/td>\n<\/tr>\n<tr>\n<td>Bluetooth<\/td>\n<\/tr>\n<tr>\n<td>Bluetooth 5.2, ble, sbc, aac, ldac hd audio son compatibles.<\/td>\n<\/tr>\n<tr>\n<td>Transferencia de archivos bluetooth<\/td>\n<\/tr>\n<tr>\n<td>Compatible<\/td>\n<\/tr>\n<tr>\n<td>Sincronizacin de datos con pc<\/td>\n<\/tr>\n<tr>\n<td>Compatible<\/td>\n<\/tr>\n<tr>\n<td>Otg<\/td>\n<\/tr>\n<tr>\n<td>Compatible corriente de salida mxima 1a\/5v durante alimentacin inversa<\/td>\n<\/tr>\n<tr>\n<td>Usb<\/td>\n<\/tr>\n<tr>\n<td>Type-c, usb 2.0<\/td>\n<\/tr>\n<tr>\n<td>Localizacin<\/td>\n<\/tr>\n<tr>\n<td>No compatible<\/td>\n<\/tr>\n<tr>\n<td>Sensor<\/td>\n<\/tr>\n<tr>\n<td>Sensor de luz ambiental, sensor de gravedad, sensor hall<\/td>\n<\/tr>\n<tr>\n<td>Micrfonos<\/td>\n<\/tr>\n<tr>\n<td>2 micrfonos<\/td>\n<\/tr>\n<tr>\n<td>Altavoces<\/td>\n<\/tr>\n<tr>\n<td>4 altavoces<\/td>\n<\/tr>\n<tr>\n<td>Audio<\/td>\n<\/tr>\n<tr>\n<td>Huawei histen 9.0<\/td>\n<\/tr>\n<tr>\n<td>Formato de archivo de audio<\/td>\n<\/tr>\n<tr>\n<td>.mp3, .mp4, .3gp, .ogg, .amr, .aac, .flac, .wav, .midi<\/td>\n<\/tr>\n<tr>\n<td>Video<\/td>\n<\/tr>\n<tr>\n<td>Formato de archivo de video<\/td>\n<\/tr>\n<tr>\n<td>.mp4, .3gp<\/td>\n<\/tr>\n<tr>\n<td>En la caja<\/td>\n<\/tr>\n<tr>\n<td>Tableta batera integrada  1<\/td>\n<\/tr>\n<tr>\n<td>Cargador depende del mercado  1<\/td>\n<\/tr>\n<tr>\n<td>Cable type-c  1<\/td>\n<\/tr>\n<tr>\n<td>Gua de inicio rpido  1<\/td>\n<\/tr>\n<tr>\n<td>Tarjeta de garanta depende del mercado  1<\/td>\n<\/tr>\n<tr>\n<td>Pao de limpieza slo para papermatte edition  1<\/td>\n<\/tr>\n<tr>\n<td>Opcional<\/td>\n<\/tr>\n<tr>\n<td>Huawei smart keyboard  1<\/td>\n<\/tr>\n<tr>\n<td>La tarjeta de garanta electrnica est disponible en algunas regiones. pngase en contacto con el canal de ventas para obtener una lista ms detallada.<\/td>\n<\/tr>\n<\/table>\n","protected":false},"excerpt":{"rendered":"<p>La huawei matepad se 11 es una tableta de gama de entrada que destaca por un diseo elegante y una pantalla cmoda para la vista, lo que la convierte en una opcin atractiva para estudiantes y para el entretenimiento diario. A pesar de ser un modelo asequible, ofrece una experiencia de uso slida y fluida gracias a sus especificaciones optimizadas. Diseo y pantalla. Diseo premium y ligero: cuenta con un cuerpo unibody de metal fabricado con una aleacin de aluminio de alta calidad, dndole una apariencia y sensacin premium. Con un peso de 475 g y un grosor de 6.9 mm, es fcil de transportar. Pantalla fhd de 11 pulgadas: su pantalla fullview ofrece una resolucin de 1920 x 1200 pxeles con una relacin pantalla-cuerpo del 85, brindando una experiencia visual inmersiva. Cuidado ocular certificado: la pantalla cuenta con las certificaciones tv rheinland de baja emisin de luz azul y sin parpadeo, protegiendo la vista durante un uso prolongado. Su brillo se ajusta automticamente segn la luz ambiental<\/p>\n","protected":false},"featured_media":0,"comment_status":"open","ping_status":"open","template":"","meta":[],"product_cat":[2141,1758],"product_tag":[1673],"acf":[],"yoast_head":"<!-- This site is optimized with the Yoast SEO plugin v21.7 - https:\/\/yoast.com\/wordpress\/plugins\/seo\/ -->\n<title>[ Huawei ] &#129351; 53014kctn-ds Matepad Se 11.5, Procesador Kirin T82b, Ram 8gb, Disco Duro 128gb, Pantalla 11.5in, Sistema Operativo Harmonyos 4.3, Camara Frontal 8mp.<\/title>\n<meta name=\"description\" content=\"Compra 53014kctn-ds Matepad Se 11.5, Procesador Kirin T82b, Ram 8gb, Disco Duro 128gb, Pantalla 11.5in, Sistema Operativo Harmonyos 4.3, Camara Frontal 8mp. + Env\u00edo a domicilio + Pago seguro + Garant\u00eda\" \/>\n<meta name=\"robots\" content=\"index, follow, max-snippet:-1, max-image-preview:large, max-video-preview:-1\" \/>\n<link rel=\"canonical\" href=\"https:\/\/compuviper.mx\/tienda\/producto\/huawei-53014kctn-ds-matepad-se-11-5-procesador-kirin-t82b-ram-8gb-disco-duro-128gb-pantalla-11-5in-sistema-operativo-harmonyos-4-3-camara-frontal-8mp\/\" \/>\n<meta property=\"og:locale\" content=\"es_MX\" \/>\n<meta property=\"og:type\" content=\"article\" \/>\n<meta property=\"og:title\" content=\"[ Huawei ] &#129351; 53014kctn-ds Matepad Se 11.5, Procesador Kirin T82b, Ram 8gb, Disco Duro 128gb, Pantalla 11.5in, Sistema Operativo Harmonyos 4.3, Camara Frontal 8mp.\" \/>\n<meta property=\"og:description\" content=\"Compra 53014kctn-ds Matepad Se 11.5, Procesador Kirin T82b, Ram 8gb, Disco Duro 128gb, Pantalla 11.5in, Sistema Operativo Harmonyos 4.3, Camara Frontal 8mp. + Env\u00edo a domicilio + Pago seguro + Garant\u00eda\" \/>\n<meta property=\"og:url\" content=\"https:\/\/compuviper.mx\/tienda\/producto\/huawei-53014kctn-ds-matepad-se-11-5-procesador-kirin-t82b-ram-8gb-disco-duro-128gb-pantalla-11-5in-sistema-operativo-harmonyos-4-3-camara-frontal-8mp\/\" \/>\n<meta property=\"og:site_name\" content=\"Compuviper\" \/>\n<meta property=\"article:publisher\" content=\"https:\/\/www.facebook.com\/compuviper\" \/>\n<meta name=\"twitter:card\" content=\"summary_large_image\" \/>\n<meta name=\"twitter:label1\" content=\"Precio\" \/>\n\t<meta name=\"twitter:data1\" content=\"&#36;4,309 con IVA\" \/>\n\t<meta name=\"twitter:label2\" content=\"Availability\" \/>\n\t<meta name=\"twitter:data2\" content=\"In stock\" \/>\n<script type=\"application\/ld+json\" class=\"yoast-schema-graph\">{\"@context\":\"https:\/\/schema.org\",\"@graph\":[{\"@type\":\"WebPage\",\"@id\":\"https:\/\/compuviper.mx\/tienda\/producto\/huawei-53014kctn-ds-matepad-se-11-5-procesador-kirin-t82b-ram-8gb-disco-duro-128gb-pantalla-11-5in-sistema-operativo-harmonyos-4-3-camara-frontal-8mp\/\",\"url\":\"https:\/\/compuviper.mx\/tienda\/producto\/huawei-53014kctn-ds-matepad-se-11-5-procesador-kirin-t82b-ram-8gb-disco-duro-128gb-pantalla-11-5in-sistema-operativo-harmonyos-4-3-camara-frontal-8mp\/\",\"name\":\"[ Huawei ] &#129351; 53014kctn-ds Matepad Se 11.5, Procesador Kirin T82b, Ram 8gb, Disco Duro 128gb, Pantalla 11.5in, Sistema Operativo Harmonyos 4.3, Camara Frontal 8mp.\",\"isPartOf\":{\"@id\":\"https:\/\/compuviper.mx\/tienda\/#website\"},\"datePublished\":\"2026-04-21T07:26:16+00:00\",\"dateModified\":\"2026-04-21T07:26:16+00:00\",\"description\":\"Compra 53014kctn-ds Matepad Se 11.5, Procesador Kirin T82b, Ram 8gb, Disco Duro 128gb, Pantalla 11.5in, Sistema Operativo Harmonyos 4.3, Camara Frontal 8mp. + Env\u00edo a domicilio + Pago seguro + Garant\u00eda\",\"breadcrumb\":{\"@id\":\"https:\/\/compuviper.mx\/tienda\/producto\/huawei-53014kctn-ds-matepad-se-11-5-procesador-kirin-t82b-ram-8gb-disco-duro-128gb-pantalla-11-5in-sistema-operativo-harmonyos-4-3-camara-frontal-8mp\/#breadcrumb\"},\"inLanguage\":\"es-MX\",\"potentialAction\":[{\"@type\":\"ReadAction\",\"target\":[\"https:\/\/compuviper.mx\/tienda\/producto\/huawei-53014kctn-ds-matepad-se-11-5-procesador-kirin-t82b-ram-8gb-disco-duro-128gb-pantalla-11-5in-sistema-operativo-harmonyos-4-3-camara-frontal-8mp\/\"]}]},{\"@type\":\"BreadcrumbList\",\"@id\":\"https:\/\/compuviper.mx\/tienda\/producto\/huawei-53014kctn-ds-matepad-se-11-5-procesador-kirin-t82b-ram-8gb-disco-duro-128gb-pantalla-11-5in-sistema-operativo-harmonyos-4-3-camara-frontal-8mp\/#breadcrumb\",\"itemListElement\":[{\"@type\":\"ListItem\",\"position\":1,\"name\":\"Inicio\",\"item\":\"https:\/\/compuviper.mx\/tienda\/\"},{\"@type\":\"ListItem\",\"position\":2,\"name\":\"Productos\",\"item\":\"https:\/\/compuviper.mx\/tienda\/productos\/\"},{\"@type\":\"ListItem\",\"position\":3,\"name\":\"Tabletas\",\"item\":\"https:\/\/compuviper.mx\/tienda\/categoria-producto\/tabletas\/\"},{\"@type\":\"ListItem\",\"position\":4,\"name\":\"Octa Core Kirin\",\"item\":\"https:\/\/compuviper.mx\/tienda\/categoria-producto\/tabletas\/octa-core-kirin\/\"},{\"@type\":\"ListItem\",\"position\":5,\"name\":\"Huawei 53014kctn-ds Matepad Se 11.5, Procesador Kirin T82b, Ram 8gb, Disco Duro 128gb, Pantalla 11.5in, Sistema Operativo Harmonyos 4.3, Camara Frontal 8mp.\"}]},{\"@type\":\"WebSite\",\"@id\":\"https:\/\/compuviper.mx\/tienda\/#website\",\"url\":\"https:\/\/compuviper.mx\/tienda\/\",\"name\":\"Compuviper\",\"description\":\"Proveedor de Computadoras, Laptops, Servidores, Monitores, Puntos de Venta, Teclados,   Impresoras, T\u00f3ner, C\u00e1maras de Seguridad y m\u00e1s en tu tienda en l\u00ednea\",\"publisher\":{\"@id\":\"https:\/\/compuviper.mx\/tienda\/#organization\"},\"potentialAction\":[{\"@type\":\"SearchAction\",\"target\":{\"@type\":\"EntryPoint\",\"urlTemplate\":\"https:\/\/compuviper.mx\/tienda\/?s={search_term_string}\"},\"query-input\":\"required name=search_term_string\"}],\"inLanguage\":\"es-MX\"},{\"@type\":\"Organization\",\"@id\":\"https:\/\/compuviper.mx\/tienda\/#organization\",\"name\":\"Compuviper\",\"url\":\"https:\/\/compuviper.mx\/tienda\/\",\"logo\":{\"@type\":\"ImageObject\",\"inLanguage\":\"es-MX\",\"@id\":\"https:\/\/compuviper.mx\/tienda\/#\/schema\/logo\/image\/\",\"url\":\"https:\/\/compuviper.mx\/tienda\/wp-content\/uploads\/2021\/08\/Logo-Compuviper-10.png\",\"contentUrl\":\"https:\/\/compuviper.mx\/tienda\/wp-content\/uploads\/2021\/08\/Logo-Compuviper-10.png\",\"width\":1000,\"height\":500,\"caption\":\"Compuviper\"},\"image\":{\"@id\":\"https:\/\/compuviper.mx\/tienda\/#\/schema\/logo\/image\/\"},\"sameAs\":[\"https:\/\/www.facebook.com\/compuviper\",\"https:\/\/www.youtube.com\/channel\/UCf73dERp9Y3cfOq7q8BhLjA?view_as=subscriber\"]}]}<\/script>\n<meta property=\"product:brand\" content=\"HUAWEI\" \/>\n<meta property=\"product:price:amount\" content=\"4309\" \/>\n<meta property=\"product:price:currency\" content=\"MXN\" \/>\n<meta property=\"og:availability\" content=\"instock\" \/>\n<meta property=\"product:availability\" content=\"instock\" \/>\n<meta property=\"product:retailer_item_id\" content=\"53014KCTN-DS\" \/>\n<meta property=\"product:condition\" content=\"new\" \/>\n<!-- \/ Yoast SEO plugin. -->","yoast_head_json":{"title":"[ Huawei ] &#129351; 53014kctn-ds Matepad Se 11.5, Procesador Kirin T82b, Ram 8gb, Disco Duro 128gb, Pantalla 11.5in, Sistema Operativo Harmonyos 4.3, Camara Frontal 8mp.","description":"Compra 53014kctn-ds Matepad Se 11.5, Procesador Kirin T82b, Ram 8gb, Disco Duro 128gb, Pantalla 11.5in, Sistema Operativo Harmonyos 4.3, Camara Frontal 8mp. + Env\u00edo a domicilio + Pago seguro + Garant\u00eda","robots":{"index":"index","follow":"follow","max-snippet":"max-snippet:-1","max-image-preview":"max-image-preview:large","max-video-preview":"max-video-preview:-1"},"canonical":"https:\/\/compuviper.mx\/tienda\/producto\/huawei-53014kctn-ds-matepad-se-11-5-procesador-kirin-t82b-ram-8gb-disco-duro-128gb-pantalla-11-5in-sistema-operativo-harmonyos-4-3-camara-frontal-8mp\/","og_locale":"es_MX","og_type":"article","og_title":"[ Huawei ] &#129351; 53014kctn-ds Matepad Se 11.5, Procesador Kirin T82b, Ram 8gb, Disco Duro 128gb, Pantalla 11.5in, Sistema Operativo Harmonyos 4.3, Camara Frontal 8mp.","og_description":"Compra 53014kctn-ds Matepad Se 11.5, Procesador Kirin T82b, Ram 8gb, Disco Duro 128gb, Pantalla 11.5in, Sistema Operativo Harmonyos 4.3, Camara Frontal 8mp. + Env\u00edo a domicilio + Pago seguro + Garant\u00eda","og_url":"https:\/\/compuviper.mx\/tienda\/producto\/huawei-53014kctn-ds-matepad-se-11-5-procesador-kirin-t82b-ram-8gb-disco-duro-128gb-pantalla-11-5in-sistema-operativo-harmonyos-4-3-camara-frontal-8mp\/","og_site_name":"Compuviper","article_publisher":"https:\/\/www.facebook.com\/compuviper","twitter_card":"summary_large_image","twitter_misc":{"Precio":"&#36;4,309 con IVA","Availability":"In stock"},"schema":{"@context":"https:\/\/schema.org","@graph":[{"@type":"WebPage","@id":"https:\/\/compuviper.mx\/tienda\/producto\/huawei-53014kctn-ds-matepad-se-11-5-procesador-kirin-t82b-ram-8gb-disco-duro-128gb-pantalla-11-5in-sistema-operativo-harmonyos-4-3-camara-frontal-8mp\/","url":"https:\/\/compuviper.mx\/tienda\/producto\/huawei-53014kctn-ds-matepad-se-11-5-procesador-kirin-t82b-ram-8gb-disco-duro-128gb-pantalla-11-5in-sistema-operativo-harmonyos-4-3-camara-frontal-8mp\/","name":"[ Huawei ] &#129351; 53014kctn-ds Matepad Se 11.5, Procesador Kirin T82b, Ram 8gb, Disco Duro 128gb, Pantalla 11.5in, Sistema Operativo Harmonyos 4.3, Camara Frontal 8mp.","isPartOf":{"@id":"https:\/\/compuviper.mx\/tienda\/#website"},"datePublished":"2026-04-21T07:26:16+00:00","dateModified":"2026-04-21T07:26:16+00:00","description":"Compra 53014kctn-ds Matepad Se 11.5, Procesador Kirin T82b, Ram 8gb, Disco Duro 128gb, Pantalla 11.5in, Sistema Operativo Harmonyos 4.3, Camara Frontal 8mp. + Env\u00edo a domicilio + Pago seguro + Garant\u00eda","breadcrumb":{"@id":"https:\/\/compuviper.mx\/tienda\/producto\/huawei-53014kctn-ds-matepad-se-11-5-procesador-kirin-t82b-ram-8gb-disco-duro-128gb-pantalla-11-5in-sistema-operativo-harmonyos-4-3-camara-frontal-8mp\/#breadcrumb"},"inLanguage":"es-MX","potentialAction":[{"@type":"ReadAction","target":["https:\/\/compuviper.mx\/tienda\/producto\/huawei-53014kctn-ds-matepad-se-11-5-procesador-kirin-t82b-ram-8gb-disco-duro-128gb-pantalla-11-5in-sistema-operativo-harmonyos-4-3-camara-frontal-8mp\/"]}]},{"@type":"BreadcrumbList","@id":"https:\/\/compuviper.mx\/tienda\/producto\/huawei-53014kctn-ds-matepad-se-11-5-procesador-kirin-t82b-ram-8gb-disco-duro-128gb-pantalla-11-5in-sistema-operativo-harmonyos-4-3-camara-frontal-8mp\/#breadcrumb","itemListElement":[{"@type":"ListItem","position":1,"name":"Inicio","item":"https:\/\/compuviper.mx\/tienda\/"},{"@type":"ListItem","position":2,"name":"Productos","item":"https:\/\/compuviper.mx\/tienda\/productos\/"},{"@type":"ListItem","position":3,"name":"Tabletas","item":"https:\/\/compuviper.mx\/tienda\/categoria-producto\/tabletas\/"},{"@type":"ListItem","position":4,"name":"Octa Core Kirin","item":"https:\/\/compuviper.mx\/tienda\/categoria-producto\/tabletas\/octa-core-kirin\/"},{"@type":"ListItem","position":5,"name":"Huawei 53014kctn-ds Matepad Se 11.5, Procesador Kirin T82b, Ram 8gb, Disco Duro 128gb, Pantalla 11.5in, Sistema Operativo Harmonyos 4.3, Camara Frontal 8mp."}]},{"@type":"WebSite","@id":"https:\/\/compuviper.mx\/tienda\/#website","url":"https:\/\/compuviper.mx\/tienda\/","name":"Compuviper","description":"Proveedor de Computadoras, Laptops, Servidores, Monitores, Puntos de Venta, Teclados,   Impresoras, T\u00f3ner, C\u00e1maras de Seguridad y m\u00e1s en tu tienda en l\u00ednea","publisher":{"@id":"https:\/\/compuviper.mx\/tienda\/#organization"},"potentialAction":[{"@type":"SearchAction","target":{"@type":"EntryPoint","urlTemplate":"https:\/\/compuviper.mx\/tienda\/?s={search_term_string}"},"query-input":"required name=search_term_string"}],"inLanguage":"es-MX"},{"@type":"Organization","@id":"https:\/\/compuviper.mx\/tienda\/#organization","name":"Compuviper","url":"https:\/\/compuviper.mx\/tienda\/","logo":{"@type":"ImageObject","inLanguage":"es-MX","@id":"https:\/\/compuviper.mx\/tienda\/#\/schema\/logo\/image\/","url":"https:\/\/compuviper.mx\/tienda\/wp-content\/uploads\/2021\/08\/Logo-Compuviper-10.png","contentUrl":"https:\/\/compuviper.mx\/tienda\/wp-content\/uploads\/2021\/08\/Logo-Compuviper-10.png","width":1000,"height":500,"caption":"Compuviper"},"image":{"@id":"https:\/\/compuviper.mx\/tienda\/#\/schema\/logo\/image\/"},"sameAs":["https:\/\/www.facebook.com\/compuviper","https:\/\/www.youtube.com\/channel\/UCf73dERp9Y3cfOq7q8BhLjA?view_as=subscriber"]}]},"product_brand":"HUAWEI","product_price_amount":"4309","product_price_currency":"MXN","og_availability":"instock","product_availability":"instock","product_retailer_item_id":"53014KCTN-DS","product_condition":"new"},"_links":{"self":[{"href":"https:\/\/compuviper.mx\/tienda\/wp-json\/wp\/v2\/product\/261973"}],"collection":[{"href":"https:\/\/compuviper.mx\/tienda\/wp-json\/wp\/v2\/product"}],"about":[{"href":"https:\/\/compuviper.mx\/tienda\/wp-json\/wp\/v2\/types\/product"}],"replies":[{"embeddable":true,"href":"https:\/\/compuviper.mx\/tienda\/wp-json\/wp\/v2\/comments?post=261973"}],"wp:attachment":[{"href":"https:\/\/compuviper.mx\/tienda\/wp-json\/wp\/v2\/media?parent=261973"}],"wp:term":[{"taxonomy":"product_cat","embeddable":true,"href":"https:\/\/compuviper.mx\/tienda\/wp-json\/wp\/v2\/product_cat?post=261973"},{"taxonomy":"product_tag","embeddable":true,"href":"https:\/\/compuviper.mx\/tienda\/wp-json\/wp\/v2\/product_tag?post=261973"}],"curies":[{"name":"wp","href":"https:\/\/api.w.org\/{rel}","templated":true}]}}