{"id":261971,"date":"2026-04-02T01:18:10","date_gmt":"2026-04-02T07:18:10","guid":{"rendered":"https:\/\/compuviper.mx\/tienda\/producto\/huawei-53014gyun-ds-matepad-se-11-procesador-kirin-710a-ram-8gb-disco-duro-128gb-pantalla-11in-sistema-operativo-harmonyos-2-0-cmara-frontal-5mp-pluma-de-regalo\/"},"modified":"2026-04-02T01:18:11","modified_gmt":"2026-04-02T07:18:11","slug":"huawei-53014gyun-ds-matepad-se-11-procesador-kirin-710a-ram-8gb-disco-duro-128gb-pantalla-11in-sistema-operativo-harmonyos-2-0-cmara-frontal-5mp-pluma-de-regalo","status":"publish","type":"product","link":"https:\/\/compuviper.mx\/tienda\/producto\/huawei-53014gyun-ds-matepad-se-11-procesador-kirin-710a-ram-8gb-disco-duro-128gb-pantalla-11in-sistema-operativo-harmonyos-2-0-cmara-frontal-5mp-pluma-de-regalo\/","title":{"rendered":"Huawei 53014gyun-ds  Matepad Se 11, Procesador Kirin 710a, Ram 8gb, Disco Duro 128gb, Pantalla 11in, Sistema Operativo Harmonyos 2.0, C?mara Frontal 5mp, \/ Pluma De Regalo"},"content":{"rendered":"<table class=\"descripcion\">\n<tr>\n<td>Tamao<\/td>\n<\/tr>\n<tr>\n<td>Altura<\/td>\n<\/tr>\n<tr>\n<td>252.3 mm<\/td>\n<\/tr>\n<tr>\n<td>Ancho<\/td>\n<\/tr>\n<tr>\n<td>163.8 mm<\/td>\n<\/tr>\n<tr>\n<td>Grosor<\/td>\n<\/tr>\n<tr>\n<td>6.9 mm<\/td>\n<\/tr>\n<tr>\n<td>Peso<\/td>\n<\/tr>\n<tr>\n<td>Aproximadamente 475 g incluida la batera<\/td>\n<\/tr>\n<tr>\n<td>El tamao del producto, el peso del producto y las especificaciones relacionadas son slo valores tericos. las medidas reales entre productos individuales pueden variar. todas las especificaciones estn sujetas al producto real.<\/td>\n<\/tr>\n<tr>\n<td>Pantalla<\/td>\n<\/tr>\n<tr>\n<td>Tamao<\/td>\n<\/tr>\n<tr>\n<td>11 pulgadas<\/td>\n<\/tr>\n<tr>\n<td>Relacin pantalla-cuerpo<\/td>\n<\/tr>\n<tr>\n<td>85<\/td>\n<\/tr>\n<tr>\n<td>Resolucin<\/td>\n<\/tr>\n<tr>\n<td>1,920  1,200, 207 ppi<\/td>\n<\/tr>\n<tr>\n<td>Color<\/td>\n<\/tr>\n<tr>\n<td>16.7 millones de colores, 100 srgb valor tpico<\/td>\n<\/tr>\n<tr>\n<td>Tipo<\/td>\n<\/tr>\n<tr>\n<td>Lcd tft ips<\/td>\n<\/tr>\n<tr>\n<td>La pantalla est diseada con esquinas redondeadas. si se mide segn un rectngulo estndar, la diagonal de la pantalla es de 11 pulgadas el rea visible real es ligeramente menor.<\/td>\n<\/tr>\n<tr>\n<td>Datos de los laboratorios de huawei. la relacin pantalla-cuerpo se calcula comparando el rea activa de la pantalla con el rea del panel frontal del dispositivo. las medidas reales pueden variar.<\/td>\n<\/tr>\n<tr>\n<td>La resolucin se calcula a partir de un rectngulo estndar. el nmero real de pixeles efectivos en la pantalla con esquinas redondeadas es ligeramente inferior.<\/td>\n<\/tr>\n<tr>\n<td>Procesador<\/td>\n<\/tr>\n<tr>\n<td>Plataforma mvil kirin 710a de huawei<\/td>\n<\/tr>\n<tr>\n<td>Cpu:<\/td>\n<\/tr>\n<tr>\n<td>Octa-core, 4  cortex-a73@2.0 ghz  4  cortex-a53@1.7 ghz<\/td>\n<\/tr>\n<tr>\n<td>Gpu:<\/td>\n<\/tr>\n<tr>\n<td>Mali g51 mp4@1.0 ghz<\/td>\n<\/tr>\n<tr>\n<td>Sistema operativo<\/td>\n<\/tr>\n<tr>\n<td>Harmonyos 2.0<\/td>\n<\/tr>\n<tr>\n<td>Memoria<\/td>\n<\/tr>\n<tr>\n<td>Rom:<\/td>\n<\/tr>\n<tr>\n<td>128 gb<\/td>\n<\/tr>\n<tr>\n<td>Ram:<\/td>\n<\/tr>\n<tr>\n<td>8 gb<\/td>\n<\/tr>\n<tr>\n<td>El almacenamiento interno disponible puede ser menor ya que parte del almacenamiento interno est ocupado por software.<\/td>\n<\/tr>\n<tr>\n<td>Cmara principal<\/td>\n<\/tr>\n<tr>\n<td>Cmara trasera:<\/td>\n<\/tr>\n<tr>\n<td>8 mp apertura f\/2.0, af<\/td>\n<\/tr>\n<tr>\n<td>Resolucin de la imagen de la cmara trasera:<\/td>\n<\/tr>\n<tr>\n<td>3,264  2,448 pixeles<\/td>\n<\/tr>\n<tr>\n<td>Grabacin de video de la cmara trasera:<\/td>\n<\/tr>\n<tr>\n<td>1,920  1,080 pixeles<\/td>\n<\/tr>\n<tr>\n<td>Modos de captura de la cmara trasera:<\/td>\n<\/tr>\n<tr>\n<td>Belleza\/panorama\/control de audio\/temporizador\/lapso de tiempo\/marca de agua\/documentos\/hivision<\/td>\n<\/tr>\n<tr>\n<td>Puede haber diferencias en los pixeles de los distintos modos de fotografa, por favor referirse a la situacin real.<\/td>\n<\/tr>\n<tr>\n<td>Los pixeles de video de los diferentes modos de disparo pueden ser diferentes, por favor referirse a la situacin real.<\/td>\n<\/tr>\n<tr>\n<td>Cmara frontal<\/td>\n<\/tr>\n<tr>\n<td>Cmara frontal:<\/td>\n<\/tr>\n<tr>\n<td>5 mp apertura f\/2.2, distancia focal fija<\/td>\n<\/tr>\n<tr>\n<td>Resolucin de la imagen de la cmara frontal:<\/td>\n<\/tr>\n<tr>\n<td>2,592  1,944 pixeles<\/td>\n<\/tr>\n<tr>\n<td>Grabacin de video de la cmara frontal:<\/td>\n<\/tr>\n<tr>\n<td>1,280  720 pixeles<\/td>\n<\/tr>\n<tr>\n<td>Modos de captura de la cmara frontal:<\/td>\n<\/tr>\n<tr>\n<td>Reflejo de espejo\/control de audio\/temporizador\/cmara rpida\/marca de agua<\/td>\n<\/tr>\n<tr>\n<td>Puede haber diferencias en los pixeles de los distintos modos de fotografa, por favor referirse a la situacin real.<\/td>\n<\/tr>\n<tr>\n<td>Los pixeles de video de los diferentes modos de disparo pueden ser diferentes, por favor referirse a la situacin real.<\/td>\n<\/tr>\n<tr>\n<td>Batera<\/td>\n<\/tr>\n<tr>\n<td>7,700 mah valor tpico<\/td>\n<\/tr>\n<tr>\n<td>Valor tpico. la capacidad nominal de la batera es de 7,600 mah. la capacidad real puede variar ligeramente. la batera est incorporada y no se puede extraer.<\/td>\n<\/tr>\n<tr>\n<td>Carga<\/td>\n<\/tr>\n<tr>\n<td>Cargador estndar:<\/td>\n<\/tr>\n<tr>\n<td>El cargador estndar soporta un mximo 10v\/2.25a<\/td>\n<\/tr>\n<tr>\n<td>Carga rpida:<\/td>\n<\/tr>\n<tr>\n<td>La tablet es compatible con carga rpida de 10v\/2,25a y es compatible con carga de 9v\/2a o 5v\/2a.<\/td>\n<\/tr>\n<tr>\n<td>Conectividad<\/td>\n<\/tr>\n<tr>\n<td>Wlan:<\/td>\n<\/tr>\n<tr>\n<td>Ieee 802.11a\/b\/g\/n\/ac<\/td>\n<\/tr>\n<tr>\n<td>Frecuncia wlan:<\/td>\n<\/tr>\n<tr>\n<td>2.4 ghz y 5 ghz<\/td>\n<\/tr>\n<tr>\n<td>Bluetooth:<\/td>\n<\/tr>\n<tr>\n<td>Es compatible con bluetooth 5.1, ble, sbc, aac.<\/td>\n<\/tr>\n<tr>\n<td>Transmisin de archivos a travs de bluetooth:<\/td>\n<\/tr>\n<tr>\n<td>Compatible<\/td>\n<\/tr>\n<tr>\n<td>Sincronizacin de datos con pc:<\/td>\n<\/tr>\n<tr>\n<td>Compatible<\/td>\n<\/tr>\n<tr>\n<td>Otg:<\/td>\n<\/tr>\n<tr>\n<td>Compatible corriente de salida mxima 1a\/5v durante la alimentacin inversa<\/td>\n<\/tr>\n<tr>\n<td>Usb:<\/td>\n<\/tr>\n<tr>\n<td>Type-c, usb 2.0<\/td>\n<\/tr>\n<tr>\n<td>Localizacin<\/td>\n<\/tr>\n<tr>\n<td>Compatible con posicionamiento de red wi-fi<\/td>\n<\/tr>\n<tr>\n<td>Sensor<\/td>\n<\/tr>\n<tr>\n<td>Sensor de gravedad, sensor de luz ambiental<\/td>\n<\/tr>\n<tr>\n<td>Micrfonos<\/td>\n<\/tr>\n<tr>\n<td>1 micrfono<\/td>\n<\/tr>\n<tr>\n<td>Altavoces<\/td>\n<\/tr>\n<tr>\n<td>4 altavoces<\/td>\n<\/tr>\n<tr>\n<td>Audio<\/td>\n<\/tr>\n<tr>\n<td>Huawei histen 9.0<\/td>\n<\/tr>\n<tr>\n<td>Fortamos de audio: .mp3, .mp4, .3gp, .ogg, .aac, .flac, .midi<\/td>\n<\/tr>\n<tr>\n<td>Video<\/td>\n<\/tr>\n<tr>\n<td>Formatos de video: .mp4, .3gp<\/td>\n<\/tr>\n<tr>\n<td>En la caja<\/td>\n<\/tr>\n<tr>\n<td>Tableta batera integrada  1<\/td>\n<\/tr>\n<tr>\n<td>Cargador  1<\/td>\n<\/tr>\n<tr>\n<td>Huawei m-pen lite  1<\/td>\n<\/tr>\n<tr>\n<td>Cable type-c  1<\/td>\n<\/tr>\n<tr>\n<td>Gua de inicio rpido  1<\/td>\n<\/tr>\n<tr>\n<td>Tarjeta de garanta  1<\/td>\n<\/tr>\n<tr>\n<td>Slo compatible con el set huawei matepad se 11\u0094 lpiz ptico.<\/td>\n<\/tr>\n<tr>\n<td>Nota: la tarjeta de garanta electrnica est disponible en algunas regiones. pngase en contacto con el canal de ventas para obtener una lista ms detallada.<\/td>\n<\/tr>\n<\/table>\n","protected":false},"excerpt":{"rendered":"<p>La huawei matepad se 11 es una tableta de gama de entrada que destaca por un diseo elegante y una pantalla cmoda para la vista, lo que la convierte en una opcin atractiva para estudiantes y para el entretenimiento diario. A pesar de ser un modelo asequible, ofrece una experiencia de uso slida y fluida gracias a sus especificaciones optimizadas. Diseo y pantalla. Diseo premium y ligero: cuenta con un cuerpo unibody de metal fabricado con una aleacin de aluminio de alta calidad, dndole una apariencia y sensacin premium. Con un peso de 475 g y un grosor de 6.9 mm, es fcil de transportar. Pantalla fhd de 11 pulgadas: su pantalla fullview ofrece una resolucin de 1920 x 1200 pxeles con una relacin pantalla-cuerpo del 85, brindando una experiencia visual inmersiva. Cuidado ocular certificado: la pantalla cuenta con las certificaciones tv rheinland de baja emisin de luz azul y sin parpadeo, protegiendo la vista durante un uso prolongado. Su brillo se ajusta automticamente segn la luz ambiental<\/p>\n","protected":false},"featured_media":0,"comment_status":"open","ping_status":"open","template":"","meta":[],"product_cat":[2141,1758],"product_tag":[1673],"acf":[],"yoast_head":"<!-- This site is optimized with the Yoast SEO plugin v21.7 - https:\/\/yoast.com\/wordpress\/plugins\/seo\/ -->\n<title>[ Huawei ] &#129351; 53014gyun-ds Matepad Se 11, Procesador Kirin 710a, Ram 8gb, Disco Duro 128gb, Pantalla 11in, Sistema Operativo Harmonyos 2.0, C\u00e1mara Frontal 5mp, \/ Pluma De Regalo<\/title>\n<meta name=\"description\" content=\"Compra 53014gyun-ds Matepad Se 11, Procesador Kirin 710a, Ram 8gb, Disco Duro 128gb, Pantalla 11in, Sistema Operativo Harmonyos 2.0, C\u00e1mara Frontal 5mp, \/ Pluma De Regalo + Env\u00edo a domicilio + Pago seguro + Garant\u00eda\" \/>\n<meta name=\"robots\" content=\"index, follow, max-snippet:-1, max-image-preview:large, max-video-preview:-1\" \/>\n<link rel=\"canonical\" href=\"https:\/\/compuviper.mx\/tienda\/producto\/huawei-53014gyun-ds-matepad-se-11-procesador-kirin-710a-ram-8gb-disco-duro-128gb-pantalla-11in-sistema-operativo-harmonyos-2-0-cmara-frontal-5mp-pluma-de-regalo\/\" \/>\n<meta property=\"og:locale\" content=\"es_MX\" \/>\n<meta property=\"og:type\" content=\"article\" \/>\n<meta property=\"og:title\" content=\"[ Huawei ] &#129351; 53014gyun-ds Matepad Se 11, Procesador Kirin 710a, Ram 8gb, Disco Duro 128gb, Pantalla 11in, Sistema Operativo Harmonyos 2.0, C\u00e1mara Frontal 5mp, \/ Pluma De Regalo\" \/>\n<meta property=\"og:description\" content=\"Compra 53014gyun-ds Matepad Se 11, Procesador Kirin 710a, Ram 8gb, Disco Duro 128gb, Pantalla 11in, Sistema Operativo Harmonyos 2.0, C\u00e1mara Frontal 5mp, \/ Pluma De Regalo + Env\u00edo a domicilio + Pago seguro + Garant\u00eda\" \/>\n<meta property=\"og:url\" content=\"https:\/\/compuviper.mx\/tienda\/producto\/huawei-53014gyun-ds-matepad-se-11-procesador-kirin-710a-ram-8gb-disco-duro-128gb-pantalla-11in-sistema-operativo-harmonyos-2-0-cmara-frontal-5mp-pluma-de-regalo\/\" \/>\n<meta property=\"og:site_name\" content=\"Compuviper\" \/>\n<meta property=\"article:publisher\" content=\"https:\/\/www.facebook.com\/compuviper\" \/>\n<meta property=\"article:modified_time\" content=\"2026-04-02T07:18:11+00:00\" \/>\n<meta name=\"twitter:card\" content=\"summary_large_image\" \/>\n<meta name=\"twitter:label1\" content=\"Precio\" \/>\n\t<meta name=\"twitter:data1\" content=\"&#36;3,659 con IVA\" \/>\n\t<meta name=\"twitter:label2\" content=\"Availability\" \/>\n\t<meta name=\"twitter:data2\" content=\"Out of stock\" \/>\n<script type=\"application\/ld+json\" class=\"yoast-schema-graph\">{\"@context\":\"https:\/\/schema.org\",\"@graph\":[{\"@type\":\"WebPage\",\"@id\":\"https:\/\/compuviper.mx\/tienda\/producto\/huawei-53014gyun-ds-matepad-se-11-procesador-kirin-710a-ram-8gb-disco-duro-128gb-pantalla-11in-sistema-operativo-harmonyos-2-0-cmara-frontal-5mp-pluma-de-regalo\/\",\"url\":\"https:\/\/compuviper.mx\/tienda\/producto\/huawei-53014gyun-ds-matepad-se-11-procesador-kirin-710a-ram-8gb-disco-duro-128gb-pantalla-11in-sistema-operativo-harmonyos-2-0-cmara-frontal-5mp-pluma-de-regalo\/\",\"name\":\"[ Huawei ] &#129351; 53014gyun-ds Matepad Se 11, Procesador Kirin 710a, Ram 8gb, Disco Duro 128gb, Pantalla 11in, Sistema Operativo Harmonyos 2.0, C\u00e1mara Frontal 5mp, \/ Pluma De Regalo\",\"isPartOf\":{\"@id\":\"https:\/\/compuviper.mx\/tienda\/#website\"},\"datePublished\":\"2026-04-02T07:18:10+00:00\",\"dateModified\":\"2026-04-02T07:18:11+00:00\",\"description\":\"Compra 53014gyun-ds Matepad Se 11, Procesador Kirin 710a, Ram 8gb, Disco Duro 128gb, Pantalla 11in, Sistema Operativo Harmonyos 2.0, C\u00e1mara Frontal 5mp, \/ Pluma De Regalo + Env\u00edo a domicilio + Pago seguro + Garant\u00eda\",\"breadcrumb\":{\"@id\":\"https:\/\/compuviper.mx\/tienda\/producto\/huawei-53014gyun-ds-matepad-se-11-procesador-kirin-710a-ram-8gb-disco-duro-128gb-pantalla-11in-sistema-operativo-harmonyos-2-0-cmara-frontal-5mp-pluma-de-regalo\/#breadcrumb\"},\"inLanguage\":\"es-MX\",\"potentialAction\":[{\"@type\":\"ReadAction\",\"target\":[\"https:\/\/compuviper.mx\/tienda\/producto\/huawei-53014gyun-ds-matepad-se-11-procesador-kirin-710a-ram-8gb-disco-duro-128gb-pantalla-11in-sistema-operativo-harmonyos-2-0-cmara-frontal-5mp-pluma-de-regalo\/\"]}]},{\"@type\":\"BreadcrumbList\",\"@id\":\"https:\/\/compuviper.mx\/tienda\/producto\/huawei-53014gyun-ds-matepad-se-11-procesador-kirin-710a-ram-8gb-disco-duro-128gb-pantalla-11in-sistema-operativo-harmonyos-2-0-cmara-frontal-5mp-pluma-de-regalo\/#breadcrumb\",\"itemListElement\":[{\"@type\":\"ListItem\",\"position\":1,\"name\":\"Inicio\",\"item\":\"https:\/\/compuviper.mx\/tienda\/\"},{\"@type\":\"ListItem\",\"position\":2,\"name\":\"Productos\",\"item\":\"https:\/\/compuviper.mx\/tienda\/productos\/\"},{\"@type\":\"ListItem\",\"position\":3,\"name\":\"Tabletas\",\"item\":\"https:\/\/compuviper.mx\/tienda\/categoria-producto\/tabletas\/\"},{\"@type\":\"ListItem\",\"position\":4,\"name\":\"Octa Core Kirin\",\"item\":\"https:\/\/compuviper.mx\/tienda\/categoria-producto\/tabletas\/octa-core-kirin\/\"},{\"@type\":\"ListItem\",\"position\":5,\"name\":\"Huawei 53014gyun-ds Matepad Se 11, Procesador Kirin 710a, Ram 8gb, Disco Duro 128gb, Pantalla 11in, Sistema Operativo Harmonyos 2.0, C?mara Frontal 5mp, \/ Pluma De Regalo\"}]},{\"@type\":\"WebSite\",\"@id\":\"https:\/\/compuviper.mx\/tienda\/#website\",\"url\":\"https:\/\/compuviper.mx\/tienda\/\",\"name\":\"Compuviper\",\"description\":\"Proveedor de Computadoras, Laptops, Servidores, Monitores, Puntos de Venta, Teclados,   Impresoras, T\u00f3ner, C\u00e1maras de Seguridad y m\u00e1s en tu tienda en l\u00ednea\",\"publisher\":{\"@id\":\"https:\/\/compuviper.mx\/tienda\/#organization\"},\"potentialAction\":[{\"@type\":\"SearchAction\",\"target\":{\"@type\":\"EntryPoint\",\"urlTemplate\":\"https:\/\/compuviper.mx\/tienda\/?s={search_term_string}\"},\"query-input\":\"required name=search_term_string\"}],\"inLanguage\":\"es-MX\"},{\"@type\":\"Organization\",\"@id\":\"https:\/\/compuviper.mx\/tienda\/#organization\",\"name\":\"Compuviper\",\"url\":\"https:\/\/compuviper.mx\/tienda\/\",\"logo\":{\"@type\":\"ImageObject\",\"inLanguage\":\"es-MX\",\"@id\":\"https:\/\/compuviper.mx\/tienda\/#\/schema\/logo\/image\/\",\"url\":\"https:\/\/compuviper.mx\/tienda\/wp-content\/uploads\/2021\/08\/Logo-Compuviper-10.png\",\"contentUrl\":\"https:\/\/compuviper.mx\/tienda\/wp-content\/uploads\/2021\/08\/Logo-Compuviper-10.png\",\"width\":1000,\"height\":500,\"caption\":\"Compuviper\"},\"image\":{\"@id\":\"https:\/\/compuviper.mx\/tienda\/#\/schema\/logo\/image\/\"},\"sameAs\":[\"https:\/\/www.facebook.com\/compuviper\",\"https:\/\/www.youtube.com\/channel\/UCf73dERp9Y3cfOq7q8BhLjA?view_as=subscriber\"]}]}<\/script>\n<meta property=\"product:brand\" content=\"HUAWEI\" \/>\n<meta property=\"product:price:amount\" content=\"3659\" \/>\n<meta property=\"product:price:currency\" content=\"MXN\" \/>\n<meta property=\"og:availability\" content=\"out of stock\" \/>\n<meta property=\"product:availability\" content=\"out of stock\" \/>\n<meta property=\"product:retailer_item_id\" content=\"53014GYUN-DS\" \/>\n<meta property=\"product:condition\" content=\"new\" \/>\n<!-- \/ Yoast SEO plugin. -->","yoast_head_json":{"title":"[ Huawei ] &#129351; 53014gyun-ds Matepad Se 11, Procesador Kirin 710a, Ram 8gb, Disco Duro 128gb, Pantalla 11in, Sistema Operativo Harmonyos 2.0, C\u00e1mara Frontal 5mp, \/ Pluma De Regalo","description":"Compra 53014gyun-ds Matepad Se 11, Procesador Kirin 710a, Ram 8gb, Disco Duro 128gb, Pantalla 11in, Sistema Operativo Harmonyos 2.0, C\u00e1mara Frontal 5mp, \/ Pluma De Regalo + Env\u00edo a domicilio + Pago seguro + Garant\u00eda","robots":{"index":"index","follow":"follow","max-snippet":"max-snippet:-1","max-image-preview":"max-image-preview:large","max-video-preview":"max-video-preview:-1"},"canonical":"https:\/\/compuviper.mx\/tienda\/producto\/huawei-53014gyun-ds-matepad-se-11-procesador-kirin-710a-ram-8gb-disco-duro-128gb-pantalla-11in-sistema-operativo-harmonyos-2-0-cmara-frontal-5mp-pluma-de-regalo\/","og_locale":"es_MX","og_type":"article","og_title":"[ Huawei ] &#129351; 53014gyun-ds Matepad Se 11, Procesador Kirin 710a, Ram 8gb, Disco Duro 128gb, Pantalla 11in, Sistema Operativo Harmonyos 2.0, C\u00e1mara Frontal 5mp, \/ Pluma De Regalo","og_description":"Compra 53014gyun-ds Matepad Se 11, Procesador Kirin 710a, Ram 8gb, Disco Duro 128gb, Pantalla 11in, Sistema Operativo Harmonyos 2.0, C\u00e1mara Frontal 5mp, \/ Pluma De Regalo + Env\u00edo a domicilio + Pago seguro + Garant\u00eda","og_url":"https:\/\/compuviper.mx\/tienda\/producto\/huawei-53014gyun-ds-matepad-se-11-procesador-kirin-710a-ram-8gb-disco-duro-128gb-pantalla-11in-sistema-operativo-harmonyos-2-0-cmara-frontal-5mp-pluma-de-regalo\/","og_site_name":"Compuviper","article_publisher":"https:\/\/www.facebook.com\/compuviper","article_modified_time":"2026-04-02T07:18:11+00:00","twitter_card":"summary_large_image","twitter_misc":{"Precio":"&#36;3,659 con IVA","Availability":"Out of stock"},"schema":{"@context":"https:\/\/schema.org","@graph":[{"@type":"WebPage","@id":"https:\/\/compuviper.mx\/tienda\/producto\/huawei-53014gyun-ds-matepad-se-11-procesador-kirin-710a-ram-8gb-disco-duro-128gb-pantalla-11in-sistema-operativo-harmonyos-2-0-cmara-frontal-5mp-pluma-de-regalo\/","url":"https:\/\/compuviper.mx\/tienda\/producto\/huawei-53014gyun-ds-matepad-se-11-procesador-kirin-710a-ram-8gb-disco-duro-128gb-pantalla-11in-sistema-operativo-harmonyos-2-0-cmara-frontal-5mp-pluma-de-regalo\/","name":"[ Huawei ] &#129351; 53014gyun-ds Matepad Se 11, Procesador Kirin 710a, Ram 8gb, Disco Duro 128gb, Pantalla 11in, Sistema Operativo Harmonyos 2.0, C\u00e1mara Frontal 5mp, \/ Pluma De Regalo","isPartOf":{"@id":"https:\/\/compuviper.mx\/tienda\/#website"},"datePublished":"2026-04-02T07:18:10+00:00","dateModified":"2026-04-02T07:18:11+00:00","description":"Compra 53014gyun-ds Matepad Se 11, Procesador Kirin 710a, Ram 8gb, Disco Duro 128gb, Pantalla 11in, Sistema Operativo Harmonyos 2.0, C\u00e1mara Frontal 5mp, \/ Pluma De Regalo + Env\u00edo a domicilio + Pago seguro + Garant\u00eda","breadcrumb":{"@id":"https:\/\/compuviper.mx\/tienda\/producto\/huawei-53014gyun-ds-matepad-se-11-procesador-kirin-710a-ram-8gb-disco-duro-128gb-pantalla-11in-sistema-operativo-harmonyos-2-0-cmara-frontal-5mp-pluma-de-regalo\/#breadcrumb"},"inLanguage":"es-MX","potentialAction":[{"@type":"ReadAction","target":["https:\/\/compuviper.mx\/tienda\/producto\/huawei-53014gyun-ds-matepad-se-11-procesador-kirin-710a-ram-8gb-disco-duro-128gb-pantalla-11in-sistema-operativo-harmonyos-2-0-cmara-frontal-5mp-pluma-de-regalo\/"]}]},{"@type":"BreadcrumbList","@id":"https:\/\/compuviper.mx\/tienda\/producto\/huawei-53014gyun-ds-matepad-se-11-procesador-kirin-710a-ram-8gb-disco-duro-128gb-pantalla-11in-sistema-operativo-harmonyos-2-0-cmara-frontal-5mp-pluma-de-regalo\/#breadcrumb","itemListElement":[{"@type":"ListItem","position":1,"name":"Inicio","item":"https:\/\/compuviper.mx\/tienda\/"},{"@type":"ListItem","position":2,"name":"Productos","item":"https:\/\/compuviper.mx\/tienda\/productos\/"},{"@type":"ListItem","position":3,"name":"Tabletas","item":"https:\/\/compuviper.mx\/tienda\/categoria-producto\/tabletas\/"},{"@type":"ListItem","position":4,"name":"Octa Core Kirin","item":"https:\/\/compuviper.mx\/tienda\/categoria-producto\/tabletas\/octa-core-kirin\/"},{"@type":"ListItem","position":5,"name":"Huawei 53014gyun-ds Matepad Se 11, Procesador Kirin 710a, Ram 8gb, Disco Duro 128gb, Pantalla 11in, Sistema Operativo Harmonyos 2.0, C?mara Frontal 5mp, \/ Pluma De Regalo"}]},{"@type":"WebSite","@id":"https:\/\/compuviper.mx\/tienda\/#website","url":"https:\/\/compuviper.mx\/tienda\/","name":"Compuviper","description":"Proveedor de Computadoras, Laptops, Servidores, Monitores, Puntos de Venta, Teclados,   Impresoras, T\u00f3ner, C\u00e1maras de Seguridad y m\u00e1s en tu tienda en l\u00ednea","publisher":{"@id":"https:\/\/compuviper.mx\/tienda\/#organization"},"potentialAction":[{"@type":"SearchAction","target":{"@type":"EntryPoint","urlTemplate":"https:\/\/compuviper.mx\/tienda\/?s={search_term_string}"},"query-input":"required name=search_term_string"}],"inLanguage":"es-MX"},{"@type":"Organization","@id":"https:\/\/compuviper.mx\/tienda\/#organization","name":"Compuviper","url":"https:\/\/compuviper.mx\/tienda\/","logo":{"@type":"ImageObject","inLanguage":"es-MX","@id":"https:\/\/compuviper.mx\/tienda\/#\/schema\/logo\/image\/","url":"https:\/\/compuviper.mx\/tienda\/wp-content\/uploads\/2021\/08\/Logo-Compuviper-10.png","contentUrl":"https:\/\/compuviper.mx\/tienda\/wp-content\/uploads\/2021\/08\/Logo-Compuviper-10.png","width":1000,"height":500,"caption":"Compuviper"},"image":{"@id":"https:\/\/compuviper.mx\/tienda\/#\/schema\/logo\/image\/"},"sameAs":["https:\/\/www.facebook.com\/compuviper","https:\/\/www.youtube.com\/channel\/UCf73dERp9Y3cfOq7q8BhLjA?view_as=subscriber"]}]},"product_brand":"HUAWEI","product_price_amount":"3659","product_price_currency":"MXN","og_availability":"out of stock","product_availability":"out of stock","product_retailer_item_id":"53014GYUN-DS","product_condition":"new"},"_links":{"self":[{"href":"https:\/\/compuviper.mx\/tienda\/wp-json\/wp\/v2\/product\/261971"}],"collection":[{"href":"https:\/\/compuviper.mx\/tienda\/wp-json\/wp\/v2\/product"}],"about":[{"href":"https:\/\/compuviper.mx\/tienda\/wp-json\/wp\/v2\/types\/product"}],"replies":[{"embeddable":true,"href":"https:\/\/compuviper.mx\/tienda\/wp-json\/wp\/v2\/comments?post=261971"}],"wp:attachment":[{"href":"https:\/\/compuviper.mx\/tienda\/wp-json\/wp\/v2\/media?parent=261971"}],"wp:term":[{"taxonomy":"product_cat","embeddable":true,"href":"https:\/\/compuviper.mx\/tienda\/wp-json\/wp\/v2\/product_cat?post=261971"},{"taxonomy":"product_tag","embeddable":true,"href":"https:\/\/compuviper.mx\/tienda\/wp-json\/wp\/v2\/product_tag?post=261971"}],"curies":[{"name":"wp","href":"https:\/\/api.w.org\/{rel}","templated":true}]}}