{"id":261899,"date":"2026-04-02T02:23:36","date_gmt":"2026-04-02T08:23:36","guid":{"rendered":"https:\/\/compuviper.mx\/tienda\/producto\/lg-75ua751c-television-smart-75-led-uhd-3840-x-2160-hdr10-airplay-google-cast-netflix-rs232-hdmi-2-antena-in-lan-rj45-usb-a-salida-optico-digital\/"},"modified":"2026-04-02T02:23:36","modified_gmt":"2026-04-02T08:23:36","slug":"lg-75ua751c8806096645741-television-smart-75-led-75ua751c-uhd-3840-x-2160-hdr10-airplay-google-cast-netflix-rs232-hdmi-2-antena-in-lan-rj45-usb-a-salida-optico-digital","status":"publish","type":"product","link":"https:\/\/compuviper.mx\/tienda\/producto\/lg-75ua751c8806096645741-television-smart-75-led-75ua751c-uhd-3840-x-2160-hdr10-airplay-google-cast-netflix-rs232-hdmi-2-antena-in-lan-rj45-usb-a-salida-optico-digital\/","title":{"rendered":"Lg 75ua751c,8806096645741 Television Smart  75 Led 75ua751c Uhd 3840 X 2160, Hdr10, Airplay. Google Cast, Netflix, Rs232, Hdmi (2), Antena In, Lan Rj45, Usb A , Salida Optico Digital"},"content":{"rendered":"<table class=\"descripcion\">\n<tr>\n<td>Informacion tecnica:<\/td>\n<\/tr>\n<tr>\n<td>Pantalla<\/td>\n<\/tr>\n<tr>\n<td>Pulgadas<\/td>\n<\/tr>\n<tr>\n<td>75\u0094<\/td>\n<\/tr>\n<tr>\n<td>Resoluci\u00f3n<\/td>\n<\/tr>\n<tr>\n<td>3840 x 2160 (4k uhd)<\/td>\n<\/tr>\n<tr>\n<td>Tipo<\/td>\n<\/tr>\n<tr>\n<td>4k uhd<\/td>\n<\/tr>\n<tr>\n<td>Tipo de retroiluminaci\u00f3n<\/td>\n<\/tr>\n<tr>\n<td>Directo<\/td>\n<\/tr>\n<tr>\n<td>Frecuencia de actualizaci\u00f3n<\/td>\n<\/tr>\n<tr>\n<td>60 hz nativo<\/td>\n<\/tr>\n<tr>\n<td>Tratamiento<\/td>\n<\/tr>\n<tr>\n<td>Procesador de im\u00e1genes<\/td>\n<\/tr>\n<tr>\n<td>Procesador de ia  and #913;5 4k gen7<\/td>\n<\/tr>\n<tr>\n<td>N\u00famero de cpu<\/td>\n<\/tr>\n<tr>\n<td>Quad-core<\/td>\n<\/tr>\n<tr>\n<td>Mejora de la escala de la ia<\/td>\n<\/tr>\n<tr>\n<td>Escalado a 4k<\/td>\n<\/tr>\n<tr>\n<td>Mapeo din\u00e1mico de tonos<\/td>\n<\/tr>\n<tr>\n<td>S\u00ed<\/td>\n<\/tr>\n<tr>\n<td>Control de brillo con ia<\/td>\n<\/tr>\n<tr>\n<td>S\u00ed<\/td>\n<\/tr>\n<tr>\n<td>Hdr (alto rango din\u00e1mico)<\/td>\n<\/tr>\n<tr>\n<td>Hdr10 \/ hlg<\/td>\n<\/tr>\n<tr>\n<td>Modo cineasta\u0099<\/td>\n<\/tr>\n<tr>\n<td>S\u00ed<\/td>\n<\/tr>\n<tr>\n<td>Hevc<\/td>\n<\/tr>\n<tr>\n<td>4k a 60p, 10 bits<\/td>\n<\/tr>\n<tr>\n<td>Vp9 \/ av1 (decodificador de v\u00eddeo)<\/td>\n<\/tr>\n<tr>\n<td>4k a 60p, 10 bits<\/td>\n<\/tr>\n<tr>\n<td>Calibraci\u00f3n autom\u00e1tica<\/td>\n<\/tr>\n<tr>\n<td>S\u00ed<\/td>\n<\/tr>\n<tr>\n<td>Modo de imagen<\/td>\n<\/tr>\n<tr>\n<td>9 modos (v\u00edvido, est\u00e1ndar, eco, cine, deportes, juego, cineasta, (isf) experto (sala iluminada), (isf) experto (sala oscura))<\/td>\n<\/tr>\n<tr>\n<td>Juego de azar<\/td>\n<\/tr>\n<tr>\n<td>Modo hgig, optimizador de juegos (panel de control del juego), allm (modo autom\u00e1tico de baja latencia)<\/td>\n<\/tr>\n<tr>\n<td>Televisi\u00f3n inteligente<\/td>\n<\/tr>\n<tr>\n<td>Webos24, thinq, reconocimiento de voz inteligente, control remoto magic (integrado), compatible con google (seg\u00fan la regi\u00f3n), ai home, recomendaci\u00f3n de ia, home hub, compatible con apple home, compatible con apple airplay2, app para smartphones (lg thinq), app store, navegador web completo, canales lg (australia), live plus, alerta deportiva, compartir habitaci\u00f3n (receptor), ajustes familiares, compatible con c\u00e1mara usb, home office, servicio de juegos (seg\u00fan la regi\u00f3n), servicio de m\u00fasica, matter, ai concierge, consejos<\/td>\n<\/tr>\n<tr>\n<td>Audio<\/td>\n<\/tr>\n<tr>\n<td>Salida de audio (woofer \/ por canal)<\/td>\n<\/tr>\n<tr>\n<td>20 w (10 w por canal)<\/td>\n<\/tr>\n<tr>\n<td>Sistema de altavoces<\/td>\n<\/tr>\n<tr>\n<td>Canal 2.0<\/td>\n<\/tr>\n<tr>\n<td>Direcci\u00f3n del orador<\/td>\n<\/tr>\n<tr>\n<td>Disparo hacia abajo<\/td>\n<\/tr>\n<tr>\n<td>Sonido de ia<\/td>\n<\/tr>\n<tr>\n<td>Pro (mezcla ascendente virtual 9.1.2)<\/td>\n<\/tr>\n<tr>\n<td>Voz clara pro<\/td>\n<\/tr>\n<tr>\n<td>S\u00ed (nivelaci\u00f3n autom\u00e1tica del volumen)<\/td>\n<\/tr>\n<tr>\n<td>Sintonizaci\u00f3n ac\u00fastica con ia<\/td>\n<\/tr>\n<tr>\n<td>S\u00ed<\/td>\n<\/tr>\n<tr>\n<td>Sincronizaci\u00f3n de sonido lg<\/td>\n<\/tr>\n<tr>\n<td>S\u00ed<\/td>\n<\/tr>\n<tr>\n<td>Modo de sonido compartir<\/td>\n<\/tr>\n<tr>\n<td>S\u00ed<\/td>\n<\/tr>\n<tr>\n<td>Salida de audio simult\u00e1nea<\/td>\n<\/tr>\n<tr>\n<td>S\u00ed<\/td>\n<\/tr>\n<tr>\n<td>Compatible con bluetooth surround<\/td>\n<\/tr>\n<tr>\n<td>S\u00ed (reproducci\u00f3n bidireccional)<\/td>\n<\/tr>\n<tr>\n<td>C\u00f3dec de audio<\/td>\n<\/tr>\n<tr>\n<td>Ac4, ac3 (dolby digital), eac3, he-aac, aac, mp2, mp3, pcm, wma, apt-x (consulte el manual)<\/td>\n<\/tr>\n<tr>\n<td>Sistema de radiodifusi\u00f3n<\/td>\n<\/tr>\n<tr>\n<td>Recepci\u00f3n de tv digital (terrestre, cable), terrestre (dvb-t2\/t), cable (dvb-c), recepci\u00f3n de tv anal\u00f3gica, transmisi\u00f3n de datos (especificaci\u00f3n de pa\u00eds), p\u00e1gina de teletexto (2000 p\u00e1ginas, var\u00eda seg\u00fan la regi\u00f3n), teletexto (superior\/superior\/lista, var\u00eda seg\u00fan la regi\u00f3n), subt\u00edtulos (dvb, var\u00eda seg\u00fan la regi\u00f3n), ad (descripci\u00f3n de audio, var\u00eda seg\u00fan la regi\u00f3n), epg (8 d\u00edas, var\u00eda seg\u00fan la regi\u00f3n)<\/td>\n<\/tr>\n<tr>\n<td>Conectividad<\/td>\n<\/tr>\n<tr>\n<td>Hdmi (3, compatible con earc, allm), simplink (hdmi cec), canal de retorno de audio hdmi (earc (hdmi 2)), entrada usb (2, versi\u00f3n 2.0), wi-fi 5, compatibilidad con bluetooth (versi\u00f3n 5.1), entrada ethernet, entrada rf (2, antena\/cable), spdif (salida de audio digital \u00f3ptica)<\/td>\n<\/tr>\n<tr>\n<td>Accesibilidad<\/td>\n<\/tr>\n<tr>\n<td>Alto contraste, escala de grises, colores invertidos<\/td>\n<\/tr>\n<tr>\n<td>Fuerza<\/td>\n<\/tr>\n<tr>\n<td>Fuente de alimentaci\u00f3n (voltaje, hz)<\/td>\n<\/tr>\n<tr>\n<td>Ca 100\u0096240 v, 50\u009660 hz<\/td>\n<\/tr>\n<tr>\n<td>Consumo de energ\u00eda en modo de espera<\/td>\n<\/tr>\n<tr>\n<td>Menos de 0.5 w<\/td>\n<\/tr>\n<tr>\n<td>Modo de ahorro de energ\u00eda<\/td>\n<\/tr>\n<tr>\n<td>S\u00ed<\/td>\n<\/tr>\n<tr>\n<td>Sensor de iluminancia verde<\/td>\n<\/tr>\n<tr>\n<td>S\u00ed<\/td>\n<\/tr>\n<tr>\n<td>Est\u00e1ndar de energ\u00eda<\/td>\n<\/tr>\n<tr>\n<td>S\u00ed<\/td>\n<\/tr>\n<tr>\n<td>Accesorio incluido<\/td>\n<\/tr>\n<tr>\n<td>Remoto<\/td>\n<\/tr>\n<tr>\n<td>Control remoto m\u00e1gico mr24, pilas para control remoto (aa x 2)<\/td>\n<\/tr>\n<tr>\n<td>Cable de alimentaci\u00f3n<\/td>\n<\/tr>\n<tr>\n<td>Adjunto<\/td>\n<\/tr>\n<tr>\n<td>Caracter\u00edstica adicional<\/td>\n<\/tr>\n<tr>\n<td>Caracter\u00edstica<\/td>\n<\/tr>\n<tr>\n<td>M\u00e1quina del tiempo (dvr), grabaci\u00f3n digital, cambio de hora<\/td>\n<\/tr>\n<tr>\n<td>Idioma osd<\/td>\n<\/tr>\n<tr>\n<td>Var\u00eda seg\u00fan la regi\u00f3n<\/td>\n<\/tr>\n<\/table>\n","protected":false},"excerpt":{"rendered":"<p>Resoluci\u00f3n 4k uhd para una experiencia inmersiva. Los televisores lg uhd superan las expectativas de los hu\u00e9spedes con im\u00e1genes realistas, colores vivos y cuatro veces m\u00e1s detalle que el full hd. Su potente procesador optimiza el contenido autom\u00e1ticamente y el 4k super upscaling mejora la nitidez y el brillo. Con hdr10 pro, los hu\u00e9spedes disfrutan un contraste m\u00e1s profundo y escenas m\u00e1s impactantes desde la comodidad de su habitaci\u00f3n. Conectividad total sin cables. Los hu\u00e9spedes pueden proyectar directamente aplicaciones y contenidos desde sus dispositivos m\u00f3viles a la tv de la habitaci\u00f3n. Con apple airplay y chromecast integrado, la experiencia es sencilla, intuitiva y sin necesidad de accesorios adicionales. Acceso directo a netflix para mayor entretenimiento. Gracias a la soluci\u00f3n pro:centric, los hu\u00e9spedes tienen acceso inmediato a la aplicaci\u00f3n netflix. Esto les permite disfrutar una amplia variedad de pel\u00edculas y series sin salir de la habitaci\u00f3n, elevando la experiencia de hospitalidad. Dise\u00f1o elegante y moderno. Con un perfil delgado, la serie ua751c se integra de forma armoniosa en los espacios del hotel, aportando una apariencia contempor\u00e1nea y sofisticada que mejora la est\u00e9tica de la habitaci\u00f3n y la percepci\u00f3n de calidad por parte del hu\u00e9sped.<\/p>\n","protected":false},"featured_media":0,"comment_status":"open","ping_status":"open","template":"","meta":[],"product_cat":[1838,1839],"product_tag":[1687],"acf":[],"yoast_head":"<!-- This site is optimized with the Yoast SEO plugin v21.7 - https:\/\/yoast.com\/wordpress\/plugins\/seo\/ -->\n<title>[ Lg ] &#129351; 75ua751c,8806096645741 Television Smart 75 Led 75ua751c Uhd 3840 X 2160, Hdr10, Airplay. Google Cast, Netflix, Rs232, Hdmi (2), Antena In, Lan Rj45, Usb A , Salida Optico Digital<\/title>\n<meta name=\"description\" content=\"Compra 75ua751c,8806096645741 Television Smart 75 Led 75ua751c Uhd 3840 X 2160, Hdr10, Airplay. Google Cast, Netflix, Rs232, Hdmi (2), Antena In, Lan Rj45, Usb A , Salida Optico Digital + Env\u00edo a domicilio + Pago seguro + Garant\u00eda\" \/>\n<meta name=\"robots\" content=\"index, follow, max-snippet:-1, max-image-preview:large, max-video-preview:-1\" \/>\n<link rel=\"canonical\" href=\"https:\/\/compuviper.mx\/tienda\/producto\/lg-75ua751c8806096645741-television-smart-75-led-75ua751c-uhd-3840-x-2160-hdr10-airplay-google-cast-netflix-rs232-hdmi-2-antena-in-lan-rj45-usb-a-salida-optico-digital\/\" \/>\n<meta property=\"og:locale\" content=\"es_MX\" \/>\n<meta property=\"og:type\" content=\"article\" \/>\n<meta property=\"og:title\" content=\"[ Lg ] &#129351; 75ua751c,8806096645741 Television Smart 75 Led 75ua751c Uhd 3840 X 2160, Hdr10, Airplay. Google Cast, Netflix, Rs232, Hdmi (2), Antena In, Lan Rj45, Usb A , Salida Optico Digital\" \/>\n<meta property=\"og:description\" content=\"Compra 75ua751c,8806096645741 Television Smart 75 Led 75ua751c Uhd 3840 X 2160, Hdr10, Airplay. Google Cast, Netflix, Rs232, Hdmi (2), Antena In, Lan Rj45, Usb A , Salida Optico Digital + Env\u00edo a domicilio + Pago seguro + Garant\u00eda\" \/>\n<meta property=\"og:url\" content=\"https:\/\/compuviper.mx\/tienda\/producto\/lg-75ua751c8806096645741-television-smart-75-led-75ua751c-uhd-3840-x-2160-hdr10-airplay-google-cast-netflix-rs232-hdmi-2-antena-in-lan-rj45-usb-a-salida-optico-digital\/\" \/>\n<meta property=\"og:site_name\" content=\"Compuviper\" \/>\n<meta property=\"article:publisher\" content=\"https:\/\/www.facebook.com\/compuviper\" \/>\n<meta name=\"twitter:card\" content=\"summary_large_image\" \/>\n<meta name=\"twitter:label1\" content=\"Precio\" \/>\n\t<meta name=\"twitter:data1\" content=\"&#36;13,037 con IVA\" \/>\n\t<meta name=\"twitter:label2\" content=\"Availability\" \/>\n\t<meta name=\"twitter:data2\" content=\"In stock\" \/>\n<script type=\"application\/ld+json\" class=\"yoast-schema-graph\">{\"@context\":\"https:\/\/schema.org\",\"@graph\":[{\"@type\":\"WebPage\",\"@id\":\"https:\/\/compuviper.mx\/tienda\/producto\/lg-75ua751c8806096645741-television-smart-75-led-75ua751c-uhd-3840-x-2160-hdr10-airplay-google-cast-netflix-rs232-hdmi-2-antena-in-lan-rj45-usb-a-salida-optico-digital\/\",\"url\":\"https:\/\/compuviper.mx\/tienda\/producto\/lg-75ua751c8806096645741-television-smart-75-led-75ua751c-uhd-3840-x-2160-hdr10-airplay-google-cast-netflix-rs232-hdmi-2-antena-in-lan-rj45-usb-a-salida-optico-digital\/\",\"name\":\"[ Lg ] &#129351; 75ua751c,8806096645741 Television Smart 75 Led 75ua751c Uhd 3840 X 2160, Hdr10, Airplay. Google Cast, Netflix, Rs232, Hdmi (2), Antena In, Lan Rj45, Usb A , Salida Optico Digital\",\"isPartOf\":{\"@id\":\"https:\/\/compuviper.mx\/tienda\/#website\"},\"datePublished\":\"2026-04-02T08:23:36+00:00\",\"dateModified\":\"2026-04-02T08:23:36+00:00\",\"description\":\"Compra 75ua751c,8806096645741 Television Smart 75 Led 75ua751c Uhd 3840 X 2160, Hdr10, Airplay. Google Cast, Netflix, Rs232, Hdmi (2), Antena In, Lan Rj45, Usb A , Salida Optico Digital + Env\u00edo a domicilio + Pago seguro + Garant\u00eda\",\"breadcrumb\":{\"@id\":\"https:\/\/compuviper.mx\/tienda\/producto\/lg-75ua751c8806096645741-television-smart-75-led-75ua751c-uhd-3840-x-2160-hdr10-airplay-google-cast-netflix-rs232-hdmi-2-antena-in-lan-rj45-usb-a-salida-optico-digital\/#breadcrumb\"},\"inLanguage\":\"es-MX\",\"potentialAction\":[{\"@type\":\"ReadAction\",\"target\":[\"https:\/\/compuviper.mx\/tienda\/producto\/lg-75ua751c8806096645741-television-smart-75-led-75ua751c-uhd-3840-x-2160-hdr10-airplay-google-cast-netflix-rs232-hdmi-2-antena-in-lan-rj45-usb-a-salida-optico-digital\/\"]}]},{\"@type\":\"BreadcrumbList\",\"@id\":\"https:\/\/compuviper.mx\/tienda\/producto\/lg-75ua751c8806096645741-television-smart-75-led-75ua751c-uhd-3840-x-2160-hdr10-airplay-google-cast-netflix-rs232-hdmi-2-antena-in-lan-rj45-usb-a-salida-optico-digital\/#breadcrumb\",\"itemListElement\":[{\"@type\":\"ListItem\",\"position\":1,\"name\":\"Inicio\",\"item\":\"https:\/\/compuviper.mx\/tienda\/\"},{\"@type\":\"ListItem\",\"position\":2,\"name\":\"Productos\",\"item\":\"https:\/\/compuviper.mx\/tienda\/productos\/\"},{\"@type\":\"ListItem\",\"position\":3,\"name\":\"Televisor\",\"item\":\"https:\/\/compuviper.mx\/tienda\/categoria-producto\/televisor\/\"},{\"@type\":\"ListItem\",\"position\":4,\"name\":\"Led\",\"item\":\"https:\/\/compuviper.mx\/tienda\/categoria-producto\/televisor\/led-televisor\/\"},{\"@type\":\"ListItem\",\"position\":5,\"name\":\"Lg 75ua751c,8806096645741 Television Smart 75 Led 75ua751c Uhd 3840 X 2160, Hdr10, Airplay. Google Cast, Netflix, Rs232, Hdmi (2), Antena In, Lan Rj45, Usb A , Salida Optico Digital\"}]},{\"@type\":\"WebSite\",\"@id\":\"https:\/\/compuviper.mx\/tienda\/#website\",\"url\":\"https:\/\/compuviper.mx\/tienda\/\",\"name\":\"Compuviper\",\"description\":\"Proveedor de Computadoras, Laptops, Servidores, Monitores, Puntos de Venta, Teclados,   Impresoras, T\u00f3ner, C\u00e1maras de Seguridad y m\u00e1s en tu tienda en l\u00ednea\",\"publisher\":{\"@id\":\"https:\/\/compuviper.mx\/tienda\/#organization\"},\"potentialAction\":[{\"@type\":\"SearchAction\",\"target\":{\"@type\":\"EntryPoint\",\"urlTemplate\":\"https:\/\/compuviper.mx\/tienda\/?s={search_term_string}\"},\"query-input\":\"required name=search_term_string\"}],\"inLanguage\":\"es-MX\"},{\"@type\":\"Organization\",\"@id\":\"https:\/\/compuviper.mx\/tienda\/#organization\",\"name\":\"Compuviper\",\"url\":\"https:\/\/compuviper.mx\/tienda\/\",\"logo\":{\"@type\":\"ImageObject\",\"inLanguage\":\"es-MX\",\"@id\":\"https:\/\/compuviper.mx\/tienda\/#\/schema\/logo\/image\/\",\"url\":\"https:\/\/compuviper.mx\/tienda\/wp-content\/uploads\/2021\/08\/Logo-Compuviper-10.png\",\"contentUrl\":\"https:\/\/compuviper.mx\/tienda\/wp-content\/uploads\/2021\/08\/Logo-Compuviper-10.png\",\"width\":1000,\"height\":500,\"caption\":\"Compuviper\"},\"image\":{\"@id\":\"https:\/\/compuviper.mx\/tienda\/#\/schema\/logo\/image\/\"},\"sameAs\":[\"https:\/\/www.facebook.com\/compuviper\",\"https:\/\/www.youtube.com\/channel\/UCf73dERp9Y3cfOq7q8BhLjA?view_as=subscriber\"]}]}<\/script>\n<meta property=\"product:brand\" content=\"LG\" \/>\n<meta property=\"product:price:amount\" content=\"13037\" \/>\n<meta property=\"product:price:currency\" content=\"MXN\" \/>\n<meta property=\"og:availability\" content=\"instock\" \/>\n<meta property=\"product:availability\" content=\"instock\" \/>\n<meta property=\"product:retailer_item_id\" content=\"75UA751C,8806096645741\" \/>\n<meta property=\"product:condition\" content=\"new\" \/>\n<!-- \/ Yoast SEO plugin. -->","yoast_head_json":{"title":"[ Lg ] &#129351; 75ua751c,8806096645741 Television Smart 75 Led 75ua751c Uhd 3840 X 2160, Hdr10, Airplay. Google Cast, Netflix, Rs232, Hdmi (2), Antena In, Lan Rj45, Usb A , Salida Optico Digital","description":"Compra 75ua751c,8806096645741 Television Smart 75 Led 75ua751c Uhd 3840 X 2160, Hdr10, Airplay. Google Cast, Netflix, Rs232, Hdmi (2), Antena In, Lan Rj45, Usb A , Salida Optico Digital + Env\u00edo a domicilio + Pago seguro + Garant\u00eda","robots":{"index":"index","follow":"follow","max-snippet":"max-snippet:-1","max-image-preview":"max-image-preview:large","max-video-preview":"max-video-preview:-1"},"canonical":"https:\/\/compuviper.mx\/tienda\/producto\/lg-75ua751c8806096645741-television-smart-75-led-75ua751c-uhd-3840-x-2160-hdr10-airplay-google-cast-netflix-rs232-hdmi-2-antena-in-lan-rj45-usb-a-salida-optico-digital\/","og_locale":"es_MX","og_type":"article","og_title":"[ Lg ] &#129351; 75ua751c,8806096645741 Television Smart 75 Led 75ua751c Uhd 3840 X 2160, Hdr10, Airplay. Google Cast, Netflix, Rs232, Hdmi (2), Antena In, Lan Rj45, Usb A , Salida Optico Digital","og_description":"Compra 75ua751c,8806096645741 Television Smart 75 Led 75ua751c Uhd 3840 X 2160, Hdr10, Airplay. Google Cast, Netflix, Rs232, Hdmi (2), Antena In, Lan Rj45, Usb A , Salida Optico Digital + Env\u00edo a domicilio + Pago seguro + Garant\u00eda","og_url":"https:\/\/compuviper.mx\/tienda\/producto\/lg-75ua751c8806096645741-television-smart-75-led-75ua751c-uhd-3840-x-2160-hdr10-airplay-google-cast-netflix-rs232-hdmi-2-antena-in-lan-rj45-usb-a-salida-optico-digital\/","og_site_name":"Compuviper","article_publisher":"https:\/\/www.facebook.com\/compuviper","twitter_card":"summary_large_image","twitter_misc":{"Precio":"&#36;13,037 con IVA","Availability":"In stock"},"schema":{"@context":"https:\/\/schema.org","@graph":[{"@type":"WebPage","@id":"https:\/\/compuviper.mx\/tienda\/producto\/lg-75ua751c8806096645741-television-smart-75-led-75ua751c-uhd-3840-x-2160-hdr10-airplay-google-cast-netflix-rs232-hdmi-2-antena-in-lan-rj45-usb-a-salida-optico-digital\/","url":"https:\/\/compuviper.mx\/tienda\/producto\/lg-75ua751c8806096645741-television-smart-75-led-75ua751c-uhd-3840-x-2160-hdr10-airplay-google-cast-netflix-rs232-hdmi-2-antena-in-lan-rj45-usb-a-salida-optico-digital\/","name":"[ Lg ] &#129351; 75ua751c,8806096645741 Television Smart 75 Led 75ua751c Uhd 3840 X 2160, Hdr10, Airplay. Google Cast, Netflix, Rs232, Hdmi (2), Antena In, Lan Rj45, Usb A , Salida Optico Digital","isPartOf":{"@id":"https:\/\/compuviper.mx\/tienda\/#website"},"datePublished":"2026-04-02T08:23:36+00:00","dateModified":"2026-04-02T08:23:36+00:00","description":"Compra 75ua751c,8806096645741 Television Smart 75 Led 75ua751c Uhd 3840 X 2160, Hdr10, Airplay. Google Cast, Netflix, Rs232, Hdmi (2), Antena In, Lan Rj45, Usb A , Salida Optico Digital + Env\u00edo a domicilio + Pago seguro + Garant\u00eda","breadcrumb":{"@id":"https:\/\/compuviper.mx\/tienda\/producto\/lg-75ua751c8806096645741-television-smart-75-led-75ua751c-uhd-3840-x-2160-hdr10-airplay-google-cast-netflix-rs232-hdmi-2-antena-in-lan-rj45-usb-a-salida-optico-digital\/#breadcrumb"},"inLanguage":"es-MX","potentialAction":[{"@type":"ReadAction","target":["https:\/\/compuviper.mx\/tienda\/producto\/lg-75ua751c8806096645741-television-smart-75-led-75ua751c-uhd-3840-x-2160-hdr10-airplay-google-cast-netflix-rs232-hdmi-2-antena-in-lan-rj45-usb-a-salida-optico-digital\/"]}]},{"@type":"BreadcrumbList","@id":"https:\/\/compuviper.mx\/tienda\/producto\/lg-75ua751c8806096645741-television-smart-75-led-75ua751c-uhd-3840-x-2160-hdr10-airplay-google-cast-netflix-rs232-hdmi-2-antena-in-lan-rj45-usb-a-salida-optico-digital\/#breadcrumb","itemListElement":[{"@type":"ListItem","position":1,"name":"Inicio","item":"https:\/\/compuviper.mx\/tienda\/"},{"@type":"ListItem","position":2,"name":"Productos","item":"https:\/\/compuviper.mx\/tienda\/productos\/"},{"@type":"ListItem","position":3,"name":"Televisor","item":"https:\/\/compuviper.mx\/tienda\/categoria-producto\/televisor\/"},{"@type":"ListItem","position":4,"name":"Led","item":"https:\/\/compuviper.mx\/tienda\/categoria-producto\/televisor\/led-televisor\/"},{"@type":"ListItem","position":5,"name":"Lg 75ua751c,8806096645741 Television Smart 75 Led 75ua751c Uhd 3840 X 2160, Hdr10, Airplay. Google Cast, Netflix, Rs232, Hdmi (2), Antena In, Lan Rj45, Usb A , Salida Optico Digital"}]},{"@type":"WebSite","@id":"https:\/\/compuviper.mx\/tienda\/#website","url":"https:\/\/compuviper.mx\/tienda\/","name":"Compuviper","description":"Proveedor de Computadoras, Laptops, Servidores, Monitores, Puntos de Venta, Teclados,   Impresoras, T\u00f3ner, C\u00e1maras de Seguridad y m\u00e1s en tu tienda en l\u00ednea","publisher":{"@id":"https:\/\/compuviper.mx\/tienda\/#organization"},"potentialAction":[{"@type":"SearchAction","target":{"@type":"EntryPoint","urlTemplate":"https:\/\/compuviper.mx\/tienda\/?s={search_term_string}"},"query-input":"required name=search_term_string"}],"inLanguage":"es-MX"},{"@type":"Organization","@id":"https:\/\/compuviper.mx\/tienda\/#organization","name":"Compuviper","url":"https:\/\/compuviper.mx\/tienda\/","logo":{"@type":"ImageObject","inLanguage":"es-MX","@id":"https:\/\/compuviper.mx\/tienda\/#\/schema\/logo\/image\/","url":"https:\/\/compuviper.mx\/tienda\/wp-content\/uploads\/2021\/08\/Logo-Compuviper-10.png","contentUrl":"https:\/\/compuviper.mx\/tienda\/wp-content\/uploads\/2021\/08\/Logo-Compuviper-10.png","width":1000,"height":500,"caption":"Compuviper"},"image":{"@id":"https:\/\/compuviper.mx\/tienda\/#\/schema\/logo\/image\/"},"sameAs":["https:\/\/www.facebook.com\/compuviper","https:\/\/www.youtube.com\/channel\/UCf73dERp9Y3cfOq7q8BhLjA?view_as=subscriber"]}]},"product_brand":"LG","product_price_amount":"13037","product_price_currency":"MXN","og_availability":"instock","product_availability":"instock","product_retailer_item_id":"75UA751C,8806096645741","product_condition":"new"},"_links":{"self":[{"href":"https:\/\/compuviper.mx\/tienda\/wp-json\/wp\/v2\/product\/261899"}],"collection":[{"href":"https:\/\/compuviper.mx\/tienda\/wp-json\/wp\/v2\/product"}],"about":[{"href":"https:\/\/compuviper.mx\/tienda\/wp-json\/wp\/v2\/types\/product"}],"replies":[{"embeddable":true,"href":"https:\/\/compuviper.mx\/tienda\/wp-json\/wp\/v2\/comments?post=261899"}],"wp:attachment":[{"href":"https:\/\/compuviper.mx\/tienda\/wp-json\/wp\/v2\/media?parent=261899"}],"wp:term":[{"taxonomy":"product_cat","embeddable":true,"href":"https:\/\/compuviper.mx\/tienda\/wp-json\/wp\/v2\/product_cat?post=261899"},{"taxonomy":"product_tag","embeddable":true,"href":"https:\/\/compuviper.mx\/tienda\/wp-json\/wp\/v2\/product_tag?post=261899"}],"curies":[{"name":"wp","href":"https:\/\/api.w.org\/{rel}","templated":true}]}}