{"id":261886,"date":"2026-04-25T00:48:06","date_gmt":"2026-04-25T06:48:06","guid":{"rendered":"https:\/\/compuviper.mx\/tienda\/producto\/sharp-display-pn-m752-monitor-profesional-sharp-75-uhd-3840-x-2160-24-7-550-cd-m2-80001-hdmi-displayport-hdcp-usb-rj-45-intel-sdm-y-rpi4\/"},"modified":"2026-04-25T00:48:06","modified_gmt":"2026-04-25T06:48:06","slug":"sharp-display-pn-m752-monitor-profesional-sharp-75-uhd-3840-x-2160-24-7-550-cd-m2-80001-hdmi-displayport-hdcp-usb-rj-45-intel-sdm-y-rpi4","status":"publish","type":"product","link":"https:\/\/compuviper.mx\/tienda\/producto\/sharp-display-pn-m752-monitor-profesional-sharp-75-uhd-3840-x-2160-24-7-550-cd-m2-80001-hdmi-displayport-hdcp-usb-rj-45-intel-sdm-y-rpi4\/","title":{"rendered":"Sharp Display Pn-m752 Monitor Profesional Sharp 75  Uhd 3840 X 2160 24\/7, 550 Cd\/m2, 80001, Hdmi, Displayport Hdcp, Usb, Rj-45, Intel Sdm Y Rpi4"},"content":{"rendered":"<table class=\"descripcion\">\n<tr>\n<td>Informaci\u00f3n del producto<\/td>\n<\/tr>\n<tr>\n<td>Nombre del producto sharp multisync\u00ae m752<\/td>\n<\/tr>\n<tr>\n<td>Modelo pn-m752<\/td>\n<\/tr>\n<tr>\n<td>Grupo de productos pantalla lcd de 75 con formato grande para mensajes<\/td>\n<\/tr>\n<tr>\n<td>C\u00f3digo de pedido 60006057<\/td>\n<\/tr>\n<tr>\n<td>Mostrar<\/td>\n<\/tr>\n<tr>\n<td>Tecnolog\u00eda de paneles ips con retroiluminaci\u00f3n led directa<\/td>\n<\/tr>\n<tr>\n<td>Tama\u00f1o de pantalla [pulgadas\/cm] 75 \/ 189.3<\/td>\n<\/tr>\n<tr>\n<td>Relaci\u00f3n de aspecto 16:9<\/td>\n<\/tr>\n<tr>\n<td>Brillo [cd\/m\u00b2] 550<\/td>\n<\/tr>\n<tr>\n<td>Relaci\u00f3n de contraste  and #8805; 8000:1 1<\/td>\n<\/tr>\n<tr>\n<td>\u00e1ngulo de visi\u00f3n [\u00b0] 178 horizontales \/ 178 verticales (t\u00edpico con una relaci\u00f3n de contraste de 10:1)<\/td>\n<\/tr>\n<tr>\n<td>Profundidad de color [bn] 1.073 (10 bits)<\/td>\n<\/tr>\n<tr>\n<td>Gama de colores 72% de ntsc<\/td>\n<\/tr>\n<tr>\n<td>Tiempo de respuesta (t\u00edpico) [ms] 8<\/td>\n<\/tr>\n<tr>\n<td>Frecuencia de actualizaci\u00f3n del panel [hz] 60<\/td>\n<\/tr>\n<tr>\n<td>Nivel de neblina [%] pro (25)<\/td>\n<\/tr>\n<tr>\n<td>Orientaci\u00f3n con apoyo boca arriba 2 ; paisaje; retrato<\/td>\n<\/tr>\n<tr>\n<td>Resoluci\u00f3n<\/td>\n<\/tr>\n<tr>\n<td>Resoluci\u00f3n nativa<\/td>\n<\/tr>\n<tr>\n<td>3840 x 2160<\/td>\n<\/tr>\n<tr>\n<td>Resoluciones admitidas<\/td>\n<\/tr>\n<tr>\n<td>1024 x 768;<\/td>\n<\/tr>\n<tr>\n<td>1270 x 720;<\/td>\n<\/tr>\n<tr>\n<td>1280 x 1024;<\/td>\n<\/tr>\n<tr>\n<td>1280 x 720;<\/td>\n<\/tr>\n<tr>\n<td>1280 x 800;<\/td>\n<\/tr>\n<tr>\n<td>1360 x 768;<\/td>\n<\/tr>\n<tr>\n<td>1366 x 768;<\/td>\n<\/tr>\n<tr>\n<td>1400 x 1050;<\/td>\n<\/tr>\n<tr>\n<td>1440 x 900;<\/td>\n<\/tr>\n<tr>\n<td>1600 x 1200;<\/td>\n<\/tr>\n<tr>\n<td>1680 x 1050;<\/td>\n<\/tr>\n<tr>\n<td>1920 x 1080;<\/td>\n<\/tr>\n<tr>\n<td>1920 x 1200;<\/td>\n<\/tr>\n<tr>\n<td>1920 x 1200;<\/td>\n<\/tr>\n<tr>\n<td>1920 x 2160;<\/td>\n<\/tr>\n<tr>\n<td>3840 x 2160;<\/td>\n<\/tr>\n<tr>\n<td>4096 x 2160;<\/td>\n<\/tr>\n<tr>\n<td>640 x 480;<\/td>\n<\/tr>\n<tr>\n<td>720 x 400;<\/td>\n<\/tr>\n<tr>\n<td>720 x 480;<\/td>\n<\/tr>\n<tr>\n<td>720 x 576;<\/td>\n<\/tr>\n<tr>\n<td>800 x 600<\/td>\n<\/tr>\n<tr>\n<td>Tasa de sincronizaci\u00f3n<\/td>\n<\/tr>\n<tr>\n<td>Frecuencia horizontal [khz] 15 &#8211; 135<\/td>\n<\/tr>\n<tr>\n<td>Frecuencia vertical [hz] 23 &#8211; 76<\/td>\n<\/tr>\n<tr>\n<td>Conectividad<\/td>\n<\/tr>\n<tr>\n<td>Entrada hdmi 1 entrada de v\u00eddeo; uhd (60 hz) hdcp (2.2); entrada de audio; arc; cec<\/td>\n<\/tr>\n<tr>\n<td>Entrada hdmi 2 entrada de video; uhd (60 hz) hdcp (2.2); entrada de audio; cec<\/td>\n<\/tr>\n<tr>\n<td>Salida hdmi salida de video; uhd (60 hz) hdcp (2.2); salida de audio; conexi\u00f3n en bucle: hdmi in 2, opci\u00f3n, m\u00f3dulo de c\u00f3mputo<\/td>\n<\/tr>\n<tr>\n<td>Dp en 1 entrada de v\u00eddeo; uhd (60 hz) dp 1.2; hdcp (2.2); entrada de audio<\/td>\n<\/tr>\n<tr>\n<td>Salida dp salida de video; uhd (60 hz) dp 1.2; hdcp (2.2); salida de audio; conexi\u00f3n en bucle: displayport in, usb-c 2<\/td>\n<\/tr>\n<tr>\n<td>Usb-a 1 usb (2.0\/3.2); 4,5 w; perif\u00e9ricos; almacenamiento usb<\/td>\n<\/tr>\n<tr>\n<td>Usb-a (servicio) 2,5 w; servicio<\/td>\n<\/tr>\n<tr>\n<td>Usb-c 1 entrada de v\u00eddeo; uhd (60 hz); dp alt. 1.2; hdcp (2.2); entrada de audio; usb 2.0\/3.2; 65 w<\/td>\n<\/tr>\n<tr>\n<td>Usb-c 2 usb 2.0\/3.2; 7,5 w; perif\u00e9ricos; almacenamiento<\/td>\n<\/tr>\n<tr>\n<td>Salida de audio (3,5 mm) salida de audio; salida de l\u00ednea<\/td>\n<\/tr>\n<tr>\n<td>Lan 1 100 mbit\/s<\/td>\n<\/tr>\n<tr>\n<td>Lan 2 bucle: lan 1, rs-232c, ir; 100 mbit\/s<\/td>\n<\/tr>\n<tr>\n<td>Rs-232c 9600 bps<\/td>\n<\/tr>\n<tr>\n<td>Entrada remota (3,5 mm) sensor ecol\u00f3gico (extensor ir, ambiente y presencia)<\/td>\n<\/tr>\n<tr>\n<td>Detecci\u00f3n de entrada personalizado; apellido; nombre<\/td>\n<\/tr>\n<tr>\n<td>Pip\/pbp 2-split; tama\u00f1o de imagen escalable<\/td>\n<\/tr>\n<tr>\n<td>Calibraci\u00f3n<\/td>\n<\/tr>\n<tr>\n<td>Calibraci\u00f3n de f\u00e1brica gamma; intensidad; rgb; uniformidad; punto blanco<\/td>\n<\/tr>\n<tr>\n<td>Calibraci\u00f3n con software uniformidad de esquinas; gamma; intensidad; rgb; actualizar calibraci\u00f3n de f\u00e1brica; punto blanco<\/td>\n<\/tr>\n<tr>\n<td>Software de calibraci\u00f3n calibrador de pared de visualizaci\u00f3n<\/td>\n<\/tr>\n<tr>\n<td>Inteligencia modular abierta<\/td>\n<\/tr>\n<tr>\n<td>Intel\u00ae sdm acepta m\u00f3dulos intel\u00ae smart display grandes y peque\u00f1os de hasta 66 w<\/td>\n<\/tr>\n<tr>\n<td>Ranura del m\u00f3dulo de c\u00f3mputo kit mpi4 y mpi5 (con tecnolog\u00eda raspberry pi)<\/td>\n<\/tr>\n<tr>\n<td>Sensores<\/td>\n<\/tr>\n<tr>\n<td>Sensor de luz ambiental acciones integradas, activadas y programables<\/td>\n<\/tr>\n<tr>\n<td>Sensor humano opcional mediante sensor ecol\u00f3gico (ktes1)<\/td>\n<\/tr>\n<tr>\n<td>Sensor de temperatura integrado, 3 sensores, acciones activadas programables<\/td>\n<\/tr>\n<tr>\n<td>El\u00e9ctrico<\/td>\n<\/tr>\n<tr>\n<td>Consumo de energ\u00eda [w] 140 env\u00edos<\/td>\n<\/tr>\n<tr>\n<td>Modo de ahorro de energ\u00eda [w]   0,5;   2 (modo de espera en red)<\/td>\n<\/tr>\n<tr>\n<td>Administraci\u00f3n de energ\u00eda vesa dpms<\/td>\n<\/tr>\n<tr>\n<td>Fuente de alimentaci\u00f3n 100-240 v ca; 50\/60 hz; interna<\/td>\n<\/tr>\n<tr>\n<td>Condiciones ambientales<\/td>\n<\/tr>\n<tr>\n<td>Temperatura de funcionamiento [\u00b0c] +0 a +40<\/td>\n<\/tr>\n<tr>\n<td>Humedad de funcionamiento [%] 20 a 80<\/td>\n<\/tr>\n<tr>\n<td>Humedad de almacenamiento [%] 10 a 80<\/td>\n<\/tr>\n<tr>\n<td>Temperatura de almacenamiento [\u00b0c] -20 a 60<\/td>\n<\/tr>\n<tr>\n<td>Mec\u00e1nico<\/td>\n<\/tr>\n<tr>\n<td>Dimensiones (an x al x pr) [mm] 1.682,3 x 961,1 x 83,2<\/td>\n<\/tr>\n<tr>\n<td>Peso [kg] 38<\/td>\n<\/tr>\n<tr>\n<td>Ancho del bisel [mm] 14.3 (izquierda, derecha y arriba); 14.8 (abajo)<\/td>\n<\/tr>\n<tr>\n<td>Montaje vesa [mm] 4 agujeros; 600 x 400 (fdmi); m8<\/td>\n<\/tr>\n<tr>\n<td>Protecci\u00f3n de entrada ip5x (frontal); ip2x (trasera)<\/td>\n<\/tr>\n<tr>\n<td>Dimensiones del embalaje (an x al x pr) [mm] 1.830 x 1.070 x 225<\/td>\n<\/tr>\n<tr>\n<td>Peso del embalaje [kg] 51<\/td>\n<\/tr>\n<tr>\n<td>Material metal<\/td>\n<\/tr>\n<tr>\n<td>Opciones disponibles<\/td>\n<\/tr>\n<tr>\n<td>Accesorios sensor ecol\u00f3gico (ktes1); patas (st-801); kit de control remoto (ktrc3); altavoz (sp-rm3a); carrito (l20pnsr780meu); cable usb-c (usb-c 5m, usb-c 7m); soporte de pared (l20pnwall90eu, sf680p)<\/td>\n<\/tr>\n<tr>\n<td>Regulador<\/td>\n<\/tr>\n<tr>\n<td>Seguridad y ergonom\u00eda ce; emc clase b; energy star 8; fcc clase b; reach; rohs; ukca; ul\/c-ul o csa<\/td>\n<\/tr>\n<tr>\n<td>Clase de falla de p\u00edxel iso 9241-307, clase 1<\/td>\n<\/tr>\n<tr>\n<td>Resistencia al fuego cubierta trasera de metal, material pl\u00e1stico certificado seg\u00fan ul94-5vb<\/td>\n<\/tr>\n<tr>\n<td>Caracter\u00edsticas ecol\u00f3gicas<\/td>\n<\/tr>\n<tr>\n<td>Eficiencia energ\u00e9tica consumo de energ\u00eda: (tbd) kwh\/(tbd) h; clase de eficiencia energ\u00e9tica: (tbd); retroiluminaci\u00f3n led<\/td>\n<\/tr>\n<tr>\n<td>Est\u00e1ndares ecol\u00f3gicos energystar 8.0<\/td>\n<\/tr>\n<tr>\n<td>Certificaciones de terceros<\/td>\n<\/tr>\n<tr>\n<td>Crestron certificado para crestron ccv2 y xio cloud<\/td>\n<\/tr>\n<tr>\n<td>Caracter\u00edsticas adicionales<\/td>\n<\/tr>\n<tr>\n<td>Caracter\u00edsticas especiales compatibilidad con cec; configuraci\u00f3n de clonaci\u00f3n; simulaci\u00f3n dicom; hdmi arc; programador<\/td>\n<\/tr>\n<tr>\n<td>Versiones en color bisel frontal negro, gabinete trasero negro<\/td>\n<\/tr>\n<tr>\n<td>Audio altavoces integrados (10 w + 10 w)<\/td>\n<\/tr>\n<tr>\n<td>Contenido del env\u00edo 2 pilas aaa; pantalla; cable hdmi; cable de alimentaci\u00f3n; control remoto; manual de instalaci\u00f3n<\/td>\n<\/tr>\n<tr>\n<td>Garant\u00eda 3 a\u00f1os de garant\u00eda<\/td>\n<\/tr>\n<tr>\n<td>Horas de uso 24\/7<\/td>\n<\/tr>\n<tr>\n<td>Control externo compatibilidad con amx netlinx; crestron v2; hdmi cec; navegador http; pjlink; temporizador programado; snmp<\/td>\n<\/tr>\n<tr>\n<td>Gesti\u00f3n remota administrador de naviset 2<\/td>\n<\/tr>\n<tr>\n<td>Seguridad desactivar botones hw; desactivar funcionalidad ir; notificaci\u00f3n de emergencia; ieee802.1x (lan)<\/td>\n<\/tr>\n<\/table>\n","protected":false},"excerpt":{"rendered":"<p>Creado para funcionar, dise\u00f1ado para durar. La soluci\u00f3n vers\u00e1til para aplicaciones de visualizaci\u00f3n profesionales, la serie sharp multisync\u00ae m2 (de 32 a 98), est\u00e1 dise\u00f1ada espec\u00edficamente para entornos exigentes de se\u00f1alizaci\u00f3n y salas de reuniones. Con conectividad usb-c nativa y amplia compatibilidad con plataformas como crestron, cisco webex y microsoft teams, permite una colaboraci\u00f3n byod fluida y una integraci\u00f3n preparada para el futuro. La compatibilidad con lan 802.1x garantiza una seguridad de red de nivel empresarial. Con un brillo l\u00edder en su clase de 550 cd\/m\u00b2, un panel de alta opacidad para minimizar el deslumbramiento y el fiable motor spectraview de nec, la serie m2 ofrece un rendimiento visual excepcional con una precisi\u00f3n de color inigualable. Como parte de la nueva familia de pantallas sharp, la serie multisync\u00ae m2 se basa en el legado de calidad y fiabilidad de nec para impulsar una mayor eficiencia y valor a largo plazo. Su dise\u00f1o modular de eficacia probada admite opciones de computaci\u00f3n personalizadas (raspberry pi o intel\u00ae sdm) y conectividad flexible (p. Ej., av sobre ip), lo que garantiza versatilidad, rendimiento y sostenibilidad a largo plazo. Beneficios. Flujos de trabajo de reuniones fluidos : un solo cable usb-c transmite v\u00eddeo, datos y alimentaci\u00f3n para reuniones instant\u00e1neas y sin complicaciones. Como est\u00e1ndar establecido para espacios de colaboraci\u00f3n modernos, usb-c facilita experiencias byod sin complicaciones. Legibilidad sin obst\u00e1culos : un panel de alta opacidad reduce el resplandor de las ventanas y la luz ambiental, manteniendo el contenido de la se\u00f1alizaci\u00f3n y las presentaciones claras para una visualizaci\u00f3n ininterrumpida en cualquier entorno. Seguridad garantizada : la compatibilidad con 802.1x a trav\u00e9s de lan permite una seguridad de alto nivel para redes corporativas, lo que brinda tranquilidad a los equipos de ti y los entornos empresariales. Precisi\u00f3n de imagen mejorada : cuando la consistencia de la marca y la identidad corporativa son importantes, el motor spectraview de nec proporciona control total sobre el color, la gamma y la uniformidad para obtener contenido preciso e impactante. Amplia compatibilidad con av : totalmente interoperable con las principales plataformas de salas de reuniones, incluidas crestron (xio cloud), cisco webex, q-sys y microsoft teams, lo que garantiza una integraci\u00f3n sin esfuerzo y una escalabilidad a prueba de futuro.<\/p>\n","protected":false},"featured_media":0,"comment_status":"open","ping_status":"open","template":"","meta":[],"product_cat":[1740,1741],"product_tag":[2237],"acf":[],"yoast_head":"<!-- This site is optimized with the Yoast SEO plugin v21.7 - https:\/\/yoast.com\/wordpress\/plugins\/seo\/ -->\n<title>[ Sharp Display ] &#129351; Pn-m752 Monitor Profesional Sharp 75 Uhd 3840 X 2160 24\/7, 550 Cd\/m2, 80001, Hdmi, Displayport Hdcp, Usb, Rj-45, Intel Sdm Y Rpi4<\/title>\n<meta name=\"description\" content=\"Compra Pn-m752 Monitor Profesional Sharp 75 Uhd 3840 X 2160 24\/7, 550 Cd\/m2, 80001, Hdmi, Displayport Hdcp, Usb, Rj-45, Intel Sdm Y Rpi4 + Env\u00edo a domicilio + Pago seguro + Garant\u00eda\" \/>\n<meta name=\"robots\" content=\"index, follow, max-snippet:-1, max-image-preview:large, max-video-preview:-1\" \/>\n<link rel=\"canonical\" href=\"https:\/\/compuviper.mx\/tienda\/producto\/sharp-display-pn-m752-monitor-profesional-sharp-75-uhd-3840-x-2160-24-7-550-cd-m2-80001-hdmi-displayport-hdcp-usb-rj-45-intel-sdm-y-rpi4\/\" \/>\n<meta property=\"og:locale\" content=\"es_MX\" \/>\n<meta property=\"og:type\" content=\"article\" \/>\n<meta property=\"og:title\" content=\"[ Sharp Display ] &#129351; Pn-m752 Monitor Profesional Sharp 75 Uhd 3840 X 2160 24\/7, 550 Cd\/m2, 80001, Hdmi, Displayport Hdcp, Usb, Rj-45, Intel Sdm Y Rpi4\" \/>\n<meta property=\"og:description\" content=\"Compra Pn-m752 Monitor Profesional Sharp 75 Uhd 3840 X 2160 24\/7, 550 Cd\/m2, 80001, Hdmi, Displayport Hdcp, Usb, Rj-45, Intel Sdm Y Rpi4 + Env\u00edo a domicilio + Pago seguro + Garant\u00eda\" \/>\n<meta property=\"og:url\" content=\"https:\/\/compuviper.mx\/tienda\/producto\/sharp-display-pn-m752-monitor-profesional-sharp-75-uhd-3840-x-2160-24-7-550-cd-m2-80001-hdmi-displayport-hdcp-usb-rj-45-intel-sdm-y-rpi4\/\" \/>\n<meta property=\"og:site_name\" content=\"Compuviper\" \/>\n<meta property=\"article:publisher\" content=\"https:\/\/www.facebook.com\/compuviper\" \/>\n<meta name=\"twitter:card\" content=\"summary_large_image\" \/>\n<meta name=\"twitter:label1\" content=\"Precio\" \/>\n\t<meta name=\"twitter:data1\" content=\"&#36;58,449 con IVA\" \/>\n\t<meta name=\"twitter:label2\" content=\"Availability\" \/>\n\t<meta name=\"twitter:data2\" content=\"On backorder\" \/>\n<script type=\"application\/ld+json\" class=\"yoast-schema-graph\">{\"@context\":\"https:\/\/schema.org\",\"@graph\":[{\"@type\":\"WebPage\",\"@id\":\"https:\/\/compuviper.mx\/tienda\/producto\/sharp-display-pn-m752-monitor-profesional-sharp-75-uhd-3840-x-2160-24-7-550-cd-m2-80001-hdmi-displayport-hdcp-usb-rj-45-intel-sdm-y-rpi4\/\",\"url\":\"https:\/\/compuviper.mx\/tienda\/producto\/sharp-display-pn-m752-monitor-profesional-sharp-75-uhd-3840-x-2160-24-7-550-cd-m2-80001-hdmi-displayport-hdcp-usb-rj-45-intel-sdm-y-rpi4\/\",\"name\":\"[ Sharp Display ] &#129351; Pn-m752 Monitor Profesional Sharp 75 Uhd 3840 X 2160 24\/7, 550 Cd\/m2, 80001, Hdmi, Displayport Hdcp, Usb, Rj-45, Intel Sdm Y Rpi4\",\"isPartOf\":{\"@id\":\"https:\/\/compuviper.mx\/tienda\/#website\"},\"datePublished\":\"2026-04-25T06:48:06+00:00\",\"dateModified\":\"2026-04-25T06:48:06+00:00\",\"description\":\"Compra Pn-m752 Monitor Profesional Sharp 75 Uhd 3840 X 2160 24\/7, 550 Cd\/m2, 80001, Hdmi, Displayport Hdcp, Usb, Rj-45, Intel Sdm Y Rpi4 + Env\u00edo a domicilio + Pago seguro + Garant\u00eda\",\"breadcrumb\":{\"@id\":\"https:\/\/compuviper.mx\/tienda\/producto\/sharp-display-pn-m752-monitor-profesional-sharp-75-uhd-3840-x-2160-24-7-550-cd-m2-80001-hdmi-displayport-hdcp-usb-rj-45-intel-sdm-y-rpi4\/#breadcrumb\"},\"inLanguage\":\"es-MX\",\"potentialAction\":[{\"@type\":\"ReadAction\",\"target\":[\"https:\/\/compuviper.mx\/tienda\/producto\/sharp-display-pn-m752-monitor-profesional-sharp-75-uhd-3840-x-2160-24-7-550-cd-m2-80001-hdmi-displayport-hdcp-usb-rj-45-intel-sdm-y-rpi4\/\"]}]},{\"@type\":\"BreadcrumbList\",\"@id\":\"https:\/\/compuviper.mx\/tienda\/producto\/sharp-display-pn-m752-monitor-profesional-sharp-75-uhd-3840-x-2160-24-7-550-cd-m2-80001-hdmi-displayport-hdcp-usb-rj-45-intel-sdm-y-rpi4\/#breadcrumb\",\"itemListElement\":[{\"@type\":\"ListItem\",\"position\":1,\"name\":\"Inicio\",\"item\":\"https:\/\/compuviper.mx\/tienda\/\"},{\"@type\":\"ListItem\",\"position\":2,\"name\":\"Productos\",\"item\":\"https:\/\/compuviper.mx\/tienda\/productos\/\"},{\"@type\":\"ListItem\",\"position\":3,\"name\":\"Monitores\",\"item\":\"https:\/\/compuviper.mx\/tienda\/categoria-producto\/monitores\/\"},{\"@type\":\"ListItem\",\"position\":4,\"name\":\"Led\",\"item\":\"https:\/\/compuviper.mx\/tienda\/categoria-producto\/monitores\/led\/\"},{\"@type\":\"ListItem\",\"position\":5,\"name\":\"Sharp Display Pn-m752 Monitor Profesional Sharp 75 Uhd 3840 X 2160 24\/7, 550 Cd\/m2, 80001, Hdmi, Displayport Hdcp, Usb, Rj-45, Intel Sdm Y Rpi4\"}]},{\"@type\":\"WebSite\",\"@id\":\"https:\/\/compuviper.mx\/tienda\/#website\",\"url\":\"https:\/\/compuviper.mx\/tienda\/\",\"name\":\"Compuviper\",\"description\":\"Proveedor de Computadoras, Laptops, Servidores, Monitores, Puntos de Venta, Teclados,   Impresoras, T\u00f3ner, C\u00e1maras de Seguridad y m\u00e1s en tu tienda en l\u00ednea\",\"publisher\":{\"@id\":\"https:\/\/compuviper.mx\/tienda\/#organization\"},\"potentialAction\":[{\"@type\":\"SearchAction\",\"target\":{\"@type\":\"EntryPoint\",\"urlTemplate\":\"https:\/\/compuviper.mx\/tienda\/?s={search_term_string}\"},\"query-input\":\"required name=search_term_string\"}],\"inLanguage\":\"es-MX\"},{\"@type\":\"Organization\",\"@id\":\"https:\/\/compuviper.mx\/tienda\/#organization\",\"name\":\"Compuviper\",\"url\":\"https:\/\/compuviper.mx\/tienda\/\",\"logo\":{\"@type\":\"ImageObject\",\"inLanguage\":\"es-MX\",\"@id\":\"https:\/\/compuviper.mx\/tienda\/#\/schema\/logo\/image\/\",\"url\":\"https:\/\/compuviper.mx\/tienda\/wp-content\/uploads\/2021\/08\/Logo-Compuviper-10.png\",\"contentUrl\":\"https:\/\/compuviper.mx\/tienda\/wp-content\/uploads\/2021\/08\/Logo-Compuviper-10.png\",\"width\":1000,\"height\":500,\"caption\":\"Compuviper\"},\"image\":{\"@id\":\"https:\/\/compuviper.mx\/tienda\/#\/schema\/logo\/image\/\"},\"sameAs\":[\"https:\/\/www.facebook.com\/compuviper\",\"https:\/\/www.youtube.com\/channel\/UCf73dERp9Y3cfOq7q8BhLjA?view_as=subscriber\"]}]}<\/script>\n<meta property=\"product:brand\" content=\"Sharp Display\" \/>\n<meta property=\"product:price:amount\" content=\"58449\" \/>\n<meta property=\"product:price:currency\" content=\"MXN\" \/>\n<meta property=\"og:availability\" content=\"backorder\" \/>\n<meta property=\"product:availability\" content=\"available for order\" \/>\n<meta property=\"product:retailer_item_id\" content=\"PN-M752\" \/>\n<meta property=\"product:condition\" content=\"new\" \/>\n<!-- \/ Yoast SEO plugin. -->","yoast_head_json":{"title":"[ Sharp Display ] &#129351; Pn-m752 Monitor Profesional Sharp 75 Uhd 3840 X 2160 24\/7, 550 Cd\/m2, 80001, Hdmi, Displayport Hdcp, Usb, Rj-45, Intel Sdm Y Rpi4","description":"Compra Pn-m752 Monitor Profesional Sharp 75 Uhd 3840 X 2160 24\/7, 550 Cd\/m2, 80001, Hdmi, Displayport Hdcp, Usb, Rj-45, Intel Sdm Y Rpi4 + Env\u00edo a domicilio + Pago seguro + Garant\u00eda","robots":{"index":"index","follow":"follow","max-snippet":"max-snippet:-1","max-image-preview":"max-image-preview:large","max-video-preview":"max-video-preview:-1"},"canonical":"https:\/\/compuviper.mx\/tienda\/producto\/sharp-display-pn-m752-monitor-profesional-sharp-75-uhd-3840-x-2160-24-7-550-cd-m2-80001-hdmi-displayport-hdcp-usb-rj-45-intel-sdm-y-rpi4\/","og_locale":"es_MX","og_type":"article","og_title":"[ Sharp Display ] &#129351; Pn-m752 Monitor Profesional Sharp 75 Uhd 3840 X 2160 24\/7, 550 Cd\/m2, 80001, Hdmi, Displayport Hdcp, Usb, Rj-45, Intel Sdm Y Rpi4","og_description":"Compra Pn-m752 Monitor Profesional Sharp 75 Uhd 3840 X 2160 24\/7, 550 Cd\/m2, 80001, Hdmi, Displayport Hdcp, Usb, Rj-45, Intel Sdm Y Rpi4 + Env\u00edo a domicilio + Pago seguro + Garant\u00eda","og_url":"https:\/\/compuviper.mx\/tienda\/producto\/sharp-display-pn-m752-monitor-profesional-sharp-75-uhd-3840-x-2160-24-7-550-cd-m2-80001-hdmi-displayport-hdcp-usb-rj-45-intel-sdm-y-rpi4\/","og_site_name":"Compuviper","article_publisher":"https:\/\/www.facebook.com\/compuviper","twitter_card":"summary_large_image","twitter_misc":{"Precio":"&#36;58,449 con IVA","Availability":"On backorder"},"schema":{"@context":"https:\/\/schema.org","@graph":[{"@type":"WebPage","@id":"https:\/\/compuviper.mx\/tienda\/producto\/sharp-display-pn-m752-monitor-profesional-sharp-75-uhd-3840-x-2160-24-7-550-cd-m2-80001-hdmi-displayport-hdcp-usb-rj-45-intel-sdm-y-rpi4\/","url":"https:\/\/compuviper.mx\/tienda\/producto\/sharp-display-pn-m752-monitor-profesional-sharp-75-uhd-3840-x-2160-24-7-550-cd-m2-80001-hdmi-displayport-hdcp-usb-rj-45-intel-sdm-y-rpi4\/","name":"[ Sharp Display ] &#129351; Pn-m752 Monitor Profesional Sharp 75 Uhd 3840 X 2160 24\/7, 550 Cd\/m2, 80001, Hdmi, Displayport Hdcp, Usb, Rj-45, Intel Sdm Y Rpi4","isPartOf":{"@id":"https:\/\/compuviper.mx\/tienda\/#website"},"datePublished":"2026-04-25T06:48:06+00:00","dateModified":"2026-04-25T06:48:06+00:00","description":"Compra Pn-m752 Monitor Profesional Sharp 75 Uhd 3840 X 2160 24\/7, 550 Cd\/m2, 80001, Hdmi, Displayport Hdcp, Usb, Rj-45, Intel Sdm Y Rpi4 + Env\u00edo a domicilio + Pago seguro + Garant\u00eda","breadcrumb":{"@id":"https:\/\/compuviper.mx\/tienda\/producto\/sharp-display-pn-m752-monitor-profesional-sharp-75-uhd-3840-x-2160-24-7-550-cd-m2-80001-hdmi-displayport-hdcp-usb-rj-45-intel-sdm-y-rpi4\/#breadcrumb"},"inLanguage":"es-MX","potentialAction":[{"@type":"ReadAction","target":["https:\/\/compuviper.mx\/tienda\/producto\/sharp-display-pn-m752-monitor-profesional-sharp-75-uhd-3840-x-2160-24-7-550-cd-m2-80001-hdmi-displayport-hdcp-usb-rj-45-intel-sdm-y-rpi4\/"]}]},{"@type":"BreadcrumbList","@id":"https:\/\/compuviper.mx\/tienda\/producto\/sharp-display-pn-m752-monitor-profesional-sharp-75-uhd-3840-x-2160-24-7-550-cd-m2-80001-hdmi-displayport-hdcp-usb-rj-45-intel-sdm-y-rpi4\/#breadcrumb","itemListElement":[{"@type":"ListItem","position":1,"name":"Inicio","item":"https:\/\/compuviper.mx\/tienda\/"},{"@type":"ListItem","position":2,"name":"Productos","item":"https:\/\/compuviper.mx\/tienda\/productos\/"},{"@type":"ListItem","position":3,"name":"Monitores","item":"https:\/\/compuviper.mx\/tienda\/categoria-producto\/monitores\/"},{"@type":"ListItem","position":4,"name":"Led","item":"https:\/\/compuviper.mx\/tienda\/categoria-producto\/monitores\/led\/"},{"@type":"ListItem","position":5,"name":"Sharp Display Pn-m752 Monitor Profesional Sharp 75 Uhd 3840 X 2160 24\/7, 550 Cd\/m2, 80001, Hdmi, Displayport Hdcp, Usb, Rj-45, Intel Sdm Y Rpi4"}]},{"@type":"WebSite","@id":"https:\/\/compuviper.mx\/tienda\/#website","url":"https:\/\/compuviper.mx\/tienda\/","name":"Compuviper","description":"Proveedor de Computadoras, Laptops, Servidores, Monitores, Puntos de Venta, Teclados,   Impresoras, T\u00f3ner, C\u00e1maras de Seguridad y m\u00e1s en tu tienda en l\u00ednea","publisher":{"@id":"https:\/\/compuviper.mx\/tienda\/#organization"},"potentialAction":[{"@type":"SearchAction","target":{"@type":"EntryPoint","urlTemplate":"https:\/\/compuviper.mx\/tienda\/?s={search_term_string}"},"query-input":"required name=search_term_string"}],"inLanguage":"es-MX"},{"@type":"Organization","@id":"https:\/\/compuviper.mx\/tienda\/#organization","name":"Compuviper","url":"https:\/\/compuviper.mx\/tienda\/","logo":{"@type":"ImageObject","inLanguage":"es-MX","@id":"https:\/\/compuviper.mx\/tienda\/#\/schema\/logo\/image\/","url":"https:\/\/compuviper.mx\/tienda\/wp-content\/uploads\/2021\/08\/Logo-Compuviper-10.png","contentUrl":"https:\/\/compuviper.mx\/tienda\/wp-content\/uploads\/2021\/08\/Logo-Compuviper-10.png","width":1000,"height":500,"caption":"Compuviper"},"image":{"@id":"https:\/\/compuviper.mx\/tienda\/#\/schema\/logo\/image\/"},"sameAs":["https:\/\/www.facebook.com\/compuviper","https:\/\/www.youtube.com\/channel\/UCf73dERp9Y3cfOq7q8BhLjA?view_as=subscriber"]}]},"product_brand":"Sharp Display","product_price_amount":"58449","product_price_currency":"MXN","og_availability":"backorder","product_availability":"available for order","product_retailer_item_id":"PN-M752","product_condition":"new"},"_links":{"self":[{"href":"https:\/\/compuviper.mx\/tienda\/wp-json\/wp\/v2\/product\/261886"}],"collection":[{"href":"https:\/\/compuviper.mx\/tienda\/wp-json\/wp\/v2\/product"}],"about":[{"href":"https:\/\/compuviper.mx\/tienda\/wp-json\/wp\/v2\/types\/product"}],"replies":[{"embeddable":true,"href":"https:\/\/compuviper.mx\/tienda\/wp-json\/wp\/v2\/comments?post=261886"}],"wp:attachment":[{"href":"https:\/\/compuviper.mx\/tienda\/wp-json\/wp\/v2\/media?parent=261886"}],"wp:term":[{"taxonomy":"product_cat","embeddable":true,"href":"https:\/\/compuviper.mx\/tienda\/wp-json\/wp\/v2\/product_cat?post=261886"},{"taxonomy":"product_tag","embeddable":true,"href":"https:\/\/compuviper.mx\/tienda\/wp-json\/wp\/v2\/product_tag?post=261886"}],"curies":[{"name":"wp","href":"https:\/\/api.w.org\/{rel}","templated":true}]}}