{"id":261877,"date":"2026-04-02T00:39:46","date_gmt":"2026-04-02T06:39:46","guid":{"rendered":"https:\/\/compuviper.mx\/tienda\/producto\/lenovo-4xb7a90875-unidad-de-estado-solido-thinksystem-2-5-va-1-92tb-read-intensive-sata-6gb-hs-ssd-v2\/"},"modified":"2026-04-02T00:39:46","modified_gmt":"2026-04-02T06:39:46","slug":"lenovo-4xb7a90875-unidad-de-estado-solido-thinksystem-2-5-va-1-92tb-read-intensive-sata-6gb-hs-ssd-v2","status":"publish","type":"product","link":"https:\/\/compuviper.mx\/tienda\/producto\/lenovo-4xb7a90875-unidad-de-estado-solido-thinksystem-2-5-va-1-92tb-read-intensive-sata-6gb-hs-ssd-v2\/","title":{"rendered":"Lenovo 4xb7a90875 Unidad De Estado Solido  Thinksystem 2.5 Va 1.92tb Read Intensive Sata 6gb Hs Ssd V2"},"content":{"rendered":"<table class=\"descripcion\">\n<tr>\n<td>Capacidad: 1.92 tb<\/td>\n<\/tr>\n<tr>\n<td>Factor de forma: 2.5 pulgadas<\/td>\n<\/tr>\n<tr>\n<td>Interfaz: serial ata iii (sata 6 gb\/s)<\/td>\n<\/tr>\n<tr>\n<td>Tipo de memoria: v-nand tlc<\/td>\n<\/tr>\n<tr>\n<td>Lectura aleatoria (4kb): 82,000 iops<\/td>\n<\/tr>\n<tr>\n<td>Escritura aleatoria (4kb): 28,000 iops<\/td>\n<\/tr>\n<tr>\n<td>Soporte s.m.a.r.t.: s\u00ed<\/td>\n<\/tr>\n<tr>\n<td>Funci\u00f3n h\/w plp (protecci\u00f3n de p\u00e9rdida de energ\u00eda por hardware): s\u00ed<\/td>\n<\/tr>\n<tr>\n<td>Tasa de error de bit incorregible (uber): menos de 1 por cada 10^17 bits le\u00eddos<\/td>\n<\/tr>\n<tr>\n<td>Tiempo medio entre fallos (mtbf): 2,000,000 horas<\/td>\n<\/tr>\n<tr>\n<td>Escritura de la unidad por d\u00eda (dwpd): 1<\/td>\n<\/tr>\n<tr>\n<td>Certificaciones: ul, tuv, fcc, ce mark, c-tick, bsmi (taiw\u00e1n), kcc (corea emi)<\/td>\n<\/tr>\n<tr>\n<td>Dimensiones: ancho 70 mm, profundidad 100 mm, altura 7 mm<\/td>\n<\/tr>\n<tr>\n<td>Condiciones ambientales de operaci\u00f3n: temperatura de 0 a 70 \u00b0c, humedad relativa del 5% al 95%<\/td>\n<\/tr>\n<tr>\n<td>Resistente a vibraciones y golpes cuando no est\u00e1 en operaci\u00f3n<\/td>\n<\/tr>\n<tr>\n<td>Compatible con servidores lenovo thinksystem y dise\u00f1ado para cargas de trabajo intensivas de lectura<\/td>\n<\/tr>\n<\/table>\n","protected":false},"excerpt":{"rendered":"<p>Esta unidad es un ssd de estado s\u00f3lido enfocado en entornos de servidor con alta capacidad y confiabilidad para operaciones principalmente de lectura intensivalenovo 4xb7a90875 unidad interna de estado s\u00f3lido 1.92 tb 2.5<\/p>\n","protected":false},"featured_media":0,"comment_status":"open","ping_status":"open","template":"","meta":[],"product_cat":[1703,1708],"product_tag":[1578],"acf":[],"yoast_head":"<!-- This site is optimized with the Yoast SEO plugin v21.7 - https:\/\/yoast.com\/wordpress\/plugins\/seo\/ -->\n<title>[ Lenovo ] &#129351; 4xb7a90875 Unidad De Estado Solido Thinksystem 2.5 Va 1.92tb Read Intensive Sata 6gb Hs Ssd V2<\/title>\n<meta name=\"description\" content=\"Compra 4xb7a90875 Unidad De Estado Solido Thinksystem 2.5 Va 1.92tb Read Intensive Sata 6gb Hs Ssd V2 + Env\u00edo a domicilio + Pago seguro + Garant\u00eda\" \/>\n<meta name=\"robots\" content=\"index, follow, max-snippet:-1, max-image-preview:large, max-video-preview:-1\" \/>\n<link rel=\"canonical\" href=\"https:\/\/compuviper.mx\/tienda\/producto\/lenovo-4xb7a90875-unidad-de-estado-solido-thinksystem-2-5-va-1-92tb-read-intensive-sata-6gb-hs-ssd-v2\/\" \/>\n<meta property=\"og:locale\" content=\"es_MX\" \/>\n<meta property=\"og:type\" content=\"article\" \/>\n<meta property=\"og:title\" content=\"[ Lenovo ] &#129351; 4xb7a90875 Unidad De Estado Solido Thinksystem 2.5 Va 1.92tb Read Intensive Sata 6gb Hs Ssd V2\" \/>\n<meta property=\"og:description\" content=\"Compra 4xb7a90875 Unidad De Estado Solido Thinksystem 2.5 Va 1.92tb Read Intensive Sata 6gb Hs Ssd V2 + Env\u00edo a domicilio + Pago seguro + Garant\u00eda\" \/>\n<meta property=\"og:url\" content=\"https:\/\/compuviper.mx\/tienda\/producto\/lenovo-4xb7a90875-unidad-de-estado-solido-thinksystem-2-5-va-1-92tb-read-intensive-sata-6gb-hs-ssd-v2\/\" \/>\n<meta property=\"og:site_name\" content=\"Compuviper\" \/>\n<meta property=\"article:publisher\" content=\"https:\/\/www.facebook.com\/compuviper\" \/>\n<meta name=\"twitter:card\" content=\"summary_large_image\" \/>\n<meta name=\"twitter:label1\" content=\"Precio\" \/>\n\t<meta name=\"twitter:data1\" content=\"&#36;25,812 con IVA\" \/>\n\t<meta name=\"twitter:label2\" content=\"Availability\" \/>\n\t<meta name=\"twitter:data2\" content=\"Out of stock\" \/>\n<script type=\"application\/ld+json\" class=\"yoast-schema-graph\">{\"@context\":\"https:\/\/schema.org\",\"@graph\":[{\"@type\":\"WebPage\",\"@id\":\"https:\/\/compuviper.mx\/tienda\/producto\/lenovo-4xb7a90875-unidad-de-estado-solido-thinksystem-2-5-va-1-92tb-read-intensive-sata-6gb-hs-ssd-v2\/\",\"url\":\"https:\/\/compuviper.mx\/tienda\/producto\/lenovo-4xb7a90875-unidad-de-estado-solido-thinksystem-2-5-va-1-92tb-read-intensive-sata-6gb-hs-ssd-v2\/\",\"name\":\"[ Lenovo ] &#129351; 4xb7a90875 Unidad De Estado Solido Thinksystem 2.5 Va 1.92tb Read Intensive Sata 6gb Hs Ssd V2\",\"isPartOf\":{\"@id\":\"https:\/\/compuviper.mx\/tienda\/#website\"},\"datePublished\":\"2026-04-02T06:39:46+00:00\",\"dateModified\":\"2026-04-02T06:39:46+00:00\",\"description\":\"Compra 4xb7a90875 Unidad De Estado Solido Thinksystem 2.5 Va 1.92tb Read Intensive Sata 6gb Hs Ssd V2 + Env\u00edo a domicilio + Pago seguro + Garant\u00eda\",\"breadcrumb\":{\"@id\":\"https:\/\/compuviper.mx\/tienda\/producto\/lenovo-4xb7a90875-unidad-de-estado-solido-thinksystem-2-5-va-1-92tb-read-intensive-sata-6gb-hs-ssd-v2\/#breadcrumb\"},\"inLanguage\":\"es-MX\",\"potentialAction\":[{\"@type\":\"ReadAction\",\"target\":[\"https:\/\/compuviper.mx\/tienda\/producto\/lenovo-4xb7a90875-unidad-de-estado-solido-thinksystem-2-5-va-1-92tb-read-intensive-sata-6gb-hs-ssd-v2\/\"]}]},{\"@type\":\"BreadcrumbList\",\"@id\":\"https:\/\/compuviper.mx\/tienda\/producto\/lenovo-4xb7a90875-unidad-de-estado-solido-thinksystem-2-5-va-1-92tb-read-intensive-sata-6gb-hs-ssd-v2\/#breadcrumb\",\"itemListElement\":[{\"@type\":\"ListItem\",\"position\":1,\"name\":\"Inicio\",\"item\":\"https:\/\/compuviper.mx\/tienda\/\"},{\"@type\":\"ListItem\",\"position\":2,\"name\":\"Productos\",\"item\":\"https:\/\/compuviper.mx\/tienda\/productos\/\"},{\"@type\":\"ListItem\",\"position\":3,\"name\":\"Discos Duros\",\"item\":\"https:\/\/compuviper.mx\/tienda\/categoria-producto\/discos-duros\/\"},{\"@type\":\"ListItem\",\"position\":4,\"name\":\"Unidad De Estado Solido\",\"item\":\"https:\/\/compuviper.mx\/tienda\/categoria-producto\/discos-duros\/unidad-de-estado-solido\/\"},{\"@type\":\"ListItem\",\"position\":5,\"name\":\"Lenovo 4xb7a90875 Unidad De Estado Solido Thinksystem 2.5 Va 1.92tb Read Intensive Sata 6gb Hs Ssd V2\"}]},{\"@type\":\"WebSite\",\"@id\":\"https:\/\/compuviper.mx\/tienda\/#website\",\"url\":\"https:\/\/compuviper.mx\/tienda\/\",\"name\":\"Compuviper\",\"description\":\"Proveedor de Computadoras, Laptops, Servidores, Monitores, Puntos de Venta, Teclados,   Impresoras, T\u00f3ner, C\u00e1maras de Seguridad y m\u00e1s en tu tienda en l\u00ednea\",\"publisher\":{\"@id\":\"https:\/\/compuviper.mx\/tienda\/#organization\"},\"potentialAction\":[{\"@type\":\"SearchAction\",\"target\":{\"@type\":\"EntryPoint\",\"urlTemplate\":\"https:\/\/compuviper.mx\/tienda\/?s={search_term_string}\"},\"query-input\":\"required name=search_term_string\"}],\"inLanguage\":\"es-MX\"},{\"@type\":\"Organization\",\"@id\":\"https:\/\/compuviper.mx\/tienda\/#organization\",\"name\":\"Compuviper\",\"url\":\"https:\/\/compuviper.mx\/tienda\/\",\"logo\":{\"@type\":\"ImageObject\",\"inLanguage\":\"es-MX\",\"@id\":\"https:\/\/compuviper.mx\/tienda\/#\/schema\/logo\/image\/\",\"url\":\"https:\/\/compuviper.mx\/tienda\/wp-content\/uploads\/2021\/08\/Logo-Compuviper-10.png\",\"contentUrl\":\"https:\/\/compuviper.mx\/tienda\/wp-content\/uploads\/2021\/08\/Logo-Compuviper-10.png\",\"width\":1000,\"height\":500,\"caption\":\"Compuviper\"},\"image\":{\"@id\":\"https:\/\/compuviper.mx\/tienda\/#\/schema\/logo\/image\/\"},\"sameAs\":[\"https:\/\/www.facebook.com\/compuviper\",\"https:\/\/www.youtube.com\/channel\/UCf73dERp9Y3cfOq7q8BhLjA?view_as=subscriber\"]}]}<\/script>\n<meta property=\"product:brand\" content=\"LENOVO\" \/>\n<meta property=\"product:price:amount\" content=\"25812\" \/>\n<meta property=\"product:price:currency\" content=\"MXN\" \/>\n<meta property=\"og:availability\" content=\"out of stock\" \/>\n<meta property=\"product:availability\" content=\"out of stock\" \/>\n<meta property=\"product:retailer_item_id\" content=\"4XB7A90875\" \/>\n<meta property=\"product:condition\" content=\"new\" \/>\n<!-- \/ Yoast SEO plugin. -->","yoast_head_json":{"title":"[ Lenovo ] &#129351; 4xb7a90875 Unidad De Estado Solido Thinksystem 2.5 Va 1.92tb Read Intensive Sata 6gb Hs Ssd V2","description":"Compra 4xb7a90875 Unidad De Estado Solido Thinksystem 2.5 Va 1.92tb Read Intensive Sata 6gb Hs Ssd V2 + Env\u00edo a domicilio + Pago seguro + Garant\u00eda","robots":{"index":"index","follow":"follow","max-snippet":"max-snippet:-1","max-image-preview":"max-image-preview:large","max-video-preview":"max-video-preview:-1"},"canonical":"https:\/\/compuviper.mx\/tienda\/producto\/lenovo-4xb7a90875-unidad-de-estado-solido-thinksystem-2-5-va-1-92tb-read-intensive-sata-6gb-hs-ssd-v2\/","og_locale":"es_MX","og_type":"article","og_title":"[ Lenovo ] &#129351; 4xb7a90875 Unidad De Estado Solido Thinksystem 2.5 Va 1.92tb Read Intensive Sata 6gb Hs Ssd V2","og_description":"Compra 4xb7a90875 Unidad De Estado Solido Thinksystem 2.5 Va 1.92tb Read Intensive Sata 6gb Hs Ssd V2 + Env\u00edo a domicilio + Pago seguro + Garant\u00eda","og_url":"https:\/\/compuviper.mx\/tienda\/producto\/lenovo-4xb7a90875-unidad-de-estado-solido-thinksystem-2-5-va-1-92tb-read-intensive-sata-6gb-hs-ssd-v2\/","og_site_name":"Compuviper","article_publisher":"https:\/\/www.facebook.com\/compuviper","twitter_card":"summary_large_image","twitter_misc":{"Precio":"&#36;25,812 con IVA","Availability":"Out of stock"},"schema":{"@context":"https:\/\/schema.org","@graph":[{"@type":"WebPage","@id":"https:\/\/compuviper.mx\/tienda\/producto\/lenovo-4xb7a90875-unidad-de-estado-solido-thinksystem-2-5-va-1-92tb-read-intensive-sata-6gb-hs-ssd-v2\/","url":"https:\/\/compuviper.mx\/tienda\/producto\/lenovo-4xb7a90875-unidad-de-estado-solido-thinksystem-2-5-va-1-92tb-read-intensive-sata-6gb-hs-ssd-v2\/","name":"[ Lenovo ] &#129351; 4xb7a90875 Unidad De Estado Solido Thinksystem 2.5 Va 1.92tb Read Intensive Sata 6gb Hs Ssd V2","isPartOf":{"@id":"https:\/\/compuviper.mx\/tienda\/#website"},"datePublished":"2026-04-02T06:39:46+00:00","dateModified":"2026-04-02T06:39:46+00:00","description":"Compra 4xb7a90875 Unidad De Estado Solido Thinksystem 2.5 Va 1.92tb Read Intensive Sata 6gb Hs Ssd V2 + Env\u00edo a domicilio + Pago seguro + Garant\u00eda","breadcrumb":{"@id":"https:\/\/compuviper.mx\/tienda\/producto\/lenovo-4xb7a90875-unidad-de-estado-solido-thinksystem-2-5-va-1-92tb-read-intensive-sata-6gb-hs-ssd-v2\/#breadcrumb"},"inLanguage":"es-MX","potentialAction":[{"@type":"ReadAction","target":["https:\/\/compuviper.mx\/tienda\/producto\/lenovo-4xb7a90875-unidad-de-estado-solido-thinksystem-2-5-va-1-92tb-read-intensive-sata-6gb-hs-ssd-v2\/"]}]},{"@type":"BreadcrumbList","@id":"https:\/\/compuviper.mx\/tienda\/producto\/lenovo-4xb7a90875-unidad-de-estado-solido-thinksystem-2-5-va-1-92tb-read-intensive-sata-6gb-hs-ssd-v2\/#breadcrumb","itemListElement":[{"@type":"ListItem","position":1,"name":"Inicio","item":"https:\/\/compuviper.mx\/tienda\/"},{"@type":"ListItem","position":2,"name":"Productos","item":"https:\/\/compuviper.mx\/tienda\/productos\/"},{"@type":"ListItem","position":3,"name":"Discos Duros","item":"https:\/\/compuviper.mx\/tienda\/categoria-producto\/discos-duros\/"},{"@type":"ListItem","position":4,"name":"Unidad De Estado Solido","item":"https:\/\/compuviper.mx\/tienda\/categoria-producto\/discos-duros\/unidad-de-estado-solido\/"},{"@type":"ListItem","position":5,"name":"Lenovo 4xb7a90875 Unidad De Estado Solido Thinksystem 2.5 Va 1.92tb Read Intensive Sata 6gb Hs Ssd V2"}]},{"@type":"WebSite","@id":"https:\/\/compuviper.mx\/tienda\/#website","url":"https:\/\/compuviper.mx\/tienda\/","name":"Compuviper","description":"Proveedor de Computadoras, Laptops, Servidores, Monitores, Puntos de Venta, Teclados,   Impresoras, T\u00f3ner, C\u00e1maras de Seguridad y m\u00e1s en tu tienda en l\u00ednea","publisher":{"@id":"https:\/\/compuviper.mx\/tienda\/#organization"},"potentialAction":[{"@type":"SearchAction","target":{"@type":"EntryPoint","urlTemplate":"https:\/\/compuviper.mx\/tienda\/?s={search_term_string}"},"query-input":"required name=search_term_string"}],"inLanguage":"es-MX"},{"@type":"Organization","@id":"https:\/\/compuviper.mx\/tienda\/#organization","name":"Compuviper","url":"https:\/\/compuviper.mx\/tienda\/","logo":{"@type":"ImageObject","inLanguage":"es-MX","@id":"https:\/\/compuviper.mx\/tienda\/#\/schema\/logo\/image\/","url":"https:\/\/compuviper.mx\/tienda\/wp-content\/uploads\/2021\/08\/Logo-Compuviper-10.png","contentUrl":"https:\/\/compuviper.mx\/tienda\/wp-content\/uploads\/2021\/08\/Logo-Compuviper-10.png","width":1000,"height":500,"caption":"Compuviper"},"image":{"@id":"https:\/\/compuviper.mx\/tienda\/#\/schema\/logo\/image\/"},"sameAs":["https:\/\/www.facebook.com\/compuviper","https:\/\/www.youtube.com\/channel\/UCf73dERp9Y3cfOq7q8BhLjA?view_as=subscriber"]}]},"product_brand":"LENOVO","product_price_amount":"25812","product_price_currency":"MXN","og_availability":"out of stock","product_availability":"out of stock","product_retailer_item_id":"4XB7A90875","product_condition":"new"},"_links":{"self":[{"href":"https:\/\/compuviper.mx\/tienda\/wp-json\/wp\/v2\/product\/261877"}],"collection":[{"href":"https:\/\/compuviper.mx\/tienda\/wp-json\/wp\/v2\/product"}],"about":[{"href":"https:\/\/compuviper.mx\/tienda\/wp-json\/wp\/v2\/types\/product"}],"replies":[{"embeddable":true,"href":"https:\/\/compuviper.mx\/tienda\/wp-json\/wp\/v2\/comments?post=261877"}],"wp:attachment":[{"href":"https:\/\/compuviper.mx\/tienda\/wp-json\/wp\/v2\/media?parent=261877"}],"wp:term":[{"taxonomy":"product_cat","embeddable":true,"href":"https:\/\/compuviper.mx\/tienda\/wp-json\/wp\/v2\/product_cat?post=261877"},{"taxonomy":"product_tag","embeddable":true,"href":"https:\/\/compuviper.mx\/tienda\/wp-json\/wp\/v2\/product_tag?post=261877"}],"curies":[{"name":"wp","href":"https:\/\/api.w.org\/{rel}","templated":true}]}}