{"id":261875,"date":"2026-04-11T00:41:13","date_gmt":"2026-04-11T06:41:13","guid":{"rendered":"https:\/\/compuviper.mx\/tienda\/producto\/lenovo-4xb7b07589-unidad-de-estado-solido-thinksystem-m-2-va-960gb-read-intensive-sata-6gb-nhs-ssd\/"},"modified":"2026-04-11T00:41:13","modified_gmt":"2026-04-11T06:41:13","slug":"lenovo-4xb7b07589-unidad-de-estado-solido-thinksystem-m-2-va-960gb-read-intensive-sata-6gb-nhs-ssd","status":"publish","type":"product","link":"https:\/\/compuviper.mx\/tienda\/producto\/lenovo-4xb7b07589-unidad-de-estado-solido-thinksystem-m-2-va-960gb-read-intensive-sata-6gb-nhs-ssd\/","title":{"rendered":"Lenovo 4xb7b07589 Unidad De Estado Solido  Thinksystem M.2 Va 960gb Read Intensive Sata 6gb Nhs Ssd"},"content":{"rendered":"<table class=\"descripcion\">\n<tr>\n<td>Tipo de dispositivo: ssd interno para servidores.<\/td>\n<\/tr>\n<tr>\n<td>Capacidad: 960 gb.<\/td>\n<\/tr>\n<tr>\n<td>Interfaz: sata con velocidad de hasta 6 gb\/s.<\/td>\n<\/tr>\n<tr>\n<td>Tipo de uso: lectura intensiva.<\/td>\n<\/tr>\n<tr>\n<td>No es intercambiable en caliente (no permite extracci\u00f3n sin apagar el equipo).<\/td>\n<\/tr>\n<tr>\n<td>Factor de forma: m.2.<\/td>\n<\/tr>\n<\/table>\n","protected":false},"excerpt":{"rendered":"<p>Este ssd est\u00e1 dise\u00f1ado para cargas de trabajo con alta demanda de lectura en centros de datos, siendo com\u00fan su uso en servidores lenovo thinksystem como el modelo sr630 v3. Proporciona una soluci\u00f3n fiable para almacenamiento interno en entornos empresariales<\/p>\n","protected":false},"featured_media":0,"comment_status":"open","ping_status":"open","template":"","meta":[],"product_cat":[1703,1708],"product_tag":[1578],"acf":[],"yoast_head":"<!-- This site is optimized with the Yoast SEO plugin v21.7 - https:\/\/yoast.com\/wordpress\/plugins\/seo\/ -->\n<title>[ Lenovo ] &#129351; 4xb7b07589 Unidad De Estado Solido Thinksystem M.2 Va 960gb Read Intensive Sata 6gb Nhs Ssd<\/title>\n<meta name=\"description\" content=\"Compra 4xb7b07589 Unidad De Estado Solido Thinksystem M.2 Va 960gb Read Intensive Sata 6gb Nhs Ssd + Env\u00edo a domicilio + Pago seguro + Garant\u00eda\" \/>\n<meta name=\"robots\" content=\"index, follow, max-snippet:-1, max-image-preview:large, max-video-preview:-1\" \/>\n<link rel=\"canonical\" href=\"https:\/\/compuviper.mx\/tienda\/producto\/lenovo-4xb7b07589-unidad-de-estado-solido-thinksystem-m-2-va-960gb-read-intensive-sata-6gb-nhs-ssd\/\" \/>\n<meta property=\"og:locale\" content=\"es_MX\" \/>\n<meta property=\"og:type\" content=\"article\" \/>\n<meta property=\"og:title\" content=\"[ Lenovo ] &#129351; 4xb7b07589 Unidad De Estado Solido Thinksystem M.2 Va 960gb Read Intensive Sata 6gb Nhs Ssd\" \/>\n<meta property=\"og:description\" content=\"Compra 4xb7b07589 Unidad De Estado Solido Thinksystem M.2 Va 960gb Read Intensive Sata 6gb Nhs Ssd + Env\u00edo a domicilio + Pago seguro + Garant\u00eda\" \/>\n<meta property=\"og:url\" content=\"https:\/\/compuviper.mx\/tienda\/producto\/lenovo-4xb7b07589-unidad-de-estado-solido-thinksystem-m-2-va-960gb-read-intensive-sata-6gb-nhs-ssd\/\" \/>\n<meta property=\"og:site_name\" content=\"Compuviper\" \/>\n<meta property=\"article:publisher\" content=\"https:\/\/www.facebook.com\/compuviper\" \/>\n<meta name=\"twitter:card\" content=\"summary_large_image\" \/>\n<meta name=\"twitter:label1\" content=\"Precio\" \/>\n\t<meta name=\"twitter:data1\" content=\"&#36;25,306 con IVA\" \/>\n\t<meta name=\"twitter:label2\" content=\"Availability\" \/>\n\t<meta name=\"twitter:data2\" content=\"In stock\" \/>\n<script type=\"application\/ld+json\" class=\"yoast-schema-graph\">{\"@context\":\"https:\/\/schema.org\",\"@graph\":[{\"@type\":\"WebPage\",\"@id\":\"https:\/\/compuviper.mx\/tienda\/producto\/lenovo-4xb7b07589-unidad-de-estado-solido-thinksystem-m-2-va-960gb-read-intensive-sata-6gb-nhs-ssd\/\",\"url\":\"https:\/\/compuviper.mx\/tienda\/producto\/lenovo-4xb7b07589-unidad-de-estado-solido-thinksystem-m-2-va-960gb-read-intensive-sata-6gb-nhs-ssd\/\",\"name\":\"[ Lenovo ] &#129351; 4xb7b07589 Unidad De Estado Solido Thinksystem M.2 Va 960gb Read Intensive Sata 6gb Nhs Ssd\",\"isPartOf\":{\"@id\":\"https:\/\/compuviper.mx\/tienda\/#website\"},\"datePublished\":\"2026-04-11T06:41:13+00:00\",\"dateModified\":\"2026-04-11T06:41:13+00:00\",\"description\":\"Compra 4xb7b07589 Unidad De Estado Solido Thinksystem M.2 Va 960gb Read Intensive Sata 6gb Nhs Ssd + Env\u00edo a domicilio + Pago seguro + Garant\u00eda\",\"breadcrumb\":{\"@id\":\"https:\/\/compuviper.mx\/tienda\/producto\/lenovo-4xb7b07589-unidad-de-estado-solido-thinksystem-m-2-va-960gb-read-intensive-sata-6gb-nhs-ssd\/#breadcrumb\"},\"inLanguage\":\"es-MX\",\"potentialAction\":[{\"@type\":\"ReadAction\",\"target\":[\"https:\/\/compuviper.mx\/tienda\/producto\/lenovo-4xb7b07589-unidad-de-estado-solido-thinksystem-m-2-va-960gb-read-intensive-sata-6gb-nhs-ssd\/\"]}]},{\"@type\":\"BreadcrumbList\",\"@id\":\"https:\/\/compuviper.mx\/tienda\/producto\/lenovo-4xb7b07589-unidad-de-estado-solido-thinksystem-m-2-va-960gb-read-intensive-sata-6gb-nhs-ssd\/#breadcrumb\",\"itemListElement\":[{\"@type\":\"ListItem\",\"position\":1,\"name\":\"Inicio\",\"item\":\"https:\/\/compuviper.mx\/tienda\/\"},{\"@type\":\"ListItem\",\"position\":2,\"name\":\"Productos\",\"item\":\"https:\/\/compuviper.mx\/tienda\/productos\/\"},{\"@type\":\"ListItem\",\"position\":3,\"name\":\"Discos Duros\",\"item\":\"https:\/\/compuviper.mx\/tienda\/categoria-producto\/discos-duros\/\"},{\"@type\":\"ListItem\",\"position\":4,\"name\":\"Unidad De Estado Solido\",\"item\":\"https:\/\/compuviper.mx\/tienda\/categoria-producto\/discos-duros\/unidad-de-estado-solido\/\"},{\"@type\":\"ListItem\",\"position\":5,\"name\":\"Lenovo 4xb7b07589 Unidad De Estado Solido Thinksystem M.2 Va 960gb Read Intensive Sata 6gb Nhs Ssd\"}]},{\"@type\":\"WebSite\",\"@id\":\"https:\/\/compuviper.mx\/tienda\/#website\",\"url\":\"https:\/\/compuviper.mx\/tienda\/\",\"name\":\"Compuviper\",\"description\":\"Proveedor de Computadoras, Laptops, Servidores, Monitores, Puntos de Venta, Teclados,   Impresoras, T\u00f3ner, C\u00e1maras de Seguridad y m\u00e1s en tu tienda en l\u00ednea\",\"publisher\":{\"@id\":\"https:\/\/compuviper.mx\/tienda\/#organization\"},\"potentialAction\":[{\"@type\":\"SearchAction\",\"target\":{\"@type\":\"EntryPoint\",\"urlTemplate\":\"https:\/\/compuviper.mx\/tienda\/?s={search_term_string}\"},\"query-input\":\"required name=search_term_string\"}],\"inLanguage\":\"es-MX\"},{\"@type\":\"Organization\",\"@id\":\"https:\/\/compuviper.mx\/tienda\/#organization\",\"name\":\"Compuviper\",\"url\":\"https:\/\/compuviper.mx\/tienda\/\",\"logo\":{\"@type\":\"ImageObject\",\"inLanguage\":\"es-MX\",\"@id\":\"https:\/\/compuviper.mx\/tienda\/#\/schema\/logo\/image\/\",\"url\":\"https:\/\/compuviper.mx\/tienda\/wp-content\/uploads\/2021\/08\/Logo-Compuviper-10.png\",\"contentUrl\":\"https:\/\/compuviper.mx\/tienda\/wp-content\/uploads\/2021\/08\/Logo-Compuviper-10.png\",\"width\":1000,\"height\":500,\"caption\":\"Compuviper\"},\"image\":{\"@id\":\"https:\/\/compuviper.mx\/tienda\/#\/schema\/logo\/image\/\"},\"sameAs\":[\"https:\/\/www.facebook.com\/compuviper\",\"https:\/\/www.youtube.com\/channel\/UCf73dERp9Y3cfOq7q8BhLjA?view_as=subscriber\"]}]}<\/script>\n<meta property=\"product:brand\" content=\"LENOVO\" \/>\n<meta property=\"product:price:amount\" content=\"25306\" \/>\n<meta property=\"product:price:currency\" content=\"MXN\" \/>\n<meta property=\"og:availability\" content=\"instock\" \/>\n<meta property=\"product:availability\" content=\"instock\" \/>\n<meta property=\"product:retailer_item_id\" content=\"4XB7B07589\" \/>\n<meta property=\"product:condition\" content=\"new\" \/>\n<!-- \/ Yoast SEO plugin. -->","yoast_head_json":{"title":"[ Lenovo ] &#129351; 4xb7b07589 Unidad De Estado Solido Thinksystem M.2 Va 960gb Read Intensive Sata 6gb Nhs Ssd","description":"Compra 4xb7b07589 Unidad De Estado Solido Thinksystem M.2 Va 960gb Read Intensive Sata 6gb Nhs Ssd + Env\u00edo a domicilio + Pago seguro + Garant\u00eda","robots":{"index":"index","follow":"follow","max-snippet":"max-snippet:-1","max-image-preview":"max-image-preview:large","max-video-preview":"max-video-preview:-1"},"canonical":"https:\/\/compuviper.mx\/tienda\/producto\/lenovo-4xb7b07589-unidad-de-estado-solido-thinksystem-m-2-va-960gb-read-intensive-sata-6gb-nhs-ssd\/","og_locale":"es_MX","og_type":"article","og_title":"[ Lenovo ] &#129351; 4xb7b07589 Unidad De Estado Solido Thinksystem M.2 Va 960gb Read Intensive Sata 6gb Nhs Ssd","og_description":"Compra 4xb7b07589 Unidad De Estado Solido Thinksystem M.2 Va 960gb Read Intensive Sata 6gb Nhs Ssd + Env\u00edo a domicilio + Pago seguro + Garant\u00eda","og_url":"https:\/\/compuviper.mx\/tienda\/producto\/lenovo-4xb7b07589-unidad-de-estado-solido-thinksystem-m-2-va-960gb-read-intensive-sata-6gb-nhs-ssd\/","og_site_name":"Compuviper","article_publisher":"https:\/\/www.facebook.com\/compuviper","twitter_card":"summary_large_image","twitter_misc":{"Precio":"&#36;25,306 con IVA","Availability":"In stock"},"schema":{"@context":"https:\/\/schema.org","@graph":[{"@type":"WebPage","@id":"https:\/\/compuviper.mx\/tienda\/producto\/lenovo-4xb7b07589-unidad-de-estado-solido-thinksystem-m-2-va-960gb-read-intensive-sata-6gb-nhs-ssd\/","url":"https:\/\/compuviper.mx\/tienda\/producto\/lenovo-4xb7b07589-unidad-de-estado-solido-thinksystem-m-2-va-960gb-read-intensive-sata-6gb-nhs-ssd\/","name":"[ Lenovo ] &#129351; 4xb7b07589 Unidad De Estado Solido Thinksystem M.2 Va 960gb Read Intensive Sata 6gb Nhs Ssd","isPartOf":{"@id":"https:\/\/compuviper.mx\/tienda\/#website"},"datePublished":"2026-04-11T06:41:13+00:00","dateModified":"2026-04-11T06:41:13+00:00","description":"Compra 4xb7b07589 Unidad De Estado Solido Thinksystem M.2 Va 960gb Read Intensive Sata 6gb Nhs Ssd + Env\u00edo a domicilio + Pago seguro + Garant\u00eda","breadcrumb":{"@id":"https:\/\/compuviper.mx\/tienda\/producto\/lenovo-4xb7b07589-unidad-de-estado-solido-thinksystem-m-2-va-960gb-read-intensive-sata-6gb-nhs-ssd\/#breadcrumb"},"inLanguage":"es-MX","potentialAction":[{"@type":"ReadAction","target":["https:\/\/compuviper.mx\/tienda\/producto\/lenovo-4xb7b07589-unidad-de-estado-solido-thinksystem-m-2-va-960gb-read-intensive-sata-6gb-nhs-ssd\/"]}]},{"@type":"BreadcrumbList","@id":"https:\/\/compuviper.mx\/tienda\/producto\/lenovo-4xb7b07589-unidad-de-estado-solido-thinksystem-m-2-va-960gb-read-intensive-sata-6gb-nhs-ssd\/#breadcrumb","itemListElement":[{"@type":"ListItem","position":1,"name":"Inicio","item":"https:\/\/compuviper.mx\/tienda\/"},{"@type":"ListItem","position":2,"name":"Productos","item":"https:\/\/compuviper.mx\/tienda\/productos\/"},{"@type":"ListItem","position":3,"name":"Discos Duros","item":"https:\/\/compuviper.mx\/tienda\/categoria-producto\/discos-duros\/"},{"@type":"ListItem","position":4,"name":"Unidad De Estado Solido","item":"https:\/\/compuviper.mx\/tienda\/categoria-producto\/discos-duros\/unidad-de-estado-solido\/"},{"@type":"ListItem","position":5,"name":"Lenovo 4xb7b07589 Unidad De Estado Solido Thinksystem M.2 Va 960gb Read Intensive Sata 6gb Nhs Ssd"}]},{"@type":"WebSite","@id":"https:\/\/compuviper.mx\/tienda\/#website","url":"https:\/\/compuviper.mx\/tienda\/","name":"Compuviper","description":"Proveedor de Computadoras, Laptops, Servidores, Monitores, Puntos de Venta, Teclados,   Impresoras, T\u00f3ner, C\u00e1maras de Seguridad y m\u00e1s en tu tienda en l\u00ednea","publisher":{"@id":"https:\/\/compuviper.mx\/tienda\/#organization"},"potentialAction":[{"@type":"SearchAction","target":{"@type":"EntryPoint","urlTemplate":"https:\/\/compuviper.mx\/tienda\/?s={search_term_string}"},"query-input":"required name=search_term_string"}],"inLanguage":"es-MX"},{"@type":"Organization","@id":"https:\/\/compuviper.mx\/tienda\/#organization","name":"Compuviper","url":"https:\/\/compuviper.mx\/tienda\/","logo":{"@type":"ImageObject","inLanguage":"es-MX","@id":"https:\/\/compuviper.mx\/tienda\/#\/schema\/logo\/image\/","url":"https:\/\/compuviper.mx\/tienda\/wp-content\/uploads\/2021\/08\/Logo-Compuviper-10.png","contentUrl":"https:\/\/compuviper.mx\/tienda\/wp-content\/uploads\/2021\/08\/Logo-Compuviper-10.png","width":1000,"height":500,"caption":"Compuviper"},"image":{"@id":"https:\/\/compuviper.mx\/tienda\/#\/schema\/logo\/image\/"},"sameAs":["https:\/\/www.facebook.com\/compuviper","https:\/\/www.youtube.com\/channel\/UCf73dERp9Y3cfOq7q8BhLjA?view_as=subscriber"]}]},"product_brand":"LENOVO","product_price_amount":"25306","product_price_currency":"MXN","og_availability":"instock","product_availability":"instock","product_retailer_item_id":"4XB7B07589","product_condition":"new"},"_links":{"self":[{"href":"https:\/\/compuviper.mx\/tienda\/wp-json\/wp\/v2\/product\/261875"}],"collection":[{"href":"https:\/\/compuviper.mx\/tienda\/wp-json\/wp\/v2\/product"}],"about":[{"href":"https:\/\/compuviper.mx\/tienda\/wp-json\/wp\/v2\/types\/product"}],"replies":[{"embeddable":true,"href":"https:\/\/compuviper.mx\/tienda\/wp-json\/wp\/v2\/comments?post=261875"}],"wp:attachment":[{"href":"https:\/\/compuviper.mx\/tienda\/wp-json\/wp\/v2\/media?parent=261875"}],"wp:term":[{"taxonomy":"product_cat","embeddable":true,"href":"https:\/\/compuviper.mx\/tienda\/wp-json\/wp\/v2\/product_cat?post=261875"},{"taxonomy":"product_tag","embeddable":true,"href":"https:\/\/compuviper.mx\/tienda\/wp-json\/wp\/v2\/product_tag?post=261875"}],"curies":[{"name":"wp","href":"https:\/\/api.w.org\/{rel}","templated":true}]}}