{"id":261839,"date":"2026-04-02T00:54:16","date_gmt":"2026-04-02T06:54:16","guid":{"rendered":"https:\/\/compuviper.mx\/tienda\/producto\/samsung-ls40fg750elxzx-monitor-led-40-pulgadas-g7-odyssey-gamer-wuhd-5120-x-2160-va-curvo-dp-hdmi-180hz-negro\/"},"modified":"2026-04-02T00:54:16","modified_gmt":"2026-04-02T06:54:16","slug":"samsung-ls40fg750elxzx-monitor-led-40-pulgadas-g7-odyssey-gamer-wuhd-5120-x-2160-va-curvo-dp-hdmi-180hz-negro","status":"publish","type":"product","link":"https:\/\/compuviper.mx\/tienda\/producto\/samsung-ls40fg750elxzx-monitor-led-40-pulgadas-g7-odyssey-gamer-wuhd-5120-x-2160-va-curvo-dp-hdmi-180hz-negro\/","title":{"rendered":"Samsung Ls40fg750elxzx Monitor Led  40 Pulgadas \/ G7 Odyssey Gamer\/  Wuhd (5120 X 2160)\/ Va \/ Curvo\/ Dp\/ Hdmi\/180hz\/ Negro"},"content":{"rendered":"<table class=\"descripcion\">\n<tr>\n<td>Tama\u00f1o de pantalla (clase): 40<\/td>\n<\/tr>\n<tr>\n<td>Plana \/ curva: curva<\/td>\n<\/tr>\n<tr>\n<td>Tama\u00f1o de pantalla activa (hxv) (mm): 926,8224 x 391,0032 mm<\/td>\n<\/tr>\n<tr>\n<td>Curvatura de pantalla: 1000r<\/td>\n<\/tr>\n<tr>\n<td>Relaci\u00f3n de aspecto: 21:9<\/td>\n<\/tr>\n<tr>\n<td>Tipo de panel: va<\/td>\n<\/tr>\n<tr>\n<td>Brillo (t\u00edpico): 350 cd\/ and #13217;<\/td>\n<\/tr>\n<tr>\n<td>Brillo (m\u00edn.): 280 cd\/ and #13217;<\/td>\n<\/tr>\n<tr>\n<td>Relaci\u00f3n de contraste (est\u00e1tico): 3000:1<\/td>\n<\/tr>\n<tr>\n<td>Hdr (alto rango din\u00e1mico): vesa displayhdr 600<\/td>\n<\/tr>\n<tr>\n<td>Hdr10+ hdr10+ gaming<\/td>\n<\/tr>\n<tr>\n<td>Resoluci\u00f3n: wuhd (5120 x 2160)<\/td>\n<\/tr>\n<tr>\n<td>Tiempo de respuesta (ms): 1 ms<\/td>\n<\/tr>\n<tr>\n<td>\u00e1ngulo de visi\u00f3n (h\/v): 178\/178<\/td>\n<\/tr>\n<tr>\n<td>Compatibilidad crom\u00e1tica: m\u00e1x. 1.070 millones<\/td>\n<\/tr>\n<tr>\n<td>Gama crom\u00e1tica (cobertura dci): 90 %<\/td>\n<\/tr>\n<tr>\n<td>Gama crom\u00e1tica (cobertura srgb): 99 %<\/td>\n<\/tr>\n<tr>\n<td>Velocidad de fotogramas: m\u00e1x. 180 hz<\/td>\n<\/tr>\n<tr>\n<td>Soluci\u00f3n de ahorro de energ\u00eda s\u00ed<\/td>\n<\/tr>\n<tr>\n<td>Modo de ahorro de ojos s\u00ed<\/td>\n<\/tr>\n<tr>\n<td>Sin parpadeo s\u00ed<\/td>\n<\/tr>\n<tr>\n<td>Imagen en imagen s\u00ed<\/td>\n<\/tr>\n<tr>\n<td>Imagen por imagen s\u00ed<\/td>\n<\/tr>\n<tr>\n<td>Tama\u00f1o de imagen s\u00ed<\/td>\n<\/tr>\n<tr>\n<td>Certificaci\u00f3n de windows windows 11<\/td>\n<\/tr>\n<tr>\n<td>Freesync freesync premium pro<\/td>\n<\/tr>\n<tr>\n<td>G-sync no<\/td>\n<\/tr>\n<tr>\n<td>Temporizador de apagado plus s\u00ed<\/td>\n<\/tr>\n<tr>\n<td>Ecualizador de negros s\u00ed<\/td>\n<\/tr>\n<tr>\n<td>Punto de mira virtual s\u00ed<\/td>\n<\/tr>\n<tr>\n<td>Core sync s\u00ed<\/td>\n<\/tr>\n<tr>\n<td>Super arena gaming ux s\u00ed<\/td>\n<\/tr>\n<tr>\n<td>Cambio autom\u00e1tico de fuente cambio autom\u00e1tico de fuente+<\/td>\n<\/tr>\n<tr>\n<td>Servicio inteligente tipo inteligente: no<\/td>\n<\/tr>\n<tr>\n<td>Display port: 1 ea<\/td>\n<\/tr>\n<tr>\n<td>Display port versi\u00f3n 1.4<\/td>\n<\/tr>\n<tr>\n<td>Hdcp versi\u00f3n (dp) 2.2<\/td>\n<\/tr>\n<tr>\n<td>Hdmi 2 ea<\/td>\n<\/tr>\n<tr>\n<td>Hdmi versi\u00f3n 2.1<\/td>\n<\/tr>\n<tr>\n<td>Hdcp versi\u00f3n (hdmi) 2.2<\/td>\n<\/tr>\n<tr>\n<td>Auriculares s\u00ed<\/td>\n<\/tr>\n<tr>\n<td>Usb-c no ea<\/td>\n<\/tr>\n<tr>\n<td>Puerto de subida usb-b 1<\/td>\n<\/tr>\n<tr>\n<td>Puerto de bajada usb tipo a 2<\/td>\n<\/tr>\n<tr>\n<td>Puerto de bajada usb tipo a versi\u00f3n 3.2 gen1<\/td>\n<\/tr>\n<tr>\n<td>Altavoces no<\/td>\n<\/tr>\n<tr>\n<td>Condiciones de funcionamiento: temperatura 10-40 \u00b0c<\/td>\n<\/tr>\n<tr>\n<td>Humedad 10-80 % (sin condensaci\u00f3n)<\/td>\n<\/tr>\n<tr>\n<td>Calibraci\u00f3n: ajuste de f\u00e1brica s\u00ed<\/td>\n<\/tr>\n<tr>\n<td>Informe de calibraci\u00f3n de f\u00e1brica s\u00ed<\/td>\n<\/tr>\n<tr>\n<td>Dise\u00f1o: color frontal: negro<\/td>\n<\/tr>\n<tr>\n<td>Color trasero: negro<\/td>\n<\/tr>\n<tr>\n<td>Color del soporte: negro<\/td>\n<\/tr>\n<tr>\n<td>Tipo de soporte: has<\/td>\n<\/tr>\n<tr>\n<td>Has (soporte de altura ajustable): 120 mm (\u00b15 mm)<\/td>\n<\/tr>\n<tr>\n<td>Inclinaci\u00f3n: -5 mm (\u00b12 mm) &#8211; 20 mm (\u00b12 mm)<\/td>\n<\/tr>\n<tr>\n<td>Giro: -20 mm (\u00b13.0) &#8211; 20.0\u00b0 (\u00b13.0\u00b0)<\/td>\n<\/tr>\n<tr>\n<td>Montaje en pared 100 x 100<\/td>\n<\/tr>\n<tr>\n<td>Pl\u00e1stico reciclado 10  and #8593;%<\/td>\n<\/tr>\n<tr>\n<td>Alimentaci\u00f3n: ca 100-240 v<\/td>\n<\/tr>\n<tr>\n<td>Consumo de energ\u00eda (m\u00e1x.): 140 w<\/td>\n<\/tr>\n<tr>\n<td>Consumo de energ\u00eda (modo apagado): w<\/td>\n<\/tr>\n<tr>\n<td>Tipo: adaptador externo<\/td>\n<\/tr>\n<tr>\n<td>Dimensiones: con soporte (an. x al. x pr.): 928.6 x 599.0 x 303.8 mm<\/td>\n<\/tr>\n<tr>\n<td>Dimensiones: sin soporte (an. x al. x pr.): 928.6 x 422.8 x 196.1 mm<\/td>\n<\/tr>\n<tr>\n<td>Dimensiones del embalaje (an. x al. x pr.): 1030 x 281.0 x 520 mm<\/td>\n<\/tr>\n<tr>\n<td>Peso: con soporte: 11.3 kg<\/td>\n<\/tr>\n<tr>\n<td>Peso: sin soporte: 7.3 kg<\/td>\n<\/tr>\n<tr>\n<td>Peso del embalaje: 15.3 kg<\/td>\n<\/tr>\n<tr>\n<td>Longitud del cable de alimentaci\u00f3n: 1.5 m<\/td>\n<\/tr>\n<tr>\n<td>Cable dp: s\u00ed<\/td>\n<\/tr>\n<\/table>\n","protected":false},"excerpt":{"rendered":"<p>Tama\u00f1o de pantalla (clase): 40 Plana \/ curva: curva Tama\u00f1o de pantalla activa (hxv) (mm): 926,8224 x 391,0032 mm Curvatura de pantalla: 1000r Relaci\u00f3n de aspecto: 21:9 Tipo de panel: va Brillo (t\u00edpico): 350 cd\/ and #13217; Brillo (m\u00edn.): 280 cd\/ and #13217; Relaci\u00f3n de contraste (est\u00e1tico): 3000:1 Hdr (alto rango din\u00e1mico): vesa displayhdr 600 [&hellip;]<\/p>\n","protected":false},"featured_media":0,"comment_status":"open","ping_status":"open","template":"","meta":[],"product_cat":[1740,1741],"product_tag":[1743],"acf":[],"yoast_head":"<!-- This site is optimized with the Yoast SEO plugin v21.7 - https:\/\/yoast.com\/wordpress\/plugins\/seo\/ -->\n<title>[ Samsung ] &#129351; Ls40fg750elxzx Monitor Led 40 Pulgadas \/ G7 Odyssey Gamer\/ Wuhd (5120 X 2160)\/ Va \/ Curvo\/ Dp\/ Hdmi\/180hz\/ Negro<\/title>\n<meta name=\"description\" content=\"Compra Ls40fg750elxzx Monitor Led 40 Pulgadas \/ G7 Odyssey Gamer\/ Wuhd (5120 X 2160)\/ Va \/ Curvo\/ Dp\/ Hdmi\/180hz\/ Negro + Env\u00edo a domicilio + Pago seguro + Garant\u00eda\" \/>\n<meta name=\"robots\" content=\"index, follow, max-snippet:-1, max-image-preview:large, max-video-preview:-1\" \/>\n<link rel=\"canonical\" href=\"https:\/\/compuviper.mx\/tienda\/producto\/samsung-ls40fg750elxzx-monitor-led-40-pulgadas-g7-odyssey-gamer-wuhd-5120-x-2160-va-curvo-dp-hdmi-180hz-negro\/\" \/>\n<meta property=\"og:locale\" content=\"es_MX\" \/>\n<meta property=\"og:type\" content=\"article\" \/>\n<meta property=\"og:title\" content=\"[ Samsung ] &#129351; Ls40fg750elxzx Monitor Led 40 Pulgadas \/ G7 Odyssey Gamer\/ Wuhd (5120 X 2160)\/ Va \/ Curvo\/ Dp\/ Hdmi\/180hz\/ Negro\" \/>\n<meta property=\"og:description\" content=\"Compra Ls40fg750elxzx Monitor Led 40 Pulgadas \/ G7 Odyssey Gamer\/ Wuhd (5120 X 2160)\/ Va \/ Curvo\/ Dp\/ Hdmi\/180hz\/ Negro + Env\u00edo a domicilio + Pago seguro + Garant\u00eda\" \/>\n<meta property=\"og:url\" content=\"https:\/\/compuviper.mx\/tienda\/producto\/samsung-ls40fg750elxzx-monitor-led-40-pulgadas-g7-odyssey-gamer-wuhd-5120-x-2160-va-curvo-dp-hdmi-180hz-negro\/\" \/>\n<meta property=\"og:site_name\" content=\"Compuviper\" \/>\n<meta property=\"article:publisher\" content=\"https:\/\/www.facebook.com\/compuviper\" \/>\n<meta name=\"twitter:card\" content=\"summary_large_image\" \/>\n<meta name=\"twitter:label1\" content=\"Precio\" \/>\n\t<meta name=\"twitter:data1\" content=\"&#36;12,350 con IVA\" \/>\n\t<meta name=\"twitter:label2\" content=\"Availability\" \/>\n\t<meta name=\"twitter:data2\" content=\"In stock\" \/>\n<script type=\"application\/ld+json\" class=\"yoast-schema-graph\">{\"@context\":\"https:\/\/schema.org\",\"@graph\":[{\"@type\":\"WebPage\",\"@id\":\"https:\/\/compuviper.mx\/tienda\/producto\/samsung-ls40fg750elxzx-monitor-led-40-pulgadas-g7-odyssey-gamer-wuhd-5120-x-2160-va-curvo-dp-hdmi-180hz-negro\/\",\"url\":\"https:\/\/compuviper.mx\/tienda\/producto\/samsung-ls40fg750elxzx-monitor-led-40-pulgadas-g7-odyssey-gamer-wuhd-5120-x-2160-va-curvo-dp-hdmi-180hz-negro\/\",\"name\":\"[ Samsung ] &#129351; Ls40fg750elxzx Monitor Led 40 Pulgadas \/ G7 Odyssey Gamer\/ Wuhd (5120 X 2160)\/ Va \/ Curvo\/ Dp\/ Hdmi\/180hz\/ Negro\",\"isPartOf\":{\"@id\":\"https:\/\/compuviper.mx\/tienda\/#website\"},\"datePublished\":\"2026-04-02T06:54:16+00:00\",\"dateModified\":\"2026-04-02T06:54:16+00:00\",\"description\":\"Compra Ls40fg750elxzx Monitor Led 40 Pulgadas \/ G7 Odyssey Gamer\/ Wuhd (5120 X 2160)\/ Va \/ Curvo\/ Dp\/ Hdmi\/180hz\/ Negro + Env\u00edo a domicilio + Pago seguro + Garant\u00eda\",\"breadcrumb\":{\"@id\":\"https:\/\/compuviper.mx\/tienda\/producto\/samsung-ls40fg750elxzx-monitor-led-40-pulgadas-g7-odyssey-gamer-wuhd-5120-x-2160-va-curvo-dp-hdmi-180hz-negro\/#breadcrumb\"},\"inLanguage\":\"es-MX\",\"potentialAction\":[{\"@type\":\"ReadAction\",\"target\":[\"https:\/\/compuviper.mx\/tienda\/producto\/samsung-ls40fg750elxzx-monitor-led-40-pulgadas-g7-odyssey-gamer-wuhd-5120-x-2160-va-curvo-dp-hdmi-180hz-negro\/\"]}]},{\"@type\":\"BreadcrumbList\",\"@id\":\"https:\/\/compuviper.mx\/tienda\/producto\/samsung-ls40fg750elxzx-monitor-led-40-pulgadas-g7-odyssey-gamer-wuhd-5120-x-2160-va-curvo-dp-hdmi-180hz-negro\/#breadcrumb\",\"itemListElement\":[{\"@type\":\"ListItem\",\"position\":1,\"name\":\"Inicio\",\"item\":\"https:\/\/compuviper.mx\/tienda\/\"},{\"@type\":\"ListItem\",\"position\":2,\"name\":\"Productos\",\"item\":\"https:\/\/compuviper.mx\/tienda\/productos\/\"},{\"@type\":\"ListItem\",\"position\":3,\"name\":\"Monitores\",\"item\":\"https:\/\/compuviper.mx\/tienda\/categoria-producto\/monitores\/\"},{\"@type\":\"ListItem\",\"position\":4,\"name\":\"Led\",\"item\":\"https:\/\/compuviper.mx\/tienda\/categoria-producto\/monitores\/led\/\"},{\"@type\":\"ListItem\",\"position\":5,\"name\":\"Samsung Ls40fg750elxzx Monitor Led 40 Pulgadas \/ G7 Odyssey Gamer\/ Wuhd (5120 X 2160)\/ Va \/ Curvo\/ Dp\/ Hdmi\/180hz\/ Negro\"}]},{\"@type\":\"WebSite\",\"@id\":\"https:\/\/compuviper.mx\/tienda\/#website\",\"url\":\"https:\/\/compuviper.mx\/tienda\/\",\"name\":\"Compuviper\",\"description\":\"Proveedor de Computadoras, Laptops, Servidores, Monitores, Puntos de Venta, Teclados,   Impresoras, T\u00f3ner, C\u00e1maras de Seguridad y m\u00e1s en tu tienda en l\u00ednea\",\"publisher\":{\"@id\":\"https:\/\/compuviper.mx\/tienda\/#organization\"},\"potentialAction\":[{\"@type\":\"SearchAction\",\"target\":{\"@type\":\"EntryPoint\",\"urlTemplate\":\"https:\/\/compuviper.mx\/tienda\/?s={search_term_string}\"},\"query-input\":\"required name=search_term_string\"}],\"inLanguage\":\"es-MX\"},{\"@type\":\"Organization\",\"@id\":\"https:\/\/compuviper.mx\/tienda\/#organization\",\"name\":\"Compuviper\",\"url\":\"https:\/\/compuviper.mx\/tienda\/\",\"logo\":{\"@type\":\"ImageObject\",\"inLanguage\":\"es-MX\",\"@id\":\"https:\/\/compuviper.mx\/tienda\/#\/schema\/logo\/image\/\",\"url\":\"https:\/\/compuviper.mx\/tienda\/wp-content\/uploads\/2021\/08\/Logo-Compuviper-10.png\",\"contentUrl\":\"https:\/\/compuviper.mx\/tienda\/wp-content\/uploads\/2021\/08\/Logo-Compuviper-10.png\",\"width\":1000,\"height\":500,\"caption\":\"Compuviper\"},\"image\":{\"@id\":\"https:\/\/compuviper.mx\/tienda\/#\/schema\/logo\/image\/\"},\"sameAs\":[\"https:\/\/www.facebook.com\/compuviper\",\"https:\/\/www.youtube.com\/channel\/UCf73dERp9Y3cfOq7q8BhLjA?view_as=subscriber\"]}]}<\/script>\n<meta property=\"product:brand\" content=\"SAMSUNG\" \/>\n<meta property=\"product:price:amount\" content=\"12350\" \/>\n<meta property=\"product:price:currency\" content=\"MXN\" \/>\n<meta property=\"og:availability\" content=\"instock\" \/>\n<meta property=\"product:availability\" content=\"instock\" \/>\n<meta property=\"product:retailer_item_id\" content=\"LS40FG750ELXZX\" \/>\n<meta property=\"product:condition\" content=\"new\" \/>\n<!-- \/ Yoast SEO plugin. -->","yoast_head_json":{"title":"[ Samsung ] &#129351; Ls40fg750elxzx Monitor Led 40 Pulgadas \/ G7 Odyssey Gamer\/ Wuhd (5120 X 2160)\/ Va \/ Curvo\/ Dp\/ Hdmi\/180hz\/ Negro","description":"Compra Ls40fg750elxzx Monitor Led 40 Pulgadas \/ G7 Odyssey Gamer\/ Wuhd (5120 X 2160)\/ Va \/ Curvo\/ Dp\/ Hdmi\/180hz\/ Negro + Env\u00edo a domicilio + Pago seguro + Garant\u00eda","robots":{"index":"index","follow":"follow","max-snippet":"max-snippet:-1","max-image-preview":"max-image-preview:large","max-video-preview":"max-video-preview:-1"},"canonical":"https:\/\/compuviper.mx\/tienda\/producto\/samsung-ls40fg750elxzx-monitor-led-40-pulgadas-g7-odyssey-gamer-wuhd-5120-x-2160-va-curvo-dp-hdmi-180hz-negro\/","og_locale":"es_MX","og_type":"article","og_title":"[ Samsung ] &#129351; Ls40fg750elxzx Monitor Led 40 Pulgadas \/ G7 Odyssey Gamer\/ Wuhd (5120 X 2160)\/ Va \/ Curvo\/ Dp\/ Hdmi\/180hz\/ Negro","og_description":"Compra Ls40fg750elxzx Monitor Led 40 Pulgadas \/ G7 Odyssey Gamer\/ Wuhd (5120 X 2160)\/ Va \/ Curvo\/ Dp\/ Hdmi\/180hz\/ Negro + Env\u00edo a domicilio + Pago seguro + Garant\u00eda","og_url":"https:\/\/compuviper.mx\/tienda\/producto\/samsung-ls40fg750elxzx-monitor-led-40-pulgadas-g7-odyssey-gamer-wuhd-5120-x-2160-va-curvo-dp-hdmi-180hz-negro\/","og_site_name":"Compuviper","article_publisher":"https:\/\/www.facebook.com\/compuviper","twitter_card":"summary_large_image","twitter_misc":{"Precio":"&#36;12,350 con IVA","Availability":"In stock"},"schema":{"@context":"https:\/\/schema.org","@graph":[{"@type":"WebPage","@id":"https:\/\/compuviper.mx\/tienda\/producto\/samsung-ls40fg750elxzx-monitor-led-40-pulgadas-g7-odyssey-gamer-wuhd-5120-x-2160-va-curvo-dp-hdmi-180hz-negro\/","url":"https:\/\/compuviper.mx\/tienda\/producto\/samsung-ls40fg750elxzx-monitor-led-40-pulgadas-g7-odyssey-gamer-wuhd-5120-x-2160-va-curvo-dp-hdmi-180hz-negro\/","name":"[ Samsung ] &#129351; Ls40fg750elxzx Monitor Led 40 Pulgadas \/ G7 Odyssey Gamer\/ Wuhd (5120 X 2160)\/ Va \/ Curvo\/ Dp\/ Hdmi\/180hz\/ Negro","isPartOf":{"@id":"https:\/\/compuviper.mx\/tienda\/#website"},"datePublished":"2026-04-02T06:54:16+00:00","dateModified":"2026-04-02T06:54:16+00:00","description":"Compra Ls40fg750elxzx Monitor Led 40 Pulgadas \/ G7 Odyssey Gamer\/ Wuhd (5120 X 2160)\/ Va \/ Curvo\/ Dp\/ Hdmi\/180hz\/ Negro + Env\u00edo a domicilio + Pago seguro + Garant\u00eda","breadcrumb":{"@id":"https:\/\/compuviper.mx\/tienda\/producto\/samsung-ls40fg750elxzx-monitor-led-40-pulgadas-g7-odyssey-gamer-wuhd-5120-x-2160-va-curvo-dp-hdmi-180hz-negro\/#breadcrumb"},"inLanguage":"es-MX","potentialAction":[{"@type":"ReadAction","target":["https:\/\/compuviper.mx\/tienda\/producto\/samsung-ls40fg750elxzx-monitor-led-40-pulgadas-g7-odyssey-gamer-wuhd-5120-x-2160-va-curvo-dp-hdmi-180hz-negro\/"]}]},{"@type":"BreadcrumbList","@id":"https:\/\/compuviper.mx\/tienda\/producto\/samsung-ls40fg750elxzx-monitor-led-40-pulgadas-g7-odyssey-gamer-wuhd-5120-x-2160-va-curvo-dp-hdmi-180hz-negro\/#breadcrumb","itemListElement":[{"@type":"ListItem","position":1,"name":"Inicio","item":"https:\/\/compuviper.mx\/tienda\/"},{"@type":"ListItem","position":2,"name":"Productos","item":"https:\/\/compuviper.mx\/tienda\/productos\/"},{"@type":"ListItem","position":3,"name":"Monitores","item":"https:\/\/compuviper.mx\/tienda\/categoria-producto\/monitores\/"},{"@type":"ListItem","position":4,"name":"Led","item":"https:\/\/compuviper.mx\/tienda\/categoria-producto\/monitores\/led\/"},{"@type":"ListItem","position":5,"name":"Samsung Ls40fg750elxzx Monitor Led 40 Pulgadas \/ G7 Odyssey Gamer\/ Wuhd (5120 X 2160)\/ Va \/ Curvo\/ Dp\/ Hdmi\/180hz\/ Negro"}]},{"@type":"WebSite","@id":"https:\/\/compuviper.mx\/tienda\/#website","url":"https:\/\/compuviper.mx\/tienda\/","name":"Compuviper","description":"Proveedor de Computadoras, Laptops, Servidores, Monitores, Puntos de Venta, Teclados,   Impresoras, T\u00f3ner, C\u00e1maras de Seguridad y m\u00e1s en tu tienda en l\u00ednea","publisher":{"@id":"https:\/\/compuviper.mx\/tienda\/#organization"},"potentialAction":[{"@type":"SearchAction","target":{"@type":"EntryPoint","urlTemplate":"https:\/\/compuviper.mx\/tienda\/?s={search_term_string}"},"query-input":"required name=search_term_string"}],"inLanguage":"es-MX"},{"@type":"Organization","@id":"https:\/\/compuviper.mx\/tienda\/#organization","name":"Compuviper","url":"https:\/\/compuviper.mx\/tienda\/","logo":{"@type":"ImageObject","inLanguage":"es-MX","@id":"https:\/\/compuviper.mx\/tienda\/#\/schema\/logo\/image\/","url":"https:\/\/compuviper.mx\/tienda\/wp-content\/uploads\/2021\/08\/Logo-Compuviper-10.png","contentUrl":"https:\/\/compuviper.mx\/tienda\/wp-content\/uploads\/2021\/08\/Logo-Compuviper-10.png","width":1000,"height":500,"caption":"Compuviper"},"image":{"@id":"https:\/\/compuviper.mx\/tienda\/#\/schema\/logo\/image\/"},"sameAs":["https:\/\/www.facebook.com\/compuviper","https:\/\/www.youtube.com\/channel\/UCf73dERp9Y3cfOq7q8BhLjA?view_as=subscriber"]}]},"product_brand":"SAMSUNG","product_price_amount":"12350","product_price_currency":"MXN","og_availability":"instock","product_availability":"instock","product_retailer_item_id":"LS40FG750ELXZX","product_condition":"new"},"_links":{"self":[{"href":"https:\/\/compuviper.mx\/tienda\/wp-json\/wp\/v2\/product\/261839"}],"collection":[{"href":"https:\/\/compuviper.mx\/tienda\/wp-json\/wp\/v2\/product"}],"about":[{"href":"https:\/\/compuviper.mx\/tienda\/wp-json\/wp\/v2\/types\/product"}],"replies":[{"embeddable":true,"href":"https:\/\/compuviper.mx\/tienda\/wp-json\/wp\/v2\/comments?post=261839"}],"wp:attachment":[{"href":"https:\/\/compuviper.mx\/tienda\/wp-json\/wp\/v2\/media?parent=261839"}],"wp:term":[{"taxonomy":"product_cat","embeddable":true,"href":"https:\/\/compuviper.mx\/tienda\/wp-json\/wp\/v2\/product_cat?post=261839"},{"taxonomy":"product_tag","embeddable":true,"href":"https:\/\/compuviper.mx\/tienda\/wp-json\/wp\/v2\/product_tag?post=261839"}],"curies":[{"name":"wp","href":"https:\/\/api.w.org\/{rel}","templated":true}]}}